{"id":22839,"date":"2025-05-14T12:10:46","date_gmt":"2025-05-14T10:10:46","guid":{"rendered":"https:\/\/www.stoprodent.com\/?page_id=22839"},"modified":"2025-07-18T15:38:28","modified_gmt":"2025-07-18T13:38:28","slug":"affiliate-terms-and-conditions","status":"publish","type":"page","link":"https:\/\/www.oleaia.com\/ca-fr\/affiliate-terms-and-conditions\/","title":{"rendered":"Conditions d'affiliation"},"content":{"rendered":"<p>Les pr\u00e9sentes conditions g\u00e9n\u00e9rales d'utilisation (ci-apr\u00e8s les \"conditions g\u00e9n\u00e9rales\") r\u00e9gissent les relations contractuelles entre Oleaia LLC, une soci\u00e9t\u00e9 \u00e0 responsabilit\u00e9 limit\u00e9e d\u00fbment enregistr\u00e9e dans l'\u00c9tat du Delaware sous le num\u00e9ro d'enregistrement 10141920, dont le si\u00e8ge social est situ\u00e9 213 N Market Street #1042, Wilmington, DE 19801, \u00c9tats-Unis d'Am\u00e9rique (ci-apr\u00e8s le \"marchand\" ou \"nous\"), et toute personne physique ou morale acc\u00e9dant au programme d'affiliation en tant que partenaire promotionnel (ci-apr\u00e8s l'\"affili\u00e9\" ou \"vous\").<\/p>\n\n\n\n<p>La participation au Programme d'affiliation implique l'acceptation pleine, enti\u00e8re et inconditionnelle par l'Affili\u00e9 des pr\u00e9sentes Conditions g\u00e9n\u00e9rales. A d\u00e9faut d'acceptation expresse et compl\u00e8te de ces conditions, il est strictement interdit \u00e0 l'Affili\u00e9 de s'inscrire ou de participer audit Programme sous quelque forme que ce soit.<\/p>\n\n\n\n<p><strong>Article 1. Approbation ou rejet de l'enregistrement<\/strong><\/p>\n\n\n\n<p>Le Marchand se r\u00e9serve express\u00e9ment le droit discr\u00e9tionnaire, sans qu'aucune justification ne soit requise, d'accepter ou de refuser toute demande d'adh\u00e9sion au Programme d'affiliation. Le Marchand ne pourra \u00eatre tenu responsable d'aucun pr\u00e9judice, dommage direct ou indirect, ou perte d'opportunit\u00e9 r\u00e9sultant d'un tel refus. L'Affili\u00e9 renonce express\u00e9ment \u00e0 toute action, r\u00e9clamation ou recours \u00e0 l'encontre du Commer\u00e7ant en cas de refus de sa candidature.<\/p>\n\n\n\n<p><strong>Article 2. Responsabilit\u00e9<\/strong><\/p>\n\n\n\n<p>Tout acte, publication, d\u00e9claration ou comportement susceptible de porter atteinte \u00e0 la r\u00e9putation, \u00e0 l'image, aux droits, aux int\u00e9r\u00eats ou \u00e0 la cr\u00e9dibilit\u00e9 du Commer\u00e7ant, de sa maison m\u00e8re, de ses filiales ou de ses partenaires commerciaux, commis directement ou indirectement, intentionnellement ou non, pendant la dur\u00e9e du Programme ou dans les dix (10) ans suivant sa cessation, entra\u00eenera l'obligation pour l'Affili\u00e9 de verser, \u00e0 titre de clause p\u00e9nale, une indemnit\u00e9 forfaitaire non r\u00e9ductible de cent mille dollars US (100.000 USD), sans pr\u00e9judice des dommages et int\u00e9r\u00eats suppl\u00e9mentaires qui pourraient \u00eatre r\u00e9clam\u00e9s par le Commer\u00e7ant en r\u00e9paration des pr\u00e9judices subis.<\/p>\n\n\n\n<p><strong>Article 3. Liens d'affiliation et coupons<\/strong><\/p>\n\n\n\n<p>Un lien d'affiliation unique est automatiquement g\u00e9n\u00e9r\u00e9 pour l'affili\u00e9 \u00e0 des fins de suivi et d'attribution des commissions. L'affili\u00e9 peut \u00e9galement cr\u00e9er des liens sp\u00e9cifiques vers des produits, des collections ou des pages s\u00e9lectionn\u00e9s. Si un utilisateur clique successivement sur plusieurs liens d'affiliation, seule la derni\u00e8re interaction valide sera retenue \u00e0 des fins de r\u00e9mun\u00e9ration.<\/p>\n\n\n\n<p>Des codes promotionnels personnels peuvent \u00eatre attribu\u00e9s \u00e0 l'affili\u00e9 selon les modalit\u00e9s d\u00e9finies sur son tableau de bord personnel. Si un client utilise simultan\u00e9ment un lien d'affiliation et un code promotionnel li\u00e9 \u00e0 l'affili\u00e9, une seule commission sera comptabilis\u00e9e et toute double r\u00e9mun\u00e9ration est exclue. Si aucun code n'est explicitement attribu\u00e9, toute utilisation ou promotion d'un tel code par l'Affili\u00e9 est strictement interdite.<br>L'Affili\u00e9 est autoris\u00e9 \u00e0 promouvoir les produits ou services du Commer\u00e7ant par le biais de diff\u00e9rents canaux, notamment les plateformes num\u00e9riques (Facebook, Instagram, etc.), les sites de petites annonces, la presse \u00e9crite ou tout autre support publicitaire licite.<\/p>\n\n\n\n<p><strong>Article 4. Commissions et paiements<\/strong><\/p>\n\n\n\n<p>L'affili\u00e9 est \u00e9ligible \u00e0 recevoir une commission pour toute transaction effectu\u00e9e par un client r\u00e9f\u00e9renc\u00e9 via son lien d'affiliation, \u00e0 condition que ladite commande soit d\u00e9finitivement valid\u00e9e et ne fasse l'objet d'aucune annulation, contestation, r\u00e9trofacturation ou demande de remboursement.<\/p>\n\n\n\n<p>Le montant de la commission est d\u00e9termin\u00e9 en fonction de la grille tarifaire applicable, disponible \u00e0 tout moment sur le tableau de bord. Le calcul est effectu\u00e9 sur le montant net de la commande, hors taxes, frais d'exp\u00e9dition et autres frais annexes.<\/p>\n\n\n\n<p>L'affili\u00e9 doit fournir, via l'interface d\u00e9sign\u00e9e, les coordonn\u00e9es ou identifiants bancaires n\u00e9cessaires \u00e0 la r\u00e9ception des paiements. Le paiement des montants dus est effectu\u00e9 selon l'\u00e9ch\u00e9ancier pr\u00e9vu dans le Guide de l'affili\u00e9. Les transactions frauduleuses ou celles qui ne respectent pas les r\u00e8gles du Programme ne seront pas \u00e9ligibles au paiement.<\/p>\n\n\n\n<p><strong>Article 5. Outil de commercialisation<\/strong><\/p>\n\n\n\n<p>Le Marchand met \u00e0 la disposition de l'Affili\u00e9, via un espace d\u00e9di\u00e9, des \u00e9l\u00e9ments publicitaires (banni\u00e8res, logos, visuels de campagne, etc.). Ces \u00e9l\u00e9ments peuvent \u00eatre utilis\u00e9s exclusivement dans le cadre du Programme, selon les modalit\u00e9s pr\u00e9vues par le Marchand. Toute utilisation abusive, modification non autoris\u00e9e ou diffusion \u00e0 des tiers est interdite.<\/p>\n\n\n\n<p><strong>Article 6. R\u00e9seau<\/strong><\/p>\n\n\n\n<p>Lorsque l'option \"R\u00e9seau\" est activ\u00e9e, l'affili\u00e9 est autoris\u00e9 \u00e0 parrainer d'autres affili\u00e9s en aval. Le lien de parrainage est fourni via l'espace personnel de l'affili\u00e9. Si un affili\u00e9 en aval g\u00e9n\u00e8re des ventes \u00e0 travers ses propres canaux, l'affili\u00e9 en amont peut recevoir une commission dite \"de r\u00e9seau\", selon les param\u00e8tres applicables.<br>Chaque nouvel affili\u00e9 enregistr\u00e9 de cette mani\u00e8re doit utiliser le lien du r\u00e9seau pour garantir une attribution correcte dans le syst\u00e8me du marchand.<\/p>\n\n\n\n<p><strong>Article 7. Cookies<\/strong><\/p>\n\n\n\n<p>Le suivi des activit\u00e9s g\u00e9n\u00e9ratrices de commissions repose sur l'utilisation de cookies. Il incombe \u00e0 l'affili\u00e9 d'informer les utilisateurs finaux de cette condition, conform\u00e9ment aux lois sur la protection des donn\u00e9es.<\/p>\n\n\n\n<p>Si l'utilisateur final refuse ou supprime les cookies, aucun suivi ne peut avoir lieu, ce qui exclut tout droit \u00e0 r\u00e9mun\u00e9ration. La dur\u00e9e de validit\u00e9 du cookie est pr\u00e9cis\u00e9e lors de l'inscription de l'affili\u00e9 et prend effet d\u00e8s le premier clic sur le lien ou l'utilisation du coupon.<\/p>\n\n\n\n<p><strong>Article 8. Ordre des produits gratuits<\/strong><\/p>\n\n\n\n<p>Toute commande de produits gratuits par l'Affili\u00e9 entra\u00eene l'obligation de publier, dans les sept (7) jours suivant la r\u00e9ception, un contenu promotionnel substantiel (tel qu'une vid\u00e9o, un article de blog, un post sur les m\u00e9dias sociaux, etc.) En cas de retard, une p\u00e9nalit\u00e9 de cinquante dollars US (50 USD) par jour sera automatiquement appliqu\u00e9e, d\u00e9ductible de tout gain potentiel.<\/p>\n\n\n\n<p>Si la publication promotionnelle n'est pas effectu\u00e9e dans un d\u00e9lai maximum de vingt-huit (28) jours, le programme d'affiliation sera r\u00e9put\u00e9 r\u00e9sili\u00e9 \u00e0 l'initiative de l'affili\u00e9. Ce dernier devra rembourser la totalit\u00e9 de la valeur publique des produits re\u00e7us, ainsi qu'une indemnit\u00e9 forfaitaire de r\u00e9siliation de mille quatre cents dollars am\u00e9ricains (1 400 USD).<\/p>\n\n\n\n<p>Le retrait non autoris\u00e9 d'un contenu promotionnel d\u00e9j\u00e0 publi\u00e9 sera consid\u00e9r\u00e9 comme une r\u00e9siliation initi\u00e9e par l'affili\u00e9, avec les m\u00eames cons\u00e9quences financi\u00e8res.<\/p>\n\n\n\n<p><strong>Article 9. Clause de non-concurrence<\/strong><\/p>\n\n\n\n<p>Pendant toute la p\u00e9riode de participation au Programme et pendant une p\u00e9riode ult\u00e9rieure d'un (1) an apr\u00e8s sa cessation, il est strictement interdit \u00e0 l'Affili\u00e9 de promouvoir, directement ou indirectement, tout produit ou service concurrent de ceux du Commer\u00e7ant. Le non-respect de cette clause entra\u00eenera une amende forfaitaire non r\u00e9ductible de vingt mille dollars am\u00e9ricains (20 000 USD) par infraction av\u00e9r\u00e9e.<\/p>\n\n\n\n<p><strong>Article 10. D\u00e9lai de promotion<\/strong><\/p>\n\n\n\n<p>A compter de la date d'approbation de l'inscription, l'Affili\u00e9 dispose d'un d\u00e9lai non prorogeable de vingt-huit (28) jours pour publier au moins une communication publique promouvant la marque du Commer\u00e7ant. A d\u00e9faut d'une telle promotion dans ce d\u00e9lai, le Programme sera automatiquement consid\u00e9r\u00e9 comme r\u00e9sili\u00e9 aux torts exclusifs de l'Affili\u00e9.<\/p>\n\n\n\n<p><strong>Article 11. R\u00e9siliation<\/strong><\/p>\n\n\n\n<p>Toute r\u00e9siliation, qu'elle soit \u00e0 l'initiative de l'Affili\u00e9 ou du Commer\u00e7ant, donne lieu au versement d'une indemnit\u00e9 compensatrice forfaitaire de mille quatre cents dollars am\u00e9ricains (1 400 USD), nonobstant les montants d\u00e9j\u00e0 per\u00e7us ou dus au titre des commissions. Cette indemnit\u00e9 pourra \u00eatre d\u00e9duite des revenus futurs ou faire l'objet d'un remboursement en cas de solde insuffisant.<\/p>\n\n\n\n<p>Le cas \u00e9ch\u00e9ant, l'affili\u00e9 doit \u00e9galement rembourser l'int\u00e9gralit\u00e9 du prix public des produits gratuits re\u00e7us pr\u00e9c\u00e9demment. La r\u00e9siliation du programme ne lib\u00e8re pas l'affili\u00e9 de ses obligations ant\u00e9rieures, notamment celles relatives aux clauses de non-concurrence et de confidentialit\u00e9.<\/p>\n\n\n\n<p><\/p>","protected":false},"excerpt":{"rendered":"<p>These General Terms and Conditions of Use (hereinafter the \u201cGeneral Terms\u201d) govern the contractual relationship between Oleaia LLC, a limited liability company duly registered in the State of Delaware under registration number 10141920, with its registered office at 213 N Market Street #1042, Wilmington, DE 19801, United States of America (hereinafter referred to as the [&hellip;]<\/p>\n","protected":false},"author":1,"featured_media":0,"parent":0,"menu_order":0,"comment_status":"closed","ping_status":"closed","template":"","meta":{"_uag_custom_page_level_css":"","site-sidebar-layout":"default","site-content-layout":"","ast-site-content-layout":"default","site-content-style":"default","site-sidebar-style":"default","ast-global-header-display":"","ast-banner-title-visibility":"","ast-main-header-display":"","ast-hfb-above-header-display":"","ast-hfb-below-header-display":"","ast-hfb-mobile-header-display":"","site-post-title":"","ast-breadcrumbs-content":"","ast-featured-img":"","footer-sml-layout":"","ast-disable-related-posts":"","theme-transparent-header-meta":"","adv-header-id-meta":"","stick-header-meta":"","header-above-stick-meta":"","header-main-stick-meta":"","header-below-stick-meta":"","astra-migrate-meta-layouts":"set","ast-page-background-enabled":"default","ast-page-background-meta":{"desktop":{"background-color":"var(--ast-global-color-4)","background-image":"","background-repeat":"repeat","background-position":"center center","background-size":"auto","background-attachment":"scroll","background-type":"","background-media":"","overlay-type":"","overlay-color":"","overlay-opacity":"","overlay-gradient":""},"tablet":{"background-color":"","background-image":"","background-repeat":"repeat","background-position":"center center","background-size":"auto","background-attachment":"scroll","background-type":"","background-media":"","overlay-type":"","overlay-color":"","overlay-opacity":"","overlay-gradient":""},"mobile":{"background-color":"","background-image":"","background-repeat":"repeat","background-position":"center center","background-size":"auto","background-attachment":"scroll","background-type":"","background-media":"","overlay-type":"","overlay-color":"","overlay-opacity":"","overlay-gradient":""}},"ast-content-background-meta":{"desktop":{"background-color":"var(--ast-global-color-5)","background-image":"","background-repeat":"repeat","background-position":"center center","background-size":"auto","background-attachment":"scroll","background-type":"","background-media":"","overlay-type":"","overlay-color":"","overlay-opacity":"","overlay-gradient":""},"tablet":{"background-color":"var(--ast-global-color-5)","background-image":"","background-repeat":"repeat","background-position":"center center","background-size":"auto","background-attachment":"scroll","background-type":"","background-media":"","overlay-type":"","overlay-color":"","overlay-opacity":"","overlay-gradient":""},"mobile":{"background-color":"var(--ast-global-color-5)","background-image":"","background-repeat":"repeat","background-position":"center center","background-size":"auto","background-attachment":"scroll","background-type":"","background-media":"","overlay-type":"","overlay-color":"","overlay-opacity":"","overlay-gradient":""}},"footnotes":""},"class_list":["post-22839","page","type-page","status-publish","hentry"],"spectra_custom_meta":{"_edit_lock":["1752845912:1"],"_uag_custom_page_level_css":[""],"site-sidebar-layout":["default"],"site-content-layout":[""],"ast-site-content-layout":["default"],"site-content-style":["default"],"site-sidebar-style":["default"],"ast-global-header-display":[""],"ast-banner-title-visibility":[""],"ast-main-header-display":[""],"ast-hfb-above-header-display":[""],"ast-hfb-below-header-display":[""],"ast-hfb-mobile-header-display":[""],"site-post-title":[""],"ast-breadcrumbs-content":[""],"ast-featured-img":[""],"footer-sml-layout":[""],"theme-transparent-header-meta":[""],"adv-header-id-meta":[""],"stick-header-meta":[""],"header-above-stick-meta":[""],"header-main-stick-meta":[""],"header-below-stick-meta":[""],"astra-migrate-meta-layouts":["set"],"ast-page-background-enabled":["default"],"ast-page-background-meta":["a:3:{s:7:\"desktop\";a:12:{s:16:\"background-color\";s:25:\"var(--ast-global-color-4)\";s:16:\"background-image\";s:0:\"\";s:17:\"background-repeat\";s:6:\"repeat\";s:19:\"background-position\";s:13:\"center center\";s:15:\"background-size\";s:4:\"auto\";s:21:\"background-attachment\";s:6:\"scroll\";s:15:\"background-type\";s:0:\"\";s:16:\"background-media\";s:0:\"\";s:12:\"overlay-type\";s:0:\"\";s:13:\"overlay-color\";s:0:\"\";s:15:\"overlay-opacity\";s:0:\"\";s:16:\"overlay-gradient\";s:0:\"\";}s:6:\"tablet\";a:12:{s:16:\"background-color\";s:0:\"\";s:16:\"background-image\";s:0:\"\";s:17:\"background-repeat\";s:6:\"repeat\";s:19:\"background-position\";s:13:\"center center\";s:15:\"background-size\";s:4:\"auto\";s:21:\"background-attachment\";s:6:\"scroll\";s:15:\"background-type\";s:0:\"\";s:16:\"background-media\";s:0:\"\";s:12:\"overlay-type\";s:0:\"\";s:13:\"overlay-color\";s:0:\"\";s:15:\"overlay-opacity\";s:0:\"\";s:16:\"overlay-gradient\";s:0:\"\";}s:6:\"mobile\";a:12:{s:16:\"background-color\";s:0:\"\";s:16:\"background-image\";s:0:\"\";s:17:\"background-repeat\";s:6:\"repeat\";s:19:\"background-position\";s:13:\"center center\";s:15:\"background-size\";s:4:\"auto\";s:21:\"background-attachment\";s:6:\"scroll\";s:15:\"background-type\";s:0:\"\";s:16:\"background-media\";s:0:\"\";s:12:\"overlay-type\";s:0:\"\";s:13:\"overlay-color\";s:0:\"\";s:15:\"overlay-opacity\";s:0:\"\";s:16:\"overlay-gradient\";s:0:\"\";}}"],"ast-content-background-meta":["a:3:{s:7:\"desktop\";a:12:{s:16:\"background-color\";s:25:\"var(--ast-global-color-5)\";s:16:\"background-image\";s:0:\"\";s:17:\"background-repeat\";s:6:\"repeat\";s:19:\"background-position\";s:13:\"center center\";s:15:\"background-size\";s:4:\"auto\";s:21:\"background-attachment\";s:6:\"scroll\";s:15:\"background-type\";s:0:\"\";s:16:\"background-media\";s:0:\"\";s:12:\"overlay-type\";s:0:\"\";s:13:\"overlay-color\";s:0:\"\";s:15:\"overlay-opacity\";s:0:\"\";s:16:\"overlay-gradient\";s:0:\"\";}s:6:\"tablet\";a:12:{s:16:\"background-color\";s:25:\"var(--ast-global-color-5)\";s:16:\"background-image\";s:0:\"\";s:17:\"background-repeat\";s:6:\"repeat\";s:19:\"background-position\";s:13:\"center center\";s:15:\"background-size\";s:4:\"auto\";s:21:\"background-attachment\";s:6:\"scroll\";s:15:\"background-type\";s:0:\"\";s:16:\"background-media\";s:0:\"\";s:12:\"overlay-type\";s:0:\"\";s:13:\"overlay-color\";s:0:\"\";s:15:\"overlay-opacity\";s:0:\"\";s:16:\"overlay-gradient\";s:0:\"\";}s:6:\"mobile\";a:12:{s:16:\"background-color\";s:25:\"var(--ast-global-color-5)\";s:16:\"background-image\";s:0:\"\";s:17:\"background-repeat\";s:6:\"repeat\";s:19:\"background-position\";s:13:\"center center\";s:15:\"background-size\";s:4:\"auto\";s:21:\"background-attachment\";s:6:\"scroll\";s:15:\"background-type\";s:0:\"\";s:16:\"background-media\";s:0:\"\";s:12:\"overlay-type\";s:0:\"\";s:13:\"overlay-color\";s:0:\"\";s:15:\"overlay-opacity\";s:0:\"\";s:16:\"overlay-gradient\";s:0:\"\";}}"],"footnotes":[""],"_elementor_edit_mode":[""],"_elementor_template_type":[""],"_elementor_data":[""],"_elementor_conditions":["a:0:{}"],"rank_math_news_sitemap_robots":["index"],"rank_math_robots":["a:1:{i:0;s:5:\"index\";}"],"_edit_last":["1"],"_uag_css_file_name":["uag-css-22839.css"],"_uag_page_assets":["a:9:{s:3:\"css\";s:6893:\".wp-block-uagb-image{display:flex}.wp-block-uagb-image__figure{position:relative;display:flex;flex-direction:column;max-width:100%;height:auto;margin:0}.wp-block-uagb-image__figure img{height:auto;display:flex;max-width:100%;transition:box-shadow 0.2s ease}.wp-block-uagb-image__figure>a{display:inline-block}.wp-block-uagb-image__figure figcaption{text-align:center;margin-top:0.5em;margin-bottom:1em}.wp-block-uagb-image .components-placeholder.block-editor-media-placeholder .components-placeholder__instructions{align-self:center}.wp-block-uagb-image--align-left{text-align:left}.wp-block-uagb-image--align-right{text-align:right}.wp-block-uagb-image--align-center{text-align:center}.wp-block-uagb-image--align-full .wp-block-uagb-image__figure{margin-left:calc(50% - 50vw);margin-right:calc(50% - 50vw);max-width:100vw;width:100vw;height:auto}.wp-block-uagb-image--align-full .wp-block-uagb-image__figure img{height:auto;width:100% !important}.wp-block-uagb-image--align-wide .wp-block-uagb-image__figure img{height:auto;width:100%}.wp-block-uagb-image--layout-overlay__color-wrapper{position:absolute;left:0;top:0;right:0;bottom:0;opacity:0.2;background:rgba(0,0,0,0.5);transition:opacity 0.35s ease-in-out}.wp-block-uagb-image--layout-overlay-link{position:absolute;left:0;right:0;bottom:0;top:0}.wp-block-uagb-image--layout-overlay .wp-block-uagb-image__figure:hover .wp-block-uagb-image--layout-overlay__color-wrapper{opacity:1}.wp-block-uagb-image--layout-overlay__inner{position:absolute;left:15px;right:15px;bottom:15px;top:15px;display:flex;align-items:center;justify-content:center;flex-direction:column;border-color:#fff;transition:0.35s ease-in-out}.wp-block-uagb-image--layout-overlay__inner.top-left,.wp-block-uagb-image--layout-overlay__inner.top-center,.wp-block-uagb-image--layout-overlay__inner.top-right{justify-content:flex-start}.wp-block-uagb-image--layout-overlay__inner.bottom-left,.wp-block-uagb-image--layout-overlay__inner.bottom-center,.wp-block-uagb-image--layout-overlay__inner.bottom-right{justify-content:flex-end}.wp-block-uagb-image--layout-overlay__inner.top-left,.wp-block-uagb-image--layout-overlay__inner.center-left,.wp-block-uagb-image--layout-overlay__inner.bottom-left{align-items:flex-start}.wp-block-uagb-image--layout-overlay__inner.top-right,.wp-block-uagb-image--layout-overlay__inner.center-right,.wp-block-uagb-image--layout-overlay__inner.bottom-right{align-items:flex-end}.wp-block-uagb-image--layout-overlay__inner .uagb-image-heading{color:#fff;transition:transform 0.35s, opacity 0.35s ease-in-out;transform:translate3d(0, 24px, 0);margin:0;line-height:1em}.wp-block-uagb-image--layout-overlay__inner .uagb-image-separator{width:30%;border-top-width:2px;border-top-color:#fff;border-top-style:solid;margin-bottom:10px;opacity:0;transition:transform 0.4s, opacity 0.4s ease-in-out;transform:translate3d(0, 30px, 0)}.wp-block-uagb-image--layout-overlay__inner .uagb-image-caption{opacity:0;overflow:visible;color:#fff;transition:transform 0.45s, opacity 0.45s ease-in-out;transform:translate3d(0, 35px, 0)}.wp-block-uagb-image--layout-overlay__inner:hover .uagb-image-heading,.wp-block-uagb-image--layout-overlay__inner:hover .uagb-image-separator,.wp-block-uagb-image--layout-overlay__inner:hover .uagb-image-caption{opacity:1;transform:translate3d(0, 0, 0)}.wp-block-uagb-image--effect-zoomin .wp-block-uagb-image__figure img,.wp-block-uagb-image--effect-zoomin .wp-block-uagb-image__figure .wp-block-uagb-image--layout-overlay__color-wrapper{transform:scale(1);transition:transform 0.35s ease-in-out}.wp-block-uagb-image--effect-zoomin .wp-block-uagb-image__figure:hover img,.wp-block-uagb-image--effect-zoomin .wp-block-uagb-image__figure:hover .wp-block-uagb-image--layout-overlay__color-wrapper{transform:scale(1.05)}.wp-block-uagb-image--effect-slide .wp-block-uagb-image__figure img,.wp-block-uagb-image--effect-slide .wp-block-uagb-image__figure .wp-block-uagb-image--layout-overlay__color-wrapper{width:calc(100% + 40px) !important;max-width:none !important;transform:translate3d(-40px, 0, 0);transition:transform 0.35s ease-in-out}.wp-block-uagb-image--effect-slide .wp-block-uagb-image__figure:hover img,.wp-block-uagb-image--effect-slide .wp-block-uagb-image__figure:hover .wp-block-uagb-image--layout-overlay__color-wrapper{transform:translate3d(0, 0, 0)}.wp-block-uagb-image--effect-grayscale img{filter:grayscale(0%);transition:0.35s ease-in-out}.wp-block-uagb-image--effect-grayscale:hover img{filter:grayscale(100%)}.wp-block-uagb-image--effect-blur img{filter:blur(0);transition:0.35s ease-in-out}.wp-block-uagb-image--effect-blur:hover img{filter:blur(3px)}\n.uagb-block-e6f939b3.wp-block-uagb-image--layout-default figure img{box-shadow: 0px 0px 0 #00000070;}.uagb-block-e6f939b3.wp-block-uagb-image .wp-block-uagb-image__figure figcaption{font-style: normal;align-self: center;}.uagb-block-e6f939b3.wp-block-uagb-image--layout-overlay figure img{box-shadow: 0px 0px 0 #00000070;}.uagb-block-e6f939b3.wp-block-uagb-image--layout-overlay .wp-block-uagb-image--layout-overlay__color-wrapper{opacity: 0.2;}.uagb-block-e6f939b3.wp-block-uagb-image--layout-overlay .wp-block-uagb-image--layout-overlay__inner{left: 15px;right: 15px;top: 15px;bottom: 15px;}.uagb-block-e6f939b3.wp-block-uagb-image--layout-overlay .wp-block-uagb-image--layout-overlay__inner .uagb-image-heading{font-style: normal;color: #fff;opacity: 1;}.uagb-block-e6f939b3.wp-block-uagb-image--layout-overlay .wp-block-uagb-image--layout-overlay__inner .uagb-image-heading a{color: #fff;}.uagb-block-e6f939b3.wp-block-uagb-image--layout-overlay .wp-block-uagb-image--layout-overlay__inner .uagb-image-caption{opacity: 0;}.uagb-block-e6f939b3.wp-block-uagb-image--layout-overlay .wp-block-uagb-image__figure:hover .wp-block-uagb-image--layout-overlay__color-wrapper{opacity: 1;}.uagb-block-e6f939b3.wp-block-uagb-image .wp-block-uagb-image--layout-overlay__inner .uagb-image-separator{width: 30%;border-top-width: 2px;border-top-color: #fff;opacity: 0;}.uagb-block-e6f939b3.wp-block-uagb-image .wp-block-uagb-image__figure img{width: px;height: auto;}.uagb-block-e6f939b3.wp-block-uagb-image .wp-block-uagb-image__figure:hover .wp-block-uagb-image--layout-overlay__inner .uagb-image-caption{opacity: 1;}.uagb-block-e6f939b3.wp-block-uagb-image .wp-block-uagb-image__figure:hover .wp-block-uagb-image--layout-overlay__inner .uagb-image-separator{opacity: 1;}.uagb-block-e6f939b3.wp-block-uagb-image--layout-default figure:hover img{box-shadow: 0px 0px 0 #00000070;}.uagb-block-e6f939b3.wp-block-uagb-image--layout-overlay figure:hover img{box-shadow: 0px 0px 0 #00000070;}@media only screen and (max-width: 976px) {.uagb-block-e6f939b3.wp-block-uagb-image .wp-block-uagb-image__figure img{width: px;height: auto;}}@media only screen and (max-width: 767px) {.uagb-block-e6f939b3.wp-block-uagb-image .wp-block-uagb-image__figure img{width: px;height: auto;}}\";s:2:\"js\";s:0:\"\";s:18:\"current_block_list\";a:13:{i:0;s:14:\"core\/paragraph\";i:1;s:11:\"core\/search\";i:2;s:10:\"core\/group\";i:3;s:12:\"core\/heading\";i:4;s:17:\"core\/latest-posts\";i:5;s:20:\"core\/latest-comments\";i:6;s:13:\"core\/archives\";i:7;s:15:\"core\/categories\";i:8;s:10:\"uagb\/image\";i:9;s:11:\"core\/spacer\";i:10;s:30:\"woocommerce\/product-categories\";i:11;s:10:\"core\/image\";i:12;s:14:\"core\/shortcode\";}s:8:\"uag_flag\";b:1;s:11:\"uag_version\";s:10:\"1776324126\";s:6:\"gfonts\";a:0:{}s:10:\"gfonts_url\";s:0:\"\";s:12:\"gfonts_files\";a:0:{}s:14:\"uag_faq_layout\";b:0;}"]},"uagb_featured_image_src":{"full":false,"thumbnail":false,"medium":false,"medium_large":false,"large":false,"1536x1536":false,"2048x2048":false,"trp-custom-language-flag":false,"woocommerce_thumbnail":false,"woocommerce_single":false,"woocommerce_gallery_thumbnail":false},"uagb_author_info":{"display_name":"admin","author_link":"https:\/\/www.oleaia.com\/ca-fr\/author\/admin2721\/"},"uagb_comment_info":0,"uagb_excerpt":"These General Terms and Conditions of Use (hereinafter the \u201cGeneral Terms\u201d) govern the contractual relationship between Oleaia LLC, a limited liability company duly registered in the State of Delaware under registration number 10141920, with its registered office at 213 N Market Street #1042, Wilmington, DE 19801, United States of America (hereinafter referred to as the&hellip;","_links":{"self":[{"href":"https:\/\/www.oleaia.com\/ca-fr\/wp-json\/wp\/v2\/pages\/22839","targetHints":{"allow":["GET"]}}],"collection":[{"href":"https:\/\/www.oleaia.com\/ca-fr\/wp-json\/wp\/v2\/pages"}],"about":[{"href":"https:\/\/www.oleaia.com\/ca-fr\/wp-json\/wp\/v2\/types\/page"}],"author":[{"embeddable":true,"href":"https:\/\/www.oleaia.com\/ca-fr\/wp-json\/wp\/v2\/users\/1"}],"replies":[{"embeddable":true,"href":"https:\/\/www.oleaia.com\/ca-fr\/wp-json\/wp\/v2\/comments?post=22839"}],"version-history":[{"count":2,"href":"https:\/\/www.oleaia.com\/ca-fr\/wp-json\/wp\/v2\/pages\/22839\/revisions"}],"predecessor-version":[{"id":22993,"href":"https:\/\/www.oleaia.com\/ca-fr\/wp-json\/wp\/v2\/pages\/22839\/revisions\/22993"}],"wp:attachment":[{"href":"https:\/\/www.oleaia.com\/ca-fr\/wp-json\/wp\/v2\/media?parent=22839"}],"curies":[{"name":"wp","href":"https:\/\/api.w.org\/{rel}","templated":true}]}}