{"id":23313,"date":"2025-07-27T21:12:27","date_gmt":"2025-07-27T19:12:27","guid":{"rendered":"https:\/\/www.oleaia.com\/?post_type=product&#038;p=23313"},"modified":"2026-03-27T11:10:25","modified_gmt":"2026-03-27T10:10:25","slug":"plum-oil","status":"publish","type":"product","link":"https:\/\/www.oleaia.com\/ca-fr\/products\/plum-oil\/","title":{"rendered":"Huile de prune - 1 litre"},"content":{"rendered":"<p><strong><img decoding=\"async\" style=\"margin-right: 12px;\" src=\"https:\/\/www.oleaia.com\/wp-content\/uploads\/2026\/03\/Check.svg\" alt=\"\" width=\"18\" height=\"15\" \/>Une efficacit\u00e9 in\u00e9gal\u00e9e pour une peau \u00e9clatante et une alimentation luxueuse.<\/strong> L'huile de prune est la solution naturelle la plus efficace pour favoriser la luminosit\u00e9 de la peau, renforcer sa douceur et am\u00e9liorer son \u00e9lasticit\u00e9. Naturellement riche en antioxydants et en acides gras essentiels, elle permet d'affiner le grain de peau, de renforcer l'\u00e9clat et de contribuer \u00e0 un teint lisse, souple et revitalis\u00e9 gr\u00e2ce \u00e0 une utilisation r\u00e9guli\u00e8re.<\/p>\n<p><strong><img decoding=\"async\" style=\"margin-right: 12px;\" src=\"https:\/\/www.oleaia.com\/wp-content\/uploads\/2026\/03\/Check.svg\" alt=\"\" width=\"18\" height=\"15\" \/>L'huile de prune de premi\u00e8re qualit\u00e9 la moins ch\u00e8re du march\u00e9.<\/strong> Nous sommes les moins chers du march\u00e9 tout en maintenant des normes de qualit\u00e9 strictes, ce qui garantit une valeur exceptionnelle sans compromettre la puret\u00e9, la qualit\u00e9 sensorielle ou la performance. Ce prix abordable permet \u00e0 l'huile de prune d'\u00eatre utilis\u00e9e quotidiennement dans les soins de la peau et les routines de beaut\u00e9 haut de gamme.<\/p>\n<p><strong><img decoding=\"async\" style=\"margin-right: 12px;\" src=\"https:\/\/www.oleaia.com\/wp-content\/uploads\/2026\/03\/Check.svg\" alt=\"\" width=\"18\" height=\"15\" \/>Livraison rapide et fiable en 24 heures.<\/strong> Nous proposons toujours une livraison en 24 heures, ce qui garantit que l'huile de prune arrive rapidement et efficacement. Une livraison rapide assure une continuit\u00e9 ininterrompue des soins personnels et des rituels de beaut\u00e9.<\/p>\n<p><strong><img decoding=\"async\" style=\"margin-right: 12px;\" src=\"https:\/\/www.oleaia.com\/wp-content\/uploads\/2026\/03\/Check.svg\" alt=\"\" width=\"18\" height=\"15\" \/>Garantie de remboursement pour une totale tranquillit\u00e9 d'esprit.<\/strong> Nous offrons une garantie de remboursement. Si le client n'est pas satisfait, nous le remboursons. Cet engagement transparent refl\u00e8te la confiance dans la qualit\u00e9 du produit et offre une exp\u00e9rience d'achat sans risque.<\/p>\n<p><strong><img decoding=\"async\" style=\"margin-right: 12px;\" src=\"https:\/\/www.oleaia.com\/wp-content\/uploads\/2026\/03\/Check.svg\" alt=\"\" width=\"18\" height=\"15\" \/>Enti\u00e8rement biologique pour un luxe botanique authentique.<\/strong> Notre huile de prune est enti\u00e8rement biologique, produite dans le respect de la responsabilit\u00e9 environnementale et de l'int\u00e9grit\u00e9 des fruits. Cet engagement garantit l'alignement sur les normes de beaut\u00e9 propre et les pratiques d'approvisionnement durable.<\/p>\n<p><strong><img decoding=\"async\" style=\"margin-right: 12px;\" src=\"https:\/\/www.oleaia.com\/wp-content\/uploads\/2026\/03\/Check.svg\" alt=\"\" width=\"18\" height=\"15\" \/>Favorise une peau radieuse, \u00e9clatante et revitalis\u00e9e.<\/strong> L'huile de prune est largement appr\u00e9ci\u00e9e pour am\u00e9liorer l'apparence des peaux ternes ou fatigu\u00e9es, en favorisant un teint naturellement lumineux et rafra\u00eechi.<\/p>\n<p><strong><img decoding=\"async\" style=\"margin-right: 12px;\" src=\"https:\/\/www.oleaia.com\/wp-content\/uploads\/2026\/03\/Check.svg\" alt=\"\" width=\"18\" height=\"15\" \/>Favorise une meilleure \u00e9lasticit\u00e9 et une fermet\u00e9 d'apparence jeune.<\/strong> En application r\u00e9guli\u00e8re, l'huile de prune aide \u00e0 maintenir une peau souple et r\u00e9sistante, en r\u00e9duisant l'apparence de la s\u00e9cheresse et en am\u00e9liorant le tonus g\u00e9n\u00e9ral.<\/p>\n<p><strong><img decoding=\"async\" style=\"margin-right: 12px;\" src=\"https:\/\/www.oleaia.com\/wp-content\/uploads\/2026\/03\/Check.svg\" alt=\"\" width=\"18\" height=\"15\" \/>Favorise un grain de peau plus lisse et une surface cutan\u00e9e affin\u00e9e.<\/strong> Sa composition soyeuse permet d'am\u00e9liorer l'aspect des zones irr\u00e9guli\u00e8res et d'obtenir un fini poli et velout\u00e9.<\/p>\n<p><strong><img decoding=\"async\" style=\"margin-right: 12px;\" src=\"https:\/\/www.oleaia.com\/wp-content\/uploads\/2026\/03\/Check.svg\" alt=\"\" width=\"18\" height=\"15\" \/>Renforce l'hydratation en profondeur sans alourdir la peau.<\/strong> L'huile de prune p\u00e9n\u00e8tre facilement tout en apportant une hydratation durable, laissant la peau douce, nourrie et confortable.<\/p>\n<p><strong><img decoding=\"async\" style=\"margin-right: 12px;\" src=\"https:\/\/www.oleaia.com\/wp-content\/uploads\/2026\/03\/Check.svg\" alt=\"\" width=\"18\" height=\"15\" \/>Fournit un soutien antioxydant naturel pour la protection de la peau.<\/strong> Son profil riche aide \u00e0 soutenir la d\u00e9fense de la peau contre le stress environnemental, en maintenant une apparence saine et \u00e9quilibr\u00e9e.<\/p>\n<p><strong><img decoding=\"async\" style=\"margin-right: 12px;\" src=\"https:\/\/www.oleaia.com\/wp-content\/uploads\/2026\/03\/Check.svg\" alt=\"\" width=\"18\" height=\"15\" \/>Am\u00e9liore la douceur, la brillance et la maniabilit\u00e9 des cheveux.<\/strong> Appliqu\u00e9e sur les cheveux, l'huile de prune aide \u00e0 lisser les m\u00e8ches, \u00e0 r\u00e9duire l'apparence de s\u00e9cheresse et \u00e0 favoriser un fini brillant et sain.<\/p>\n<p><strong><img decoding=\"async\" style=\"margin-right: 12px;\" src=\"https:\/\/www.oleaia.com\/wp-content\/uploads\/2026\/03\/Check.svg\" alt=\"\" width=\"18\" height=\"15\" \/>Favorise l'hydratation du cuir chevelu et des cheveux d'apparence plus saine.<\/strong> En massage sur le cuir chevelu, l'huile de prune aide \u00e0 maintenir l'\u00e9quilibre et contribue \u00e0 des cheveux plus forts et plus \u00e9clatants.<\/p>\n<p><strong><img decoding=\"async\" style=\"margin-right: 12px;\" src=\"https:\/\/www.oleaia.com\/wp-content\/uploads\/2026\/03\/Check.svg\" alt=\"\" width=\"18\" height=\"15\" \/>Id\u00e9al pour les peaux s\u00e8ches, matures et ternes.<\/strong> L'huile de prune est particuli\u00e8rement adapt\u00e9e pour redonner de la vitalit\u00e9, de la douceur, de l'\u00e9clat et une bonne sant\u00e9 \u00e0 la peau.<\/p>\n<p><strong><img decoding=\"async\" style=\"margin-right: 12px;\" src=\"https:\/\/www.oleaia.com\/wp-content\/uploads\/2026\/03\/Check.svg\" alt=\"\" width=\"18\" height=\"15\" \/>Parfait pour les s\u00e9rums pour le visage, les massages et les rituels de soins de luxe.<\/strong> Sa texture l\u00e9g\u00e8re et soyeuse en fait un produit id\u00e9al \u00e0 superposer dans les routines avanc\u00e9es ou pour des moments de soin indulgents.<\/p>\n<p><strong><img decoding=\"async\" style=\"margin-right: 12px;\" src=\"https:\/\/www.oleaia.com\/wp-content\/uploads\/2026\/03\/Check.svg\" alt=\"\" width=\"18\" height=\"15\" \/>Polyvalent pour le soin du visage, du corps, du cuir chevelu, des cheveux et des ongles.<\/strong> L'huile de prune s'int\u00e8gre parfaitement dans les programmes de beaut\u00e9 complets, en apportant nutrition et \u00e9clat dans de multiples applications.<\/p>\n<p><strong><img decoding=\"async\" style=\"margin-right: 12px;\" src=\"https:\/\/www.oleaia.com\/wp-content\/uploads\/2026\/03\/Check.svg\" alt=\"\" width=\"18\" height=\"15\" \/>D\u00e9j\u00e0 enrichi d'une huile nourrissante pour une application en douceur et un confort optimal.<\/strong> Notre huile de prune est d\u00e9j\u00e0 enrichie d'une huile nourrissante pour garantir une application douce, une meilleure r\u00e9partition, un confort optimal et une facilit\u00e9 d'utilisation. Cette formulation bien pens\u00e9e am\u00e9liore l'absorption et assure une couverture lisse et uniforme sur la peau et les cheveux.<\/p>\n<h2><strong>Instructions<\/strong><\/h2>\n<ul>\n<li>Appliquer 2 \u00e0 4 gouttes sur la peau propre et s\u00e8che du visage et masser doucement jusqu'\u00e0 absorption compl\u00e8te.<\/li>\n<li>Utiliser une ou deux fois par jour selon les besoins de la peau.<\/li>\n<li>Pour plus d'\u00e9clat, appliquez le produit \u00e0 la fin de votre routine de soins.<\/li>\n<li>Pour le soin du corps, appliquez une quantit\u00e9 mod\u00e9r\u00e9e apr\u00e8s le bain pour maintenir l'hydratation et la douceur.<\/li>\n<li>Pour le soin des cheveux, appliquer 1 \u00e0 2 gouttes sur les longueurs et les pointes pour renforcer la brillance et la douceur.<\/li>\n<li>En traitement du cuir chevelu, masser 4 \u00e0 6 gouttes sur le cuir chevelu et laisser agir 30 \u00e0 60 minutes avant de laver.<\/li>\n<li>Pour le soin des ongles, masser une petite goutte sur les cuticules pour favoriser l'hydratation et la r\u00e9sistance.<\/li>\n<li>Pour le massage, appliquez une quantit\u00e9 suffisante pour assurer une glisse fluide sur la peau.<\/li>\n<li>La dose journali\u00e8re maximale recommand\u00e9e pour l'usage topique est d'environ 6 \u00e0 8 gouttes r\u00e9parties sur les diff\u00e9rentes zones d'application.<\/li>\n<li>Effectuer un test \u00e9picutan\u00e9 avant la premi\u00e8re utilisation pour \u00e9valuer la compatibilit\u00e9 avec la peau.<\/li>\n<li>\u00c9viter le contact avec les yeux et les muqueuses sensibles.<\/li>\n<li>Ne pas appliquer sur une peau irrit\u00e9e ou ab\u00eem\u00e9e.<\/li>\n<li>\u00c9viter l'utilisation en cas d'allergie aux fruits \u00e0 noyaux.<\/li>\n<li>Conserver dans un endroit frais et sec, \u00e0 l'abri de la lumi\u00e8re directe du soleil, et bien refermer le flacon apr\u00e8s chaque utilisation.<\/li>\n<\/ul>","protected":false},"excerpt":{"rendered":"<p>Unmatched effectiveness for radiant skin and luxurious nourishment. Plum oil is the most effective natural solution for promoting luminous skin, enhancing softness, and improving the appearance of elasticity. Naturally rich in antioxidants and essential fatty acids, it helps refine skin texture, boost radiance, and contribute to a smooth, supple, and revitalized complexion with consistent use. [&hellip;]<\/p>\n","protected":false},"featured_media":23908,"comment_status":"open","ping_status":"closed","template":"","meta":{"_uag_custom_page_level_css":"","site-sidebar-layout":"default","site-content-layout":"","ast-site-content-layout":"default","site-content-style":"default","site-sidebar-style":"default","ast-global-header-display":"","ast-banner-title-visibility":"","ast-main-header-display":"","ast-hfb-above-header-display":"","ast-hfb-below-header-display":"","ast-hfb-mobile-header-display":"","site-post-title":"","ast-breadcrumbs-content":"","ast-featured-img":"","footer-sml-layout":"","ast-disable-related-posts":"","theme-transparent-header-meta":"default","adv-header-id-meta":"","stick-header-meta":"","header-above-stick-meta":"","header-main-stick-meta":"","header-below-stick-meta":"","astra-migrate-meta-layouts":"set","ast-page-background-enabled":"default","ast-page-background-meta":{"desktop":{"background-color":"var(--ast-global-color-4)","background-image":"","background-repeat":"repeat","background-position":"center center","background-size":"auto","background-attachment":"scroll","background-type":"","background-media":"","overlay-type":"","overlay-color":"","overlay-opacity":"","overlay-gradient":""},"tablet":{"background-color":"","background-image":"","background-repeat":"repeat","background-position":"center center","background-size":"auto","background-attachment":"scroll","background-type":"","background-media":"","overlay-type":"","overlay-color":"","overlay-opacity":"","overlay-gradient":""},"mobile":{"background-color":"","background-image":"","background-repeat":"repeat","background-position":"center center","background-size":"auto","background-attachment":"scroll","background-type":"","background-media":"","overlay-type":"","overlay-color":"","overlay-opacity":"","overlay-gradient":""}},"ast-content-background-meta":{"desktop":{"background-color":"var(--ast-global-color-5)","background-image":"","background-repeat":"repeat","background-position":"center center","background-size":"auto","background-attachment":"scroll","background-type":"","background-media":"","overlay-type":"","overlay-color":"","overlay-opacity":"","overlay-gradient":""},"tablet":{"background-color":"var(--ast-global-color-5)","background-image":"","background-repeat":"repeat","background-position":"center center","background-size":"auto","background-attachment":"scroll","background-type":"","background-media":"","overlay-type":"","overlay-color":"","overlay-opacity":"","overlay-gradient":""},"mobile":{"background-color":"var(--ast-global-color-5)","background-image":"","background-repeat":"repeat","background-position":"center center","background-size":"auto","background-attachment":"scroll","background-type":"","background-media":"","overlay-type":"","overlay-color":"","overlay-opacity":"","overlay-gradient":""}}},"product_brand":[],"product_cat":[15],"product_tag":[],"class_list":{"0":"post-23313","1":"product","2":"type-product","3":"status-publish","4":"has-post-thumbnail","6":"product_cat-shop","7":"desktop-align-left","8":"tablet-align-left","9":"mobile-align-left","11":"first","12":"instock","13":"shipping-taxable","14":"purchasable","15":"product-type-simple"},"spectra_custom_meta":{"_edit_lock":["1774606083:1"],"merchant-center-availability":["yes","yes"],"_edit_last":["1"],"merchant-center-category":["6104"],"_thumbnail_id":["23908"],"_wp_page_template":["default"],"_sku":["OLPLUMOIL"],"_global_unique_id":["5056773821262"],"_regular_price":["29.90"],"total_sales":["5"],"_tax_status":["taxable"],"_tax_class":[""],"_manage_stock":["no"],"_backorders":["no"],"_sold_individually":["no"],"_weight":["1.3"],"_virtual":["no"],"_downloadable":["no"],"_download_limit":["-1"],"_download_expiry":["-1"],"_stock":[null],"_stock_status":["instock"],"_wc_average_rating":["5.00"],"_wc_review_count":["15"],"_product_version":["10.6.1"],"_price":["29.90"],"site-sidebar-layout":["default"],"ast-site-content-layout":["default"],"site-content-style":["default"],"site-sidebar-style":["default"],"theme-transparent-header-meta":["default"],"_wc_rating_count":["a:1:{i:5;i:15;}"],"astra-migrate-meta-layouts":["set"],"_uag_css_file_name":["uag-css-23313.css"],"_elementor_page_assets":["a:0:{}"],"_uag_page_assets":["a:9:{s:3:\"css\";s:7156:\".uag-blocks-common-selector{z-index:var(--z-index-desktop) !important}@media (max-width: 976px){.uag-blocks-common-selector{z-index:var(--z-index-tablet) !important}}@media (max-width: 767px){.uag-blocks-common-selector{z-index:var(--z-index-mobile) !important}}\n.wp-block-uagb-image{display:flex}.wp-block-uagb-image__figure{position:relative;display:flex;flex-direction:column;max-width:100%;height:auto;margin:0}.wp-block-uagb-image__figure img{height:auto;display:flex;max-width:100%;transition:box-shadow 0.2s ease}.wp-block-uagb-image__figure>a{display:inline-block}.wp-block-uagb-image__figure figcaption{text-align:center;margin-top:0.5em;margin-bottom:1em}.wp-block-uagb-image .components-placeholder.block-editor-media-placeholder .components-placeholder__instructions{align-self:center}.wp-block-uagb-image--align-left{text-align:left}.wp-block-uagb-image--align-right{text-align:right}.wp-block-uagb-image--align-center{text-align:center}.wp-block-uagb-image--align-full .wp-block-uagb-image__figure{margin-left:calc(50% - 50vw);margin-right:calc(50% - 50vw);max-width:100vw;width:100vw;height:auto}.wp-block-uagb-image--align-full .wp-block-uagb-image__figure img{height:auto;width:100% !important}.wp-block-uagb-image--align-wide .wp-block-uagb-image__figure img{height:auto;width:100%}.wp-block-uagb-image--layout-overlay__color-wrapper{position:absolute;left:0;top:0;right:0;bottom:0;opacity:0.2;background:rgba(0,0,0,0.5);transition:opacity 0.35s ease-in-out}.wp-block-uagb-image--layout-overlay-link{position:absolute;left:0;right:0;bottom:0;top:0}.wp-block-uagb-image--layout-overlay .wp-block-uagb-image__figure:hover .wp-block-uagb-image--layout-overlay__color-wrapper{opacity:1}.wp-block-uagb-image--layout-overlay__inner{position:absolute;left:15px;right:15px;bottom:15px;top:15px;display:flex;align-items:center;justify-content:center;flex-direction:column;border-color:#fff;transition:0.35s ease-in-out}.wp-block-uagb-image--layout-overlay__inner.top-left,.wp-block-uagb-image--layout-overlay__inner.top-center,.wp-block-uagb-image--layout-overlay__inner.top-right{justify-content:flex-start}.wp-block-uagb-image--layout-overlay__inner.bottom-left,.wp-block-uagb-image--layout-overlay__inner.bottom-center,.wp-block-uagb-image--layout-overlay__inner.bottom-right{justify-content:flex-end}.wp-block-uagb-image--layout-overlay__inner.top-left,.wp-block-uagb-image--layout-overlay__inner.center-left,.wp-block-uagb-image--layout-overlay__inner.bottom-left{align-items:flex-start}.wp-block-uagb-image--layout-overlay__inner.top-right,.wp-block-uagb-image--layout-overlay__inner.center-right,.wp-block-uagb-image--layout-overlay__inner.bottom-right{align-items:flex-end}.wp-block-uagb-image--layout-overlay__inner .uagb-image-heading{color:#fff;transition:transform 0.35s, opacity 0.35s ease-in-out;transform:translate3d(0, 24px, 0);margin:0;line-height:1em}.wp-block-uagb-image--layout-overlay__inner .uagb-image-separator{width:30%;border-top-width:2px;border-top-color:#fff;border-top-style:solid;margin-bottom:10px;opacity:0;transition:transform 0.4s, opacity 0.4s ease-in-out;transform:translate3d(0, 30px, 0)}.wp-block-uagb-image--layout-overlay__inner .uagb-image-caption{opacity:0;overflow:visible;color:#fff;transition:transform 0.45s, opacity 0.45s ease-in-out;transform:translate3d(0, 35px, 0)}.wp-block-uagb-image--layout-overlay__inner:hover .uagb-image-heading,.wp-block-uagb-image--layout-overlay__inner:hover .uagb-image-separator,.wp-block-uagb-image--layout-overlay__inner:hover .uagb-image-caption{opacity:1;transform:translate3d(0, 0, 0)}.wp-block-uagb-image--effect-zoomin .wp-block-uagb-image__figure img,.wp-block-uagb-image--effect-zoomin .wp-block-uagb-image__figure .wp-block-uagb-image--layout-overlay__color-wrapper{transform:scale(1);transition:transform 0.35s ease-in-out}.wp-block-uagb-image--effect-zoomin .wp-block-uagb-image__figure:hover img,.wp-block-uagb-image--effect-zoomin .wp-block-uagb-image__figure:hover .wp-block-uagb-image--layout-overlay__color-wrapper{transform:scale(1.05)}.wp-block-uagb-image--effect-slide .wp-block-uagb-image__figure img,.wp-block-uagb-image--effect-slide .wp-block-uagb-image__figure .wp-block-uagb-image--layout-overlay__color-wrapper{width:calc(100% + 40px) !important;max-width:none !important;transform:translate3d(-40px, 0, 0);transition:transform 0.35s ease-in-out}.wp-block-uagb-image--effect-slide .wp-block-uagb-image__figure:hover img,.wp-block-uagb-image--effect-slide .wp-block-uagb-image__figure:hover .wp-block-uagb-image--layout-overlay__color-wrapper{transform:translate3d(0, 0, 0)}.wp-block-uagb-image--effect-grayscale img{filter:grayscale(0%);transition:0.35s ease-in-out}.wp-block-uagb-image--effect-grayscale:hover img{filter:grayscale(100%)}.wp-block-uagb-image--effect-blur img{filter:blur(0);transition:0.35s ease-in-out}.wp-block-uagb-image--effect-blur:hover img{filter:blur(3px)}\n.uagb-block-e6f939b3.wp-block-uagb-image--layout-default figure img{box-shadow: 0px 0px 0 #00000070;}.uagb-block-e6f939b3.wp-block-uagb-image .wp-block-uagb-image__figure figcaption{font-style: normal;align-self: center;}.uagb-block-e6f939b3.wp-block-uagb-image--layout-overlay figure img{box-shadow: 0px 0px 0 #00000070;}.uagb-block-e6f939b3.wp-block-uagb-image--layout-overlay .wp-block-uagb-image--layout-overlay__color-wrapper{opacity: 0.2;}.uagb-block-e6f939b3.wp-block-uagb-image--layout-overlay .wp-block-uagb-image--layout-overlay__inner{left: 15px;right: 15px;top: 15px;bottom: 15px;}.uagb-block-e6f939b3.wp-block-uagb-image--layout-overlay .wp-block-uagb-image--layout-overlay__inner .uagb-image-heading{font-style: normal;color: #fff;opacity: 1;}.uagb-block-e6f939b3.wp-block-uagb-image--layout-overlay .wp-block-uagb-image--layout-overlay__inner .uagb-image-heading a{color: #fff;}.uagb-block-e6f939b3.wp-block-uagb-image--layout-overlay .wp-block-uagb-image--layout-overlay__inner .uagb-image-caption{opacity: 0;}.uagb-block-e6f939b3.wp-block-uagb-image--layout-overlay .wp-block-uagb-image__figure:hover .wp-block-uagb-image--layout-overlay__color-wrapper{opacity: 1;}.uagb-block-e6f939b3.wp-block-uagb-image .wp-block-uagb-image--layout-overlay__inner .uagb-image-separator{width: 30%;border-top-width: 2px;border-top-color: #fff;opacity: 0;}.uagb-block-e6f939b3.wp-block-uagb-image .wp-block-uagb-image__figure img{width: px;height: auto;}.uagb-block-e6f939b3.wp-block-uagb-image .wp-block-uagb-image__figure:hover .wp-block-uagb-image--layout-overlay__inner .uagb-image-caption{opacity: 1;}.uagb-block-e6f939b3.wp-block-uagb-image .wp-block-uagb-image__figure:hover .wp-block-uagb-image--layout-overlay__inner .uagb-image-separator{opacity: 1;}.uagb-block-e6f939b3.wp-block-uagb-image--layout-default figure:hover img{box-shadow: 0px 0px 0 #00000070;}.uagb-block-e6f939b3.wp-block-uagb-image--layout-overlay figure:hover img{box-shadow: 0px 0px 0 #00000070;}@media only screen and (max-width: 976px) {.uagb-block-e6f939b3.wp-block-uagb-image .wp-block-uagb-image__figure img{width: px;height: auto;}}@media only screen and (max-width: 767px) {.uagb-block-e6f939b3.wp-block-uagb-image .wp-block-uagb-image__figure img{width: px;height: auto;}}\";s:2:\"js\";s:0:\"\";s:18:\"current_block_list\";a:13:{i:0;s:11:\"core\/search\";i:1;s:10:\"core\/group\";i:2;s:12:\"core\/heading\";i:3;s:17:\"core\/latest-posts\";i:4;s:20:\"core\/latest-comments\";i:5;s:13:\"core\/archives\";i:6;s:15:\"core\/categories\";i:7;s:14:\"core\/paragraph\";i:8;s:10:\"uagb\/image\";i:9;s:11:\"core\/spacer\";i:10;s:30:\"woocommerce\/product-categories\";i:11;s:10:\"core\/image\";i:12;s:14:\"core\/shortcode\";}s:8:\"uag_flag\";b:1;s:11:\"uag_version\";s:10:\"1776353811\";s:6:\"gfonts\";a:0:{}s:10:\"gfonts_url\";s:0:\"\";s:12:\"gfonts_files\";a:0:{}s:14:\"uag_faq_layout\";b:0;}"]},"uagb_featured_image_src":{"full":["https:\/\/www.oleaia.com\/wp-content\/uploads\/2025\/07\/Oleaia-Plum-Oil-1L.jpg",2560,2560,false],"thumbnail":["https:\/\/www.oleaia.com\/wp-content\/uploads\/2025\/07\/Oleaia-Plum-Oil-1L-150x150.jpg",150,150,true],"medium":["https:\/\/www.oleaia.com\/wp-content\/uploads\/2025\/07\/Oleaia-Plum-Oil-1L-300x300.jpg",300,300,true],"medium_large":["https:\/\/www.oleaia.com\/wp-content\/uploads\/2025\/07\/Oleaia-Plum-Oil-1L-768x768.jpg",768,768,true],"large":["https:\/\/www.oleaia.com\/wp-content\/uploads\/2025\/07\/Oleaia-Plum-Oil-1L-1024x1024.jpg",1024,1024,true],"1536x1536":["https:\/\/www.oleaia.com\/wp-content\/uploads\/2025\/07\/Oleaia-Plum-Oil-1L-1536x1536.jpg",1536,1536,true],"2048x2048":["https:\/\/www.oleaia.com\/wp-content\/uploads\/2025\/07\/Oleaia-Plum-Oil-1L-2048x2048.jpg",2048,2048,true],"trp-custom-language-flag":["https:\/\/www.oleaia.com\/wp-content\/uploads\/2025\/07\/Oleaia-Plum-Oil-1L-12x12.jpg",12,12,true],"woocommerce_thumbnail":["https:\/\/www.oleaia.com\/wp-content\/uploads\/2025\/07\/Oleaia-Plum-Oil-1L-300x300.jpg",300,300,true],"woocommerce_single":["https:\/\/www.oleaia.com\/wp-content\/uploads\/2025\/07\/Oleaia-Plum-Oil-1L-600x600.jpg",600,600,true],"woocommerce_gallery_thumbnail":["https:\/\/www.oleaia.com\/wp-content\/uploads\/2025\/07\/Oleaia-Plum-Oil-1L-100x100.jpg",100,100,true]},"uagb_author_info":{"display_name":"admin","author_link":"https:\/\/www.oleaia.com\/ca-fr\/author\/"},"uagb_comment_info":15,"uagb_excerpt":"Unmatched effectiveness for radiant skin and luxurious nourishment. Plum oil is the most effective natural solution for promoting luminous skin, enhancing softness, and improving the appearance of elasticity. Naturally rich in antioxidants and essential fatty acids, it helps refine skin texture, boost radiance, and contribute to a smooth, supple, and revitalized complexion with consistent use.&hellip;","_links":{"self":[{"href":"https:\/\/www.oleaia.com\/ca-fr\/wp-json\/wp\/v2\/product\/23313","targetHints":{"allow":["GET"]}}],"collection":[{"href":"https:\/\/www.oleaia.com\/ca-fr\/wp-json\/wp\/v2\/product"}],"about":[{"href":"https:\/\/www.oleaia.com\/ca-fr\/wp-json\/wp\/v2\/types\/product"}],"replies":[{"embeddable":true,"href":"https:\/\/www.oleaia.com\/ca-fr\/wp-json\/wp\/v2\/comments?post=23313"}],"version-history":[{"count":6,"href":"https:\/\/www.oleaia.com\/ca-fr\/wp-json\/wp\/v2\/product\/23313\/revisions"}],"predecessor-version":[{"id":81220,"href":"https:\/\/www.oleaia.com\/ca-fr\/wp-json\/wp\/v2\/product\/23313\/revisions\/81220"}],"wp:featuredmedia":[{"embeddable":true,"href":"https:\/\/www.oleaia.com\/ca-fr\/wp-json\/wp\/v2\/media\/23908"}],"wp:attachment":[{"href":"https:\/\/www.oleaia.com\/ca-fr\/wp-json\/wp\/v2\/media?parent=23313"}],"wp:term":[{"taxonomy":"product_brand","embeddable":true,"href":"https:\/\/www.oleaia.com\/ca-fr\/wp-json\/wp\/v2\/product_brand?post=23313"},{"taxonomy":"product_cat","embeddable":true,"href":"https:\/\/www.oleaia.com\/ca-fr\/wp-json\/wp\/v2\/product_cat?post=23313"},{"taxonomy":"product_tag","embeddable":true,"href":"https:\/\/www.oleaia.com\/ca-fr\/wp-json\/wp\/v2\/product_tag?post=23313"}],"curies":[{"name":"wp","href":"https:\/\/api.w.org\/{rel}","templated":true}]}}