{"id":121,"date":"2025-04-11T06:36:34","date_gmt":"2025-04-11T04:36:34","guid":{"rendered":"https:\/\/www.stoprodent.com\/?page_id=121"},"modified":"2025-07-18T16:46:05","modified_gmt":"2025-07-18T14:46:05","slug":"terms-of-sale","status":"publish","type":"page","link":"https:\/\/www.oleaia.com\/ch-de\/terms-of-sale\/","title":{"rendered":"Verkaufsbedingungen"},"content":{"rendered":"<p>Diese Verkaufsbedingungen werden einerseits von der Gesellschaft Oleaia LLC mit einem Stammkapital von 100.000 USD, deren Hauptsitz sich in 213 N Market Street #1042, Wilmington, DE 19801, Vereinigte Staaten von Amerika, befindet und die im Handelsregister von Delaware unter der Nummer 10141920 eingetragen ist und die die Website verwaltet, und andererseits von jeder juristischen Person, die einen Kauf \u00fcber die Website t\u00e4tigen m\u00f6chte, im Folgenden \"der K\u00e4ufer\" genannt, geschlossen.<br><br><strong>Artikel 1. Gegenstand<\/strong><\/p>\n\n\n\n<p>Diese Verkaufsbedingungen sollen die vertragliche Beziehung zwischen Oleaia LLC und dem K\u00e4ufer und die Bedingungen, die f\u00fcr jeden Kauf durch diese Website gemacht zu definieren. Der Erwerb eines Produkts \u00fcber diese Website impliziert die uneingeschr\u00e4nkte Annahme dieser Verkaufsbedingungen durch den K\u00e4ufer, die der K\u00e4ufer best\u00e4tigt, vor seiner Bestellung gelesen zu haben. Vor jeder Transaktion erkl\u00e4rt der K\u00e4ufer einerseits, dass der Kauf von Produkten auf der Website in direktem Zusammenhang mit seiner beruflichen T\u00e4tigkeit steht und dass er mehrwertsteuerlich registriert ist, und andererseits, dass er voll gesch\u00e4ftsf\u00e4hig ist, so dass er die vorliegenden allgemeinen Verkaufsbedingungen einhalten kann.<\/p>\n\n\n\n<p>Die Firma Oleaia LLC beh\u00e4lt sich die M\u00f6glichkeit vor, diese Verkaufsbedingungen jederzeit zu \u00e4ndern, um neuen Vorschriften zu entsprechen oder um die Nutzung ihrer Website zu verbessern. Daher werden die geltenden Bedingungen diejenigen in Kraft am Tag der Bestellung durch den K\u00e4ufer sein.<\/p>\n\n\n\n<p><strong>Artikel 2. Produkte<\/strong><\/p>\n\n\n\n<p>Die angebotenen Produkte sind diejenigen, die auf der Website der Firma Oleaia LLC im Rahmen der verf\u00fcgbaren Best\u00e4nde erscheinen. Oleaia LLC beh\u00e4lt sich das Recht vor, das Produktsortiment jederzeit zu \u00e4ndern. Jedes Produkt wird auf der Website in Form einer Beschreibung mit seinen wichtigsten technischen Merkmalen (Kapazit\u00e4t, Verwendung, Zusammensetzung usw.) vorgestellt. Die Fotos sind so genau wie m\u00f6glich, verpflichten den Verk\u00e4ufer jedoch in keiner Weise. Der Verkauf der auf der Website vorgestellten Produkte richtet sich an alle K\u00e4ufer mit Wohnsitz in L\u00e4ndern, die die Einfuhr dieser Produkte in ihr Hoheitsgebiet uneingeschr\u00e4nkt zulassen.<br><br><strong>Artikel 3. Preise<\/strong><\/p>\n\n\n\n<p>Die Preise, die auf den Bl\u00e4ttern im Internet-Katalog erscheinen, sind Preise in Landesw\u00e4hrung, einschlie\u00dflich aller Steuern. Oleaia LLC beh\u00e4lt sich das Recht vor, die Preise jederzeit zu \u00e4ndern, wobei der am Tag der Bestellung im Katalog angegebene Preis der einzige f\u00fcr den K\u00e4ufer geltende ist. Die angegebenen Preise beinhalten nicht die Lieferkosten, die zus\u00e4tzlich zum Preis der gekauften Produkte in Rechnung gestellt werden und nach dem Gesamtgewicht der Bestellung berechnet werden.<br><br><strong>Artikel 4. Bestellung und Zahlungsbedingungen<\/strong><\/p>\n\n\n\n<p>Vor jeder Bestellung hat der K\u00e4ufer die M\u00f6glichkeit, ein Konto zu erstellen. Der Bereich zur Erstellung eines Kontos ist direkt \u00fcber die seitliche Men\u00fcleiste zug\u00e4nglich. Bei jedem Besuch muss sich der K\u00e4ufer mit diesen Informationen identifizieren, wenn er bestellen oder sein Konto (Bestellstatus, Profil usw.) einsehen m\u00f6chte. Das Unternehmen Oleaia LLC bietet dem K\u00e4ufer an, seine Produkte in mehreren Schritten zu bestellen und zu bezahlen, wobei 3 Zahlungsoptionen zur Auswahl stehen:<\/p>\n\n\n\n<p><strong>Zahlung per Bank\u00fcberweisung:<\/strong>\u00a0muss der K\u00e4ufer Oleaia LLC per E-Mail kontaktieren, um ein Angebot anzufordern. Es ist notwendig, dass er die Produkte, die er zu bestellen w\u00fcnscht, das Transportunternehmen, das er w\u00e4hlen m\u00f6chte, seine E-Mail-Adresse und Telefonnummer sowie seine Liefer- und Rechnungsadresse mitteilt. Nach Absenden seiner Anfrage erh\u00e4lt er ein Angebot mit den Kontaktdaten der Firma Oleaia LLC. Die \u00dcberweisung muss innerhalb von 30 Tagen erfolgen und der Gesamtbetrag muss ohne Bankgeb\u00fchren auf dem Konto der Oleaia LLC eingehen. Die mit der \u00dcberweisung verbundenen Bankspesen gehen zu Lasten des K\u00e4ufers. Erst wenn der Betrag auf dem Konto der Oleaia LLC eingegangen ist, wird diese die Bestellung bearbeiten.<\/p>\n\n\n\n<p><strong>Sichere Zahlung per Kreditkarte (\u00fcber das System Stripe) :<\/strong>\u00a0Der K\u00e4ufer w\u00e4hlt die Produkte, die er bestellen m\u00f6chte, im \"Warenkorb\" aus, \u00e4ndert sie gegebenenfalls (Mengen, Referenzen usw.), \u00fcberpr\u00fcft die Lieferadresse oder gibt eine neue ein. Anschlie\u00dfend werden die Versandkosten berechnet und dem K\u00e4ufer mitgeteilt, ebenso wie der Name des Spediteurs und die voraussichtliche Lieferfrist. Dann geht der K\u00e4ufer zur Zahlung \u00fcber. Schlie\u00dflich wird der K\u00e4ufer zur sicheren Stripe-Schnittstelle weitergeleitet, um seine Bankkartendaten sicher einzugeben. Wenn die Zahlung akzeptiert wird, wird die Bestellung registriert und der Vertrag kommt endg\u00fcltig zustande. Die Zahlung per Kreditkarte ist unwiderruflich.<br><br>Die Best\u00e4tigung einer Bestellung bedeutet die Annahme dieser Verkaufsbedingungen, die Anerkennung, dass man sie genau kennt, und den Verzicht auf die Inanspruchnahme der eigenen Einkaufsbedingungen. Alle angegebenen Daten und die aufgezeichnete Best\u00e4tigung gelten als Beweis f\u00fcr die Transaktion. Wenn der K\u00e4ufer \u00fcber eine E-Mail-Adresse verf\u00fcgt und diese auf dem Bestellformular angegeben hat, sendet ihm die Firma Oleaia LLC per E-Mail eine Best\u00e4tigung \u00fcber die Registrierung seiner Bestellung.<br><br>Wenn der K\u00e4ufer mit Oleaia LLC Kontakt aufnehmen m\u00f6chte, kann er dies entweder per Post an die folgende Adresse tun: Oleaia LLC, 213 N Market Street #1042, Wilmington, DE 198013, Vereinigte Staaten von Amerika; oder per E-Mail an die folgende Adresse: contact@oleaia.com<br><br><strong>Artikel 5. Eigentumsvorbehalt<\/strong><\/p>\n\n\n\n<p>Oleaia LLC beh\u00e4lt sich das volle und vollst\u00e4ndige Eigentum an den verkauften Produkten bis zur vollst\u00e4ndigen Zahlung des Preises, in der Hauptsache, einschlie\u00dflich Kosten und Steuern.<\/p>\n\n\n\n<p><strong>Artikel 6. R\u00fccknahme<\/strong><\/p>\n\n\n\n<p>Der K\u00e4ufer verf\u00fcgt \u00fcber eine Frist von drei\u00dfig Arbeitstagen ab Lieferung seiner Bestellung, um von seinem Widerrufsrecht Gebrauch zu machen und das Produkt zum Umtausch oder zur R\u00fcckerstattung ohne Vertragsstrafe an den Verk\u00e4ufer zur\u00fcckzusenden.<br><strong><br>Artikel 7. Lieferung<br><\/strong><br>Die Lieferungen erfolgen an die auf dem Bestellformular angegebene Adresse, die nur im vereinbarten geografischen Gebiet liegen kann. Bestellungen werden durch den Tr\u00e4ger zum Zeitpunkt der Bestellung gew\u00e4hlt gemacht, ist der Lieferservice mit Tracking, und die Lieferung ohne Unterschrift. Die Lieferzeiten sind nur als Hinweis gegeben; wenn diese drei\u00dfig Tage ab der Bestellung \u00fcberschreiten, kann der Kaufvertrag gek\u00fcndigt werden und der K\u00e4ufer erstattet. Oleaia LLC wird dem K\u00e4ufer die Tracking-Nummer f\u00fcr sein Paket per E-Mail mitteilen. Der K\u00e4ufer wird zu seinem Haus von seinem Zusteller geliefert. Im Falle der Abwesenheit des K\u00e4ufers erh\u00e4lt er eine Zustellungsbenachrichtigung von seinem Postboten, die es ihm erm\u00f6glicht, die Lieferung der bestellten Produkte f\u00fcr einen von den Lieferdiensten angegebenen Zeitraum zu verschieben. Die Risiken des Transports gehen zu Lasten des K\u00e4ufers, sobald die Ware die R\u00e4umlichkeiten von Oleaia LLC verl\u00e4sst. Der K\u00e4ufer ist verpflichtet, in Anwesenheit des Zustellers den Zustand der Verpackung der Ware und ihres Inhalts bei der Lieferung zu \u00fcberpr\u00fcfen. Im Falle einer Besch\u00e4digung w\u00e4hrend des Transports muss ein Protest innerhalb von drei Tagen nach der Lieferung an den Spediteur gerichtet werden.<br><br><strong>Artikel 8. Gew\u00e4hrleistung<br><\/strong><br>Alle von Oleaia LLC gelieferten Produkte sind garantiert. Im Falle der Nicht\u00fcbereinstimmung eines verkauften Produkts kann es an die Firma Oleaia LLC zur\u00fcckgegeben werden, die es zur\u00fccknehmen, umtauschen oder zur\u00fcckerstatten wird. Alle Reklamationen, Umtausch- oder R\u00fcckerstattungsantr\u00e4ge m\u00fcssen innerhalb von drei\u00dfig Tagen nach der Lieferung per Post an die folgende Adresse geschickt werden: Oleaia LLC, 213 N Market Street #1042, Wilmington, DE 19801, Vereinigte Staaten von Amerika.<br><br><strong>Artikel 9. Verantwortung<\/strong><\/p>\n\n\n\n<p>Oleaia LLC ist im Fernabsatzverfahren nur durch eine Verpflichtung der Mittel gebunden. Es kann nicht haftbar gemacht werden f\u00fcr Sch\u00e4den, die aus der Nutzung des Internet-Netzes wie Datenverlust, Eindringen, Virus, Unterbrechung des Dienstes, oder andere unfreiwillige Probleme.<br><br><strong>Artikel 10. Geistiges Eigentum<br><\/strong><br>Alle Elemente der Website sind und bleiben das ausschlie\u00dfliche geistige Eigentum der Firma Oleaia LLC. Form von Foto, Logo, Bild oder Text.<br><br><strong>Artikel 11. Personenbezogene Daten<\/strong><br><br>Oleaia LLC verpflichtet sich, die Vertraulichkeit der vom K\u00e4ufer zur Verf\u00fcgung gestellten Informationen zu wahren, die er f\u00fcr die Nutzung bestimmter Dienste \u00fcbermitteln muss. Der Internetnutzer hat ein Recht auf Zugang, \u00c4nderung und L\u00f6schung der ihn betreffenden Informationen. Er kann dies jederzeit per Post an die folgende Adresse beantragen: Oleaia LLC, 213 N Market Street #1042, Wilmington, DE 19801, Vereinigte Staaten von Amerika.<\/p>\n\n\n\n<p><strong>Artikel 12. Beilegung von Streitigkeiten<\/strong><\/p>\n\n\n\n<p>Diese Fernabsatzbedingungen unterliegen dem in den Vereinigten Staaten geltenden Recht. F\u00fcr alle Streitigkeiten oder Auseinandersetzungen ist das Gericht in Wilmington zust\u00e4ndig.<\/p>\n\n\n\n<p><strong>Artikel 13. Kontaktinformationen<\/strong><\/p>\n\n\n\n<p>Oleaia LLC<br>213 N Market Street #1042,<br>Wilmington, DE 19801<br>Vereinigte Staaten von Amerika<\/p>","protected":false},"excerpt":{"rendered":"<p>These conditions of sale are concluded on the one hand by the company Oleaia LLC with a share capital of 100,000 USD whose head office is located at 213 N Market Street #1042, Wilmington, DE 19801, United States of America, registered in the Commercial Register of Delaware under the number 10141920 and managing the website [&hellip;]<\/p>\n","protected":false},"author":1,"featured_media":0,"parent":0,"menu_order":0,"comment_status":"closed","ping_status":"closed","template":"","meta":{"_uag_custom_page_level_css":"","site-sidebar-layout":"default","site-content-layout":"","ast-site-content-layout":"default","site-content-style":"default","site-sidebar-style":"default","ast-global-header-display":"","ast-banner-title-visibility":"","ast-main-header-display":"","ast-hfb-above-header-display":"","ast-hfb-below-header-display":"","ast-hfb-mobile-header-display":"","site-post-title":"","ast-breadcrumbs-content":"","ast-featured-img":"","footer-sml-layout":"","ast-disable-related-posts":"","theme-transparent-header-meta":"","adv-header-id-meta":"","stick-header-meta":"","header-above-stick-meta":"","header-main-stick-meta":"","header-below-stick-meta":"","astra-migrate-meta-layouts":"set","ast-page-background-enabled":"default","ast-page-background-meta":{"desktop":{"background-color":"var(--ast-global-color-4)","background-image":"","background-repeat":"repeat","background-position":"center center","background-size":"auto","background-attachment":"scroll","background-type":"","background-media":"","overlay-type":"","overlay-color":"","overlay-opacity":"","overlay-gradient":""},"tablet":{"background-color":"","background-image":"","background-repeat":"repeat","background-position":"center center","background-size":"auto","background-attachment":"scroll","background-type":"","background-media":"","overlay-type":"","overlay-color":"","overlay-opacity":"","overlay-gradient":""},"mobile":{"background-color":"","background-image":"","background-repeat":"repeat","background-position":"center center","background-size":"auto","background-attachment":"scroll","background-type":"","background-media":"","overlay-type":"","overlay-color":"","overlay-opacity":"","overlay-gradient":""}},"ast-content-background-meta":{"desktop":{"background-color":"var(--ast-global-color-5)","background-image":"","background-repeat":"repeat","background-position":"center center","background-size":"auto","background-attachment":"scroll","background-type":"","background-media":"","overlay-type":"","overlay-color":"","overlay-opacity":"","overlay-gradient":""},"tablet":{"background-color":"var(--ast-global-color-5)","background-image":"","background-repeat":"repeat","background-position":"center center","background-size":"auto","background-attachment":"scroll","background-type":"","background-media":"","overlay-type":"","overlay-color":"","overlay-opacity":"","overlay-gradient":""},"mobile":{"background-color":"var(--ast-global-color-5)","background-image":"","background-repeat":"repeat","background-position":"center center","background-size":"auto","background-attachment":"scroll","background-type":"","background-media":"","overlay-type":"","overlay-color":"","overlay-opacity":"","overlay-gradient":""}},"footnotes":""},"class_list":["post-121","page","type-page","status-publish","hentry"],"spectra_custom_meta":{"_edit_lock":["1752849969:1"],"_wpml_word_count":["1376"],"_edit_last":["1"],"_wpml_media_duplicate":["1"],"_wpml_media_featured":["1"],"rank_math_news_sitemap_robots":["index"],"rank_math_robots":["a:1:{i:0;s:5:\"index\";}"],"_uag_custom_page_level_css":[""],"site-sidebar-layout":["default"],"site-content-layout":[""],"ast-site-content-layout":["default"],"site-content-style":["default"],"site-sidebar-style":["default"],"ast-global-header-display":[""],"ast-banner-title-visibility":[""],"ast-main-header-display":[""],"ast-hfb-above-header-display":[""],"ast-hfb-below-header-display":[""],"ast-hfb-mobile-header-display":[""],"site-post-title":[""],"ast-breadcrumbs-content":[""],"ast-featured-img":[""],"footer-sml-layout":[""],"theme-transparent-header-meta":[""],"adv-header-id-meta":[""],"stick-header-meta":[""],"header-above-stick-meta":[""],"header-main-stick-meta":[""],"header-below-stick-meta":[""],"astra-migrate-meta-layouts":["set"],"ast-page-background-enabled":["default"],"ast-page-background-meta":["a:3:{s:7:\"desktop\";a:12:{s:16:\"background-color\";s:25:\"var(--ast-global-color-4)\";s:16:\"background-image\";s:0:\"\";s:17:\"background-repeat\";s:6:\"repeat\";s:19:\"background-position\";s:13:\"center center\";s:15:\"background-size\";s:4:\"auto\";s:21:\"background-attachment\";s:6:\"scroll\";s:15:\"background-type\";s:0:\"\";s:16:\"background-media\";s:0:\"\";s:12:\"overlay-type\";s:0:\"\";s:13:\"overlay-color\";s:0:\"\";s:15:\"overlay-opacity\";s:0:\"\";s:16:\"overlay-gradient\";s:0:\"\";}s:6:\"tablet\";a:12:{s:16:\"background-color\";s:0:\"\";s:16:\"background-image\";s:0:\"\";s:17:\"background-repeat\";s:6:\"repeat\";s:19:\"background-position\";s:13:\"center center\";s:15:\"background-size\";s:4:\"auto\";s:21:\"background-attachment\";s:6:\"scroll\";s:15:\"background-type\";s:0:\"\";s:16:\"background-media\";s:0:\"\";s:12:\"overlay-type\";s:0:\"\";s:13:\"overlay-color\";s:0:\"\";s:15:\"overlay-opacity\";s:0:\"\";s:16:\"overlay-gradient\";s:0:\"\";}s:6:\"mobile\";a:12:{s:16:\"background-color\";s:0:\"\";s:16:\"background-image\";s:0:\"\";s:17:\"background-repeat\";s:6:\"repeat\";s:19:\"background-position\";s:13:\"center center\";s:15:\"background-size\";s:4:\"auto\";s:21:\"background-attachment\";s:6:\"scroll\";s:15:\"background-type\";s:0:\"\";s:16:\"background-media\";s:0:\"\";s:12:\"overlay-type\";s:0:\"\";s:13:\"overlay-color\";s:0:\"\";s:15:\"overlay-opacity\";s:0:\"\";s:16:\"overlay-gradient\";s:0:\"\";}}"],"ast-content-background-meta":["a:3:{s:7:\"desktop\";a:12:{s:16:\"background-color\";s:25:\"var(--ast-global-color-5)\";s:16:\"background-image\";s:0:\"\";s:17:\"background-repeat\";s:6:\"repeat\";s:19:\"background-position\";s:13:\"center center\";s:15:\"background-size\";s:4:\"auto\";s:21:\"background-attachment\";s:6:\"scroll\";s:15:\"background-type\";s:0:\"\";s:16:\"background-media\";s:0:\"\";s:12:\"overlay-type\";s:0:\"\";s:13:\"overlay-color\";s:0:\"\";s:15:\"overlay-opacity\";s:0:\"\";s:16:\"overlay-gradient\";s:0:\"\";}s:6:\"tablet\";a:12:{s:16:\"background-color\";s:25:\"var(--ast-global-color-5)\";s:16:\"background-image\";s:0:\"\";s:17:\"background-repeat\";s:6:\"repeat\";s:19:\"background-position\";s:13:\"center center\";s:15:\"background-size\";s:4:\"auto\";s:21:\"background-attachment\";s:6:\"scroll\";s:15:\"background-type\";s:0:\"\";s:16:\"background-media\";s:0:\"\";s:12:\"overlay-type\";s:0:\"\";s:13:\"overlay-color\";s:0:\"\";s:15:\"overlay-opacity\";s:0:\"\";s:16:\"overlay-gradient\";s:0:\"\";}s:6:\"mobile\";a:12:{s:16:\"background-color\";s:25:\"var(--ast-global-color-5)\";s:16:\"background-image\";s:0:\"\";s:17:\"background-repeat\";s:6:\"repeat\";s:19:\"background-position\";s:13:\"center center\";s:15:\"background-size\";s:4:\"auto\";s:21:\"background-attachment\";s:6:\"scroll\";s:15:\"background-type\";s:0:\"\";s:16:\"background-media\";s:0:\"\";s:12:\"overlay-type\";s:0:\"\";s:13:\"overlay-color\";s:0:\"\";s:15:\"overlay-opacity\";s:0:\"\";s:16:\"overlay-gradient\";s:0:\"\";}}"],"footnotes":[""],"_elementor_edit_mode":[""],"_elementor_template_type":[""],"_elementor_data":[""],"_elementor_conditions":["a:0:{}"],"_uag_css_file_name":["uag-css-121.css"],"_uag_page_assets":["a:9:{s:3:\"css\";s:7156:\".uag-blocks-common-selector{z-index:var(--z-index-desktop) !important}@media (max-width: 976px){.uag-blocks-common-selector{z-index:var(--z-index-tablet) !important}}@media (max-width: 767px){.uag-blocks-common-selector{z-index:var(--z-index-mobile) !important}}\n.wp-block-uagb-image{display:flex}.wp-block-uagb-image__figure{position:relative;display:flex;flex-direction:column;max-width:100%;height:auto;margin:0}.wp-block-uagb-image__figure img{height:auto;display:flex;max-width:100%;transition:box-shadow 0.2s ease}.wp-block-uagb-image__figure>a{display:inline-block}.wp-block-uagb-image__figure figcaption{text-align:center;margin-top:0.5em;margin-bottom:1em}.wp-block-uagb-image .components-placeholder.block-editor-media-placeholder .components-placeholder__instructions{align-self:center}.wp-block-uagb-image--align-left{text-align:left}.wp-block-uagb-image--align-right{text-align:right}.wp-block-uagb-image--align-center{text-align:center}.wp-block-uagb-image--align-full .wp-block-uagb-image__figure{margin-left:calc(50% - 50vw);margin-right:calc(50% - 50vw);max-width:100vw;width:100vw;height:auto}.wp-block-uagb-image--align-full .wp-block-uagb-image__figure img{height:auto;width:100% !important}.wp-block-uagb-image--align-wide .wp-block-uagb-image__figure img{height:auto;width:100%}.wp-block-uagb-image--layout-overlay__color-wrapper{position:absolute;left:0;top:0;right:0;bottom:0;opacity:0.2;background:rgba(0,0,0,0.5);transition:opacity 0.35s ease-in-out}.wp-block-uagb-image--layout-overlay-link{position:absolute;left:0;right:0;bottom:0;top:0}.wp-block-uagb-image--layout-overlay .wp-block-uagb-image__figure:hover .wp-block-uagb-image--layout-overlay__color-wrapper{opacity:1}.wp-block-uagb-image--layout-overlay__inner{position:absolute;left:15px;right:15px;bottom:15px;top:15px;display:flex;align-items:center;justify-content:center;flex-direction:column;border-color:#fff;transition:0.35s ease-in-out}.wp-block-uagb-image--layout-overlay__inner.top-left,.wp-block-uagb-image--layout-overlay__inner.top-center,.wp-block-uagb-image--layout-overlay__inner.top-right{justify-content:flex-start}.wp-block-uagb-image--layout-overlay__inner.bottom-left,.wp-block-uagb-image--layout-overlay__inner.bottom-center,.wp-block-uagb-image--layout-overlay__inner.bottom-right{justify-content:flex-end}.wp-block-uagb-image--layout-overlay__inner.top-left,.wp-block-uagb-image--layout-overlay__inner.center-left,.wp-block-uagb-image--layout-overlay__inner.bottom-left{align-items:flex-start}.wp-block-uagb-image--layout-overlay__inner.top-right,.wp-block-uagb-image--layout-overlay__inner.center-right,.wp-block-uagb-image--layout-overlay__inner.bottom-right{align-items:flex-end}.wp-block-uagb-image--layout-overlay__inner .uagb-image-heading{color:#fff;transition:transform 0.35s, opacity 0.35s ease-in-out;transform:translate3d(0, 24px, 0);margin:0;line-height:1em}.wp-block-uagb-image--layout-overlay__inner .uagb-image-separator{width:30%;border-top-width:2px;border-top-color:#fff;border-top-style:solid;margin-bottom:10px;opacity:0;transition:transform 0.4s, opacity 0.4s ease-in-out;transform:translate3d(0, 30px, 0)}.wp-block-uagb-image--layout-overlay__inner .uagb-image-caption{opacity:0;overflow:visible;color:#fff;transition:transform 0.45s, opacity 0.45s ease-in-out;transform:translate3d(0, 35px, 0)}.wp-block-uagb-image--layout-overlay__inner:hover .uagb-image-heading,.wp-block-uagb-image--layout-overlay__inner:hover .uagb-image-separator,.wp-block-uagb-image--layout-overlay__inner:hover .uagb-image-caption{opacity:1;transform:translate3d(0, 0, 0)}.wp-block-uagb-image--effect-zoomin .wp-block-uagb-image__figure img,.wp-block-uagb-image--effect-zoomin .wp-block-uagb-image__figure .wp-block-uagb-image--layout-overlay__color-wrapper{transform:scale(1);transition:transform 0.35s ease-in-out}.wp-block-uagb-image--effect-zoomin .wp-block-uagb-image__figure:hover img,.wp-block-uagb-image--effect-zoomin .wp-block-uagb-image__figure:hover .wp-block-uagb-image--layout-overlay__color-wrapper{transform:scale(1.05)}.wp-block-uagb-image--effect-slide .wp-block-uagb-image__figure img,.wp-block-uagb-image--effect-slide .wp-block-uagb-image__figure .wp-block-uagb-image--layout-overlay__color-wrapper{width:calc(100% + 40px) !important;max-width:none !important;transform:translate3d(-40px, 0, 0);transition:transform 0.35s ease-in-out}.wp-block-uagb-image--effect-slide .wp-block-uagb-image__figure:hover img,.wp-block-uagb-image--effect-slide .wp-block-uagb-image__figure:hover .wp-block-uagb-image--layout-overlay__color-wrapper{transform:translate3d(0, 0, 0)}.wp-block-uagb-image--effect-grayscale img{filter:grayscale(0%);transition:0.35s ease-in-out}.wp-block-uagb-image--effect-grayscale:hover img{filter:grayscale(100%)}.wp-block-uagb-image--effect-blur img{filter:blur(0);transition:0.35s ease-in-out}.wp-block-uagb-image--effect-blur:hover img{filter:blur(3px)}\n.uagb-block-e6f939b3.wp-block-uagb-image--layout-default figure img{box-shadow: 0px 0px 0 #00000070;}.uagb-block-e6f939b3.wp-block-uagb-image .wp-block-uagb-image__figure figcaption{font-style: normal;align-self: center;}.uagb-block-e6f939b3.wp-block-uagb-image--layout-overlay figure img{box-shadow: 0px 0px 0 #00000070;}.uagb-block-e6f939b3.wp-block-uagb-image--layout-overlay .wp-block-uagb-image--layout-overlay__color-wrapper{opacity: 0.2;}.uagb-block-e6f939b3.wp-block-uagb-image--layout-overlay .wp-block-uagb-image--layout-overlay__inner{left: 15px;right: 15px;top: 15px;bottom: 15px;}.uagb-block-e6f939b3.wp-block-uagb-image--layout-overlay .wp-block-uagb-image--layout-overlay__inner .uagb-image-heading{font-style: normal;color: #fff;opacity: 1;}.uagb-block-e6f939b3.wp-block-uagb-image--layout-overlay .wp-block-uagb-image--layout-overlay__inner .uagb-image-heading a{color: #fff;}.uagb-block-e6f939b3.wp-block-uagb-image--layout-overlay .wp-block-uagb-image--layout-overlay__inner .uagb-image-caption{opacity: 0;}.uagb-block-e6f939b3.wp-block-uagb-image--layout-overlay .wp-block-uagb-image__figure:hover .wp-block-uagb-image--layout-overlay__color-wrapper{opacity: 1;}.uagb-block-e6f939b3.wp-block-uagb-image .wp-block-uagb-image--layout-overlay__inner .uagb-image-separator{width: 30%;border-top-width: 2px;border-top-color: #fff;opacity: 0;}.uagb-block-e6f939b3.wp-block-uagb-image .wp-block-uagb-image__figure img{width: px;height: auto;}.uagb-block-e6f939b3.wp-block-uagb-image .wp-block-uagb-image__figure:hover .wp-block-uagb-image--layout-overlay__inner .uagb-image-caption{opacity: 1;}.uagb-block-e6f939b3.wp-block-uagb-image .wp-block-uagb-image__figure:hover .wp-block-uagb-image--layout-overlay__inner .uagb-image-separator{opacity: 1;}.uagb-block-e6f939b3.wp-block-uagb-image--layout-default figure:hover img{box-shadow: 0px 0px 0 #00000070;}.uagb-block-e6f939b3.wp-block-uagb-image--layout-overlay figure:hover img{box-shadow: 0px 0px 0 #00000070;}@media only screen and (max-width: 976px) {.uagb-block-e6f939b3.wp-block-uagb-image .wp-block-uagb-image__figure img{width: px;height: auto;}}@media only screen and (max-width: 767px) {.uagb-block-e6f939b3.wp-block-uagb-image .wp-block-uagb-image__figure img{width: px;height: auto;}}\";s:2:\"js\";s:0:\"\";s:18:\"current_block_list\";a:13:{i:0;s:14:\"core\/paragraph\";i:1;s:11:\"core\/search\";i:2;s:10:\"core\/group\";i:3;s:12:\"core\/heading\";i:4;s:17:\"core\/latest-posts\";i:5;s:20:\"core\/latest-comments\";i:6;s:13:\"core\/archives\";i:7;s:15:\"core\/categories\";i:8;s:10:\"uagb\/image\";i:9;s:11:\"core\/spacer\";i:10;s:30:\"woocommerce\/product-categories\";i:11;s:10:\"core\/image\";i:12;s:14:\"core\/shortcode\";}s:8:\"uag_flag\";b:1;s:11:\"uag_version\";s:10:\"1776324359\";s:6:\"gfonts\";a:0:{}s:10:\"gfonts_url\";s:0:\"\";s:12:\"gfonts_files\";a:0:{}s:14:\"uag_faq_layout\";b:0;}"]},"uagb_featured_image_src":{"full":false,"thumbnail":false,"medium":false,"medium_large":false,"large":false,"1536x1536":false,"2048x2048":false,"trp-custom-language-flag":false,"woocommerce_thumbnail":false,"woocommerce_single":false,"woocommerce_gallery_thumbnail":false},"uagb_author_info":{"display_name":"admin","author_link":"https:\/\/www.oleaia.com\/ch-de\/author\/admin2721\/"},"uagb_comment_info":0,"uagb_excerpt":"These conditions of sale are concluded on the one hand by the company Oleaia LLC with a share capital of 100,000 USD whose head office is located at 213 N Market Street #1042, Wilmington, DE 19801, United States of America, registered in the Commercial Register of Delaware under the number 10141920 and managing the website&hellip;","_links":{"self":[{"href":"https:\/\/www.oleaia.com\/ch-de\/wp-json\/wp\/v2\/pages\/121","targetHints":{"allow":["GET"]}}],"collection":[{"href":"https:\/\/www.oleaia.com\/ch-de\/wp-json\/wp\/v2\/pages"}],"about":[{"href":"https:\/\/www.oleaia.com\/ch-de\/wp-json\/wp\/v2\/types\/page"}],"author":[{"embeddable":true,"href":"https:\/\/www.oleaia.com\/ch-de\/wp-json\/wp\/v2\/users\/1"}],"replies":[{"embeddable":true,"href":"https:\/\/www.oleaia.com\/ch-de\/wp-json\/wp\/v2\/comments?post=121"}],"version-history":[{"count":3,"href":"https:\/\/www.oleaia.com\/ch-de\/wp-json\/wp\/v2\/pages\/121\/revisions"}],"predecessor-version":[{"id":23029,"href":"https:\/\/www.oleaia.com\/ch-de\/wp-json\/wp\/v2\/pages\/121\/revisions\/23029"}],"wp:attachment":[{"href":"https:\/\/www.oleaia.com\/ch-de\/wp-json\/wp\/v2\/media?parent=121"}],"curies":[{"name":"wp","href":"https:\/\/api.w.org\/{rel}","templated":true}]}}