{"id":23032,"date":"2025-07-22T11:26:39","date_gmt":"2025-07-22T09:26:39","guid":{"rendered":"https:\/\/www.oleaia.com\/?post_type=product&#038;p=23032"},"modified":"2026-03-27T11:36:20","modified_gmt":"2026-03-27T10:36:20","slug":"ricin-oil","status":"publish","type":"product","link":"https:\/\/www.oleaia.com\/ch-de\/products\/ricin-oil\/","title":{"rendered":"Rizinus\u00f6l - 5 Liter"},"content":{"rendered":"<p><strong><img decoding=\"async\" style=\"margin-right: 12px;\" src=\"https:\/\/www.oleaia.com\/wp-content\/uploads\/2026\/03\/Check.svg\" alt=\"\" width=\"18\" height=\"15\" \/>Unerreichte Wirksamkeit f\u00fcr Tiefenpflege, St\u00e4rkung und Intensivpflege.<\/strong> Rizinus\u00f6l, allgemein bekannt als Rizinus\u00f6l, ist die wirksamste nat\u00fcrliche L\u00f6sung f\u00fcr dichter aussehendes Haar, n\u00e4hrt die Haut tiefgreifend und verbessert das Erscheinungsbild von St\u00e4rke und Widerstandsf\u00e4higkeit. Es ist besonders reichhaltig und dicht und tr\u00e4gt dazu bei, die Haarfasern zu st\u00e4rken, raue Haut weich zu machen und bei regelm\u00e4\u00dfiger Anwendung zu einem sichtbar ges\u00fcnderen, kr\u00e4ftigeren und revitalisierten Aussehen beizutragen.<\/p>\n<p><strong><img decoding=\"async\" style=\"margin-right: 12px;\" src=\"https:\/\/www.oleaia.com\/wp-content\/uploads\/2026\/03\/Check.svg\" alt=\"\" width=\"18\" height=\"15\" \/>Das billigste Premium-Rizinus\u00f6l auf dem Markt.<\/strong> Wir sind die g\u00fcnstigsten auf dem Markt und halten gleichzeitig strenge Qualit\u00e4tsstandards ein, um ein au\u00dfergew\u00f6hnliches Preis-Leistungs-Verh\u00e4ltnis zu gew\u00e4hrleisten, ohne Kompromisse bei der Reinheit oder Wirksamkeit einzugehen. Dank dieses g\u00fcnstigen Preises kann Rizinus\u00f6l regelm\u00e4\u00dfig in intensiven Haar-, Haut- und Pflegeroutinen verwendet werden.<\/p>\n<p><strong><img decoding=\"async\" style=\"margin-right: 12px;\" src=\"https:\/\/www.oleaia.com\/wp-content\/uploads\/2026\/03\/Check.svg\" alt=\"\" width=\"18\" height=\"15\" \/>Schnelle und zuverl\u00e4ssige 24-Stunden-Lieferung.<\/strong> Wir bieten immer eine 24-Stunden-Lieferung an, die garantiert, dass das Rizinus\u00f6l schnell und effizient ankommt. Der prompte Versand sorgt f\u00fcr eine ununterbrochene Kontinuit\u00e4t bei der pers\u00f6nlichen Pflege und St\u00e4rkung der Behandlungen.<\/p>\n<p><strong><img decoding=\"async\" style=\"margin-right: 12px;\" src=\"https:\/\/www.oleaia.com\/wp-content\/uploads\/2026\/03\/Check.svg\" alt=\"\" width=\"18\" height=\"15\" \/>Geld-zur\u00fcck-Garantie f\u00fcr absolute Sicherheit.<\/strong> Wir bieten eine Geld-zur\u00fcck-Garantie. Wenn der Kunde nicht zufrieden ist, erstatten wir ihm sein Geld zur\u00fcck. Diese transparente Verpflichtung spiegelt das Vertrauen in die Qualit\u00e4t des Produkts wider und sorgt f\u00fcr eine v\u00f6llig risikofreie Kauferfahrung.<\/p>\n<p><strong><img decoding=\"async\" style=\"margin-right: 12px;\" src=\"https:\/\/www.oleaia.com\/wp-content\/uploads\/2026\/03\/Check.svg\" alt=\"\" width=\"18\" height=\"15\" \/>Vollst\u00e4ndig biologisch f\u00fcr eine authentische, nat\u00fcrliche Kraftpflege.<\/strong> Unser Rizinus\u00f6l ist vollst\u00e4ndig biologisch und wird unter sorgf\u00e4ltiger Beachtung der Umweltvertr\u00e4glichkeit und der Integrit\u00e4t der Samen hergestellt. Dieses Engagement gew\u00e4hrleistet die \u00dcbereinstimmung mit den Standards f\u00fcr saubere Sch\u00f6nheit und traditionellen Wellness-Praktiken.<\/p>\n<p><strong><img decoding=\"async\" style=\"margin-right: 12px;\" src=\"https:\/\/www.oleaia.com\/wp-content\/uploads\/2026\/03\/Check.svg\" alt=\"\" width=\"18\" height=\"15\" \/>Unterst\u00fctzt st\u00e4rkeres, dickeres und voller aussehendes Haar.<\/strong> Rizinus\u00f6l wird weithin daf\u00fcr gesch\u00e4tzt, das Erscheinungsbild der Haardichte zu verbessern, die Str\u00e4hnen von der Wurzel bis zu den Spitzen zu st\u00e4rken und das Erscheinungsbild von Haarbruch zu reduzieren.<\/p>\n<p><strong><img decoding=\"async\" style=\"margin-right: 12px;\" src=\"https:\/\/www.oleaia.com\/wp-content\/uploads\/2026\/03\/Check.svg\" alt=\"\" width=\"18\" height=\"15\" \/>F\u00f6rdert die Ern\u00e4hrung der Kopfhaut und ein optimales Umfeld f\u00fcr das Haarwachstum.<\/strong> Das Einmassieren von Rizinus\u00f6l in die Kopfhaut hilft, die Feuchtigkeit zu erhalten, die Kopfhaut zu stimulieren und ges\u00fcnderes, widerstandsf\u00e4higeres Haar zu unterst\u00fctzen.<\/p>\n<p><strong><img decoding=\"async\" style=\"margin-right: 12px;\" src=\"https:\/\/www.oleaia.com\/wp-content\/uploads\/2026\/03\/Check.svg\" alt=\"\" width=\"18\" height=\"15\" \/>Sorgt f\u00fcr l\u00e4nger aussehende Wimpern und vollere Brauen.<\/strong> Sorgf\u00e4ltig aufgetragen, hilft Rizinus\u00f6l, Wimpern und Augenbrauen zu pflegen und ihnen ein dichteres und kr\u00e4ftigeres Aussehen zu verleihen.<\/p>\n<p><strong><img decoding=\"async\" style=\"margin-right: 12px;\" src=\"https:\/\/www.oleaia.com\/wp-content\/uploads\/2026\/03\/Check.svg\" alt=\"\" width=\"18\" height=\"15\" \/>Verbessert die Tiefenhydratation und Reparatur von trockener Haut.<\/strong> Die reichhaltige Konsistenz hilft, sehr trockene oder raue Stellen mit Feuchtigkeit zu versorgen, so dass die Haut weich, glatt und gut gesch\u00fctzt ist.<\/p>\n<p><strong><img decoding=\"async\" style=\"margin-right: 12px;\" src=\"https:\/\/www.oleaia.com\/wp-content\/uploads\/2026\/03\/Check.svg\" alt=\"\" width=\"18\" height=\"15\" \/>Unterst\u00fctzt die Festigkeit der N\u00e4gel und die Pflege der Nagelhaut.<\/strong> Regelm\u00e4\u00dfige Anwendung hilft, das Erscheinungsbild br\u00fcchiger N\u00e4gel und trockener Nagelhaut zu verbessern und sorgt f\u00fcr ein ges\u00fcnderes und polierteres Aussehen.<\/p>\n<p><strong><img decoding=\"async\" style=\"margin-right: 12px;\" src=\"https:\/\/www.oleaia.com\/wp-content\/uploads\/2026\/03\/Check.svg\" alt=\"\" width=\"18\" height=\"15\" \/>F\u00f6rdert eine sch\u00fctzende Barriere und lang anhaltenden Komfort.<\/strong> Rizinus\u00f6l bildet eine nat\u00fcrliche Schutzschicht, die die Haut vor Umwelteinfl\u00fcssen sch\u00fctzt und Feuchtigkeit bewahrt.<\/p>\n<p><strong><img decoding=\"async\" style=\"margin-right: 12px;\" src=\"https:\/\/www.oleaia.com\/wp-content\/uploads\/2026\/03\/Check.svg\" alt=\"\" width=\"18\" height=\"15\" \/>Ideal f\u00fcr intensive Behandlungen und gezielte Pflegeroutinen.<\/strong> Besonders geeignet f\u00fcr die St\u00e4rkung der Haare, f\u00fcr Kopfhautbehandlungen und f\u00fcr sehr trockene Hautpartien, die einer tiefenwirksamen Pflege bed\u00fcrfen.<\/p>\n<p><strong><img decoding=\"async\" style=\"margin-right: 12px;\" src=\"https:\/\/www.oleaia.com\/wp-content\/uploads\/2026\/03\/Check.svg\" alt=\"\" width=\"18\" height=\"15\" \/>Perfekt f\u00fcr Behandlungen \u00fcber Nacht und Tiefenpflege-Rituale.<\/strong> Seine dicke Textur macht es ideal f\u00fcr lang anhaltende Behandlungen, die langfristig sichtbare Ergebnisse liefern.<\/p>\n<p><strong><img decoding=\"async\" style=\"margin-right: 12px;\" src=\"https:\/\/www.oleaia.com\/wp-content\/uploads\/2026\/03\/Check.svg\" alt=\"\" width=\"18\" height=\"15\" \/>Vielseitig einsetzbar f\u00fcr Kopfhaut, Haare, Wimpern, Augenbrauen, Haut und N\u00e4gel.<\/strong> Rizinus\u00f6l f\u00fcgt sich nahtlos in umfassende Sch\u00f6nheitsroutinen ein und bietet intensive Pflege bei verschiedenen Anwendungen.<\/p>\n<p><strong><img decoding=\"async\" style=\"margin-right: 12px;\" src=\"https:\/\/www.oleaia.com\/wp-content\/uploads\/2026\/03\/Check.svg\" alt=\"\" width=\"18\" height=\"15\" \/>Bereits angereichert mit einem pflegenden \u00d6l f\u00fcr eine sanfte Anwendung und optimalen Komfort.<\/strong> Unser Rizinus\u00f6l ist bereits mit einem pflegenden \u00d6l angereichert, um eine bessere Verteilbarkeit, ein leichteres Auftragen, optimalen Komfort und einfache Anwendung zu gew\u00e4hrleisten. Diese durchdachte Formulierung gleicht die nat\u00fcrliche Dicke des \u00d6ls aus und erh\u00e4lt gleichzeitig seine Wirksamkeit.<\/p>\n<h2><strong>Anweisungen<\/strong><\/h2>\n<ul>\n<li>Zur Behandlung der Kopfhaut 5 bis 10 Tropfen auftragen und 5 bis 10 Minuten lang sanft einmassieren.<\/li>\n<li>Mindestens 30 bis 60 Minuten oder bei intensiver Pflege \u00fcber Nacht einwirken lassen und anschlie\u00dfend gr\u00fcndlich abwaschen.<\/li>\n<li>F\u00fcr ein optimales Ergebnis zwei- bis dreimal pro Woche anwenden.<\/li>\n<li>Bei den Haarl\u00e4ngen eine kleine Menge auf die Spitzen auftragen, um Trockenheit zu reduzieren und den Glanz zu verbessern.<\/li>\n<li>F\u00fcr Wimpern und Augenbrauen tragen Sie vor dem Schlafengehen eine sehr kleine Menge mit einem sauberen Applikator auf.<\/li>\n<li>Zur Hautpflege 1 bis 3 Tropfen auf trockene Stellen auftragen und einmassieren, bis sie eingezogen sind.<\/li>\n<li>F\u00fcr die N\u00e4gel t\u00e4glich einen Tropfen in jede Nagelhaut einmassieren.<\/li>\n<li>Die empfohlene Tagesh\u00f6chstdosis f\u00fcr die topische Anwendung betr\u00e4gt etwa 8 bis 12 Tropfen, je nach Anwendungsgebiet.<\/li>\n<li>F\u00fchren Sie vor der ersten Anwendung einen Patch-Test durch, um die Hautvertr\u00e4glichkeit zu pr\u00fcfen.<\/li>\n<li>Vermeiden Sie den Kontakt mit den Augen (au\u00dfer beim kontrollierten Auftragen der Wimpern\/Brauen).<\/li>\n<li>Nicht auf gereizte oder gesch\u00e4digte Haut auftragen.<\/li>\n<li>Eine konsequente Anwendung \u00fcber mehrere Wochen f\u00fchrt zu sichtbaren, st\u00e4rkenden Ergebnissen.<\/li>\n<li>Bewahren Sie das Produkt an einem k\u00fchlen, trockenen Ort und vor direkter Sonneneinstrahlung gesch\u00fctzt auf und halten Sie die Flasche nach jedem Gebrauch fest verschlossen.<\/li>\n<\/ul>","protected":false},"excerpt":{"rendered":"<p>Unmatched effectiveness for deep conditioning, strengthening, and intensive care. Ricin oil, commonly known as castor oil, is the most effective natural solution for promoting thicker-looking hair, deeply nourishing skin, and improving the appearance of strength and resilience. Exceptionally rich and dense, it helps reinforce hair fibers, soften rough skin, and contribute to a visibly healthier, [&hellip;]<\/p>\n","protected":false},"featured_media":23033,"comment_status":"open","ping_status":"closed","template":"","meta":{"_uag_custom_page_level_css":"","site-sidebar-layout":"default","site-content-layout":"","ast-site-content-layout":"default","site-content-style":"default","site-sidebar-style":"default","ast-global-header-display":"","ast-banner-title-visibility":"","ast-main-header-display":"","ast-hfb-above-header-display":"","ast-hfb-below-header-display":"","ast-hfb-mobile-header-display":"","site-post-title":"","ast-breadcrumbs-content":"","ast-featured-img":"","footer-sml-layout":"","ast-disable-related-posts":"","theme-transparent-header-meta":"default","adv-header-id-meta":"","stick-header-meta":"","header-above-stick-meta":"","header-main-stick-meta":"","header-below-stick-meta":"","astra-migrate-meta-layouts":"set","ast-page-background-enabled":"default","ast-page-background-meta":{"desktop":{"background-color":"var(--ast-global-color-4)","background-image":"","background-repeat":"repeat","background-position":"center center","background-size":"auto","background-attachment":"scroll","background-type":"","background-media":"","overlay-type":"","overlay-color":"","overlay-opacity":"","overlay-gradient":""},"tablet":{"background-color":"","background-image":"","background-repeat":"repeat","background-position":"center center","background-size":"auto","background-attachment":"scroll","background-type":"","background-media":"","overlay-type":"","overlay-color":"","overlay-opacity":"","overlay-gradient":""},"mobile":{"background-color":"","background-image":"","background-repeat":"repeat","background-position":"center center","background-size":"auto","background-attachment":"scroll","background-type":"","background-media":"","overlay-type":"","overlay-color":"","overlay-opacity":"","overlay-gradient":""}},"ast-content-background-meta":{"desktop":{"background-color":"var(--ast-global-color-5)","background-image":"","background-repeat":"repeat","background-position":"center center","background-size":"auto","background-attachment":"scroll","background-type":"","background-media":"","overlay-type":"","overlay-color":"","overlay-opacity":"","overlay-gradient":""},"tablet":{"background-color":"var(--ast-global-color-5)","background-image":"","background-repeat":"repeat","background-position":"center center","background-size":"auto","background-attachment":"scroll","background-type":"","background-media":"","overlay-type":"","overlay-color":"","overlay-opacity":"","overlay-gradient":""},"mobile":{"background-color":"var(--ast-global-color-5)","background-image":"","background-repeat":"repeat","background-position":"center center","background-size":"auto","background-attachment":"scroll","background-type":"","background-media":"","overlay-type":"","overlay-color":"","overlay-opacity":"","overlay-gradient":""}}},"product_brand":[],"product_cat":[15],"product_tag":[],"class_list":{"0":"post-23032","1":"product","2":"type-product","3":"status-publish","4":"has-post-thumbnail","6":"product_cat-shop","7":"desktop-align-left","8":"tablet-align-left","9":"mobile-align-left","11":"first","12":"instock","13":"shipping-taxable","14":"purchasable","15":"product-type-simple"},"spectra_custom_meta":{"_edit_lock":["1774607730:1"],"_edit_last":["1"],"merchant-center-availability":["yes"],"merchant-center-category":["6104"],"_thumbnail_id":["23033"],"_wp_page_template":["default"],"_sku":["OLRICINOIL"],"_global_unique_id":["5056773820579"],"_regular_price":["29.90"],"total_sales":["338"],"_tax_status":["taxable"],"_tax_class":[""],"_manage_stock":["no"],"_backorders":["no"],"_sold_individually":["no"],"_virtual":["no"],"_downloadable":["no"],"_download_limit":["-1"],"_download_expiry":["-1"],"_stock":[null],"_stock_status":["instock"],"_wc_average_rating":["5.00"],"_wc_review_count":["20"],"_product_version":["10.6.1"],"_price":["29.90"],"site-sidebar-layout":["default"],"ast-site-content-layout":["default"],"site-content-style":["default"],"site-sidebar-style":["default"],"theme-transparent-header-meta":["default"],"_weight":["5.7"],"_wc_rating_count":["a:1:{i:5;i:20;}"],"astra-migrate-meta-layouts":["set"],"_uag_css_file_name":["uag-css-23032.css"],"_elementor_page_assets":["a:0:{}"],"_uag_page_assets":["a:9:{s:3:\"css\";s:7156:\".uag-blocks-common-selector{z-index:var(--z-index-desktop) !important}@media (max-width: 976px){.uag-blocks-common-selector{z-index:var(--z-index-tablet) !important}}@media (max-width: 767px){.uag-blocks-common-selector{z-index:var(--z-index-mobile) !important}}\n.wp-block-uagb-image{display:flex}.wp-block-uagb-image__figure{position:relative;display:flex;flex-direction:column;max-width:100%;height:auto;margin:0}.wp-block-uagb-image__figure img{height:auto;display:flex;max-width:100%;transition:box-shadow 0.2s ease}.wp-block-uagb-image__figure>a{display:inline-block}.wp-block-uagb-image__figure figcaption{text-align:center;margin-top:0.5em;margin-bottom:1em}.wp-block-uagb-image .components-placeholder.block-editor-media-placeholder .components-placeholder__instructions{align-self:center}.wp-block-uagb-image--align-left{text-align:left}.wp-block-uagb-image--align-right{text-align:right}.wp-block-uagb-image--align-center{text-align:center}.wp-block-uagb-image--align-full .wp-block-uagb-image__figure{margin-left:calc(50% - 50vw);margin-right:calc(50% - 50vw);max-width:100vw;width:100vw;height:auto}.wp-block-uagb-image--align-full .wp-block-uagb-image__figure img{height:auto;width:100% !important}.wp-block-uagb-image--align-wide .wp-block-uagb-image__figure img{height:auto;width:100%}.wp-block-uagb-image--layout-overlay__color-wrapper{position:absolute;left:0;top:0;right:0;bottom:0;opacity:0.2;background:rgba(0,0,0,0.5);transition:opacity 0.35s ease-in-out}.wp-block-uagb-image--layout-overlay-link{position:absolute;left:0;right:0;bottom:0;top:0}.wp-block-uagb-image--layout-overlay .wp-block-uagb-image__figure:hover .wp-block-uagb-image--layout-overlay__color-wrapper{opacity:1}.wp-block-uagb-image--layout-overlay__inner{position:absolute;left:15px;right:15px;bottom:15px;top:15px;display:flex;align-items:center;justify-content:center;flex-direction:column;border-color:#fff;transition:0.35s ease-in-out}.wp-block-uagb-image--layout-overlay__inner.top-left,.wp-block-uagb-image--layout-overlay__inner.top-center,.wp-block-uagb-image--layout-overlay__inner.top-right{justify-content:flex-start}.wp-block-uagb-image--layout-overlay__inner.bottom-left,.wp-block-uagb-image--layout-overlay__inner.bottom-center,.wp-block-uagb-image--layout-overlay__inner.bottom-right{justify-content:flex-end}.wp-block-uagb-image--layout-overlay__inner.top-left,.wp-block-uagb-image--layout-overlay__inner.center-left,.wp-block-uagb-image--layout-overlay__inner.bottom-left{align-items:flex-start}.wp-block-uagb-image--layout-overlay__inner.top-right,.wp-block-uagb-image--layout-overlay__inner.center-right,.wp-block-uagb-image--layout-overlay__inner.bottom-right{align-items:flex-end}.wp-block-uagb-image--layout-overlay__inner .uagb-image-heading{color:#fff;transition:transform 0.35s, opacity 0.35s ease-in-out;transform:translate3d(0, 24px, 0);margin:0;line-height:1em}.wp-block-uagb-image--layout-overlay__inner .uagb-image-separator{width:30%;border-top-width:2px;border-top-color:#fff;border-top-style:solid;margin-bottom:10px;opacity:0;transition:transform 0.4s, opacity 0.4s ease-in-out;transform:translate3d(0, 30px, 0)}.wp-block-uagb-image--layout-overlay__inner .uagb-image-caption{opacity:0;overflow:visible;color:#fff;transition:transform 0.45s, opacity 0.45s ease-in-out;transform:translate3d(0, 35px, 0)}.wp-block-uagb-image--layout-overlay__inner:hover .uagb-image-heading,.wp-block-uagb-image--layout-overlay__inner:hover .uagb-image-separator,.wp-block-uagb-image--layout-overlay__inner:hover .uagb-image-caption{opacity:1;transform:translate3d(0, 0, 0)}.wp-block-uagb-image--effect-zoomin .wp-block-uagb-image__figure img,.wp-block-uagb-image--effect-zoomin .wp-block-uagb-image__figure .wp-block-uagb-image--layout-overlay__color-wrapper{transform:scale(1);transition:transform 0.35s ease-in-out}.wp-block-uagb-image--effect-zoomin .wp-block-uagb-image__figure:hover img,.wp-block-uagb-image--effect-zoomin .wp-block-uagb-image__figure:hover .wp-block-uagb-image--layout-overlay__color-wrapper{transform:scale(1.05)}.wp-block-uagb-image--effect-slide .wp-block-uagb-image__figure img,.wp-block-uagb-image--effect-slide .wp-block-uagb-image__figure .wp-block-uagb-image--layout-overlay__color-wrapper{width:calc(100% + 40px) !important;max-width:none !important;transform:translate3d(-40px, 0, 0);transition:transform 0.35s ease-in-out}.wp-block-uagb-image--effect-slide .wp-block-uagb-image__figure:hover img,.wp-block-uagb-image--effect-slide .wp-block-uagb-image__figure:hover .wp-block-uagb-image--layout-overlay__color-wrapper{transform:translate3d(0, 0, 0)}.wp-block-uagb-image--effect-grayscale img{filter:grayscale(0%);transition:0.35s ease-in-out}.wp-block-uagb-image--effect-grayscale:hover img{filter:grayscale(100%)}.wp-block-uagb-image--effect-blur img{filter:blur(0);transition:0.35s ease-in-out}.wp-block-uagb-image--effect-blur:hover img{filter:blur(3px)}\n.uagb-block-e6f939b3.wp-block-uagb-image--layout-default figure img{box-shadow: 0px 0px 0 #00000070;}.uagb-block-e6f939b3.wp-block-uagb-image .wp-block-uagb-image__figure figcaption{font-style: normal;align-self: center;}.uagb-block-e6f939b3.wp-block-uagb-image--layout-overlay figure img{box-shadow: 0px 0px 0 #00000070;}.uagb-block-e6f939b3.wp-block-uagb-image--layout-overlay .wp-block-uagb-image--layout-overlay__color-wrapper{opacity: 0.2;}.uagb-block-e6f939b3.wp-block-uagb-image--layout-overlay .wp-block-uagb-image--layout-overlay__inner{left: 15px;right: 15px;top: 15px;bottom: 15px;}.uagb-block-e6f939b3.wp-block-uagb-image--layout-overlay .wp-block-uagb-image--layout-overlay__inner .uagb-image-heading{font-style: normal;color: #fff;opacity: 1;}.uagb-block-e6f939b3.wp-block-uagb-image--layout-overlay .wp-block-uagb-image--layout-overlay__inner .uagb-image-heading a{color: #fff;}.uagb-block-e6f939b3.wp-block-uagb-image--layout-overlay .wp-block-uagb-image--layout-overlay__inner .uagb-image-caption{opacity: 0;}.uagb-block-e6f939b3.wp-block-uagb-image--layout-overlay .wp-block-uagb-image__figure:hover .wp-block-uagb-image--layout-overlay__color-wrapper{opacity: 1;}.uagb-block-e6f939b3.wp-block-uagb-image .wp-block-uagb-image--layout-overlay__inner .uagb-image-separator{width: 30%;border-top-width: 2px;border-top-color: #fff;opacity: 0;}.uagb-block-e6f939b3.wp-block-uagb-image .wp-block-uagb-image__figure img{width: px;height: auto;}.uagb-block-e6f939b3.wp-block-uagb-image .wp-block-uagb-image__figure:hover .wp-block-uagb-image--layout-overlay__inner .uagb-image-caption{opacity: 1;}.uagb-block-e6f939b3.wp-block-uagb-image .wp-block-uagb-image__figure:hover .wp-block-uagb-image--layout-overlay__inner .uagb-image-separator{opacity: 1;}.uagb-block-e6f939b3.wp-block-uagb-image--layout-default figure:hover img{box-shadow: 0px 0px 0 #00000070;}.uagb-block-e6f939b3.wp-block-uagb-image--layout-overlay figure:hover img{box-shadow: 0px 0px 0 #00000070;}@media only screen and (max-width: 976px) {.uagb-block-e6f939b3.wp-block-uagb-image .wp-block-uagb-image__figure img{width: px;height: auto;}}@media only screen and (max-width: 767px) {.uagb-block-e6f939b3.wp-block-uagb-image .wp-block-uagb-image__figure img{width: px;height: auto;}}\";s:2:\"js\";s:0:\"\";s:18:\"current_block_list\";a:13:{i:0;s:11:\"core\/search\";i:1;s:10:\"core\/group\";i:2;s:12:\"core\/heading\";i:3;s:17:\"core\/latest-posts\";i:4;s:20:\"core\/latest-comments\";i:5;s:13:\"core\/archives\";i:6;s:15:\"core\/categories\";i:7;s:14:\"core\/paragraph\";i:8;s:10:\"uagb\/image\";i:9;s:11:\"core\/spacer\";i:10;s:30:\"woocommerce\/product-categories\";i:11;s:10:\"core\/image\";i:12;s:14:\"core\/shortcode\";}s:8:\"uag_flag\";b:1;s:11:\"uag_version\";s:10:\"1776337407\";s:6:\"gfonts\";a:0:{}s:10:\"gfonts_url\";s:0:\"\";s:12:\"gfonts_files\";a:0:{}s:14:\"uag_faq_layout\";b:0;}"]},"uagb_featured_image_src":{"full":["https:\/\/www.oleaia.com\/wp-content\/uploads\/2025\/07\/Oleaia-Ricin-Oil-5L-02.png",2560,2560,false],"thumbnail":["https:\/\/www.oleaia.com\/wp-content\/uploads\/2025\/07\/Oleaia-Ricin-Oil-5L-02-150x150.png",150,150,true],"medium":["https:\/\/www.oleaia.com\/wp-content\/uploads\/2025\/07\/Oleaia-Ricin-Oil-5L-02-300x300.png",300,300,true],"medium_large":["https:\/\/www.oleaia.com\/wp-content\/uploads\/2025\/07\/Oleaia-Ricin-Oil-5L-02-768x768.png",768,768,true],"large":["https:\/\/www.oleaia.com\/wp-content\/uploads\/2025\/07\/Oleaia-Ricin-Oil-5L-02-1024x1024.png",1024,1024,true],"1536x1536":["https:\/\/www.oleaia.com\/wp-content\/uploads\/2025\/07\/Oleaia-Ricin-Oil-5L-02-1536x1536.png",1536,1536,true],"2048x2048":["https:\/\/www.oleaia.com\/wp-content\/uploads\/2025\/07\/Oleaia-Ricin-Oil-5L-02-2048x2048.png",2048,2048,true],"trp-custom-language-flag":["https:\/\/www.oleaia.com\/wp-content\/uploads\/2025\/07\/Oleaia-Ricin-Oil-5L-02-12x12.png",12,12,true],"woocommerce_thumbnail":["https:\/\/www.oleaia.com\/wp-content\/uploads\/2025\/07\/Oleaia-Ricin-Oil-5L-02-300x300.png",300,300,true],"woocommerce_single":["https:\/\/www.oleaia.com\/wp-content\/uploads\/2025\/07\/Oleaia-Ricin-Oil-5L-02-600x600.png",600,600,true],"woocommerce_gallery_thumbnail":["https:\/\/www.oleaia.com\/wp-content\/uploads\/2025\/07\/Oleaia-Ricin-Oil-5L-02-100x100.png",100,100,true]},"uagb_author_info":{"display_name":"admin","author_link":"https:\/\/www.oleaia.com\/ch-de\/author\/"},"uagb_comment_info":20,"uagb_excerpt":"Unmatched effectiveness for deep conditioning, strengthening, and intensive care. Ricin oil, commonly known as castor oil, is the most effective natural solution for promoting thicker-looking hair, deeply nourishing skin, and improving the appearance of strength and resilience. Exceptionally rich and dense, it helps reinforce hair fibers, soften rough skin, and contribute to a visibly healthier,&hellip;","_links":{"self":[{"href":"https:\/\/www.oleaia.com\/ch-de\/wp-json\/wp\/v2\/product\/23032","targetHints":{"allow":["GET"]}}],"collection":[{"href":"https:\/\/www.oleaia.com\/ch-de\/wp-json\/wp\/v2\/product"}],"about":[{"href":"https:\/\/www.oleaia.com\/ch-de\/wp-json\/wp\/v2\/types\/product"}],"replies":[{"embeddable":true,"href":"https:\/\/www.oleaia.com\/ch-de\/wp-json\/wp\/v2\/comments?post=23032"}],"version-history":[{"count":4,"href":"https:\/\/www.oleaia.com\/ch-de\/wp-json\/wp\/v2\/product\/23032\/revisions"}],"predecessor-version":[{"id":81234,"href":"https:\/\/www.oleaia.com\/ch-de\/wp-json\/wp\/v2\/product\/23032\/revisions\/81234"}],"wp:featuredmedia":[{"embeddable":true,"href":"https:\/\/www.oleaia.com\/ch-de\/wp-json\/wp\/v2\/media\/23033"}],"wp:attachment":[{"href":"https:\/\/www.oleaia.com\/ch-de\/wp-json\/wp\/v2\/media?parent=23032"}],"wp:term":[{"taxonomy":"product_brand","embeddable":true,"href":"https:\/\/www.oleaia.com\/ch-de\/wp-json\/wp\/v2\/product_brand?post=23032"},{"taxonomy":"product_cat","embeddable":true,"href":"https:\/\/www.oleaia.com\/ch-de\/wp-json\/wp\/v2\/product_cat?post=23032"},{"taxonomy":"product_tag","embeddable":true,"href":"https:\/\/www.oleaia.com\/ch-de\/wp-json\/wp\/v2\/product_tag?post=23032"}],"curies":[{"name":"wp","href":"https:\/\/api.w.org\/{rel}","templated":true}]}}