{"id":23309,"date":"2025-07-27T21:10:57","date_gmt":"2025-07-27T19:10:57","guid":{"rendered":"https:\/\/www.oleaia.com\/?post_type=product&#038;p=23309"},"modified":"2026-03-25T07:00:53","modified_gmt":"2026-03-25T06:00:53","slug":"hemlock-oil","status":"publish","type":"product","link":"https:\/\/www.oleaia.com\/ch-de\/products\/hemlock-oil\/","title":{"rendered":"Schierlings\u00f6l - 1 Liter"},"content":{"rendered":"<p><strong><img decoding=\"async\" style=\"margin-right: 12px;\" src=\"https:\/\/www.oleaia.com\/wp-content\/uploads\/2026\/03\/Check.svg\" alt=\"\" width=\"18\" height=\"15\" \/>Unerreichte Wirksamkeit f\u00fcr erdende Entspannung und tiefe emotionale Ausgeglichenheit.<\/strong> Schierlings\u00f6l ist die wirksamste nat\u00fcrliche L\u00f6sung, um ein Gef\u00fchl der Ruhe, der inneren Stabilit\u00e4t und der emotionalen Erdung zu f\u00f6rdern. Es wird traditionell f\u00fcr sein tiefes, wald\u00e4hnliches Aroma gesch\u00e4tzt und tr\u00e4gt bei konsequenter Anwendung in der Aromatherapie und bei Wellness-Routinen zur Schaffung einer ruhigen Umgebung, zum Stressabbau und zu einem ausgeglichenen Geisteszustand bei.<\/p>\n<p><strong><img decoding=\"async\" style=\"margin-right: 12px;\" src=\"https:\/\/www.oleaia.com\/wp-content\/uploads\/2026\/03\/Check.svg\" alt=\"\" width=\"18\" height=\"15\" \/>Das billigste Premium-Schierlings\u00f6l auf dem Markt.<\/strong> Wir sind die g\u00fcnstigsten auf dem Markt und halten gleichzeitig strenge Qualit\u00e4tsstandards ein, um ein au\u00dfergew\u00f6hnliches Preis-Leistungs-Verh\u00e4ltnis zu gew\u00e4hrleisten, ohne die aromatische Tiefe oder Leistung zu beeintr\u00e4chtigen. Dank dieser Erschwinglichkeit kann Schierlings\u00f6l regelm\u00e4\u00dfig in Entspannungs-, Massage- und Aromapraktiken verwendet werden.<\/p>\n<p><strong><img decoding=\"async\" style=\"margin-right: 12px;\" src=\"https:\/\/www.oleaia.com\/wp-content\/uploads\/2026\/03\/Check.svg\" alt=\"\" width=\"18\" height=\"15\" \/>Schnelle und zuverl\u00e4ssige 24-Stunden-Lieferung.<\/strong> Wir bieten immer eine 24-Stunden-Lieferung an, die garantiert, dass das Schierlings\u00f6l schnell und effizient ankommt. Der prompte Versand sorgt f\u00fcr eine ununterbrochene Kontinuit\u00e4t bei Wellness- und Pflegeritualen.<\/p>\n<p><strong><img decoding=\"async\" style=\"margin-right: 12px;\" src=\"https:\/\/www.oleaia.com\/wp-content\/uploads\/2026\/03\/Check.svg\" alt=\"\" width=\"18\" height=\"15\" \/>Geld-zur\u00fcck-Garantie f\u00fcr absolute Sicherheit.<\/strong> Wir bieten eine Geld-zur\u00fcck-Garantie. Wenn der Kunde nicht zufrieden ist, erstatten wir ihm sein Geld zur\u00fcck. Diese transparente Verpflichtung spiegelt das Vertrauen in die Qualit\u00e4t des Produkts wider und sorgt f\u00fcr eine v\u00f6llig risikofreie Kauferfahrung.<\/p>\n<p><strong><img decoding=\"async\" style=\"margin-right: 12px;\" src=\"https:\/\/www.oleaia.com\/wp-content\/uploads\/2026\/03\/Check.svg\" alt=\"\" width=\"18\" height=\"15\" \/>Vollst\u00e4ndig biologisch f\u00fcr authentische botanische Wellness.<\/strong> Unser Schierlings\u00f6l ist vollst\u00e4ndig biologisch und wird unter sorgf\u00e4ltiger Ber\u00fccksichtigung der Umweltverantwortung und der Integrit\u00e4t der Pflanzen hergestellt. Dieses Engagement gew\u00e4hrleistet die \u00dcbereinstimmung mit den Prinzipien des nat\u00fcrlichen Lebens und der sauberen aromatischen Traditionen.<\/p>\n<p><strong><img decoding=\"async\" style=\"margin-right: 12px;\" src=\"https:\/\/www.oleaia.com\/wp-content\/uploads\/2026\/03\/Check.svg\" alt=\"\" width=\"18\" height=\"15\" \/>Unterst\u00fctzt tiefe Entspannung und emotionale Erdung.<\/strong> Schierlings\u00f6l wird weithin gesch\u00e4tzt, weil es hilft, den Geist zu beruhigen und Spannungen abzubauen. Sein holziges, beruhigendes Aroma f\u00f6rdert eine friedliche Atmosph\u00e4re, die ideal zum Entspannen und Nachdenken ist.<\/p>\n<p><strong><img decoding=\"async\" style=\"margin-right: 12px;\" src=\"https:\/\/www.oleaia.com\/wp-content\/uploads\/2026\/03\/Check.svg\" alt=\"\" width=\"18\" height=\"15\" \/>F\u00f6rdert die Frische der Atemwege und ein Gef\u00fchl der offenen Atmung.<\/strong> Als Diffusor oder bei \u00e4u\u00dferlicher Anwendung im Rahmen einer Massage tr\u00e4gt Schierlings\u00f6l zu einem Gef\u00fchl des klaren und angenehmen Atmens bei.<\/p>\n<p><strong><img decoding=\"async\" style=\"margin-right: 12px;\" src=\"https:\/\/www.oleaia.com\/wp-content\/uploads\/2026\/03\/Check.svg\" alt=\"\" width=\"18\" height=\"15\" \/>F\u00f6rdert die Entspannung der Muskeln und das k\u00f6rperliche Wohlbefinden.<\/strong> Bei \u00e4u\u00dferlicher Anwendung unterst\u00fctzt Schierlings\u00f6l die Entspannung der Muskeln und hilft, das Wohlbefinden nach k\u00f6rperlicher Anstrengung oder langen Tagen aufrechtzuerhalten.<\/p>\n<p><strong><img decoding=\"async\" style=\"margin-right: 12px;\" src=\"https:\/\/www.oleaia.com\/wp-content\/uploads\/2026\/03\/Check.svg\" alt=\"\" width=\"18\" height=\"15\" \/>Verbessert Meditations- und Achtsamkeitspraktiken.<\/strong> Durch seinen erdenden Duft eignet er sich besonders gut f\u00fcr Meditation, Yoga und stille Momente und hilft dabei, sich zu konzentrieren und inneres Gleichgewicht zu finden.<\/p>\n<p><strong><img decoding=\"async\" style=\"margin-right: 12px;\" src=\"https:\/\/www.oleaia.com\/wp-content\/uploads\/2026\/03\/Check.svg\" alt=\"\" width=\"18\" height=\"15\" \/>Ideal zur Stressbew\u00e4ltigung und f\u00fcr die Abendroutine.<\/strong> Schierlings\u00f6l wird besonders bei beruhigenden Abendritualen gesch\u00e4tzt und hilft, K\u00f6rper und Geist auf Ruhe und Entspannung vorzubereiten.<\/p>\n<p><strong><img decoding=\"async\" style=\"margin-right: 12px;\" src=\"https:\/\/www.oleaia.com\/wp-content\/uploads\/2026\/03\/Check.svg\" alt=\"\" width=\"18\" height=\"15\" \/>Vielseitig einsetzbar f\u00fcr Diffusion, Massage und gezielte Anwendung.<\/strong> Schierlings\u00f6l l\u00e4sst sich nahtlos in Aromatherapiesitzungen, K\u00f6rperpflegeroutinen und ganzheitliche Wellnesspraktiken integrieren.<\/p>\n<p><strong><img decoding=\"async\" style=\"margin-right: 12px;\" src=\"https:\/\/www.oleaia.com\/wp-content\/uploads\/2026\/03\/Check.svg\" alt=\"\" width=\"18\" height=\"15\" \/>Bereits angereichert mit einem pflegenden \u00d6l f\u00fcr eine sanfte Anwendung und optimalen Komfort.<\/strong> Unser Schierlings\u00f6l ist bereits mit einem pflegenden \u00d6l angereichert, um ein sanftes Auftragen, eine bessere Verteilbarkeit, optimalen Komfort und einfache Anwendung zu gew\u00e4hrleisten. Diese durchdachte Formulierung verbessert die Gleitf\u00e4higkeit w\u00e4hrend der Massage und sorgt f\u00fcr eine glatte, gleichm\u00e4\u00dfige Deckkraft auf der Haut.<\/p>\n<h2><strong>Anweisungen<\/strong><\/h2>\n<ul>\n<li>Zur aromatischen Anwendung 3 bis 5 Tropfen in einen mit Wasser gef\u00fcllten Diffusor geben und 15 bis 30 Minuten lang diffundieren lassen.<\/li>\n<li>Wird w\u00e4hrend Entspannungseinheiten, Meditationen oder vor dem Schlafengehen verwendet.<\/li>\n<li>Zur \u00e4u\u00dferlichen Anwendung 3 bis 6 Tropfen auf die saubere, trockene Haut auftragen und sanft einmassieren, bis sie eingezogen sind.<\/li>\n<li>Zum Wohlbefinden der Muskeln massieren Sie 5 bis 8 Tropfen in die gew\u00fcnschten Bereiche wie Schultern, R\u00fccken oder Beine.<\/li>\n<li>Die empfohlene Tagesh\u00f6chstdosis f\u00fcr die topische Anwendung betr\u00e4gt etwa 8 bis 10 Tropfen, verteilt auf die Anwendungsbereiche.<\/li>\n<li>Zur aromatischen Unterst\u00fctzung auf die Brust oder den oberen R\u00fccken auftragen und nur \u00e4u\u00dferlich anwenden.<\/li>\n<li>F\u00fchren Sie vor der ersten Anwendung einen Patch-Test durch, um die Hautvertr\u00e4glichkeit zu pr\u00fcfen.<\/li>\n<li>Vermeiden Sie den Kontakt mit Augen, Schleimh\u00e4uten und empfindlicher oder gereizter Haut.<\/li>\n<li>Nicht auf verletzte oder besch\u00e4digte Haut auftragen.<\/li>\n<li>Nach der Anwendung die H\u00e4nde gr\u00fcndlich waschen.<\/li>\n<li>Nicht empfohlen w\u00e4hrend der Schwangerschaft oder f\u00fcr Kleinkinder ohne professionelle Beratung.<\/li>\n<li>Bewahren Sie das Produkt an einem k\u00fchlen, trockenen Ort und vor direkter Sonneneinstrahlung gesch\u00fctzt auf und halten Sie die Flasche nach jedem Gebrauch fest verschlossen.<\/li>\n<\/ul>","protected":false},"excerpt":{"rendered":"<p>Unmatched effectiveness for grounding relaxation and deep emotional balance. Hemlock oil is the most effective natural solution for promoting a sense of calm, inner stability, and emotional grounding. Traditionally valued for its deep, forest-like aroma, it helps create a serene environment, supports stress reduction, and contributes to a balanced state of mind with consistent use [&hellip;]<\/p>\n","protected":false},"featured_media":23909,"comment_status":"open","ping_status":"closed","template":"","meta":{"_uag_custom_page_level_css":"","site-sidebar-layout":"default","site-content-layout":"","ast-site-content-layout":"default","site-content-style":"default","site-sidebar-style":"default","ast-global-header-display":"","ast-banner-title-visibility":"","ast-main-header-display":"","ast-hfb-above-header-display":"","ast-hfb-below-header-display":"","ast-hfb-mobile-header-display":"","site-post-title":"","ast-breadcrumbs-content":"","ast-featured-img":"","footer-sml-layout":"","ast-disable-related-posts":"","theme-transparent-header-meta":"default","adv-header-id-meta":"","stick-header-meta":"","header-above-stick-meta":"","header-main-stick-meta":"","header-below-stick-meta":"","astra-migrate-meta-layouts":"set","ast-page-background-enabled":"default","ast-page-background-meta":{"desktop":{"background-color":"var(--ast-global-color-4)","background-image":"","background-repeat":"repeat","background-position":"center center","background-size":"auto","background-attachment":"scroll","background-type":"","background-media":"","overlay-type":"","overlay-color":"","overlay-opacity":"","overlay-gradient":""},"tablet":{"background-color":"","background-image":"","background-repeat":"repeat","background-position":"center center","background-size":"auto","background-attachment":"scroll","background-type":"","background-media":"","overlay-type":"","overlay-color":"","overlay-opacity":"","overlay-gradient":""},"mobile":{"background-color":"","background-image":"","background-repeat":"repeat","background-position":"center center","background-size":"auto","background-attachment":"scroll","background-type":"","background-media":"","overlay-type":"","overlay-color":"","overlay-opacity":"","overlay-gradient":""}},"ast-content-background-meta":{"desktop":{"background-color":"var(--ast-global-color-5)","background-image":"","background-repeat":"repeat","background-position":"center center","background-size":"auto","background-attachment":"scroll","background-type":"","background-media":"","overlay-type":"","overlay-color":"","overlay-opacity":"","overlay-gradient":""},"tablet":{"background-color":"var(--ast-global-color-5)","background-image":"","background-repeat":"repeat","background-position":"center center","background-size":"auto","background-attachment":"scroll","background-type":"","background-media":"","overlay-type":"","overlay-color":"","overlay-opacity":"","overlay-gradient":""},"mobile":{"background-color":"var(--ast-global-color-5)","background-image":"","background-repeat":"repeat","background-position":"center center","background-size":"auto","background-attachment":"scroll","background-type":"","background-media":"","overlay-type":"","overlay-color":"","overlay-opacity":"","overlay-gradient":""}}},"product_brand":[],"product_cat":[15],"product_tag":[],"class_list":{"0":"post-23309","1":"product","2":"type-product","3":"status-publish","4":"has-post-thumbnail","6":"product_cat-shop","7":"desktop-align-left","8":"tablet-align-left","9":"mobile-align-left","11":"first","12":"instock","13":"shipping-taxable","14":"purchasable","15":"product-type-simple"},"spectra_custom_meta":{"_edit_lock":["1774418317:1"],"_edit_last":["1"],"merchant-center-availability":["yes"],"merchant-center-category":["6104"],"_thumbnail_id":["23909"],"_wp_page_template":["default"],"_sku":["OLHEMLOCKOIL"],"_global_unique_id":["5056773821255"],"_regular_price":["29.90"],"total_sales":["0"],"_tax_status":["taxable"],"_tax_class":[""],"_manage_stock":["no"],"_backorders":["no"],"_sold_individually":["no"],"_weight":["1.3"],"_virtual":["no"],"_downloadable":["no"],"_download_limit":["-1"],"_download_expiry":["-1"],"_stock":[null],"_stock_status":["instock"],"_wc_average_rating":["5.00"],"_wc_review_count":["15"],"_product_version":["10.6.1"],"_price":["29.90"],"site-sidebar-layout":["default"],"ast-site-content-layout":["default"],"site-content-style":["default"],"site-sidebar-style":["default"],"theme-transparent-header-meta":["default"],"_wc_rating_count":["a:1:{i:5;i:15;}"],"astra-migrate-meta-layouts":["set"],"_uag_css_file_name":["uag-css-23309.css"],"_elementor_page_assets":["a:0:{}"]},"uagb_featured_image_src":{"full":["https:\/\/www.oleaia.com\/wp-content\/uploads\/2025\/07\/Oleaia-Hemlock-Oil-1L.jpg",2560,2560,false],"thumbnail":["https:\/\/www.oleaia.com\/wp-content\/uploads\/2025\/07\/Oleaia-Hemlock-Oil-1L-150x150.jpg",150,150,true],"medium":["https:\/\/www.oleaia.com\/wp-content\/uploads\/2025\/07\/Oleaia-Hemlock-Oil-1L-300x300.jpg",300,300,true],"medium_large":["https:\/\/www.oleaia.com\/wp-content\/uploads\/2025\/07\/Oleaia-Hemlock-Oil-1L-768x768.jpg",768,768,true],"large":["https:\/\/www.oleaia.com\/wp-content\/uploads\/2025\/07\/Oleaia-Hemlock-Oil-1L-1024x1024.jpg",1024,1024,true],"1536x1536":["https:\/\/www.oleaia.com\/wp-content\/uploads\/2025\/07\/Oleaia-Hemlock-Oil-1L-1536x1536.jpg",1536,1536,true],"2048x2048":["https:\/\/www.oleaia.com\/wp-content\/uploads\/2025\/07\/Oleaia-Hemlock-Oil-1L-2048x2048.jpg",2048,2048,true],"trp-custom-language-flag":["https:\/\/www.oleaia.com\/wp-content\/uploads\/2025\/07\/Oleaia-Hemlock-Oil-1L-12x12.jpg",12,12,true],"woocommerce_thumbnail":["https:\/\/www.oleaia.com\/wp-content\/uploads\/2025\/07\/Oleaia-Hemlock-Oil-1L-300x300.jpg",300,300,true],"woocommerce_single":["https:\/\/www.oleaia.com\/wp-content\/uploads\/2025\/07\/Oleaia-Hemlock-Oil-1L-600x600.jpg",600,600,true],"woocommerce_gallery_thumbnail":["https:\/\/www.oleaia.com\/wp-content\/uploads\/2025\/07\/Oleaia-Hemlock-Oil-1L-100x100.jpg",100,100,true]},"uagb_author_info":{"display_name":"admin","author_link":"https:\/\/www.oleaia.com\/ch-de\/author\/"},"uagb_comment_info":15,"uagb_excerpt":"Unmatched effectiveness for grounding relaxation and deep emotional balance. Hemlock oil is the most effective natural solution for promoting a sense of calm, inner stability, and emotional grounding. Traditionally valued for its deep, forest-like aroma, it helps create a serene environment, supports stress reduction, and contributes to a balanced state of mind with consistent use&hellip;","_links":{"self":[{"href":"https:\/\/www.oleaia.com\/ch-de\/wp-json\/wp\/v2\/product\/23309","targetHints":{"allow":["GET"]}}],"collection":[{"href":"https:\/\/www.oleaia.com\/ch-de\/wp-json\/wp\/v2\/product"}],"about":[{"href":"https:\/\/www.oleaia.com\/ch-de\/wp-json\/wp\/v2\/types\/product"}],"replies":[{"embeddable":true,"href":"https:\/\/www.oleaia.com\/ch-de\/wp-json\/wp\/v2\/comments?post=23309"}],"version-history":[{"count":4,"href":"https:\/\/www.oleaia.com\/ch-de\/wp-json\/wp\/v2\/product\/23309\/revisions"}],"predecessor-version":[{"id":80874,"href":"https:\/\/www.oleaia.com\/ch-de\/wp-json\/wp\/v2\/product\/23309\/revisions\/80874"}],"wp:featuredmedia":[{"embeddable":true,"href":"https:\/\/www.oleaia.com\/ch-de\/wp-json\/wp\/v2\/media\/23909"}],"wp:attachment":[{"href":"https:\/\/www.oleaia.com\/ch-de\/wp-json\/wp\/v2\/media?parent=23309"}],"wp:term":[{"taxonomy":"product_brand","embeddable":true,"href":"https:\/\/www.oleaia.com\/ch-de\/wp-json\/wp\/v2\/product_brand?post=23309"},{"taxonomy":"product_cat","embeddable":true,"href":"https:\/\/www.oleaia.com\/ch-de\/wp-json\/wp\/v2\/product_cat?post=23309"},{"taxonomy":"product_tag","embeddable":true,"href":"https:\/\/www.oleaia.com\/ch-de\/wp-json\/wp\/v2\/product_tag?post=23309"}],"curies":[{"name":"wp","href":"https:\/\/api.w.org\/{rel}","templated":true}]}}