{"id":23696,"date":"2025-08-12T09:45:27","date_gmt":"2025-08-12T07:45:27","guid":{"rendered":"https:\/\/www.oleaia.com\/?post_type=product&#038;p=23696"},"modified":"2026-03-25T06:49:44","modified_gmt":"2026-03-25T05:49:44","slug":"ginseng-oil","status":"publish","type":"product","link":"https:\/\/www.oleaia.com\/ch-de\/products\/ginseng-oil\/","title":{"rendered":"Ginseng\u00f6l- 1 Liter"},"content":{"rendered":"<p><strong><img decoding=\"async\" style=\"margin-right: 12px;\" src=\"https:\/\/www.oleaia.com\/wp-content\/uploads\/2026\/03\/Check.svg\" alt=\"\" width=\"18\" height=\"15\" \/>Unerreichte Wirksamkeit zur Revitalisierung der Haut und zur Steigerung der allgemeinen Vitalit\u00e4t.<\/strong> Ginseng\u00f6l ist die wirksamste nat\u00fcrliche L\u00f6sung zur F\u00f6rderung eines revitalisierten Teints, zur Verbesserung der Festigkeit und zur Unterst\u00fctzung der allgemeinen Energie und des Wohlbefindens. Traditionell in Wellness-Traditionen verehrt, hilft es, das Aussehen m\u00fcder Haut zu verbessern, die Textur zu verfeinern und bei regelm\u00e4\u00dfiger Anwendung zu einem strahlenderen, jugendlicheren Aussehen beizutragen.<\/p>\n<p><strong><img decoding=\"async\" style=\"margin-right: 12px;\" src=\"https:\/\/www.oleaia.com\/wp-content\/uploads\/2026\/03\/Check.svg\" alt=\"\" width=\"18\" height=\"15\" \/>Das billigste Premium-Ginseng\u00f6l auf dem Markt.<\/strong> Wir sind die g\u00fcnstigsten auf dem Markt und halten gleichzeitig strenge Qualit\u00e4tsstandards ein, um ein au\u00dfergew\u00f6hnliches Preis-Leistungs-Verh\u00e4ltnis zu gew\u00e4hrleisten, ohne Kompromisse bei der Leistung oder dem botanischen Reichtum einzugehen. Dank dieser Erschwinglichkeit kann Ginseng-\u00d6l t\u00e4glich sowohl in der Hautpflege als auch in der Wellness-Routine verwendet werden.<\/p>\n<p><strong><img decoding=\"async\" style=\"margin-right: 12px;\" src=\"https:\/\/www.oleaia.com\/wp-content\/uploads\/2026\/03\/Check.svg\" alt=\"\" width=\"18\" height=\"15\" \/>Schnelle und zuverl\u00e4ssige 24-Stunden-Lieferung.<\/strong> Wir bieten immer eine 24-Stunden-Lieferung an und garantieren, dass das Ginseng\u00f6l schnell und effizient ankommt. Der prompte Versand gew\u00e4hrleistet eine ununterbrochene Kontinuit\u00e4t in der Sch\u00f6nheits- und Gesundheitspraxis.<\/p>\n<p><strong><img decoding=\"async\" style=\"margin-right: 12px;\" src=\"https:\/\/www.oleaia.com\/wp-content\/uploads\/2026\/03\/Check.svg\" alt=\"\" width=\"18\" height=\"15\" \/>Geld-zur\u00fcck-Garantie f\u00fcr absolute Sicherheit.<\/strong> Wir bieten eine Geld-zur\u00fcck-Garantie. Wenn der Kunde nicht zufrieden ist, erstatten wir ihm sein Geld zur\u00fcck. Diese transparente Verpflichtung spiegelt das Vertrauen in die Qualit\u00e4t des Produkts wider und sorgt f\u00fcr eine v\u00f6llig risikofreie Kauferfahrung.<\/p>\n<p><strong><img decoding=\"async\" style=\"margin-right: 12px;\" src=\"https:\/\/www.oleaia.com\/wp-content\/uploads\/2026\/03\/Check.svg\" alt=\"\" width=\"18\" height=\"15\" \/>Vollst\u00e4ndig biologisch f\u00fcr authentische botanische Wellness.<\/strong> Unser Ginseng-\u00d6l ist vollst\u00e4ndig biologisch und wird unter sorgf\u00e4ltiger Beachtung der Umweltvertr\u00e4glichkeit und der Integrit\u00e4t der Pflanzen hergestellt. Dieses Engagement gew\u00e4hrleistet die \u00dcbereinstimmung mit den Grunds\u00e4tzen des sauberen Lebens und den Traditionen der ganzheitlichen Pflege.<\/p>\n<p><strong><img decoding=\"async\" style=\"margin-right: 12px;\" src=\"https:\/\/www.oleaia.com\/wp-content\/uploads\/2026\/03\/Check.svg\" alt=\"\" width=\"18\" height=\"15\" \/>Unterst\u00fctzt einen strahlenden, energiegeladenen Teint.<\/strong> Ginseng-\u00d6l wird weithin daf\u00fcr gesch\u00e4tzt, das Erscheinungsbild von fahler oder m\u00fcde aussehender Haut zu verbessern und ein erfrischtes und strahlendes Aussehen zu f\u00f6rdern.<\/p>\n<p><strong><img decoding=\"async\" style=\"margin-right: 12px;\" src=\"https:\/\/www.oleaia.com\/wp-content\/uploads\/2026\/03\/Check.svg\" alt=\"\" width=\"18\" height=\"15\" \/>F\u00f6rdert die Elastizit\u00e4t und Festigkeit der Haut.<\/strong> Bei regelm\u00e4\u00dfiger Anwendung tr\u00e4gt das Ginseng\u00f6l zu einer geschmeidigen, elastischen Haut bei, verbessert den allgemeinen Hauttonus und mindert das Erscheinungsbild von M\u00fcdigkeit.<\/p>\n<p><strong><img decoding=\"async\" style=\"margin-right: 12px;\" src=\"https:\/\/www.oleaia.com\/wp-content\/uploads\/2026\/03\/Check.svg\" alt=\"\" width=\"18\" height=\"15\" \/>F\u00f6rdert die Revitalisierung und das Energiegleichgewicht.<\/strong> Ginseng\u00f6l, das traditionell in Wellness-Routinen integriert wird, unterst\u00fctzt das Gef\u00fchl der Vitalit\u00e4t und hilft, das allgemeine Gleichgewicht im t\u00e4glichen Leben zu erhalten.<\/p>\n<p><strong><img decoding=\"async\" style=\"margin-right: 12px;\" src=\"https:\/\/www.oleaia.com\/wp-content\/uploads\/2026\/03\/Check.svg\" alt=\"\" width=\"18\" height=\"15\" \/>Verbessert die Haarst\u00e4rke und die Vitalit\u00e4t der Kopfhaut.<\/strong> Auf die Kopfhaut und das Haar aufgetragen, hilft Ginseng-\u00d6l, die Haarstr\u00e4hnen zu st\u00e4rken, den Glanz zu verbessern und ges\u00fcnder aussehendes Haar zu f\u00f6rdern.<\/p>\n<p><strong><img decoding=\"async\" style=\"margin-right: 12px;\" src=\"https:\/\/www.oleaia.com\/wp-content\/uploads\/2026\/03\/Check.svg\" alt=\"\" width=\"18\" height=\"15\" \/>Unterst\u00fctzt eine glattere Hautstruktur und ein verfeinertes Aussehen.<\/strong> Ginseng-\u00d6l hilft, Unebenheiten auszugleichen und tr\u00e4gt zu einem ebenm\u00e4\u00dfigen und ausgeglichenen Teint bei.<\/p>\n<p><strong><img decoding=\"async\" style=\"margin-right: 12px;\" src=\"https:\/\/www.oleaia.com\/wp-content\/uploads\/2026\/03\/Check.svg\" alt=\"\" width=\"18\" height=\"15\" \/>Ideal f\u00fcr reife, m\u00fcde oder umweltbelastete Haut.<\/strong> Ginseng-\u00d6l eignet sich besonders f\u00fcr Haut, die M\u00fcdigkeit oder Umwelteinfl\u00fcssen ausgesetzt ist, und hilft, ein revitalisiertes und angenehmes Aussehen wiederherzustellen.<\/p>\n<p><strong><img decoding=\"async\" style=\"margin-right: 12px;\" src=\"https:\/\/www.oleaia.com\/wp-content\/uploads\/2026\/03\/Check.svg\" alt=\"\" width=\"18\" height=\"15\" \/>Vielseitig einsetzbar f\u00fcr Gesicht, K\u00f6rper, Kopfhaut und Wellness-Routinen.<\/strong> Ginseng\u00f6l f\u00fcgt sich nahtlos in eine umfassende K\u00f6rperpflegepraxis ein und bietet Vorteile f\u00fcr verschiedene Anwendungen.<\/p>\n<p><strong><img decoding=\"async\" style=\"margin-right: 12px;\" src=\"https:\/\/www.oleaia.com\/wp-content\/uploads\/2026\/03\/Check.svg\" alt=\"\" width=\"18\" height=\"15\" \/>Bereits angereichert mit einem pflegenden \u00d6l f\u00fcr eine sanfte Anwendung und optimalen Komfort.<\/strong> Unser Ginseng\u00f6l ist bereits mit einem pflegenden \u00d6l angereichert, um ein sanftes Auftragen, eine bessere Verteilbarkeit, optimalen Komfort und eine einfache Anwendung zu gew\u00e4hrleisten. Diese durchdachte Formulierung verbessert die Absorption und sorgt f\u00fcr eine sanfte, gleichm\u00e4\u00dfige Abdeckung von Haut und Kopfhaut.<\/p>\n<h2><strong>Anweisungen<\/strong><\/h2>\n<ul>\n<li>2 bis 4 Tropfen auf die saubere, trockene Gesichtshaut auftragen und sanft einmassieren, bis sie vollst\u00e4ndig eingezogen sind.<\/li>\n<li>Je nach den individuellen Bed\u00fcrfnissen der Haut einmal oder zweimal t\u00e4glich anwenden.<\/li>\n<li>Zur K\u00f6rperpflege eine m\u00e4\u00dfige Menge auftragen und gr\u00fcndlich in die Haut einmassieren.<\/li>\n<li>Zur Haarpflege 1 bis 3 Tropfen auf die L\u00e4ngen und Spitzen des feuchten oder trockenen Haares auftragen.<\/li>\n<li>Zur Behandlung der Kopfhaut 5 bis 8 Tropfen in die Kopfhaut einmassieren und vor dem Waschen 30 bis 60 Minuten einwirken lassen.<\/li>\n<li>Zur inneren Anwendung nehmen Sie 1 Tropfen in warmem Wasser oder Honig verd\u00fcnnt einmal t\u00e4glich im Rahmen einer strukturierten Wellness-Routine ein.<\/li>\n<li>Nicht mehr als 2 Tropfen pro Tag f\u00fcr die innere Anwendung, es sei denn, Sie werden fachlich beraten.<\/li>\n<li>Die empfohlene Tagesh\u00f6chstdosis f\u00fcr die topische Anwendung betr\u00e4gt etwa 8 bis 10 Tropfen, verteilt auf die Anwendungsbereiche.<\/li>\n<li>F\u00fchren Sie vor der ersten Anwendung einen Patch-Test durch, um die Hautvertr\u00e4glichkeit zu pr\u00fcfen.<\/li>\n<li>Vermeiden Sie den Kontakt mit Augen und empfindlichen Schleimh\u00e4uten.<\/li>\n<li>Nicht empfohlen w\u00e4hrend der Schwangerschaft oder Stillzeit ohne professionelle Beratung.<\/li>\n<li>Bewahren Sie das Produkt an einem k\u00fchlen, trockenen Ort und vor direkter Sonneneinstrahlung gesch\u00fctzt auf und halten Sie die Flasche nach jedem Gebrauch fest verschlossen.<\/li>\n<\/ul>","protected":false},"excerpt":{"rendered":"<p>Unmatched effectiveness for revitalizing skin and boosting overall vitality. Ginseng oil is the most effective natural solution for promoting a revitalized complexion, enhancing the appearance of firmness, and supporting overall energy and well-being. Traditionally revered in wellness traditions, it helps improve the look of tired skin, refine texture, and contribute to a more radiant, youthful [&hellip;]<\/p>\n","protected":false},"featured_media":23818,"comment_status":"open","ping_status":"closed","template":"","meta":{"_uag_custom_page_level_css":"","site-sidebar-layout":"default","site-content-layout":"","ast-site-content-layout":"default","site-content-style":"default","site-sidebar-style":"default","ast-global-header-display":"","ast-banner-title-visibility":"","ast-main-header-display":"","ast-hfb-above-header-display":"","ast-hfb-below-header-display":"","ast-hfb-mobile-header-display":"","site-post-title":"","ast-breadcrumbs-content":"","ast-featured-img":"","footer-sml-layout":"","ast-disable-related-posts":"","theme-transparent-header-meta":"default","adv-header-id-meta":"","stick-header-meta":"","header-above-stick-meta":"","header-main-stick-meta":"","header-below-stick-meta":"","astra-migrate-meta-layouts":"set","ast-page-background-enabled":"default","ast-page-background-meta":{"desktop":{"background-color":"var(--ast-global-color-4)","background-image":"","background-repeat":"repeat","background-position":"center center","background-size":"auto","background-attachment":"scroll","background-type":"","background-media":"","overlay-type":"","overlay-color":"","overlay-opacity":"","overlay-gradient":""},"tablet":{"background-color":"","background-image":"","background-repeat":"repeat","background-position":"center center","background-size":"auto","background-attachment":"scroll","background-type":"","background-media":"","overlay-type":"","overlay-color":"","overlay-opacity":"","overlay-gradient":""},"mobile":{"background-color":"","background-image":"","background-repeat":"repeat","background-position":"center center","background-size":"auto","background-attachment":"scroll","background-type":"","background-media":"","overlay-type":"","overlay-color":"","overlay-opacity":"","overlay-gradient":""}},"ast-content-background-meta":{"desktop":{"background-color":"var(--ast-global-color-5)","background-image":"","background-repeat":"repeat","background-position":"center center","background-size":"auto","background-attachment":"scroll","background-type":"","background-media":"","overlay-type":"","overlay-color":"","overlay-opacity":"","overlay-gradient":""},"tablet":{"background-color":"var(--ast-global-color-5)","background-image":"","background-repeat":"repeat","background-position":"center center","background-size":"auto","background-attachment":"scroll","background-type":"","background-media":"","overlay-type":"","overlay-color":"","overlay-opacity":"","overlay-gradient":""},"mobile":{"background-color":"var(--ast-global-color-5)","background-image":"","background-repeat":"repeat","background-position":"center center","background-size":"auto","background-attachment":"scroll","background-type":"","background-media":"","overlay-type":"","overlay-color":"","overlay-opacity":"","overlay-gradient":""}}},"product_brand":[],"product_cat":[15],"product_tag":[],"class_list":{"0":"post-23696","1":"product","2":"type-product","3":"status-publish","4":"has-post-thumbnail","6":"product_cat-shop","7":"desktop-align-left","8":"tablet-align-left","9":"mobile-align-left","11":"first","12":"instock","13":"shipping-taxable","14":"purchasable","15":"product-type-simple"},"spectra_custom_meta":{"_edit_lock":["1774417645:1"],"_edit_last":["1"],"merchant-center-availability":["yes"],"merchant-center-category":["6104"],"_thumbnail_id":["23818"],"_wp_page_template":["default"],"_sku":["OLGINSENGOIL"],"_global_unique_id":["5056773822238"],"_regular_price":["29.90"],"total_sales":["16"],"_tax_status":["taxable"],"_tax_class":[""],"_manage_stock":["no"],"_backorders":["no"],"_sold_individually":["no"],"_weight":["1.3"],"_virtual":["no"],"_downloadable":["no"],"_download_limit":["-1"],"_download_expiry":["-1"],"_stock":[null],"_stock_status":["instock"],"_wc_average_rating":["5.00"],"_wc_review_count":["20"],"_product_version":["10.6.1"],"_price":["29.90"],"site-sidebar-layout":["default"],"ast-site-content-layout":["default"],"site-content-style":["default"],"site-sidebar-style":["default"],"theme-transparent-header-meta":["default"],"_wc_rating_count":["a:1:{i:5;i:20;}"],"astra-migrate-meta-layouts":["set"],"_uag_css_file_name":["uag-css-23696.css"],"_elementor_page_assets":["a:0:{}"],"_uag_page_assets":["a:9:{s:3:\"css\";s:7156:\".uag-blocks-common-selector{z-index:var(--z-index-desktop) !important}@media (max-width: 976px){.uag-blocks-common-selector{z-index:var(--z-index-tablet) !important}}@media (max-width: 767px){.uag-blocks-common-selector{z-index:var(--z-index-mobile) !important}}\n.wp-block-uagb-image{display:flex}.wp-block-uagb-image__figure{position:relative;display:flex;flex-direction:column;max-width:100%;height:auto;margin:0}.wp-block-uagb-image__figure img{height:auto;display:flex;max-width:100%;transition:box-shadow 0.2s ease}.wp-block-uagb-image__figure>a{display:inline-block}.wp-block-uagb-image__figure figcaption{text-align:center;margin-top:0.5em;margin-bottom:1em}.wp-block-uagb-image .components-placeholder.block-editor-media-placeholder .components-placeholder__instructions{align-self:center}.wp-block-uagb-image--align-left{text-align:left}.wp-block-uagb-image--align-right{text-align:right}.wp-block-uagb-image--align-center{text-align:center}.wp-block-uagb-image--align-full .wp-block-uagb-image__figure{margin-left:calc(50% - 50vw);margin-right:calc(50% - 50vw);max-width:100vw;width:100vw;height:auto}.wp-block-uagb-image--align-full .wp-block-uagb-image__figure img{height:auto;width:100% !important}.wp-block-uagb-image--align-wide .wp-block-uagb-image__figure img{height:auto;width:100%}.wp-block-uagb-image--layout-overlay__color-wrapper{position:absolute;left:0;top:0;right:0;bottom:0;opacity:0.2;background:rgba(0,0,0,0.5);transition:opacity 0.35s ease-in-out}.wp-block-uagb-image--layout-overlay-link{position:absolute;left:0;right:0;bottom:0;top:0}.wp-block-uagb-image--layout-overlay .wp-block-uagb-image__figure:hover .wp-block-uagb-image--layout-overlay__color-wrapper{opacity:1}.wp-block-uagb-image--layout-overlay__inner{position:absolute;left:15px;right:15px;bottom:15px;top:15px;display:flex;align-items:center;justify-content:center;flex-direction:column;border-color:#fff;transition:0.35s ease-in-out}.wp-block-uagb-image--layout-overlay__inner.top-left,.wp-block-uagb-image--layout-overlay__inner.top-center,.wp-block-uagb-image--layout-overlay__inner.top-right{justify-content:flex-start}.wp-block-uagb-image--layout-overlay__inner.bottom-left,.wp-block-uagb-image--layout-overlay__inner.bottom-center,.wp-block-uagb-image--layout-overlay__inner.bottom-right{justify-content:flex-end}.wp-block-uagb-image--layout-overlay__inner.top-left,.wp-block-uagb-image--layout-overlay__inner.center-left,.wp-block-uagb-image--layout-overlay__inner.bottom-left{align-items:flex-start}.wp-block-uagb-image--layout-overlay__inner.top-right,.wp-block-uagb-image--layout-overlay__inner.center-right,.wp-block-uagb-image--layout-overlay__inner.bottom-right{align-items:flex-end}.wp-block-uagb-image--layout-overlay__inner .uagb-image-heading{color:#fff;transition:transform 0.35s, opacity 0.35s ease-in-out;transform:translate3d(0, 24px, 0);margin:0;line-height:1em}.wp-block-uagb-image--layout-overlay__inner .uagb-image-separator{width:30%;border-top-width:2px;border-top-color:#fff;border-top-style:solid;margin-bottom:10px;opacity:0;transition:transform 0.4s, opacity 0.4s ease-in-out;transform:translate3d(0, 30px, 0)}.wp-block-uagb-image--layout-overlay__inner .uagb-image-caption{opacity:0;overflow:visible;color:#fff;transition:transform 0.45s, opacity 0.45s ease-in-out;transform:translate3d(0, 35px, 0)}.wp-block-uagb-image--layout-overlay__inner:hover .uagb-image-heading,.wp-block-uagb-image--layout-overlay__inner:hover .uagb-image-separator,.wp-block-uagb-image--layout-overlay__inner:hover .uagb-image-caption{opacity:1;transform:translate3d(0, 0, 0)}.wp-block-uagb-image--effect-zoomin .wp-block-uagb-image__figure img,.wp-block-uagb-image--effect-zoomin .wp-block-uagb-image__figure .wp-block-uagb-image--layout-overlay__color-wrapper{transform:scale(1);transition:transform 0.35s ease-in-out}.wp-block-uagb-image--effect-zoomin .wp-block-uagb-image__figure:hover img,.wp-block-uagb-image--effect-zoomin .wp-block-uagb-image__figure:hover .wp-block-uagb-image--layout-overlay__color-wrapper{transform:scale(1.05)}.wp-block-uagb-image--effect-slide .wp-block-uagb-image__figure img,.wp-block-uagb-image--effect-slide .wp-block-uagb-image__figure .wp-block-uagb-image--layout-overlay__color-wrapper{width:calc(100% + 40px) !important;max-width:none !important;transform:translate3d(-40px, 0, 0);transition:transform 0.35s ease-in-out}.wp-block-uagb-image--effect-slide .wp-block-uagb-image__figure:hover img,.wp-block-uagb-image--effect-slide .wp-block-uagb-image__figure:hover .wp-block-uagb-image--layout-overlay__color-wrapper{transform:translate3d(0, 0, 0)}.wp-block-uagb-image--effect-grayscale img{filter:grayscale(0%);transition:0.35s ease-in-out}.wp-block-uagb-image--effect-grayscale:hover img{filter:grayscale(100%)}.wp-block-uagb-image--effect-blur img{filter:blur(0);transition:0.35s ease-in-out}.wp-block-uagb-image--effect-blur:hover img{filter:blur(3px)}\n.uagb-block-e6f939b3.wp-block-uagb-image--layout-default figure img{box-shadow: 0px 0px 0 #00000070;}.uagb-block-e6f939b3.wp-block-uagb-image .wp-block-uagb-image__figure figcaption{font-style: normal;align-self: center;}.uagb-block-e6f939b3.wp-block-uagb-image--layout-overlay figure img{box-shadow: 0px 0px 0 #00000070;}.uagb-block-e6f939b3.wp-block-uagb-image--layout-overlay .wp-block-uagb-image--layout-overlay__color-wrapper{opacity: 0.2;}.uagb-block-e6f939b3.wp-block-uagb-image--layout-overlay .wp-block-uagb-image--layout-overlay__inner{left: 15px;right: 15px;top: 15px;bottom: 15px;}.uagb-block-e6f939b3.wp-block-uagb-image--layout-overlay .wp-block-uagb-image--layout-overlay__inner .uagb-image-heading{font-style: normal;color: #fff;opacity: 1;}.uagb-block-e6f939b3.wp-block-uagb-image--layout-overlay .wp-block-uagb-image--layout-overlay__inner .uagb-image-heading a{color: #fff;}.uagb-block-e6f939b3.wp-block-uagb-image--layout-overlay .wp-block-uagb-image--layout-overlay__inner .uagb-image-caption{opacity: 0;}.uagb-block-e6f939b3.wp-block-uagb-image--layout-overlay .wp-block-uagb-image__figure:hover .wp-block-uagb-image--layout-overlay__color-wrapper{opacity: 1;}.uagb-block-e6f939b3.wp-block-uagb-image .wp-block-uagb-image--layout-overlay__inner .uagb-image-separator{width: 30%;border-top-width: 2px;border-top-color: #fff;opacity: 0;}.uagb-block-e6f939b3.wp-block-uagb-image .wp-block-uagb-image__figure img{width: px;height: auto;}.uagb-block-e6f939b3.wp-block-uagb-image .wp-block-uagb-image__figure:hover .wp-block-uagb-image--layout-overlay__inner .uagb-image-caption{opacity: 1;}.uagb-block-e6f939b3.wp-block-uagb-image .wp-block-uagb-image__figure:hover .wp-block-uagb-image--layout-overlay__inner .uagb-image-separator{opacity: 1;}.uagb-block-e6f939b3.wp-block-uagb-image--layout-default figure:hover img{box-shadow: 0px 0px 0 #00000070;}.uagb-block-e6f939b3.wp-block-uagb-image--layout-overlay figure:hover img{box-shadow: 0px 0px 0 #00000070;}@media only screen and (max-width: 976px) {.uagb-block-e6f939b3.wp-block-uagb-image .wp-block-uagb-image__figure img{width: px;height: auto;}}@media only screen and (max-width: 767px) {.uagb-block-e6f939b3.wp-block-uagb-image .wp-block-uagb-image__figure img{width: px;height: auto;}}\";s:2:\"js\";s:0:\"\";s:18:\"current_block_list\";a:13:{i:0;s:11:\"core\/search\";i:1;s:10:\"core\/group\";i:2;s:12:\"core\/heading\";i:3;s:17:\"core\/latest-posts\";i:4;s:20:\"core\/latest-comments\";i:5;s:13:\"core\/archives\";i:6;s:15:\"core\/categories\";i:7;s:14:\"core\/paragraph\";i:8;s:10:\"uagb\/image\";i:9;s:11:\"core\/spacer\";i:10;s:30:\"woocommerce\/product-categories\";i:11;s:10:\"core\/image\";i:12;s:14:\"core\/shortcode\";}s:8:\"uag_flag\";b:1;s:11:\"uag_version\";s:10:\"1776358932\";s:6:\"gfonts\";a:0:{}s:10:\"gfonts_url\";s:0:\"\";s:12:\"gfonts_files\";a:0:{}s:14:\"uag_faq_layout\";b:0;}"]},"uagb_featured_image_src":{"full":["https:\/\/www.oleaia.com\/wp-content\/uploads\/2025\/08\/Oleaia-Ginseng-Oil-1L.jpg",2560,2560,false],"thumbnail":["https:\/\/www.oleaia.com\/wp-content\/uploads\/2025\/08\/Oleaia-Ginseng-Oil-1L-150x150.jpg",150,150,true],"medium":["https:\/\/www.oleaia.com\/wp-content\/uploads\/2025\/08\/Oleaia-Ginseng-Oil-1L-300x300.jpg",300,300,true],"medium_large":["https:\/\/www.oleaia.com\/wp-content\/uploads\/2025\/08\/Oleaia-Ginseng-Oil-1L-768x768.jpg",768,768,true],"large":["https:\/\/www.oleaia.com\/wp-content\/uploads\/2025\/08\/Oleaia-Ginseng-Oil-1L-1024x1024.jpg",1024,1024,true],"1536x1536":["https:\/\/www.oleaia.com\/wp-content\/uploads\/2025\/08\/Oleaia-Ginseng-Oil-1L-1536x1536.jpg",1536,1536,true],"2048x2048":["https:\/\/www.oleaia.com\/wp-content\/uploads\/2025\/08\/Oleaia-Ginseng-Oil-1L-2048x2048.jpg",2048,2048,true],"trp-custom-language-flag":["https:\/\/www.oleaia.com\/wp-content\/uploads\/2025\/08\/Oleaia-Ginseng-Oil-1L-12x12.jpg",12,12,true],"woocommerce_thumbnail":["https:\/\/www.oleaia.com\/wp-content\/uploads\/2025\/08\/Oleaia-Ginseng-Oil-1L-300x300.jpg",300,300,true],"woocommerce_single":["https:\/\/www.oleaia.com\/wp-content\/uploads\/2025\/08\/Oleaia-Ginseng-Oil-1L-600x600.jpg",600,600,true],"woocommerce_gallery_thumbnail":["https:\/\/www.oleaia.com\/wp-content\/uploads\/2025\/08\/Oleaia-Ginseng-Oil-1L-100x100.jpg",100,100,true]},"uagb_author_info":{"display_name":"admin","author_link":"https:\/\/www.oleaia.com\/ch-de\/author\/"},"uagb_comment_info":20,"uagb_excerpt":"Unmatched effectiveness for revitalizing skin and boosting overall vitality. Ginseng oil is the most effective natural solution for promoting a revitalized complexion, enhancing the appearance of firmness, and supporting overall energy and well-being. Traditionally revered in wellness traditions, it helps improve the look of tired skin, refine texture, and contribute to a more radiant, youthful&hellip;","_links":{"self":[{"href":"https:\/\/www.oleaia.com\/ch-de\/wp-json\/wp\/v2\/product\/23696","targetHints":{"allow":["GET"]}}],"collection":[{"href":"https:\/\/www.oleaia.com\/ch-de\/wp-json\/wp\/v2\/product"}],"about":[{"href":"https:\/\/www.oleaia.com\/ch-de\/wp-json\/wp\/v2\/types\/product"}],"replies":[{"embeddable":true,"href":"https:\/\/www.oleaia.com\/ch-de\/wp-json\/wp\/v2\/comments?post=23696"}],"version-history":[{"count":4,"href":"https:\/\/www.oleaia.com\/ch-de\/wp-json\/wp\/v2\/product\/23696\/revisions"}],"predecessor-version":[{"id":80868,"href":"https:\/\/www.oleaia.com\/ch-de\/wp-json\/wp\/v2\/product\/23696\/revisions\/80868"}],"wp:featuredmedia":[{"embeddable":true,"href":"https:\/\/www.oleaia.com\/ch-de\/wp-json\/wp\/v2\/media\/23818"}],"wp:attachment":[{"href":"https:\/\/www.oleaia.com\/ch-de\/wp-json\/wp\/v2\/media?parent=23696"}],"wp:term":[{"taxonomy":"product_brand","embeddable":true,"href":"https:\/\/www.oleaia.com\/ch-de\/wp-json\/wp\/v2\/product_brand?post=23696"},{"taxonomy":"product_cat","embeddable":true,"href":"https:\/\/www.oleaia.com\/ch-de\/wp-json\/wp\/v2\/product_cat?post=23696"},{"taxonomy":"product_tag","embeddable":true,"href":"https:\/\/www.oleaia.com\/ch-de\/wp-json\/wp\/v2\/product_tag?post=23696"}],"curies":[{"name":"wp","href":"https:\/\/api.w.org\/{rel}","templated":true}]}}