{"id":23397,"date":"2025-07-27T23:00:41","date_gmt":"2025-07-27T21:00:41","guid":{"rendered":"https:\/\/www.oleaia.com\/?post_type=product&#038;p=23397"},"modified":"2026-03-27T13:30:30","modified_gmt":"2026-03-27T12:30:30","slug":"thyme-oil","status":"publish","type":"product","link":"https:\/\/www.oleaia.com\/ch-fr\/products\/thyme-oil\/","title":{"rendered":"Huile de thym - 1 litre"},"content":{"rendered":"<p><strong><img decoding=\"async\" style=\"margin-right: 12px;\" src=\"https:\/\/www.oleaia.com\/wp-content\/uploads\/2026\/03\/Check.svg\" alt=\"\" width=\"18\" height=\"15\" \/>Efficacit\u00e9 in\u00e9gal\u00e9e pour une purification puissante, un soutien immunitaire et une clart\u00e9 de la peau.<\/strong> L'huile de thym est la solution naturelle la plus efficace pour promouvoir un environnement cutan\u00e9 purifi\u00e9, soutenir les d\u00e9fenses naturelles de l'organisme et am\u00e9liorer la vitalit\u00e9 g\u00e9n\u00e9rale. Connue pour ses compos\u00e9s actifs puissants, elle aide \u00e0 am\u00e9liorer l'apparence des peaux sujettes aux imperfections, \u00e0 soutenir le confort respiratoire et \u00e0 contribuer \u00e0 un \u00e9tat de propret\u00e9, d'\u00e9nergie et d'\u00e9quilibre avec une utilisation r\u00e9guli\u00e8re.<\/p>\n<p><strong><img decoding=\"async\" style=\"margin-right: 12px;\" src=\"https:\/\/www.oleaia.com\/wp-content\/uploads\/2026\/03\/Check.svg\" alt=\"\" width=\"18\" height=\"15\" \/>L'huile de thym de qualit\u00e9 sup\u00e9rieure la moins ch\u00e8re du march\u00e9.<\/strong> Nous sommes les moins chers du march\u00e9 tout en maintenant des normes de qualit\u00e9 strictes, ce qui garantit une valeur exceptionnelle sans compromettre la puissance ou l'int\u00e9grit\u00e9 botanique. Ce prix abordable permet \u00e0 l'huile de thym d'\u00eatre utilis\u00e9e r\u00e9guli\u00e8rement dans les soins cibl\u00e9s de la peau, l'aromath\u00e9rapie et les routines de bien-\u00eatre.<\/p>\n<p><strong><img decoding=\"async\" style=\"margin-right: 12px;\" src=\"https:\/\/www.oleaia.com\/wp-content\/uploads\/2026\/03\/Check.svg\" alt=\"\" width=\"18\" height=\"15\" \/>Livraison rapide et fiable en 24 heures.<\/strong> Nous proposons toujours une livraison en 24 heures, ce qui garantit que l'huile de thym arrive rapidement et efficacement. Une livraison rapide assure une continuit\u00e9 ininterrompue des soins personnels et des pratiques ax\u00e9es sur la purification.<\/p>\n<p><strong><img decoding=\"async\" style=\"margin-right: 12px;\" src=\"https:\/\/www.oleaia.com\/wp-content\/uploads\/2026\/03\/Check.svg\" alt=\"\" width=\"18\" height=\"15\" \/>Garantie de remboursement pour une totale tranquillit\u00e9 d'esprit.<\/strong> Nous offrons une garantie de remboursement. Si le client n'est pas satisfait, nous le remboursons. Cet engagement transparent refl\u00e8te la confiance dans la qualit\u00e9 du produit et offre une exp\u00e9rience d'achat sans risque.<\/p>\n<p><strong><img decoding=\"async\" style=\"margin-right: 12px;\" src=\"https:\/\/www.oleaia.com\/wp-content\/uploads\/2026\/03\/Check.svg\" alt=\"\" width=\"18\" height=\"15\" \/>Enti\u00e8rement biologique pour une efficacit\u00e9 authentique des plantes.<\/strong> Notre huile de thym est enti\u00e8rement biologique, produite dans le respect de la responsabilit\u00e9 environnementale et de l'int\u00e9grit\u00e9 des plantes. Cet engagement garantit la conformit\u00e9 avec la phytoth\u00e9rapie traditionnelle et les normes de bien-\u00eatre propre.<\/p>\n<p><strong><img decoding=\"async\" style=\"margin-right: 12px;\" src=\"https:\/\/www.oleaia.com\/wp-content\/uploads\/2026\/03\/Check.svg\" alt=\"\" width=\"18\" height=\"15\" \/>Favorise une purification puissante de la peau et un contr\u00f4le des imperfections.<\/strong> L'huile de thym est largement appr\u00e9ci\u00e9e pour am\u00e9liorer l'apparence des peaux acn\u00e9iques ou congestionn\u00e9es, en favorisant un teint plus clair et plus \u00e9quilibr\u00e9.<\/p>\n<p><strong><img decoding=\"async\" style=\"margin-right: 12px;\" src=\"https:\/\/www.oleaia.com\/wp-content\/uploads\/2026\/03\/Check.svg\" alt=\"\" width=\"18\" height=\"15\" \/>Favorise l'affinement des pores et un grain de peau plus lisse.<\/strong> Utilis\u00e9 r\u00e9guli\u00e8rement, il aide \u00e0 maintenir la surface de la peau propre, contribuant ainsi \u00e0 une apparence plus uniforme et plus soign\u00e9e.<\/p>\n<p><strong><img decoding=\"async\" style=\"margin-right: 12px;\" src=\"https:\/\/www.oleaia.com\/wp-content\/uploads\/2026\/03\/Check.svg\" alt=\"\" width=\"18\" height=\"15\" \/>Favorise le soutien immunitaire et le bien-\u00eatre saisonnier.<\/strong> Traditionnellement utilis\u00e9e pour soutenir les d\u00e9fenses naturelles de l'organisme, l'huile de thym contribue \u00e0 la r\u00e9silience pendant les p\u00e9riodes de fatigue ou de changement de saison.<\/p>\n<p><strong><img decoding=\"async\" style=\"margin-right: 12px;\" src=\"https:\/\/www.oleaia.com\/wp-content\/uploads\/2026\/03\/Check.svg\" alt=\"\" width=\"18\" height=\"15\" \/>Am\u00e9liore le confort respiratoire et la fra\u00eecheur.<\/strong> Son ar\u00f4me puissant de plantes aide \u00e0 cr\u00e9er une sensation de respiration plus claire lorsqu'il est utilis\u00e9 dans les routines d'aromath\u00e9rapie.<\/p>\n<p><strong><img decoding=\"async\" style=\"margin-right: 12px;\" src=\"https:\/\/www.oleaia.com\/wp-content\/uploads\/2026\/03\/Check.svg\" alt=\"\" width=\"18\" height=\"15\" \/>Favorise la purification du cuir chevelu et l'obtention de cheveux plus sains.<\/strong> Appliqu\u00e9 sous forme dilu\u00e9e, il aide \u00e0 maintenir un environnement propre pour le cuir chevelu, r\u00e9duisant l'apparence de d\u00e9s\u00e9quilibre et favorisant des cheveux plus forts.<\/p>\n<p><strong><img decoding=\"async\" style=\"margin-right: 12px;\" src=\"https:\/\/www.oleaia.com\/wp-content\/uploads\/2026\/03\/Check.svg\" alt=\"\" width=\"18\" height=\"15\" \/>Favorise le confort musculaire et l'effet de r\u00e9chauffement.<\/strong> Utilis\u00e9e en massage, l'huile de thym aide \u00e0 maintenir le confort physique et contribue \u00e0 une sensation de chaleur et de d\u00e9tente.<\/p>\n<p><strong><img decoding=\"async\" style=\"margin-right: 12px;\" src=\"https:\/\/www.oleaia.com\/wp-content\/uploads\/2026\/03\/Check.svg\" alt=\"\" width=\"18\" height=\"15\" \/>Am\u00e9liore la clart\u00e9 mentale et l'effet \u00e9nergisant.<\/strong> Son ar\u00f4me intense et herbac\u00e9 stimule les sens et favorise la concentration, la vigilance et la vitalit\u00e9.<\/p>\n<p><strong><img decoding=\"async\" style=\"margin-right: 12px;\" src=\"https:\/\/www.oleaia.com\/wp-content\/uploads\/2026\/03\/Check.svg\" alt=\"\" width=\"18\" height=\"15\" \/>Id\u00e9al pour les routines de purification, le soutien immunitaire et les soins de la peau cibl\u00e9s.<\/strong> L'huile de thym convient particuli\u00e8rement aux personnes qui recherchent des soins botaniques puissants et actifs.<\/p>\n<p><strong><img decoding=\"async\" style=\"margin-right: 12px;\" src=\"https:\/\/www.oleaia.com\/wp-content\/uploads\/2026\/03\/Check.svg\" alt=\"\" width=\"18\" height=\"15\" \/>Polyvalent pour l'utilisation topique dilu\u00e9e, l'aromath\u00e9rapie et les routines de bien-\u00eatre.<\/strong> L'huile de thym s'int\u00e8gre parfaitement dans les pratiques de soins globales lorsqu'elle est utilis\u00e9e avec pr\u00e9caution.<\/p>\n<p><strong><img decoding=\"async\" style=\"margin-right: 12px;\" src=\"https:\/\/www.oleaia.com\/wp-content\/uploads\/2026\/03\/Check.svg\" alt=\"\" width=\"18\" height=\"15\" \/>D\u00e9j\u00e0 enrichi d'une huile nourrissante pour une intensit\u00e9 contr\u00f4l\u00e9e et un confort optimal.<\/strong> Notre huile de thym est d\u00e9j\u00e0 enrichie d'une huile nourrissante pour r\u00e9duire sa force naturelle, am\u00e9liorer son \u00e9talement et assurer une application plus s\u00fbre et plus confortable sur la peau.<\/p>\n<h2><strong>Instructions<\/strong><\/h2>\n<ul>\n<li>L'huile de thym \u00e9tant tr\u00e8s puissante, il convient de toujours la diluer avant de l'utiliser en application locale.<\/li>\n<li>Appliquer 1 \u00e0 2 gouttes dilu\u00e9es sur les zones cutan\u00e9es cibl\u00e9es telles que les imperfections ou le cuir chevelu.<\/li>\n<li>Utiliser une fois par jour en fonction de la tol\u00e9rance individuelle.<\/li>\n<li>Pour le soin du cuir chevelu, m\u00e9langez quelques gouttes \u00e0 une huile de base et massez doucement avant de vous laver.<\/li>\n<li>Pour le confort musculaire, diluer et appliquer sur des zones telles que les \u00e9paules, le dos ou les jambes.<\/li>\n<li>Pour un usage aromatique, ajouter 2 \u00e0 4 gouttes dans un diffuseur et diffuser pendant 10 \u00e0 20 minutes.<\/li>\n<li>Pour l'assistance respiratoire, diffuser dans un espace bien ventil\u00e9.<\/li>\n<li>La dose journali\u00e8re maximale recommand\u00e9e pour un usage topique est d'environ 3 \u00e0 4 gouttes dilu\u00e9es.<\/li>\n<li>Effectuer un test \u00e9picutan\u00e9 avant la premi\u00e8re utilisation pour \u00e9valuer la compatibilit\u00e9 avec la peau.<\/li>\n<li>\u00c9viter le contact avec les yeux, les muqueuses et les zones sensibles.<\/li>\n<li>Ne pas appliquer sur une peau irrit\u00e9e ou ab\u00eem\u00e9e.<\/li>\n<li>D\u00e9conseill\u00e9 pendant la grossesse, l'allaitement, ou pour les enfants sans avis professionnel.<\/li>\n<li>A utiliser en petites quantit\u00e9s en raison de la puissance de ses compos\u00e9s actifs.<\/li>\n<li>Conserver dans un endroit frais et sec, \u00e0 l'abri de la lumi\u00e8re directe du soleil, et bien refermer le flacon apr\u00e8s chaque utilisation.<\/li>\n<\/ul>","protected":false},"excerpt":{"rendered":"<p>Unmatched effectiveness for powerful purification, immune support, and skin clarity. Thyme oil is the most effective natural solution for promoting a purified skin environment, supporting the body\u2019s natural defenses, and enhancing overall vitality. Known for its strong active compounds, it helps improve the appearance of blemish-prone skin, support respiratory comfort, and contribute to a clean, [&hellip;]<\/p>\n","protected":false},"featured_media":23891,"comment_status":"open","ping_status":"closed","template":"","meta":{"_uag_custom_page_level_css":"","site-sidebar-layout":"default","site-content-layout":"","ast-site-content-layout":"default","site-content-style":"default","site-sidebar-style":"default","ast-global-header-display":"","ast-banner-title-visibility":"","ast-main-header-display":"","ast-hfb-above-header-display":"","ast-hfb-below-header-display":"","ast-hfb-mobile-header-display":"","site-post-title":"","ast-breadcrumbs-content":"","ast-featured-img":"","footer-sml-layout":"","ast-disable-related-posts":"","theme-transparent-header-meta":"default","adv-header-id-meta":"","stick-header-meta":"","header-above-stick-meta":"","header-main-stick-meta":"","header-below-stick-meta":"","astra-migrate-meta-layouts":"set","ast-page-background-enabled":"default","ast-page-background-meta":{"desktop":{"background-color":"var(--ast-global-color-4)","background-image":"","background-repeat":"repeat","background-position":"center center","background-size":"auto","background-attachment":"scroll","background-type":"","background-media":"","overlay-type":"","overlay-color":"","overlay-opacity":"","overlay-gradient":""},"tablet":{"background-color":"","background-image":"","background-repeat":"repeat","background-position":"center center","background-size":"auto","background-attachment":"scroll","background-type":"","background-media":"","overlay-type":"","overlay-color":"","overlay-opacity":"","overlay-gradient":""},"mobile":{"background-color":"","background-image":"","background-repeat":"repeat","background-position":"center center","background-size":"auto","background-attachment":"scroll","background-type":"","background-media":"","overlay-type":"","overlay-color":"","overlay-opacity":"","overlay-gradient":""}},"ast-content-background-meta":{"desktop":{"background-color":"var(--ast-global-color-5)","background-image":"","background-repeat":"repeat","background-position":"center center","background-size":"auto","background-attachment":"scroll","background-type":"","background-media":"","overlay-type":"","overlay-color":"","overlay-opacity":"","overlay-gradient":""},"tablet":{"background-color":"var(--ast-global-color-5)","background-image":"","background-repeat":"repeat","background-position":"center center","background-size":"auto","background-attachment":"scroll","background-type":"","background-media":"","overlay-type":"","overlay-color":"","overlay-opacity":"","overlay-gradient":""},"mobile":{"background-color":"var(--ast-global-color-5)","background-image":"","background-repeat":"repeat","background-position":"center center","background-size":"auto","background-attachment":"scroll","background-type":"","background-media":"","overlay-type":"","overlay-color":"","overlay-opacity":"","overlay-gradient":""}}},"product_brand":[],"product_cat":[15],"product_tag":[],"class_list":{"0":"post-23397","1":"product","2":"type-product","3":"status-publish","4":"has-post-thumbnail","6":"product_cat-shop","7":"desktop-align-left","8":"tablet-align-left","9":"mobile-align-left","11":"first","12":"instock","13":"shipping-taxable","14":"purchasable","15":"product-type-simple"},"spectra_custom_meta":{"_edit_lock":["1774614489:1"],"_edit_last":["1"],"merchant-center-availability":["yes"],"merchant-center-category":["6104"],"_thumbnail_id":["23891"],"_wp_page_template":["default"],"_sku":["OLTHYMEOIL"],"_global_unique_id":["5056773821453"],"_regular_price":["29.90"],"total_sales":["16"],"_tax_status":["taxable"],"_tax_class":[""],"_manage_stock":["no"],"_backorders":["no"],"_sold_individually":["no"],"_weight":["1.3"],"_virtual":["no"],"_downloadable":["no"],"_download_limit":["-1"],"_download_expiry":["-1"],"_stock":[null],"_stock_status":["instock"],"_wc_average_rating":["0"],"_wc_review_count":["0"],"_product_version":["10.6.1"],"_price":["29.90"],"site-sidebar-layout":["default"],"ast-site-content-layout":["default"],"site-content-style":["default"],"site-sidebar-style":["default"],"theme-transparent-header-meta":["default"],"astra-migrate-meta-layouts":["set"],"_uag_css_file_name":["uag-css-23397.css"],"_elementor_page_assets":["a:0:{}"],"_uag_page_assets":["a:9:{s:3:\"css\";s:6893:\".wp-block-uagb-image{display:flex}.wp-block-uagb-image__figure{position:relative;display:flex;flex-direction:column;max-width:100%;height:auto;margin:0}.wp-block-uagb-image__figure img{height:auto;display:flex;max-width:100%;transition:box-shadow 0.2s ease}.wp-block-uagb-image__figure>a{display:inline-block}.wp-block-uagb-image__figure figcaption{text-align:center;margin-top:0.5em;margin-bottom:1em}.wp-block-uagb-image .components-placeholder.block-editor-media-placeholder .components-placeholder__instructions{align-self:center}.wp-block-uagb-image--align-left{text-align:left}.wp-block-uagb-image--align-right{text-align:right}.wp-block-uagb-image--align-center{text-align:center}.wp-block-uagb-image--align-full .wp-block-uagb-image__figure{margin-left:calc(50% - 50vw);margin-right:calc(50% - 50vw);max-width:100vw;width:100vw;height:auto}.wp-block-uagb-image--align-full .wp-block-uagb-image__figure img{height:auto;width:100% !important}.wp-block-uagb-image--align-wide .wp-block-uagb-image__figure img{height:auto;width:100%}.wp-block-uagb-image--layout-overlay__color-wrapper{position:absolute;left:0;top:0;right:0;bottom:0;opacity:0.2;background:rgba(0,0,0,0.5);transition:opacity 0.35s ease-in-out}.wp-block-uagb-image--layout-overlay-link{position:absolute;left:0;right:0;bottom:0;top:0}.wp-block-uagb-image--layout-overlay .wp-block-uagb-image__figure:hover .wp-block-uagb-image--layout-overlay__color-wrapper{opacity:1}.wp-block-uagb-image--layout-overlay__inner{position:absolute;left:15px;right:15px;bottom:15px;top:15px;display:flex;align-items:center;justify-content:center;flex-direction:column;border-color:#fff;transition:0.35s ease-in-out}.wp-block-uagb-image--layout-overlay__inner.top-left,.wp-block-uagb-image--layout-overlay__inner.top-center,.wp-block-uagb-image--layout-overlay__inner.top-right{justify-content:flex-start}.wp-block-uagb-image--layout-overlay__inner.bottom-left,.wp-block-uagb-image--layout-overlay__inner.bottom-center,.wp-block-uagb-image--layout-overlay__inner.bottom-right{justify-content:flex-end}.wp-block-uagb-image--layout-overlay__inner.top-left,.wp-block-uagb-image--layout-overlay__inner.center-left,.wp-block-uagb-image--layout-overlay__inner.bottom-left{align-items:flex-start}.wp-block-uagb-image--layout-overlay__inner.top-right,.wp-block-uagb-image--layout-overlay__inner.center-right,.wp-block-uagb-image--layout-overlay__inner.bottom-right{align-items:flex-end}.wp-block-uagb-image--layout-overlay__inner .uagb-image-heading{color:#fff;transition:transform 0.35s, opacity 0.35s ease-in-out;transform:translate3d(0, 24px, 0);margin:0;line-height:1em}.wp-block-uagb-image--layout-overlay__inner .uagb-image-separator{width:30%;border-top-width:2px;border-top-color:#fff;border-top-style:solid;margin-bottom:10px;opacity:0;transition:transform 0.4s, opacity 0.4s ease-in-out;transform:translate3d(0, 30px, 0)}.wp-block-uagb-image--layout-overlay__inner .uagb-image-caption{opacity:0;overflow:visible;color:#fff;transition:transform 0.45s, opacity 0.45s ease-in-out;transform:translate3d(0, 35px, 0)}.wp-block-uagb-image--layout-overlay__inner:hover .uagb-image-heading,.wp-block-uagb-image--layout-overlay__inner:hover .uagb-image-separator,.wp-block-uagb-image--layout-overlay__inner:hover .uagb-image-caption{opacity:1;transform:translate3d(0, 0, 0)}.wp-block-uagb-image--effect-zoomin .wp-block-uagb-image__figure img,.wp-block-uagb-image--effect-zoomin .wp-block-uagb-image__figure .wp-block-uagb-image--layout-overlay__color-wrapper{transform:scale(1);transition:transform 0.35s ease-in-out}.wp-block-uagb-image--effect-zoomin .wp-block-uagb-image__figure:hover img,.wp-block-uagb-image--effect-zoomin .wp-block-uagb-image__figure:hover .wp-block-uagb-image--layout-overlay__color-wrapper{transform:scale(1.05)}.wp-block-uagb-image--effect-slide .wp-block-uagb-image__figure img,.wp-block-uagb-image--effect-slide .wp-block-uagb-image__figure .wp-block-uagb-image--layout-overlay__color-wrapper{width:calc(100% + 40px) !important;max-width:none !important;transform:translate3d(-40px, 0, 0);transition:transform 0.35s ease-in-out}.wp-block-uagb-image--effect-slide .wp-block-uagb-image__figure:hover img,.wp-block-uagb-image--effect-slide .wp-block-uagb-image__figure:hover .wp-block-uagb-image--layout-overlay__color-wrapper{transform:translate3d(0, 0, 0)}.wp-block-uagb-image--effect-grayscale img{filter:grayscale(0%);transition:0.35s ease-in-out}.wp-block-uagb-image--effect-grayscale:hover img{filter:grayscale(100%)}.wp-block-uagb-image--effect-blur img{filter:blur(0);transition:0.35s ease-in-out}.wp-block-uagb-image--effect-blur:hover img{filter:blur(3px)}\n.uagb-block-e6f939b3.wp-block-uagb-image--layout-default figure img{box-shadow: 0px 0px 0 #00000070;}.uagb-block-e6f939b3.wp-block-uagb-image .wp-block-uagb-image__figure figcaption{font-style: normal;align-self: center;}.uagb-block-e6f939b3.wp-block-uagb-image--layout-overlay figure img{box-shadow: 0px 0px 0 #00000070;}.uagb-block-e6f939b3.wp-block-uagb-image--layout-overlay .wp-block-uagb-image--layout-overlay__color-wrapper{opacity: 0.2;}.uagb-block-e6f939b3.wp-block-uagb-image--layout-overlay .wp-block-uagb-image--layout-overlay__inner{left: 15px;right: 15px;top: 15px;bottom: 15px;}.uagb-block-e6f939b3.wp-block-uagb-image--layout-overlay .wp-block-uagb-image--layout-overlay__inner .uagb-image-heading{font-style: normal;color: #fff;opacity: 1;}.uagb-block-e6f939b3.wp-block-uagb-image--layout-overlay .wp-block-uagb-image--layout-overlay__inner .uagb-image-heading a{color: #fff;}.uagb-block-e6f939b3.wp-block-uagb-image--layout-overlay .wp-block-uagb-image--layout-overlay__inner .uagb-image-caption{opacity: 0;}.uagb-block-e6f939b3.wp-block-uagb-image--layout-overlay .wp-block-uagb-image__figure:hover .wp-block-uagb-image--layout-overlay__color-wrapper{opacity: 1;}.uagb-block-e6f939b3.wp-block-uagb-image .wp-block-uagb-image--layout-overlay__inner .uagb-image-separator{width: 30%;border-top-width: 2px;border-top-color: #fff;opacity: 0;}.uagb-block-e6f939b3.wp-block-uagb-image .wp-block-uagb-image__figure img{width: px;height: auto;}.uagb-block-e6f939b3.wp-block-uagb-image .wp-block-uagb-image__figure:hover .wp-block-uagb-image--layout-overlay__inner .uagb-image-caption{opacity: 1;}.uagb-block-e6f939b3.wp-block-uagb-image .wp-block-uagb-image__figure:hover .wp-block-uagb-image--layout-overlay__inner .uagb-image-separator{opacity: 1;}.uagb-block-e6f939b3.wp-block-uagb-image--layout-default figure:hover img{box-shadow: 0px 0px 0 #00000070;}.uagb-block-e6f939b3.wp-block-uagb-image--layout-overlay figure:hover img{box-shadow: 0px 0px 0 #00000070;}@media only screen and (max-width: 976px) {.uagb-block-e6f939b3.wp-block-uagb-image .wp-block-uagb-image__figure img{width: px;height: auto;}}@media only screen and (max-width: 767px) {.uagb-block-e6f939b3.wp-block-uagb-image .wp-block-uagb-image__figure img{width: px;height: auto;}}\";s:2:\"js\";s:0:\"\";s:18:\"current_block_list\";a:13:{i:0;s:11:\"core\/search\";i:1;s:10:\"core\/group\";i:2;s:12:\"core\/heading\";i:3;s:17:\"core\/latest-posts\";i:4;s:20:\"core\/latest-comments\";i:5;s:13:\"core\/archives\";i:6;s:15:\"core\/categories\";i:7;s:14:\"core\/paragraph\";i:8;s:10:\"uagb\/image\";i:9;s:11:\"core\/spacer\";i:10;s:30:\"woocommerce\/product-categories\";i:11;s:10:\"core\/image\";i:12;s:14:\"core\/shortcode\";}s:8:\"uag_flag\";b:1;s:11:\"uag_version\";s:10:\"1776365033\";s:6:\"gfonts\";a:0:{}s:10:\"gfonts_url\";s:0:\"\";s:12:\"gfonts_files\";a:0:{}s:14:\"uag_faq_layout\";b:0;}"]},"uagb_featured_image_src":{"full":["https:\/\/www.oleaia.com\/wp-content\/uploads\/2025\/07\/Oleaia-Thyme-Oil-1L.jpg",2560,2560,false],"thumbnail":["https:\/\/www.oleaia.com\/wp-content\/uploads\/2025\/07\/Oleaia-Thyme-Oil-1L-150x150.jpg",150,150,true],"medium":["https:\/\/www.oleaia.com\/wp-content\/uploads\/2025\/07\/Oleaia-Thyme-Oil-1L-300x300.jpg",300,300,true],"medium_large":["https:\/\/www.oleaia.com\/wp-content\/uploads\/2025\/07\/Oleaia-Thyme-Oil-1L-768x768.jpg",768,768,true],"large":["https:\/\/www.oleaia.com\/wp-content\/uploads\/2025\/07\/Oleaia-Thyme-Oil-1L-1024x1024.jpg",1024,1024,true],"1536x1536":["https:\/\/www.oleaia.com\/wp-content\/uploads\/2025\/07\/Oleaia-Thyme-Oil-1L-1536x1536.jpg",1536,1536,true],"2048x2048":["https:\/\/www.oleaia.com\/wp-content\/uploads\/2025\/07\/Oleaia-Thyme-Oil-1L-2048x2048.jpg",2048,2048,true],"trp-custom-language-flag":["https:\/\/www.oleaia.com\/wp-content\/uploads\/2025\/07\/Oleaia-Thyme-Oil-1L-12x12.jpg",12,12,true],"woocommerce_thumbnail":["https:\/\/www.oleaia.com\/wp-content\/uploads\/2025\/07\/Oleaia-Thyme-Oil-1L-300x300.jpg",300,300,true],"woocommerce_single":["https:\/\/www.oleaia.com\/wp-content\/uploads\/2025\/07\/Oleaia-Thyme-Oil-1L-600x600.jpg",600,600,true],"woocommerce_gallery_thumbnail":["https:\/\/www.oleaia.com\/wp-content\/uploads\/2025\/07\/Oleaia-Thyme-Oil-1L-100x100.jpg",100,100,true]},"uagb_author_info":{"display_name":"admin","author_link":"https:\/\/www.oleaia.com\/ch-fr\/author\/"},"uagb_comment_info":0,"uagb_excerpt":"Unmatched effectiveness for powerful purification, immune support, and skin clarity. Thyme oil is the most effective natural solution for promoting a purified skin environment, supporting the body\u2019s natural defenses, and enhancing overall vitality. Known for its strong active compounds, it helps improve the appearance of blemish-prone skin, support respiratory comfort, and contribute to a clean,&hellip;","_links":{"self":[{"href":"https:\/\/www.oleaia.com\/ch-fr\/wp-json\/wp\/v2\/product\/23397","targetHints":{"allow":["GET"]}}],"collection":[{"href":"https:\/\/www.oleaia.com\/ch-fr\/wp-json\/wp\/v2\/product"}],"about":[{"href":"https:\/\/www.oleaia.com\/ch-fr\/wp-json\/wp\/v2\/types\/product"}],"replies":[{"embeddable":true,"href":"https:\/\/www.oleaia.com\/ch-fr\/wp-json\/wp\/v2\/comments?post=23397"}],"version-history":[{"count":5,"href":"https:\/\/www.oleaia.com\/ch-fr\/wp-json\/wp\/v2\/product\/23397\/revisions"}],"predecessor-version":[{"id":81285,"href":"https:\/\/www.oleaia.com\/ch-fr\/wp-json\/wp\/v2\/product\/23397\/revisions\/81285"}],"wp:featuredmedia":[{"embeddable":true,"href":"https:\/\/www.oleaia.com\/ch-fr\/wp-json\/wp\/v2\/media\/23891"}],"wp:attachment":[{"href":"https:\/\/www.oleaia.com\/ch-fr\/wp-json\/wp\/v2\/media?parent=23397"}],"wp:term":[{"taxonomy":"product_brand","embeddable":true,"href":"https:\/\/www.oleaia.com\/ch-fr\/wp-json\/wp\/v2\/product_brand?post=23397"},{"taxonomy":"product_cat","embeddable":true,"href":"https:\/\/www.oleaia.com\/ch-fr\/wp-json\/wp\/v2\/product_cat?post=23397"},{"taxonomy":"product_tag","embeddable":true,"href":"https:\/\/www.oleaia.com\/ch-fr\/wp-json\/wp\/v2\/product_tag?post=23397"}],"curies":[{"name":"wp","href":"https:\/\/api.w.org\/{rel}","templated":true}]}}