{"id":121,"date":"2025-04-11T06:36:34","date_gmt":"2025-04-11T04:36:34","guid":{"rendered":"https:\/\/www.stoprodent.com\/?page_id=121"},"modified":"2025-07-18T16:46:05","modified_gmt":"2025-07-18T14:46:05","slug":"terms-of-sale","status":"publish","type":"page","link":"https:\/\/www.oleaia.com\/ch-it\/terms-of-sale\/","title":{"rendered":"Condizioni di vendita"},"content":{"rendered":"<p>Le presenti condizioni di vendita sono stipulate, da un lato, dalla societ\u00e0 Oleaia LLC con un capitale sociale di 100.000 dollari USA, la cui sede si trova al 213 N Market Street #1042, Wilmington, DE 19801, Stati Uniti d'America, iscritta al Registro delle Imprese del Delaware con il numero 10141920 e che gestisce il sito web e, dall'altro, da qualsiasi persona giuridica che desideri effettuare un acquisto tramite il sito web, di seguito denominata \"l'acquirente\".<br><br><strong>Articolo 1. Oggetto<\/strong><\/p>\n\n\n\n<p>Le presenti condizioni di vendita hanno lo scopo di definire il rapporto contrattuale tra Oleaia LLC e l'acquirente e le condizioni applicabili a qualsiasi acquisto effettuato tramite questo sito. L'acquisto di un prodotto attraverso questo sito implica l'accettazione senza riserve da parte dell'acquirente delle presenti condizioni di vendita, che l'acquirente riconosce di aver letto prima dell'ordine. Prima di qualsiasi transazione, l'acquirente dichiara, da un lato, che l'acquisto di prodotti sul sito web \u00e8 direttamente collegato alla sua attivit\u00e0 professionale e di essere titolare di partita IVA e, dall'altro, di avere piena capacit\u00e0 giuridica, il che rende possibile impegnarsi secondo le presenti condizioni generali di vendita.<\/p>\n\n\n\n<p>La societ\u00e0 Oleaia LLC si riserva la possibilit\u00e0 di modificare le presenti condizioni di vendita in qualsiasi momento, per conformarsi a eventuali nuove normative o per migliorare l'utilizzo del proprio sito. Pertanto, le condizioni applicabili saranno quelle in vigore alla data dell'ordine da parte dell'acquirente.<\/p>\n\n\n\n<p><strong>Articolo 2. Prodotti<\/strong><\/p>\n\n\n\n<p>I prodotti offerti sono quelli che appaiono sul sito web della societ\u00e0 Oleaia LLC nei limiti delle scorte disponibili. Oleaia LLC si riserva il diritto di modificare l'assortimento dei prodotti in qualsiasi momento. Ogni prodotto \u00e8 presentato sul sito web sotto forma di descrizione contenente le principali caratteristiche tecniche (capacit\u00e0, uso, composizione, ecc.). Le fotografie sono il pi\u00f9 possibile accurate ma non impegnano in alcun modo il venditore. La vendita dei prodotti presentati sul sito \u00e8 destinata a tutti gli acquirenti residenti in Paesi che autorizzano pienamente l'ingresso nel loro territorio di tali prodotti.<br><br><strong>Articolo 3. Tariffe<\/strong><\/p>\n\n\n\n<p>I prezzi che appaiono sulle schede prodotte nel catalogo internet sono prezzi in valuta locale, tasse incluse. Oleaia LLC si riserva il diritto di modificare i propri prezzi in qualsiasi momento, fermo restando, tuttavia, che il prezzo che appare nel catalogo il giorno dell'ordine sar\u00e0 l'unico applicabile all'acquirente. I prezzi indicati non includono le spese di consegna, fatturate in aggiunta al prezzo dei prodotti acquistati, calcolate in base al peso totale dell'ordine.<br><br><strong>Articolo 4. Ordine e condizioni di pagamento<\/strong><\/p>\n\n\n\n<p>Prima di ogni ordine, l'acquirente ha la possibilit\u00e0 di creare un account. La sezione di creazione dell'account \u00e8 accessibile direttamente dalla barra del menu laterale. A ogni visita, l'acquirente, se desidera ordinare o consultare il proprio account (stato dell'ordine, profilo, ecc.), dovr\u00e0 identificarsi utilizzando queste informazioni. La societ\u00e0 Oleaia LLC offre all'acquirente la possibilit\u00e0 di ordinare e pagare i prodotti in pi\u00f9 fasi, con 3 opzioni di pagamento tra cui scegliere:<\/p>\n\n\n\n<p><strong>Pagamento tramite bonifico bancario :<\/strong>\u00a0l'acquirente deve contattare Oleaia LLC via e-mail per richiedere un preventivo. \u00c8 necessario che comunichi i prodotti che desidera ordinare, il vettore che desidera scegliere, il suo indirizzo e-mail e il numero di telefono, nonch\u00e9 l'indirizzo di consegna e di fatturazione. Dopo aver inviato la richiesta, gli viene fornito un preventivo con i dati di contatto della societ\u00e0 Oleaia LLC. Il trasferimento deve essere effettuato entro 30 giorni e l'importo totale deve arrivare sul conto di Oleaia LLC senza alcuna spesa bancaria. Spetta all'acquirente pagare le spese bancarie relative al trasferimento. Solo quando l'importo sar\u00e0 arrivato sul conto di Oleaia LLC, quest'ultima elaborer\u00e0 l'ordine.<\/p>\n\n\n\n<p><strong>Pagamento sicuro con carta di credito (tramite il sistema Stripe) :<\/strong>\u00a0l'acquirente seleziona i prodotti che desidera ordinare nel \"carrello\", li modifica se necessario (quantit\u00e0, riferimenti, ecc.), controlla l'indirizzo di consegna o ne inserisce uno nuovo. A questo punto vengono calcolate e presentate all'acquirente le spese di spedizione, il nome del vettore e il tempo di consegna indicativo. L'acquirente procede quindi al pagamento. Infine, l'acquirente viene reindirizzato all'interfaccia sicura di Stripe per inserire in modo sicuro i riferimenti della sua carta bancaria. Se il pagamento viene accettato, l'ordine viene registrato e il contratto viene stipulato definitivamente. Il pagamento con carta di credito \u00e8 irrevocabile.<br><br>La conferma di un ordine comporta l'accettazione delle presenti condizioni di vendita, il riconoscimento di averne perfetta conoscenza e la rinuncia ad avvalersi delle proprie condizioni di acquisto. Tutti i dati forniti e la conferma registrata costituiranno prova della transazione. Se l'acquirente dispone di un indirizzo e-mail e se lo ha inserito nel modulo d'ordine, la societ\u00e0 Oleaia LLC gli invier\u00e0 per e-mail la conferma della registrazione del suo ordine.<br><br>Se l'acquirente desidera contattare Oleaia LLC, pu\u00f2 farlo o per posta al seguente indirizzo: Oleaia LLC, 213 N Market Street #1042, Wilmington, DE 198013, Stati Uniti d'America; o per e-mail al seguente indirizzo: contact@oleaia.com<br><br><strong>Articolo 5. Riserva di propriet\u00e0<\/strong><\/p>\n\n\n\n<p>Oleaia LLC mantiene la piena e completa propriet\u00e0 dei prodotti venduti fino al completo pagamento del prezzo, in linea capitale, compresi i costi e le tasse.<\/p>\n\n\n\n<p><strong>Articolo 6. Ritiro<\/strong><\/p>\n\n\n\n<p>L'acquirente ha un periodo di trenta giorni lavorativi dalla consegna del proprio ordine per esercitare il diritto di recesso e quindi restituire il prodotto al venditore per il cambio o il rimborso senza alcuna penale.<br><strong><br>Articolo 7. Consegna<br><\/strong><br>Le consegne vengono effettuate all'indirizzo indicato nel modulo d'ordine, che pu\u00f2 trovarsi solo nell'area geografica concordata. Gli ordini vengono effettuati dal vettore scelto al momento dell'ordine, il servizio di consegna \u00e8 con tracciabilit\u00e0 e la consegna senza firma. I tempi di consegna sono forniti solo a titolo indicativo; se questi superano i trenta giorni dall'ordine, il contratto di vendita pu\u00f2 essere risolto e l'acquirente rimborsato. Oleaia LLC fornir\u00e0 all'acquirente il numero di tracciamento del suo pacco tramite e-mail. Il pacco viene consegnato all'acquirente al suo domicilio dal suo fattorino. In caso di assenza dell'acquirente, egli ricever\u00e0 un avviso di consegna dal suo postino, che gli consentir\u00e0 di riprogrammare la consegna dei prodotti ordinati, per un periodo indicato dai servizi di consegna. I rischi del trasporto sono a carico dell'acquirente dal momento in cui gli articoli lasciano i locali di Oleaia LLC. L'acquirente \u00e8 tenuto a verificare, in presenza del fattorino, le condizioni dell'imballaggio della merce e del suo contenuto al momento della consegna. In caso di danni durante il trasporto, qualsiasi contestazione deve essere fatta al vettore entro tre giorni dalla consegna.<br><br><strong>Articolo 8. Garanzia<br><\/strong><br>Tutti i prodotti forniti da Oleaia LLC sono garantiti. In caso di non conformit\u00e0 di un prodotto venduto, questo pu\u00f2 essere restituito alla societ\u00e0 Oleaia LLC che lo riprender\u00e0, lo cambier\u00e0 o lo rimborser\u00e0. Tutti i reclami, le richieste di cambio o di rimborso devono essere inoltrati per posta al seguente indirizzo: Oleaia LLC, 213 N Market Street #1042, Wilmington, DE 19801, Stati Uniti d'America, entro trenta giorni dalla consegna.<br><br><strong>Articolo 9. Responsabilit\u00e0<\/strong><\/p>\n\n\n\n<p>Oleaia LLC nel processo di vendita a distanza \u00e8 vincolata solo da un obbligo di mezzi. Non pu\u00f2 essere ritenuta responsabile per eventuali danni derivanti dall'uso della rete Internet, quali perdita di dati, intrusioni, virus, interruzione del servizio o altri problemi involontari.<br><br><strong>Articolo 10. Propriet\u00e0 intellettuale<br><\/strong><br>Tutti gli elementi del sito web sono e restano di esclusiva propriet\u00e0 intellettuale della societ\u00e0 Oleaia LLC. sotto forma di foto, logo, immagini o testo.<br><br><strong>Articolo 11. Dati personali<\/strong><br><br>Oleaia LLC si impegna a preservare la riservatezza delle informazioni fornite dall'acquirente, che dovrebbe trasmettere per l'utilizzo di determinati servizi. L'utente di Internet ha il diritto di accedere, modificare e cancellare le informazioni che lo riguardano. Pu\u00f2 richiederlo in qualsiasi momento per posta al seguente indirizzo: Oleaia LLC, 213 N Market Street #1042, Wilmington, DE 19801, Stati Uniti d'America.<\/p>\n\n\n\n<p><strong>Articolo 12. Risoluzione delle controversie<\/strong><\/p>\n\n\n\n<p>Le presenti condizioni di vendita a distanza sono soggette alla legge in vigore negli Stati Uniti. Per tutte le controversie o dispute, il Tribunale competente sar\u00e0 quello di Wilmington.<\/p>\n\n\n\n<p><strong>Articolo 13. Dettagli di contatto<\/strong><\/p>\n\n\n\n<p>Oleaia LLC<br>213 N Market Street #1042,<br>Wilmington, DE 19801<br>Stati Uniti d'America<\/p>","protected":false},"excerpt":{"rendered":"<p>These conditions of sale are concluded on the one hand by the company Oleaia LLC with a share capital of 100,000 USD whose head office is located at 213 N Market Street #1042, Wilmington, DE 19801, United States of America, registered in the Commercial Register of Delaware under the number 10141920 and managing the website [&hellip;]<\/p>\n","protected":false},"author":1,"featured_media":0,"parent":0,"menu_order":0,"comment_status":"closed","ping_status":"closed","template":"","meta":{"_uag_custom_page_level_css":"","site-sidebar-layout":"default","site-content-layout":"","ast-site-content-layout":"default","site-content-style":"default","site-sidebar-style":"default","ast-global-header-display":"","ast-banner-title-visibility":"","ast-main-header-display":"","ast-hfb-above-header-display":"","ast-hfb-below-header-display":"","ast-hfb-mobile-header-display":"","site-post-title":"","ast-breadcrumbs-content":"","ast-featured-img":"","footer-sml-layout":"","ast-disable-related-posts":"","theme-transparent-header-meta":"","adv-header-id-meta":"","stick-header-meta":"","header-above-stick-meta":"","header-main-stick-meta":"","header-below-stick-meta":"","astra-migrate-meta-layouts":"set","ast-page-background-enabled":"default","ast-page-background-meta":{"desktop":{"background-color":"var(--ast-global-color-4)","background-image":"","background-repeat":"repeat","background-position":"center center","background-size":"auto","background-attachment":"scroll","background-type":"","background-media":"","overlay-type":"","overlay-color":"","overlay-opacity":"","overlay-gradient":""},"tablet":{"background-color":"","background-image":"","background-repeat":"repeat","background-position":"center center","background-size":"auto","background-attachment":"scroll","background-type":"","background-media":"","overlay-type":"","overlay-color":"","overlay-opacity":"","overlay-gradient":""},"mobile":{"background-color":"","background-image":"","background-repeat":"repeat","background-position":"center center","background-size":"auto","background-attachment":"scroll","background-type":"","background-media":"","overlay-type":"","overlay-color":"","overlay-opacity":"","overlay-gradient":""}},"ast-content-background-meta":{"desktop":{"background-color":"var(--ast-global-color-5)","background-image":"","background-repeat":"repeat","background-position":"center center","background-size":"auto","background-attachment":"scroll","background-type":"","background-media":"","overlay-type":"","overlay-color":"","overlay-opacity":"","overlay-gradient":""},"tablet":{"background-color":"var(--ast-global-color-5)","background-image":"","background-repeat":"repeat","background-position":"center center","background-size":"auto","background-attachment":"scroll","background-type":"","background-media":"","overlay-type":"","overlay-color":"","overlay-opacity":"","overlay-gradient":""},"mobile":{"background-color":"var(--ast-global-color-5)","background-image":"","background-repeat":"repeat","background-position":"center center","background-size":"auto","background-attachment":"scroll","background-type":"","background-media":"","overlay-type":"","overlay-color":"","overlay-opacity":"","overlay-gradient":""}},"footnotes":""},"class_list":["post-121","page","type-page","status-publish","hentry"],"spectra_custom_meta":{"_edit_lock":["1752849969:1"],"_wpml_word_count":["1376"],"_edit_last":["1"],"_wpml_media_duplicate":["1"],"_wpml_media_featured":["1"],"rank_math_news_sitemap_robots":["index"],"rank_math_robots":["a:1:{i:0;s:5:\"index\";}"],"_uag_custom_page_level_css":[""],"site-sidebar-layout":["default"],"site-content-layout":[""],"ast-site-content-layout":["default"],"site-content-style":["default"],"site-sidebar-style":["default"],"ast-global-header-display":[""],"ast-banner-title-visibility":[""],"ast-main-header-display":[""],"ast-hfb-above-header-display":[""],"ast-hfb-below-header-display":[""],"ast-hfb-mobile-header-display":[""],"site-post-title":[""],"ast-breadcrumbs-content":[""],"ast-featured-img":[""],"footer-sml-layout":[""],"theme-transparent-header-meta":[""],"adv-header-id-meta":[""],"stick-header-meta":[""],"header-above-stick-meta":[""],"header-main-stick-meta":[""],"header-below-stick-meta":[""],"astra-migrate-meta-layouts":["set"],"ast-page-background-enabled":["default"],"ast-page-background-meta":["a:3:{s:7:\"desktop\";a:12:{s:16:\"background-color\";s:25:\"var(--ast-global-color-4)\";s:16:\"background-image\";s:0:\"\";s:17:\"background-repeat\";s:6:\"repeat\";s:19:\"background-position\";s:13:\"center center\";s:15:\"background-size\";s:4:\"auto\";s:21:\"background-attachment\";s:6:\"scroll\";s:15:\"background-type\";s:0:\"\";s:16:\"background-media\";s:0:\"\";s:12:\"overlay-type\";s:0:\"\";s:13:\"overlay-color\";s:0:\"\";s:15:\"overlay-opacity\";s:0:\"\";s:16:\"overlay-gradient\";s:0:\"\";}s:6:\"tablet\";a:12:{s:16:\"background-color\";s:0:\"\";s:16:\"background-image\";s:0:\"\";s:17:\"background-repeat\";s:6:\"repeat\";s:19:\"background-position\";s:13:\"center center\";s:15:\"background-size\";s:4:\"auto\";s:21:\"background-attachment\";s:6:\"scroll\";s:15:\"background-type\";s:0:\"\";s:16:\"background-media\";s:0:\"\";s:12:\"overlay-type\";s:0:\"\";s:13:\"overlay-color\";s:0:\"\";s:15:\"overlay-opacity\";s:0:\"\";s:16:\"overlay-gradient\";s:0:\"\";}s:6:\"mobile\";a:12:{s:16:\"background-color\";s:0:\"\";s:16:\"background-image\";s:0:\"\";s:17:\"background-repeat\";s:6:\"repeat\";s:19:\"background-position\";s:13:\"center center\";s:15:\"background-size\";s:4:\"auto\";s:21:\"background-attachment\";s:6:\"scroll\";s:15:\"background-type\";s:0:\"\";s:16:\"background-media\";s:0:\"\";s:12:\"overlay-type\";s:0:\"\";s:13:\"overlay-color\";s:0:\"\";s:15:\"overlay-opacity\";s:0:\"\";s:16:\"overlay-gradient\";s:0:\"\";}}"],"ast-content-background-meta":["a:3:{s:7:\"desktop\";a:12:{s:16:\"background-color\";s:25:\"var(--ast-global-color-5)\";s:16:\"background-image\";s:0:\"\";s:17:\"background-repeat\";s:6:\"repeat\";s:19:\"background-position\";s:13:\"center center\";s:15:\"background-size\";s:4:\"auto\";s:21:\"background-attachment\";s:6:\"scroll\";s:15:\"background-type\";s:0:\"\";s:16:\"background-media\";s:0:\"\";s:12:\"overlay-type\";s:0:\"\";s:13:\"overlay-color\";s:0:\"\";s:15:\"overlay-opacity\";s:0:\"\";s:16:\"overlay-gradient\";s:0:\"\";}s:6:\"tablet\";a:12:{s:16:\"background-color\";s:25:\"var(--ast-global-color-5)\";s:16:\"background-image\";s:0:\"\";s:17:\"background-repeat\";s:6:\"repeat\";s:19:\"background-position\";s:13:\"center center\";s:15:\"background-size\";s:4:\"auto\";s:21:\"background-attachment\";s:6:\"scroll\";s:15:\"background-type\";s:0:\"\";s:16:\"background-media\";s:0:\"\";s:12:\"overlay-type\";s:0:\"\";s:13:\"overlay-color\";s:0:\"\";s:15:\"overlay-opacity\";s:0:\"\";s:16:\"overlay-gradient\";s:0:\"\";}s:6:\"mobile\";a:12:{s:16:\"background-color\";s:25:\"var(--ast-global-color-5)\";s:16:\"background-image\";s:0:\"\";s:17:\"background-repeat\";s:6:\"repeat\";s:19:\"background-position\";s:13:\"center center\";s:15:\"background-size\";s:4:\"auto\";s:21:\"background-attachment\";s:6:\"scroll\";s:15:\"background-type\";s:0:\"\";s:16:\"background-media\";s:0:\"\";s:12:\"overlay-type\";s:0:\"\";s:13:\"overlay-color\";s:0:\"\";s:15:\"overlay-opacity\";s:0:\"\";s:16:\"overlay-gradient\";s:0:\"\";}}"],"footnotes":[""],"_elementor_edit_mode":[""],"_elementor_template_type":[""],"_elementor_data":[""],"_elementor_conditions":["a:0:{}"],"_uag_css_file_name":["uag-css-121.css"],"_uag_page_assets":["a:9:{s:3:\"css\";s:7156:\".uag-blocks-common-selector{z-index:var(--z-index-desktop) !important}@media (max-width: 976px){.uag-blocks-common-selector{z-index:var(--z-index-tablet) !important}}@media (max-width: 767px){.uag-blocks-common-selector{z-index:var(--z-index-mobile) !important}}\n.wp-block-uagb-image{display:flex}.wp-block-uagb-image__figure{position:relative;display:flex;flex-direction:column;max-width:100%;height:auto;margin:0}.wp-block-uagb-image__figure img{height:auto;display:flex;max-width:100%;transition:box-shadow 0.2s ease}.wp-block-uagb-image__figure>a{display:inline-block}.wp-block-uagb-image__figure figcaption{text-align:center;margin-top:0.5em;margin-bottom:1em}.wp-block-uagb-image .components-placeholder.block-editor-media-placeholder .components-placeholder__instructions{align-self:center}.wp-block-uagb-image--align-left{text-align:left}.wp-block-uagb-image--align-right{text-align:right}.wp-block-uagb-image--align-center{text-align:center}.wp-block-uagb-image--align-full .wp-block-uagb-image__figure{margin-left:calc(50% - 50vw);margin-right:calc(50% - 50vw);max-width:100vw;width:100vw;height:auto}.wp-block-uagb-image--align-full .wp-block-uagb-image__figure img{height:auto;width:100% !important}.wp-block-uagb-image--align-wide .wp-block-uagb-image__figure img{height:auto;width:100%}.wp-block-uagb-image--layout-overlay__color-wrapper{position:absolute;left:0;top:0;right:0;bottom:0;opacity:0.2;background:rgba(0,0,0,0.5);transition:opacity 0.35s ease-in-out}.wp-block-uagb-image--layout-overlay-link{position:absolute;left:0;right:0;bottom:0;top:0}.wp-block-uagb-image--layout-overlay .wp-block-uagb-image__figure:hover .wp-block-uagb-image--layout-overlay__color-wrapper{opacity:1}.wp-block-uagb-image--layout-overlay__inner{position:absolute;left:15px;right:15px;bottom:15px;top:15px;display:flex;align-items:center;justify-content:center;flex-direction:column;border-color:#fff;transition:0.35s ease-in-out}.wp-block-uagb-image--layout-overlay__inner.top-left,.wp-block-uagb-image--layout-overlay__inner.top-center,.wp-block-uagb-image--layout-overlay__inner.top-right{justify-content:flex-start}.wp-block-uagb-image--layout-overlay__inner.bottom-left,.wp-block-uagb-image--layout-overlay__inner.bottom-center,.wp-block-uagb-image--layout-overlay__inner.bottom-right{justify-content:flex-end}.wp-block-uagb-image--layout-overlay__inner.top-left,.wp-block-uagb-image--layout-overlay__inner.center-left,.wp-block-uagb-image--layout-overlay__inner.bottom-left{align-items:flex-start}.wp-block-uagb-image--layout-overlay__inner.top-right,.wp-block-uagb-image--layout-overlay__inner.center-right,.wp-block-uagb-image--layout-overlay__inner.bottom-right{align-items:flex-end}.wp-block-uagb-image--layout-overlay__inner .uagb-image-heading{color:#fff;transition:transform 0.35s, opacity 0.35s ease-in-out;transform:translate3d(0, 24px, 0);margin:0;line-height:1em}.wp-block-uagb-image--layout-overlay__inner .uagb-image-separator{width:30%;border-top-width:2px;border-top-color:#fff;border-top-style:solid;margin-bottom:10px;opacity:0;transition:transform 0.4s, opacity 0.4s ease-in-out;transform:translate3d(0, 30px, 0)}.wp-block-uagb-image--layout-overlay__inner .uagb-image-caption{opacity:0;overflow:visible;color:#fff;transition:transform 0.45s, opacity 0.45s ease-in-out;transform:translate3d(0, 35px, 0)}.wp-block-uagb-image--layout-overlay__inner:hover .uagb-image-heading,.wp-block-uagb-image--layout-overlay__inner:hover .uagb-image-separator,.wp-block-uagb-image--layout-overlay__inner:hover .uagb-image-caption{opacity:1;transform:translate3d(0, 0, 0)}.wp-block-uagb-image--effect-zoomin .wp-block-uagb-image__figure img,.wp-block-uagb-image--effect-zoomin .wp-block-uagb-image__figure .wp-block-uagb-image--layout-overlay__color-wrapper{transform:scale(1);transition:transform 0.35s ease-in-out}.wp-block-uagb-image--effect-zoomin .wp-block-uagb-image__figure:hover img,.wp-block-uagb-image--effect-zoomin .wp-block-uagb-image__figure:hover .wp-block-uagb-image--layout-overlay__color-wrapper{transform:scale(1.05)}.wp-block-uagb-image--effect-slide .wp-block-uagb-image__figure img,.wp-block-uagb-image--effect-slide .wp-block-uagb-image__figure .wp-block-uagb-image--layout-overlay__color-wrapper{width:calc(100% + 40px) !important;max-width:none !important;transform:translate3d(-40px, 0, 0);transition:transform 0.35s ease-in-out}.wp-block-uagb-image--effect-slide .wp-block-uagb-image__figure:hover img,.wp-block-uagb-image--effect-slide .wp-block-uagb-image__figure:hover .wp-block-uagb-image--layout-overlay__color-wrapper{transform:translate3d(0, 0, 0)}.wp-block-uagb-image--effect-grayscale img{filter:grayscale(0%);transition:0.35s ease-in-out}.wp-block-uagb-image--effect-grayscale:hover img{filter:grayscale(100%)}.wp-block-uagb-image--effect-blur img{filter:blur(0);transition:0.35s ease-in-out}.wp-block-uagb-image--effect-blur:hover img{filter:blur(3px)}\n.uagb-block-e6f939b3.wp-block-uagb-image--layout-default figure img{box-shadow: 0px 0px 0 #00000070;}.uagb-block-e6f939b3.wp-block-uagb-image .wp-block-uagb-image__figure figcaption{font-style: normal;align-self: center;}.uagb-block-e6f939b3.wp-block-uagb-image--layout-overlay figure img{box-shadow: 0px 0px 0 #00000070;}.uagb-block-e6f939b3.wp-block-uagb-image--layout-overlay .wp-block-uagb-image--layout-overlay__color-wrapper{opacity: 0.2;}.uagb-block-e6f939b3.wp-block-uagb-image--layout-overlay .wp-block-uagb-image--layout-overlay__inner{left: 15px;right: 15px;top: 15px;bottom: 15px;}.uagb-block-e6f939b3.wp-block-uagb-image--layout-overlay .wp-block-uagb-image--layout-overlay__inner .uagb-image-heading{font-style: normal;color: #fff;opacity: 1;}.uagb-block-e6f939b3.wp-block-uagb-image--layout-overlay .wp-block-uagb-image--layout-overlay__inner .uagb-image-heading a{color: #fff;}.uagb-block-e6f939b3.wp-block-uagb-image--layout-overlay .wp-block-uagb-image--layout-overlay__inner .uagb-image-caption{opacity: 0;}.uagb-block-e6f939b3.wp-block-uagb-image--layout-overlay .wp-block-uagb-image__figure:hover .wp-block-uagb-image--layout-overlay__color-wrapper{opacity: 1;}.uagb-block-e6f939b3.wp-block-uagb-image .wp-block-uagb-image--layout-overlay__inner .uagb-image-separator{width: 30%;border-top-width: 2px;border-top-color: #fff;opacity: 0;}.uagb-block-e6f939b3.wp-block-uagb-image .wp-block-uagb-image__figure img{width: px;height: auto;}.uagb-block-e6f939b3.wp-block-uagb-image .wp-block-uagb-image__figure:hover .wp-block-uagb-image--layout-overlay__inner .uagb-image-caption{opacity: 1;}.uagb-block-e6f939b3.wp-block-uagb-image .wp-block-uagb-image__figure:hover .wp-block-uagb-image--layout-overlay__inner .uagb-image-separator{opacity: 1;}.uagb-block-e6f939b3.wp-block-uagb-image--layout-default figure:hover img{box-shadow: 0px 0px 0 #00000070;}.uagb-block-e6f939b3.wp-block-uagb-image--layout-overlay figure:hover img{box-shadow: 0px 0px 0 #00000070;}@media only screen and (max-width: 976px) {.uagb-block-e6f939b3.wp-block-uagb-image .wp-block-uagb-image__figure img{width: px;height: auto;}}@media only screen and (max-width: 767px) {.uagb-block-e6f939b3.wp-block-uagb-image .wp-block-uagb-image__figure img{width: px;height: auto;}}\";s:2:\"js\";s:0:\"\";s:18:\"current_block_list\";a:13:{i:0;s:14:\"core\/paragraph\";i:1;s:11:\"core\/search\";i:2;s:10:\"core\/group\";i:3;s:12:\"core\/heading\";i:4;s:17:\"core\/latest-posts\";i:5;s:20:\"core\/latest-comments\";i:6;s:13:\"core\/archives\";i:7;s:15:\"core\/categories\";i:8;s:10:\"uagb\/image\";i:9;s:11:\"core\/spacer\";i:10;s:30:\"woocommerce\/product-categories\";i:11;s:10:\"core\/image\";i:12;s:14:\"core\/shortcode\";}s:8:\"uag_flag\";b:1;s:11:\"uag_version\";s:10:\"1776319288\";s:6:\"gfonts\";a:0:{}s:10:\"gfonts_url\";s:0:\"\";s:12:\"gfonts_files\";a:0:{}s:14:\"uag_faq_layout\";b:0;}"]},"uagb_featured_image_src":{"full":false,"thumbnail":false,"medium":false,"medium_large":false,"large":false,"1536x1536":false,"2048x2048":false,"trp-custom-language-flag":false,"woocommerce_thumbnail":false,"woocommerce_single":false,"woocommerce_gallery_thumbnail":false},"uagb_author_info":{"display_name":"admin","author_link":"https:\/\/www.oleaia.com\/ch-it\/author\/admin2721\/"},"uagb_comment_info":0,"uagb_excerpt":"These conditions of sale are concluded on the one hand by the company Oleaia LLC with a share capital of 100,000 USD whose head office is located at 213 N Market Street #1042, Wilmington, DE 19801, United States of America, registered in the Commercial Register of Delaware under the number 10141920 and managing the website&hellip;","_links":{"self":[{"href":"https:\/\/www.oleaia.com\/ch-it\/wp-json\/wp\/v2\/pages\/121","targetHints":{"allow":["GET"]}}],"collection":[{"href":"https:\/\/www.oleaia.com\/ch-it\/wp-json\/wp\/v2\/pages"}],"about":[{"href":"https:\/\/www.oleaia.com\/ch-it\/wp-json\/wp\/v2\/types\/page"}],"author":[{"embeddable":true,"href":"https:\/\/www.oleaia.com\/ch-it\/wp-json\/wp\/v2\/users\/1"}],"replies":[{"embeddable":true,"href":"https:\/\/www.oleaia.com\/ch-it\/wp-json\/wp\/v2\/comments?post=121"}],"version-history":[{"count":3,"href":"https:\/\/www.oleaia.com\/ch-it\/wp-json\/wp\/v2\/pages\/121\/revisions"}],"predecessor-version":[{"id":23029,"href":"https:\/\/www.oleaia.com\/ch-it\/wp-json\/wp\/v2\/pages\/121\/revisions\/23029"}],"wp:attachment":[{"href":"https:\/\/www.oleaia.com\/ch-it\/wp-json\/wp\/v2\/media?parent=121"}],"curies":[{"name":"wp","href":"https:\/\/api.w.org\/{rel}","templated":true}]}}