{"id":23405,"date":"2025-07-27T23:04:39","date_gmt":"2025-07-27T21:04:39","guid":{"rendered":"https:\/\/www.oleaia.com\/?post_type=product&#038;p=23405"},"modified":"2026-03-27T12:31:09","modified_gmt":"2026-03-27T11:31:09","slug":"scots-pine-oil","status":"publish","type":"product","link":"https:\/\/www.oleaia.com\/ch-it\/products\/scots-pine-oil\/","title":{"rendered":"Olio di pino silvestre - 1 litro"},"content":{"rendered":"<p><strong><img decoding=\"async\" style=\"margin-right: 12px;\" src=\"https:\/\/www.oleaia.com\/wp-content\/uploads\/2026\/03\/Check.svg\" alt=\"\" width=\"18\" height=\"15\" \/>Efficacia impareggiabile per la chiarezza respiratoria, il sollievo muscolare e la vitalit\u00e0 rinvigorente.<\/strong> L'olio di pino silvestre \u00e8 la soluzione naturale pi\u00f9 efficace per favorire una respirazione chiara, lenire la sensazione di tensione muscolare e rivitalizzare corpo e mente. Estratto dagli aghi del pino, \u00e8 tradizionalmente apprezzato per il suo aroma rinfrescante, simile a quello della foresta, che aiuta a purificare l'aria, a stimolare la circolazione e a contribuire a uno stato di energia e freschezza con un uso costante.<\/p>\n<p><strong><img decoding=\"async\" style=\"margin-right: 12px;\" src=\"https:\/\/www.oleaia.com\/wp-content\/uploads\/2026\/03\/Check.svg\" alt=\"\" width=\"18\" height=\"15\" \/>L'olio di pino silvestre di qualit\u00e0 superiore pi\u00f9 economico disponibile sul mercato.<\/strong> Siamo i pi\u00f9 economici sul mercato pur mantenendo rigorosi standard di qualit\u00e0, garantendo un valore eccezionale senza compromettere la purezza, la freschezza o l'efficacia. Questa convenienza permette all'olio di pino silvestre di essere utilizzato quotidianamente nell'aromaterapia, nei massaggi e nelle routine di benessere.<\/p>\n<p><strong><img decoding=\"async\" style=\"margin-right: 12px;\" src=\"https:\/\/www.oleaia.com\/wp-content\/uploads\/2026\/03\/Check.svg\" alt=\"\" width=\"18\" height=\"15\" \/>Consegna rapida e affidabile in 24 ore.<\/strong> Offriamo sempre una consegna in 24 ore, garantendo che l'olio di pino silvestre arrivi in modo rapido ed efficiente. La spedizione tempestiva assicura una continuit\u00e0 ininterrotta nelle pratiche di cura e rivitalizzazione delle vie respiratorie.<\/p>\n<p><strong><img decoding=\"async\" style=\"margin-right: 12px;\" src=\"https:\/\/www.oleaia.com\/wp-content\/uploads\/2026\/03\/Check.svg\" alt=\"\" width=\"18\" height=\"15\" \/>Garanzia di rimborso per una totale rassicurazione.<\/strong> Offriamo una garanzia di rimborso. Se il cliente non \u00e8 soddisfatto, lo rimborseremo. Questo impegno trasparente riflette la fiducia nella qualit\u00e0 del prodotto e offre un'esperienza di acquisto completamente priva di rischi.<\/p>\n<p><strong><img decoding=\"async\" style=\"margin-right: 12px;\" src=\"https:\/\/www.oleaia.com\/wp-content\/uploads\/2026\/03\/Check.svg\" alt=\"\" width=\"18\" height=\"15\" \/>Interamente biologico per un autentico benessere di origine forestale.<\/strong> Il nostro olio di pino silvestre \u00e8 interamente biologico, prodotto nel rispetto della responsabilit\u00e0 ambientale e della raccolta sostenibile degli aghi di pino. Questo impegno garantisce l'allineamento con le tradizioni del benessere naturale e con i principi del vivere pulito.<\/p>\n<p><strong><img decoding=\"async\" style=\"margin-right: 12px;\" src=\"https:\/\/www.oleaia.com\/wp-content\/uploads\/2026\/03\/Check.svg\" alt=\"\" width=\"18\" height=\"15\" \/>Favorisce la freschezza dell'apparato respiratorio e la sensazione di respiro libero.<\/strong> L'olio di pino silvestre \u00e8 ampiamente apprezzato per aiutare ad aprire le vie respiratorie e favorire una sensazione di maggiore facilit\u00e0 di respirazione quando viene utilizzato in aromaterapia.<\/p>\n<p><strong><img decoding=\"async\" style=\"margin-right: 12px;\" src=\"https:\/\/www.oleaia.com\/wp-content\/uploads\/2026\/03\/Check.svg\" alt=\"\" width=\"18\" height=\"15\" \/>Favorisce il comfort muscolare e il recupero post-attivit\u00e0.<\/strong> Con l'uso regolare nel massaggio, aiuta a mantenere il comfort fisico, soprattutto dopo uno sforzo o una tensione prolungata.<\/p>\n<p><strong><img decoding=\"async\" style=\"margin-right: 12px;\" src=\"https:\/\/www.oleaia.com\/wp-content\/uploads\/2026\/03\/Check.svg\" alt=\"\" width=\"18\" height=\"15\" \/>Favorisce la circolazione e la vitalit\u00e0 del corpo.<\/strong> Le sue propriet\u00e0 stimolanti contribuiscono a creare un effetto riscaldante ed energizzante sulla pelle, contribuendo a una sensazione di rivitalizzazione.<\/p>\n<p><strong><img decoding=\"async\" style=\"margin-right: 12px;\" src=\"https:\/\/www.oleaia.com\/wp-content\/uploads\/2026\/03\/Check.svg\" alt=\"\" width=\"18\" height=\"15\" \/>Migliora la lucidit\u00e0 mentale e riduce la stanchezza.<\/strong> L'aroma frizzante e legnoso aiuta a risvegliare i sensi, a migliorare la concentrazione e a ridurre la sensazione di stanchezza mentale.<\/p>\n<p><strong><img decoding=\"async\" style=\"margin-right: 12px;\" src=\"https:\/\/www.oleaia.com\/wp-content\/uploads\/2026\/03\/Check.svg\" alt=\"\" width=\"18\" height=\"15\" \/>Supporta la purificazione degli ambienti interni.<\/strong> Diffuso negli spazi abitativi, l'olio di pino silvestre contribuisce a creare un'atmosfera pulita, fresca e forestale che favorisce il benessere.<\/p>\n<p><strong><img decoding=\"async\" style=\"margin-right: 12px;\" src=\"https:\/\/www.oleaia.com\/wp-content\/uploads\/2026\/03\/Check.svg\" alt=\"\" width=\"18\" height=\"15\" \/>Favorisce il rilassamento unito a una stimolazione delicata.<\/strong> Bilancia in modo unico gli effetti calmanti ed energizzanti, rendendolo adatto sia al recupero che alla concentrazione.<\/p>\n<p><strong><img decoding=\"async\" style=\"margin-right: 12px;\" src=\"https:\/\/www.oleaia.com\/wp-content\/uploads\/2026\/03\/Check.svg\" alt=\"\" width=\"18\" height=\"15\" \/>Ideale per il benessere stagionale, i massaggi e l'aromaterapia.<\/strong> L'olio di pino silvestre \u00e8 particolarmente indicato per i periodi che richiedono un supporto respiratorio, un recupero fisico e una rinnovata energia.<\/p>\n<p><strong><img decoding=\"async\" style=\"margin-right: 12px;\" src=\"https:\/\/www.oleaia.com\/wp-content\/uploads\/2026\/03\/Check.svg\" alt=\"\" width=\"18\" height=\"15\" \/>Versatile per l'aromaterapia, l'uso topico diluito e il massaggio.<\/strong> L'olio di pino silvestre, se usato in modo appropriato, si integra perfettamente in una routine di benessere completa.<\/p>\n<p><strong><img decoding=\"async\" style=\"margin-right: 12px;\" src=\"https:\/\/www.oleaia.com\/wp-content\/uploads\/2026\/03\/Check.svg\" alt=\"\" width=\"18\" height=\"15\" \/>Gi\u00e0 arricchito con un olio nutriente per un'applicazione delicata e un comfort ottimale.<\/strong> Il nostro olio di pino silvestre \u00e8 gi\u00e0 arricchito con un olio nutriente per garantire un'intensit\u00e0 controllata, una migliore spalmabilit\u00e0, un comfort ottimale e una facilit\u00e0 d'uso. Questa accurata formulazione consente un'applicazione uniforme e sicura sulla pelle.<\/p>\n<h2><strong>Istruzioni<\/strong><\/h2>\n<ul>\n<li>Per uso aromatico, aggiungere da 3 a 5 gocce in un diffusore riempito d'acqua e diffondere per 15-30 minuti.<\/li>\n<li>Per il comfort respiratorio, diffondere in un ambiente ben ventilato o inalare delicatamente dalle mani.<\/li>\n<li>Per uso topico, diluire e applicare da 2 a 4 gocce sul petto, sulla schiena o sui piedi.<\/li>\n<li>Per alleviare i muscoli, massaggiare l'olio diluito su zone mirate come gambe, spalle o parte bassa della schiena.<\/li>\n<li>Utilizzare una o due volte al giorno, a seconda delle esigenze individuali.<\/li>\n<li>La dose massima giornaliera raccomandata per uso topico \u00e8 di circa 5-6 gocce diluite.<\/li>\n<li>Eseguire un patch test prima del primo utilizzo per valutare la compatibilit\u00e0 cutanea.<\/li>\n<li>Evitare il contatto con gli occhi, le mucose e le aree sensibili.<\/li>\n<li>Non applicare sulla pelle irritata o danneggiata.<\/li>\n<li>Sconsigliato in gravidanza e per i bambini piccoli senza il parere di un professionista.<\/li>\n<li>Usare in quantit\u00e0 moderate a causa della sua natura attiva.<\/li>\n<li>Conservare in un luogo fresco e asciutto, lontano dalla luce diretta del sole, e tenere il flacone ben chiuso dopo ogni utilizzo.<\/li>\n<\/ul>","protected":false},"excerpt":{"rendered":"<p>Unmatched effectiveness for respiratory clarity, muscle relief, and invigorating vitality. Scots pine oil is the most effective natural solution for promoting clear breathing, soothing the sensation of muscular tension, and revitalizing both body and mind. Extracted from the needles of the pine tree, it is traditionally valued for its refreshing, forest-like aroma that helps purify [&hellip;]<\/p>\n","protected":false},"featured_media":23889,"comment_status":"open","ping_status":"closed","template":"","meta":{"_uag_custom_page_level_css":"","site-sidebar-layout":"default","site-content-layout":"","ast-site-content-layout":"default","site-content-style":"default","site-sidebar-style":"default","ast-global-header-display":"","ast-banner-title-visibility":"","ast-main-header-display":"","ast-hfb-above-header-display":"","ast-hfb-below-header-display":"","ast-hfb-mobile-header-display":"","site-post-title":"","ast-breadcrumbs-content":"","ast-featured-img":"","footer-sml-layout":"","ast-disable-related-posts":"","theme-transparent-header-meta":"default","adv-header-id-meta":"","stick-header-meta":"","header-above-stick-meta":"","header-main-stick-meta":"","header-below-stick-meta":"","astra-migrate-meta-layouts":"set","ast-page-background-enabled":"default","ast-page-background-meta":{"desktop":{"background-color":"var(--ast-global-color-4)","background-image":"","background-repeat":"repeat","background-position":"center center","background-size":"auto","background-attachment":"scroll","background-type":"","background-media":"","overlay-type":"","overlay-color":"","overlay-opacity":"","overlay-gradient":""},"tablet":{"background-color":"","background-image":"","background-repeat":"repeat","background-position":"center center","background-size":"auto","background-attachment":"scroll","background-type":"","background-media":"","overlay-type":"","overlay-color":"","overlay-opacity":"","overlay-gradient":""},"mobile":{"background-color":"","background-image":"","background-repeat":"repeat","background-position":"center center","background-size":"auto","background-attachment":"scroll","background-type":"","background-media":"","overlay-type":"","overlay-color":"","overlay-opacity":"","overlay-gradient":""}},"ast-content-background-meta":{"desktop":{"background-color":"var(--ast-global-color-5)","background-image":"","background-repeat":"repeat","background-position":"center center","background-size":"auto","background-attachment":"scroll","background-type":"","background-media":"","overlay-type":"","overlay-color":"","overlay-opacity":"","overlay-gradient":""},"tablet":{"background-color":"var(--ast-global-color-5)","background-image":"","background-repeat":"repeat","background-position":"center center","background-size":"auto","background-attachment":"scroll","background-type":"","background-media":"","overlay-type":"","overlay-color":"","overlay-opacity":"","overlay-gradient":""},"mobile":{"background-color":"var(--ast-global-color-5)","background-image":"","background-repeat":"repeat","background-position":"center center","background-size":"auto","background-attachment":"scroll","background-type":"","background-media":"","overlay-type":"","overlay-color":"","overlay-opacity":"","overlay-gradient":""}}},"product_brand":[],"product_cat":[15],"product_tag":[],"class_list":{"0":"post-23405","1":"product","2":"type-product","3":"status-publish","4":"has-post-thumbnail","6":"product_cat-shop","7":"desktop-align-left","8":"tablet-align-left","9":"mobile-align-left","11":"first","12":"instock","13":"shipping-taxable","14":"purchasable","15":"product-type-simple"},"spectra_custom_meta":{"_edit_lock":["1774610980:1"],"_edit_last":["1"],"merchant-center-availability":["yes"],"merchant-center-category":["6104"],"_thumbnail_id":["23889"],"_wp_page_template":["default"],"_sku":["OLSCOTSPINEOIL"],"_global_unique_id":["5056773821477"],"_regular_price":["29.90"],"total_sales":["3"],"_tax_status":["taxable"],"_tax_class":[""],"_manage_stock":["no"],"_backorders":["no"],"_sold_individually":["no"],"_weight":["1.3"],"_virtual":["no"],"_downloadable":["no"],"_download_limit":["-1"],"_download_expiry":["-1"],"_stock":[null],"_stock_status":["instock"],"_wc_average_rating":["5.00"],"_wc_review_count":["4"],"_product_version":["10.6.1"],"_price":["29.90"],"site-sidebar-layout":["default"],"ast-site-content-layout":["default"],"site-content-style":["default"],"site-sidebar-style":["default"],"theme-transparent-header-meta":["default"],"_wc_rating_count":["a:1:{i:5;i:4;}"],"astra-migrate-meta-layouts":["set"],"_uag_css_file_name":["uag-css-23405.css"],"_elementor_page_assets":["a:0:{}"],"_uag_page_assets":["a:9:{s:3:\"css\";s:6893:\".wp-block-uagb-image{display:flex}.wp-block-uagb-image__figure{position:relative;display:flex;flex-direction:column;max-width:100%;height:auto;margin:0}.wp-block-uagb-image__figure img{height:auto;display:flex;max-width:100%;transition:box-shadow 0.2s ease}.wp-block-uagb-image__figure>a{display:inline-block}.wp-block-uagb-image__figure figcaption{text-align:center;margin-top:0.5em;margin-bottom:1em}.wp-block-uagb-image .components-placeholder.block-editor-media-placeholder .components-placeholder__instructions{align-self:center}.wp-block-uagb-image--align-left{text-align:left}.wp-block-uagb-image--align-right{text-align:right}.wp-block-uagb-image--align-center{text-align:center}.wp-block-uagb-image--align-full .wp-block-uagb-image__figure{margin-left:calc(50% - 50vw);margin-right:calc(50% - 50vw);max-width:100vw;width:100vw;height:auto}.wp-block-uagb-image--align-full .wp-block-uagb-image__figure img{height:auto;width:100% !important}.wp-block-uagb-image--align-wide .wp-block-uagb-image__figure img{height:auto;width:100%}.wp-block-uagb-image--layout-overlay__color-wrapper{position:absolute;left:0;top:0;right:0;bottom:0;opacity:0.2;background:rgba(0,0,0,0.5);transition:opacity 0.35s ease-in-out}.wp-block-uagb-image--layout-overlay-link{position:absolute;left:0;right:0;bottom:0;top:0}.wp-block-uagb-image--layout-overlay .wp-block-uagb-image__figure:hover .wp-block-uagb-image--layout-overlay__color-wrapper{opacity:1}.wp-block-uagb-image--layout-overlay__inner{position:absolute;left:15px;right:15px;bottom:15px;top:15px;display:flex;align-items:center;justify-content:center;flex-direction:column;border-color:#fff;transition:0.35s ease-in-out}.wp-block-uagb-image--layout-overlay__inner.top-left,.wp-block-uagb-image--layout-overlay__inner.top-center,.wp-block-uagb-image--layout-overlay__inner.top-right{justify-content:flex-start}.wp-block-uagb-image--layout-overlay__inner.bottom-left,.wp-block-uagb-image--layout-overlay__inner.bottom-center,.wp-block-uagb-image--layout-overlay__inner.bottom-right{justify-content:flex-end}.wp-block-uagb-image--layout-overlay__inner.top-left,.wp-block-uagb-image--layout-overlay__inner.center-left,.wp-block-uagb-image--layout-overlay__inner.bottom-left{align-items:flex-start}.wp-block-uagb-image--layout-overlay__inner.top-right,.wp-block-uagb-image--layout-overlay__inner.center-right,.wp-block-uagb-image--layout-overlay__inner.bottom-right{align-items:flex-end}.wp-block-uagb-image--layout-overlay__inner .uagb-image-heading{color:#fff;transition:transform 0.35s, opacity 0.35s ease-in-out;transform:translate3d(0, 24px, 0);margin:0;line-height:1em}.wp-block-uagb-image--layout-overlay__inner .uagb-image-separator{width:30%;border-top-width:2px;border-top-color:#fff;border-top-style:solid;margin-bottom:10px;opacity:0;transition:transform 0.4s, opacity 0.4s ease-in-out;transform:translate3d(0, 30px, 0)}.wp-block-uagb-image--layout-overlay__inner .uagb-image-caption{opacity:0;overflow:visible;color:#fff;transition:transform 0.45s, opacity 0.45s ease-in-out;transform:translate3d(0, 35px, 0)}.wp-block-uagb-image--layout-overlay__inner:hover .uagb-image-heading,.wp-block-uagb-image--layout-overlay__inner:hover .uagb-image-separator,.wp-block-uagb-image--layout-overlay__inner:hover .uagb-image-caption{opacity:1;transform:translate3d(0, 0, 0)}.wp-block-uagb-image--effect-zoomin .wp-block-uagb-image__figure img,.wp-block-uagb-image--effect-zoomin .wp-block-uagb-image__figure .wp-block-uagb-image--layout-overlay__color-wrapper{transform:scale(1);transition:transform 0.35s ease-in-out}.wp-block-uagb-image--effect-zoomin .wp-block-uagb-image__figure:hover img,.wp-block-uagb-image--effect-zoomin .wp-block-uagb-image__figure:hover .wp-block-uagb-image--layout-overlay__color-wrapper{transform:scale(1.05)}.wp-block-uagb-image--effect-slide .wp-block-uagb-image__figure img,.wp-block-uagb-image--effect-slide .wp-block-uagb-image__figure .wp-block-uagb-image--layout-overlay__color-wrapper{width:calc(100% + 40px) !important;max-width:none !important;transform:translate3d(-40px, 0, 0);transition:transform 0.35s ease-in-out}.wp-block-uagb-image--effect-slide .wp-block-uagb-image__figure:hover img,.wp-block-uagb-image--effect-slide .wp-block-uagb-image__figure:hover .wp-block-uagb-image--layout-overlay__color-wrapper{transform:translate3d(0, 0, 0)}.wp-block-uagb-image--effect-grayscale img{filter:grayscale(0%);transition:0.35s ease-in-out}.wp-block-uagb-image--effect-grayscale:hover img{filter:grayscale(100%)}.wp-block-uagb-image--effect-blur img{filter:blur(0);transition:0.35s ease-in-out}.wp-block-uagb-image--effect-blur:hover img{filter:blur(3px)}\n.uagb-block-e6f939b3.wp-block-uagb-image--layout-default figure img{box-shadow: 0px 0px 0 #00000070;}.uagb-block-e6f939b3.wp-block-uagb-image .wp-block-uagb-image__figure figcaption{font-style: normal;align-self: center;}.uagb-block-e6f939b3.wp-block-uagb-image--layout-overlay figure img{box-shadow: 0px 0px 0 #00000070;}.uagb-block-e6f939b3.wp-block-uagb-image--layout-overlay .wp-block-uagb-image--layout-overlay__color-wrapper{opacity: 0.2;}.uagb-block-e6f939b3.wp-block-uagb-image--layout-overlay .wp-block-uagb-image--layout-overlay__inner{left: 15px;right: 15px;top: 15px;bottom: 15px;}.uagb-block-e6f939b3.wp-block-uagb-image--layout-overlay .wp-block-uagb-image--layout-overlay__inner .uagb-image-heading{font-style: normal;color: #fff;opacity: 1;}.uagb-block-e6f939b3.wp-block-uagb-image--layout-overlay .wp-block-uagb-image--layout-overlay__inner .uagb-image-heading a{color: #fff;}.uagb-block-e6f939b3.wp-block-uagb-image--layout-overlay .wp-block-uagb-image--layout-overlay__inner .uagb-image-caption{opacity: 0;}.uagb-block-e6f939b3.wp-block-uagb-image--layout-overlay .wp-block-uagb-image__figure:hover .wp-block-uagb-image--layout-overlay__color-wrapper{opacity: 1;}.uagb-block-e6f939b3.wp-block-uagb-image .wp-block-uagb-image--layout-overlay__inner .uagb-image-separator{width: 30%;border-top-width: 2px;border-top-color: #fff;opacity: 0;}.uagb-block-e6f939b3.wp-block-uagb-image .wp-block-uagb-image__figure img{width: px;height: auto;}.uagb-block-e6f939b3.wp-block-uagb-image .wp-block-uagb-image__figure:hover .wp-block-uagb-image--layout-overlay__inner .uagb-image-caption{opacity: 1;}.uagb-block-e6f939b3.wp-block-uagb-image .wp-block-uagb-image__figure:hover .wp-block-uagb-image--layout-overlay__inner .uagb-image-separator{opacity: 1;}.uagb-block-e6f939b3.wp-block-uagb-image--layout-default figure:hover img{box-shadow: 0px 0px 0 #00000070;}.uagb-block-e6f939b3.wp-block-uagb-image--layout-overlay figure:hover img{box-shadow: 0px 0px 0 #00000070;}@media only screen and (max-width: 976px) {.uagb-block-e6f939b3.wp-block-uagb-image .wp-block-uagb-image__figure img{width: px;height: auto;}}@media only screen and (max-width: 767px) {.uagb-block-e6f939b3.wp-block-uagb-image .wp-block-uagb-image__figure img{width: px;height: auto;}}\";s:2:\"js\";s:0:\"\";s:18:\"current_block_list\";a:13:{i:0;s:11:\"core\/search\";i:1;s:10:\"core\/group\";i:2;s:12:\"core\/heading\";i:3;s:17:\"core\/latest-posts\";i:4;s:20:\"core\/latest-comments\";i:5;s:13:\"core\/archives\";i:6;s:15:\"core\/categories\";i:7;s:14:\"core\/paragraph\";i:8;s:10:\"uagb\/image\";i:9;s:11:\"core\/spacer\";i:10;s:30:\"woocommerce\/product-categories\";i:11;s:10:\"core\/image\";i:12;s:14:\"core\/shortcode\";}s:8:\"uag_flag\";b:1;s:11:\"uag_version\";s:10:\"1776365229\";s:6:\"gfonts\";a:0:{}s:10:\"gfonts_url\";s:0:\"\";s:12:\"gfonts_files\";a:0:{}s:14:\"uag_faq_layout\";b:0;}"]},"uagb_featured_image_src":{"full":["https:\/\/www.oleaia.com\/wp-content\/uploads\/2025\/07\/Oleaia-Scots-Pine-Oil-1L.jpg",2560,2560,false],"thumbnail":["https:\/\/www.oleaia.com\/wp-content\/uploads\/2025\/07\/Oleaia-Scots-Pine-Oil-1L-150x150.jpg",150,150,true],"medium":["https:\/\/www.oleaia.com\/wp-content\/uploads\/2025\/07\/Oleaia-Scots-Pine-Oil-1L-300x300.jpg",300,300,true],"medium_large":["https:\/\/www.oleaia.com\/wp-content\/uploads\/2025\/07\/Oleaia-Scots-Pine-Oil-1L-768x768.jpg",768,768,true],"large":["https:\/\/www.oleaia.com\/wp-content\/uploads\/2025\/07\/Oleaia-Scots-Pine-Oil-1L-1024x1024.jpg",1024,1024,true],"1536x1536":["https:\/\/www.oleaia.com\/wp-content\/uploads\/2025\/07\/Oleaia-Scots-Pine-Oil-1L-1536x1536.jpg",1536,1536,true],"2048x2048":["https:\/\/www.oleaia.com\/wp-content\/uploads\/2025\/07\/Oleaia-Scots-Pine-Oil-1L-2048x2048.jpg",2048,2048,true],"trp-custom-language-flag":["https:\/\/www.oleaia.com\/wp-content\/uploads\/2025\/07\/Oleaia-Scots-Pine-Oil-1L-12x12.jpg",12,12,true],"woocommerce_thumbnail":["https:\/\/www.oleaia.com\/wp-content\/uploads\/2025\/07\/Oleaia-Scots-Pine-Oil-1L-300x300.jpg",300,300,true],"woocommerce_single":["https:\/\/www.oleaia.com\/wp-content\/uploads\/2025\/07\/Oleaia-Scots-Pine-Oil-1L-600x600.jpg",600,600,true],"woocommerce_gallery_thumbnail":["https:\/\/www.oleaia.com\/wp-content\/uploads\/2025\/07\/Oleaia-Scots-Pine-Oil-1L-100x100.jpg",100,100,true]},"uagb_author_info":{"display_name":"admin","author_link":"https:\/\/www.oleaia.com\/ch-it\/author\/"},"uagb_comment_info":4,"uagb_excerpt":"Unmatched effectiveness for respiratory clarity, muscle relief, and invigorating vitality. Scots pine oil is the most effective natural solution for promoting clear breathing, soothing the sensation of muscular tension, and revitalizing both body and mind. Extracted from the needles of the pine tree, it is traditionally valued for its refreshing, forest-like aroma that helps purify&hellip;","_links":{"self":[{"href":"https:\/\/www.oleaia.com\/ch-it\/wp-json\/wp\/v2\/product\/23405","targetHints":{"allow":["GET"]}}],"collection":[{"href":"https:\/\/www.oleaia.com\/ch-it\/wp-json\/wp\/v2\/product"}],"about":[{"href":"https:\/\/www.oleaia.com\/ch-it\/wp-json\/wp\/v2\/types\/product"}],"replies":[{"embeddable":true,"href":"https:\/\/www.oleaia.com\/ch-it\/wp-json\/wp\/v2\/comments?post=23405"}],"version-history":[{"count":4,"href":"https:\/\/www.oleaia.com\/ch-it\/wp-json\/wp\/v2\/product\/23405\/revisions"}],"predecessor-version":[{"id":81255,"href":"https:\/\/www.oleaia.com\/ch-it\/wp-json\/wp\/v2\/product\/23405\/revisions\/81255"}],"wp:featuredmedia":[{"embeddable":true,"href":"https:\/\/www.oleaia.com\/ch-it\/wp-json\/wp\/v2\/media\/23889"}],"wp:attachment":[{"href":"https:\/\/www.oleaia.com\/ch-it\/wp-json\/wp\/v2\/media?parent=23405"}],"wp:term":[{"taxonomy":"product_brand","embeddable":true,"href":"https:\/\/www.oleaia.com\/ch-it\/wp-json\/wp\/v2\/product_brand?post=23405"},{"taxonomy":"product_cat","embeddable":true,"href":"https:\/\/www.oleaia.com\/ch-it\/wp-json\/wp\/v2\/product_cat?post=23405"},{"taxonomy":"product_tag","embeddable":true,"href":"https:\/\/www.oleaia.com\/ch-it\/wp-json\/wp\/v2\/product_tag?post=23405"}],"curies":[{"name":"wp","href":"https:\/\/api.w.org\/{rel}","templated":true}]}}