{"id":180,"date":"2025-04-11T06:44:20","date_gmt":"2025-04-11T04:44:20","guid":{"rendered":"https:\/\/www.stoprodent.com\/?page_id=180"},"modified":"2025-04-11T06:44:21","modified_gmt":"2025-04-11T04:44:21","slug":"payment-method","status":"publish","type":"page","link":"https:\/\/www.oleaia.com\/cz\/payment-method\/","title":{"rendered":"Zp\u016fsob platby"},"content":{"rendered":"<p><strong>\u010cl\u00e1nek 1. Obecn\u011b<\/strong><\/p>\n\n\n\n<p>Nab\u00edz\u00edme r\u016fzn\u00e9 zp\u016fsoby platby pro potvrzen\u00ed objedn\u00e1vky. V z\u00e1vislosti na v\u00fd\u0161i objedn\u00e1vky, zvolen\u00e9m zp\u016fsobu doru\u010den\u00ed nebo doru\u010dovac\u00ed adrese budou k dispozici ur\u010dit\u00e9 platebn\u00ed metody. N\u00ed\u017ee naleznete podrobnosti o b\u011b\u017en\u011b p\u0159ij\u00edman\u00fdch zp\u016fsobech platby.<\/p>\n\n\n\n<p><strong>\u010cl\u00e1nek 2. Bankovn\u00ed karta<\/strong><\/p>\n\n\n\n<p>V\u0161echny platby kreditn\u00ed kartou jsou zabezpe\u010deny pomoc\u00ed \u0161ifrovac\u00ed technologie SSL. Ve skute\u010dnosti jsou v\u0161echny informace souvisej\u00edc\u00ed s platbou \u0161ifrov\u00e1ny z va\u0161eho po\u010d\u00edta\u010de na server banky. Po\u010d\u00edta\u010dov\u00e9 zpracov\u00e1n\u00ed s k\u00f3dovan\u00fdm kl\u00ed\u010dem umo\u017e\u0148uje pou\u017eit\u00ed bankovn\u00edch informac\u00ed. V\u0161echny tyto informace z\u016fst\u00e1vaj\u00ed d\u016fv\u011brn\u00e9 a nelze je zobrazit ani pou\u017e\u00edt bez va\u0161eho v\u011bdom\u00ed. Tento zp\u016fsob platby umo\u017e\u0148uje rychl\u00e9 zpracov\u00e1n\u00ed objedn\u00e1vky. P\u0159ij\u00edm\u00e1me v\u0161echny platebn\u00ed karty, v\u010detn\u011b karet Visa, Mastercard, Carte Bleue, Maestro, Visa Electron, American Express, Discover, Diners Club, China UnionPay a JCB.<\/p>\n\n\n\n<p><strong>\u010cl\u00e1nek 3. PayPal<\/strong><\/p>\n\n\n\n<p>Pokud m\u00e1te \u00fa\u010det PayPal a propojenou kreditn\u00ed kartu, m\u016f\u017eete tento zp\u016fsob platby pou\u017e\u00edt pro svou objedn\u00e1vku, pokud jsou v\u0161echny polo\u017eky v ko\u0161\u00edku skladem. Po dokon\u010den\u00ed platby p\u0159es PayPal nezapome\u0148te objedn\u00e1vku potvrdit (postupujte podle pokyn\u016f spole\u010dnosti PayPal b\u011bhem platby). Odpo\u010det bude proveden prost\u0159ednictv\u00edm slu\u017eby PayPal a\u017e po potvrzen\u00ed objedn\u00e1vky na na\u0161ich webov\u00fdch str\u00e1nk\u00e1ch. Upozor\u0148ujeme, \u017ee s v\u00fdjimkou nov\u00e9 objedn\u00e1vky nikdy nepos\u00edlejte platbu p\u0159es PayPal p\u0159\u00edmo.<\/p>\n\n\n\n<p><strong>\u010cl\u00e1nek 4. Bankovn\u00ed \u0161ek<\/strong><\/p>\n\n\n\n<p>Jakmile bude va\u0161e objedn\u00e1vka potvrzena, na\u0161e t\u00fdmy v\u00e1s budou kontaktovat a sd\u011bl\u00ed v\u00e1m platebn\u00ed \u00fadaje. Na zadn\u00ed stranu \u0161eku uve\u010fte \u010d\u00edslo objedn\u00e1vky. Toto \u010d\u00edslo je tak\u00e9 uvedeno v e-mailu s potvrzen\u00edm objedn\u00e1vky, kter\u00fd jste obdr\u017eeli. \u010c\u00edslo objedn\u00e1vky m\u016f\u017eete tak\u00e9 napsat na oby\u010dejn\u00fd pap\u00edr nebo k dopisu p\u0159ilo\u017eit kopii e-mailu s potvrzen\u00edm objedn\u00e1vky. U ka\u017ed\u00e9 objedn\u00e1vky nad 2 000 EUR placen\u00e9 \u0161ekem m\u016f\u017ee b\u00fdt vy\u017e\u00e1d\u00e1n pokladn\u00ed \u0161ek. Doporu\u010d\u00edme v\u00e1m, abyste se obr\u00e1tili na svou banku a z\u00edskali tento pokladn\u00ed \u0161ek. Vezm\u011bte pros\u00edm na v\u011bdom\u00ed, \u017ee p\u0159\u00edprava va\u0161\u00ed objedn\u00e1vky a rezervace zbo\u017e\u00ed prob\u011bhne a\u017e po obdr\u017een\u00ed platby.<\/p>\n\n\n\n<p><strong>\u010cl\u00e1nek 5. Bankovn\u00ed p\u0159evod<\/strong><\/p>\n\n\n\n<p>U v\u0161ech objedn\u00e1vek p\u0159ij\u00edm\u00e1me platby bankovn\u00edm p\u0159evodem. Po potvrzen\u00ed p\u0159ijet\u00ed p\u0159evodu na\u0161imi slu\u017ebami m\u016f\u017ee b\u00fdt objedn\u00e1vka potvrzena. Upozor\u0148ujeme, \u017ee zbo\u017e\u00ed nen\u00ed rezervov\u00e1no, dokud platbu skute\u010dn\u011b nepotvrd\u00edme. Pokud chcete objedn\u00e1vku obdr\u017eet co nejrychleji, doporu\u010dujeme platbu kreditn\u00ed kartou. Chcete-li z\u00edskat na\u0161e bankovn\u00ed \u00fadaje, vy\u017e\u00e1dejte si je e-mailem. Je d\u016fle\u017eit\u00e9, abyste v odkazu na platbu uvedli \u010d\u00edslo sv\u00e9 objedn\u00e1vky.<\/p>","protected":false},"excerpt":{"rendered":"<p>Article 1. General We offer various different payment methods to validate an order. Depending on the order amount, chosen delivery method, or delivery address, certain payment methods will be available. Below, you&#8217;ll find the details of the commonly accepted payment methods. Article 2. Bank card For all your credit card payments, the transaction is secured [&hellip;]<\/p>\n","protected":false},"author":1,"featured_media":0,"parent":0,"menu_order":0,"comment_status":"closed","ping_status":"closed","template":"","meta":{"_uag_custom_page_level_css":"","site-sidebar-layout":"default","site-content-layout":"","ast-site-content-layout":"default","site-content-style":"default","site-sidebar-style":"default","ast-global-header-display":"","ast-banner-title-visibility":"","ast-main-header-display":"","ast-hfb-above-header-display":"","ast-hfb-below-header-display":"","ast-hfb-mobile-header-display":"","site-post-title":"","ast-breadcrumbs-content":"","ast-featured-img":"","footer-sml-layout":"","ast-disable-related-posts":"","theme-transparent-header-meta":"","adv-header-id-meta":"","stick-header-meta":"","header-above-stick-meta":"","header-main-stick-meta":"","header-below-stick-meta":"","astra-migrate-meta-layouts":"default","ast-page-background-enabled":"default","ast-page-background-meta":{"desktop":{"background-color":"var(--ast-global-color-4)","background-image":"","background-repeat":"repeat","background-position":"center center","background-size":"auto","background-attachment":"scroll","background-type":"","background-media":"","overlay-type":"","overlay-color":"","overlay-opacity":"","overlay-gradient":""},"tablet":{"background-color":"","background-image":"","background-repeat":"repeat","background-position":"center center","background-size":"auto","background-attachment":"scroll","background-type":"","background-media":"","overlay-type":"","overlay-color":"","overlay-opacity":"","overlay-gradient":""},"mobile":{"background-color":"","background-image":"","background-repeat":"repeat","background-position":"center center","background-size":"auto","background-attachment":"scroll","background-type":"","background-media":"","overlay-type":"","overlay-color":"","overlay-opacity":"","overlay-gradient":""}},"ast-content-background-meta":{"desktop":{"background-color":"var(--ast-global-color-5)","background-image":"","background-repeat":"repeat","background-position":"center center","background-size":"auto","background-attachment":"scroll","background-type":"","background-media":"","overlay-type":"","overlay-color":"","overlay-opacity":"","overlay-gradient":""},"tablet":{"background-color":"var(--ast-global-color-5)","background-image":"","background-repeat":"repeat","background-position":"center center","background-size":"auto","background-attachment":"scroll","background-type":"","background-media":"","overlay-type":"","overlay-color":"","overlay-opacity":"","overlay-gradient":""},"mobile":{"background-color":"var(--ast-global-color-5)","background-image":"","background-repeat":"repeat","background-position":"center center","background-size":"auto","background-attachment":"scroll","background-type":"","background-media":"","overlay-type":"","overlay-color":"","overlay-opacity":"","overlay-gradient":""}},"footnotes":""},"class_list":["post-180","page","type-page","status-publish","hentry"],"spectra_custom_meta":{"_edit_lock":["1752849010:1"],"_wpml_word_count":["409"],"_edit_last":["1"],"_wpml_media_duplicate":["1"],"_wpml_media_featured":["1"],"rank_math_news_sitemap_robots":["index"],"rank_math_robots":["a:1:{i:0;s:5:\"index\";}"],"_uag_css_file_name":["uag-css-180.css"],"_uag_page_assets":["a:9:{s:3:\"css\";s:7156:\".uag-blocks-common-selector{z-index:var(--z-index-desktop) !important}@media (max-width: 976px){.uag-blocks-common-selector{z-index:var(--z-index-tablet) !important}}@media (max-width: 767px){.uag-blocks-common-selector{z-index:var(--z-index-mobile) !important}}\n.wp-block-uagb-image{display:flex}.wp-block-uagb-image__figure{position:relative;display:flex;flex-direction:column;max-width:100%;height:auto;margin:0}.wp-block-uagb-image__figure img{height:auto;display:flex;max-width:100%;transition:box-shadow 0.2s ease}.wp-block-uagb-image__figure>a{display:inline-block}.wp-block-uagb-image__figure figcaption{text-align:center;margin-top:0.5em;margin-bottom:1em}.wp-block-uagb-image .components-placeholder.block-editor-media-placeholder .components-placeholder__instructions{align-self:center}.wp-block-uagb-image--align-left{text-align:left}.wp-block-uagb-image--align-right{text-align:right}.wp-block-uagb-image--align-center{text-align:center}.wp-block-uagb-image--align-full .wp-block-uagb-image__figure{margin-left:calc(50% - 50vw);margin-right:calc(50% - 50vw);max-width:100vw;width:100vw;height:auto}.wp-block-uagb-image--align-full .wp-block-uagb-image__figure img{height:auto;width:100% !important}.wp-block-uagb-image--align-wide .wp-block-uagb-image__figure img{height:auto;width:100%}.wp-block-uagb-image--layout-overlay__color-wrapper{position:absolute;left:0;top:0;right:0;bottom:0;opacity:0.2;background:rgba(0,0,0,0.5);transition:opacity 0.35s ease-in-out}.wp-block-uagb-image--layout-overlay-link{position:absolute;left:0;right:0;bottom:0;top:0}.wp-block-uagb-image--layout-overlay .wp-block-uagb-image__figure:hover .wp-block-uagb-image--layout-overlay__color-wrapper{opacity:1}.wp-block-uagb-image--layout-overlay__inner{position:absolute;left:15px;right:15px;bottom:15px;top:15px;display:flex;align-items:center;justify-content:center;flex-direction:column;border-color:#fff;transition:0.35s ease-in-out}.wp-block-uagb-image--layout-overlay__inner.top-left,.wp-block-uagb-image--layout-overlay__inner.top-center,.wp-block-uagb-image--layout-overlay__inner.top-right{justify-content:flex-start}.wp-block-uagb-image--layout-overlay__inner.bottom-left,.wp-block-uagb-image--layout-overlay__inner.bottom-center,.wp-block-uagb-image--layout-overlay__inner.bottom-right{justify-content:flex-end}.wp-block-uagb-image--layout-overlay__inner.top-left,.wp-block-uagb-image--layout-overlay__inner.center-left,.wp-block-uagb-image--layout-overlay__inner.bottom-left{align-items:flex-start}.wp-block-uagb-image--layout-overlay__inner.top-right,.wp-block-uagb-image--layout-overlay__inner.center-right,.wp-block-uagb-image--layout-overlay__inner.bottom-right{align-items:flex-end}.wp-block-uagb-image--layout-overlay__inner .uagb-image-heading{color:#fff;transition:transform 0.35s, opacity 0.35s ease-in-out;transform:translate3d(0, 24px, 0);margin:0;line-height:1em}.wp-block-uagb-image--layout-overlay__inner .uagb-image-separator{width:30%;border-top-width:2px;border-top-color:#fff;border-top-style:solid;margin-bottom:10px;opacity:0;transition:transform 0.4s, opacity 0.4s ease-in-out;transform:translate3d(0, 30px, 0)}.wp-block-uagb-image--layout-overlay__inner .uagb-image-caption{opacity:0;overflow:visible;color:#fff;transition:transform 0.45s, opacity 0.45s ease-in-out;transform:translate3d(0, 35px, 0)}.wp-block-uagb-image--layout-overlay__inner:hover .uagb-image-heading,.wp-block-uagb-image--layout-overlay__inner:hover .uagb-image-separator,.wp-block-uagb-image--layout-overlay__inner:hover .uagb-image-caption{opacity:1;transform:translate3d(0, 0, 0)}.wp-block-uagb-image--effect-zoomin .wp-block-uagb-image__figure img,.wp-block-uagb-image--effect-zoomin .wp-block-uagb-image__figure .wp-block-uagb-image--layout-overlay__color-wrapper{transform:scale(1);transition:transform 0.35s ease-in-out}.wp-block-uagb-image--effect-zoomin .wp-block-uagb-image__figure:hover img,.wp-block-uagb-image--effect-zoomin .wp-block-uagb-image__figure:hover .wp-block-uagb-image--layout-overlay__color-wrapper{transform:scale(1.05)}.wp-block-uagb-image--effect-slide .wp-block-uagb-image__figure img,.wp-block-uagb-image--effect-slide .wp-block-uagb-image__figure .wp-block-uagb-image--layout-overlay__color-wrapper{width:calc(100% + 40px) !important;max-width:none !important;transform:translate3d(-40px, 0, 0);transition:transform 0.35s ease-in-out}.wp-block-uagb-image--effect-slide .wp-block-uagb-image__figure:hover img,.wp-block-uagb-image--effect-slide .wp-block-uagb-image__figure:hover .wp-block-uagb-image--layout-overlay__color-wrapper{transform:translate3d(0, 0, 0)}.wp-block-uagb-image--effect-grayscale img{filter:grayscale(0%);transition:0.35s ease-in-out}.wp-block-uagb-image--effect-grayscale:hover img{filter:grayscale(100%)}.wp-block-uagb-image--effect-blur img{filter:blur(0);transition:0.35s ease-in-out}.wp-block-uagb-image--effect-blur:hover img{filter:blur(3px)}\n.uagb-block-e6f939b3.wp-block-uagb-image--layout-default figure img{box-shadow: 0px 0px 0 #00000070;}.uagb-block-e6f939b3.wp-block-uagb-image .wp-block-uagb-image__figure figcaption{font-style: normal;align-self: center;}.uagb-block-e6f939b3.wp-block-uagb-image--layout-overlay figure img{box-shadow: 0px 0px 0 #00000070;}.uagb-block-e6f939b3.wp-block-uagb-image--layout-overlay .wp-block-uagb-image--layout-overlay__color-wrapper{opacity: 0.2;}.uagb-block-e6f939b3.wp-block-uagb-image--layout-overlay .wp-block-uagb-image--layout-overlay__inner{left: 15px;right: 15px;top: 15px;bottom: 15px;}.uagb-block-e6f939b3.wp-block-uagb-image--layout-overlay .wp-block-uagb-image--layout-overlay__inner .uagb-image-heading{font-style: normal;color: #fff;opacity: 1;}.uagb-block-e6f939b3.wp-block-uagb-image--layout-overlay .wp-block-uagb-image--layout-overlay__inner .uagb-image-heading a{color: #fff;}.uagb-block-e6f939b3.wp-block-uagb-image--layout-overlay .wp-block-uagb-image--layout-overlay__inner .uagb-image-caption{opacity: 0;}.uagb-block-e6f939b3.wp-block-uagb-image--layout-overlay .wp-block-uagb-image__figure:hover .wp-block-uagb-image--layout-overlay__color-wrapper{opacity: 1;}.uagb-block-e6f939b3.wp-block-uagb-image .wp-block-uagb-image--layout-overlay__inner .uagb-image-separator{width: 30%;border-top-width: 2px;border-top-color: #fff;opacity: 0;}.uagb-block-e6f939b3.wp-block-uagb-image .wp-block-uagb-image__figure img{width: px;height: auto;}.uagb-block-e6f939b3.wp-block-uagb-image .wp-block-uagb-image__figure:hover .wp-block-uagb-image--layout-overlay__inner .uagb-image-caption{opacity: 1;}.uagb-block-e6f939b3.wp-block-uagb-image .wp-block-uagb-image__figure:hover .wp-block-uagb-image--layout-overlay__inner .uagb-image-separator{opacity: 1;}.uagb-block-e6f939b3.wp-block-uagb-image--layout-default figure:hover img{box-shadow: 0px 0px 0 #00000070;}.uagb-block-e6f939b3.wp-block-uagb-image--layout-overlay figure:hover img{box-shadow: 0px 0px 0 #00000070;}@media only screen and (max-width: 976px) {.uagb-block-e6f939b3.wp-block-uagb-image .wp-block-uagb-image__figure img{width: px;height: auto;}}@media only screen and (max-width: 767px) {.uagb-block-e6f939b3.wp-block-uagb-image .wp-block-uagb-image__figure img{width: px;height: auto;}}\";s:2:\"js\";s:0:\"\";s:18:\"current_block_list\";a:13:{i:0;s:14:\"core\/paragraph\";i:1;s:11:\"core\/search\";i:2;s:10:\"core\/group\";i:3;s:12:\"core\/heading\";i:4;s:17:\"core\/latest-posts\";i:5;s:20:\"core\/latest-comments\";i:6;s:13:\"core\/archives\";i:7;s:15:\"core\/categories\";i:8;s:10:\"uagb\/image\";i:9;s:11:\"core\/spacer\";i:10;s:30:\"woocommerce\/product-categories\";i:11;s:10:\"core\/image\";i:12;s:14:\"core\/shortcode\";}s:8:\"uag_flag\";b:1;s:11:\"uag_version\";s:10:\"1776481891\";s:6:\"gfonts\";a:0:{}s:10:\"gfonts_url\";s:0:\"\";s:12:\"gfonts_files\";a:0:{}s:14:\"uag_faq_layout\";b:0;}"]},"uagb_featured_image_src":{"full":false,"thumbnail":false,"medium":false,"medium_large":false,"large":false,"1536x1536":false,"2048x2048":false,"trp-custom-language-flag":false,"woocommerce_thumbnail":false,"woocommerce_single":false,"woocommerce_gallery_thumbnail":false},"uagb_author_info":{"display_name":"admin","author_link":"https:\/\/www.oleaia.com\/cz\/author\/admin2721\/"},"uagb_comment_info":0,"uagb_excerpt":"Article 1. General We offer various different payment methods to validate an order. Depending on the order amount, chosen delivery method, or delivery address, certain payment methods will be available. Below, you&#8217;ll find the details of the commonly accepted payment methods. Article 2. Bank card For all your credit card payments, the transaction is secured&hellip;","_links":{"self":[{"href":"https:\/\/www.oleaia.com\/cz\/wp-json\/wp\/v2\/pages\/180","targetHints":{"allow":["GET"]}}],"collection":[{"href":"https:\/\/www.oleaia.com\/cz\/wp-json\/wp\/v2\/pages"}],"about":[{"href":"https:\/\/www.oleaia.com\/cz\/wp-json\/wp\/v2\/types\/page"}],"author":[{"embeddable":true,"href":"https:\/\/www.oleaia.com\/cz\/wp-json\/wp\/v2\/users\/1"}],"replies":[{"embeddable":true,"href":"https:\/\/www.oleaia.com\/cz\/wp-json\/wp\/v2\/comments?post=180"}],"version-history":[{"count":1,"href":"https:\/\/www.oleaia.com\/cz\/wp-json\/wp\/v2\/pages\/180\/revisions"}],"predecessor-version":[{"id":181,"href":"https:\/\/www.oleaia.com\/cz\/wp-json\/wp\/v2\/pages\/180\/revisions\/181"}],"wp:attachment":[{"href":"https:\/\/www.oleaia.com\/cz\/wp-json\/wp\/v2\/media?parent=180"}],"curies":[{"name":"wp","href":"https:\/\/api.w.org\/{rel}","templated":true}]}}