{"id":23041,"date":"2025-07-25T15:46:26","date_gmt":"2025-07-25T13:46:26","guid":{"rendered":"https:\/\/www.oleaia.com\/?post_type=product&#038;p=23041"},"modified":"2026-03-26T13:15:20","modified_gmt":"2026-03-26T12:15:20","slug":"massage-oil","status":"publish","type":"product","link":"https:\/\/www.oleaia.com\/cz\/products\/massage-oil\/","title":{"rendered":"Mas\u00e1\u017en\u00ed olej - 5 litr\u016f"},"content":{"rendered":"<p><strong><img decoding=\"async\" style=\"margin-right: 12px;\" src=\"https:\/\/www.oleaia.com\/wp-content\/uploads\/2026\/03\/Check.svg\" alt=\"\" width=\"18\" height=\"15\" \/>Bezkonkuren\u010dn\u00ed \u00fa\u010dinnost pro relaxaci, \u00falevu sval\u016fm a v\u00fd\u017eivu poko\u017eky.<\/strong> Mas\u00e1\u017en\u00ed olej je nej\u00fa\u010dinn\u011bj\u0161\u00edm p\u0159\u00edrodn\u00edm \u0159e\u0161en\u00edm pro podporu hlubok\u00e9 relaxace, svalov\u00e9ho komfortu a zv\u00fd\u0161en\u00ed hebkosti poko\u017eky. Je pe\u010dliv\u011b navr\u017een pro optim\u00e1ln\u00ed skluz a vst\u0159eb\u00e1v\u00e1n\u00ed, pom\u00e1h\u00e1 sni\u017eovat pocit nap\u011bt\u00ed, zlep\u0161uje pocit prokrven\u00ed a p\u0159i d\u016fsledn\u00e9m pou\u017e\u00edv\u00e1n\u00ed zanech\u00e1v\u00e1 poko\u017eku hladkou, pru\u017enou a revitalizovanou.<\/p>\n<p><strong><img decoding=\"async\" style=\"margin-right: 12px;\" src=\"https:\/\/www.oleaia.com\/wp-content\/uploads\/2026\/03\/Check.svg\" alt=\"\" width=\"18\" height=\"15\" \/>Nejlevn\u011bj\u0161\u00ed pr\u00e9miov\u00fd mas\u00e1\u017en\u00ed olej na trhu.<\/strong> Jsme nejlevn\u011bj\u0161\u00ed na trhu a z\u00e1rove\u0148 dodr\u017eujeme p\u0159\u00edsn\u00e9 standardy kvality, \u010d\u00edm\u017e zaji\u0161\u0165ujeme v\u00fdjime\u010dnou hodnotu bez kompromis\u016f v oblasti v\u00fdkonu nebo senzorick\u00e9 kvality. Tato cenov\u00e1 dostupnost umo\u017e\u0148uje pravideln\u00e9 pou\u017e\u00edv\u00e1n\u00ed mas\u00e1\u017en\u00edho oleje v profesion\u00e1ln\u00ed i osobn\u00ed p\u00e9\u010di.<\/p>\n<p><strong><img decoding=\"async\" style=\"margin-right: 12px;\" src=\"https:\/\/www.oleaia.com\/wp-content\/uploads\/2026\/03\/Check.svg\" alt=\"\" width=\"18\" height=\"15\" \/>Rychl\u00e9 a spolehliv\u00e9 doru\u010den\u00ed 24 hodin denn\u011b.<\/strong> Nab\u00edz\u00edme doru\u010den\u00ed v\u017edy do 24 hodin, co\u017e zaru\u010duje, \u017ee mas\u00e1\u017en\u00ed olej doraz\u00ed rychle a efektivn\u011b. Rychl\u00e9 dod\u00e1n\u00ed zaji\u0161\u0165uje nep\u0159eru\u0161enou kontinuitu relaxa\u010dn\u00edch a wellness postup\u016f.<\/p>\n<p><strong><img decoding=\"async\" style=\"margin-right: 12px;\" src=\"https:\/\/www.oleaia.com\/wp-content\/uploads\/2026\/03\/Check.svg\" alt=\"\" width=\"18\" height=\"15\" \/>Z\u00e1ruka vr\u00e1cen\u00ed pen\u011bz pro \u00faplnou jistotu.<\/strong> Nab\u00edz\u00edme z\u00e1ruku vr\u00e1cen\u00ed pen\u011bz. Pokud z\u00e1kazn\u00edk nen\u00ed spokojen, vr\u00e1t\u00edme mu pen\u00edze. Tento transparentn\u00ed z\u00e1vazek odr\u00e1\u017e\u00ed d\u016fv\u011bru v kvalitu v\u00fdrobku a poskytuje zcela bezrizikov\u00fd n\u00e1kup.<\/p>\n<p><strong><img decoding=\"async\" style=\"margin-right: 12px;\" src=\"https:\/\/www.oleaia.com\/wp-content\/uploads\/2026\/03\/Check.svg\" alt=\"\" width=\"18\" height=\"15\" \/>Zcela organick\u00e9 pro autentickou p\u0159\u00edrodn\u00ed pohodu.<\/strong> N\u00e1\u0161 mas\u00e1\u017en\u00ed olej je zcela ekologick\u00fd a je vyr\u00e1b\u011bn s ohledem na ochranu \u017eivotn\u00edho prost\u0159ed\u00ed a integritu slo\u017eek. Tento z\u00e1vazek zaji\u0161\u0165uje soulad se z\u00e1sadami \u010dist\u00e9ho \u017eivota a tradicemi holistick\u00e9 p\u00e9\u010de.<\/p>\n<p><strong><img decoding=\"async\" style=\"margin-right: 12px;\" src=\"https:\/\/www.oleaia.com\/wp-content\/uploads\/2026\/03\/Check.svg\" alt=\"\" width=\"18\" height=\"15\" \/>Podporuje hlubokou svalovou relaxaci a fyzick\u00fd komfort.<\/strong> Mas\u00e1\u017en\u00ed olej je velmi cen\u011bn\u00fd, proto\u017ee pom\u00e1h\u00e1 udr\u017eovat pohodu ve svalech a kloubech, tak\u017ee je ide\u00e1ln\u00ed pro regeneraci po fyzick\u00e9 aktivit\u011b nebo dlouh\u00e9m vyp\u011bt\u00ed.<\/p>\n<p><strong><img decoding=\"async\" style=\"margin-right: 12px;\" src=\"https:\/\/www.oleaia.com\/wp-content\/uploads\/2026\/03\/Check.svg\" alt=\"\" width=\"18\" height=\"15\" \/>Podporuje hlad\u0161\u00ed strukturu pleti a dlouhotrvaj\u00edc\u00ed hydrataci.<\/strong> P\u0159i pravideln\u00e9m pou\u017e\u00edv\u00e1n\u00ed mas\u00e1\u017en\u00ed olej pom\u00e1h\u00e1 udr\u017eovat rovnov\u00e1hu vlhkosti, zanech\u00e1v\u00e1 poko\u017eku jemnou, vy\u017eivenou a viditeln\u011b zdrav\u011bj\u0161\u00ed.<\/p>\n<p><strong><img decoding=\"async\" style=\"margin-right: 12px;\" src=\"https:\/\/www.oleaia.com\/wp-content\/uploads\/2026\/03\/Check.svg\" alt=\"\" width=\"18\" height=\"15\" \/>Podporuje lep\u0161\u00ed prokrven\u00ed a vitalitu t\u011bla.<\/strong> Mas\u00e1\u017e v kombinaci s t\u00edmto olejem m\u00e1 povzbuzuj\u00edc\u00ed a revitaliza\u010dn\u00ed \u00fa\u010dinky a p\u0159isp\u00edv\u00e1 k pocitu celkov\u00e9 pohody.<\/p>\n<p><strong><img decoding=\"async\" style=\"margin-right: 12px;\" src=\"https:\/\/www.oleaia.com\/wp-content\/uploads\/2026\/03\/Check.svg\" alt=\"\" width=\"18\" height=\"15\" \/>Zlep\u0161uje relaxaci, uvol\u0148uje stres a navozuje emocion\u00e1ln\u00ed rovnov\u00e1hu.<\/strong> Jeho jemn\u00e1 textura a \u010dasto i jemn\u00fd aromatick\u00fd profil vytv\u00e1\u0159ej\u00ed uklid\u0148uj\u00edc\u00ed atmosf\u00e9ru, kter\u00e1 podporuje du\u0161evn\u00ed uvoln\u011bn\u00ed a emocion\u00e1ln\u00ed pohodu.<\/p>\n<p><strong><img decoding=\"async\" style=\"margin-right: 12px;\" src=\"https:\/\/www.oleaia.com\/wp-content\/uploads\/2026\/03\/Check.svg\" alt=\"\" width=\"18\" height=\"15\" \/>Ide\u00e1ln\u00ed pro profesion\u00e1ln\u00ed mas\u00e1\u017ee, dom\u00e1c\u00ed p\u00e9\u010di a wellness ritu\u00e1ly.<\/strong> Mas\u00e1\u017en\u00ed olej se skv\u011ble hod\u00ed pro pou\u017eit\u00ed v l\u00e1zn\u00edch, p\u0159i terapi\u00edch nebo p\u0159i ka\u017edodenn\u00ed p\u00e9\u010di o sebe.<\/p>\n<p><strong><img decoding=\"async\" style=\"margin-right: 12px;\" src=\"https:\/\/www.oleaia.com\/wp-content\/uploads\/2026\/03\/Check.svg\" alt=\"\" width=\"18\" height=\"15\" \/>Zlep\u0161uje skluz a sni\u017euje t\u0159en\u00ed p\u0159i mas\u00e1\u017ei.<\/strong> Jej\u00ed struktura zaji\u0161\u0165uje plynul\u00e9 a plynul\u00e9 pohyby bez tah\u00e1n\u00ed poko\u017eky, co\u017e umo\u017e\u0148uje optim\u00e1ln\u00ed mas\u00e1\u017e.<\/p>\n<p><strong><img decoding=\"async\" style=\"margin-right: 12px;\" src=\"https:\/\/www.oleaia.com\/wp-content\/uploads\/2026\/03\/Check.svg\" alt=\"\" width=\"18\" height=\"15\" \/>V\u0161estrann\u00e9 pou\u017eit\u00ed pro p\u00e9\u010di o t\u011blo, regenera\u010dn\u00ed procedury a relaxaci.<\/strong> Mas\u00e1\u017en\u00ed olej se snadno za\u010dlen\u00ed do r\u016fzn\u00fdch wellness procedur a nab\u00edz\u00ed jak fyzick\u00e9, tak smyslov\u00e9 v\u00fdhody.<\/p>\n<p><strong><img decoding=\"async\" style=\"margin-right: 12px;\" src=\"https:\/\/www.oleaia.com\/wp-content\/uploads\/2026\/03\/Check.svg\" alt=\"\" width=\"18\" height=\"15\" \/>Je obohacen o vy\u017eivuj\u00edc\u00ed olej pro jemnou aplikaci a optim\u00e1ln\u00ed pohodl\u00ed.<\/strong> N\u00e1\u0161 mas\u00e1\u017en\u00ed olej je ji\u017e obohacen o v\u00fd\u017eivn\u00fd olej, kter\u00fd zaji\u0161\u0165uje jemnou aplikaci, lep\u0161\u00ed rozt\u00edratelnost, optim\u00e1ln\u00ed pohodl\u00ed a snadn\u00e9 pou\u017eit\u00ed. Toto promy\u0161len\u00e9 slo\u017een\u00ed zlep\u0161uje skluz a zaji\u0161\u0165uje hladk\u00e9 a rovnom\u011brn\u00e9 pokryt\u00ed poko\u017eky.<\/p>\n<h2><strong>Pokyny<\/strong><\/h2>\n<ul>\n<li>P\u0159ed zah\u00e1jen\u00edm mas\u00e1\u017ee naneste dostate\u010dn\u00e9 mno\u017estv\u00ed na \u010distou a suchou poko\u017eku.<\/li>\n<li>P\u0159ed aplikac\u00ed olej zah\u0159ejte mezi dlan\u011bmi, aby se v\u00e1m l\u00e9pe pou\u017e\u00edval.<\/li>\n<li>Mas\u00edrujte pomal\u00fdmi, krou\u017eiv\u00fdmi nebo dlouh\u00fdmi klouzav\u00fdmi pohyby v z\u00e1vislosti na po\u017eadovan\u00e9m \u00fa\u010dinku.<\/li>\n<li>Zam\u011b\u0159te se na m\u00edsta, kde je nap\u011bt\u00ed, jako jsou ramena, z\u00e1da, krk nebo nohy.<\/li>\n<li>Pro udr\u017een\u00ed hladk\u00e9ho klouz\u00e1n\u00ed b\u011bhem sezen\u00ed aplikujte podle pot\u0159eby znovu.<\/li>\n<li>Pou\u017e\u00edvejte jednou denn\u011b nebo podle pot\u0159eby pro relaxaci nebo regeneraci.<\/li>\n<li>Doporu\u010den\u00e9 pr\u016fm\u011brn\u00e9 mno\u017estv\u00ed na mas\u00e1\u017e cel\u00e9ho t\u011bla je 10 a\u017e 20 kapek v z\u00e1vislosti na oblasti pokryt\u00ed.<\/li>\n<li>Pro c\u00edlenou mas\u00e1\u017e pou\u017eijte 5 a\u017e 10 kapek na jednu oblast.<\/li>\n<li>P\u0159ed prvn\u00edm pou\u017eit\u00edm prove\u010fte n\u00e1plas\u0165ov\u00fd test, abyste posoudili sn\u00e1\u0161enlivost s poko\u017ekou.<\/li>\n<li>Vyhn\u011bte se kontaktu s o\u010dima a citliv\u00fdmi sliznicemi.<\/li>\n<li>Nepou\u017e\u00edvejte na podr\u00e1\u017ed\u011bnou nebo po\u0161kozenou poko\u017eku.<\/li>\n<li>Uchov\u00e1vejte na chladn\u00e9m a such\u00e9m m\u00edst\u011b mimo dosah p\u0159\u00edm\u00e9ho slune\u010dn\u00edho z\u00e1\u0159en\u00ed a po ka\u017ed\u00e9m pou\u017eit\u00ed lahvi\u010dku pevn\u011b uzav\u0159ete.<\/li>\n<\/ul>","protected":false},"excerpt":{"rendered":"<p>Unmatched effectiveness for relaxation, muscle relief, and skin nourishment. Massage oil is the most effective natural solution for promoting deep relaxation, supporting muscle comfort, and enhancing skin softness. Carefully designed for optimal glide and absorption, it helps reduce the sensation of tension, improve circulation feel, and leave the skin smooth, supple, and revitalized with consistent [&hellip;]<\/p>\n","protected":false},"featured_media":23059,"comment_status":"open","ping_status":"closed","template":"","meta":{"_uag_custom_page_level_css":"","site-sidebar-layout":"default","site-content-layout":"","ast-site-content-layout":"default","site-content-style":"default","site-sidebar-style":"default","ast-global-header-display":"","ast-banner-title-visibility":"","ast-main-header-display":"","ast-hfb-above-header-display":"","ast-hfb-below-header-display":"","ast-hfb-mobile-header-display":"","site-post-title":"","ast-breadcrumbs-content":"","ast-featured-img":"","footer-sml-layout":"","ast-disable-related-posts":"","theme-transparent-header-meta":"default","adv-header-id-meta":"","stick-header-meta":"","header-above-stick-meta":"","header-main-stick-meta":"","header-below-stick-meta":"","astra-migrate-meta-layouts":"set","ast-page-background-enabled":"default","ast-page-background-meta":{"desktop":{"background-color":"var(--ast-global-color-4)","background-image":"","background-repeat":"repeat","background-position":"center center","background-size":"auto","background-attachment":"scroll","background-type":"","background-media":"","overlay-type":"","overlay-color":"","overlay-opacity":"","overlay-gradient":""},"tablet":{"background-color":"","background-image":"","background-repeat":"repeat","background-position":"center center","background-size":"auto","background-attachment":"scroll","background-type":"","background-media":"","overlay-type":"","overlay-color":"","overlay-opacity":"","overlay-gradient":""},"mobile":{"background-color":"","background-image":"","background-repeat":"repeat","background-position":"center center","background-size":"auto","background-attachment":"scroll","background-type":"","background-media":"","overlay-type":"","overlay-color":"","overlay-opacity":"","overlay-gradient":""}},"ast-content-background-meta":{"desktop":{"background-color":"var(--ast-global-color-5)","background-image":"","background-repeat":"repeat","background-position":"center center","background-size":"auto","background-attachment":"scroll","background-type":"","background-media":"","overlay-type":"","overlay-color":"","overlay-opacity":"","overlay-gradient":""},"tablet":{"background-color":"var(--ast-global-color-5)","background-image":"","background-repeat":"repeat","background-position":"center center","background-size":"auto","background-attachment":"scroll","background-type":"","background-media":"","overlay-type":"","overlay-color":"","overlay-opacity":"","overlay-gradient":""},"mobile":{"background-color":"var(--ast-global-color-5)","background-image":"","background-repeat":"repeat","background-position":"center center","background-size":"auto","background-attachment":"scroll","background-type":"","background-media":"","overlay-type":"","overlay-color":"","overlay-opacity":"","overlay-gradient":""}}},"product_brand":[],"product_cat":[15],"product_tag":[],"class_list":{"0":"post-23041","1":"product","2":"type-product","3":"status-publish","4":"has-post-thumbnail","6":"product_cat-shop","7":"desktop-align-left","8":"tablet-align-left","9":"mobile-align-left","11":"first","12":"instock","13":"shipping-taxable","14":"purchasable","15":"product-type-simple"},"spectra_custom_meta":{"_edit_lock":["1774527222:1"],"_edit_last":["1"],"merchant-center-availability":["yes"],"merchant-center-category":["5664"],"_thumbnail_id":["23059"],"_wp_page_template":["default"],"_sku":["OLMASSAGEOIL"],"_global_unique_id":["5056773820609"],"_regular_price":["29.90"],"total_sales":["497"],"_tax_status":["taxable"],"_tax_class":[""],"_manage_stock":["no"],"_backorders":["no"],"_sold_individually":["no"],"_weight":["5.7"],"_virtual":["no"],"_downloadable":["no"],"_download_limit":["-1"],"_download_expiry":["-1"],"_stock":[null],"_stock_status":["instock"],"_wc_average_rating":["5.00"],"_wc_review_count":["9"],"_product_version":["10.6.1"],"_price":["29.90"],"site-sidebar-layout":["default"],"ast-site-content-layout":["default"],"site-content-style":["default"],"site-sidebar-style":["default"],"theme-transparent-header-meta":["default"],"_wc_rating_count":["a:1:{i:5;i:9;}"],"astra-migrate-meta-layouts":["set"],"_uag_css_file_name":["uag-css-23041.css"],"_elementor_page_assets":["a:0:{}"],"_uag_page_assets":["a:9:{s:3:\"css\";s:6893:\".wp-block-uagb-image{display:flex}.wp-block-uagb-image__figure{position:relative;display:flex;flex-direction:column;max-width:100%;height:auto;margin:0}.wp-block-uagb-image__figure img{height:auto;display:flex;max-width:100%;transition:box-shadow 0.2s ease}.wp-block-uagb-image__figure>a{display:inline-block}.wp-block-uagb-image__figure figcaption{text-align:center;margin-top:0.5em;margin-bottom:1em}.wp-block-uagb-image .components-placeholder.block-editor-media-placeholder .components-placeholder__instructions{align-self:center}.wp-block-uagb-image--align-left{text-align:left}.wp-block-uagb-image--align-right{text-align:right}.wp-block-uagb-image--align-center{text-align:center}.wp-block-uagb-image--align-full .wp-block-uagb-image__figure{margin-left:calc(50% - 50vw);margin-right:calc(50% - 50vw);max-width:100vw;width:100vw;height:auto}.wp-block-uagb-image--align-full .wp-block-uagb-image__figure img{height:auto;width:100% !important}.wp-block-uagb-image--align-wide .wp-block-uagb-image__figure img{height:auto;width:100%}.wp-block-uagb-image--layout-overlay__color-wrapper{position:absolute;left:0;top:0;right:0;bottom:0;opacity:0.2;background:rgba(0,0,0,0.5);transition:opacity 0.35s ease-in-out}.wp-block-uagb-image--layout-overlay-link{position:absolute;left:0;right:0;bottom:0;top:0}.wp-block-uagb-image--layout-overlay .wp-block-uagb-image__figure:hover .wp-block-uagb-image--layout-overlay__color-wrapper{opacity:1}.wp-block-uagb-image--layout-overlay__inner{position:absolute;left:15px;right:15px;bottom:15px;top:15px;display:flex;align-items:center;justify-content:center;flex-direction:column;border-color:#fff;transition:0.35s ease-in-out}.wp-block-uagb-image--layout-overlay__inner.top-left,.wp-block-uagb-image--layout-overlay__inner.top-center,.wp-block-uagb-image--layout-overlay__inner.top-right{justify-content:flex-start}.wp-block-uagb-image--layout-overlay__inner.bottom-left,.wp-block-uagb-image--layout-overlay__inner.bottom-center,.wp-block-uagb-image--layout-overlay__inner.bottom-right{justify-content:flex-end}.wp-block-uagb-image--layout-overlay__inner.top-left,.wp-block-uagb-image--layout-overlay__inner.center-left,.wp-block-uagb-image--layout-overlay__inner.bottom-left{align-items:flex-start}.wp-block-uagb-image--layout-overlay__inner.top-right,.wp-block-uagb-image--layout-overlay__inner.center-right,.wp-block-uagb-image--layout-overlay__inner.bottom-right{align-items:flex-end}.wp-block-uagb-image--layout-overlay__inner .uagb-image-heading{color:#fff;transition:transform 0.35s, opacity 0.35s ease-in-out;transform:translate3d(0, 24px, 0);margin:0;line-height:1em}.wp-block-uagb-image--layout-overlay__inner .uagb-image-separator{width:30%;border-top-width:2px;border-top-color:#fff;border-top-style:solid;margin-bottom:10px;opacity:0;transition:transform 0.4s, opacity 0.4s ease-in-out;transform:translate3d(0, 30px, 0)}.wp-block-uagb-image--layout-overlay__inner .uagb-image-caption{opacity:0;overflow:visible;color:#fff;transition:transform 0.45s, opacity 0.45s ease-in-out;transform:translate3d(0, 35px, 0)}.wp-block-uagb-image--layout-overlay__inner:hover .uagb-image-heading,.wp-block-uagb-image--layout-overlay__inner:hover .uagb-image-separator,.wp-block-uagb-image--layout-overlay__inner:hover .uagb-image-caption{opacity:1;transform:translate3d(0, 0, 0)}.wp-block-uagb-image--effect-zoomin .wp-block-uagb-image__figure img,.wp-block-uagb-image--effect-zoomin .wp-block-uagb-image__figure .wp-block-uagb-image--layout-overlay__color-wrapper{transform:scale(1);transition:transform 0.35s ease-in-out}.wp-block-uagb-image--effect-zoomin .wp-block-uagb-image__figure:hover img,.wp-block-uagb-image--effect-zoomin .wp-block-uagb-image__figure:hover .wp-block-uagb-image--layout-overlay__color-wrapper{transform:scale(1.05)}.wp-block-uagb-image--effect-slide .wp-block-uagb-image__figure img,.wp-block-uagb-image--effect-slide .wp-block-uagb-image__figure .wp-block-uagb-image--layout-overlay__color-wrapper{width:calc(100% + 40px) !important;max-width:none !important;transform:translate3d(-40px, 0, 0);transition:transform 0.35s ease-in-out}.wp-block-uagb-image--effect-slide .wp-block-uagb-image__figure:hover img,.wp-block-uagb-image--effect-slide .wp-block-uagb-image__figure:hover .wp-block-uagb-image--layout-overlay__color-wrapper{transform:translate3d(0, 0, 0)}.wp-block-uagb-image--effect-grayscale img{filter:grayscale(0%);transition:0.35s ease-in-out}.wp-block-uagb-image--effect-grayscale:hover img{filter:grayscale(100%)}.wp-block-uagb-image--effect-blur img{filter:blur(0);transition:0.35s ease-in-out}.wp-block-uagb-image--effect-blur:hover img{filter:blur(3px)}\n.uagb-block-e6f939b3.wp-block-uagb-image--layout-default figure img{box-shadow: 0px 0px 0 #00000070;}.uagb-block-e6f939b3.wp-block-uagb-image .wp-block-uagb-image__figure figcaption{font-style: normal;align-self: center;}.uagb-block-e6f939b3.wp-block-uagb-image--layout-overlay figure img{box-shadow: 0px 0px 0 #00000070;}.uagb-block-e6f939b3.wp-block-uagb-image--layout-overlay .wp-block-uagb-image--layout-overlay__color-wrapper{opacity: 0.2;}.uagb-block-e6f939b3.wp-block-uagb-image--layout-overlay .wp-block-uagb-image--layout-overlay__inner{left: 15px;right: 15px;top: 15px;bottom: 15px;}.uagb-block-e6f939b3.wp-block-uagb-image--layout-overlay .wp-block-uagb-image--layout-overlay__inner .uagb-image-heading{font-style: normal;color: #fff;opacity: 1;}.uagb-block-e6f939b3.wp-block-uagb-image--layout-overlay .wp-block-uagb-image--layout-overlay__inner .uagb-image-heading a{color: #fff;}.uagb-block-e6f939b3.wp-block-uagb-image--layout-overlay .wp-block-uagb-image--layout-overlay__inner .uagb-image-caption{opacity: 0;}.uagb-block-e6f939b3.wp-block-uagb-image--layout-overlay .wp-block-uagb-image__figure:hover .wp-block-uagb-image--layout-overlay__color-wrapper{opacity: 1;}.uagb-block-e6f939b3.wp-block-uagb-image .wp-block-uagb-image--layout-overlay__inner .uagb-image-separator{width: 30%;border-top-width: 2px;border-top-color: #fff;opacity: 0;}.uagb-block-e6f939b3.wp-block-uagb-image .wp-block-uagb-image__figure img{width: px;height: auto;}.uagb-block-e6f939b3.wp-block-uagb-image .wp-block-uagb-image__figure:hover .wp-block-uagb-image--layout-overlay__inner .uagb-image-caption{opacity: 1;}.uagb-block-e6f939b3.wp-block-uagb-image .wp-block-uagb-image__figure:hover .wp-block-uagb-image--layout-overlay__inner .uagb-image-separator{opacity: 1;}.uagb-block-e6f939b3.wp-block-uagb-image--layout-default figure:hover img{box-shadow: 0px 0px 0 #00000070;}.uagb-block-e6f939b3.wp-block-uagb-image--layout-overlay figure:hover img{box-shadow: 0px 0px 0 #00000070;}@media only screen and (max-width: 976px) {.uagb-block-e6f939b3.wp-block-uagb-image .wp-block-uagb-image__figure img{width: px;height: auto;}}@media only screen and (max-width: 767px) {.uagb-block-e6f939b3.wp-block-uagb-image .wp-block-uagb-image__figure img{width: px;height: auto;}}\";s:2:\"js\";s:0:\"\";s:18:\"current_block_list\";a:13:{i:0;s:11:\"core\/search\";i:1;s:10:\"core\/group\";i:2;s:12:\"core\/heading\";i:3;s:17:\"core\/latest-posts\";i:4;s:20:\"core\/latest-comments\";i:5;s:13:\"core\/archives\";i:6;s:15:\"core\/categories\";i:7;s:14:\"core\/paragraph\";i:8;s:10:\"uagb\/image\";i:9;s:11:\"core\/spacer\";i:10;s:30:\"woocommerce\/product-categories\";i:11;s:10:\"core\/image\";i:12;s:14:\"core\/shortcode\";}s:8:\"uag_flag\";b:1;s:11:\"uag_version\";s:10:\"1776343718\";s:6:\"gfonts\";a:0:{}s:10:\"gfonts_url\";s:0:\"\";s:12:\"gfonts_files\";a:0:{}s:14:\"uag_faq_layout\";b:0;}"]},"uagb_featured_image_src":{"full":["https:\/\/www.oleaia.com\/wp-content\/uploads\/2025\/07\/Oleaia-Massage-Oil-mockups5L-3.png",2560,2560,false],"thumbnail":["https:\/\/www.oleaia.com\/wp-content\/uploads\/2025\/07\/Oleaia-Massage-Oil-mockups5L-3-150x150.png",150,150,true],"medium":["https:\/\/www.oleaia.com\/wp-content\/uploads\/2025\/07\/Oleaia-Massage-Oil-mockups5L-3-300x300.png",300,300,true],"medium_large":["https:\/\/www.oleaia.com\/wp-content\/uploads\/2025\/07\/Oleaia-Massage-Oil-mockups5L-3-768x768.png",768,768,true],"large":["https:\/\/www.oleaia.com\/wp-content\/uploads\/2025\/07\/Oleaia-Massage-Oil-mockups5L-3-1024x1024.png",1024,1024,true],"1536x1536":["https:\/\/www.oleaia.com\/wp-content\/uploads\/2025\/07\/Oleaia-Massage-Oil-mockups5L-3-1536x1536.png",1536,1536,true],"2048x2048":["https:\/\/www.oleaia.com\/wp-content\/uploads\/2025\/07\/Oleaia-Massage-Oil-mockups5L-3-2048x2048.png",2048,2048,true],"trp-custom-language-flag":["https:\/\/www.oleaia.com\/wp-content\/uploads\/2025\/07\/Oleaia-Massage-Oil-mockups5L-3-12x12.png",12,12,true],"woocommerce_thumbnail":["https:\/\/www.oleaia.com\/wp-content\/uploads\/2025\/07\/Oleaia-Massage-Oil-mockups5L-3-300x300.png",300,300,true],"woocommerce_single":["https:\/\/www.oleaia.com\/wp-content\/uploads\/2025\/07\/Oleaia-Massage-Oil-mockups5L-3-600x600.png",600,600,true],"woocommerce_gallery_thumbnail":["https:\/\/www.oleaia.com\/wp-content\/uploads\/2025\/07\/Oleaia-Massage-Oil-mockups5L-3-100x100.png",100,100,true]},"uagb_author_info":{"display_name":"admin","author_link":"https:\/\/www.oleaia.com\/cz\/author\/"},"uagb_comment_info":9,"uagb_excerpt":"Unmatched effectiveness for relaxation, muscle relief, and skin nourishment. Massage oil is the most effective natural solution for promoting deep relaxation, supporting muscle comfort, and enhancing skin softness. Carefully designed for optimal glide and absorption, it helps reduce the sensation of tension, improve circulation feel, and leave the skin smooth, supple, and revitalized with consistent&hellip;","_links":{"self":[{"href":"https:\/\/www.oleaia.com\/cz\/wp-json\/wp\/v2\/product\/23041","targetHints":{"allow":["GET"]}}],"collection":[{"href":"https:\/\/www.oleaia.com\/cz\/wp-json\/wp\/v2\/product"}],"about":[{"href":"https:\/\/www.oleaia.com\/cz\/wp-json\/wp\/v2\/types\/product"}],"replies":[{"embeddable":true,"href":"https:\/\/www.oleaia.com\/cz\/wp-json\/wp\/v2\/comments?post=23041"}],"version-history":[{"count":4,"href":"https:\/\/www.oleaia.com\/cz\/wp-json\/wp\/v2\/product\/23041\/revisions"}],"predecessor-version":[{"id":81078,"href":"https:\/\/www.oleaia.com\/cz\/wp-json\/wp\/v2\/product\/23041\/revisions\/81078"}],"wp:featuredmedia":[{"embeddable":true,"href":"https:\/\/www.oleaia.com\/cz\/wp-json\/wp\/v2\/media\/23059"}],"wp:attachment":[{"href":"https:\/\/www.oleaia.com\/cz\/wp-json\/wp\/v2\/media?parent=23041"}],"wp:term":[{"taxonomy":"product_brand","embeddable":true,"href":"https:\/\/www.oleaia.com\/cz\/wp-json\/wp\/v2\/product_brand?post=23041"},{"taxonomy":"product_cat","embeddable":true,"href":"https:\/\/www.oleaia.com\/cz\/wp-json\/wp\/v2\/product_cat?post=23041"},{"taxonomy":"product_tag","embeddable":true,"href":"https:\/\/www.oleaia.com\/cz\/wp-json\/wp\/v2\/product_tag?post=23041"}],"curies":[{"name":"wp","href":"https:\/\/api.w.org\/{rel}","templated":true}]}}