{"id":23587,"date":"2025-08-08T14:03:59","date_gmt":"2025-08-08T12:03:59","guid":{"rendered":"https:\/\/www.oleaia.com\/?post_type=product&#038;p=23587"},"modified":"2026-03-26T14:22:24","modified_gmt":"2026-03-26T13:22:24","slug":"myrrh-oil","status":"publish","type":"product","link":"https:\/\/www.oleaia.com\/cz\/products\/myrrh-oil\/","title":{"rendered":"Myrhov\u00fd olej - 1 litr"},"content":{"rendered":"<p><strong><img decoding=\"async\" style=\"margin-right: 12px;\" src=\"https:\/\/www.oleaia.com\/wp-content\/uploads\/2026\/03\/Check.svg\" alt=\"\" width=\"18\" height=\"15\" \/>Bezkonkuren\u010dn\u00ed \u00fa\u010dinnost pro regeneraci poko\u017eky a hlubok\u00e9 duchovn\u00ed uzemn\u011bn\u00ed.<\/strong> Myrhov\u00fd olej je nej\u00fa\u010dinn\u011bj\u0161\u00edm p\u0159\u00edrodn\u00edm \u0159e\u0161en\u00edm pro podporu obnovy pleti, zv\u00fd\u0161en\u00ed jej\u00ed pevnosti a podporu hlubok\u00e9 emocion\u00e1ln\u00ed rovnov\u00e1hy. Uzn\u00e1van\u00fd ji\u017e od starov\u011bku, pom\u00e1h\u00e1 zlep\u0161it vzhled zral\u00e9 nebo such\u00e9 pleti, zdokonalit jej\u00ed strukturu a p\u0159i d\u016fsledn\u00e9m pou\u017e\u00edv\u00e1n\u00ed p\u0159isp\u00edv\u00e1 ke klidn\u011bj\u0161\u00edmu a soust\u0159ed\u011bn\u011bj\u0161\u00edmu stavu mysli.<\/p>\n<p><strong><img decoding=\"async\" style=\"margin-right: 12px;\" src=\"https:\/\/www.oleaia.com\/wp-content\/uploads\/2026\/03\/Check.svg\" alt=\"\" width=\"18\" height=\"15\" \/>Nejlevn\u011bj\u0161\u00ed pr\u00e9miov\u00fd myrhov\u00fd olej na trhu.<\/strong> Jsme nejlevn\u011bj\u0161\u00ed na trhu a z\u00e1rove\u0148 dodr\u017eujeme p\u0159\u00edsn\u00e9 standardy kvality, \u010d\u00edm\u017e zaji\u0161\u0165ujeme v\u00fdjime\u010dnou hodnotu bez kompromis\u016f v \u010distot\u011b nebo \u00fa\u010dinnosti. Tato cenov\u00e1 dostupnost umo\u017e\u0148uje pravideln\u00e9 pou\u017e\u00edv\u00e1n\u00ed myrhov\u00e9ho oleje v p\u00e9\u010di o ple\u0165, meditaci a wellness.<\/p>\n<p><strong><img decoding=\"async\" style=\"margin-right: 12px;\" src=\"https:\/\/www.oleaia.com\/wp-content\/uploads\/2026\/03\/Check.svg\" alt=\"\" width=\"18\" height=\"15\" \/>Rychl\u00e9 a spolehliv\u00e9 doru\u010den\u00ed 24 hodin denn\u011b.<\/strong> Nab\u00edz\u00edme doru\u010den\u00ed v\u017edy 24 hodin denn\u011b, co\u017e zaru\u010duje, \u017ee myrhov\u00fd olej doraz\u00ed rychle a efektivn\u011b. Rychl\u00e9 dod\u00e1n\u00ed zaji\u0161\u0165uje nep\u0159eru\u0161enou kontinuitu osobn\u00ed p\u00e9\u010de a holistick\u00fdch postup\u016f.<\/p>\n<p><strong><img decoding=\"async\" style=\"margin-right: 12px;\" src=\"https:\/\/www.oleaia.com\/wp-content\/uploads\/2026\/03\/Check.svg\" alt=\"\" width=\"18\" height=\"15\" \/>Z\u00e1ruka vr\u00e1cen\u00ed pen\u011bz pro \u00faplnou jistotu.<\/strong> Nab\u00edz\u00edme z\u00e1ruku vr\u00e1cen\u00ed pen\u011bz. Pokud z\u00e1kazn\u00edk nen\u00ed spokojen, vr\u00e1t\u00edme mu pen\u00edze. Tento transparentn\u00ed z\u00e1vazek odr\u00e1\u017e\u00ed d\u016fv\u011bru v kvalitu v\u00fdrobku a poskytuje zcela bezrizikov\u00fd n\u00e1kup.<\/p>\n<p><strong><img decoding=\"async\" style=\"margin-right: 12px;\" src=\"https:\/\/www.oleaia.com\/wp-content\/uploads\/2026\/03\/Check.svg\" alt=\"\" width=\"18\" height=\"15\" \/>Zcela organick\u00e9 pro autentickou posv\u00e1tnou botanickou p\u00e9\u010di.<\/strong> N\u00e1\u0161 myrhov\u00fd olej je zcela ekologick\u00fd, vyr\u00e1b\u011bn\u00fd s ohledem na \u017eivotn\u00ed prost\u0159ed\u00ed a tradi\u010dn\u00ed metody sb\u011bru. Tento z\u00e1vazek zaji\u0161\u0165uje soulad s p\u0159\u00edrodn\u00edmi wellness tradicemi a standardy \u010dist\u00e9 kr\u00e1sy.<\/p>\n<p><strong><img decoding=\"async\" style=\"margin-right: 12px;\" src=\"https:\/\/www.oleaia.com\/wp-content\/uploads\/2026\/03\/Check.svg\" alt=\"\" width=\"18\" height=\"15\" \/>Podporuje regeneraci poko\u017eky a jej\u00ed hlad\u0161\u00ed vzhled.<\/strong> Myrhov\u00fd olej je velmi cen\u011bn\u00fd, proto\u017ee pom\u00e1h\u00e1 zlep\u0161it vzhled zral\u00e9, such\u00e9 nebo unaven\u00e9 pleti a p\u0159isp\u00edv\u00e1 k jej\u00edmu zdokonalen\u00ed a o\u017eiven\u00ed.<\/p>\n<p><strong><img decoding=\"async\" style=\"margin-right: 12px;\" src=\"https:\/\/www.oleaia.com\/wp-content\/uploads\/2026\/03\/Check.svg\" alt=\"\" width=\"18\" height=\"15\" \/>Podporuje lep\u0161\u00ed pru\u017enost a pevnost.<\/strong> P\u0159i pravideln\u00e9m pou\u017e\u00edv\u00e1n\u00ed pom\u00e1h\u00e1 udr\u017eovat pru\u017enou a elastickou ple\u0165, zlep\u0161uje jej\u00ed tonus a redukuje v\u00fdskyt jemn\u00fdch vr\u00e1sek.<\/p>\n<p><strong><img decoding=\"async\" style=\"margin-right: 12px;\" src=\"https:\/\/www.oleaia.com\/wp-content\/uploads\/2026\/03\/Check.svg\" alt=\"\" width=\"18\" height=\"15\" \/>Podporuje zklid\u0148uj\u00edc\u00ed p\u00e9\u010di o citlivou a nam\u00e1hanou poko\u017eku.<\/strong> Jeho zklid\u0148uj\u00edc\u00ed vlastnosti pom\u00e1haj\u00ed udr\u017eovat komfort pleti, tak\u017ee je vhodn\u00fd pro citlivou ple\u0165 nebo ple\u0165 nam\u00e1hanou \u017eivotn\u00edm prost\u0159ed\u00edm.<\/p>\n<p><strong><img decoding=\"async\" style=\"margin-right: 12px;\" src=\"https:\/\/www.oleaia.com\/wp-content\/uploads\/2026\/03\/Check.svg\" alt=\"\" width=\"18\" height=\"15\" \/>Posiluje emocion\u00e1ln\u00ed uzemn\u011bn\u00ed a vnit\u0159n\u00ed klid.<\/strong> Tepl\u00e1 prysky\u0159i\u010dn\u00e1 v\u016fn\u011b myrhov\u00e9ho oleje podporuje meditaci, sni\u017euje du\u0161evn\u00ed nap\u011bt\u00ed a podporuje hlubok\u00fd pocit stability a soust\u0159ed\u011bn\u00ed.<\/p>\n<p><strong><img decoding=\"async\" style=\"margin-right: 12px;\" src=\"https:\/\/www.oleaia.com\/wp-content\/uploads\/2026\/03\/Check.svg\" alt=\"\" width=\"18\" height=\"15\" \/>Podporuje rutinn\u00ed p\u00e9\u010di o \u00fastn\u00ed dutinu a lok\u00e1ln\u00ed p\u00e9\u010di.<\/strong> Myrhov\u00fd olej se tradi\u010dn\u011b pou\u017e\u00edv\u00e1 k c\u00edlen\u00e9mu pou\u017eit\u00ed a p\u0159i vhodn\u00e9m pou\u017eit\u00ed pom\u00e1h\u00e1 udr\u017eovat pohodl\u00ed a rovnov\u00e1hu v ur\u010dit\u00fdch oblastech.<\/p>\n<p><strong><img decoding=\"async\" style=\"margin-right: 12px;\" src=\"https:\/\/www.oleaia.com\/wp-content\/uploads\/2026\/03\/Check.svg\" alt=\"\" width=\"18\" height=\"15\" \/>Ide\u00e1ln\u00ed pro meditaci, mas\u00e1\u017ee a regenera\u010dn\u00ed ritu\u00e1ly.<\/strong> D\u00edky sv\u00e9 bohat\u00e9 struktu\u0159e a uzem\u0148uj\u00edc\u00ed v\u016fni je ide\u00e1ln\u00ed pro duchovn\u00ed cvi\u010den\u00ed a hluboce relaxa\u010dn\u00ed mas\u00e1\u017ee.<\/p>\n<p><strong><img decoding=\"async\" style=\"margin-right: 12px;\" src=\"https:\/\/www.oleaia.com\/wp-content\/uploads\/2026\/03\/Check.svg\" alt=\"\" width=\"18\" height=\"15\" \/>Podporuje uklid\u0148uj\u00edc\u00ed, posv\u00e1tnou aromatickou atmosf\u00e9ru.<\/strong> Myrhov\u00fd olej vytv\u00e1\u0159\u00ed prost\u0159ed\u00ed vhodn\u00e9 pro rozj\u00edm\u00e1n\u00ed, relaxaci a emocion\u00e1ln\u00ed \u010distotu.<\/p>\n<p><strong><img decoding=\"async\" style=\"margin-right: 12px;\" src=\"https:\/\/www.oleaia.com\/wp-content\/uploads\/2026\/03\/Check.svg\" alt=\"\" width=\"18\" height=\"15\" \/>V\u0161estrann\u00e9 pou\u017eit\u00ed pro obli\u010dej, t\u011blo, c\u00edlenou p\u00e9\u010di a aromaterapii.<\/strong> Myrhov\u00fd olej se snadno za\u010dlen\u00ed do komplexn\u00edch wellness a kosmetick\u00fdch procedur.<\/p>\n<p><strong><img decoding=\"async\" style=\"margin-right: 12px;\" src=\"https:\/\/www.oleaia.com\/wp-content\/uploads\/2026\/03\/Check.svg\" alt=\"\" width=\"18\" height=\"15\" \/>Je obohacen o vy\u017eivuj\u00edc\u00ed olej pro jemnou aplikaci a optim\u00e1ln\u00ed pohodl\u00ed.<\/strong> N\u00e1\u0161 myrhov\u00fd olej je ji\u017e obohacen o v\u00fd\u017eivn\u00fd olej, kter\u00fd zaji\u0161\u0165uje jemnou aplikaci, lep\u0161\u00ed rozt\u00edratelnost, optim\u00e1ln\u00ed komfort a snadn\u00e9 pou\u017eit\u00ed. Toto promy\u0161len\u00e9 slo\u017een\u00ed zlep\u0161uje skluz a zaji\u0161\u0165uje hladk\u00e9 a rovnom\u011brn\u00e9 kryt\u00ed po cel\u00e9 poko\u017ece.<\/p>\n<h2><strong>Pokyny<\/strong><\/h2>\n<ul>\n<li>Naneste 2 a\u017e 3 kapky na \u010distou a suchou poko\u017eku obli\u010deje a jemn\u011b mas\u00edrujte, dokud se zcela nevst\u0159eb\u00e1.<\/li>\n<li>Pou\u017e\u00edvejte jednou denn\u011b, nejl\u00e9pe ve\u010der pro regenera\u010dn\u00ed p\u00e9\u010di.<\/li>\n<li>Pro p\u00e9\u010di o t\u011blo naneste p\u0159im\u011b\u0159en\u00e9 mno\u017estv\u00ed na such\u00e1 nebo c\u00edlen\u00e1 m\u00edsta a d\u016fkladn\u011b vmas\u00edrujte.<\/li>\n<li>Pro uvoln\u011bn\u00ed aplikujte 1 a\u017e 2 kapky na pulzn\u00ed body, nap\u0159\u00edklad na z\u00e1p\u011bst\u00ed nebo krk.<\/li>\n<li>P\u0159i meditaci rozptylujte 2 a\u017e 4 kapky, abyste navodili uzem\u0148uj\u00edc\u00ed atmosf\u00e9ru.<\/li>\n<li>Pro c\u00edlenou aplikaci pou\u017eijte velmi mal\u00e9 mno\u017estv\u00ed p\u0159\u00edmo na po\u017eadovanou oblast.<\/li>\n<li>Doporu\u010den\u00e1 maxim\u00e1ln\u00ed denn\u00ed d\u00e1vka pro lok\u00e1ln\u00ed pou\u017eit\u00ed je p\u0159ibli\u017en\u011b 5 a\u017e 6 kapek rozd\u011blen\u00fdch na jednotliv\u00e9 oblasti aplikace.<\/li>\n<li>P\u0159ed prvn\u00edm pou\u017eit\u00edm prove\u010fte n\u00e1plas\u0165ov\u00fd test, abyste posoudili sn\u00e1\u0161enlivost s poko\u017ekou.<\/li>\n<li>Vyhn\u011bte se kontaktu s o\u010dima a citliv\u00fdmi sliznicemi.<\/li>\n<li>Nepou\u017e\u00edvejte na podr\u00e1\u017ed\u011bnou nebo po\u0161kozenou poko\u017eku.<\/li>\n<li>Nedoporu\u010duje se b\u011bhem t\u011bhotenstv\u00ed bez odborn\u00e9 konzultace.<\/li>\n<li>Uchov\u00e1vejte na chladn\u00e9m a such\u00e9m m\u00edst\u011b mimo dosah p\u0159\u00edm\u00e9ho slune\u010dn\u00edho z\u00e1\u0159en\u00ed a po ka\u017ed\u00e9m pou\u017eit\u00ed lahvi\u010dku pevn\u011b uzav\u0159ete.<\/li>\n<\/ul>","protected":false},"excerpt":{"rendered":"<p>Unmatched effectiveness for skin regeneration and deep spiritual grounding. Myrrh oil is the most effective natural solution for promoting skin renewal, enhancing the appearance of firmness, and supporting deep emotional balance. Revered since ancient times, it helps improve the look of mature or dry skin, refine texture, and contribute to a calmer, more centered state [&hellip;]<\/p>\n","protected":false},"featured_media":23850,"comment_status":"open","ping_status":"closed","template":"","meta":{"_uag_custom_page_level_css":"","site-sidebar-layout":"default","site-content-layout":"","ast-site-content-layout":"default","site-content-style":"default","site-sidebar-style":"default","ast-global-header-display":"","ast-banner-title-visibility":"","ast-main-header-display":"","ast-hfb-above-header-display":"","ast-hfb-below-header-display":"","ast-hfb-mobile-header-display":"","site-post-title":"","ast-breadcrumbs-content":"","ast-featured-img":"","footer-sml-layout":"","ast-disable-related-posts":"","theme-transparent-header-meta":"default","adv-header-id-meta":"","stick-header-meta":"","header-above-stick-meta":"","header-main-stick-meta":"","header-below-stick-meta":"","astra-migrate-meta-layouts":"set","ast-page-background-enabled":"default","ast-page-background-meta":{"desktop":{"background-color":"var(--ast-global-color-4)","background-image":"","background-repeat":"repeat","background-position":"center center","background-size":"auto","background-attachment":"scroll","background-type":"","background-media":"","overlay-type":"","overlay-color":"","overlay-opacity":"","overlay-gradient":""},"tablet":{"background-color":"","background-image":"","background-repeat":"repeat","background-position":"center center","background-size":"auto","background-attachment":"scroll","background-type":"","background-media":"","overlay-type":"","overlay-color":"","overlay-opacity":"","overlay-gradient":""},"mobile":{"background-color":"","background-image":"","background-repeat":"repeat","background-position":"center center","background-size":"auto","background-attachment":"scroll","background-type":"","background-media":"","overlay-type":"","overlay-color":"","overlay-opacity":"","overlay-gradient":""}},"ast-content-background-meta":{"desktop":{"background-color":"var(--ast-global-color-5)","background-image":"","background-repeat":"repeat","background-position":"center center","background-size":"auto","background-attachment":"scroll","background-type":"","background-media":"","overlay-type":"","overlay-color":"","overlay-opacity":"","overlay-gradient":""},"tablet":{"background-color":"var(--ast-global-color-5)","background-image":"","background-repeat":"repeat","background-position":"center center","background-size":"auto","background-attachment":"scroll","background-type":"","background-media":"","overlay-type":"","overlay-color":"","overlay-opacity":"","overlay-gradient":""},"mobile":{"background-color":"var(--ast-global-color-5)","background-image":"","background-repeat":"repeat","background-position":"center center","background-size":"auto","background-attachment":"scroll","background-type":"","background-media":"","overlay-type":"","overlay-color":"","overlay-opacity":"","overlay-gradient":""}}},"product_brand":[],"product_cat":[15],"product_tag":[],"class_list":{"0":"post-23587","1":"product","2":"type-product","3":"status-publish","4":"has-post-thumbnail","6":"product_cat-shop","7":"desktop-align-left","8":"tablet-align-left","9":"mobile-align-left","11":"first","12":"instock","13":"shipping-taxable","14":"purchasable","15":"product-type-simple"},"spectra_custom_meta":{"_edit_lock":["1774531217:1"],"_edit_last":["1"],"merchant-center-availability":["yes"],"merchant-center-category":["6104"],"_thumbnail_id":["23850"],"_wp_page_template":["default"],"_sku":["OLMYRRHOIL"],"_global_unique_id":["5056773821910"],"_regular_price":["29.90"],"total_sales":["42"],"_tax_status":["taxable"],"_tax_class":[""],"_manage_stock":["no"],"_backorders":["no"],"_sold_individually":["no"],"_weight":["1.3"],"_virtual":["no"],"_downloadable":["no"],"_download_limit":["-1"],"_download_expiry":["-1"],"_stock":[null],"_stock_status":["instock"],"_wc_average_rating":["5.00"],"_wc_review_count":["20"],"_product_version":["10.6.1"],"_price":["29.90"],"site-sidebar-layout":["default"],"ast-site-content-layout":["default"],"site-content-style":["default"],"site-sidebar-style":["default"],"theme-transparent-header-meta":["default"],"_wp_old_slug":["myrrh-oil-1-liter"],"_wc_rating_count":["a:1:{i:5;i:20;}"],"astra-migrate-meta-layouts":["set"],"_uag_css_file_name":["uag-css-23587.css"],"_elementor_page_assets":["a:0:{}"],"_uag_page_assets":["a:9:{s:3:\"css\";s:7156:\".uag-blocks-common-selector{z-index:var(--z-index-desktop) !important}@media (max-width: 976px){.uag-blocks-common-selector{z-index:var(--z-index-tablet) !important}}@media (max-width: 767px){.uag-blocks-common-selector{z-index:var(--z-index-mobile) !important}}\n.wp-block-uagb-image{display:flex}.wp-block-uagb-image__figure{position:relative;display:flex;flex-direction:column;max-width:100%;height:auto;margin:0}.wp-block-uagb-image__figure img{height:auto;display:flex;max-width:100%;transition:box-shadow 0.2s ease}.wp-block-uagb-image__figure>a{display:inline-block}.wp-block-uagb-image__figure figcaption{text-align:center;margin-top:0.5em;margin-bottom:1em}.wp-block-uagb-image .components-placeholder.block-editor-media-placeholder .components-placeholder__instructions{align-self:center}.wp-block-uagb-image--align-left{text-align:left}.wp-block-uagb-image--align-right{text-align:right}.wp-block-uagb-image--align-center{text-align:center}.wp-block-uagb-image--align-full .wp-block-uagb-image__figure{margin-left:calc(50% - 50vw);margin-right:calc(50% - 50vw);max-width:100vw;width:100vw;height:auto}.wp-block-uagb-image--align-full .wp-block-uagb-image__figure img{height:auto;width:100% !important}.wp-block-uagb-image--align-wide .wp-block-uagb-image__figure img{height:auto;width:100%}.wp-block-uagb-image--layout-overlay__color-wrapper{position:absolute;left:0;top:0;right:0;bottom:0;opacity:0.2;background:rgba(0,0,0,0.5);transition:opacity 0.35s ease-in-out}.wp-block-uagb-image--layout-overlay-link{position:absolute;left:0;right:0;bottom:0;top:0}.wp-block-uagb-image--layout-overlay .wp-block-uagb-image__figure:hover .wp-block-uagb-image--layout-overlay__color-wrapper{opacity:1}.wp-block-uagb-image--layout-overlay__inner{position:absolute;left:15px;right:15px;bottom:15px;top:15px;display:flex;align-items:center;justify-content:center;flex-direction:column;border-color:#fff;transition:0.35s ease-in-out}.wp-block-uagb-image--layout-overlay__inner.top-left,.wp-block-uagb-image--layout-overlay__inner.top-center,.wp-block-uagb-image--layout-overlay__inner.top-right{justify-content:flex-start}.wp-block-uagb-image--layout-overlay__inner.bottom-left,.wp-block-uagb-image--layout-overlay__inner.bottom-center,.wp-block-uagb-image--layout-overlay__inner.bottom-right{justify-content:flex-end}.wp-block-uagb-image--layout-overlay__inner.top-left,.wp-block-uagb-image--layout-overlay__inner.center-left,.wp-block-uagb-image--layout-overlay__inner.bottom-left{align-items:flex-start}.wp-block-uagb-image--layout-overlay__inner.top-right,.wp-block-uagb-image--layout-overlay__inner.center-right,.wp-block-uagb-image--layout-overlay__inner.bottom-right{align-items:flex-end}.wp-block-uagb-image--layout-overlay__inner .uagb-image-heading{color:#fff;transition:transform 0.35s, opacity 0.35s ease-in-out;transform:translate3d(0, 24px, 0);margin:0;line-height:1em}.wp-block-uagb-image--layout-overlay__inner .uagb-image-separator{width:30%;border-top-width:2px;border-top-color:#fff;border-top-style:solid;margin-bottom:10px;opacity:0;transition:transform 0.4s, opacity 0.4s ease-in-out;transform:translate3d(0, 30px, 0)}.wp-block-uagb-image--layout-overlay__inner .uagb-image-caption{opacity:0;overflow:visible;color:#fff;transition:transform 0.45s, opacity 0.45s ease-in-out;transform:translate3d(0, 35px, 0)}.wp-block-uagb-image--layout-overlay__inner:hover .uagb-image-heading,.wp-block-uagb-image--layout-overlay__inner:hover .uagb-image-separator,.wp-block-uagb-image--layout-overlay__inner:hover .uagb-image-caption{opacity:1;transform:translate3d(0, 0, 0)}.wp-block-uagb-image--effect-zoomin .wp-block-uagb-image__figure img,.wp-block-uagb-image--effect-zoomin .wp-block-uagb-image__figure .wp-block-uagb-image--layout-overlay__color-wrapper{transform:scale(1);transition:transform 0.35s ease-in-out}.wp-block-uagb-image--effect-zoomin .wp-block-uagb-image__figure:hover img,.wp-block-uagb-image--effect-zoomin .wp-block-uagb-image__figure:hover .wp-block-uagb-image--layout-overlay__color-wrapper{transform:scale(1.05)}.wp-block-uagb-image--effect-slide .wp-block-uagb-image__figure img,.wp-block-uagb-image--effect-slide .wp-block-uagb-image__figure .wp-block-uagb-image--layout-overlay__color-wrapper{width:calc(100% + 40px) !important;max-width:none !important;transform:translate3d(-40px, 0, 0);transition:transform 0.35s ease-in-out}.wp-block-uagb-image--effect-slide .wp-block-uagb-image__figure:hover img,.wp-block-uagb-image--effect-slide .wp-block-uagb-image__figure:hover .wp-block-uagb-image--layout-overlay__color-wrapper{transform:translate3d(0, 0, 0)}.wp-block-uagb-image--effect-grayscale img{filter:grayscale(0%);transition:0.35s ease-in-out}.wp-block-uagb-image--effect-grayscale:hover img{filter:grayscale(100%)}.wp-block-uagb-image--effect-blur img{filter:blur(0);transition:0.35s ease-in-out}.wp-block-uagb-image--effect-blur:hover img{filter:blur(3px)}\n.uagb-block-e6f939b3.wp-block-uagb-image--layout-default figure img{box-shadow: 0px 0px 0 #00000070;}.uagb-block-e6f939b3.wp-block-uagb-image .wp-block-uagb-image__figure figcaption{font-style: normal;align-self: center;}.uagb-block-e6f939b3.wp-block-uagb-image--layout-overlay figure img{box-shadow: 0px 0px 0 #00000070;}.uagb-block-e6f939b3.wp-block-uagb-image--layout-overlay .wp-block-uagb-image--layout-overlay__color-wrapper{opacity: 0.2;}.uagb-block-e6f939b3.wp-block-uagb-image--layout-overlay .wp-block-uagb-image--layout-overlay__inner{left: 15px;right: 15px;top: 15px;bottom: 15px;}.uagb-block-e6f939b3.wp-block-uagb-image--layout-overlay .wp-block-uagb-image--layout-overlay__inner .uagb-image-heading{font-style: normal;color: #fff;opacity: 1;}.uagb-block-e6f939b3.wp-block-uagb-image--layout-overlay .wp-block-uagb-image--layout-overlay__inner .uagb-image-heading a{color: #fff;}.uagb-block-e6f939b3.wp-block-uagb-image--layout-overlay .wp-block-uagb-image--layout-overlay__inner .uagb-image-caption{opacity: 0;}.uagb-block-e6f939b3.wp-block-uagb-image--layout-overlay .wp-block-uagb-image__figure:hover .wp-block-uagb-image--layout-overlay__color-wrapper{opacity: 1;}.uagb-block-e6f939b3.wp-block-uagb-image .wp-block-uagb-image--layout-overlay__inner .uagb-image-separator{width: 30%;border-top-width: 2px;border-top-color: #fff;opacity: 0;}.uagb-block-e6f939b3.wp-block-uagb-image .wp-block-uagb-image__figure img{width: px;height: auto;}.uagb-block-e6f939b3.wp-block-uagb-image .wp-block-uagb-image__figure:hover .wp-block-uagb-image--layout-overlay__inner .uagb-image-caption{opacity: 1;}.uagb-block-e6f939b3.wp-block-uagb-image .wp-block-uagb-image__figure:hover .wp-block-uagb-image--layout-overlay__inner .uagb-image-separator{opacity: 1;}.uagb-block-e6f939b3.wp-block-uagb-image--layout-default figure:hover img{box-shadow: 0px 0px 0 #00000070;}.uagb-block-e6f939b3.wp-block-uagb-image--layout-overlay figure:hover img{box-shadow: 0px 0px 0 #00000070;}@media only screen and (max-width: 976px) {.uagb-block-e6f939b3.wp-block-uagb-image .wp-block-uagb-image__figure img{width: px;height: auto;}}@media only screen and (max-width: 767px) {.uagb-block-e6f939b3.wp-block-uagb-image .wp-block-uagb-image__figure img{width: px;height: auto;}}\";s:2:\"js\";s:0:\"\";s:18:\"current_block_list\";a:13:{i:0;s:11:\"core\/search\";i:1;s:10:\"core\/group\";i:2;s:12:\"core\/heading\";i:3;s:17:\"core\/latest-posts\";i:4;s:20:\"core\/latest-comments\";i:5;s:13:\"core\/archives\";i:6;s:15:\"core\/categories\";i:7;s:14:\"core\/paragraph\";i:8;s:10:\"uagb\/image\";i:9;s:11:\"core\/spacer\";i:10;s:30:\"woocommerce\/product-categories\";i:11;s:10:\"core\/image\";i:12;s:14:\"core\/shortcode\";}s:8:\"uag_flag\";b:1;s:11:\"uag_version\";s:10:\"1776387362\";s:6:\"gfonts\";a:0:{}s:10:\"gfonts_url\";s:0:\"\";s:12:\"gfonts_files\";a:0:{}s:14:\"uag_faq_layout\";b:0;}"]},"uagb_featured_image_src":{"full":["https:\/\/www.oleaia.com\/wp-content\/uploads\/2025\/08\/Oleaia-Myrrh-Oil-1L.jpg",2560,2560,false],"thumbnail":["https:\/\/www.oleaia.com\/wp-content\/uploads\/2025\/08\/Oleaia-Myrrh-Oil-1L-150x150.jpg",150,150,true],"medium":["https:\/\/www.oleaia.com\/wp-content\/uploads\/2025\/08\/Oleaia-Myrrh-Oil-1L-300x300.jpg",300,300,true],"medium_large":["https:\/\/www.oleaia.com\/wp-content\/uploads\/2025\/08\/Oleaia-Myrrh-Oil-1L-768x768.jpg",768,768,true],"large":["https:\/\/www.oleaia.com\/wp-content\/uploads\/2025\/08\/Oleaia-Myrrh-Oil-1L-1024x1024.jpg",1024,1024,true],"1536x1536":["https:\/\/www.oleaia.com\/wp-content\/uploads\/2025\/08\/Oleaia-Myrrh-Oil-1L-1536x1536.jpg",1536,1536,true],"2048x2048":["https:\/\/www.oleaia.com\/wp-content\/uploads\/2025\/08\/Oleaia-Myrrh-Oil-1L-2048x2048.jpg",2048,2048,true],"trp-custom-language-flag":["https:\/\/www.oleaia.com\/wp-content\/uploads\/2025\/08\/Oleaia-Myrrh-Oil-1L-12x12.jpg",12,12,true],"woocommerce_thumbnail":["https:\/\/www.oleaia.com\/wp-content\/uploads\/2025\/08\/Oleaia-Myrrh-Oil-1L-300x300.jpg",300,300,true],"woocommerce_single":["https:\/\/www.oleaia.com\/wp-content\/uploads\/2025\/08\/Oleaia-Myrrh-Oil-1L-600x600.jpg",600,600,true],"woocommerce_gallery_thumbnail":["https:\/\/www.oleaia.com\/wp-content\/uploads\/2025\/08\/Oleaia-Myrrh-Oil-1L-100x100.jpg",100,100,true]},"uagb_author_info":{"display_name":"admin","author_link":"https:\/\/www.oleaia.com\/cz\/author\/"},"uagb_comment_info":20,"uagb_excerpt":"Unmatched effectiveness for skin regeneration and deep spiritual grounding. Myrrh oil is the most effective natural solution for promoting skin renewal, enhancing the appearance of firmness, and supporting deep emotional balance. Revered since ancient times, it helps improve the look of mature or dry skin, refine texture, and contribute to a calmer, more centered state&hellip;","_links":{"self":[{"href":"https:\/\/www.oleaia.com\/cz\/wp-json\/wp\/v2\/product\/23587","targetHints":{"allow":["GET"]}}],"collection":[{"href":"https:\/\/www.oleaia.com\/cz\/wp-json\/wp\/v2\/product"}],"about":[{"href":"https:\/\/www.oleaia.com\/cz\/wp-json\/wp\/v2\/types\/product"}],"replies":[{"embeddable":true,"href":"https:\/\/www.oleaia.com\/cz\/wp-json\/wp\/v2\/comments?post=23587"}],"version-history":[{"count":3,"href":"https:\/\/www.oleaia.com\/cz\/wp-json\/wp\/v2\/product\/23587\/revisions"}],"predecessor-version":[{"id":81100,"href":"https:\/\/www.oleaia.com\/cz\/wp-json\/wp\/v2\/product\/23587\/revisions\/81100"}],"wp:featuredmedia":[{"embeddable":true,"href":"https:\/\/www.oleaia.com\/cz\/wp-json\/wp\/v2\/media\/23850"}],"wp:attachment":[{"href":"https:\/\/www.oleaia.com\/cz\/wp-json\/wp\/v2\/media?parent=23587"}],"wp:term":[{"taxonomy":"product_brand","embeddable":true,"href":"https:\/\/www.oleaia.com\/cz\/wp-json\/wp\/v2\/product_brand?post=23587"},{"taxonomy":"product_cat","embeddable":true,"href":"https:\/\/www.oleaia.com\/cz\/wp-json\/wp\/v2\/product_cat?post=23587"},{"taxonomy":"product_tag","embeddable":true,"href":"https:\/\/www.oleaia.com\/cz\/wp-json\/wp\/v2\/product_tag?post=23587"}],"curies":[{"name":"wp","href":"https:\/\/api.w.org\/{rel}","templated":true}]}}