{"id":23628,"date":"2025-08-08T14:42:12","date_gmt":"2025-08-08T12:42:12","guid":{"rendered":"https:\/\/www.oleaia.com\/?post_type=product&#038;p=23628"},"modified":"2026-03-27T13:45:40","modified_gmt":"2026-03-27T12:45:40","slug":"verbena-oil","status":"publish","type":"product","link":"https:\/\/www.oleaia.com\/cz\/products\/verbena-oil\/","title":{"rendered":"Verbenov\u00fd olej - 1 litr"},"content":{"rendered":"<p><strong><img decoding=\"async\" style=\"margin-right: 12px;\" src=\"https:\/\/www.oleaia.com\/wp-content\/uploads\/2026\/03\/Check.svg\" alt=\"\" width=\"18\" height=\"15\" \/>Pozoruhodn\u00e1 \u00fa\u010dinnost pro relaxaci a nervovou rovnov\u00e1hu.<\/strong> Olej z verbeny je zn\u00e1m\u00fd jako jeden z nej\u00fa\u010dinn\u011bj\u0161\u00edch p\u0159\u00edrodn\u00edch prost\u0159edk\u016f pro zklidn\u011bn\u00ed mysli, uvoln\u011bn\u00ed nervov\u00e9ho nap\u011bt\u00ed a podporu emocion\u00e1ln\u00ed rovnov\u00e1hy, co\u017e je obzvl\u00e1\u0161t\u011b cenn\u00e9 pro osoby, kter\u00e9 hledaj\u00ed jemn\u00fd, ale spolehliv\u00fd zp\u016fsob, jak si odpo\u010dinout po n\u00e1ro\u010dn\u00fdch dnech.<\/p>\n<p><strong><img decoding=\"async\" style=\"margin-right: 12px;\" src=\"https:\/\/www.oleaia.com\/wp-content\/uploads\/2026\/03\/Check.svg\" alt=\"\" width=\"18\" height=\"15\" \/>Cenov\u011b nejdostupn\u011bj\u0161\u00ed mo\u017enost pr\u00e9miov\u00e9 aromatick\u00e9 p\u00e9\u010de.<\/strong> Tento v\u00fdrobek je nejlevn\u011bj\u0161\u00ed na trhu p\u0159i zachov\u00e1n\u00ed st\u00e1l\u00e9 kvality, co\u017e umo\u017e\u0148uje \u010dast\u00e9 pou\u017e\u00edv\u00e1n\u00ed bez finan\u010dn\u00edho tlaku a zaji\u0161\u0165uje, \u017ee p\u0159\u00edrodn\u00ed relaxace z\u016fstane dostupn\u00e1 v\u0161em.<\/p>\n<p><strong><img decoding=\"async\" style=\"margin-right: 12px;\" src=\"https:\/\/www.oleaia.com\/wp-content\/uploads\/2026\/03\/Check.svg\" alt=\"\" width=\"18\" height=\"15\" \/>Rychl\u00e9 doru\u010den\u00ed 24 hodin denn\u011b pro okam\u017eit\u00fd p\u0159\u00edstup.<\/strong> Ka\u017ed\u00e1 objedn\u00e1vka je odes\u00edl\u00e1na s dod\u00e1n\u00edm 24 hodin denn\u011b, co\u017e zaji\u0161\u0165uje, \u017ee verbeny olej je v\u017edy k dispozici, kdy\u017e je pot\u0159eba, a\u0165 u\u017e pro ka\u017edodenn\u00ed relaxaci, aromaterapii nebo c\u00edlenou p\u00e9\u010di.<\/p>\n<p><strong><img decoding=\"async\" style=\"margin-right: 12px;\" src=\"https:\/\/www.oleaia.com\/wp-content\/uploads\/2026\/03\/Check.svg\" alt=\"\" width=\"18\" height=\"15\" \/>Z\u00e1ruka vr\u00e1cen\u00ed pen\u011bz pro naprostou jistotu.<\/strong> Nab\u00edz\u00edme z\u00e1ruku vr\u00e1cen\u00ed pen\u011bz, a pokud z\u00e1kazn\u00edk nebude spokojen, vr\u00e1t\u00edme mu pen\u00edze, \u010d\u00edm\u017e mu poskytneme d\u016fv\u011bru v produkt a umo\u017en\u00edme mu jej bez v\u00e1h\u00e1n\u00ed pou\u017e\u00edvat.<\/p>\n<p><strong><img decoding=\"async\" style=\"margin-right: 12px;\" src=\"https:\/\/www.oleaia.com\/wp-content\/uploads\/2026\/03\/Check.svg\" alt=\"\" width=\"18\" height=\"15\" \/>Zcela ekologick\u00e9, p\u0159\u00edrodn\u00ed a osv\u011b\u017euj\u00edc\u00ed z\u00e1\u017eitek.<\/strong> Olej z verbeny je zcela ekologick\u00fd a je vyr\u00e1b\u011bn s ohledem na p\u0159\u00edrodn\u00ed ekosyst\u00e9my, tak\u017ee je ide\u00e1ln\u00ed volbou pro ty, kdo hledaj\u00ed \u0159e\u0161en\u00ed na rostlinn\u00e9 b\u00e1zi, kter\u00e1 jsou v souladu s ekologicky uv\u011bdom\u011bl\u00fdmi hodnotami.<\/p>\n<p><strong><img decoding=\"async\" style=\"margin-right: 12px;\" src=\"https:\/\/www.oleaia.com\/wp-content\/uploads\/2026\/03\/Check.svg\" alt=\"\" width=\"18\" height=\"15\" \/>Podporuje emo\u010dn\u00ed rovnov\u00e1hu a sni\u017euje stres.<\/strong> Verbenov\u00fd olej, tradi\u010dn\u011b cen\u011bn\u00fd pro sv\u00e9 povzbuzuj\u00edc\u00ed a uklid\u0148uj\u00edc\u00ed vlastnosti, pom\u00e1h\u00e1 sni\u017eovat pocity stresu, nap\u011bt\u00ed a emo\u010dn\u00ed \u00fanavy a p\u0159isp\u00edv\u00e1 ke stabiln\u011bj\u0161\u00edmu a pozitivn\u011bj\u0161\u00edmu stavu mysli.<\/p>\n<p><strong><img decoding=\"async\" style=\"margin-right: 12px;\" src=\"https:\/\/www.oleaia.com\/wp-content\/uploads\/2026\/03\/Check.svg\" alt=\"\" width=\"18\" height=\"15\" \/>Podporuje relaxaci a z\u00e1rove\u0148 udr\u017euje jasnou mysl.<\/strong> Na rozd\u00edl od t\u011b\u017e\u0161\u00edch v\u016fn\u00ed m\u00e1 verbeny lehkou a osv\u011b\u017euj\u00edc\u00ed v\u016fni, kter\u00e1 pom\u00e1h\u00e1 zklidnit mysl, ani\u017e by vyvol\u00e1vala t\u00edhu, a je tak vhodn\u00e1 jak pro relaxaci, tak pro udr\u017een\u00ed soust\u0159ed\u011bn\u00ed.<\/p>\n<p><strong><img decoding=\"async\" style=\"margin-right: 12px;\" src=\"https:\/\/www.oleaia.com\/wp-content\/uploads\/2026\/03\/Check.svg\" alt=\"\" width=\"18\" height=\"15\" \/>Zlep\u0161uje n\u00e1ladu a podporuje pozitivn\u00ed atmosf\u00e9ru.<\/strong> Jeho jasn\u00e1 citrusov\u00e1 v\u016fn\u011b pom\u00e1h\u00e1 zlep\u0161it n\u00e1ladu a vytvo\u0159it p\u0159\u00edjemn\u00e9 prost\u0159ed\u00ed, tak\u017ee je ide\u00e1ln\u00ed pro pou\u017eit\u00ed ve chv\u00edl\u00edch n\u00edzk\u00e9 energie nebo emo\u010dn\u00edho vyp\u011bt\u00ed.<\/p>\n<p><strong><img decoding=\"async\" style=\"margin-right: 12px;\" src=\"https:\/\/www.oleaia.com\/wp-content\/uploads\/2026\/03\/Check.svg\" alt=\"\" width=\"18\" height=\"15\" \/>Podporuje klidn\u00fd sp\u00e1nek a ve\u010dern\u00ed re\u017eim.<\/strong> Olej z verbeny lze za\u010dlenit do no\u010dn\u00edch ritu\u00e1l\u016f, kter\u00e9 pom\u00e1haj\u00ed p\u0159ipravit t\u011blo na odpo\u010dinek, podporuj\u00ed hlad\u0161\u00ed p\u0159echod do sp\u00e1nku a p\u0159isp\u00edvaj\u00ed k d\u016fsledn\u011bj\u0161\u00edmu odpo\u010dinku.<\/p>\n<p><strong><img decoding=\"async\" style=\"margin-right: 12px;\" src=\"https:\/\/www.oleaia.com\/wp-content\/uploads\/2026\/03\/Check.svg\" alt=\"\" width=\"18\" height=\"15\" \/>V\u0161estrann\u00e9 pou\u017eit\u00ed pro mas\u00e1\u017ee a aromaterapii.<\/strong> Lze ji aplikovat lok\u00e1ln\u011b p\u0159i mas\u00e1\u017ei na podporu relaxace nebo ji rozpt\u00fdlit pro vytvo\u0159en\u00ed uklid\u0148uj\u00edc\u00ed a osv\u011b\u017euj\u00edc\u00ed atmosf\u00e9ry, tak\u017ee je vhodn\u00e1 pro \u0161irokou \u0161k\u00e1lu wellness postup\u016f.<\/p>\n<p><strong><img decoding=\"async\" style=\"margin-right: 12px;\" src=\"https:\/\/www.oleaia.com\/wp-content\/uploads\/2026\/03\/Check.svg\" alt=\"\" width=\"18\" height=\"15\" \/>P\u0159isp\u00edv\u00e1 k pohodl\u00ed a lehkosti sval\u016f.<\/strong> P\u0159i mas\u00e1\u017ei pom\u00e1h\u00e1 verbenov\u00fd olej zm\u00edrnit drobn\u00e9 nap\u011bt\u00ed a podporuje pocit t\u011blesn\u00e9ho uvoln\u011bn\u00ed, co\u017e dopl\u0148uje jeho uklid\u0148uj\u00edc\u00ed \u00fa\u010dinky na mysl.<\/p>\n<p><strong><img decoding=\"async\" style=\"margin-right: 12px;\" src=\"https:\/\/www.oleaia.com\/wp-content\/uploads\/2026\/03\/Check.svg\" alt=\"\" width=\"18\" height=\"15\" \/>Osv\u011b\u017euj\u00edc\u00ed aromatick\u00fd profil pro ka\u017edodenn\u00ed revitalizaci.<\/strong> Jeho p\u0159irozen\u011b sv\u011b\u017e\u00ed a citronov\u00e1 v\u016fn\u011b pom\u00e1h\u00e1 povzbudit smysly a z\u00e1rove\u0148 si zachov\u00e1v\u00e1 uklid\u0148uj\u00edc\u00ed podt\u00f3n, tak\u017ee je vhodn\u00fd pro rann\u00ed i ve\u010dern\u00ed pou\u017eit\u00ed.<\/p>\n<p><strong><img decoding=\"async\" style=\"margin-right: 12px;\" src=\"https:\/\/www.oleaia.com\/wp-content\/uploads\/2026\/03\/Check.svg\" alt=\"\" width=\"18\" height=\"15\" \/>Podporuje komfort poko\u017eky a jemnou lok\u00e1ln\u00ed p\u00e9\u010di.<\/strong> Olej z verbeny lze aplikovat na poko\u017eku, aby poskytl p\u0159\u00edjemn\u00fd pocit a za\u010dlenil se do ka\u017edodenn\u00ed p\u00e9\u010de zam\u011b\u0159en\u00e9 na pohodl\u00ed a pohodu.<\/p>\n<p><strong><img decoding=\"async\" style=\"margin-right: 12px;\" src=\"https:\/\/www.oleaia.com\/wp-content\/uploads\/2026\/03\/Check.svg\" alt=\"\" width=\"18\" height=\"15\" \/>Podporuje v\u0161\u00edmavost a emo\u010dn\u00ed uzemn\u011bn\u00ed.<\/strong> Jemn\u00e1 rovnov\u00e1ha mezi sv\u011b\u017eest\u00ed a klidem, kterou verbena olej poskytuje, podporuje cvi\u010den\u00ed v\u0161\u00edmavosti, pom\u00e1h\u00e1 udr\u017eovat p\u0159\u00edtomnost a emo\u010dn\u00ed stabilitu.<\/p>\n<p><strong><img decoding=\"async\" style=\"margin-right: 12px;\" src=\"https:\/\/www.oleaia.com\/wp-content\/uploads\/2026\/03\/Check.svg\" alt=\"\" width=\"18\" height=\"15\" \/>Ji\u017e obohacen\u00e9 o vy\u017eivuj\u00edc\u00ed olej pro optim\u00e1ln\u00ed pohodl\u00ed.<\/strong> Tento verbenov\u00fd olej je ji\u017e obohacen o vy\u017eivuj\u00edc\u00ed olej, kter\u00fd zaji\u0161\u0165uje jemnou aplikaci, lep\u0161\u00ed rozt\u00edratelnost, optim\u00e1ln\u00ed komfort a snadn\u00e9 pou\u017eit\u00ed, co\u017e umo\u017e\u0148uje hladk\u00e9 a p\u0159\u00edjemn\u00e9 za\u010dlen\u011bn\u00ed do ka\u017edodenn\u00ed rutiny.<\/p>\n<h2><strong>Pokyny<\/strong><\/h2>\n<ul>\n<li>Naneste n\u011bkolik kapek na po\u017eadovanou oblast a jemn\u011b mas\u00edrujte, dokud se zcela nevst\u0159eb\u00e1.<\/li>\n<li>Pou\u017e\u00edvejte jednou a\u017e dvakr\u00e1t denn\u011b v z\u00e1vislosti na individu\u00e1ln\u00edch pot\u0159eb\u00e1ch a toleranci.<\/li>\n<li>Pro uvoln\u011bn\u00ed naneste na z\u00e1p\u011bst\u00ed, krk nebo ramena a jemn\u011b vdechujte.<\/li>\n<li>Pro podporu sp\u00e1nku naneste p\u0159ed span\u00edm na hrudn\u00edk nebo chodidla.<\/li>\n<li>Pro aromaterapeutick\u00e9 pou\u017eit\u00ed p\u0159idejte t\u0159i a\u017e p\u011bt kapek do difuz\u00e9ru napln\u011bn\u00e9ho vodou a nechte difundovat 20 a\u017e 30 minut.<\/li>\n<li>Pro \u00falevu od stresu naneste mal\u00e9 mno\u017estv\u00ed na sp\u00e1nky a jemn\u011b mas\u00edrujte.<\/li>\n<li>Pro mas\u00e1\u017e naneste na z\u00e1da, ramena nebo nohy a mas\u00edrujte pomal\u00fdmi krou\u017eiv\u00fdmi pohyby.<\/li>\n<li>Doporu\u010den\u00e9 d\u00e1vkov\u00e1n\u00ed pro dosp\u011bl\u00e9 je a\u017e 6 kapek denn\u011b pro lok\u00e1ln\u00ed pou\u017eit\u00ed, rozd\u011blen\u00e9 do dvou nebo t\u0159\u00ed aplikac\u00ed.<\/li>\n<li>P\u0159ed prvn\u00edm pou\u017eit\u00edm prove\u010fte n\u00e1plas\u0165ov\u00fd test na mal\u00e9 plo\u0161e poko\u017eky.<\/li>\n<li>Vyhn\u011bte se kontaktu s o\u010dima, sliznicemi a citliv\u00fdmi oblastmi.<\/li>\n<li>Nenan\u00e1\u0161ejte na podr\u00e1\u017ed\u011bnou nebo po\u0161kozenou poko\u017eku.<\/li>\n<li>Skladujte na chladn\u00e9m a such\u00e9m m\u00edst\u011b mimo dosah p\u0159\u00edm\u00e9ho slune\u010dn\u00edho sv\u011btla a po ka\u017ed\u00e9m pou\u017eit\u00ed lahvi\u010dku pevn\u011b uzav\u0159ete.<\/li>\n<\/ul>","protected":false},"excerpt":{"rendered":"<p>Remarkable effectiveness for relaxation and nervous balance. Verbena oil is known as one of the most effective natural solutions for calming the mind, easing nervous tension, and supporting emotional equilibrium, making it particularly valuable for individuals seeking a gentle yet reliable way to unwind after demanding days. The most affordable option for premium aromatic care. [&hellip;]<\/p>\n","protected":false},"featured_media":23836,"comment_status":"open","ping_status":"closed","template":"","meta":{"_uag_custom_page_level_css":"","site-sidebar-layout":"default","site-content-layout":"","ast-site-content-layout":"default","site-content-style":"default","site-sidebar-style":"default","ast-global-header-display":"","ast-banner-title-visibility":"","ast-main-header-display":"","ast-hfb-above-header-display":"","ast-hfb-below-header-display":"","ast-hfb-mobile-header-display":"","site-post-title":"","ast-breadcrumbs-content":"","ast-featured-img":"","footer-sml-layout":"","ast-disable-related-posts":"","theme-transparent-header-meta":"default","adv-header-id-meta":"","stick-header-meta":"","header-above-stick-meta":"","header-main-stick-meta":"","header-below-stick-meta":"","astra-migrate-meta-layouts":"set","ast-page-background-enabled":"default","ast-page-background-meta":{"desktop":{"background-color":"var(--ast-global-color-4)","background-image":"","background-repeat":"repeat","background-position":"center center","background-size":"auto","background-attachment":"scroll","background-type":"","background-media":"","overlay-type":"","overlay-color":"","overlay-opacity":"","overlay-gradient":""},"tablet":{"background-color":"","background-image":"","background-repeat":"repeat","background-position":"center center","background-size":"auto","background-attachment":"scroll","background-type":"","background-media":"","overlay-type":"","overlay-color":"","overlay-opacity":"","overlay-gradient":""},"mobile":{"background-color":"","background-image":"","background-repeat":"repeat","background-position":"center center","background-size":"auto","background-attachment":"scroll","background-type":"","background-media":"","overlay-type":"","overlay-color":"","overlay-opacity":"","overlay-gradient":""}},"ast-content-background-meta":{"desktop":{"background-color":"var(--ast-global-color-5)","background-image":"","background-repeat":"repeat","background-position":"center center","background-size":"auto","background-attachment":"scroll","background-type":"","background-media":"","overlay-type":"","overlay-color":"","overlay-opacity":"","overlay-gradient":""},"tablet":{"background-color":"var(--ast-global-color-5)","background-image":"","background-repeat":"repeat","background-position":"center center","background-size":"auto","background-attachment":"scroll","background-type":"","background-media":"","overlay-type":"","overlay-color":"","overlay-opacity":"","overlay-gradient":""},"mobile":{"background-color":"var(--ast-global-color-5)","background-image":"","background-repeat":"repeat","background-position":"center center","background-size":"auto","background-attachment":"scroll","background-type":"","background-media":"","overlay-type":"","overlay-color":"","overlay-opacity":"","overlay-gradient":""}}},"product_brand":[],"product_cat":[15],"product_tag":[],"class_list":{"0":"post-23628","1":"product","2":"type-product","3":"status-publish","4":"has-post-thumbnail","6":"product_cat-shop","7":"desktop-align-left","8":"tablet-align-left","9":"mobile-align-left","11":"first","12":"instock","13":"shipping-taxable","14":"purchasable","15":"product-type-simple"},"spectra_custom_meta":{"_edit_lock":["1774615405:1"],"_edit_last":["1"],"merchant-center-availability":["yes"],"merchant-center-category":["6104"],"_thumbnail_id":["23836"],"_wp_page_template":["default"],"_sku":["OLVERBENAOIL"],"_global_unique_id":["5056773822047"],"_regular_price":["29.90"],"total_sales":["7"],"_tax_status":["taxable"],"_tax_class":[""],"_manage_stock":["no"],"_backorders":["no"],"_sold_individually":["no"],"_weight":["1.3"],"_virtual":["no"],"_downloadable":["no"],"_download_limit":["-1"],"_download_expiry":["-1"],"_stock":[null],"_stock_status":["instock"],"_wc_average_rating":["5.00"],"_wc_review_count":["20"],"_product_version":["10.6.1"],"_price":["29.90"],"site-sidebar-layout":["default"],"ast-site-content-layout":["default"],"site-content-style":["default"],"site-sidebar-style":["default"],"theme-transparent-header-meta":["default"],"_wp_old_slug":["verbena-oil-1-liter"],"_wc_rating_count":["a:1:{i:5;i:20;}"],"astra-migrate-meta-layouts":["set"],"_uag_css_file_name":["uag-css-23628.css"],"_elementor_page_assets":["a:0:{}"],"_uag_page_assets":["a:9:{s:3:\"css\";s:6893:\".wp-block-uagb-image{display:flex}.wp-block-uagb-image__figure{position:relative;display:flex;flex-direction:column;max-width:100%;height:auto;margin:0}.wp-block-uagb-image__figure img{height:auto;display:flex;max-width:100%;transition:box-shadow 0.2s ease}.wp-block-uagb-image__figure>a{display:inline-block}.wp-block-uagb-image__figure figcaption{text-align:center;margin-top:0.5em;margin-bottom:1em}.wp-block-uagb-image .components-placeholder.block-editor-media-placeholder .components-placeholder__instructions{align-self:center}.wp-block-uagb-image--align-left{text-align:left}.wp-block-uagb-image--align-right{text-align:right}.wp-block-uagb-image--align-center{text-align:center}.wp-block-uagb-image--align-full .wp-block-uagb-image__figure{margin-left:calc(50% - 50vw);margin-right:calc(50% - 50vw);max-width:100vw;width:100vw;height:auto}.wp-block-uagb-image--align-full .wp-block-uagb-image__figure img{height:auto;width:100% !important}.wp-block-uagb-image--align-wide .wp-block-uagb-image__figure img{height:auto;width:100%}.wp-block-uagb-image--layout-overlay__color-wrapper{position:absolute;left:0;top:0;right:0;bottom:0;opacity:0.2;background:rgba(0,0,0,0.5);transition:opacity 0.35s ease-in-out}.wp-block-uagb-image--layout-overlay-link{position:absolute;left:0;right:0;bottom:0;top:0}.wp-block-uagb-image--layout-overlay .wp-block-uagb-image__figure:hover .wp-block-uagb-image--layout-overlay__color-wrapper{opacity:1}.wp-block-uagb-image--layout-overlay__inner{position:absolute;left:15px;right:15px;bottom:15px;top:15px;display:flex;align-items:center;justify-content:center;flex-direction:column;border-color:#fff;transition:0.35s ease-in-out}.wp-block-uagb-image--layout-overlay__inner.top-left,.wp-block-uagb-image--layout-overlay__inner.top-center,.wp-block-uagb-image--layout-overlay__inner.top-right{justify-content:flex-start}.wp-block-uagb-image--layout-overlay__inner.bottom-left,.wp-block-uagb-image--layout-overlay__inner.bottom-center,.wp-block-uagb-image--layout-overlay__inner.bottom-right{justify-content:flex-end}.wp-block-uagb-image--layout-overlay__inner.top-left,.wp-block-uagb-image--layout-overlay__inner.center-left,.wp-block-uagb-image--layout-overlay__inner.bottom-left{align-items:flex-start}.wp-block-uagb-image--layout-overlay__inner.top-right,.wp-block-uagb-image--layout-overlay__inner.center-right,.wp-block-uagb-image--layout-overlay__inner.bottom-right{align-items:flex-end}.wp-block-uagb-image--layout-overlay__inner .uagb-image-heading{color:#fff;transition:transform 0.35s, opacity 0.35s ease-in-out;transform:translate3d(0, 24px, 0);margin:0;line-height:1em}.wp-block-uagb-image--layout-overlay__inner .uagb-image-separator{width:30%;border-top-width:2px;border-top-color:#fff;border-top-style:solid;margin-bottom:10px;opacity:0;transition:transform 0.4s, opacity 0.4s ease-in-out;transform:translate3d(0, 30px, 0)}.wp-block-uagb-image--layout-overlay__inner .uagb-image-caption{opacity:0;overflow:visible;color:#fff;transition:transform 0.45s, opacity 0.45s ease-in-out;transform:translate3d(0, 35px, 0)}.wp-block-uagb-image--layout-overlay__inner:hover .uagb-image-heading,.wp-block-uagb-image--layout-overlay__inner:hover .uagb-image-separator,.wp-block-uagb-image--layout-overlay__inner:hover .uagb-image-caption{opacity:1;transform:translate3d(0, 0, 0)}.wp-block-uagb-image--effect-zoomin .wp-block-uagb-image__figure img,.wp-block-uagb-image--effect-zoomin .wp-block-uagb-image__figure .wp-block-uagb-image--layout-overlay__color-wrapper{transform:scale(1);transition:transform 0.35s ease-in-out}.wp-block-uagb-image--effect-zoomin .wp-block-uagb-image__figure:hover img,.wp-block-uagb-image--effect-zoomin .wp-block-uagb-image__figure:hover .wp-block-uagb-image--layout-overlay__color-wrapper{transform:scale(1.05)}.wp-block-uagb-image--effect-slide .wp-block-uagb-image__figure img,.wp-block-uagb-image--effect-slide .wp-block-uagb-image__figure .wp-block-uagb-image--layout-overlay__color-wrapper{width:calc(100% + 40px) !important;max-width:none !important;transform:translate3d(-40px, 0, 0);transition:transform 0.35s ease-in-out}.wp-block-uagb-image--effect-slide .wp-block-uagb-image__figure:hover img,.wp-block-uagb-image--effect-slide .wp-block-uagb-image__figure:hover .wp-block-uagb-image--layout-overlay__color-wrapper{transform:translate3d(0, 0, 0)}.wp-block-uagb-image--effect-grayscale img{filter:grayscale(0%);transition:0.35s ease-in-out}.wp-block-uagb-image--effect-grayscale:hover img{filter:grayscale(100%)}.wp-block-uagb-image--effect-blur img{filter:blur(0);transition:0.35s ease-in-out}.wp-block-uagb-image--effect-blur:hover img{filter:blur(3px)}\n.uagb-block-e6f939b3.wp-block-uagb-image--layout-default figure img{box-shadow: 0px 0px 0 #00000070;}.uagb-block-e6f939b3.wp-block-uagb-image .wp-block-uagb-image__figure figcaption{font-style: normal;align-self: center;}.uagb-block-e6f939b3.wp-block-uagb-image--layout-overlay figure img{box-shadow: 0px 0px 0 #00000070;}.uagb-block-e6f939b3.wp-block-uagb-image--layout-overlay .wp-block-uagb-image--layout-overlay__color-wrapper{opacity: 0.2;}.uagb-block-e6f939b3.wp-block-uagb-image--layout-overlay .wp-block-uagb-image--layout-overlay__inner{left: 15px;right: 15px;top: 15px;bottom: 15px;}.uagb-block-e6f939b3.wp-block-uagb-image--layout-overlay .wp-block-uagb-image--layout-overlay__inner .uagb-image-heading{font-style: normal;color: #fff;opacity: 1;}.uagb-block-e6f939b3.wp-block-uagb-image--layout-overlay .wp-block-uagb-image--layout-overlay__inner .uagb-image-heading a{color: #fff;}.uagb-block-e6f939b3.wp-block-uagb-image--layout-overlay .wp-block-uagb-image--layout-overlay__inner .uagb-image-caption{opacity: 0;}.uagb-block-e6f939b3.wp-block-uagb-image--layout-overlay .wp-block-uagb-image__figure:hover .wp-block-uagb-image--layout-overlay__color-wrapper{opacity: 1;}.uagb-block-e6f939b3.wp-block-uagb-image .wp-block-uagb-image--layout-overlay__inner .uagb-image-separator{width: 30%;border-top-width: 2px;border-top-color: #fff;opacity: 0;}.uagb-block-e6f939b3.wp-block-uagb-image .wp-block-uagb-image__figure img{width: px;height: auto;}.uagb-block-e6f939b3.wp-block-uagb-image .wp-block-uagb-image__figure:hover .wp-block-uagb-image--layout-overlay__inner .uagb-image-caption{opacity: 1;}.uagb-block-e6f939b3.wp-block-uagb-image .wp-block-uagb-image__figure:hover .wp-block-uagb-image--layout-overlay__inner .uagb-image-separator{opacity: 1;}.uagb-block-e6f939b3.wp-block-uagb-image--layout-default figure:hover img{box-shadow: 0px 0px 0 #00000070;}.uagb-block-e6f939b3.wp-block-uagb-image--layout-overlay figure:hover img{box-shadow: 0px 0px 0 #00000070;}@media only screen and (max-width: 976px) {.uagb-block-e6f939b3.wp-block-uagb-image .wp-block-uagb-image__figure img{width: px;height: auto;}}@media only screen and (max-width: 767px) {.uagb-block-e6f939b3.wp-block-uagb-image .wp-block-uagb-image__figure img{width: px;height: auto;}}\";s:2:\"js\";s:0:\"\";s:18:\"current_block_list\";a:13:{i:0;s:11:\"core\/search\";i:1;s:10:\"core\/group\";i:2;s:12:\"core\/heading\";i:3;s:17:\"core\/latest-posts\";i:4;s:20:\"core\/latest-comments\";i:5;s:13:\"core\/archives\";i:6;s:15:\"core\/categories\";i:7;s:14:\"core\/paragraph\";i:8;s:10:\"uagb\/image\";i:9;s:11:\"core\/spacer\";i:10;s:30:\"woocommerce\/product-categories\";i:11;s:10:\"core\/image\";i:12;s:14:\"core\/shortcode\";}s:8:\"uag_flag\";b:1;s:11:\"uag_version\";s:10:\"1776392190\";s:6:\"gfonts\";a:0:{}s:10:\"gfonts_url\";s:0:\"\";s:12:\"gfonts_files\";a:0:{}s:14:\"uag_faq_layout\";b:0;}"]},"uagb_featured_image_src":{"full":["https:\/\/www.oleaia.com\/wp-content\/uploads\/2025\/08\/Oleaia-Verbena-Oil-1L.jpg",2560,2560,false],"thumbnail":["https:\/\/www.oleaia.com\/wp-content\/uploads\/2025\/08\/Oleaia-Verbena-Oil-1L-150x150.jpg",150,150,true],"medium":["https:\/\/www.oleaia.com\/wp-content\/uploads\/2025\/08\/Oleaia-Verbena-Oil-1L-300x300.jpg",300,300,true],"medium_large":["https:\/\/www.oleaia.com\/wp-content\/uploads\/2025\/08\/Oleaia-Verbena-Oil-1L-768x768.jpg",768,768,true],"large":["https:\/\/www.oleaia.com\/wp-content\/uploads\/2025\/08\/Oleaia-Verbena-Oil-1L-1024x1024.jpg",1024,1024,true],"1536x1536":["https:\/\/www.oleaia.com\/wp-content\/uploads\/2025\/08\/Oleaia-Verbena-Oil-1L-1536x1536.jpg",1536,1536,true],"2048x2048":["https:\/\/www.oleaia.com\/wp-content\/uploads\/2025\/08\/Oleaia-Verbena-Oil-1L-2048x2048.jpg",2048,2048,true],"trp-custom-language-flag":["https:\/\/www.oleaia.com\/wp-content\/uploads\/2025\/08\/Oleaia-Verbena-Oil-1L-12x12.jpg",12,12,true],"woocommerce_thumbnail":["https:\/\/www.oleaia.com\/wp-content\/uploads\/2025\/08\/Oleaia-Verbena-Oil-1L-300x300.jpg",300,300,true],"woocommerce_single":["https:\/\/www.oleaia.com\/wp-content\/uploads\/2025\/08\/Oleaia-Verbena-Oil-1L-600x600.jpg",600,600,true],"woocommerce_gallery_thumbnail":["https:\/\/www.oleaia.com\/wp-content\/uploads\/2025\/08\/Oleaia-Verbena-Oil-1L-100x100.jpg",100,100,true]},"uagb_author_info":{"display_name":"admin","author_link":"https:\/\/www.oleaia.com\/cz\/author\/"},"uagb_comment_info":20,"uagb_excerpt":"Remarkable effectiveness for relaxation and nervous balance. Verbena oil is known as one of the most effective natural solutions for calming the mind, easing nervous tension, and supporting emotional equilibrium, making it particularly valuable for individuals seeking a gentle yet reliable way to unwind after demanding days. The most affordable option for premium aromatic care.&hellip;","_links":{"self":[{"href":"https:\/\/www.oleaia.com\/cz\/wp-json\/wp\/v2\/product\/23628","targetHints":{"allow":["GET"]}}],"collection":[{"href":"https:\/\/www.oleaia.com\/cz\/wp-json\/wp\/v2\/product"}],"about":[{"href":"https:\/\/www.oleaia.com\/cz\/wp-json\/wp\/v2\/types\/product"}],"replies":[{"embeddable":true,"href":"https:\/\/www.oleaia.com\/cz\/wp-json\/wp\/v2\/comments?post=23628"}],"version-history":[{"count":3,"href":"https:\/\/www.oleaia.com\/cz\/wp-json\/wp\/v2\/product\/23628\/revisions"}],"predecessor-version":[{"id":81295,"href":"https:\/\/www.oleaia.com\/cz\/wp-json\/wp\/v2\/product\/23628\/revisions\/81295"}],"wp:featuredmedia":[{"embeddable":true,"href":"https:\/\/www.oleaia.com\/cz\/wp-json\/wp\/v2\/media\/23836"}],"wp:attachment":[{"href":"https:\/\/www.oleaia.com\/cz\/wp-json\/wp\/v2\/media?parent=23628"}],"wp:term":[{"taxonomy":"product_brand","embeddable":true,"href":"https:\/\/www.oleaia.com\/cz\/wp-json\/wp\/v2\/product_brand?post=23628"},{"taxonomy":"product_cat","embeddable":true,"href":"https:\/\/www.oleaia.com\/cz\/wp-json\/wp\/v2\/product_cat?post=23628"},{"taxonomy":"product_tag","embeddable":true,"href":"https:\/\/www.oleaia.com\/cz\/wp-json\/wp\/v2\/product_tag?post=23628"}],"curies":[{"name":"wp","href":"https:\/\/api.w.org\/{rel}","templated":true}]}}