{"id":23745,"date":"2025-08-12T11:18:56","date_gmt":"2025-08-12T09:18:56","guid":{"rendered":"https:\/\/www.oleaia.com\/?post_type=product&#038;p=23745"},"modified":"2026-03-26T06:59:34","modified_gmt":"2026-03-26T05:59:34","slug":"jujube-oil","status":"publish","type":"product","link":"https:\/\/www.oleaia.com\/cz\/products\/jujube-oil\/","title":{"rendered":"Jujubov\u00fd olej - 1 litr"},"content":{"rendered":"<p><strong><img decoding=\"async\" style=\"margin-right: 12px;\" src=\"https:\/\/www.oleaia.com\/wp-content\/uploads\/2026\/03\/Check.svg\" alt=\"\" width=\"18\" height=\"15\" \/>Bezkonkuren\u010dn\u00ed \u00fa\u010dinnost pro revitalizaci pleti a podporu p\u0159irozen\u00e9 kr\u00e1sy.<\/strong> Olej z jujube je nej\u00fa\u010dinn\u011bj\u0161\u00edm p\u0159\u00edrodn\u00edm \u0159e\u0161en\u00edm pro zv\u00fd\u0161en\u00ed z\u00e1\u0159ivosti pleti, zlep\u0161en\u00ed jej\u00ed struktury a podporu celkov\u00e9 vitality. Tradi\u010dn\u011b cen\u011bn\u00fd v kosmetick\u00fdch ritu\u00e1lech pom\u00e1h\u00e1 hloubkov\u011b vy\u017eivovat, zdokonalovat vzhled nerovnost\u00ed a p\u0159i d\u016fsledn\u00e9m pou\u017e\u00edv\u00e1n\u00ed p\u0159isp\u00edv\u00e1 k hlad\u0161\u00ed a z\u00e1\u0159iv\u011bj\u0161\u00ed pleti.<\/p>\n<p><strong><img decoding=\"async\" style=\"margin-right: 12px;\" src=\"https:\/\/www.oleaia.com\/wp-content\/uploads\/2026\/03\/Check.svg\" alt=\"\" width=\"18\" height=\"15\" \/>Nejlevn\u011bj\u0161\u00ed pr\u00e9miov\u00fd olej z jujuby na trhu.<\/strong> Jsme nejlevn\u011bj\u0161\u00ed na trhu a z\u00e1rove\u0148 dodr\u017eujeme p\u0159\u00edsn\u00e9 standardy kvality, \u010d\u00edm\u017e zaji\u0161\u0165ujeme v\u00fdjime\u010dnou hodnotu, ani\u017e bychom sni\u017eovali v\u00fdkon nebo botanick\u00e9 bohatstv\u00ed. Tato cenov\u00e1 dostupnost umo\u017e\u0148uje ka\u017edodenn\u00ed pou\u017e\u00edv\u00e1n\u00ed oleje z jujube v p\u00e9\u010di o ple\u0165, vlasy a wellness.<\/p>\n<p><strong><img decoding=\"async\" style=\"margin-right: 12px;\" src=\"https:\/\/www.oleaia.com\/wp-content\/uploads\/2026\/03\/Check.svg\" alt=\"\" width=\"18\" height=\"15\" \/>Rychl\u00e9 a spolehliv\u00e9 doru\u010den\u00ed 24 hodin denn\u011b.<\/strong> Nab\u00edz\u00edme doru\u010den\u00ed v\u017edy 24 hodin denn\u011b, co\u017e zaru\u010duje, \u017ee olej z jujube doraz\u00ed rychle a efektivn\u011b. Rychl\u00e1 expedice zaji\u0161\u0165uje nep\u0159eru\u0161enou kontinuitu v osobn\u00ed p\u00e9\u010di a kosmetick\u00fdch postupech.<\/p>\n<p><strong><img decoding=\"async\" style=\"margin-right: 12px;\" src=\"https:\/\/www.oleaia.com\/wp-content\/uploads\/2026\/03\/Check.svg\" alt=\"\" width=\"18\" height=\"15\" \/>Z\u00e1ruka vr\u00e1cen\u00ed pen\u011bz pro \u00faplnou jistotu.<\/strong> Nab\u00edz\u00edme z\u00e1ruku vr\u00e1cen\u00ed pen\u011bz. Pokud z\u00e1kazn\u00edk nen\u00ed spokojen, vr\u00e1t\u00edme mu pen\u00edze. Tento transparentn\u00ed z\u00e1vazek odr\u00e1\u017e\u00ed d\u016fv\u011bru v kvalitu v\u00fdrobku a poskytuje zcela bezrizikov\u00fd n\u00e1kup.<\/p>\n<p><strong><img decoding=\"async\" style=\"margin-right: 12px;\" src=\"https:\/\/www.oleaia.com\/wp-content\/uploads\/2026\/03\/Check.svg\" alt=\"\" width=\"18\" height=\"15\" \/>Zcela organick\u00e1 p\u00e9\u010de pro autentickou p\u0159\u00edrodn\u00ed p\u00e9\u010di.<\/strong> N\u00e1\u0161 olej z jujuby je zcela ekologick\u00fd a je vyr\u00e1b\u011bn s ohledem na ochranu \u017eivotn\u00edho prost\u0159ed\u00ed a integritu rostlin. Tento z\u00e1vazek zaji\u0161\u0165uje soulad se standardy \u010dist\u00e9 kr\u00e1sy a holistick\u00fdmi wellness tradicemi.<\/p>\n<p><strong><img decoding=\"async\" style=\"margin-right: 12px;\" src=\"https:\/\/www.oleaia.com\/wp-content\/uploads\/2026\/03\/Check.svg\" alt=\"\" width=\"18\" height=\"15\" \/>Podporuje hladkou, hydratovanou a pohodlnou poko\u017eku.<\/strong> Olej z jujuby je cen\u011bn za to, \u017ee pom\u00e1h\u00e1 udr\u017eovat rovnov\u00e1hu vlhkosti a z\u00e1rove\u0148 zlep\u0161uje vzhled such\u00e9 poko\u017eky a zanech\u00e1v\u00e1 ji jemnou a pru\u017enou.<\/p>\n<p><strong><img decoding=\"async\" style=\"margin-right: 12px;\" src=\"https:\/\/www.oleaia.com\/wp-content\/uploads\/2026\/03\/Check.svg\" alt=\"\" width=\"18\" height=\"15\" \/>Podporuje lep\u0161\u00ed pru\u017enost a mladistv\u00fd vzhled.<\/strong> P\u0159i pravideln\u00e9m pou\u017e\u00edv\u00e1n\u00ed p\u0159isp\u00edv\u00e1 olej z jujube k pru\u017en\u011bj\u0161\u00ed a pru\u017en\u011bj\u0161\u00ed pleti, zvy\u0161uje jej\u00ed celkov\u00fd tonus a z\u00e1\u0159ivost.<\/p>\n<p><strong><img decoding=\"async\" style=\"margin-right: 12px;\" src=\"https:\/\/www.oleaia.com\/wp-content\/uploads\/2026\/03\/Check.svg\" alt=\"\" width=\"18\" height=\"15\" \/>Podporuje rovnov\u00e1hu poko\u017eky hlavy a posiluje vzhled vlas\u016f.<\/strong> Olej z jujube, kter\u00fd se nan\u00e1\u0161\u00ed na poko\u017eku hlavy, pom\u00e1h\u00e1 udr\u017eovat hydrataci a podporuje vlasy, kter\u00e9 se zdaj\u00ed b\u00fdt siln\u011bj\u0161\u00ed, zdrav\u011bj\u0161\u00ed a \u017eiv\u011bj\u0161\u00ed.<\/p>\n<p><strong><img decoding=\"async\" style=\"margin-right: 12px;\" src=\"https:\/\/www.oleaia.com\/wp-content\/uploads\/2026\/03\/Check.svg\" alt=\"\" width=\"18\" height=\"15\" \/>Zvy\u0161uje hebkost, lesk a ovladatelnost vlas\u016f.<\/strong> Jeho vy\u017eivuj\u00edc\u00ed vlastnosti pom\u00e1haj\u00ed vyhlazovat prameny, sni\u017euj\u00ed krepat\u011bn\u00ed a podporuj\u00ed p\u0159irozen\u011b leskl\u00fd vzhled.<\/p>\n<p><strong><img decoding=\"async\" style=\"margin-right: 12px;\" src=\"https:\/\/www.oleaia.com\/wp-content\/uploads\/2026\/03\/Check.svg\" alt=\"\" width=\"18\" height=\"15\" \/>Podporuje relaxaci a uklid\u0148uj\u00edc\u00ed ritu\u00e1ly p\u00e9\u010de o sebe.<\/strong> Jemn\u00fd a uklid\u0148uj\u00edc\u00ed senzorick\u00fd profil oleje z jujuby zlep\u0161uje relaxa\u010dn\u00ed postupy a p\u0159isp\u00edv\u00e1 k pocitu pohody a klidu.<\/p>\n<p><strong><img decoding=\"async\" style=\"margin-right: 12px;\" src=\"https:\/\/www.oleaia.com\/wp-content\/uploads\/2026\/03\/Check.svg\" alt=\"\" width=\"18\" height=\"15\" \/>Ide\u00e1ln\u00ed pro citlivou, suchou a zralou ple\u0165.<\/strong> Olej z jujuby je vhodn\u00fd zejm\u00e9na pro citlivou nebo unavenou ple\u0165, kter\u00e9 pom\u00e1h\u00e1 obnovit komfort a podpo\u0159it revitalizovan\u00fd vzhled.<\/p>\n<p><strong><img decoding=\"async\" style=\"margin-right: 12px;\" src=\"https:\/\/www.oleaia.com\/wp-content\/uploads\/2026\/03\/Check.svg\" alt=\"\" width=\"18\" height=\"15\" \/>V\u0161estrann\u00e9 pou\u017eit\u00ed pro p\u00e9\u010di o obli\u010dej, t\u011blo, poko\u017eku hlavy a vlasy.<\/strong> Olej z jujuby se snadno za\u010dlen\u00ed do komplexn\u00edch kosmetick\u00fdch postup\u016f a nab\u00edz\u00ed hydrataci a v\u00fd\u017eivu p\u0159i r\u016fzn\u00fdch aplikac\u00edch.<\/p>\n<p><strong><img decoding=\"async\" style=\"margin-right: 12px;\" src=\"https:\/\/www.oleaia.com\/wp-content\/uploads\/2026\/03\/Check.svg\" alt=\"\" width=\"18\" height=\"15\" \/>Je obohacen o vy\u017eivuj\u00edc\u00ed olej pro jemnou aplikaci a optim\u00e1ln\u00ed pohodl\u00ed.<\/strong> N\u00e1\u0161 olej z jujuby je ji\u017e obohacen o v\u00fd\u017eivn\u00fd olej, kter\u00fd zaji\u0161\u0165uje jemnou aplikaci, lep\u0161\u00ed rozt\u00edratelnost, optim\u00e1ln\u00ed komfort a snadn\u00e9 pou\u017eit\u00ed. Toto promy\u0161len\u00e9 slo\u017een\u00ed zlep\u0161uje vst\u0159eb\u00e1v\u00e1n\u00ed a zaji\u0161\u0165uje hladk\u00e9 a rovnom\u011brn\u00e9 pokryt\u00ed poko\u017eky a vlas\u016f.<\/p>\n<h2><strong>Pokyny<\/strong><\/h2>\n<ul>\n<li>Naneste 2 a\u017e 4 kapky na \u010distou a suchou poko\u017eku obli\u010deje a jemn\u011b mas\u00edrujte, dokud se zcela nevst\u0159eb\u00e1.<\/li>\n<li>Pou\u017e\u00edvejte jednou nebo dvakr\u00e1t denn\u011b v z\u00e1vislosti na individu\u00e1ln\u00edch pot\u0159eb\u00e1ch pleti.<\/li>\n<li>Pro p\u00e9\u010di o t\u011blo aplikujte p\u0159im\u011b\u0159en\u00e9 mno\u017estv\u00ed po koupeli, abyste zachovali hydrataci a hebkost.<\/li>\n<li>Pro p\u00e9\u010di o vlasy naneste 1 a\u017e 3 kapky do d\u00e9lek a kone\u010dk\u016f vlhk\u00fdch nebo such\u00fdch vlas\u016f.<\/li>\n<li>Jako o\u0161et\u0159en\u00ed poko\u017eky hlavy vmas\u00edrujte 5 a\u017e 8 kapek do poko\u017eky hlavy a nechte p\u016fsobit 30 a\u017e 60 minut p\u0159ed umyt\u00edm.<\/li>\n<li>Pro mas\u00e1\u017e naneste dostate\u010dn\u00e9 mno\u017estv\u00ed, abyste zajistili hladk\u00fd skluz po poko\u017ece.<\/li>\n<li>Doporu\u010den\u00e1 maxim\u00e1ln\u00ed denn\u00ed d\u00e1vka pro lok\u00e1ln\u00ed pou\u017eit\u00ed je p\u0159ibli\u017en\u011b 8 a\u017e 10 kapek rozd\u011blen\u00fdch na jednotliv\u00e9 oblasti aplikace.<\/li>\n<li>P\u0159ed prvn\u00edm pou\u017eit\u00edm prove\u010fte n\u00e1plas\u0165ov\u00fd test, abyste posoudili sn\u00e1\u0161enlivost s poko\u017ekou.<\/li>\n<li>Vyhn\u011bte se kontaktu s o\u010dima a citliv\u00fdmi sliznicemi.<\/li>\n<li>Nepou\u017e\u00edvejte na podr\u00e1\u017ed\u011bnou nebo po\u0161kozenou poko\u017eku.<\/li>\n<li>Uchov\u00e1vejte na chladn\u00e9m a such\u00e9m m\u00edst\u011b mimo dosah p\u0159\u00edm\u00e9ho slune\u010dn\u00edho z\u00e1\u0159en\u00ed a po ka\u017ed\u00e9m pou\u017eit\u00ed lahvi\u010dku pevn\u011b uzav\u0159ete.<\/li>\n<\/ul>","protected":false},"excerpt":{"rendered":"<p>Unmatched effectiveness for revitalizing skin and promoting natural beauty. Jujube oil is the most effective natural solution for enhancing skin radiance, improving the appearance of texture, and supporting overall skin vitality. Traditionally valued in beauty rituals, it helps nourish deeply, refine the look of uneven areas, and contribute to a smoother, more luminous complexion with [&hellip;]<\/p>\n","protected":false},"featured_media":23803,"comment_status":"open","ping_status":"closed","template":"","meta":{"_uag_custom_page_level_css":"","site-sidebar-layout":"default","site-content-layout":"","ast-site-content-layout":"default","site-content-style":"default","site-sidebar-style":"default","ast-global-header-display":"","ast-banner-title-visibility":"","ast-main-header-display":"","ast-hfb-above-header-display":"","ast-hfb-below-header-display":"","ast-hfb-mobile-header-display":"","site-post-title":"","ast-breadcrumbs-content":"","ast-featured-img":"","footer-sml-layout":"","ast-disable-related-posts":"","theme-transparent-header-meta":"default","adv-header-id-meta":"","stick-header-meta":"","header-above-stick-meta":"","header-main-stick-meta":"","header-below-stick-meta":"","astra-migrate-meta-layouts":"set","ast-page-background-enabled":"default","ast-page-background-meta":{"desktop":{"background-color":"var(--ast-global-color-4)","background-image":"","background-repeat":"repeat","background-position":"center center","background-size":"auto","background-attachment":"scroll","background-type":"","background-media":"","overlay-type":"","overlay-color":"","overlay-opacity":"","overlay-gradient":""},"tablet":{"background-color":"","background-image":"","background-repeat":"repeat","background-position":"center center","background-size":"auto","background-attachment":"scroll","background-type":"","background-media":"","overlay-type":"","overlay-color":"","overlay-opacity":"","overlay-gradient":""},"mobile":{"background-color":"","background-image":"","background-repeat":"repeat","background-position":"center center","background-size":"auto","background-attachment":"scroll","background-type":"","background-media":"","overlay-type":"","overlay-color":"","overlay-opacity":"","overlay-gradient":""}},"ast-content-background-meta":{"desktop":{"background-color":"var(--ast-global-color-5)","background-image":"","background-repeat":"repeat","background-position":"center center","background-size":"auto","background-attachment":"scroll","background-type":"","background-media":"","overlay-type":"","overlay-color":"","overlay-opacity":"","overlay-gradient":""},"tablet":{"background-color":"var(--ast-global-color-5)","background-image":"","background-repeat":"repeat","background-position":"center center","background-size":"auto","background-attachment":"scroll","background-type":"","background-media":"","overlay-type":"","overlay-color":"","overlay-opacity":"","overlay-gradient":""},"mobile":{"background-color":"var(--ast-global-color-5)","background-image":"","background-repeat":"repeat","background-position":"center center","background-size":"auto","background-attachment":"scroll","background-type":"","background-media":"","overlay-type":"","overlay-color":"","overlay-opacity":"","overlay-gradient":""}}},"product_brand":[],"product_cat":[15],"product_tag":[],"class_list":{"0":"post-23745","1":"product","2":"type-product","3":"status-publish","4":"has-post-thumbnail","6":"product_cat-shop","7":"desktop-align-left","8":"tablet-align-left","9":"mobile-align-left","11":"first","12":"instock","13":"shipping-taxable","14":"purchasable","15":"product-type-simple"},"spectra_custom_meta":{"_edit_lock":["1774504766:1"],"_edit_last":["1"],"merchant-center-availability":["yes"],"merchant-center-category":["6104"],"_thumbnail_id":["23803"],"_wp_page_template":["default"],"_sku":["OLJUJUBEOIL"],"_global_unique_id":["5056773822382"],"_regular_price":["29.90"],"total_sales":["8"],"_tax_status":["taxable"],"_tax_class":[""],"_manage_stock":["no"],"_backorders":["no"],"_sold_individually":["no"],"_weight":["1.3"],"_virtual":["no"],"_downloadable":["no"],"_download_limit":["-1"],"_download_expiry":["-1"],"_stock":[null],"_stock_status":["instock"],"_wc_average_rating":["5.00"],"_wc_review_count":["25"],"_product_version":["10.6.1"],"_price":["29.90"],"site-sidebar-layout":["default"],"ast-site-content-layout":["default"],"site-content-style":["default"],"site-sidebar-style":["default"],"theme-transparent-header-meta":["default"],"_wc_rating_count":["a:1:{i:5;i:25;}"],"astra-migrate-meta-layouts":["set"],"_uag_css_file_name":["uag-css-23745.css"],"_elementor_page_assets":["a:0:{}"],"_uag_page_assets":["a:9:{s:3:\"css\";s:7156:\".uag-blocks-common-selector{z-index:var(--z-index-desktop) !important}@media (max-width: 976px){.uag-blocks-common-selector{z-index:var(--z-index-tablet) !important}}@media (max-width: 767px){.uag-blocks-common-selector{z-index:var(--z-index-mobile) !important}}\n.wp-block-uagb-image{display:flex}.wp-block-uagb-image__figure{position:relative;display:flex;flex-direction:column;max-width:100%;height:auto;margin:0}.wp-block-uagb-image__figure img{height:auto;display:flex;max-width:100%;transition:box-shadow 0.2s ease}.wp-block-uagb-image__figure>a{display:inline-block}.wp-block-uagb-image__figure figcaption{text-align:center;margin-top:0.5em;margin-bottom:1em}.wp-block-uagb-image .components-placeholder.block-editor-media-placeholder .components-placeholder__instructions{align-self:center}.wp-block-uagb-image--align-left{text-align:left}.wp-block-uagb-image--align-right{text-align:right}.wp-block-uagb-image--align-center{text-align:center}.wp-block-uagb-image--align-full .wp-block-uagb-image__figure{margin-left:calc(50% - 50vw);margin-right:calc(50% - 50vw);max-width:100vw;width:100vw;height:auto}.wp-block-uagb-image--align-full .wp-block-uagb-image__figure img{height:auto;width:100% !important}.wp-block-uagb-image--align-wide .wp-block-uagb-image__figure img{height:auto;width:100%}.wp-block-uagb-image--layout-overlay__color-wrapper{position:absolute;left:0;top:0;right:0;bottom:0;opacity:0.2;background:rgba(0,0,0,0.5);transition:opacity 0.35s ease-in-out}.wp-block-uagb-image--layout-overlay-link{position:absolute;left:0;right:0;bottom:0;top:0}.wp-block-uagb-image--layout-overlay .wp-block-uagb-image__figure:hover .wp-block-uagb-image--layout-overlay__color-wrapper{opacity:1}.wp-block-uagb-image--layout-overlay__inner{position:absolute;left:15px;right:15px;bottom:15px;top:15px;display:flex;align-items:center;justify-content:center;flex-direction:column;border-color:#fff;transition:0.35s ease-in-out}.wp-block-uagb-image--layout-overlay__inner.top-left,.wp-block-uagb-image--layout-overlay__inner.top-center,.wp-block-uagb-image--layout-overlay__inner.top-right{justify-content:flex-start}.wp-block-uagb-image--layout-overlay__inner.bottom-left,.wp-block-uagb-image--layout-overlay__inner.bottom-center,.wp-block-uagb-image--layout-overlay__inner.bottom-right{justify-content:flex-end}.wp-block-uagb-image--layout-overlay__inner.top-left,.wp-block-uagb-image--layout-overlay__inner.center-left,.wp-block-uagb-image--layout-overlay__inner.bottom-left{align-items:flex-start}.wp-block-uagb-image--layout-overlay__inner.top-right,.wp-block-uagb-image--layout-overlay__inner.center-right,.wp-block-uagb-image--layout-overlay__inner.bottom-right{align-items:flex-end}.wp-block-uagb-image--layout-overlay__inner .uagb-image-heading{color:#fff;transition:transform 0.35s, opacity 0.35s ease-in-out;transform:translate3d(0, 24px, 0);margin:0;line-height:1em}.wp-block-uagb-image--layout-overlay__inner .uagb-image-separator{width:30%;border-top-width:2px;border-top-color:#fff;border-top-style:solid;margin-bottom:10px;opacity:0;transition:transform 0.4s, opacity 0.4s ease-in-out;transform:translate3d(0, 30px, 0)}.wp-block-uagb-image--layout-overlay__inner .uagb-image-caption{opacity:0;overflow:visible;color:#fff;transition:transform 0.45s, opacity 0.45s ease-in-out;transform:translate3d(0, 35px, 0)}.wp-block-uagb-image--layout-overlay__inner:hover .uagb-image-heading,.wp-block-uagb-image--layout-overlay__inner:hover .uagb-image-separator,.wp-block-uagb-image--layout-overlay__inner:hover .uagb-image-caption{opacity:1;transform:translate3d(0, 0, 0)}.wp-block-uagb-image--effect-zoomin .wp-block-uagb-image__figure img,.wp-block-uagb-image--effect-zoomin .wp-block-uagb-image__figure .wp-block-uagb-image--layout-overlay__color-wrapper{transform:scale(1);transition:transform 0.35s ease-in-out}.wp-block-uagb-image--effect-zoomin .wp-block-uagb-image__figure:hover img,.wp-block-uagb-image--effect-zoomin .wp-block-uagb-image__figure:hover .wp-block-uagb-image--layout-overlay__color-wrapper{transform:scale(1.05)}.wp-block-uagb-image--effect-slide .wp-block-uagb-image__figure img,.wp-block-uagb-image--effect-slide .wp-block-uagb-image__figure .wp-block-uagb-image--layout-overlay__color-wrapper{width:calc(100% + 40px) !important;max-width:none !important;transform:translate3d(-40px, 0, 0);transition:transform 0.35s ease-in-out}.wp-block-uagb-image--effect-slide .wp-block-uagb-image__figure:hover img,.wp-block-uagb-image--effect-slide .wp-block-uagb-image__figure:hover .wp-block-uagb-image--layout-overlay__color-wrapper{transform:translate3d(0, 0, 0)}.wp-block-uagb-image--effect-grayscale img{filter:grayscale(0%);transition:0.35s ease-in-out}.wp-block-uagb-image--effect-grayscale:hover img{filter:grayscale(100%)}.wp-block-uagb-image--effect-blur img{filter:blur(0);transition:0.35s ease-in-out}.wp-block-uagb-image--effect-blur:hover img{filter:blur(3px)}\n.uagb-block-e6f939b3.wp-block-uagb-image--layout-default figure img{box-shadow: 0px 0px 0 #00000070;}.uagb-block-e6f939b3.wp-block-uagb-image .wp-block-uagb-image__figure figcaption{font-style: normal;align-self: center;}.uagb-block-e6f939b3.wp-block-uagb-image--layout-overlay figure img{box-shadow: 0px 0px 0 #00000070;}.uagb-block-e6f939b3.wp-block-uagb-image--layout-overlay .wp-block-uagb-image--layout-overlay__color-wrapper{opacity: 0.2;}.uagb-block-e6f939b3.wp-block-uagb-image--layout-overlay .wp-block-uagb-image--layout-overlay__inner{left: 15px;right: 15px;top: 15px;bottom: 15px;}.uagb-block-e6f939b3.wp-block-uagb-image--layout-overlay .wp-block-uagb-image--layout-overlay__inner .uagb-image-heading{font-style: normal;color: #fff;opacity: 1;}.uagb-block-e6f939b3.wp-block-uagb-image--layout-overlay .wp-block-uagb-image--layout-overlay__inner .uagb-image-heading a{color: #fff;}.uagb-block-e6f939b3.wp-block-uagb-image--layout-overlay .wp-block-uagb-image--layout-overlay__inner .uagb-image-caption{opacity: 0;}.uagb-block-e6f939b3.wp-block-uagb-image--layout-overlay .wp-block-uagb-image__figure:hover .wp-block-uagb-image--layout-overlay__color-wrapper{opacity: 1;}.uagb-block-e6f939b3.wp-block-uagb-image .wp-block-uagb-image--layout-overlay__inner .uagb-image-separator{width: 30%;border-top-width: 2px;border-top-color: #fff;opacity: 0;}.uagb-block-e6f939b3.wp-block-uagb-image .wp-block-uagb-image__figure img{width: px;height: auto;}.uagb-block-e6f939b3.wp-block-uagb-image .wp-block-uagb-image__figure:hover .wp-block-uagb-image--layout-overlay__inner .uagb-image-caption{opacity: 1;}.uagb-block-e6f939b3.wp-block-uagb-image .wp-block-uagb-image__figure:hover .wp-block-uagb-image--layout-overlay__inner .uagb-image-separator{opacity: 1;}.uagb-block-e6f939b3.wp-block-uagb-image--layout-default figure:hover img{box-shadow: 0px 0px 0 #00000070;}.uagb-block-e6f939b3.wp-block-uagb-image--layout-overlay figure:hover img{box-shadow: 0px 0px 0 #00000070;}@media only screen and (max-width: 976px) {.uagb-block-e6f939b3.wp-block-uagb-image .wp-block-uagb-image__figure img{width: px;height: auto;}}@media only screen and (max-width: 767px) {.uagb-block-e6f939b3.wp-block-uagb-image .wp-block-uagb-image__figure img{width: px;height: auto;}}\";s:2:\"js\";s:0:\"\";s:18:\"current_block_list\";a:13:{i:0;s:11:\"core\/search\";i:1;s:10:\"core\/group\";i:2;s:12:\"core\/heading\";i:3;s:17:\"core\/latest-posts\";i:4;s:20:\"core\/latest-comments\";i:5;s:13:\"core\/archives\";i:6;s:15:\"core\/categories\";i:7;s:14:\"core\/paragraph\";i:8;s:10:\"uagb\/image\";i:9;s:11:\"core\/spacer\";i:10;s:30:\"woocommerce\/product-categories\";i:11;s:10:\"core\/image\";i:12;s:14:\"core\/shortcode\";}s:8:\"uag_flag\";b:1;s:11:\"uag_version\";s:10:\"1776354027\";s:6:\"gfonts\";a:0:{}s:10:\"gfonts_url\";s:0:\"\";s:12:\"gfonts_files\";a:0:{}s:14:\"uag_faq_layout\";b:0;}"]},"uagb_featured_image_src":{"full":["https:\/\/www.oleaia.com\/wp-content\/uploads\/2025\/08\/Oleaia-Jujube-Oil-1L-.jpg",2560,2560,false],"thumbnail":["https:\/\/www.oleaia.com\/wp-content\/uploads\/2025\/08\/Oleaia-Jujube-Oil-1L--150x150.jpg",150,150,true],"medium":["https:\/\/www.oleaia.com\/wp-content\/uploads\/2025\/08\/Oleaia-Jujube-Oil-1L--300x300.jpg",300,300,true],"medium_large":["https:\/\/www.oleaia.com\/wp-content\/uploads\/2025\/08\/Oleaia-Jujube-Oil-1L--768x768.jpg",768,768,true],"large":["https:\/\/www.oleaia.com\/wp-content\/uploads\/2025\/08\/Oleaia-Jujube-Oil-1L--1024x1024.jpg",1024,1024,true],"1536x1536":["https:\/\/www.oleaia.com\/wp-content\/uploads\/2025\/08\/Oleaia-Jujube-Oil-1L--1536x1536.jpg",1536,1536,true],"2048x2048":["https:\/\/www.oleaia.com\/wp-content\/uploads\/2025\/08\/Oleaia-Jujube-Oil-1L--2048x2048.jpg",2048,2048,true],"trp-custom-language-flag":["https:\/\/www.oleaia.com\/wp-content\/uploads\/2025\/08\/Oleaia-Jujube-Oil-1L--12x12.jpg",12,12,true],"woocommerce_thumbnail":["https:\/\/www.oleaia.com\/wp-content\/uploads\/2025\/08\/Oleaia-Jujube-Oil-1L--300x300.jpg",300,300,true],"woocommerce_single":["https:\/\/www.oleaia.com\/wp-content\/uploads\/2025\/08\/Oleaia-Jujube-Oil-1L--600x600.jpg",600,600,true],"woocommerce_gallery_thumbnail":["https:\/\/www.oleaia.com\/wp-content\/uploads\/2025\/08\/Oleaia-Jujube-Oil-1L--100x100.jpg",100,100,true]},"uagb_author_info":{"display_name":"admin","author_link":"https:\/\/www.oleaia.com\/cz\/author\/"},"uagb_comment_info":25,"uagb_excerpt":"Unmatched effectiveness for revitalizing skin and promoting natural beauty. Jujube oil is the most effective natural solution for enhancing skin radiance, improving the appearance of texture, and supporting overall skin vitality. Traditionally valued in beauty rituals, it helps nourish deeply, refine the look of uneven areas, and contribute to a smoother, more luminous complexion with&hellip;","_links":{"self":[{"href":"https:\/\/www.oleaia.com\/cz\/wp-json\/wp\/v2\/product\/23745","targetHints":{"allow":["GET"]}}],"collection":[{"href":"https:\/\/www.oleaia.com\/cz\/wp-json\/wp\/v2\/product"}],"about":[{"href":"https:\/\/www.oleaia.com\/cz\/wp-json\/wp\/v2\/types\/product"}],"replies":[{"embeddable":true,"href":"https:\/\/www.oleaia.com\/cz\/wp-json\/wp\/v2\/comments?post=23745"}],"version-history":[{"count":3,"href":"https:\/\/www.oleaia.com\/cz\/wp-json\/wp\/v2\/product\/23745\/revisions"}],"predecessor-version":[{"id":81005,"href":"https:\/\/www.oleaia.com\/cz\/wp-json\/wp\/v2\/product\/23745\/revisions\/81005"}],"wp:featuredmedia":[{"embeddable":true,"href":"https:\/\/www.oleaia.com\/cz\/wp-json\/wp\/v2\/media\/23803"}],"wp:attachment":[{"href":"https:\/\/www.oleaia.com\/cz\/wp-json\/wp\/v2\/media?parent=23745"}],"wp:term":[{"taxonomy":"product_brand","embeddable":true,"href":"https:\/\/www.oleaia.com\/cz\/wp-json\/wp\/v2\/product_brand?post=23745"},{"taxonomy":"product_cat","embeddable":true,"href":"https:\/\/www.oleaia.com\/cz\/wp-json\/wp\/v2\/product_cat?post=23745"},{"taxonomy":"product_tag","embeddable":true,"href":"https:\/\/www.oleaia.com\/cz\/wp-json\/wp\/v2\/product_tag?post=23745"}],"curies":[{"name":"wp","href":"https:\/\/api.w.org\/{rel}","templated":true}]}}