{"id":23775,"date":"2025-08-12T11:51:55","date_gmt":"2025-08-12T09:51:55","guid":{"rendered":"https:\/\/www.oleaia.com\/?post_type=product&#038;p=23775"},"modified":"2026-03-04T08:54:56","modified_gmt":"2026-03-04T07:54:56","slug":"coriander-oil","status":"publish","type":"product","link":"https:\/\/www.oleaia.com\/cz\/products\/coriander-oil\/","title":{"rendered":"Koriandrov\u00fd olej - 1 litr"},"content":{"rendered":"<p><strong><img decoding=\"async\" style=\"margin-right: 12px;\" src=\"https:\/\/www.oleaia.com\/wp-content\/uploads\/2026\/03\/Check.svg\" alt=\"\" width=\"18\" height=\"15\" \/>Bezkonkuren\u010dn\u00ed \u00fa\u010dinnost pro tr\u00e1vic\u00ed komfort a revitaliza\u010dn\u00ed rovnov\u00e1hu.<\/strong> Koriandrov\u00fd olej je nej\u00fa\u010dinn\u011bj\u0161\u00edm p\u0159\u00edrodn\u00edm \u0159e\u0161en\u00edm pro podporu harmonie tr\u00e1ven\u00ed, vnit\u0159n\u00ed rovnov\u00e1hy a osv\u011b\u017euj\u00edc\u00edho pocitu pohody. Tradi\u010dn\u011b cen\u011bn\u00fd v bylinn\u00fdch wellness tradic\u00edch, pom\u00e1h\u00e1 udr\u017eovat tr\u00e1vic\u00ed komfort a z\u00e1rove\u0148 p\u0159isp\u00edv\u00e1 k pocitu revitalizace, pokud je d\u016fsledn\u011b pou\u017e\u00edv\u00e1n jako sou\u010d\u00e1st strukturovan\u00e9ho re\u017eimu.<\/p>\n<p><strong><img decoding=\"async\" style=\"margin-right: 12px;\" src=\"https:\/\/www.oleaia.com\/wp-content\/uploads\/2026\/03\/Check.svg\" alt=\"\" width=\"18\" height=\"15\" \/>Nejlevn\u011bj\u0161\u00ed pr\u00e9miov\u00fd koriandrov\u00fd olej na trhu.<\/strong> Jsme nejlevn\u011bj\u0161\u00ed na trhu a z\u00e1rove\u0148 dodr\u017eujeme p\u0159\u00edsn\u00e9 standardy kvality, co\u017e zaji\u0161\u0165uje v\u00fdjime\u010dnou hodnotu, ani\u017e by to bylo na \u00fakor aromatick\u00e9 bohatosti nebo v\u00fdkonu. D\u00edky t\u00e9to cenov\u00e9 dostupnosti je koriandrov\u00fd olej dostupn\u00fd pro ka\u017edodenn\u00ed wellness a osobn\u00ed p\u00e9\u010di.<\/p>\n<p><strong><img decoding=\"async\" style=\"margin-right: 12px;\" src=\"https:\/\/www.oleaia.com\/wp-content\/uploads\/2026\/03\/Check.svg\" alt=\"\" width=\"18\" height=\"15\" \/>Rychl\u00e9 a spolehliv\u00e9 doru\u010den\u00ed 24 hodin denn\u011b.<\/strong> Nab\u00edz\u00edme doru\u010den\u00ed v\u017edy 24 hodin denn\u011b, co\u017e zaru\u010duje, \u017ee koriandrov\u00fd olej doraz\u00ed rychle a efektivn\u011b. Rychl\u00e9 dod\u00e1n\u00ed zaji\u0161\u0165uje nep\u0159eru\u0161enou kontinuitu v aromaterapii a holistick\u00e9 p\u00e9\u010di.<\/p>\n<p><strong><img decoding=\"async\" style=\"margin-right: 12px;\" src=\"https:\/\/www.oleaia.com\/wp-content\/uploads\/2026\/03\/Check.svg\" alt=\"\" width=\"18\" height=\"15\" \/>Z\u00e1ruka vr\u00e1cen\u00ed pen\u011bz pro \u00faplnou jistotu.<\/strong> Nab\u00edz\u00edme z\u00e1ruku vr\u00e1cen\u00ed pen\u011bz. Pokud z\u00e1kazn\u00edk nen\u00ed spokojen, vr\u00e1t\u00edme mu pen\u00edze. Tento transparentn\u00ed z\u00e1vazek odr\u00e1\u017e\u00ed d\u016fv\u011bru v kvalitu v\u00fdrobku a poskytuje zcela bezrizikov\u00fd n\u00e1kup.<\/p>\n<p><strong><img decoding=\"async\" style=\"margin-right: 12px;\" src=\"https:\/\/www.oleaia.com\/wp-content\/uploads\/2026\/03\/Check.svg\" alt=\"\" width=\"18\" height=\"15\" \/>Zcela organick\u00fd produkt pro autentick\u00fd botanick\u00fd wellness.<\/strong> N\u00e1\u0161 koriandrov\u00fd olej je zcela ekologick\u00fd a je vyr\u00e1b\u011bn s ohledem na ochranu \u017eivotn\u00edho prost\u0159ed\u00ed a integritu rostlin. Tento z\u00e1vazek zaji\u0161\u0165uje soulad s p\u0159\u00edrodn\u00edmi \u017eivotn\u00edmi hodnotami a \u010dist\u00fdmi aromatick\u00fdmi tradicemi.<\/p>\n<p><strong><img decoding=\"async\" style=\"margin-right: 12px;\" src=\"https:\/\/www.oleaia.com\/wp-content\/uploads\/2026\/03\/Check.svg\" alt=\"\" width=\"18\" height=\"15\" \/>Podporuje harmonii tr\u00e1ven\u00ed a lehkost po j\u00eddle.<\/strong> Koriandrov\u00fd olej je tradi\u010dn\u011b oce\u0148ov\u00e1n za to, \u017ee pom\u00e1h\u00e1 udr\u017eovat p\u0159\u00edjemn\u00fd tr\u00e1vic\u00ed proces, p\u0159isp\u00edv\u00e1 k vyrovnan\u00e9mu vnit\u0159n\u00edmu prost\u0159ed\u00ed a pocitu lehkosti.<\/p>\n<p><strong><img decoding=\"async\" style=\"margin-right: 12px;\" src=\"https:\/\/www.oleaia.com\/wp-content\/uploads\/2026\/03\/Check.svg\" alt=\"\" width=\"18\" height=\"15\" \/>Podporuje du\u0161evn\u00ed jasnost a emo\u010dn\u00ed rovnov\u00e1hu.<\/strong> Tepl\u00e1, lehce ko\u0159en\u011bn\u00e1 v\u016fn\u011b koriandrov\u00e9ho oleje pom\u00e1h\u00e1 navodit uklid\u0148uj\u00edc\u00ed a povzn\u00e1\u0161ej\u00edc\u00ed atmosf\u00e9ru, kter\u00e1 podporuje soust\u0159ed\u011bn\u00ed, relaxaci a emo\u010dn\u00ed stabilitu.<\/p>\n<p><strong><img decoding=\"async\" style=\"margin-right: 12px;\" src=\"https:\/\/www.oleaia.com\/wp-content\/uploads\/2026\/03\/Check.svg\" alt=\"\" width=\"18\" height=\"15\" \/>Podporuje uvoln\u011bn\u00ed sval\u016f a t\u011blesn\u00fd komfort.<\/strong> Koriandrov\u00fd olej pom\u00e1h\u00e1 p\u0159i mas\u00e1\u017e\u00edch udr\u017eovat svalov\u00fd komfort a fyzickou lehkost po ka\u017edodenn\u00edch \u010dinnostech nebo n\u00e1maze.<\/p>\n<p><strong><img decoding=\"async\" style=\"margin-right: 12px;\" src=\"https:\/\/www.oleaia.com\/wp-content\/uploads\/2026\/03\/Check.svg\" alt=\"\" width=\"18\" height=\"15\" \/>Vylep\u0161uje aromatick\u00e9 prost\u0159ed\u00ed h\u0159ejivou bylinnou v\u016fn\u00ed.<\/strong> Koriandrov\u00fd olej rozpt\u00fdlen\u00fd v obytn\u00fdch prostor\u00e1ch podporuje p\u0159\u00edjemnou a osv\u011b\u017euj\u00edc\u00ed atmosf\u00e9ru, kter\u00e1 podporuje relaxaci a du\u0161evn\u00ed \u010distotu.<\/p>\n<p><strong><img decoding=\"async\" style=\"margin-right: 12px;\" src=\"https:\/\/www.oleaia.com\/wp-content\/uploads\/2026\/03\/Check.svg\" alt=\"\" width=\"18\" height=\"15\" \/>Ide\u00e1ln\u00ed pro sez\u00f3nn\u00ed wellness a tr\u00e1vic\u00ed rutinu.<\/strong> Koriandrov\u00fd olej je \u010dasto sou\u010d\u00e1st\u00ed holistick\u00fdch postup\u016f zam\u011b\u0159en\u00fdch na udr\u017een\u00ed rovnov\u00e1hy b\u011bhem ro\u010dn\u00edch obdob\u00ed.<\/p>\n<p><strong><img decoding=\"async\" style=\"margin-right: 12px;\" src=\"https:\/\/www.oleaia.com\/wp-content\/uploads\/2026\/03\/Check.svg\" alt=\"\" width=\"18\" height=\"15\" \/>V\u0161estrann\u00e9 pou\u017eit\u00ed pro dif\u00fazi, mas\u00e1\u017e a strukturovan\u00e9 vnit\u0159n\u00ed pou\u017eit\u00ed.<\/strong> Koriandrov\u00fd olej se p\u0159i pou\u017eit\u00ed vhodn\u00e9ho odm\u011b\u0159en\u00e9ho mno\u017estv\u00ed bez probl\u00e9m\u016f za\u010dlen\u00ed do komplexn\u00edch wellness postup\u016f.<\/p>\n<p><strong><img decoding=\"async\" style=\"margin-right: 12px;\" src=\"https:\/\/www.oleaia.com\/wp-content\/uploads\/2026\/03\/Check.svg\" alt=\"\" width=\"18\" height=\"15\" \/>Je obohacen o vy\u017eivuj\u00edc\u00ed olej pro jemnou aplikaci a optim\u00e1ln\u00ed pohodl\u00ed.<\/strong> N\u00e1\u0161 koriandrov\u00fd olej je ji\u017e obohacen o v\u00fd\u017eivn\u00fd olej, kter\u00fd zaji\u0161\u0165uje jemnou aplikaci, lep\u0161\u00ed rozt\u00edratelnost, optim\u00e1ln\u00ed komfort a snadn\u00e9 pou\u017eit\u00ed. Toto promy\u0161len\u00e9 slo\u017een\u00ed zlep\u0161uje skluz p\u0159i mas\u00e1\u017ei a zaji\u0161\u0165uje hladk\u00e9 a rovnom\u011brn\u00e9 pokryt\u00ed poko\u017eky.<\/p>\n<h2><strong>Pokyny<\/strong><\/h2>\n<ul>\n<li>Pro aromatick\u00e9 pou\u017eit\u00ed p\u0159idejte 2 a\u017e 4 kapky do difuz\u00e9ru napln\u011bn\u00e9ho vodou a difuzujte 15 a\u017e 30 minut.<\/li>\n<li>Pro lok\u00e1ln\u00ed aplikaci naneste 3 a\u017e 6 kapek na \u010distou a suchou poko\u017eku a jemn\u011b mas\u00edrujte, dokud se nevst\u0159eb\u00e1.<\/li>\n<li>Pro svalov\u00fd komfort vmas\u00edrujte 5 a\u017e 8 kapek do c\u00edlen\u00fdch vn\u011bj\u0161\u00edch oblast\u00ed, jako jsou ramena, z\u00e1da nebo nohy.<\/li>\n<li>Doporu\u010den\u00e1 maxim\u00e1ln\u00ed denn\u00ed d\u00e1vka pro lok\u00e1ln\u00ed pou\u017eit\u00ed je p\u0159ibli\u017en\u011b 8 a\u017e 10 kapek rozd\u011blen\u00fdch na jednotliv\u00e9 oblasti aplikace.<\/li>\n<li>K vnit\u0159n\u00edmu u\u017eit\u00ed u\u017e\u00edvejte 1 kapku z\u0159ed\u011bnou v \u010dajov\u00e9 l\u017ei\u010dce medu nebo tepl\u00e9 vody jednou denn\u011b.<\/li>\n<li>Nep\u0159ekra\u010dujte 2 kapky denn\u011b pro vnit\u0159n\u00ed u\u017eit\u00ed, pokud v\u00e1m to nen\u00ed odborn\u011b doporu\u010deno.<\/li>\n<li>P\u0159ed prvn\u00edm vn\u011bj\u0161\u00edm pou\u017eit\u00edm prove\u010fte n\u00e1plas\u0165ov\u00fd test pro posouzen\u00ed ko\u017en\u00ed sn\u00e1\u0161enlivosti.<\/li>\n<li>Zabra\u0148te kontaktu s o\u010dima, sliznicemi a citlivou nebo podr\u00e1\u017ed\u011bnou poko\u017ekou.<\/li>\n<li>Nedoporu\u010duje se b\u011bhem t\u011bhotenstv\u00ed a kojen\u00ed bez odborn\u00e9 konzultace.<\/li>\n<li>Uchov\u00e1vejte na chladn\u00e9m a such\u00e9m m\u00edst\u011b mimo dosah p\u0159\u00edm\u00e9ho slune\u010dn\u00edho z\u00e1\u0159en\u00ed a po ka\u017ed\u00e9m pou\u017eit\u00ed lahvi\u010dku pevn\u011b uzav\u0159ete.<\/li>\n<\/ul>","protected":false},"excerpt":{"rendered":"<p>Unmatched effectiveness for digestive comfort and revitalizing balance. Coriander oil is the most effective natural solution for supporting digestive harmony, promoting internal balance, and encouraging a refreshed sense of well-being. Traditionally valued in herbal wellness traditions, it helps maintain digestive comfort while also contributing to a revitalized feeling when used consistently as part of a [&hellip;]<\/p>\n","protected":false},"featured_media":23793,"comment_status":"open","ping_status":"closed","template":"","meta":{"_uag_custom_page_level_css":"","site-sidebar-layout":"default","site-content-layout":"","ast-site-content-layout":"default","site-content-style":"default","site-sidebar-style":"default","ast-global-header-display":"","ast-banner-title-visibility":"","ast-main-header-display":"","ast-hfb-above-header-display":"","ast-hfb-below-header-display":"","ast-hfb-mobile-header-display":"","site-post-title":"","ast-breadcrumbs-content":"","ast-featured-img":"","footer-sml-layout":"","ast-disable-related-posts":"","theme-transparent-header-meta":"default","adv-header-id-meta":"","stick-header-meta":"","header-above-stick-meta":"","header-main-stick-meta":"","header-below-stick-meta":"","astra-migrate-meta-layouts":"set","ast-page-background-enabled":"default","ast-page-background-meta":{"desktop":{"background-color":"var(--ast-global-color-4)","background-image":"","background-repeat":"repeat","background-position":"center center","background-size":"auto","background-attachment":"scroll","background-type":"","background-media":"","overlay-type":"","overlay-color":"","overlay-opacity":"","overlay-gradient":""},"tablet":{"background-color":"","background-image":"","background-repeat":"repeat","background-position":"center center","background-size":"auto","background-attachment":"scroll","background-type":"","background-media":"","overlay-type":"","overlay-color":"","overlay-opacity":"","overlay-gradient":""},"mobile":{"background-color":"","background-image":"","background-repeat":"repeat","background-position":"center center","background-size":"auto","background-attachment":"scroll","background-type":"","background-media":"","overlay-type":"","overlay-color":"","overlay-opacity":"","overlay-gradient":""}},"ast-content-background-meta":{"desktop":{"background-color":"var(--ast-global-color-5)","background-image":"","background-repeat":"repeat","background-position":"center center","background-size":"auto","background-attachment":"scroll","background-type":"","background-media":"","overlay-type":"","overlay-color":"","overlay-opacity":"","overlay-gradient":""},"tablet":{"background-color":"var(--ast-global-color-5)","background-image":"","background-repeat":"repeat","background-position":"center center","background-size":"auto","background-attachment":"scroll","background-type":"","background-media":"","overlay-type":"","overlay-color":"","overlay-opacity":"","overlay-gradient":""},"mobile":{"background-color":"var(--ast-global-color-5)","background-image":"","background-repeat":"repeat","background-position":"center center","background-size":"auto","background-attachment":"scroll","background-type":"","background-media":"","overlay-type":"","overlay-color":"","overlay-opacity":"","overlay-gradient":""}}},"product_brand":[],"product_cat":[15],"product_tag":[],"class_list":{"0":"post-23775","1":"product","2":"type-product","3":"status-publish","4":"has-post-thumbnail","6":"product_cat-shop","7":"desktop-align-left","8":"tablet-align-left","9":"mobile-align-left","11":"first","12":"instock","13":"shipping-taxable","14":"purchasable","15":"product-type-simple"},"spectra_custom_meta":{"_edit_lock":["1774353005:1"],"_edit_last":["1"],"merchant-center-availability":["yes"],"merchant-center-category":["6104"],"_thumbnail_id":["23793"],"_wp_page_template":["default"],"_sku":["OLCORIANDEROIL"],"_global_unique_id":["5056773822481"],"_regular_price":["29.90"],"total_sales":["7"],"_tax_status":["taxable"],"_tax_class":[""],"_manage_stock":["no"],"_backorders":["no"],"_sold_individually":["no"],"_weight":["1.3"],"_virtual":["no"],"_downloadable":["no"],"_download_limit":["-1"],"_download_expiry":["-1"],"_stock":[null],"_stock_status":["instock"],"_wc_average_rating":["5.00"],"_wc_review_count":["13"],"_product_version":["10.5.3"],"_price":["29.90"],"site-sidebar-layout":["default"],"ast-site-content-layout":["default"],"site-content-style":["default"],"site-sidebar-style":["default"],"theme-transparent-header-meta":["default"],"_wc_rating_count":["a:1:{i:5;i:13;}"],"astra-migrate-meta-layouts":["set"],"_uag_css_file_name":["uag-css-23775.css"],"_elementor_page_assets":["a:0:{}"],"_uag_page_assets":["a:9:{s:3:\"css\";s:7156:\".uag-blocks-common-selector{z-index:var(--z-index-desktop) !important}@media (max-width: 976px){.uag-blocks-common-selector{z-index:var(--z-index-tablet) !important}}@media (max-width: 767px){.uag-blocks-common-selector{z-index:var(--z-index-mobile) !important}}\n.wp-block-uagb-image{display:flex}.wp-block-uagb-image__figure{position:relative;display:flex;flex-direction:column;max-width:100%;height:auto;margin:0}.wp-block-uagb-image__figure img{height:auto;display:flex;max-width:100%;transition:box-shadow 0.2s ease}.wp-block-uagb-image__figure>a{display:inline-block}.wp-block-uagb-image__figure figcaption{text-align:center;margin-top:0.5em;margin-bottom:1em}.wp-block-uagb-image .components-placeholder.block-editor-media-placeholder .components-placeholder__instructions{align-self:center}.wp-block-uagb-image--align-left{text-align:left}.wp-block-uagb-image--align-right{text-align:right}.wp-block-uagb-image--align-center{text-align:center}.wp-block-uagb-image--align-full .wp-block-uagb-image__figure{margin-left:calc(50% - 50vw);margin-right:calc(50% - 50vw);max-width:100vw;width:100vw;height:auto}.wp-block-uagb-image--align-full .wp-block-uagb-image__figure img{height:auto;width:100% !important}.wp-block-uagb-image--align-wide .wp-block-uagb-image__figure img{height:auto;width:100%}.wp-block-uagb-image--layout-overlay__color-wrapper{position:absolute;left:0;top:0;right:0;bottom:0;opacity:0.2;background:rgba(0,0,0,0.5);transition:opacity 0.35s ease-in-out}.wp-block-uagb-image--layout-overlay-link{position:absolute;left:0;right:0;bottom:0;top:0}.wp-block-uagb-image--layout-overlay .wp-block-uagb-image__figure:hover .wp-block-uagb-image--layout-overlay__color-wrapper{opacity:1}.wp-block-uagb-image--layout-overlay__inner{position:absolute;left:15px;right:15px;bottom:15px;top:15px;display:flex;align-items:center;justify-content:center;flex-direction:column;border-color:#fff;transition:0.35s ease-in-out}.wp-block-uagb-image--layout-overlay__inner.top-left,.wp-block-uagb-image--layout-overlay__inner.top-center,.wp-block-uagb-image--layout-overlay__inner.top-right{justify-content:flex-start}.wp-block-uagb-image--layout-overlay__inner.bottom-left,.wp-block-uagb-image--layout-overlay__inner.bottom-center,.wp-block-uagb-image--layout-overlay__inner.bottom-right{justify-content:flex-end}.wp-block-uagb-image--layout-overlay__inner.top-left,.wp-block-uagb-image--layout-overlay__inner.center-left,.wp-block-uagb-image--layout-overlay__inner.bottom-left{align-items:flex-start}.wp-block-uagb-image--layout-overlay__inner.top-right,.wp-block-uagb-image--layout-overlay__inner.center-right,.wp-block-uagb-image--layout-overlay__inner.bottom-right{align-items:flex-end}.wp-block-uagb-image--layout-overlay__inner .uagb-image-heading{color:#fff;transition:transform 0.35s, opacity 0.35s ease-in-out;transform:translate3d(0, 24px, 0);margin:0;line-height:1em}.wp-block-uagb-image--layout-overlay__inner .uagb-image-separator{width:30%;border-top-width:2px;border-top-color:#fff;border-top-style:solid;margin-bottom:10px;opacity:0;transition:transform 0.4s, opacity 0.4s ease-in-out;transform:translate3d(0, 30px, 0)}.wp-block-uagb-image--layout-overlay__inner .uagb-image-caption{opacity:0;overflow:visible;color:#fff;transition:transform 0.45s, opacity 0.45s ease-in-out;transform:translate3d(0, 35px, 0)}.wp-block-uagb-image--layout-overlay__inner:hover .uagb-image-heading,.wp-block-uagb-image--layout-overlay__inner:hover .uagb-image-separator,.wp-block-uagb-image--layout-overlay__inner:hover .uagb-image-caption{opacity:1;transform:translate3d(0, 0, 0)}.wp-block-uagb-image--effect-zoomin .wp-block-uagb-image__figure img,.wp-block-uagb-image--effect-zoomin .wp-block-uagb-image__figure .wp-block-uagb-image--layout-overlay__color-wrapper{transform:scale(1);transition:transform 0.35s ease-in-out}.wp-block-uagb-image--effect-zoomin .wp-block-uagb-image__figure:hover img,.wp-block-uagb-image--effect-zoomin .wp-block-uagb-image__figure:hover .wp-block-uagb-image--layout-overlay__color-wrapper{transform:scale(1.05)}.wp-block-uagb-image--effect-slide .wp-block-uagb-image__figure img,.wp-block-uagb-image--effect-slide .wp-block-uagb-image__figure .wp-block-uagb-image--layout-overlay__color-wrapper{width:calc(100% + 40px) !important;max-width:none !important;transform:translate3d(-40px, 0, 0);transition:transform 0.35s ease-in-out}.wp-block-uagb-image--effect-slide .wp-block-uagb-image__figure:hover img,.wp-block-uagb-image--effect-slide .wp-block-uagb-image__figure:hover .wp-block-uagb-image--layout-overlay__color-wrapper{transform:translate3d(0, 0, 0)}.wp-block-uagb-image--effect-grayscale img{filter:grayscale(0%);transition:0.35s ease-in-out}.wp-block-uagb-image--effect-grayscale:hover img{filter:grayscale(100%)}.wp-block-uagb-image--effect-blur img{filter:blur(0);transition:0.35s ease-in-out}.wp-block-uagb-image--effect-blur:hover img{filter:blur(3px)}\n.uagb-block-e6f939b3.wp-block-uagb-image--layout-default figure img{box-shadow: 0px 0px 0 #00000070;}.uagb-block-e6f939b3.wp-block-uagb-image .wp-block-uagb-image__figure figcaption{font-style: normal;align-self: center;}.uagb-block-e6f939b3.wp-block-uagb-image--layout-overlay figure img{box-shadow: 0px 0px 0 #00000070;}.uagb-block-e6f939b3.wp-block-uagb-image--layout-overlay .wp-block-uagb-image--layout-overlay__color-wrapper{opacity: 0.2;}.uagb-block-e6f939b3.wp-block-uagb-image--layout-overlay .wp-block-uagb-image--layout-overlay__inner{left: 15px;right: 15px;top: 15px;bottom: 15px;}.uagb-block-e6f939b3.wp-block-uagb-image--layout-overlay .wp-block-uagb-image--layout-overlay__inner .uagb-image-heading{font-style: normal;color: #fff;opacity: 1;}.uagb-block-e6f939b3.wp-block-uagb-image--layout-overlay .wp-block-uagb-image--layout-overlay__inner .uagb-image-heading a{color: #fff;}.uagb-block-e6f939b3.wp-block-uagb-image--layout-overlay .wp-block-uagb-image--layout-overlay__inner .uagb-image-caption{opacity: 0;}.uagb-block-e6f939b3.wp-block-uagb-image--layout-overlay .wp-block-uagb-image__figure:hover .wp-block-uagb-image--layout-overlay__color-wrapper{opacity: 1;}.uagb-block-e6f939b3.wp-block-uagb-image .wp-block-uagb-image--layout-overlay__inner .uagb-image-separator{width: 30%;border-top-width: 2px;border-top-color: #fff;opacity: 0;}.uagb-block-e6f939b3.wp-block-uagb-image .wp-block-uagb-image__figure img{width: px;height: auto;}.uagb-block-e6f939b3.wp-block-uagb-image .wp-block-uagb-image__figure:hover .wp-block-uagb-image--layout-overlay__inner .uagb-image-caption{opacity: 1;}.uagb-block-e6f939b3.wp-block-uagb-image .wp-block-uagb-image__figure:hover .wp-block-uagb-image--layout-overlay__inner .uagb-image-separator{opacity: 1;}.uagb-block-e6f939b3.wp-block-uagb-image--layout-default figure:hover img{box-shadow: 0px 0px 0 #00000070;}.uagb-block-e6f939b3.wp-block-uagb-image--layout-overlay figure:hover img{box-shadow: 0px 0px 0 #00000070;}@media only screen and (max-width: 976px) {.uagb-block-e6f939b3.wp-block-uagb-image .wp-block-uagb-image__figure img{width: px;height: auto;}}@media only screen and (max-width: 767px) {.uagb-block-e6f939b3.wp-block-uagb-image .wp-block-uagb-image__figure img{width: px;height: auto;}}\";s:2:\"js\";s:0:\"\";s:18:\"current_block_list\";a:13:{i:0;s:11:\"core\/search\";i:1;s:10:\"core\/group\";i:2;s:12:\"core\/heading\";i:3;s:17:\"core\/latest-posts\";i:4;s:20:\"core\/latest-comments\";i:5;s:13:\"core\/archives\";i:6;s:15:\"core\/categories\";i:7;s:14:\"core\/paragraph\";i:8;s:10:\"uagb\/image\";i:9;s:11:\"core\/spacer\";i:10;s:30:\"woocommerce\/product-categories\";i:11;s:10:\"core\/image\";i:12;s:14:\"core\/shortcode\";}s:8:\"uag_flag\";b:1;s:11:\"uag_version\";s:10:\"1776336374\";s:6:\"gfonts\";a:0:{}s:10:\"gfonts_url\";s:0:\"\";s:12:\"gfonts_files\";a:0:{}s:14:\"uag_faq_layout\";b:0;}"]},"uagb_featured_image_src":{"full":["https:\/\/www.oleaia.com\/wp-content\/uploads\/2025\/08\/Oleaia-Coriander-Oil-1L.jpg",2560,2560,false],"thumbnail":["https:\/\/www.oleaia.com\/wp-content\/uploads\/2025\/08\/Oleaia-Coriander-Oil-1L-150x150.jpg",150,150,true],"medium":["https:\/\/www.oleaia.com\/wp-content\/uploads\/2025\/08\/Oleaia-Coriander-Oil-1L-300x300.jpg",300,300,true],"medium_large":["https:\/\/www.oleaia.com\/wp-content\/uploads\/2025\/08\/Oleaia-Coriander-Oil-1L-768x768.jpg",768,768,true],"large":["https:\/\/www.oleaia.com\/wp-content\/uploads\/2025\/08\/Oleaia-Coriander-Oil-1L-1024x1024.jpg",1024,1024,true],"1536x1536":["https:\/\/www.oleaia.com\/wp-content\/uploads\/2025\/08\/Oleaia-Coriander-Oil-1L-1536x1536.jpg",1536,1536,true],"2048x2048":["https:\/\/www.oleaia.com\/wp-content\/uploads\/2025\/08\/Oleaia-Coriander-Oil-1L-2048x2048.jpg",2048,2048,true],"trp-custom-language-flag":["https:\/\/www.oleaia.com\/wp-content\/uploads\/2025\/08\/Oleaia-Coriander-Oil-1L-12x12.jpg",12,12,true],"woocommerce_thumbnail":["https:\/\/www.oleaia.com\/wp-content\/uploads\/2025\/08\/Oleaia-Coriander-Oil-1L-300x300.jpg",300,300,true],"woocommerce_single":["https:\/\/www.oleaia.com\/wp-content\/uploads\/2025\/08\/Oleaia-Coriander-Oil-1L-600x600.jpg",600,600,true],"woocommerce_gallery_thumbnail":["https:\/\/www.oleaia.com\/wp-content\/uploads\/2025\/08\/Oleaia-Coriander-Oil-1L-100x100.jpg",100,100,true]},"uagb_author_info":{"display_name":"admin","author_link":"https:\/\/www.oleaia.com\/cz\/author\/"},"uagb_comment_info":13,"uagb_excerpt":"Unmatched effectiveness for digestive comfort and revitalizing balance. Coriander oil is the most effective natural solution for supporting digestive harmony, promoting internal balance, and encouraging a refreshed sense of well-being. Traditionally valued in herbal wellness traditions, it helps maintain digestive comfort while also contributing to a revitalized feeling when used consistently as part of a&hellip;","_links":{"self":[{"href":"https:\/\/www.oleaia.com\/cz\/wp-json\/wp\/v2\/product\/23775","targetHints":{"allow":["GET"]}}],"collection":[{"href":"https:\/\/www.oleaia.com\/cz\/wp-json\/wp\/v2\/product"}],"about":[{"href":"https:\/\/www.oleaia.com\/cz\/wp-json\/wp\/v2\/types\/product"}],"replies":[{"embeddable":true,"href":"https:\/\/www.oleaia.com\/cz\/wp-json\/wp\/v2\/comments?post=23775"}],"version-history":[{"count":3,"href":"https:\/\/www.oleaia.com\/cz\/wp-json\/wp\/v2\/product\/23775\/revisions"}],"predecessor-version":[{"id":78241,"href":"https:\/\/www.oleaia.com\/cz\/wp-json\/wp\/v2\/product\/23775\/revisions\/78241"}],"wp:featuredmedia":[{"embeddable":true,"href":"https:\/\/www.oleaia.com\/cz\/wp-json\/wp\/v2\/media\/23793"}],"wp:attachment":[{"href":"https:\/\/www.oleaia.com\/cz\/wp-json\/wp\/v2\/media?parent=23775"}],"wp:term":[{"taxonomy":"product_brand","embeddable":true,"href":"https:\/\/www.oleaia.com\/cz\/wp-json\/wp\/v2\/product_brand?post=23775"},{"taxonomy":"product_cat","embeddable":true,"href":"https:\/\/www.oleaia.com\/cz\/wp-json\/wp\/v2\/product_cat?post=23775"},{"taxonomy":"product_tag","embeddable":true,"href":"https:\/\/www.oleaia.com\/cz\/wp-json\/wp\/v2\/product_tag?post=23775"}],"curies":[{"name":"wp","href":"https:\/\/api.w.org\/{rel}","templated":true}]}}