{"id":121,"date":"2025-04-11T06:36:34","date_gmt":"2025-04-11T04:36:34","guid":{"rendered":"https:\/\/www.stoprodent.com\/?page_id=121"},"modified":"2025-07-18T16:46:05","modified_gmt":"2025-07-18T14:46:05","slug":"terms-of-sale","status":"publish","type":"page","link":"https:\/\/www.oleaia.com\/dk\/terms-of-sale\/","title":{"rendered":"Vilk\u00e5r for salg"},"content":{"rendered":"<p>Disse salgsbetingelser indg\u00e5s p\u00e5 den ene side af virksomheden Oleaia LLC med en aktiekapital p\u00e5 100.000 USD, hvis hovedkontor er beliggende p\u00e5 213 N Market Street #1042, Wilmington, DE 19801, USA, registreret i handelsregistret i Delaware under nummeret 10141920 og administrerer webstedet og p\u00e5 den anden side af enhver juridisk person, der \u00f8nsker at foretage et k\u00f8b via webstedet, i det f\u00f8lgende ben\u00e6vnt \"k\u00f8beren\".<br><br><strong>Artikel 1. Form\u00e5l<\/strong><\/p>\n\n\n\n<p>Disse salgsbetingelser har til form\u00e5l at definere det kontraktlige forhold mellem Oleaia LLC og k\u00f8beren og de betingelser, der g\u00e6lder for ethvert k\u00f8b foretaget via dette websted. Erhvervelse af et produkt via dette websted indeb\u00e6rer uforbeholden accept af k\u00f8beren af disse salgsbetingelser, som k\u00f8beren anerkender at have l\u00e6st inden sin ordre. F\u00f8r enhver transaktion erkl\u00e6rer k\u00f8beren p\u00e5 den ene side, at k\u00f8b af produkter p\u00e5 hjemmesiden er direkte relateret til hans professionelle aktivitet og at v\u00e6re momsregistreret og p\u00e5 den anden side at have fuld juridisk kapacitet, hvilket g\u00f8r det muligt at engagere sig i henhold til de nuv\u00e6rende generelle salgsbetingelser.<\/p>\n\n\n\n<p>Virksomheden Oleaia LLC bevarer muligheden for at \u00e6ndre disse salgsbetingelser til enhver tid for at overholde eventuelle nye regler eller for at forbedre brugen af sit websted. Derfor vil de g\u00e6ldende betingelser v\u00e6re dem, der er i kraft p\u00e5 datoen for k\u00f8bers ordre.<\/p>\n\n\n\n<p><strong>Artikel 2. Produkter<\/strong><\/p>\n\n\n\n<p>De tilbudte produkter er dem, der vises p\u00e5 hjemmesiden for virksomheden Oleaia LLC inden for gr\u00e6nserne af tilg\u00e6ngelige lagre. Oleaia LLC forbeholder sig ret til at \u00e6ndre produktsortimentet til enhver tid. Hvert produkt pr\u00e6senteres p\u00e5 webstedet i form af en beskrivelse, der indeholder dets vigtigste tekniske egenskaber (kapacitet, brug, sammens\u00e6tning osv.). Fotografierne er s\u00e5 n\u00f8jagtige som muligt, men forpligter ikke s\u00e6lgeren p\u00e5 nogen m\u00e5de. Salget af de produkter, der pr\u00e6senteres p\u00e5 webstedet, er beregnet til alle k\u00f8bere, der er bosiddende i lande, der fuldt ud tillader indrejse i deres omr\u00e5de af disse produkter.<br><br><strong>Artikel 3. Satser<\/strong><\/p>\n\n\n\n<p>De priser, der vises p\u00e5 de ark, der er produceret i internetkataloget, er priser i lokal valuta, inklusive alle skatter. Oleaia LLC forbeholder sig ret til at \u00e6ndre sine priser til enhver tid, idet det dog forst\u00e5s, at den pris, der vises i kataloget p\u00e5 ordredagen, vil v\u00e6re den eneste, der g\u00e6lder for k\u00f8beren. De angivne priser inkluderer ikke leveringsomkostninger, der faktureres ud over prisen p\u00e5 de k\u00f8bte produkter, beregnet i henhold til den samlede v\u00e6gt af ordren.<br><br><strong>Artikel 4. Bestilling og betalingsbetingelser<\/strong><\/p>\n\n\n\n<p>F\u00f8r hver ordre har k\u00f8beren mulighed for at oprette en konto. Afsnittet om oprettelse af konto er tilg\u00e6ngeligt direkte fra sidemenulinjen. Ved hvert bes\u00f8g skal k\u00f8beren, hvis han \u00f8nsker at bestille eller konsultere sin konto (ordrestatus, profil osv.), identificere sig ved hj\u00e6lp af disse oplysninger. Virksomheden Oleaia LLC tilbyder k\u00f8beren at bestille og betale for sine produkter i flere trin med 3 betalingsmuligheder at v\u00e6lge imellem :<\/p>\n\n\n\n<p><strong>Betaling via bankoverf\u00f8rsel :<\/strong>\u00a0k\u00f8beren skal kontakte Oleaia LLC via e-mail for at anmode om et tilbud. Det er n\u00f8dvendigt, at han meddeler de produkter, han \u00f8nsker at bestille, den transport\u00f8r, han \u00f8nsker at v\u00e6lge, hans e-mail-adresse og telefonnummer samt hans leverings- og faktureringsadresse. Efter at have sendt sin anmodning f\u00e5r han et tilbud med kontaktoplysningerne til virksomheden Oleaia LLC. Overf\u00f8rslen skal ske inden for 30 dage, og det samlede bel\u00f8b skal ankomme til Oleaia LLC's konto uden nogen bankgebyrer. Det er op til k\u00f8beren at betale eventuelle bankgebyrer i forbindelse med overf\u00f8rslen. F\u00f8rst n\u00e5r bel\u00f8bet er ankommet til Oleaia LLC's konto, vil sidstn\u00e6vnte behandle ordren.<\/p>\n\n\n\n<p><strong>Sikker betaling med kreditkort (via Stripe-systemet) :<\/strong>\u00a0k\u00f8beren v\u00e6lger de produkter, han \u00f8nsker at bestille i \"kurven\", \u00e6ndrer om n\u00f8dvendigt (m\u00e6ngder, referencer osv.), kontrollerer leveringsadressen eller indtaster en ny . Derefter beregnes forsendelsesomkostningerne og sendes til k\u00f8beren, s\u00e5vel som navnet p\u00e5 transport\u00f8ren og den vejledende leveringstid. Derefter g\u00e5r k\u00f8beren videre til betaling. Endelig omdirigeres k\u00f8beren til den sikre Stripe-gr\u00e6nseflade for sikkert at indtaste sine bankkortreferencer. Hvis betalingen accepteres, registreres ordren, og kontrakten er endeligt indg\u00e5et. Betaling med kreditkort er uigenkaldelig.<br><br>Bekr\u00e6ftelse af en ordre indeb\u00e6rer accept af disse salgsbetingelser, anerkendelse af at have perfekt kendskab til dem og afkald p\u00e5 at benytte sig af sine egne k\u00f8bsbetingelser. Alle de angivne data og den registrerede bekr\u00e6ftelse vil udg\u00f8re bevis for transaktionen. Hvis k\u00f8beren har en e-mail-adresse, og hvis han har indtastet den p\u00e5 sin ordreformular, sender virksomheden Oleaia LLC ham via e-mail bekr\u00e6ftelse af registreringen af hans ordre.<br><br>Hvis k\u00f8beren \u00f8nsker at kontakte Oleaia LLC, kan han g\u00f8re det enten med post til f\u00f8lgende adresse: Oleaia LLC, 213 N Market Street #1042, Wilmington, DE 198013, United States of America; enten via e-mail p\u00e5 f\u00f8lgende adresse: contact@oleaia.com<br><br><strong>Artikel 5. Bevarelse af ejendomsretten<\/strong><\/p>\n\n\n\n<p>Oleaia LLC bevarer fuldt og helt ejerskab af de solgte produkter indtil fuld betaling af prisen, i hovedstol, inklusive omkostninger og skatter.<\/p>\n\n\n\n<p><strong>Artikel 6. Tilbagetr\u00e6kning<\/strong><\/p>\n\n\n\n<p>K\u00f8beren har en periode p\u00e5 tredive arbejdsdage fra levering af deres ordre til at ud\u00f8ve deres fortrydelsesret og dermed returnere produktet til s\u00e6lgeren til ombytning eller refusion uden straf.<br><strong><br>Artikel 7. Levering<br><\/strong><br>Leveringer sker til den adresse, der er angivet p\u00e5 bestillingsformularen, som kun kan v\u00e6re i det aftalte geografiske omr\u00e5de. Bestillinger foretages af den transport\u00f8r, der er valgt p\u00e5 bestillingstidspunktet, leveringstjenesten er med sporing og levering uden underskrift. Leveringstider er kun angivet som en indikation; hvis disse overstiger tredive dage fra ordren, kan salgskontrakten opsiges, og k\u00f8beren refunderes. Oleaia LLC vil give k\u00f8beren sporingsnummeret for deres pakke via e-mail. K\u00f8beren f\u00e5r leveret til sit hjem af sit bud. I tilf\u00e6lde af k\u00f8bers frav\u00e6r vil han modtage en leveringsmeddelelse fra sit postbud, som giver ham mulighed for at oml\u00e6gge leveringen af de bestilte produkter i en periode, der er angivet af leveringstjenesterne. Transportrisici er k\u00f8bers ansvar fra det tidspunkt, hvor varerne forlader Oleaia LLC's lokaler. K\u00f8beren er forpligtet til at kontrollere, i n\u00e6rv\u00e6relse af leveringspersonen, tilstanden af varens emballage og dens indhold ved levering. I tilf\u00e6lde af skader under transport skal enhver protest frems\u00e6ttes over for transport\u00f8ren inden for tre dage efter levering.<br><br><strong>Artikel 8. Garanti<br><\/strong><br>Alle produkter leveret af Oleaia LLC er garanteret. I tilf\u00e6lde af manglende overholdelse af et solgt produkt kan det returneres til virksomheden Oleaia LLC, der vil tage det tilbage, bytte det eller refundere det. Alle klager, anmodninger om ombytning eller tilbagebetaling skal sendes med post til f\u00f8lgende adresse: Oleaia LLC, 213 N Market Street #1042, Wilmington, DE 19801, United States of America, inden for tredive dage efter levering.<br><br><strong>Artikel 9. Ansvarlighed<\/strong><\/p>\n\n\n\n<p>Oleaia LLC i fjernsalgsprocessen er kun bundet af en forpligtelse til midler. Det kan ikke holdes ansvarligt for eventuelle skader som f\u00f8lge af brugen af internetnetv\u00e6rket, s\u00e5som tab af data, indtr\u00e6ngen, virus, afbrydelse af tjenesten eller andre ufrivillige problemer.<br><br><strong>Artikel 10. Intellektuel ejendomsret<br><\/strong><br>Alle elementer p\u00e5 webstedet er og forbliver den eksklusive intellektuelle ejendom for virksomheden Oleaia LLC. form af foto, logo, visuel eller tekst.<br><br><strong>Artikel 11. Personlige oplysninger<\/strong><br><br>Oleaia LLC forpligter sig til at bevare fortroligheden af de oplysninger, der leveres af k\u00f8beren, som han bliver n\u00f8dt til at overf\u00f8re til brug af visse tjenester. Internetbrugeren har ret til at f\u00e5 adgang til, \u00e6ndre og slette oplysninger om ham. Han kan til enhver tid anmode om det ved at sende en mail til f\u00f8lgende adresse: Oleaia LLC, 213 N Market Street #1042, Wilmington, DE 19801, United States of America.<\/p>\n\n\n\n<p><strong>Artikel 12. Bil\u00e6ggelse af tvister<\/strong><\/p>\n\n\n\n<p>Disse fjernsalgsbetingelser er underlagt g\u00e6ldende lovgivning i USA. For alle tvister eller uoverensstemmelser vil den kompetente domstol v\u00e6re den i Wilmington.<\/p>\n\n\n\n<p><strong>Artikel 13. Kontaktoplysninger<\/strong><\/p>\n\n\n\n<p>Oleaia LLC<br>213 N Market Street #1042,<br>Wilmington, DE 19801<br>Amerikas Forenede Stater<\/p>","protected":false},"excerpt":{"rendered":"<p>These conditions of sale are concluded on the one hand by the company Oleaia LLC with a share capital of 100,000 USD whose head office is located at 213 N Market Street #1042, Wilmington, DE 19801, United States of America, registered in the Commercial Register of Delaware under the number 10141920 and managing the website [&hellip;]<\/p>\n","protected":false},"author":1,"featured_media":0,"parent":0,"menu_order":0,"comment_status":"closed","ping_status":"closed","template":"","meta":{"_uag_custom_page_level_css":"","site-sidebar-layout":"default","site-content-layout":"","ast-site-content-layout":"default","site-content-style":"default","site-sidebar-style":"default","ast-global-header-display":"","ast-banner-title-visibility":"","ast-main-header-display":"","ast-hfb-above-header-display":"","ast-hfb-below-header-display":"","ast-hfb-mobile-header-display":"","site-post-title":"","ast-breadcrumbs-content":"","ast-featured-img":"","footer-sml-layout":"","ast-disable-related-posts":"","theme-transparent-header-meta":"","adv-header-id-meta":"","stick-header-meta":"","header-above-stick-meta":"","header-main-stick-meta":"","header-below-stick-meta":"","astra-migrate-meta-layouts":"set","ast-page-background-enabled":"default","ast-page-background-meta":{"desktop":{"background-color":"var(--ast-global-color-4)","background-image":"","background-repeat":"repeat","background-position":"center center","background-size":"auto","background-attachment":"scroll","background-type":"","background-media":"","overlay-type":"","overlay-color":"","overlay-opacity":"","overlay-gradient":""},"tablet":{"background-color":"","background-image":"","background-repeat":"repeat","background-position":"center center","background-size":"auto","background-attachment":"scroll","background-type":"","background-media":"","overlay-type":"","overlay-color":"","overlay-opacity":"","overlay-gradient":""},"mobile":{"background-color":"","background-image":"","background-repeat":"repeat","background-position":"center center","background-size":"auto","background-attachment":"scroll","background-type":"","background-media":"","overlay-type":"","overlay-color":"","overlay-opacity":"","overlay-gradient":""}},"ast-content-background-meta":{"desktop":{"background-color":"var(--ast-global-color-5)","background-image":"","background-repeat":"repeat","background-position":"center center","background-size":"auto","background-attachment":"scroll","background-type":"","background-media":"","overlay-type":"","overlay-color":"","overlay-opacity":"","overlay-gradient":""},"tablet":{"background-color":"var(--ast-global-color-5)","background-image":"","background-repeat":"repeat","background-position":"center center","background-size":"auto","background-attachment":"scroll","background-type":"","background-media":"","overlay-type":"","overlay-color":"","overlay-opacity":"","overlay-gradient":""},"mobile":{"background-color":"var(--ast-global-color-5)","background-image":"","background-repeat":"repeat","background-position":"center center","background-size":"auto","background-attachment":"scroll","background-type":"","background-media":"","overlay-type":"","overlay-color":"","overlay-opacity":"","overlay-gradient":""}},"footnotes":""},"class_list":["post-121","page","type-page","status-publish","hentry"],"spectra_custom_meta":{"_edit_lock":["1752849969:1"],"_wpml_word_count":["1376"],"_edit_last":["1"],"_wpml_media_duplicate":["1"],"_wpml_media_featured":["1"],"rank_math_news_sitemap_robots":["index"],"rank_math_robots":["a:1:{i:0;s:5:\"index\";}"],"_uag_custom_page_level_css":[""],"site-sidebar-layout":["default"],"site-content-layout":[""],"ast-site-content-layout":["default"],"site-content-style":["default"],"site-sidebar-style":["default"],"ast-global-header-display":[""],"ast-banner-title-visibility":[""],"ast-main-header-display":[""],"ast-hfb-above-header-display":[""],"ast-hfb-below-header-display":[""],"ast-hfb-mobile-header-display":[""],"site-post-title":[""],"ast-breadcrumbs-content":[""],"ast-featured-img":[""],"footer-sml-layout":[""],"theme-transparent-header-meta":[""],"adv-header-id-meta":[""],"stick-header-meta":[""],"header-above-stick-meta":[""],"header-main-stick-meta":[""],"header-below-stick-meta":[""],"astra-migrate-meta-layouts":["set"],"ast-page-background-enabled":["default"],"ast-page-background-meta":["a:3:{s:7:\"desktop\";a:12:{s:16:\"background-color\";s:25:\"var(--ast-global-color-4)\";s:16:\"background-image\";s:0:\"\";s:17:\"background-repeat\";s:6:\"repeat\";s:19:\"background-position\";s:13:\"center center\";s:15:\"background-size\";s:4:\"auto\";s:21:\"background-attachment\";s:6:\"scroll\";s:15:\"background-type\";s:0:\"\";s:16:\"background-media\";s:0:\"\";s:12:\"overlay-type\";s:0:\"\";s:13:\"overlay-color\";s:0:\"\";s:15:\"overlay-opacity\";s:0:\"\";s:16:\"overlay-gradient\";s:0:\"\";}s:6:\"tablet\";a:12:{s:16:\"background-color\";s:0:\"\";s:16:\"background-image\";s:0:\"\";s:17:\"background-repeat\";s:6:\"repeat\";s:19:\"background-position\";s:13:\"center center\";s:15:\"background-size\";s:4:\"auto\";s:21:\"background-attachment\";s:6:\"scroll\";s:15:\"background-type\";s:0:\"\";s:16:\"background-media\";s:0:\"\";s:12:\"overlay-type\";s:0:\"\";s:13:\"overlay-color\";s:0:\"\";s:15:\"overlay-opacity\";s:0:\"\";s:16:\"overlay-gradient\";s:0:\"\";}s:6:\"mobile\";a:12:{s:16:\"background-color\";s:0:\"\";s:16:\"background-image\";s:0:\"\";s:17:\"background-repeat\";s:6:\"repeat\";s:19:\"background-position\";s:13:\"center center\";s:15:\"background-size\";s:4:\"auto\";s:21:\"background-attachment\";s:6:\"scroll\";s:15:\"background-type\";s:0:\"\";s:16:\"background-media\";s:0:\"\";s:12:\"overlay-type\";s:0:\"\";s:13:\"overlay-color\";s:0:\"\";s:15:\"overlay-opacity\";s:0:\"\";s:16:\"overlay-gradient\";s:0:\"\";}}"],"ast-content-background-meta":["a:3:{s:7:\"desktop\";a:12:{s:16:\"background-color\";s:25:\"var(--ast-global-color-5)\";s:16:\"background-image\";s:0:\"\";s:17:\"background-repeat\";s:6:\"repeat\";s:19:\"background-position\";s:13:\"center center\";s:15:\"background-size\";s:4:\"auto\";s:21:\"background-attachment\";s:6:\"scroll\";s:15:\"background-type\";s:0:\"\";s:16:\"background-media\";s:0:\"\";s:12:\"overlay-type\";s:0:\"\";s:13:\"overlay-color\";s:0:\"\";s:15:\"overlay-opacity\";s:0:\"\";s:16:\"overlay-gradient\";s:0:\"\";}s:6:\"tablet\";a:12:{s:16:\"background-color\";s:25:\"var(--ast-global-color-5)\";s:16:\"background-image\";s:0:\"\";s:17:\"background-repeat\";s:6:\"repeat\";s:19:\"background-position\";s:13:\"center center\";s:15:\"background-size\";s:4:\"auto\";s:21:\"background-attachment\";s:6:\"scroll\";s:15:\"background-type\";s:0:\"\";s:16:\"background-media\";s:0:\"\";s:12:\"overlay-type\";s:0:\"\";s:13:\"overlay-color\";s:0:\"\";s:15:\"overlay-opacity\";s:0:\"\";s:16:\"overlay-gradient\";s:0:\"\";}s:6:\"mobile\";a:12:{s:16:\"background-color\";s:25:\"var(--ast-global-color-5)\";s:16:\"background-image\";s:0:\"\";s:17:\"background-repeat\";s:6:\"repeat\";s:19:\"background-position\";s:13:\"center center\";s:15:\"background-size\";s:4:\"auto\";s:21:\"background-attachment\";s:6:\"scroll\";s:15:\"background-type\";s:0:\"\";s:16:\"background-media\";s:0:\"\";s:12:\"overlay-type\";s:0:\"\";s:13:\"overlay-color\";s:0:\"\";s:15:\"overlay-opacity\";s:0:\"\";s:16:\"overlay-gradient\";s:0:\"\";}}"],"footnotes":[""],"_elementor_edit_mode":[""],"_elementor_template_type":[""],"_elementor_data":[""],"_elementor_conditions":["a:0:{}"],"_uag_css_file_name":["uag-css-121.css"],"_uag_page_assets":["a:9:{s:3:\"css\";s:7156:\".uag-blocks-common-selector{z-index:var(--z-index-desktop) !important}@media (max-width: 976px){.uag-blocks-common-selector{z-index:var(--z-index-tablet) !important}}@media (max-width: 767px){.uag-blocks-common-selector{z-index:var(--z-index-mobile) !important}}\n.wp-block-uagb-image{display:flex}.wp-block-uagb-image__figure{position:relative;display:flex;flex-direction:column;max-width:100%;height:auto;margin:0}.wp-block-uagb-image__figure img{height:auto;display:flex;max-width:100%;transition:box-shadow 0.2s ease}.wp-block-uagb-image__figure>a{display:inline-block}.wp-block-uagb-image__figure figcaption{text-align:center;margin-top:0.5em;margin-bottom:1em}.wp-block-uagb-image .components-placeholder.block-editor-media-placeholder .components-placeholder__instructions{align-self:center}.wp-block-uagb-image--align-left{text-align:left}.wp-block-uagb-image--align-right{text-align:right}.wp-block-uagb-image--align-center{text-align:center}.wp-block-uagb-image--align-full .wp-block-uagb-image__figure{margin-left:calc(50% - 50vw);margin-right:calc(50% - 50vw);max-width:100vw;width:100vw;height:auto}.wp-block-uagb-image--align-full .wp-block-uagb-image__figure img{height:auto;width:100% !important}.wp-block-uagb-image--align-wide .wp-block-uagb-image__figure img{height:auto;width:100%}.wp-block-uagb-image--layout-overlay__color-wrapper{position:absolute;left:0;top:0;right:0;bottom:0;opacity:0.2;background:rgba(0,0,0,0.5);transition:opacity 0.35s ease-in-out}.wp-block-uagb-image--layout-overlay-link{position:absolute;left:0;right:0;bottom:0;top:0}.wp-block-uagb-image--layout-overlay .wp-block-uagb-image__figure:hover .wp-block-uagb-image--layout-overlay__color-wrapper{opacity:1}.wp-block-uagb-image--layout-overlay__inner{position:absolute;left:15px;right:15px;bottom:15px;top:15px;display:flex;align-items:center;justify-content:center;flex-direction:column;border-color:#fff;transition:0.35s ease-in-out}.wp-block-uagb-image--layout-overlay__inner.top-left,.wp-block-uagb-image--layout-overlay__inner.top-center,.wp-block-uagb-image--layout-overlay__inner.top-right{justify-content:flex-start}.wp-block-uagb-image--layout-overlay__inner.bottom-left,.wp-block-uagb-image--layout-overlay__inner.bottom-center,.wp-block-uagb-image--layout-overlay__inner.bottom-right{justify-content:flex-end}.wp-block-uagb-image--layout-overlay__inner.top-left,.wp-block-uagb-image--layout-overlay__inner.center-left,.wp-block-uagb-image--layout-overlay__inner.bottom-left{align-items:flex-start}.wp-block-uagb-image--layout-overlay__inner.top-right,.wp-block-uagb-image--layout-overlay__inner.center-right,.wp-block-uagb-image--layout-overlay__inner.bottom-right{align-items:flex-end}.wp-block-uagb-image--layout-overlay__inner .uagb-image-heading{color:#fff;transition:transform 0.35s, opacity 0.35s ease-in-out;transform:translate3d(0, 24px, 0);margin:0;line-height:1em}.wp-block-uagb-image--layout-overlay__inner .uagb-image-separator{width:30%;border-top-width:2px;border-top-color:#fff;border-top-style:solid;margin-bottom:10px;opacity:0;transition:transform 0.4s, opacity 0.4s ease-in-out;transform:translate3d(0, 30px, 0)}.wp-block-uagb-image--layout-overlay__inner .uagb-image-caption{opacity:0;overflow:visible;color:#fff;transition:transform 0.45s, opacity 0.45s ease-in-out;transform:translate3d(0, 35px, 0)}.wp-block-uagb-image--layout-overlay__inner:hover .uagb-image-heading,.wp-block-uagb-image--layout-overlay__inner:hover .uagb-image-separator,.wp-block-uagb-image--layout-overlay__inner:hover .uagb-image-caption{opacity:1;transform:translate3d(0, 0, 0)}.wp-block-uagb-image--effect-zoomin .wp-block-uagb-image__figure img,.wp-block-uagb-image--effect-zoomin .wp-block-uagb-image__figure .wp-block-uagb-image--layout-overlay__color-wrapper{transform:scale(1);transition:transform 0.35s ease-in-out}.wp-block-uagb-image--effect-zoomin .wp-block-uagb-image__figure:hover img,.wp-block-uagb-image--effect-zoomin .wp-block-uagb-image__figure:hover .wp-block-uagb-image--layout-overlay__color-wrapper{transform:scale(1.05)}.wp-block-uagb-image--effect-slide .wp-block-uagb-image__figure img,.wp-block-uagb-image--effect-slide .wp-block-uagb-image__figure .wp-block-uagb-image--layout-overlay__color-wrapper{width:calc(100% + 40px) !important;max-width:none !important;transform:translate3d(-40px, 0, 0);transition:transform 0.35s ease-in-out}.wp-block-uagb-image--effect-slide .wp-block-uagb-image__figure:hover img,.wp-block-uagb-image--effect-slide .wp-block-uagb-image__figure:hover .wp-block-uagb-image--layout-overlay__color-wrapper{transform:translate3d(0, 0, 0)}.wp-block-uagb-image--effect-grayscale img{filter:grayscale(0%);transition:0.35s ease-in-out}.wp-block-uagb-image--effect-grayscale:hover img{filter:grayscale(100%)}.wp-block-uagb-image--effect-blur img{filter:blur(0);transition:0.35s ease-in-out}.wp-block-uagb-image--effect-blur:hover img{filter:blur(3px)}\n.uagb-block-e6f939b3.wp-block-uagb-image--layout-default figure img{box-shadow: 0px 0px 0 #00000070;}.uagb-block-e6f939b3.wp-block-uagb-image .wp-block-uagb-image__figure figcaption{font-style: normal;align-self: center;}.uagb-block-e6f939b3.wp-block-uagb-image--layout-overlay figure img{box-shadow: 0px 0px 0 #00000070;}.uagb-block-e6f939b3.wp-block-uagb-image--layout-overlay .wp-block-uagb-image--layout-overlay__color-wrapper{opacity: 0.2;}.uagb-block-e6f939b3.wp-block-uagb-image--layout-overlay .wp-block-uagb-image--layout-overlay__inner{left: 15px;right: 15px;top: 15px;bottom: 15px;}.uagb-block-e6f939b3.wp-block-uagb-image--layout-overlay .wp-block-uagb-image--layout-overlay__inner .uagb-image-heading{font-style: normal;color: #fff;opacity: 1;}.uagb-block-e6f939b3.wp-block-uagb-image--layout-overlay .wp-block-uagb-image--layout-overlay__inner .uagb-image-heading a{color: #fff;}.uagb-block-e6f939b3.wp-block-uagb-image--layout-overlay .wp-block-uagb-image--layout-overlay__inner .uagb-image-caption{opacity: 0;}.uagb-block-e6f939b3.wp-block-uagb-image--layout-overlay .wp-block-uagb-image__figure:hover .wp-block-uagb-image--layout-overlay__color-wrapper{opacity: 1;}.uagb-block-e6f939b3.wp-block-uagb-image .wp-block-uagb-image--layout-overlay__inner .uagb-image-separator{width: 30%;border-top-width: 2px;border-top-color: #fff;opacity: 0;}.uagb-block-e6f939b3.wp-block-uagb-image .wp-block-uagb-image__figure img{width: px;height: auto;}.uagb-block-e6f939b3.wp-block-uagb-image .wp-block-uagb-image__figure:hover .wp-block-uagb-image--layout-overlay__inner .uagb-image-caption{opacity: 1;}.uagb-block-e6f939b3.wp-block-uagb-image .wp-block-uagb-image__figure:hover .wp-block-uagb-image--layout-overlay__inner .uagb-image-separator{opacity: 1;}.uagb-block-e6f939b3.wp-block-uagb-image--layout-default figure:hover img{box-shadow: 0px 0px 0 #00000070;}.uagb-block-e6f939b3.wp-block-uagb-image--layout-overlay figure:hover img{box-shadow: 0px 0px 0 #00000070;}@media only screen and (max-width: 976px) {.uagb-block-e6f939b3.wp-block-uagb-image .wp-block-uagb-image__figure img{width: px;height: auto;}}@media only screen and (max-width: 767px) {.uagb-block-e6f939b3.wp-block-uagb-image .wp-block-uagb-image__figure img{width: px;height: auto;}}\";s:2:\"js\";s:0:\"\";s:18:\"current_block_list\";a:13:{i:0;s:14:\"core\/paragraph\";i:1;s:11:\"core\/search\";i:2;s:10:\"core\/group\";i:3;s:12:\"core\/heading\";i:4;s:17:\"core\/latest-posts\";i:5;s:20:\"core\/latest-comments\";i:6;s:13:\"core\/archives\";i:7;s:15:\"core\/categories\";i:8;s:10:\"uagb\/image\";i:9;s:11:\"core\/spacer\";i:10;s:30:\"woocommerce\/product-categories\";i:11;s:10:\"core\/image\";i:12;s:14:\"core\/shortcode\";}s:8:\"uag_flag\";b:1;s:11:\"uag_version\";s:10:\"1776464880\";s:6:\"gfonts\";a:0:{}s:10:\"gfonts_url\";s:0:\"\";s:12:\"gfonts_files\";a:0:{}s:14:\"uag_faq_layout\";b:0;}"]},"uagb_featured_image_src":{"full":false,"thumbnail":false,"medium":false,"medium_large":false,"large":false,"1536x1536":false,"2048x2048":false,"trp-custom-language-flag":false,"woocommerce_thumbnail":false,"woocommerce_single":false,"woocommerce_gallery_thumbnail":false},"uagb_author_info":{"display_name":"admin","author_link":"https:\/\/www.oleaia.com\/dk\/author\/admin2721\/"},"uagb_comment_info":0,"uagb_excerpt":"These conditions of sale are concluded on the one hand by the company Oleaia LLC with a share capital of 100,000 USD whose head office is located at 213 N Market Street #1042, Wilmington, DE 19801, United States of America, registered in the Commercial Register of Delaware under the number 10141920 and managing the website&hellip;","_links":{"self":[{"href":"https:\/\/www.oleaia.com\/dk\/wp-json\/wp\/v2\/pages\/121","targetHints":{"allow":["GET"]}}],"collection":[{"href":"https:\/\/www.oleaia.com\/dk\/wp-json\/wp\/v2\/pages"}],"about":[{"href":"https:\/\/www.oleaia.com\/dk\/wp-json\/wp\/v2\/types\/page"}],"author":[{"embeddable":true,"href":"https:\/\/www.oleaia.com\/dk\/wp-json\/wp\/v2\/users\/1"}],"replies":[{"embeddable":true,"href":"https:\/\/www.oleaia.com\/dk\/wp-json\/wp\/v2\/comments?post=121"}],"version-history":[{"count":3,"href":"https:\/\/www.oleaia.com\/dk\/wp-json\/wp\/v2\/pages\/121\/revisions"}],"predecessor-version":[{"id":23029,"href":"https:\/\/www.oleaia.com\/dk\/wp-json\/wp\/v2\/pages\/121\/revisions\/23029"}],"wp:attachment":[{"href":"https:\/\/www.oleaia.com\/dk\/wp-json\/wp\/v2\/media?parent=121"}],"curies":[{"name":"wp","href":"https:\/\/api.w.org\/{rel}","templated":true}]}}