{"id":22839,"date":"2025-05-14T12:10:46","date_gmt":"2025-05-14T10:10:46","guid":{"rendered":"https:\/\/www.stoprodent.com\/?page_id=22839"},"modified":"2025-07-18T15:38:28","modified_gmt":"2025-07-18T13:38:28","slug":"affiliate-terms-and-conditions","status":"publish","type":"page","link":"https:\/\/www.oleaia.com\/dk\/affiliate-terms-and-conditions\/","title":{"rendered":"Vilk\u00e5r og betingelser for affiliates"},"content":{"rendered":"<p>Disse generelle vilk\u00e5r og betingelser for brug (i det f\u00f8lgende ben\u00e6vnt \"generelle vilk\u00e5r\") regulerer kontraktforholdet mellem Oleaia LLC, et selskab med begr\u00e6nset ansvar, der er beh\u00f8rigt registreret i staten Delaware under registreringsnummer 10141920, med hjemsted p\u00e5 213 N Market Street #1042, Wilmington, DE 19801, USA (i det f\u00f8lgende ben\u00e6vnt \"forhandleren\" eller \"vi\"), og enhver fysisk eller juridisk person, der f\u00e5r adgang til affiliate-programmet som en salgsfremmende partner (i det f\u00f8lgende ben\u00e6vnt \"affiliate\" eller \"dig\").<\/p>\n\n\n\n<p>Deltagelse i affiliate-programmet indeb\u00e6rer fuld, fuldst\u00e6ndig og ubetinget accept af disse generelle vilk\u00e5r fra affiliaten. Hvis affiliaten ikke udtrykkeligt og fuldt ud accepterer disse vilk\u00e5r, er det strengt forbudt for dem at tilmelde sig eller deltage i n\u00e6vnte program i nogen som helst form.<\/p>\n\n\n\n<p><strong>Artikel 1. Godkendelse eller afvisning af registrering<\/strong><\/p>\n\n\n\n<p>Forhandleren forbeholder sig udtrykkeligt den sk\u00f8nsm\u00e6ssige ret til, uden at der kr\u00e6ves nogen begrundelse, at acceptere eller afvise enhver ans\u00f8gning om medlemskab af affiliate-programmet. Forhandleren kan ikke holdes ansvarlig for nogen form for skade, direkte eller indirekte skade eller tab af muligheder som f\u00f8lge af et s\u00e5dant afslag. Den tilknyttede virksomhed giver udtrykkeligt afkald p\u00e5 enhver handling, krav eller regres mod forhandleren i tilf\u00e6lde af, at deres ans\u00f8gning afvises.<\/p>\n\n\n\n<p><strong>Artikel 2. Ansvar<\/strong><\/p>\n\n\n\n<p>Enhver handling, offentligg\u00f8relse, erkl\u00e6ring eller adf\u00e6rd, der sandsynligvis vil skade omd\u00f8mme, image, rettigheder, interesser eller trov\u00e6rdighed hos forhandleren, dets moderselskab, datterselskaber eller forretningspartnere, uanset om det er beg\u00e5et direkte eller indirekte, fors\u00e6tligt eller ej, i programmets l\u00f8betid eller inden for ti (10) \u00e5r efter dets oph\u00f8r, vil resultere i, at den tilknyttede virksomhed skal betale, som en strafklausul, en ikke-reducerbar engangserstatning p\u00e5 hundrede tusinde amerikanske dollars (USD 100.000), uden at det ber\u00f8rer eventuelle yderligere skader, der kan kr\u00e6ves af forhandleren som kompensation for den lidte skade.<\/p>\n\n\n\n<p><strong>Artikel 3. Affilierede links og kuponer<\/strong><\/p>\n\n\n\n<p>Der genereres automatisk et unikt affilieret link til den affilierede med henblik p\u00e5 sporing og tildeling af provision. Affiliaten kan ogs\u00e5 oprette specifikke links til udvalgte produkter, kollektioner eller sider. Hvis en bruger klikker p\u00e5 flere affiliate-links efter hinanden, er det kun den sidste gyldige interaktion, der bevares til afl\u00f8nningsform\u00e5l.<\/p>\n\n\n\n<p>Personlige kampagnekoder kan tildeles affiliaten i overensstemmelse med de vilk\u00e5r, der er defineret p\u00e5 deres personlige dashboard. Hvis en kunde samtidig bruger et affiliatelink og en kampagnekode, der er knyttet til affiliaten, t\u00e6lles der kun \u00e9n kommission, og enhver dobbeltbetaling er udelukket. Hvis der ikke udtrykkeligt er tildelt en kode, er enhver brug eller promovering af en s\u00e5dan kode fra affiliates side strengt forbudt.<br>Affiliate er autoriseret til at promovere forhandlerens produkter eller tjenester gennem forskellige kanaler, herunder, men ikke begr\u00e6nset til, digitale platforme (Facebook, Instagram osv.), klassificerede annoncesider, trykte medier eller ethvert andet lovligt reklamemedie.<\/p>\n\n\n\n<p><strong>Artikel 4. Provisioner og betaling<\/strong><\/p>\n\n\n\n<p>Affiliate er berettiget til at modtage en provision for enhver transaktion foretaget af en kunde, der er henvist via deres affiliate-link, forudsat at den p\u00e5g\u00e6ldende ordre er endeligt valideret og ikke er genstand for nogen annullering, tvist, tilbagef\u00f8rsel eller refusionsanmodning.<\/p>\n\n\n\n<p>Provisionsbel\u00f8bet bestemmes ud fra den g\u00e6ldende satsstruktur, der til enhver tid er tilg\u00e6ngelig p\u00e5 dashboardet. Beregningen foretages p\u00e5 nettobel\u00f8bet for ordren, eksklusive skatter, forsendelsesomkostninger og andre ekstraomkostninger.<\/p>\n\n\n\n<p>Affiliaten skal via den udpegede gr\u00e6nseflade give de bankoplysninger eller identifikatorer, der kr\u00e6ves for at modtage betalinger. Betaling af de skyldige bel\u00f8b sker i overensstemmelse med den tidsplan, der er angivet i Affiliate Guide. Svigagtige transaktioner eller transaktioner, der overtr\u00e6der programreglerne, vil ikke v\u00e6re berettiget til betaling.<\/p>\n\n\n\n<p><strong>Artikel 5. Markedsf\u00f8ringsv\u00e6rkt\u00f8j<\/strong><\/p>\n\n\n\n<p>Forhandleren stiller via et dedikeret omr\u00e5de reklamemateriale til r\u00e5dighed for affiliaten (bannere, logoer, kampagnebilleder osv.). Disse elementer m\u00e5 udelukkende bruges inden for rammerne af programmet i overensstemmelse med de vilk\u00e5r, der er angivet af forhandleren. Enhver form for misbrug, uautoriseret \u00e6ndring eller distribution til tredjeparter er forbudt.<\/p>\n\n\n\n<p><strong>Artikel 6. Netv\u00e6rk<\/strong><\/p>\n\n\n\n<p>N\u00e5r indstillingen \"Netv\u00e6rk\" er aktiveret, har affiliaten tilladelse til at henvise andre downstream affiliates. Henvisningslinket leveres via affiliates personlige omr\u00e5de. Hvis en downstream-affiliate genererer salg gennem sine egne kanaler, kan upstream-affiliaten modtage en s\u00e5kaldt \"netv\u00e6rks\"-provision i henhold til de g\u00e6ldende parametre.<br>Hver ny affiliate, der registreres p\u00e5 denne m\u00e5de, skal bruge netv\u00e6rkslinket for at sikre korrekt tilskrivning i webshoppens system.<\/p>\n\n\n\n<p><strong>Artikel 7. Sm\u00e5kager<\/strong><\/p>\n\n\n\n<p>Sporing af kommissionsgenererende aktiviteter er baseret p\u00e5 brugen af cookies. Det er den tilknyttede virksomheds ansvar at informere slutbrugerne om denne betingelse i overensstemmelse med databeskyttelseslovgivningen.<\/p>\n\n\n\n<p>Hvis slutbrugeren afviser eller sletter cookies, kan der ikke foretages sporing, hvilket udelukker enhver ret til vederlag. Cookiens gyldighedsperiode specificeres p\u00e5 tidspunktet for affiliate-partnerens registrering og tr\u00e6der i kraft fra det f\u00f8rste klik p\u00e5 linket eller brug af kuponen.<\/p>\n\n\n\n<p><strong>Artikel 8. R\u00e6kkef\u00f8lge af gratis produkter<\/strong><\/p>\n\n\n\n<p>Enhver bestilling af gratis produkter fra affiliaten medf\u00f8rer en forpligtelse til inden for syv (7) dage efter modtagelsen at offentligg\u00f8re v\u00e6sentligt salgsfremmende indhold (f.eks. en video, blogartikel, indl\u00e6g p\u00e5 sociale medier osv.) I tilf\u00e6lde af forsinkelse vil der automatisk blive p\u00e5lagt en b\u00f8de p\u00e5 50 amerikanske dollars (USD 50) pr. dag, som kan tr\u00e6kkes fra enhver potentiel indtjening.<\/p>\n\n\n\n<p>Hvis den salgsfremmende offentligg\u00f8relse ikke foretages inden for en periode p\u00e5 maksimalt otteogtyve (28) dage, anses Affiliate-programmet for at v\u00e6re afsluttet p\u00e5 initiativ af Affiliate. Sidstn\u00e6vnte skal tilbagebetale den fulde offentlige v\u00e6rdi af de modtagne produkter samt en fast opsigelsesb\u00f8de p\u00e5 et tusind fire hundrede amerikanske dollars (USD 1.400).<\/p>\n\n\n\n<p>Uautoriseret fjernelse af allerede offentliggjort reklameindhold vil blive betragtet som en opsigelse initieret af affiliaten med de samme \u00f8konomiske konsekvenser.<\/p>\n\n\n\n<p><strong>Artikel 9. Konkurrenceklausul<\/strong><\/p>\n\n\n\n<p>I hele perioden for deltagelse i programmet og i en efterf\u00f8lgende periode p\u00e5 et (1) \u00e5r efter dets oph\u00f8r er det strengt forbudt for den tilknyttede virksomhed at promovere, direkte eller indirekte, produkter eller tjenester, der konkurrerer med forhandlerens. Manglende overholdelse af denne klausul vil resultere i en ikke-reducerbar fast b\u00f8de p\u00e5 tyve tusinde amerikanske dollars (USD 20.000) pr. bevist overtr\u00e6delse.<\/p>\n\n\n\n<p><strong>Artikel 10. Frist for forfremmelse<\/strong><\/p>\n\n\n\n<p>Fra datoen for godkendelse af registreringen har den tilknyttede virksomhed en periode p\u00e5 otteogtyve (28) dage, der ikke kan forl\u00e6nges, til at offentligg\u00f8re mindst \u00e9n offentlig kommunikation, der promoverer forhandlerens brand. I mangel af en s\u00e5dan promovering inden for denne periode vil programmet automatisk blive betragtet som afsluttet udelukkende p\u00e5 grund af den tilknyttede virksomhed.<\/p>\n\n\n\n<p><strong>Artikel 11. Opsigelse<\/strong><\/p>\n\n\n\n<p>Enhver opsigelse, uanset om den er initieret af den tilknyttede virksomhed eller forhandleren, skal resultere i betaling af en engangskompensation p\u00e5 et tusind fire hundrede amerikanske dollars (USD 1.400), uanset bel\u00f8b, der allerede er modtaget eller forfalder med hensyn til provisioner. Denne erstatning kan tr\u00e6kkes fra fremtidige indt\u00e6gter eller kr\u00e6ve tilbagebetaling i tilf\u00e6lde af en utilstr\u00e6kkelig saldo.<\/p>\n\n\n\n<p>Hvor det er relevant, skal den tilknyttede virksomhed ogs\u00e5 tilbagebetale den fulde offentlige pris for tidligere modtagne gratis produkter. Oph\u00f8r af programmet fritager ikke den tilknyttede virksomhed fra deres tidligere forpligtelser, is\u00e6r dem, der vedr\u00f8rer konkurrence- og fortrolighedsklausuler.<\/p>\n\n\n\n<p><\/p>","protected":false},"excerpt":{"rendered":"<p>These General Terms and Conditions of Use (hereinafter the \u201cGeneral Terms\u201d) govern the contractual relationship between Oleaia LLC, a limited liability company duly registered in the State of Delaware under registration number 10141920, with its registered office at 213 N Market Street #1042, Wilmington, DE 19801, United States of America (hereinafter referred to as the [&hellip;]<\/p>\n","protected":false},"author":1,"featured_media":0,"parent":0,"menu_order":0,"comment_status":"closed","ping_status":"closed","template":"","meta":{"_uag_custom_page_level_css":"","site-sidebar-layout":"default","site-content-layout":"","ast-site-content-layout":"default","site-content-style":"default","site-sidebar-style":"default","ast-global-header-display":"","ast-banner-title-visibility":"","ast-main-header-display":"","ast-hfb-above-header-display":"","ast-hfb-below-header-display":"","ast-hfb-mobile-header-display":"","site-post-title":"","ast-breadcrumbs-content":"","ast-featured-img":"","footer-sml-layout":"","ast-disable-related-posts":"","theme-transparent-header-meta":"","adv-header-id-meta":"","stick-header-meta":"","header-above-stick-meta":"","header-main-stick-meta":"","header-below-stick-meta":"","astra-migrate-meta-layouts":"set","ast-page-background-enabled":"default","ast-page-background-meta":{"desktop":{"background-color":"var(--ast-global-color-4)","background-image":"","background-repeat":"repeat","background-position":"center center","background-size":"auto","background-attachment":"scroll","background-type":"","background-media":"","overlay-type":"","overlay-color":"","overlay-opacity":"","overlay-gradient":""},"tablet":{"background-color":"","background-image":"","background-repeat":"repeat","background-position":"center center","background-size":"auto","background-attachment":"scroll","background-type":"","background-media":"","overlay-type":"","overlay-color":"","overlay-opacity":"","overlay-gradient":""},"mobile":{"background-color":"","background-image":"","background-repeat":"repeat","background-position":"center center","background-size":"auto","background-attachment":"scroll","background-type":"","background-media":"","overlay-type":"","overlay-color":"","overlay-opacity":"","overlay-gradient":""}},"ast-content-background-meta":{"desktop":{"background-color":"var(--ast-global-color-5)","background-image":"","background-repeat":"repeat","background-position":"center center","background-size":"auto","background-attachment":"scroll","background-type":"","background-media":"","overlay-type":"","overlay-color":"","overlay-opacity":"","overlay-gradient":""},"tablet":{"background-color":"var(--ast-global-color-5)","background-image":"","background-repeat":"repeat","background-position":"center center","background-size":"auto","background-attachment":"scroll","background-type":"","background-media":"","overlay-type":"","overlay-color":"","overlay-opacity":"","overlay-gradient":""},"mobile":{"background-color":"var(--ast-global-color-5)","background-image":"","background-repeat":"repeat","background-position":"center center","background-size":"auto","background-attachment":"scroll","background-type":"","background-media":"","overlay-type":"","overlay-color":"","overlay-opacity":"","overlay-gradient":""}},"footnotes":""},"class_list":["post-22839","page","type-page","status-publish","hentry"],"spectra_custom_meta":{"_edit_lock":["1752845912:1"],"_uag_custom_page_level_css":[""],"site-sidebar-layout":["default"],"site-content-layout":[""],"ast-site-content-layout":["default"],"site-content-style":["default"],"site-sidebar-style":["default"],"ast-global-header-display":[""],"ast-banner-title-visibility":[""],"ast-main-header-display":[""],"ast-hfb-above-header-display":[""],"ast-hfb-below-header-display":[""],"ast-hfb-mobile-header-display":[""],"site-post-title":[""],"ast-breadcrumbs-content":[""],"ast-featured-img":[""],"footer-sml-layout":[""],"theme-transparent-header-meta":[""],"adv-header-id-meta":[""],"stick-header-meta":[""],"header-above-stick-meta":[""],"header-main-stick-meta":[""],"header-below-stick-meta":[""],"astra-migrate-meta-layouts":["set"],"ast-page-background-enabled":["default"],"ast-page-background-meta":["a:3:{s:7:\"desktop\";a:12:{s:16:\"background-color\";s:25:\"var(--ast-global-color-4)\";s:16:\"background-image\";s:0:\"\";s:17:\"background-repeat\";s:6:\"repeat\";s:19:\"background-position\";s:13:\"center center\";s:15:\"background-size\";s:4:\"auto\";s:21:\"background-attachment\";s:6:\"scroll\";s:15:\"background-type\";s:0:\"\";s:16:\"background-media\";s:0:\"\";s:12:\"overlay-type\";s:0:\"\";s:13:\"overlay-color\";s:0:\"\";s:15:\"overlay-opacity\";s:0:\"\";s:16:\"overlay-gradient\";s:0:\"\";}s:6:\"tablet\";a:12:{s:16:\"background-color\";s:0:\"\";s:16:\"background-image\";s:0:\"\";s:17:\"background-repeat\";s:6:\"repeat\";s:19:\"background-position\";s:13:\"center center\";s:15:\"background-size\";s:4:\"auto\";s:21:\"background-attachment\";s:6:\"scroll\";s:15:\"background-type\";s:0:\"\";s:16:\"background-media\";s:0:\"\";s:12:\"overlay-type\";s:0:\"\";s:13:\"overlay-color\";s:0:\"\";s:15:\"overlay-opacity\";s:0:\"\";s:16:\"overlay-gradient\";s:0:\"\";}s:6:\"mobile\";a:12:{s:16:\"background-color\";s:0:\"\";s:16:\"background-image\";s:0:\"\";s:17:\"background-repeat\";s:6:\"repeat\";s:19:\"background-position\";s:13:\"center center\";s:15:\"background-size\";s:4:\"auto\";s:21:\"background-attachment\";s:6:\"scroll\";s:15:\"background-type\";s:0:\"\";s:16:\"background-media\";s:0:\"\";s:12:\"overlay-type\";s:0:\"\";s:13:\"overlay-color\";s:0:\"\";s:15:\"overlay-opacity\";s:0:\"\";s:16:\"overlay-gradient\";s:0:\"\";}}"],"ast-content-background-meta":["a:3:{s:7:\"desktop\";a:12:{s:16:\"background-color\";s:25:\"var(--ast-global-color-5)\";s:16:\"background-image\";s:0:\"\";s:17:\"background-repeat\";s:6:\"repeat\";s:19:\"background-position\";s:13:\"center center\";s:15:\"background-size\";s:4:\"auto\";s:21:\"background-attachment\";s:6:\"scroll\";s:15:\"background-type\";s:0:\"\";s:16:\"background-media\";s:0:\"\";s:12:\"overlay-type\";s:0:\"\";s:13:\"overlay-color\";s:0:\"\";s:15:\"overlay-opacity\";s:0:\"\";s:16:\"overlay-gradient\";s:0:\"\";}s:6:\"tablet\";a:12:{s:16:\"background-color\";s:25:\"var(--ast-global-color-5)\";s:16:\"background-image\";s:0:\"\";s:17:\"background-repeat\";s:6:\"repeat\";s:19:\"background-position\";s:13:\"center center\";s:15:\"background-size\";s:4:\"auto\";s:21:\"background-attachment\";s:6:\"scroll\";s:15:\"background-type\";s:0:\"\";s:16:\"background-media\";s:0:\"\";s:12:\"overlay-type\";s:0:\"\";s:13:\"overlay-color\";s:0:\"\";s:15:\"overlay-opacity\";s:0:\"\";s:16:\"overlay-gradient\";s:0:\"\";}s:6:\"mobile\";a:12:{s:16:\"background-color\";s:25:\"var(--ast-global-color-5)\";s:16:\"background-image\";s:0:\"\";s:17:\"background-repeat\";s:6:\"repeat\";s:19:\"background-position\";s:13:\"center center\";s:15:\"background-size\";s:4:\"auto\";s:21:\"background-attachment\";s:6:\"scroll\";s:15:\"background-type\";s:0:\"\";s:16:\"background-media\";s:0:\"\";s:12:\"overlay-type\";s:0:\"\";s:13:\"overlay-color\";s:0:\"\";s:15:\"overlay-opacity\";s:0:\"\";s:16:\"overlay-gradient\";s:0:\"\";}}"],"footnotes":[""],"_elementor_edit_mode":[""],"_elementor_template_type":[""],"_elementor_data":[""],"_elementor_conditions":["a:0:{}"],"rank_math_news_sitemap_robots":["index"],"rank_math_robots":["a:1:{i:0;s:5:\"index\";}"],"_edit_last":["1"],"_uag_css_file_name":["uag-css-22839.css"],"_uag_page_assets":["a:9:{s:3:\"css\";s:7156:\".uag-blocks-common-selector{z-index:var(--z-index-desktop) !important}@media (max-width: 976px){.uag-blocks-common-selector{z-index:var(--z-index-tablet) !important}}@media (max-width: 767px){.uag-blocks-common-selector{z-index:var(--z-index-mobile) !important}}\n.wp-block-uagb-image{display:flex}.wp-block-uagb-image__figure{position:relative;display:flex;flex-direction:column;max-width:100%;height:auto;margin:0}.wp-block-uagb-image__figure img{height:auto;display:flex;max-width:100%;transition:box-shadow 0.2s ease}.wp-block-uagb-image__figure>a{display:inline-block}.wp-block-uagb-image__figure figcaption{text-align:center;margin-top:0.5em;margin-bottom:1em}.wp-block-uagb-image .components-placeholder.block-editor-media-placeholder .components-placeholder__instructions{align-self:center}.wp-block-uagb-image--align-left{text-align:left}.wp-block-uagb-image--align-right{text-align:right}.wp-block-uagb-image--align-center{text-align:center}.wp-block-uagb-image--align-full .wp-block-uagb-image__figure{margin-left:calc(50% - 50vw);margin-right:calc(50% - 50vw);max-width:100vw;width:100vw;height:auto}.wp-block-uagb-image--align-full .wp-block-uagb-image__figure img{height:auto;width:100% !important}.wp-block-uagb-image--align-wide .wp-block-uagb-image__figure img{height:auto;width:100%}.wp-block-uagb-image--layout-overlay__color-wrapper{position:absolute;left:0;top:0;right:0;bottom:0;opacity:0.2;background:rgba(0,0,0,0.5);transition:opacity 0.35s ease-in-out}.wp-block-uagb-image--layout-overlay-link{position:absolute;left:0;right:0;bottom:0;top:0}.wp-block-uagb-image--layout-overlay .wp-block-uagb-image__figure:hover .wp-block-uagb-image--layout-overlay__color-wrapper{opacity:1}.wp-block-uagb-image--layout-overlay__inner{position:absolute;left:15px;right:15px;bottom:15px;top:15px;display:flex;align-items:center;justify-content:center;flex-direction:column;border-color:#fff;transition:0.35s ease-in-out}.wp-block-uagb-image--layout-overlay__inner.top-left,.wp-block-uagb-image--layout-overlay__inner.top-center,.wp-block-uagb-image--layout-overlay__inner.top-right{justify-content:flex-start}.wp-block-uagb-image--layout-overlay__inner.bottom-left,.wp-block-uagb-image--layout-overlay__inner.bottom-center,.wp-block-uagb-image--layout-overlay__inner.bottom-right{justify-content:flex-end}.wp-block-uagb-image--layout-overlay__inner.top-left,.wp-block-uagb-image--layout-overlay__inner.center-left,.wp-block-uagb-image--layout-overlay__inner.bottom-left{align-items:flex-start}.wp-block-uagb-image--layout-overlay__inner.top-right,.wp-block-uagb-image--layout-overlay__inner.center-right,.wp-block-uagb-image--layout-overlay__inner.bottom-right{align-items:flex-end}.wp-block-uagb-image--layout-overlay__inner .uagb-image-heading{color:#fff;transition:transform 0.35s, opacity 0.35s ease-in-out;transform:translate3d(0, 24px, 0);margin:0;line-height:1em}.wp-block-uagb-image--layout-overlay__inner .uagb-image-separator{width:30%;border-top-width:2px;border-top-color:#fff;border-top-style:solid;margin-bottom:10px;opacity:0;transition:transform 0.4s, opacity 0.4s ease-in-out;transform:translate3d(0, 30px, 0)}.wp-block-uagb-image--layout-overlay__inner .uagb-image-caption{opacity:0;overflow:visible;color:#fff;transition:transform 0.45s, opacity 0.45s ease-in-out;transform:translate3d(0, 35px, 0)}.wp-block-uagb-image--layout-overlay__inner:hover .uagb-image-heading,.wp-block-uagb-image--layout-overlay__inner:hover .uagb-image-separator,.wp-block-uagb-image--layout-overlay__inner:hover .uagb-image-caption{opacity:1;transform:translate3d(0, 0, 0)}.wp-block-uagb-image--effect-zoomin .wp-block-uagb-image__figure img,.wp-block-uagb-image--effect-zoomin .wp-block-uagb-image__figure .wp-block-uagb-image--layout-overlay__color-wrapper{transform:scale(1);transition:transform 0.35s ease-in-out}.wp-block-uagb-image--effect-zoomin .wp-block-uagb-image__figure:hover img,.wp-block-uagb-image--effect-zoomin .wp-block-uagb-image__figure:hover .wp-block-uagb-image--layout-overlay__color-wrapper{transform:scale(1.05)}.wp-block-uagb-image--effect-slide .wp-block-uagb-image__figure img,.wp-block-uagb-image--effect-slide .wp-block-uagb-image__figure .wp-block-uagb-image--layout-overlay__color-wrapper{width:calc(100% + 40px) !important;max-width:none !important;transform:translate3d(-40px, 0, 0);transition:transform 0.35s ease-in-out}.wp-block-uagb-image--effect-slide .wp-block-uagb-image__figure:hover img,.wp-block-uagb-image--effect-slide .wp-block-uagb-image__figure:hover .wp-block-uagb-image--layout-overlay__color-wrapper{transform:translate3d(0, 0, 0)}.wp-block-uagb-image--effect-grayscale img{filter:grayscale(0%);transition:0.35s ease-in-out}.wp-block-uagb-image--effect-grayscale:hover img{filter:grayscale(100%)}.wp-block-uagb-image--effect-blur img{filter:blur(0);transition:0.35s ease-in-out}.wp-block-uagb-image--effect-blur:hover img{filter:blur(3px)}\n.uagb-block-e6f939b3.wp-block-uagb-image--layout-default figure img{box-shadow: 0px 0px 0 #00000070;}.uagb-block-e6f939b3.wp-block-uagb-image .wp-block-uagb-image__figure figcaption{font-style: normal;align-self: center;}.uagb-block-e6f939b3.wp-block-uagb-image--layout-overlay figure img{box-shadow: 0px 0px 0 #00000070;}.uagb-block-e6f939b3.wp-block-uagb-image--layout-overlay .wp-block-uagb-image--layout-overlay__color-wrapper{opacity: 0.2;}.uagb-block-e6f939b3.wp-block-uagb-image--layout-overlay .wp-block-uagb-image--layout-overlay__inner{left: 15px;right: 15px;top: 15px;bottom: 15px;}.uagb-block-e6f939b3.wp-block-uagb-image--layout-overlay .wp-block-uagb-image--layout-overlay__inner .uagb-image-heading{font-style: normal;color: #fff;opacity: 1;}.uagb-block-e6f939b3.wp-block-uagb-image--layout-overlay .wp-block-uagb-image--layout-overlay__inner .uagb-image-heading a{color: #fff;}.uagb-block-e6f939b3.wp-block-uagb-image--layout-overlay .wp-block-uagb-image--layout-overlay__inner .uagb-image-caption{opacity: 0;}.uagb-block-e6f939b3.wp-block-uagb-image--layout-overlay .wp-block-uagb-image__figure:hover .wp-block-uagb-image--layout-overlay__color-wrapper{opacity: 1;}.uagb-block-e6f939b3.wp-block-uagb-image .wp-block-uagb-image--layout-overlay__inner .uagb-image-separator{width: 30%;border-top-width: 2px;border-top-color: #fff;opacity: 0;}.uagb-block-e6f939b3.wp-block-uagb-image .wp-block-uagb-image__figure img{width: px;height: auto;}.uagb-block-e6f939b3.wp-block-uagb-image .wp-block-uagb-image__figure:hover .wp-block-uagb-image--layout-overlay__inner .uagb-image-caption{opacity: 1;}.uagb-block-e6f939b3.wp-block-uagb-image .wp-block-uagb-image__figure:hover .wp-block-uagb-image--layout-overlay__inner .uagb-image-separator{opacity: 1;}.uagb-block-e6f939b3.wp-block-uagb-image--layout-default figure:hover img{box-shadow: 0px 0px 0 #00000070;}.uagb-block-e6f939b3.wp-block-uagb-image--layout-overlay figure:hover img{box-shadow: 0px 0px 0 #00000070;}@media only screen and (max-width: 976px) {.uagb-block-e6f939b3.wp-block-uagb-image .wp-block-uagb-image__figure img{width: px;height: auto;}}@media only screen and (max-width: 767px) {.uagb-block-e6f939b3.wp-block-uagb-image .wp-block-uagb-image__figure img{width: px;height: auto;}}\";s:2:\"js\";s:0:\"\";s:18:\"current_block_list\";a:13:{i:0;s:14:\"core\/paragraph\";i:1;s:11:\"core\/search\";i:2;s:10:\"core\/group\";i:3;s:12:\"core\/heading\";i:4;s:17:\"core\/latest-posts\";i:5;s:20:\"core\/latest-comments\";i:6;s:13:\"core\/archives\";i:7;s:15:\"core\/categories\";i:8;s:10:\"uagb\/image\";i:9;s:11:\"core\/spacer\";i:10;s:30:\"woocommerce\/product-categories\";i:11;s:10:\"core\/image\";i:12;s:14:\"core\/shortcode\";}s:8:\"uag_flag\";b:1;s:11:\"uag_version\";s:10:\"1776485018\";s:6:\"gfonts\";a:0:{}s:10:\"gfonts_url\";s:0:\"\";s:12:\"gfonts_files\";a:0:{}s:14:\"uag_faq_layout\";b:0;}"]},"uagb_featured_image_src":{"full":false,"thumbnail":false,"medium":false,"medium_large":false,"large":false,"1536x1536":false,"2048x2048":false,"trp-custom-language-flag":false,"woocommerce_thumbnail":false,"woocommerce_single":false,"woocommerce_gallery_thumbnail":false},"uagb_author_info":{"display_name":"admin","author_link":"https:\/\/www.oleaia.com\/dk\/author\/admin2721\/"},"uagb_comment_info":0,"uagb_excerpt":"These General Terms and Conditions of Use (hereinafter the \u201cGeneral Terms\u201d) govern the contractual relationship between Oleaia LLC, a limited liability company duly registered in the State of Delaware under registration number 10141920, with its registered office at 213 N Market Street #1042, Wilmington, DE 19801, United States of America (hereinafter referred to as the&hellip;","_links":{"self":[{"href":"https:\/\/www.oleaia.com\/dk\/wp-json\/wp\/v2\/pages\/22839","targetHints":{"allow":["GET"]}}],"collection":[{"href":"https:\/\/www.oleaia.com\/dk\/wp-json\/wp\/v2\/pages"}],"about":[{"href":"https:\/\/www.oleaia.com\/dk\/wp-json\/wp\/v2\/types\/page"}],"author":[{"embeddable":true,"href":"https:\/\/www.oleaia.com\/dk\/wp-json\/wp\/v2\/users\/1"}],"replies":[{"embeddable":true,"href":"https:\/\/www.oleaia.com\/dk\/wp-json\/wp\/v2\/comments?post=22839"}],"version-history":[{"count":2,"href":"https:\/\/www.oleaia.com\/dk\/wp-json\/wp\/v2\/pages\/22839\/revisions"}],"predecessor-version":[{"id":22993,"href":"https:\/\/www.oleaia.com\/dk\/wp-json\/wp\/v2\/pages\/22839\/revisions\/22993"}],"wp:attachment":[{"href":"https:\/\/www.oleaia.com\/dk\/wp-json\/wp\/v2\/media?parent=22839"}],"curies":[{"name":"wp","href":"https:\/\/api.w.org\/{rel}","templated":true}]}}