{"id":3,"date":"2025-04-10T11:35:39","date_gmt":"2025-04-10T09:35:39","guid":{"rendered":"https:\/\/www.stoprodent.com\/?page_id=3"},"modified":"2025-07-18T16:34:45","modified_gmt":"2025-07-18T14:34:45","slug":"privacy-policy","status":"publish","type":"page","link":"https:\/\/www.oleaia.com\/dk\/privacy-policy\/","title":{"rendered":"Politik for beskyttelse af personlige oplysninger"},"content":{"rendered":"<p><strong>Artikel 1. Pr\u00e6sentation af webstedet<\/strong><\/p>\n\n\n\n<p>Det er specificeret for brugerne af webstedet, hvem de forskellige interessenter er i forbindelse med dets realisering og opf\u00f8lgning:<\/p>\n\n\n\n<p>Ejer: Oleaia LLC<br>Adresse: 213 N Market Street #1042, Wilmington, DE 19801, USA<br>Aktiekapital: USD 100.000<br>Juridisk form : Selskab med begr\u00e6nset ansvar<br>Filnummer: 10141920<\/p>\n\n\n\n<p>V\u00e6rt : OVH SAS, 2 rue Kellermann, Roubaix, 59100, Frankrig<\/p>\n\n\n\n<p><strong>Artikel 2. Generelle betingelser for anvendelse<\/strong>&nbsp;<strong>af webstedet og de tilbudte tjenester<\/strong><\/p>\n\n\n\n<p>Brug af webstedet indeb\u00e6rer fuld accept af de generelle brugsbetingelser, der er beskrevet nedenfor. Disse brugsbetingelser kan til enhver tid \u00e6ndres eller suppleres, og brugere af webstedet opfordres derfor til at konsultere dem regelm\u00e6ssigt.<\/p>\n\n\n\n<p>Dette websted er normalt tilg\u00e6ngeligt for brugere til enhver tid. En afbrydelse p\u00e5 grund af teknisk vedligeholdelse kan dog besluttes af Oleaia LLC , som derefter vil bestr\u00e6be sig p\u00e5 at kommunikere til brugerne inden datoerne og tidspunkterne for indgrebet.<\/p>\n\n\n\n<p>Webstedet opdateres regelm\u00e6ssigt af Oleaia LLC . P\u00e5 samme m\u00e5de kan de juridiske meddelelser til enhver tid \u00e6ndres : de p\u00e5l\u00e6gger ikke desto mindre brugeren, der opfordres til at henvise til dem s\u00e5 ofte som muligt for at blive bekendt med dem.<\/p>\n\n\n\n<p><strong>Artikel 3. Beskrivelse af de leverede tjenester<\/strong><\/p>\n\n\n\n<p>Form\u00e5let med hjemmesiden er at give information om alle virksomhedens aktiviteter.<\/p>\n\n\n\n<p>Oleaia LLC bestr\u00e6ber sig p\u00e5 at give oplysninger p\u00e5 hjemmesiden, der er s\u00e5 n\u00f8jagtige som muligt. Vi kan dog ikke holdes ansvarlige for udeladelser, un\u00f8jagtigheder og mangler i opdateringen, hverken af os selv eller af de tredjepartspartnere, der leverer disse oplysninger.<\/p>\n\n\n\n<p>Alle oplysninger p\u00e5 hjemmesiden gives kun til orientering og kan \u00e6ndres. Desuden er oplysningerne p\u00e5 webstedet ikke udt\u00f8mmende. De gives med forbehold for \u00e6ndringer, der er foretaget, siden de blev lagt online.<\/p>\n\n\n\n<p><strong>Artikel 4. Kontraktlige begr\u00e6nsninger for tekniske data<\/strong><\/p>\n\n\n\n<p>Webstedet bruger JavaScript-teknologi.<\/p>\n\n\n\n<p>Webstedet kan ikke holdes ansvarligt for materielle skader i forbindelse med brugen af webstedet. Derudover accepterer brugeren af webstedet at f\u00e5 adgang til webstedet ved hj\u00e6lp af nyere udstyr, der ikke indeholder vira og med en opdateret browser af nyeste generation.<\/p>\n\n\n\n<p><strong>Artikel 5. Intellektuel ejendomsret og forfalskninger<\/strong><\/p>\n\n\n\n<p>Oleaia LLC er ejer af de intellektuelle ejendomsrettigheder eller har brugsrettighederne til alle de elementer, der er tilg\u00e6ngelige p\u00e5 webstedet, is\u00e6r tekster, billeder, grafik, logo, ikoner, lyde, software.<\/p>\n\n\n\n<p>Enhver gengivelse, repr\u00e6sentation, \u00e6ndring, offentligg\u00f8relse, tilpasning af hele eller dele af webstedets elementer, uanset hvilke midler eller processer der anvendes, er forbudt, undtagen med forudg\u00e5ende skriftlig tilladelse fra : Oleaia LLC .<\/p>\n\n\n\n<p>Enhver uautoriseret brug af webstedet eller nogen af de elementer, det indeholder, vil blive anset for at udg\u00f8re en overtr\u00e6delse og retsforfulgt.<\/p>\n\n\n\n<p><strong>Artikel 6. Begr\u00e6nsning af ansvar<\/strong><\/p>\n\n\n\n<p>Oleaia LLC kan ikke holdes ansvarlig for direkte og indirekte skader, der er for\u00e5rsaget af brugerens udstyr, n\u00e5r der er adgang til webstedet, og som enten skyldes brug af udstyr, der ikke opfylder specifikationerne angivet i punkt 4, enten forekomsten af en fejl eller en inkompatibilitet.<\/p>\n\n\n\n<p>Oleaia kan heller ikke holdes ansvarlig for f\u00f8lgeskader (s\u00e5som tab af marked eller tab af muligheder) som f\u00f8lge af brugen af webstedet.<\/p>\n\n\n\n<p>Interaktive rum (mulighed for at stille sp\u00f8rgsm\u00e5l i kontaktrummet) er tilg\u00e6ngelige for brugerne. Oleaia LLC forbeholder sig ret til uden forudg\u00e5ende varsel at slette ethvert indhold, der er lagt ud i dette rum, der ville v\u00e6re i strid med den g\u00e6ldende lovgivning i s\u00e6lgerens hjemland, is\u00e6r bestemmelserne vedr\u00f8rende databeskyttelse. Hvor det er relevant, forbeholder Oleaia LLC sig ogs\u00e5 retten til at s\u00e6tte sp\u00f8rgsm\u00e5lstegn ved brugerens civile og\/eller strafferetlige ansvar, is\u00e6r i tilf\u00e6lde af en racistisk, forn\u00e6rmende, \u00e6rekr\u00e6nkende eller pornografisk besked, uanset det anvendte medium (tekst, fotografering osv.).<\/p>\n\n\n\n<p><strong>Artikel 7. H\u00e5ndtering af personoplysninger<\/strong><\/p>\n\n\n\n<p>Ved brug af webstedet kan f\u00f8lgende indsamles: URL'en til de links, hvorigennem brugeren fik adgang til webstedet, brugerens adgangsudbyder, brugerens internetprotokoladresse (IP).<\/p>\n\n\n\n<p>Under alle omst\u00e6ndigheder indsamler Oleaia LLC kun personlige oplysninger om brugeren til brug for visse tjenester, der tilbydes af webstedet. Brugeren giver disse oplysninger med fuld viden om fakta, is\u00e6r n\u00e5r han selv indtaster dem. Det er derefter specificeret for brugeren af webstedet forpligtelsen eller ikke at give disse oplysninger.<\/p>\n\n\n\n<p>I overensstemmelse med bestemmelserne om databehandling, filer og friheder har enhver bruger ret til adgang, berigtigelse og indsigelse mod personoplysninger vedr\u00f8rende ham ved at frems\u00e6tte sin skriftlige og underskrevne anmodning ledsaget af en kopi af identitetsdokumentet med underskrift fra indehaveren af dokumentet med angivelse af den adresse, hvortil svaret skal sendes.<\/p>\n\n\n\n<p>Ingen personlige oplysninger om brugeren af webstedet offentligg\u00f8res uden brugerens viden, udveksles, overf\u00f8res, tildeles eller s\u00e6lges p\u00e5 noget som helst medium til tredjeparter. Kun antagelsen om erhvervelse af Oleaia LLC og dets rettigheder ville tillade overf\u00f8rsel af n\u00e6vnte oplysninger til den potentielle k\u00f8ber, som igen ville v\u00e6re bundet af den samme forpligtelse til at gemme og \u00e6ndre data med hensyn til brugeren af webstedet. web.<\/p>\n\n\n\n<p>Databaserne er beskyttet af bestemmelserne om retlig beskyttelse af databaser.<\/p>\n\n\n\n<p><strong>Artikel 8. Hypertekstlinks og cookies<\/strong><\/p>\n\n\n\n<p>Webstedet indeholder en r\u00e6kke hypertekstlinks til andre websteder, der er sat p\u00e5 plads med tilladelse fra Oleaia LLC . Oleaia LLC har dog ikke mulighed for at kontrollere indholdet af de s\u00e5ledes bes\u00f8gte websteder og p\u00e5tager sig derfor intet ansvar for dette faktum.<\/p>\n\n\n\n<p>Browsing p\u00e5 webstedet vil sandsynligvis medf\u00f8re installation af cookie(s) p\u00e5 brugerens computer. En cookie er en lille fil, som ikke g\u00f8r det muligt at identificere brugeren, men som registrerer oplysninger om en computers navigation p\u00e5 et websted. De s\u00e5ledes opn\u00e5ede data er beregnet til at lette efterf\u00f8lgende navigation p\u00e5 webstedet og er ogs\u00e5 beregnet til at tillade forskellige m\u00e5linger af deltagelse.<\/p>\n\n\n\n<p>Hvis man n\u00e6gter at installere en cookie, kan det g\u00f8re det umuligt at f\u00e5 adgang til visse tjenester. Brugeren kan dog konfigurere sin computer p\u00e5 f\u00f8lgende m\u00e5de for at afvise installation af cookies :<\/p>\n\n\n\n<p>I Internet Explorer: v\u00e6rkt\u00f8jsfanen (piktogram i form af et tandhjul \u00f8verst til h\u00f8jre) \/ internetindstillinger. Klik p\u00e5 Privatliv og v\u00e6lg Bloker alle cookies. Bekr\u00e6ft med Ok.<\/p>\n\n\n\n<p>Under Firefox: \u00f8verst i browservinduet skal du klikke p\u00e5 Firefox-knappen og derefter g\u00e5 til fanen Indstillinger. Klik p\u00e5 fanen Privatliv. Indstil opbevaringsreglerne til : Brug brugerdefinerede indstillinger for historik. Fjern til sidst markeringen for at deaktivere cookies.<\/p>\n\n\n\n<p>I Safari: Klik \u00f8verst til h\u00f8jre i browseren p\u00e5 menuikonet (symboliseret ved et tandhjul). V\u00e6lg Indstillinger. Klik p\u00e5 Vis avancerede indstillinger. Klik p\u00e5 Indholdsindstillinger i afsnittet \"Privatliv\". I afsnittet \"Cookies\" kan du blokere for cookies.<\/p>\n\n\n\n<p>I Chrome: Klik \u00f8verst til h\u00f8jre i browseren p\u00e5 menuikonet (symboliseret ved tre vandrette linjer). V\u00e6lg Indstillinger. Klik p\u00e5 Vis avancerede indstillinger. Klik p\u00e5 Indstillinger i afsnittet \"Privatliv\". P\u00e5 fanen \"Privatliv\" kan du blokere for cookies.<strong>&nbsp;<\/strong><\/p>\n\n\n\n<p><strong>Artikel 9. Lovvalg og tildeling af kompetence<\/strong><\/p>\n\n\n\n<p>Enhver tvist i forbindelse med brugen af hjemmesiden er underlagt den g\u00e6ldende lovgivning i s\u00e6lgers hjemland. Eksklusiv jurisdiktion gives til de kompetente domstole i s\u00e6lgerens hjemland.<\/p>\n\n\n\n<p><strong>Artikel 10. Ordliste<\/strong>&nbsp;<\/p>\n\n\n\n<p>Bruger: Internetbruger, der opretter forbindelse ved hj\u00e6lp af det f\u00f8rn\u00e6vnte websted.<\/p>\n\n\n\n<p>Personlige oplysninger: Oplysninger, der i en hvilken som helst form, direkte eller indirekte, g\u00f8r det muligt at identificere de fysiske personer, som de g\u00e6lder for.<\/p>","protected":false},"excerpt":{"rendered":"<p>Article 1. Presentation of the site It is specified to users of the website the identity of the various stakeholders in the context of its realization and its follow-up : Owner : Oleaia LLCAddress : 213 N Market Street #1042, Wilmington, DE 19801, USAShare capital : USD 100,000Legal form : Limited liability companyFile number : [&hellip;]<\/p>\n","protected":false},"author":1,"featured_media":0,"parent":0,"menu_order":0,"comment_status":"closed","ping_status":"open","template":"","meta":{"_uag_custom_page_level_css":"","site-sidebar-layout":"default","site-content-layout":"","ast-site-content-layout":"default","site-content-style":"default","site-sidebar-style":"default","ast-global-header-display":"","ast-banner-title-visibility":"","ast-main-header-display":"","ast-hfb-above-header-display":"","ast-hfb-below-header-display":"","ast-hfb-mobile-header-display":"","site-post-title":"","ast-breadcrumbs-content":"","ast-featured-img":"","footer-sml-layout":"","ast-disable-related-posts":"","theme-transparent-header-meta":"","adv-header-id-meta":"","stick-header-meta":"","header-above-stick-meta":"","header-main-stick-meta":"","header-below-stick-meta":"","astra-migrate-meta-layouts":"set","ast-page-background-enabled":"default","ast-page-background-meta":{"desktop":{"background-color":"var(--ast-global-color-4)","background-image":"","background-repeat":"repeat","background-position":"center center","background-size":"auto","background-attachment":"scroll","background-type":"","background-media":"","overlay-type":"","overlay-color":"","overlay-opacity":"","overlay-gradient":""},"tablet":{"background-color":"","background-image":"","background-repeat":"repeat","background-position":"center center","background-size":"auto","background-attachment":"scroll","background-type":"","background-media":"","overlay-type":"","overlay-color":"","overlay-opacity":"","overlay-gradient":""},"mobile":{"background-color":"","background-image":"","background-repeat":"repeat","background-position":"center center","background-size":"auto","background-attachment":"scroll","background-type":"","background-media":"","overlay-type":"","overlay-color":"","overlay-opacity":"","overlay-gradient":""}},"ast-content-background-meta":{"desktop":{"background-color":"var(--ast-global-color-5)","background-image":"","background-repeat":"repeat","background-position":"center center","background-size":"auto","background-attachment":"scroll","background-type":"","background-media":"","overlay-type":"","overlay-color":"","overlay-opacity":"","overlay-gradient":""},"tablet":{"background-color":"var(--ast-global-color-5)","background-image":"","background-repeat":"repeat","background-position":"center center","background-size":"auto","background-attachment":"scroll","background-type":"","background-media":"","overlay-type":"","overlay-color":"","overlay-opacity":"","overlay-gradient":""},"mobile":{"background-color":"var(--ast-global-color-5)","background-image":"","background-repeat":"repeat","background-position":"center center","background-size":"auto","background-attachment":"scroll","background-type":"","background-media":"","overlay-type":"","overlay-color":"","overlay-opacity":"","overlay-gradient":""}},"footnotes":""},"class_list":["post-3","page","type-page","status-publish","hentry"],"spectra_custom_meta":{"_wp_page_template":["default"],"_wpml_word_count":["1292"],"_edit_lock":["1752849289:1"],"_wpml_location_migration_done":["1"],"_edit_last":["1"],"_wpml_media_duplicate":["1"],"_wpml_media_featured":["1"],"rank_math_news_sitemap_robots":["index"],"rank_math_robots":["a:1:{i:0;s:5:\"index\";}"],"_uag_custom_page_level_css":[""],"site-sidebar-layout":["default"],"site-content-layout":[""],"ast-site-content-layout":["default"],"site-content-style":["default"],"site-sidebar-style":["default"],"ast-global-header-display":[""],"ast-banner-title-visibility":[""],"ast-main-header-display":[""],"ast-hfb-above-header-display":[""],"ast-hfb-below-header-display":[""],"ast-hfb-mobile-header-display":[""],"site-post-title":[""],"ast-breadcrumbs-content":[""],"ast-featured-img":[""],"footer-sml-layout":[""],"theme-transparent-header-meta":[""],"adv-header-id-meta":[""],"stick-header-meta":[""],"header-above-stick-meta":[""],"header-main-stick-meta":[""],"header-below-stick-meta":[""],"astra-migrate-meta-layouts":["set"],"ast-page-background-enabled":["default"],"ast-page-background-meta":["a:3:{s:7:\"desktop\";a:12:{s:16:\"background-color\";s:25:\"var(--ast-global-color-4)\";s:16:\"background-image\";s:0:\"\";s:17:\"background-repeat\";s:6:\"repeat\";s:19:\"background-position\";s:13:\"center center\";s:15:\"background-size\";s:4:\"auto\";s:21:\"background-attachment\";s:6:\"scroll\";s:15:\"background-type\";s:0:\"\";s:16:\"background-media\";s:0:\"\";s:12:\"overlay-type\";s:0:\"\";s:13:\"overlay-color\";s:0:\"\";s:15:\"overlay-opacity\";s:0:\"\";s:16:\"overlay-gradient\";s:0:\"\";}s:6:\"tablet\";a:12:{s:16:\"background-color\";s:0:\"\";s:16:\"background-image\";s:0:\"\";s:17:\"background-repeat\";s:6:\"repeat\";s:19:\"background-position\";s:13:\"center center\";s:15:\"background-size\";s:4:\"auto\";s:21:\"background-attachment\";s:6:\"scroll\";s:15:\"background-type\";s:0:\"\";s:16:\"background-media\";s:0:\"\";s:12:\"overlay-type\";s:0:\"\";s:13:\"overlay-color\";s:0:\"\";s:15:\"overlay-opacity\";s:0:\"\";s:16:\"overlay-gradient\";s:0:\"\";}s:6:\"mobile\";a:12:{s:16:\"background-color\";s:0:\"\";s:16:\"background-image\";s:0:\"\";s:17:\"background-repeat\";s:6:\"repeat\";s:19:\"background-position\";s:13:\"center center\";s:15:\"background-size\";s:4:\"auto\";s:21:\"background-attachment\";s:6:\"scroll\";s:15:\"background-type\";s:0:\"\";s:16:\"background-media\";s:0:\"\";s:12:\"overlay-type\";s:0:\"\";s:13:\"overlay-color\";s:0:\"\";s:15:\"overlay-opacity\";s:0:\"\";s:16:\"overlay-gradient\";s:0:\"\";}}"],"ast-content-background-meta":["a:3:{s:7:\"desktop\";a:12:{s:16:\"background-color\";s:25:\"var(--ast-global-color-5)\";s:16:\"background-image\";s:0:\"\";s:17:\"background-repeat\";s:6:\"repeat\";s:19:\"background-position\";s:13:\"center center\";s:15:\"background-size\";s:4:\"auto\";s:21:\"background-attachment\";s:6:\"scroll\";s:15:\"background-type\";s:0:\"\";s:16:\"background-media\";s:0:\"\";s:12:\"overlay-type\";s:0:\"\";s:13:\"overlay-color\";s:0:\"\";s:15:\"overlay-opacity\";s:0:\"\";s:16:\"overlay-gradient\";s:0:\"\";}s:6:\"tablet\";a:12:{s:16:\"background-color\";s:25:\"var(--ast-global-color-5)\";s:16:\"background-image\";s:0:\"\";s:17:\"background-repeat\";s:6:\"repeat\";s:19:\"background-position\";s:13:\"center center\";s:15:\"background-size\";s:4:\"auto\";s:21:\"background-attachment\";s:6:\"scroll\";s:15:\"background-type\";s:0:\"\";s:16:\"background-media\";s:0:\"\";s:12:\"overlay-type\";s:0:\"\";s:13:\"overlay-color\";s:0:\"\";s:15:\"overlay-opacity\";s:0:\"\";s:16:\"overlay-gradient\";s:0:\"\";}s:6:\"mobile\";a:12:{s:16:\"background-color\";s:25:\"var(--ast-global-color-5)\";s:16:\"background-image\";s:0:\"\";s:17:\"background-repeat\";s:6:\"repeat\";s:19:\"background-position\";s:13:\"center center\";s:15:\"background-size\";s:4:\"auto\";s:21:\"background-attachment\";s:6:\"scroll\";s:15:\"background-type\";s:0:\"\";s:16:\"background-media\";s:0:\"\";s:12:\"overlay-type\";s:0:\"\";s:13:\"overlay-color\";s:0:\"\";s:15:\"overlay-opacity\";s:0:\"\";s:16:\"overlay-gradient\";s:0:\"\";}}"],"footnotes":[""],"_elementor_edit_mode":[""],"_elementor_template_type":[""],"_elementor_data":[""],"_elementor_conditions":["a:0:{}"],"_uag_css_file_name":["uag-css-3.css"],"_uag_page_assets":["a:9:{s:3:\"css\";s:7156:\".uag-blocks-common-selector{z-index:var(--z-index-desktop) !important}@media (max-width: 976px){.uag-blocks-common-selector{z-index:var(--z-index-tablet) !important}}@media (max-width: 767px){.uag-blocks-common-selector{z-index:var(--z-index-mobile) !important}}\n.wp-block-uagb-image{display:flex}.wp-block-uagb-image__figure{position:relative;display:flex;flex-direction:column;max-width:100%;height:auto;margin:0}.wp-block-uagb-image__figure img{height:auto;display:flex;max-width:100%;transition:box-shadow 0.2s ease}.wp-block-uagb-image__figure>a{display:inline-block}.wp-block-uagb-image__figure figcaption{text-align:center;margin-top:0.5em;margin-bottom:1em}.wp-block-uagb-image .components-placeholder.block-editor-media-placeholder .components-placeholder__instructions{align-self:center}.wp-block-uagb-image--align-left{text-align:left}.wp-block-uagb-image--align-right{text-align:right}.wp-block-uagb-image--align-center{text-align:center}.wp-block-uagb-image--align-full .wp-block-uagb-image__figure{margin-left:calc(50% - 50vw);margin-right:calc(50% - 50vw);max-width:100vw;width:100vw;height:auto}.wp-block-uagb-image--align-full .wp-block-uagb-image__figure img{height:auto;width:100% !important}.wp-block-uagb-image--align-wide .wp-block-uagb-image__figure img{height:auto;width:100%}.wp-block-uagb-image--layout-overlay__color-wrapper{position:absolute;left:0;top:0;right:0;bottom:0;opacity:0.2;background:rgba(0,0,0,0.5);transition:opacity 0.35s ease-in-out}.wp-block-uagb-image--layout-overlay-link{position:absolute;left:0;right:0;bottom:0;top:0}.wp-block-uagb-image--layout-overlay .wp-block-uagb-image__figure:hover .wp-block-uagb-image--layout-overlay__color-wrapper{opacity:1}.wp-block-uagb-image--layout-overlay__inner{position:absolute;left:15px;right:15px;bottom:15px;top:15px;display:flex;align-items:center;justify-content:center;flex-direction:column;border-color:#fff;transition:0.35s ease-in-out}.wp-block-uagb-image--layout-overlay__inner.top-left,.wp-block-uagb-image--layout-overlay__inner.top-center,.wp-block-uagb-image--layout-overlay__inner.top-right{justify-content:flex-start}.wp-block-uagb-image--layout-overlay__inner.bottom-left,.wp-block-uagb-image--layout-overlay__inner.bottom-center,.wp-block-uagb-image--layout-overlay__inner.bottom-right{justify-content:flex-end}.wp-block-uagb-image--layout-overlay__inner.top-left,.wp-block-uagb-image--layout-overlay__inner.center-left,.wp-block-uagb-image--layout-overlay__inner.bottom-left{align-items:flex-start}.wp-block-uagb-image--layout-overlay__inner.top-right,.wp-block-uagb-image--layout-overlay__inner.center-right,.wp-block-uagb-image--layout-overlay__inner.bottom-right{align-items:flex-end}.wp-block-uagb-image--layout-overlay__inner .uagb-image-heading{color:#fff;transition:transform 0.35s, opacity 0.35s ease-in-out;transform:translate3d(0, 24px, 0);margin:0;line-height:1em}.wp-block-uagb-image--layout-overlay__inner .uagb-image-separator{width:30%;border-top-width:2px;border-top-color:#fff;border-top-style:solid;margin-bottom:10px;opacity:0;transition:transform 0.4s, opacity 0.4s ease-in-out;transform:translate3d(0, 30px, 0)}.wp-block-uagb-image--layout-overlay__inner .uagb-image-caption{opacity:0;overflow:visible;color:#fff;transition:transform 0.45s, opacity 0.45s ease-in-out;transform:translate3d(0, 35px, 0)}.wp-block-uagb-image--layout-overlay__inner:hover .uagb-image-heading,.wp-block-uagb-image--layout-overlay__inner:hover .uagb-image-separator,.wp-block-uagb-image--layout-overlay__inner:hover .uagb-image-caption{opacity:1;transform:translate3d(0, 0, 0)}.wp-block-uagb-image--effect-zoomin .wp-block-uagb-image__figure img,.wp-block-uagb-image--effect-zoomin .wp-block-uagb-image__figure .wp-block-uagb-image--layout-overlay__color-wrapper{transform:scale(1);transition:transform 0.35s ease-in-out}.wp-block-uagb-image--effect-zoomin .wp-block-uagb-image__figure:hover img,.wp-block-uagb-image--effect-zoomin .wp-block-uagb-image__figure:hover .wp-block-uagb-image--layout-overlay__color-wrapper{transform:scale(1.05)}.wp-block-uagb-image--effect-slide .wp-block-uagb-image__figure img,.wp-block-uagb-image--effect-slide .wp-block-uagb-image__figure .wp-block-uagb-image--layout-overlay__color-wrapper{width:calc(100% + 40px) !important;max-width:none !important;transform:translate3d(-40px, 0, 0);transition:transform 0.35s ease-in-out}.wp-block-uagb-image--effect-slide .wp-block-uagb-image__figure:hover img,.wp-block-uagb-image--effect-slide .wp-block-uagb-image__figure:hover .wp-block-uagb-image--layout-overlay__color-wrapper{transform:translate3d(0, 0, 0)}.wp-block-uagb-image--effect-grayscale img{filter:grayscale(0%);transition:0.35s ease-in-out}.wp-block-uagb-image--effect-grayscale:hover img{filter:grayscale(100%)}.wp-block-uagb-image--effect-blur img{filter:blur(0);transition:0.35s ease-in-out}.wp-block-uagb-image--effect-blur:hover img{filter:blur(3px)}\n.uagb-block-e6f939b3.wp-block-uagb-image--layout-default figure img{box-shadow: 0px 0px 0 #00000070;}.uagb-block-e6f939b3.wp-block-uagb-image .wp-block-uagb-image__figure figcaption{font-style: normal;align-self: center;}.uagb-block-e6f939b3.wp-block-uagb-image--layout-overlay figure img{box-shadow: 0px 0px 0 #00000070;}.uagb-block-e6f939b3.wp-block-uagb-image--layout-overlay .wp-block-uagb-image--layout-overlay__color-wrapper{opacity: 0.2;}.uagb-block-e6f939b3.wp-block-uagb-image--layout-overlay .wp-block-uagb-image--layout-overlay__inner{left: 15px;right: 15px;top: 15px;bottom: 15px;}.uagb-block-e6f939b3.wp-block-uagb-image--layout-overlay .wp-block-uagb-image--layout-overlay__inner .uagb-image-heading{font-style: normal;color: #fff;opacity: 1;}.uagb-block-e6f939b3.wp-block-uagb-image--layout-overlay .wp-block-uagb-image--layout-overlay__inner .uagb-image-heading a{color: #fff;}.uagb-block-e6f939b3.wp-block-uagb-image--layout-overlay .wp-block-uagb-image--layout-overlay__inner .uagb-image-caption{opacity: 0;}.uagb-block-e6f939b3.wp-block-uagb-image--layout-overlay .wp-block-uagb-image__figure:hover .wp-block-uagb-image--layout-overlay__color-wrapper{opacity: 1;}.uagb-block-e6f939b3.wp-block-uagb-image .wp-block-uagb-image--layout-overlay__inner .uagb-image-separator{width: 30%;border-top-width: 2px;border-top-color: #fff;opacity: 0;}.uagb-block-e6f939b3.wp-block-uagb-image .wp-block-uagb-image__figure img{width: px;height: auto;}.uagb-block-e6f939b3.wp-block-uagb-image .wp-block-uagb-image__figure:hover .wp-block-uagb-image--layout-overlay__inner .uagb-image-caption{opacity: 1;}.uagb-block-e6f939b3.wp-block-uagb-image .wp-block-uagb-image__figure:hover .wp-block-uagb-image--layout-overlay__inner .uagb-image-separator{opacity: 1;}.uagb-block-e6f939b3.wp-block-uagb-image--layout-default figure:hover img{box-shadow: 0px 0px 0 #00000070;}.uagb-block-e6f939b3.wp-block-uagb-image--layout-overlay figure:hover img{box-shadow: 0px 0px 0 #00000070;}@media only screen and (max-width: 976px) {.uagb-block-e6f939b3.wp-block-uagb-image .wp-block-uagb-image__figure img{width: px;height: auto;}}@media only screen and (max-width: 767px) {.uagb-block-e6f939b3.wp-block-uagb-image .wp-block-uagb-image__figure img{width: px;height: auto;}}\";s:2:\"js\";s:0:\"\";s:18:\"current_block_list\";a:13:{i:0;s:14:\"core\/paragraph\";i:1;s:11:\"core\/search\";i:2;s:10:\"core\/group\";i:3;s:12:\"core\/heading\";i:4;s:17:\"core\/latest-posts\";i:5;s:20:\"core\/latest-comments\";i:6;s:13:\"core\/archives\";i:7;s:15:\"core\/categories\";i:8;s:10:\"uagb\/image\";i:9;s:11:\"core\/spacer\";i:10;s:30:\"woocommerce\/product-categories\";i:11;s:10:\"core\/image\";i:12;s:14:\"core\/shortcode\";}s:8:\"uag_flag\";b:1;s:11:\"uag_version\";s:10:\"1776485703\";s:6:\"gfonts\";a:0:{}s:10:\"gfonts_url\";s:0:\"\";s:12:\"gfonts_files\";a:0:{}s:14:\"uag_faq_layout\";b:0;}"]},"uagb_featured_image_src":{"full":false,"thumbnail":false,"medium":false,"medium_large":false,"large":false,"1536x1536":false,"2048x2048":false,"trp-custom-language-flag":false,"woocommerce_thumbnail":false,"woocommerce_single":false,"woocommerce_gallery_thumbnail":false},"uagb_author_info":{"display_name":"admin","author_link":"https:\/\/www.oleaia.com\/dk\/author\/admin2721\/"},"uagb_comment_info":0,"uagb_excerpt":"Article 1. Presentation of the site It is specified to users of the website the identity of the various stakeholders in the context of its realization and its follow-up : Owner : Oleaia LLCAddress : 213 N Market Street #1042, Wilmington, DE 19801, USAShare capital : USD 100,000Legal form : Limited liability companyFile number :&hellip;","_links":{"self":[{"href":"https:\/\/www.oleaia.com\/dk\/wp-json\/wp\/v2\/pages\/3","targetHints":{"allow":["GET"]}}],"collection":[{"href":"https:\/\/www.oleaia.com\/dk\/wp-json\/wp\/v2\/pages"}],"about":[{"href":"https:\/\/www.oleaia.com\/dk\/wp-json\/wp\/v2\/types\/page"}],"author":[{"embeddable":true,"href":"https:\/\/www.oleaia.com\/dk\/wp-json\/wp\/v2\/users\/1"}],"replies":[{"embeddable":true,"href":"https:\/\/www.oleaia.com\/dk\/wp-json\/wp\/v2\/comments?post=3"}],"version-history":[{"count":4,"href":"https:\/\/www.oleaia.com\/dk\/wp-json\/wp\/v2\/pages\/3\/revisions"}],"predecessor-version":[{"id":23021,"href":"https:\/\/www.oleaia.com\/dk\/wp-json\/wp\/v2\/pages\/3\/revisions\/23021"}],"wp:attachment":[{"href":"https:\/\/www.oleaia.com\/dk\/wp-json\/wp\/v2\/media?parent=3"}],"curies":[{"name":"wp","href":"https:\/\/api.w.org\/{rel}","templated":true}]}}