{"id":23129,"date":"2025-07-26T13:03:28","date_gmt":"2025-07-26T11:03:28","guid":{"rendered":"https:\/\/www.oleaia.com\/?post_type=product&#038;p=23129"},"modified":"2026-03-27T11:29:26","modified_gmt":"2026-03-27T10:29:26","slug":"pumpkin-seed-oil","status":"publish","type":"product","link":"https:\/\/www.oleaia.com\/dk\/products\/pumpkin-seed-oil\/","title":{"rendered":"Gr\u00e6skarkerneolie - 5 liter"},"content":{"rendered":"<p><strong><img decoding=\"async\" style=\"margin-right: 12px;\" src=\"https:\/\/www.oleaia.com\/wp-content\/uploads\/2026\/03\/Check.svg\" alt=\"\" width=\"18\" height=\"15\" \/>Uovertruffen effektivitet til at give n\u00e6ring til huden og st\u00f8tte h\u00e5rets vitalitet.<\/strong> Gr\u00e6skarkerneolie er den mest effektive naturlige l\u00f8sning til at fremme dybt hydreret hud, forbedre udseendet af elasticitet og st\u00f8tte st\u00e6rkere, sundere udseende h\u00e5r. Den er naturligt rig p\u00e5 essentielle fedtsyrer, vitaminer og antioxidanter og hj\u00e6lper med at forfine hudens struktur, genskabe bl\u00f8dhed og bidrage til en glat, str\u00e5lende og revitaliseret teint ved konsekvent brug.<\/p>\n<p><strong><img decoding=\"async\" style=\"margin-right: 12px;\" src=\"https:\/\/www.oleaia.com\/wp-content\/uploads\/2026\/03\/Check.svg\" alt=\"\" width=\"18\" height=\"15\" \/>Den billigste premium gr\u00e6skarkerneolie p\u00e5 markedet.<\/strong> Vi er de billigste p\u00e5 markedet, samtidig med at vi opretholder strenge kvalitetsstandarder, hvilket sikrer en enest\u00e5ende v\u00e6rdi uden at g\u00e5 p\u00e5 kompromis med renhed eller n\u00e6ringsrigdom. Denne overkommelige pris g\u00f8r det muligt at bruge gr\u00e6skarkerneolie dagligt i hudpleje, h\u00e5rpleje og wellness-rutiner.<\/p>\n<p><strong><img decoding=\"async\" style=\"margin-right: 12px;\" src=\"https:\/\/www.oleaia.com\/wp-content\/uploads\/2026\/03\/Check.svg\" alt=\"\" width=\"18\" height=\"15\" \/>Hurtig og p\u00e5lidelig 24-timers levering.<\/strong> Vi tilbyder altid 24-timers levering, hvilket garanterer, at gr\u00e6skarkerneolie ankommer hurtigt og effektivt. Hurtig levering sikrer uafbrudt kontinuitet i personlig pleje og sk\u00f8nhedspraksis.<\/p>\n<p><strong><img decoding=\"async\" style=\"margin-right: 12px;\" src=\"https:\/\/www.oleaia.com\/wp-content\/uploads\/2026\/03\/Check.svg\" alt=\"\" width=\"18\" height=\"15\" \/>Pengene tilbage-garanti for fuld tryghed.<\/strong> Vi tilbyder en pengene-tilbage-garanti. Hvis kunden ikke er tilfreds, refunderer vi pengene. Denne gennemsigtige forpligtelse afspejler tillid til produktets kvalitet og giver en helt risikofri k\u00f8bsoplevelse.<\/p>\n<p><strong><img decoding=\"async\" style=\"margin-right: 12px;\" src=\"https:\/\/www.oleaia.com\/wp-content\/uploads\/2026\/03\/Check.svg\" alt=\"\" width=\"18\" height=\"15\" \/>Helt \u00f8kologisk for autentisk naturlig pleje.<\/strong> Vores gr\u00e6skarkerneolie er helt \u00f8kologisk og produceret med omhyggelig respekt for milj\u00f8m\u00e6ssig ansvarlighed og fr\u00f8integritet. Denne forpligtelse sikrer overensstemmelse med standarder for ren sk\u00f8nhed og holistiske wellness-principper.<\/p>\n<p><strong><img decoding=\"async\" style=\"margin-right: 12px;\" src=\"https:\/\/www.oleaia.com\/wp-content\/uploads\/2026\/03\/Check.svg\" alt=\"\" width=\"18\" height=\"15\" \/>Underst\u00f8tter en dybt hydreret, bl\u00f8d og behagelig hud.<\/strong> Gr\u00e6skarkerneolie er meget v\u00e6rdsat for at hj\u00e6lpe med at opretholde optimale fugtniveauer, hvilket efterlader huden glat, n\u00e6ret og beskyttet mod t\u00f8rhed.<\/p>\n<p><strong><img decoding=\"async\" style=\"margin-right: 12px;\" src=\"https:\/\/www.oleaia.com\/wp-content\/uploads\/2026\/03\/Check.svg\" alt=\"\" width=\"18\" height=\"15\" \/>Fremmer forbedret elasticitet og ungdommelig fasthed.<\/strong> Ved regelm\u00e6ssig anvendelse bidrager den til en smidig og sp\u00e6ndstig hud, forbedrer hudtonen og reducerer tr\u00e6thed.<\/p>\n<p><strong><img decoding=\"async\" style=\"margin-right: 12px;\" src=\"https:\/\/www.oleaia.com\/wp-content\/uploads\/2026\/03\/Check.svg\" alt=\"\" width=\"18\" height=\"15\" \/>Fremmer en glattere tekstur og forfinet hudoverflade.<\/strong> Dens n\u00e6ringsrige sammens\u00e6tning hj\u00e6lper med at forbedre udseendet af uj\u00e6vn hud og underst\u00f8tter en poleret og afbalanceret teint.<\/p>\n<p><strong><img decoding=\"async\" style=\"margin-right: 12px;\" src=\"https:\/\/www.oleaia.com\/wp-content\/uploads\/2026\/03\/Check.svg\" alt=\"\" width=\"18\" height=\"15\" \/>Forbedrer h\u00e5rets styrke, tykkelse og naturlige glans.<\/strong> Anvendt i h\u00e5ret hj\u00e6lper gr\u00e6skarkerneolie med at give n\u00e6ring til h\u00e5rstr\u00e5ene, reducere forekomsten af brud og fremme et fyldigere og sundere h\u00e5r.<\/p>\n<p><strong><img decoding=\"async\" style=\"margin-right: 12px;\" src=\"https:\/\/www.oleaia.com\/wp-content\/uploads\/2026\/03\/Check.svg\" alt=\"\" width=\"18\" height=\"15\" \/>Underst\u00f8tter balancen i hovedbunden og et sundere h\u00e5rv\u00e6kstmilj\u00f8.<\/strong> N\u00e5r den masseres ind i hovedbunden, hj\u00e6lper den med at bevare fugtigheden og bidrager til et st\u00e6rkere og mere levende h\u00e5r over tid.<\/p>\n<p><strong><img decoding=\"async\" style=\"margin-right: 12px;\" src=\"https:\/\/www.oleaia.com\/wp-content\/uploads\/2026\/03\/Check.svg\" alt=\"\" width=\"18\" height=\"15\" \/>Giver antioxidantst\u00f8tte til beskyttelse af huden.<\/strong> Dens naturlige sammens\u00e6tning hj\u00e6lper med at st\u00f8tte hudens forsvar mod milj\u00f8m\u00e6ssig stress og opretholder et sundt og afbalanceret udseende.<\/p>\n<p><strong><img decoding=\"async\" style=\"margin-right: 12px;\" src=\"https:\/\/www.oleaia.com\/wp-content\/uploads\/2026\/03\/Check.svg\" alt=\"\" width=\"18\" height=\"15\" \/>Ideel til t\u00f8r, moden eller kedelig hud og tyndt h\u00e5r.<\/strong> Gr\u00e6skarkerneolie er s\u00e6rligt velegnet til at genoprette vitalitet, hj\u00e6lpe med at genskabe bl\u00f8dhed, t\u00e6thed og generel sundhed.<\/p>\n<p><strong><img decoding=\"async\" style=\"margin-right: 12px;\" src=\"https:\/\/www.oleaia.com\/wp-content\/uploads\/2026\/03\/Check.svg\" alt=\"\" width=\"18\" height=\"15\" \/>Perfekt til massage og genopbyggende kropspleje.<\/strong> Den glatte tekstur g\u00f8r det nemt at p\u00e5f\u00f8re, samtidig med at den plejer huden i dybden.<\/p>\n<p><strong><img decoding=\"async\" style=\"margin-right: 12px;\" src=\"https:\/\/www.oleaia.com\/wp-content\/uploads\/2026\/03\/Check.svg\" alt=\"\" width=\"18\" height=\"15\" \/>Kan bruges til ansigt, krop, hovedbund, h\u00e5r og wellness.<\/strong> Gr\u00e6skarkerneolie integreres problemfrit i omfattende sk\u00f8nhedsrutiner og giver n\u00e6ring og revitalisering p\u00e5 tv\u00e6rs af flere anvendelsesomr\u00e5der.<\/p>\n<p><strong><img decoding=\"async\" style=\"margin-right: 12px;\" src=\"https:\/\/www.oleaia.com\/wp-content\/uploads\/2026\/03\/Check.svg\" alt=\"\" width=\"18\" height=\"15\" \/>Allerede beriget med en n\u00e6rende olie for sk\u00e5nsom p\u00e5f\u00f8ring og optimal komfort.<\/strong> Vores gr\u00e6skarkerneolie er allerede beriget med en n\u00e6rende olie for at sikre sk\u00e5nsom p\u00e5f\u00f8ring, forbedret spredbarhed, optimal komfort og brugervenlighed. Denne gennemt\u00e6nkte formulering forbedrer absorptionen og sikrer en glat, j\u00e6vn d\u00e6kning af hud og h\u00e5r.<\/p>\n<h2><strong>Instruktioner<\/strong><\/h2>\n<ul>\n<li>P\u00e5f\u00f8r 2 til 4 dr\u00e5ber p\u00e5 ren, t\u00f8r ansigtshud, og mass\u00e9r blidt, indtil den er helt absorberet.<\/li>\n<li>Anvendes en eller to gange dagligt afh\u00e6ngigt af hudens individuelle behov.<\/li>\n<li>Til kropspleje p\u00e5f\u00f8res en moderat m\u00e6ngde efter badning for at bevare fugt og bl\u00f8dhed.<\/li>\n<li>Brug 1 til 3 dr\u00e5ber til h\u00e5rpleje i l\u00e6ngder og spidser for at forbedre glans og smidighed.<\/li>\n<li>Som hovedbundsbehandling masseres 5 til 8 dr\u00e5ber ind i hovedbunden og lades virke i 30 til 60 minutter f\u00f8r vask.<\/li>\n<li>Brug to til tre gange om ugen for at opn\u00e5 optimale resultater med h\u00e5rplejen.<\/li>\n<li>Til neglepleje masseres en lille dr\u00e5be ind i negleb\u00e5ndene for at underst\u00f8tte hydrering og styrke.<\/li>\n<li>Til massage p\u00e5f\u00f8res en tilstr\u00e6kkelig m\u00e6ngde til at sikre et j\u00e6vnt glid over huden.<\/li>\n<li>Den anbefalede maksimale daglige dosis til topisk brug er ca. 8 til 10 dr\u00e5ber fordelt p\u00e5 anvendelsesomr\u00e5der.<\/li>\n<li>Udf\u00f8r en lappetest f\u00f8r f\u00f8rste brug for at vurdere hudkompatibiliteten.<\/li>\n<li>Undg\u00e5 kontakt med \u00f8jne og f\u00f8lsomme slimhinder.<\/li>\n<li>M\u00e5 ikke anvendes p\u00e5 irriteret eller beskadiget hud.<\/li>\n<li>Opbevar den p\u00e5 et k\u00f8ligt, t\u00f8rt sted uden direkte sollys, og hold flasken t\u00e6t lukket efter hver brug.<\/li>\n<\/ul>","protected":false},"excerpt":{"rendered":"<p>Unmatched effectiveness for nourishing skin and supporting hair vitality. Pumpkin seed oil is the most effective natural solution for promoting deeply hydrated skin, improving the appearance of elasticity, and supporting stronger, healthier-looking hair. Naturally rich in essential fatty acids, vitamins, and antioxidants, it helps refine skin texture, restore softness, and contribute to a smooth, radiant, [&hellip;]<\/p>\n","protected":false},"featured_media":23130,"comment_status":"open","ping_status":"closed","template":"","meta":{"_uag_custom_page_level_css":"","site-sidebar-layout":"default","site-content-layout":"","ast-site-content-layout":"default","site-content-style":"default","site-sidebar-style":"default","ast-global-header-display":"","ast-banner-title-visibility":"","ast-main-header-display":"","ast-hfb-above-header-display":"","ast-hfb-below-header-display":"","ast-hfb-mobile-header-display":"","site-post-title":"","ast-breadcrumbs-content":"","ast-featured-img":"","footer-sml-layout":"","ast-disable-related-posts":"","theme-transparent-header-meta":"default","adv-header-id-meta":"","stick-header-meta":"","header-above-stick-meta":"","header-main-stick-meta":"","header-below-stick-meta":"","astra-migrate-meta-layouts":"set","ast-page-background-enabled":"default","ast-page-background-meta":{"desktop":{"background-color":"var(--ast-global-color-4)","background-image":"","background-repeat":"repeat","background-position":"center center","background-size":"auto","background-attachment":"scroll","background-type":"","background-media":"","overlay-type":"","overlay-color":"","overlay-opacity":"","overlay-gradient":""},"tablet":{"background-color":"","background-image":"","background-repeat":"repeat","background-position":"center center","background-size":"auto","background-attachment":"scroll","background-type":"","background-media":"","overlay-type":"","overlay-color":"","overlay-opacity":"","overlay-gradient":""},"mobile":{"background-color":"","background-image":"","background-repeat":"repeat","background-position":"center center","background-size":"auto","background-attachment":"scroll","background-type":"","background-media":"","overlay-type":"","overlay-color":"","overlay-opacity":"","overlay-gradient":""}},"ast-content-background-meta":{"desktop":{"background-color":"var(--ast-global-color-5)","background-image":"","background-repeat":"repeat","background-position":"center center","background-size":"auto","background-attachment":"scroll","background-type":"","background-media":"","overlay-type":"","overlay-color":"","overlay-opacity":"","overlay-gradient":""},"tablet":{"background-color":"var(--ast-global-color-5)","background-image":"","background-repeat":"repeat","background-position":"center center","background-size":"auto","background-attachment":"scroll","background-type":"","background-media":"","overlay-type":"","overlay-color":"","overlay-opacity":"","overlay-gradient":""},"mobile":{"background-color":"var(--ast-global-color-5)","background-image":"","background-repeat":"repeat","background-position":"center center","background-size":"auto","background-attachment":"scroll","background-type":"","background-media":"","overlay-type":"","overlay-color":"","overlay-opacity":"","overlay-gradient":""}}},"product_brand":[],"product_cat":[15],"product_tag":[],"class_list":{"0":"post-23129","1":"product","2":"type-product","3":"status-publish","4":"has-post-thumbnail","6":"product_cat-shop","7":"desktop-align-left","8":"tablet-align-left","9":"mobile-align-left","11":"first","12":"instock","13":"shipping-taxable","14":"purchasable","15":"product-type-simple"},"spectra_custom_meta":{"_edit_lock":["1774607228:1"],"_edit_last":["1"],"merchant-center-availability":["yes"],"merchant-center-category":["5056773820890"],"_thumbnail_id":["23130"],"_wp_page_template":["default"],"_sku":["OLPUMPKINSEEDOIL"],"_global_unique_id":["5056773820890"],"_regular_price":["29.90"],"total_sales":["139"],"_tax_status":["taxable"],"_tax_class":[""],"_manage_stock":["no"],"_backorders":["no"],"_sold_individually":["no"],"_weight":["5.7"],"_virtual":["no"],"_downloadable":["no"],"_download_limit":["-1"],"_download_expiry":["-1"],"_stock":[null],"_stock_status":["instock"],"_wc_average_rating":["5.00"],"_wc_review_count":["20"],"_product_version":["10.6.1"],"_price":["29.90"],"site-sidebar-layout":["default"],"ast-site-content-layout":["default"],"site-content-style":["default"],"site-sidebar-style":["default"],"theme-transparent-header-meta":["default"],"_wc_rating_count":["a:1:{i:5;i:20;}"],"astra-migrate-meta-layouts":["set"],"_uag_css_file_name":["uag-css-23129.css"],"_elementor_page_assets":["a:0:{}"],"_uag_page_assets":["a:9:{s:3:\"css\";s:7156:\".uag-blocks-common-selector{z-index:var(--z-index-desktop) !important}@media (max-width: 976px){.uag-blocks-common-selector{z-index:var(--z-index-tablet) !important}}@media (max-width: 767px){.uag-blocks-common-selector{z-index:var(--z-index-mobile) !important}}\n.wp-block-uagb-image{display:flex}.wp-block-uagb-image__figure{position:relative;display:flex;flex-direction:column;max-width:100%;height:auto;margin:0}.wp-block-uagb-image__figure img{height:auto;display:flex;max-width:100%;transition:box-shadow 0.2s ease}.wp-block-uagb-image__figure>a{display:inline-block}.wp-block-uagb-image__figure figcaption{text-align:center;margin-top:0.5em;margin-bottom:1em}.wp-block-uagb-image .components-placeholder.block-editor-media-placeholder .components-placeholder__instructions{align-self:center}.wp-block-uagb-image--align-left{text-align:left}.wp-block-uagb-image--align-right{text-align:right}.wp-block-uagb-image--align-center{text-align:center}.wp-block-uagb-image--align-full .wp-block-uagb-image__figure{margin-left:calc(50% - 50vw);margin-right:calc(50% - 50vw);max-width:100vw;width:100vw;height:auto}.wp-block-uagb-image--align-full .wp-block-uagb-image__figure img{height:auto;width:100% !important}.wp-block-uagb-image--align-wide .wp-block-uagb-image__figure img{height:auto;width:100%}.wp-block-uagb-image--layout-overlay__color-wrapper{position:absolute;left:0;top:0;right:0;bottom:0;opacity:0.2;background:rgba(0,0,0,0.5);transition:opacity 0.35s ease-in-out}.wp-block-uagb-image--layout-overlay-link{position:absolute;left:0;right:0;bottom:0;top:0}.wp-block-uagb-image--layout-overlay .wp-block-uagb-image__figure:hover .wp-block-uagb-image--layout-overlay__color-wrapper{opacity:1}.wp-block-uagb-image--layout-overlay__inner{position:absolute;left:15px;right:15px;bottom:15px;top:15px;display:flex;align-items:center;justify-content:center;flex-direction:column;border-color:#fff;transition:0.35s ease-in-out}.wp-block-uagb-image--layout-overlay__inner.top-left,.wp-block-uagb-image--layout-overlay__inner.top-center,.wp-block-uagb-image--layout-overlay__inner.top-right{justify-content:flex-start}.wp-block-uagb-image--layout-overlay__inner.bottom-left,.wp-block-uagb-image--layout-overlay__inner.bottom-center,.wp-block-uagb-image--layout-overlay__inner.bottom-right{justify-content:flex-end}.wp-block-uagb-image--layout-overlay__inner.top-left,.wp-block-uagb-image--layout-overlay__inner.center-left,.wp-block-uagb-image--layout-overlay__inner.bottom-left{align-items:flex-start}.wp-block-uagb-image--layout-overlay__inner.top-right,.wp-block-uagb-image--layout-overlay__inner.center-right,.wp-block-uagb-image--layout-overlay__inner.bottom-right{align-items:flex-end}.wp-block-uagb-image--layout-overlay__inner .uagb-image-heading{color:#fff;transition:transform 0.35s, opacity 0.35s ease-in-out;transform:translate3d(0, 24px, 0);margin:0;line-height:1em}.wp-block-uagb-image--layout-overlay__inner .uagb-image-separator{width:30%;border-top-width:2px;border-top-color:#fff;border-top-style:solid;margin-bottom:10px;opacity:0;transition:transform 0.4s, opacity 0.4s ease-in-out;transform:translate3d(0, 30px, 0)}.wp-block-uagb-image--layout-overlay__inner .uagb-image-caption{opacity:0;overflow:visible;color:#fff;transition:transform 0.45s, opacity 0.45s ease-in-out;transform:translate3d(0, 35px, 0)}.wp-block-uagb-image--layout-overlay__inner:hover .uagb-image-heading,.wp-block-uagb-image--layout-overlay__inner:hover .uagb-image-separator,.wp-block-uagb-image--layout-overlay__inner:hover .uagb-image-caption{opacity:1;transform:translate3d(0, 0, 0)}.wp-block-uagb-image--effect-zoomin .wp-block-uagb-image__figure img,.wp-block-uagb-image--effect-zoomin .wp-block-uagb-image__figure .wp-block-uagb-image--layout-overlay__color-wrapper{transform:scale(1);transition:transform 0.35s ease-in-out}.wp-block-uagb-image--effect-zoomin .wp-block-uagb-image__figure:hover img,.wp-block-uagb-image--effect-zoomin .wp-block-uagb-image__figure:hover .wp-block-uagb-image--layout-overlay__color-wrapper{transform:scale(1.05)}.wp-block-uagb-image--effect-slide .wp-block-uagb-image__figure img,.wp-block-uagb-image--effect-slide .wp-block-uagb-image__figure .wp-block-uagb-image--layout-overlay__color-wrapper{width:calc(100% + 40px) !important;max-width:none !important;transform:translate3d(-40px, 0, 0);transition:transform 0.35s ease-in-out}.wp-block-uagb-image--effect-slide .wp-block-uagb-image__figure:hover img,.wp-block-uagb-image--effect-slide .wp-block-uagb-image__figure:hover .wp-block-uagb-image--layout-overlay__color-wrapper{transform:translate3d(0, 0, 0)}.wp-block-uagb-image--effect-grayscale img{filter:grayscale(0%);transition:0.35s ease-in-out}.wp-block-uagb-image--effect-grayscale:hover img{filter:grayscale(100%)}.wp-block-uagb-image--effect-blur img{filter:blur(0);transition:0.35s ease-in-out}.wp-block-uagb-image--effect-blur:hover img{filter:blur(3px)}\n.uagb-block-e6f939b3.wp-block-uagb-image--layout-default figure img{box-shadow: 0px 0px 0 #00000070;}.uagb-block-e6f939b3.wp-block-uagb-image .wp-block-uagb-image__figure figcaption{font-style: normal;align-self: center;}.uagb-block-e6f939b3.wp-block-uagb-image--layout-overlay figure img{box-shadow: 0px 0px 0 #00000070;}.uagb-block-e6f939b3.wp-block-uagb-image--layout-overlay .wp-block-uagb-image--layout-overlay__color-wrapper{opacity: 0.2;}.uagb-block-e6f939b3.wp-block-uagb-image--layout-overlay .wp-block-uagb-image--layout-overlay__inner{left: 15px;right: 15px;top: 15px;bottom: 15px;}.uagb-block-e6f939b3.wp-block-uagb-image--layout-overlay .wp-block-uagb-image--layout-overlay__inner .uagb-image-heading{font-style: normal;color: #fff;opacity: 1;}.uagb-block-e6f939b3.wp-block-uagb-image--layout-overlay .wp-block-uagb-image--layout-overlay__inner .uagb-image-heading a{color: #fff;}.uagb-block-e6f939b3.wp-block-uagb-image--layout-overlay .wp-block-uagb-image--layout-overlay__inner .uagb-image-caption{opacity: 0;}.uagb-block-e6f939b3.wp-block-uagb-image--layout-overlay .wp-block-uagb-image__figure:hover .wp-block-uagb-image--layout-overlay__color-wrapper{opacity: 1;}.uagb-block-e6f939b3.wp-block-uagb-image .wp-block-uagb-image--layout-overlay__inner .uagb-image-separator{width: 30%;border-top-width: 2px;border-top-color: #fff;opacity: 0;}.uagb-block-e6f939b3.wp-block-uagb-image .wp-block-uagb-image__figure img{width: px;height: auto;}.uagb-block-e6f939b3.wp-block-uagb-image .wp-block-uagb-image__figure:hover .wp-block-uagb-image--layout-overlay__inner .uagb-image-caption{opacity: 1;}.uagb-block-e6f939b3.wp-block-uagb-image .wp-block-uagb-image__figure:hover .wp-block-uagb-image--layout-overlay__inner .uagb-image-separator{opacity: 1;}.uagb-block-e6f939b3.wp-block-uagb-image--layout-default figure:hover img{box-shadow: 0px 0px 0 #00000070;}.uagb-block-e6f939b3.wp-block-uagb-image--layout-overlay figure:hover img{box-shadow: 0px 0px 0 #00000070;}@media only screen and (max-width: 976px) {.uagb-block-e6f939b3.wp-block-uagb-image .wp-block-uagb-image__figure img{width: px;height: auto;}}@media only screen and (max-width: 767px) {.uagb-block-e6f939b3.wp-block-uagb-image .wp-block-uagb-image__figure img{width: px;height: auto;}}\";s:2:\"js\";s:0:\"\";s:18:\"current_block_list\";a:13:{i:0;s:11:\"core\/search\";i:1;s:10:\"core\/group\";i:2;s:12:\"core\/heading\";i:3;s:17:\"core\/latest-posts\";i:4;s:20:\"core\/latest-comments\";i:5;s:13:\"core\/archives\";i:6;s:15:\"core\/categories\";i:7;s:14:\"core\/paragraph\";i:8;s:10:\"uagb\/image\";i:9;s:11:\"core\/spacer\";i:10;s:30:\"woocommerce\/product-categories\";i:11;s:10:\"core\/image\";i:12;s:14:\"core\/shortcode\";}s:8:\"uag_flag\";b:1;s:11:\"uag_version\";s:10:\"1776373079\";s:6:\"gfonts\";a:0:{}s:10:\"gfonts_url\";s:0:\"\";s:12:\"gfonts_files\";a:0:{}s:14:\"uag_faq_layout\";b:0;}"]},"uagb_featured_image_src":{"full":["https:\/\/www.oleaia.com\/wp-content\/uploads\/2025\/07\/Oleaia-Pumpkin-Seed-Oil-5L.png",2560,2560,false],"thumbnail":["https:\/\/www.oleaia.com\/wp-content\/uploads\/2025\/07\/Oleaia-Pumpkin-Seed-Oil-5L-150x150.png",150,150,true],"medium":["https:\/\/www.oleaia.com\/wp-content\/uploads\/2025\/07\/Oleaia-Pumpkin-Seed-Oil-5L-300x300.png",300,300,true],"medium_large":["https:\/\/www.oleaia.com\/wp-content\/uploads\/2025\/07\/Oleaia-Pumpkin-Seed-Oil-5L-768x768.png",768,768,true],"large":["https:\/\/www.oleaia.com\/wp-content\/uploads\/2025\/07\/Oleaia-Pumpkin-Seed-Oil-5L-1024x1024.png",1024,1024,true],"1536x1536":["https:\/\/www.oleaia.com\/wp-content\/uploads\/2025\/07\/Oleaia-Pumpkin-Seed-Oil-5L-1536x1536.png",1536,1536,true],"2048x2048":["https:\/\/www.oleaia.com\/wp-content\/uploads\/2025\/07\/Oleaia-Pumpkin-Seed-Oil-5L-2048x2048.png",2048,2048,true],"trp-custom-language-flag":["https:\/\/www.oleaia.com\/wp-content\/uploads\/2025\/07\/Oleaia-Pumpkin-Seed-Oil-5L-12x12.png",12,12,true],"woocommerce_thumbnail":["https:\/\/www.oleaia.com\/wp-content\/uploads\/2025\/07\/Oleaia-Pumpkin-Seed-Oil-5L-300x300.png",300,300,true],"woocommerce_single":["https:\/\/www.oleaia.com\/wp-content\/uploads\/2025\/07\/Oleaia-Pumpkin-Seed-Oil-5L-600x600.png",600,600,true],"woocommerce_gallery_thumbnail":["https:\/\/www.oleaia.com\/wp-content\/uploads\/2025\/07\/Oleaia-Pumpkin-Seed-Oil-5L-100x100.png",100,100,true]},"uagb_author_info":{"display_name":"admin","author_link":"https:\/\/www.oleaia.com\/dk\/author\/"},"uagb_comment_info":20,"uagb_excerpt":"Unmatched effectiveness for nourishing skin and supporting hair vitality. Pumpkin seed oil is the most effective natural solution for promoting deeply hydrated skin, improving the appearance of elasticity, and supporting stronger, healthier-looking hair. Naturally rich in essential fatty acids, vitamins, and antioxidants, it helps refine skin texture, restore softness, and contribute to a smooth, radiant,&hellip;","_links":{"self":[{"href":"https:\/\/www.oleaia.com\/dk\/wp-json\/wp\/v2\/product\/23129","targetHints":{"allow":["GET"]}}],"collection":[{"href":"https:\/\/www.oleaia.com\/dk\/wp-json\/wp\/v2\/product"}],"about":[{"href":"https:\/\/www.oleaia.com\/dk\/wp-json\/wp\/v2\/types\/product"}],"replies":[{"embeddable":true,"href":"https:\/\/www.oleaia.com\/dk\/wp-json\/wp\/v2\/comments?post=23129"}],"version-history":[{"count":4,"href":"https:\/\/www.oleaia.com\/dk\/wp-json\/wp\/v2\/product\/23129\/revisions"}],"predecessor-version":[{"id":81228,"href":"https:\/\/www.oleaia.com\/dk\/wp-json\/wp\/v2\/product\/23129\/revisions\/81228"}],"wp:featuredmedia":[{"embeddable":true,"href":"https:\/\/www.oleaia.com\/dk\/wp-json\/wp\/v2\/media\/23130"}],"wp:attachment":[{"href":"https:\/\/www.oleaia.com\/dk\/wp-json\/wp\/v2\/media?parent=23129"}],"wp:term":[{"taxonomy":"product_brand","embeddable":true,"href":"https:\/\/www.oleaia.com\/dk\/wp-json\/wp\/v2\/product_brand?post=23129"},{"taxonomy":"product_cat","embeddable":true,"href":"https:\/\/www.oleaia.com\/dk\/wp-json\/wp\/v2\/product_cat?post=23129"},{"taxonomy":"product_tag","embeddable":true,"href":"https:\/\/www.oleaia.com\/dk\/wp-json\/wp\/v2\/product_tag?post=23129"}],"curies":[{"name":"wp","href":"https:\/\/api.w.org\/{rel}","templated":true}]}}