{"id":23432,"date":"2025-07-27T23:59:56","date_gmt":"2025-07-27T21:59:56","guid":{"rendered":"https:\/\/www.oleaia.com\/?post_type=product&#038;p=23432"},"modified":"2026-03-27T12:41:40","modified_gmt":"2026-03-27T11:41:40","slug":"shea-oil","status":"publish","type":"product","link":"https:\/\/www.oleaia.com\/dk\/products\/shea-oil\/","title":{"rendered":"Sheaolie - 5 liter"},"content":{"rendered":"<p><strong><img decoding=\"async\" style=\"margin-right: 12px;\" src=\"https:\/\/www.oleaia.com\/wp-content\/uploads\/2026\/03\/Check.svg\" alt=\"\" width=\"18\" height=\"15\" \/>Uovertruffen effektivitet for intens n\u00e6ring og langvarig hudreparation.<\/strong> Sheaolie er den mest effektive naturlige l\u00f8sning til at give dyb hydrering, genoprette beskadiget hud og forbedre hudens elasticitet. Den stammer fra shean\u00f8dder og er rig p\u00e5 essentielle fedtsyrer og vitaminer og hj\u00e6lper med at reparere udseendet af t\u00f8r eller ru hud, udj\u00e6vne tekstur og bidrage til en bl\u00f8d, smidig og synligt sundere hud ved konsekvent brug.<\/p>\n<p><strong><img decoding=\"async\" style=\"margin-right: 12px;\" src=\"https:\/\/www.oleaia.com\/wp-content\/uploads\/2026\/03\/Check.svg\" alt=\"\" width=\"18\" height=\"15\" \/>Den billigste premium sheaolie p\u00e5 markedet.<\/strong> Vi er de billigste p\u00e5 markedet, samtidig med at vi opretholder strenge kvalitetsstandarder, hvilket sikrer en enest\u00e5ende v\u00e6rdi uden at g\u00e5 p\u00e5 kompromis med rigdom eller ydeevne. Denne overkommelige pris g\u00f8r det muligt at bruge sheaolie dagligt i hudpleje, h\u00e5rpleje og genopbyggende rutiner.<\/p>\n<p><strong><img decoding=\"async\" style=\"margin-right: 12px;\" src=\"https:\/\/www.oleaia.com\/wp-content\/uploads\/2026\/03\/Check.svg\" alt=\"\" width=\"18\" height=\"15\" \/>Hurtig og p\u00e5lidelig 24-timers levering.<\/strong> Vi tilbyder altid 24-timers levering og garanterer, at sheaolien kommer hurtigt og effektivt frem. Hurtig levering sikrer uafbrudt kontinuitet i personlig pleje og dyb n\u00e6ring.<\/p>\n<p><strong><img decoding=\"async\" style=\"margin-right: 12px;\" src=\"https:\/\/www.oleaia.com\/wp-content\/uploads\/2026\/03\/Check.svg\" alt=\"\" width=\"18\" height=\"15\" \/>Pengene tilbage-garanti for fuld tryghed.<\/strong> Vi tilbyder en pengene-tilbage-garanti. Hvis kunden ikke er tilfreds, refunderer vi pengene. Denne gennemsigtige forpligtelse afspejler tillid til produktets kvalitet og giver en helt risikofri k\u00f8bsoplevelse.<\/p>\n<p><strong><img decoding=\"async\" style=\"margin-right: 12px;\" src=\"https:\/\/www.oleaia.com\/wp-content\/uploads\/2026\/03\/Check.svg\" alt=\"\" width=\"18\" height=\"15\" \/>Helt \u00f8kologisk for autentisk naturlig pleje.<\/strong> Vores sheaolie er helt \u00f8kologisk og produceret med omhyggelig respekt for milj\u00f8m\u00e6ssig ansvarlighed og traditionelle h\u00f8stmetoder. Denne forpligtelse sikrer overensstemmelse med standarder for ren sk\u00f8nhed og b\u00e6redygtige indk\u00f8b.<\/p>\n<p><strong><img decoding=\"async\" style=\"margin-right: 12px;\" src=\"https:\/\/www.oleaia.com\/wp-content\/uploads\/2026\/03\/Check.svg\" alt=\"\" width=\"18\" height=\"15\" \/>Underst\u00f8tter intens hydrering og genopbygning af meget t\u00f8r hud.<\/strong> Sheaolie er meget v\u00e6rdsat for at hj\u00e6lpe med at opretholde dybe fugtniveauer, hvilket efterlader huden bl\u00f8d, n\u00e6ret og beskyttet mod ekstrem t\u00f8rhed.<\/p>\n<p><strong><img decoding=\"async\" style=\"margin-right: 12px;\" src=\"https:\/\/www.oleaia.com\/wp-content\/uploads\/2026\/03\/Check.svg\" alt=\"\" width=\"18\" height=\"15\" \/>Fremmer forbedret elasticitet og sp\u00e6ndstighed i huden.<\/strong> Ved regelm\u00e6ssig anvendelse hj\u00e6lper den med at bevare en smidig og fleksibel hud, forbedrer hudtonen og reducerer forekomsten af ruhed og tr\u00e6thed.<\/p>\n<p><strong><img decoding=\"async\" style=\"margin-right: 12px;\" src=\"https:\/\/www.oleaia.com\/wp-content\/uploads\/2026\/03\/Check.svg\" alt=\"\" width=\"18\" height=\"15\" \/>Fremmer reparation af beskadigede eller stressede hudomr\u00e5der.<\/strong> Dens rige sammens\u00e6tning hj\u00e6lper med at forbedre udseendet af revnet, t\u00f8r eller uj\u00e6vn hud og underst\u00f8tter en glattere og mere behagelig overflade.<\/p>\n<p><strong><img decoding=\"async\" style=\"margin-right: 12px;\" src=\"https:\/\/www.oleaia.com\/wp-content\/uploads\/2026\/03\/Check.svg\" alt=\"\" width=\"18\" height=\"15\" \/>Forbedrer st\u00f8tten til den beskyttende hudbarriere.<\/strong> Sheaolie danner en naturlig barriere, der hj\u00e6lper med at holde p\u00e5 fugten og beskytte huden mod milj\u00f8m\u00e6ssige stressfaktorer.<\/p>\n<p><strong><img decoding=\"async\" style=\"margin-right: 12px;\" src=\"https:\/\/www.oleaia.com\/wp-content\/uploads\/2026\/03\/Check.svg\" alt=\"\" width=\"18\" height=\"15\" \/>St\u00f8tter beroligende pleje af f\u00f8lsom eller irriteret hud.<\/strong> Dens beroligende egenskaber hj\u00e6lper med at opretholde hudens komfort og reducerer forekomsten af r\u00f8dme og ubalance.<\/p>\n<p><strong><img decoding=\"async\" style=\"margin-right: 12px;\" src=\"https:\/\/www.oleaia.com\/wp-content\/uploads\/2026\/03\/Check.svg\" alt=\"\" width=\"18\" height=\"15\" \/>Forbedrer h\u00e5rets styrke, dybdeg\u00e5ende pleje og glans.<\/strong> P\u00e5f\u00f8rt h\u00e5ret hj\u00e6lper sheaolie med at reparere t\u00f8rhed, udglatte h\u00e5rstr\u00e5ene og fremme en blank, sund finish.<\/p>\n<p><strong><img decoding=\"async\" style=\"margin-right: 12px;\" src=\"https:\/\/www.oleaia.com\/wp-content\/uploads\/2026\/03\/Check.svg\" alt=\"\" width=\"18\" height=\"15\" \/>Underst\u00f8tter hydrering af hovedbunden og et sundere h\u00e5r.<\/strong> N\u00e5r det masseres ind i hovedbunden, hj\u00e6lper det med at opretholde fugtbalancen og bidrager til et st\u00e6rkere og mere modstandsdygtigt h\u00e5r.<\/p>\n<p><strong><img decoding=\"async\" style=\"margin-right: 12px;\" src=\"https:\/\/www.oleaia.com\/wp-content\/uploads\/2026\/03\/Check.svg\" alt=\"\" width=\"18\" height=\"15\" \/>Ideel til meget t\u00f8r, beskadiget eller moden hud og h\u00e5r.<\/strong> Sheaolie er s\u00e6rligt velegnet til intensiv pleje og hj\u00e6lper med at genskabe bl\u00f8dhed, elasticitet og vitalitet.<\/p>\n<p><strong><img decoding=\"async\" style=\"margin-right: 12px;\" src=\"https:\/\/www.oleaia.com\/wp-content\/uploads\/2026\/03\/Check.svg\" alt=\"\" width=\"18\" height=\"15\" \/>Perfekt til massage, dybdeg\u00e5ende pleje og genopbyggende kropspleje.<\/strong> Dens fyldige, men bl\u00f8de konsistens g\u00f8r den ideel til langvarig hydrering og terapeutisk massage.<\/p>\n<p><strong><img decoding=\"async\" style=\"margin-right: 12px;\" src=\"https:\/\/www.oleaia.com\/wp-content\/uploads\/2026\/03\/Check.svg\" alt=\"\" width=\"18\" height=\"15\" \/>Alsidig til ansigt, krop, hovedbund, h\u00e5r og beskyttende plejerutiner.<\/strong> Sheaolie integreres problemfrit i omfattende sk\u00f8nhedsprogrammer og tilbyder reparation og n\u00e6ring p\u00e5 tv\u00e6rs af flere anvendelsesomr\u00e5der.<\/p>\n<p><strong><img decoding=\"async\" style=\"margin-right: 12px;\" src=\"https:\/\/www.oleaia.com\/wp-content\/uploads\/2026\/03\/Check.svg\" alt=\"\" width=\"18\" height=\"15\" \/>Allerede beriget med en n\u00e6rende olie for sk\u00e5nsom p\u00e5f\u00f8ring og optimal komfort.<\/strong> Vores sheaolie er allerede beriget med en n\u00e6rende olie for at forbedre sm\u00f8rbarheden, reducere tyngden og sikre en glat og j\u00e6vn p\u00e5f\u00f8ring p\u00e5 huden og i h\u00e5ret.<\/p>\n<h2><strong>Instruktioner<\/strong><\/h2>\n<ul>\n<li>P\u00e5f\u00f8r 2 til 4 dr\u00e5ber p\u00e5 ren, t\u00f8r ansigtshud, og mass\u00e9r blidt, indtil den er helt absorberet.<\/li>\n<li>Anvendes en eller to gange dagligt afh\u00e6ngigt af fugtbehovet.<\/li>\n<li>Til meget t\u00f8rre omr\u00e5der p\u00e5f\u00f8res en lidt st\u00f8rre m\u00e6ngde, og der masseres grundigt, indtil produktet er absorberet.<\/li>\n<li>Anvendes til kropspleje efter badning for at bevare dyb hydrering og bl\u00f8dhed.<\/li>\n<li>Til h\u00e5rpleje p\u00e5f\u00f8res 2 til 4 dr\u00e5ber i l\u00e6ngder og spidser for at reducere t\u00f8rhed og \u00f8ge glansen.<\/li>\n<li>Som hovedbundsbehandling masseres 5 til 10 dr\u00e5ber ind i hovedbunden og lades virke i 30 til 60 minutter eller natten over f\u00f8r vask.<\/li>\n<li>For intensiv pleje, brug den som en natlig behandling af hud eller h\u00e5r.<\/li>\n<li>Til massage p\u00e5f\u00f8res en tilstr\u00e6kkelig m\u00e6ngde til at sikre et j\u00e6vnt glid over huden.<\/li>\n<li>Den anbefalede maksimale daglige dosis til lokal brug er ca. 8 til 12 dr\u00e5ber afh\u00e6ngigt af anvendelsesomr\u00e5det.<\/li>\n<li>Udf\u00f8r en lappetest f\u00f8r f\u00f8rste brug for at vurdere hudkompatibiliteten.<\/li>\n<li>Undg\u00e5 kontakt med \u00f8jne og f\u00f8lsomme slimhinder.<\/li>\n<li>M\u00e5 ikke anvendes p\u00e5 irriteret eller inficeret hud uden vejledning.<\/li>\n<li>Opbevar den p\u00e5 et k\u00f8ligt, t\u00f8rt sted uden direkte sollys, og hold flasken t\u00e6t lukket efter hver brug.<\/li>\n<\/ul>","protected":false},"excerpt":{"rendered":"<p>Unmatched effectiveness for intense nourishment and long-lasting skin repair. Shea oil is the most effective natural solution for delivering deep hydration, restoring damaged skin, and improving the appearance of elasticity. Derived from shea nuts and rich in essential fatty acids and vitamins, it helps repair the look of dry or rough skin, smooth texture, and [&hellip;]<\/p>\n","protected":false},"featured_media":23433,"comment_status":"open","ping_status":"closed","template":"","meta":{"_uag_custom_page_level_css":"","site-sidebar-layout":"default","site-content-layout":"","ast-site-content-layout":"default","site-content-style":"default","site-sidebar-style":"default","ast-global-header-display":"","ast-banner-title-visibility":"","ast-main-header-display":"","ast-hfb-above-header-display":"","ast-hfb-below-header-display":"","ast-hfb-mobile-header-display":"","site-post-title":"","ast-breadcrumbs-content":"","ast-featured-img":"","footer-sml-layout":"","ast-disable-related-posts":"","theme-transparent-header-meta":"default","adv-header-id-meta":"","stick-header-meta":"","header-above-stick-meta":"","header-main-stick-meta":"","header-below-stick-meta":"","astra-migrate-meta-layouts":"set","ast-page-background-enabled":"default","ast-page-background-meta":{"desktop":{"background-color":"var(--ast-global-color-4)","background-image":"","background-repeat":"repeat","background-position":"center center","background-size":"auto","background-attachment":"scroll","background-type":"","background-media":"","overlay-type":"","overlay-color":"","overlay-opacity":"","overlay-gradient":""},"tablet":{"background-color":"","background-image":"","background-repeat":"repeat","background-position":"center center","background-size":"auto","background-attachment":"scroll","background-type":"","background-media":"","overlay-type":"","overlay-color":"","overlay-opacity":"","overlay-gradient":""},"mobile":{"background-color":"","background-image":"","background-repeat":"repeat","background-position":"center center","background-size":"auto","background-attachment":"scroll","background-type":"","background-media":"","overlay-type":"","overlay-color":"","overlay-opacity":"","overlay-gradient":""}},"ast-content-background-meta":{"desktop":{"background-color":"var(--ast-global-color-5)","background-image":"","background-repeat":"repeat","background-position":"center center","background-size":"auto","background-attachment":"scroll","background-type":"","background-media":"","overlay-type":"","overlay-color":"","overlay-opacity":"","overlay-gradient":""},"tablet":{"background-color":"var(--ast-global-color-5)","background-image":"","background-repeat":"repeat","background-position":"center center","background-size":"auto","background-attachment":"scroll","background-type":"","background-media":"","overlay-type":"","overlay-color":"","overlay-opacity":"","overlay-gradient":""},"mobile":{"background-color":"var(--ast-global-color-5)","background-image":"","background-repeat":"repeat","background-position":"center center","background-size":"auto","background-attachment":"scroll","background-type":"","background-media":"","overlay-type":"","overlay-color":"","overlay-opacity":"","overlay-gradient":""}}},"product_brand":[],"product_cat":[15],"product_tag":[],"class_list":{"0":"post-23432","1":"product","2":"type-product","3":"status-publish","4":"has-post-thumbnail","6":"product_cat-shop","7":"desktop-align-left","8":"tablet-align-left","9":"mobile-align-left","11":"first","12":"instock","13":"shipping-taxable","14":"purchasable","15":"product-type-simple"},"spectra_custom_meta":{"_edit_lock":["1774611567:1"],"_edit_last":["1"],"merchant-center-availability":["yes"],"merchant-center-category":["6104"],"_thumbnail_id":["23433"],"_wp_page_template":["default"],"_sku":["OLSHEAOIL"],"_global_unique_id":["5056773821538"],"_regular_price":["29.90"],"total_sales":["48"],"_tax_status":["taxable"],"_tax_class":[""],"_manage_stock":["no"],"_backorders":["no"],"_sold_individually":["no"],"_weight":["5.7"],"_virtual":["no"],"_downloadable":["no"],"_download_limit":["-1"],"_download_expiry":["-1"],"_stock":[null],"_stock_status":["instock"],"_wc_average_rating":["0"],"_wc_review_count":["0"],"_product_version":["10.6.1"],"_price":["29.90"],"site-sidebar-layout":["default"],"ast-site-content-layout":["default"],"site-content-style":["default"],"site-sidebar-style":["default"],"theme-transparent-header-meta":["default"],"astra-migrate-meta-layouts":["set"],"_uag_css_file_name":["uag-css-23432.css"],"_elementor_page_assets":["a:0:{}"],"_uag_page_assets":["a:9:{s:3:\"css\";s:6893:\".wp-block-uagb-image{display:flex}.wp-block-uagb-image__figure{position:relative;display:flex;flex-direction:column;max-width:100%;height:auto;margin:0}.wp-block-uagb-image__figure img{height:auto;display:flex;max-width:100%;transition:box-shadow 0.2s ease}.wp-block-uagb-image__figure>a{display:inline-block}.wp-block-uagb-image__figure figcaption{text-align:center;margin-top:0.5em;margin-bottom:1em}.wp-block-uagb-image .components-placeholder.block-editor-media-placeholder .components-placeholder__instructions{align-self:center}.wp-block-uagb-image--align-left{text-align:left}.wp-block-uagb-image--align-right{text-align:right}.wp-block-uagb-image--align-center{text-align:center}.wp-block-uagb-image--align-full .wp-block-uagb-image__figure{margin-left:calc(50% - 50vw);margin-right:calc(50% - 50vw);max-width:100vw;width:100vw;height:auto}.wp-block-uagb-image--align-full .wp-block-uagb-image__figure img{height:auto;width:100% !important}.wp-block-uagb-image--align-wide .wp-block-uagb-image__figure img{height:auto;width:100%}.wp-block-uagb-image--layout-overlay__color-wrapper{position:absolute;left:0;top:0;right:0;bottom:0;opacity:0.2;background:rgba(0,0,0,0.5);transition:opacity 0.35s ease-in-out}.wp-block-uagb-image--layout-overlay-link{position:absolute;left:0;right:0;bottom:0;top:0}.wp-block-uagb-image--layout-overlay .wp-block-uagb-image__figure:hover .wp-block-uagb-image--layout-overlay__color-wrapper{opacity:1}.wp-block-uagb-image--layout-overlay__inner{position:absolute;left:15px;right:15px;bottom:15px;top:15px;display:flex;align-items:center;justify-content:center;flex-direction:column;border-color:#fff;transition:0.35s ease-in-out}.wp-block-uagb-image--layout-overlay__inner.top-left,.wp-block-uagb-image--layout-overlay__inner.top-center,.wp-block-uagb-image--layout-overlay__inner.top-right{justify-content:flex-start}.wp-block-uagb-image--layout-overlay__inner.bottom-left,.wp-block-uagb-image--layout-overlay__inner.bottom-center,.wp-block-uagb-image--layout-overlay__inner.bottom-right{justify-content:flex-end}.wp-block-uagb-image--layout-overlay__inner.top-left,.wp-block-uagb-image--layout-overlay__inner.center-left,.wp-block-uagb-image--layout-overlay__inner.bottom-left{align-items:flex-start}.wp-block-uagb-image--layout-overlay__inner.top-right,.wp-block-uagb-image--layout-overlay__inner.center-right,.wp-block-uagb-image--layout-overlay__inner.bottom-right{align-items:flex-end}.wp-block-uagb-image--layout-overlay__inner .uagb-image-heading{color:#fff;transition:transform 0.35s, opacity 0.35s ease-in-out;transform:translate3d(0, 24px, 0);margin:0;line-height:1em}.wp-block-uagb-image--layout-overlay__inner .uagb-image-separator{width:30%;border-top-width:2px;border-top-color:#fff;border-top-style:solid;margin-bottom:10px;opacity:0;transition:transform 0.4s, opacity 0.4s ease-in-out;transform:translate3d(0, 30px, 0)}.wp-block-uagb-image--layout-overlay__inner .uagb-image-caption{opacity:0;overflow:visible;color:#fff;transition:transform 0.45s, opacity 0.45s ease-in-out;transform:translate3d(0, 35px, 0)}.wp-block-uagb-image--layout-overlay__inner:hover .uagb-image-heading,.wp-block-uagb-image--layout-overlay__inner:hover .uagb-image-separator,.wp-block-uagb-image--layout-overlay__inner:hover .uagb-image-caption{opacity:1;transform:translate3d(0, 0, 0)}.wp-block-uagb-image--effect-zoomin .wp-block-uagb-image__figure img,.wp-block-uagb-image--effect-zoomin .wp-block-uagb-image__figure .wp-block-uagb-image--layout-overlay__color-wrapper{transform:scale(1);transition:transform 0.35s ease-in-out}.wp-block-uagb-image--effect-zoomin .wp-block-uagb-image__figure:hover img,.wp-block-uagb-image--effect-zoomin .wp-block-uagb-image__figure:hover .wp-block-uagb-image--layout-overlay__color-wrapper{transform:scale(1.05)}.wp-block-uagb-image--effect-slide .wp-block-uagb-image__figure img,.wp-block-uagb-image--effect-slide .wp-block-uagb-image__figure .wp-block-uagb-image--layout-overlay__color-wrapper{width:calc(100% + 40px) !important;max-width:none !important;transform:translate3d(-40px, 0, 0);transition:transform 0.35s ease-in-out}.wp-block-uagb-image--effect-slide .wp-block-uagb-image__figure:hover img,.wp-block-uagb-image--effect-slide .wp-block-uagb-image__figure:hover .wp-block-uagb-image--layout-overlay__color-wrapper{transform:translate3d(0, 0, 0)}.wp-block-uagb-image--effect-grayscale img{filter:grayscale(0%);transition:0.35s ease-in-out}.wp-block-uagb-image--effect-grayscale:hover img{filter:grayscale(100%)}.wp-block-uagb-image--effect-blur img{filter:blur(0);transition:0.35s ease-in-out}.wp-block-uagb-image--effect-blur:hover img{filter:blur(3px)}\n.uagb-block-e6f939b3.wp-block-uagb-image--layout-default figure img{box-shadow: 0px 0px 0 #00000070;}.uagb-block-e6f939b3.wp-block-uagb-image .wp-block-uagb-image__figure figcaption{font-style: normal;align-self: center;}.uagb-block-e6f939b3.wp-block-uagb-image--layout-overlay figure img{box-shadow: 0px 0px 0 #00000070;}.uagb-block-e6f939b3.wp-block-uagb-image--layout-overlay .wp-block-uagb-image--layout-overlay__color-wrapper{opacity: 0.2;}.uagb-block-e6f939b3.wp-block-uagb-image--layout-overlay .wp-block-uagb-image--layout-overlay__inner{left: 15px;right: 15px;top: 15px;bottom: 15px;}.uagb-block-e6f939b3.wp-block-uagb-image--layout-overlay .wp-block-uagb-image--layout-overlay__inner .uagb-image-heading{font-style: normal;color: #fff;opacity: 1;}.uagb-block-e6f939b3.wp-block-uagb-image--layout-overlay .wp-block-uagb-image--layout-overlay__inner .uagb-image-heading a{color: #fff;}.uagb-block-e6f939b3.wp-block-uagb-image--layout-overlay .wp-block-uagb-image--layout-overlay__inner .uagb-image-caption{opacity: 0;}.uagb-block-e6f939b3.wp-block-uagb-image--layout-overlay .wp-block-uagb-image__figure:hover .wp-block-uagb-image--layout-overlay__color-wrapper{opacity: 1;}.uagb-block-e6f939b3.wp-block-uagb-image .wp-block-uagb-image--layout-overlay__inner .uagb-image-separator{width: 30%;border-top-width: 2px;border-top-color: #fff;opacity: 0;}.uagb-block-e6f939b3.wp-block-uagb-image .wp-block-uagb-image__figure img{width: px;height: auto;}.uagb-block-e6f939b3.wp-block-uagb-image .wp-block-uagb-image__figure:hover .wp-block-uagb-image--layout-overlay__inner .uagb-image-caption{opacity: 1;}.uagb-block-e6f939b3.wp-block-uagb-image .wp-block-uagb-image__figure:hover .wp-block-uagb-image--layout-overlay__inner .uagb-image-separator{opacity: 1;}.uagb-block-e6f939b3.wp-block-uagb-image--layout-default figure:hover img{box-shadow: 0px 0px 0 #00000070;}.uagb-block-e6f939b3.wp-block-uagb-image--layout-overlay figure:hover img{box-shadow: 0px 0px 0 #00000070;}@media only screen and (max-width: 976px) {.uagb-block-e6f939b3.wp-block-uagb-image .wp-block-uagb-image__figure img{width: px;height: auto;}}@media only screen and (max-width: 767px) {.uagb-block-e6f939b3.wp-block-uagb-image .wp-block-uagb-image__figure img{width: px;height: auto;}}\";s:2:\"js\";s:0:\"\";s:18:\"current_block_list\";a:13:{i:0;s:11:\"core\/search\";i:1;s:10:\"core\/group\";i:2;s:12:\"core\/heading\";i:3;s:17:\"core\/latest-posts\";i:4;s:20:\"core\/latest-comments\";i:5;s:13:\"core\/archives\";i:6;s:15:\"core\/categories\";i:7;s:14:\"core\/paragraph\";i:8;s:10:\"uagb\/image\";i:9;s:11:\"core\/spacer\";i:10;s:30:\"woocommerce\/product-categories\";i:11;s:10:\"core\/image\";i:12;s:14:\"core\/shortcode\";}s:8:\"uag_flag\";b:1;s:11:\"uag_version\";s:10:\"1776347986\";s:6:\"gfonts\";a:0:{}s:10:\"gfonts_url\";s:0:\"\";s:12:\"gfonts_files\";a:0:{}s:14:\"uag_faq_layout\";b:0;}"]},"uagb_featured_image_src":{"full":["https:\/\/www.oleaia.com\/wp-content\/uploads\/2025\/07\/Oleaia-Shea-Oil-5L.png",2560,2560,false],"thumbnail":["https:\/\/www.oleaia.com\/wp-content\/uploads\/2025\/07\/Oleaia-Shea-Oil-5L-150x150.png",150,150,true],"medium":["https:\/\/www.oleaia.com\/wp-content\/uploads\/2025\/07\/Oleaia-Shea-Oil-5L-300x300.png",300,300,true],"medium_large":["https:\/\/www.oleaia.com\/wp-content\/uploads\/2025\/07\/Oleaia-Shea-Oil-5L-768x768.png",768,768,true],"large":["https:\/\/www.oleaia.com\/wp-content\/uploads\/2025\/07\/Oleaia-Shea-Oil-5L-1024x1024.png",1024,1024,true],"1536x1536":["https:\/\/www.oleaia.com\/wp-content\/uploads\/2025\/07\/Oleaia-Shea-Oil-5L-1536x1536.png",1536,1536,true],"2048x2048":["https:\/\/www.oleaia.com\/wp-content\/uploads\/2025\/07\/Oleaia-Shea-Oil-5L-2048x2048.png",2048,2048,true],"trp-custom-language-flag":["https:\/\/www.oleaia.com\/wp-content\/uploads\/2025\/07\/Oleaia-Shea-Oil-5L-12x12.png",12,12,true],"woocommerce_thumbnail":["https:\/\/www.oleaia.com\/wp-content\/uploads\/2025\/07\/Oleaia-Shea-Oil-5L-300x300.png",300,300,true],"woocommerce_single":["https:\/\/www.oleaia.com\/wp-content\/uploads\/2025\/07\/Oleaia-Shea-Oil-5L-600x600.png",600,600,true],"woocommerce_gallery_thumbnail":["https:\/\/www.oleaia.com\/wp-content\/uploads\/2025\/07\/Oleaia-Shea-Oil-5L-100x100.png",100,100,true]},"uagb_author_info":{"display_name":"admin","author_link":"https:\/\/www.oleaia.com\/dk\/author\/"},"uagb_comment_info":0,"uagb_excerpt":"Unmatched effectiveness for intense nourishment and long-lasting skin repair. Shea oil is the most effective natural solution for delivering deep hydration, restoring damaged skin, and improving the appearance of elasticity. Derived from shea nuts and rich in essential fatty acids and vitamins, it helps repair the look of dry or rough skin, smooth texture, and&hellip;","_links":{"self":[{"href":"https:\/\/www.oleaia.com\/dk\/wp-json\/wp\/v2\/product\/23432","targetHints":{"allow":["GET"]}}],"collection":[{"href":"https:\/\/www.oleaia.com\/dk\/wp-json\/wp\/v2\/product"}],"about":[{"href":"https:\/\/www.oleaia.com\/dk\/wp-json\/wp\/v2\/types\/product"}],"replies":[{"embeddable":true,"href":"https:\/\/www.oleaia.com\/dk\/wp-json\/wp\/v2\/comments?post=23432"}],"version-history":[{"count":4,"href":"https:\/\/www.oleaia.com\/dk\/wp-json\/wp\/v2\/product\/23432\/revisions"}],"predecessor-version":[{"id":81261,"href":"https:\/\/www.oleaia.com\/dk\/wp-json\/wp\/v2\/product\/23432\/revisions\/81261"}],"wp:featuredmedia":[{"embeddable":true,"href":"https:\/\/www.oleaia.com\/dk\/wp-json\/wp\/v2\/media\/23433"}],"wp:attachment":[{"href":"https:\/\/www.oleaia.com\/dk\/wp-json\/wp\/v2\/media?parent=23432"}],"wp:term":[{"taxonomy":"product_brand","embeddable":true,"href":"https:\/\/www.oleaia.com\/dk\/wp-json\/wp\/v2\/product_brand?post=23432"},{"taxonomy":"product_cat","embeddable":true,"href":"https:\/\/www.oleaia.com\/dk\/wp-json\/wp\/v2\/product_cat?post=23432"},{"taxonomy":"product_tag","embeddable":true,"href":"https:\/\/www.oleaia.com\/dk\/wp-json\/wp\/v2\/product_tag?post=23432"}],"curies":[{"name":"wp","href":"https:\/\/api.w.org\/{rel}","templated":true}]}}