{"id":121,"date":"2025-04-11T06:36:34","date_gmt":"2025-04-11T04:36:34","guid":{"rendered":"https:\/\/www.stoprodent.com\/?page_id=121"},"modified":"2025-07-18T16:46:05","modified_gmt":"2025-07-18T14:46:05","slug":"terms-of-sale","status":"publish","type":"page","link":"https:\/\/www.oleaia.com\/ee\/terms-of-sale\/","title":{"rendered":"M\u00fc\u00fcgitingimused"},"content":{"rendered":"<p>K\u00e4esolevad m\u00fc\u00fcgitingimused on s\u00f5lmitud \u00fchelt poolt ettev\u00f5tte Oleaia LLC poolt, mille aktsiakapital on 100 000 USD ja mille peakontor asub aadressil 213 N Market Street #1042, Wilmington, DE 19801, Ameerika \u00dchendriigid, mis on registreeritud Delaware'i \u00e4riregistris numbri all 10141920 ja haldab veebilehte, ning teiselt poolt iga juriidiline isik, kes soovib teha ostu veebilehe kaudu, edaspidi \"ostja\".<br><br><strong>Artikkel 1. Objekt<\/strong><\/p>\n\n\n\n<p>K\u00e4esolevate m\u00fc\u00fcgitingimuste eesm\u00e4rk on m\u00e4\u00e4ratleda Oleaia O\u00dc ja ostja vahelised lepingulised suhted ja tingimused, mida kohaldatakse k\u00e4esoleva veebisaidi kaudu tehtud ostude suhtes. Toote ostmine selle veebilehe kaudu t\u00e4hendab ostja tingimusteta n\u00f5usolekut k\u00e4esolevate m\u00fc\u00fcgitingimustega, millega ostja kinnitab, et on enne tellimuse esitamist tutvunud. Enne mis tahes tehingut kinnitab ostja \u00fchelt poolt, et toodete ostmine veebilehel on otseselt seotud tema kutsetegevusega ja et ta on k\u00e4ibemaksukohustuslasena registreeritud ning teiselt poolt, et ta on t\u00e4ielikult \u00f5igusv\u00f5imeline, mis v\u00f5imaldab tal osaleda k\u00e4esolevate \u00fcldiste m\u00fc\u00fcgitingimuste alusel.<\/p>\n\n\n\n<p>Ettev\u00f5te Oleaia O\u00dc j\u00e4tab endale v\u00f5imaluse muuta neid m\u00fc\u00fcgitingimusi igal ajal, et t\u00e4ita uusi eeskirju v\u00f5i parandada oma saidi kasutamist. Seet\u00f5ttu kehtivad tingimused, mis kehtivad ostja tellimuse esitamise kuup\u00e4eval.<\/p>\n\n\n\n<p><strong>Artikkel 2. Tooted<\/strong><\/p>\n\n\n\n<p>Pakutavad tooted on need, mis on ettev\u00f5tte Oleaia O\u00dc veebilehel saadaval olevate varude piires. Oleaia LLC j\u00e4tab endale \u00f5iguse muuta tootevalikut igal ajal. Iga toode on esitatud veebilehel kirjelduse kujul, mis sisaldab selle peamisi tehnilisi omadusi (v\u00f5imsus, kasutus, koostis jne). Fotod on v\u00f5imalikult t\u00e4psed, kuid ei kohusta m\u00fc\u00fcjat mingil viisil. Veebisaidil esitatud toodete m\u00fc\u00fck on m\u00f5eldud k\u00f5igile ostjatele, kes elavad riikides, mis lubavad t\u00e4ielikult nende toodete sisenemist oma territooriumile.<br><br><strong>Artikkel 3. Hinnakiri<\/strong><\/p>\n\n\n\n<p>Interneti-kataloogi lehtedel esitatud hinnad on hinnad kohalikus v\u00e4\u00e4ringus, kaasa arvatud k\u00f5ik maksud. Oleaia O\u00dc j\u00e4tab endale \u00f5iguse igal ajal hindu muuta, kusjuures m\u00f5istetakse, et ostja suhtes kohaldatakse ainult kataloogis tellimuse esitamise p\u00e4eval esitatud hinda. N\u00e4idatud hinnad ei sisalda tarnekulusid, mis arvestatakse lisaks ostetud toodete hinnale, mis arvutatakse vastavalt tellimuse kogukaalule.<br><br><strong>Artikkel 4. Tellimus ja maksetingimused<\/strong><\/p>\n\n\n\n<p>Enne iga tellimust on ostjal v\u00f5imalus luua konto. Konto loomise sektsioonile p\u00e4\u00e4seb otse k\u00fclgmen\u00fc\u00fcribalt. Igal k\u00fclastusel peab ostja, kui ta soovib tellida v\u00f5i tutvuda oma kontoga (tellimuse staatus, profiil jne), end selle teabe abil identifitseerima. Ettev\u00f5te Oleaia LLC pakub ostjale v\u00f5imalust tellida ja maksta oma toodete eest mitmes etapis, kusjuures valida on 3 maksev\u00f5imalust :<\/p>\n\n\n\n<p><strong>Maksmine panga\u00fclekandega :<\/strong>\u00a0ostja peab v\u00f5tma hinnapakkumise saamiseks \u00fchendust Oleaia LLC-ga e-posti teel. Ta peab teatama tooted, mida ta soovib tellida, vedaja, kelle ta soovib valida, oma e-posti aadressi ja telefoninumbri ning tarne- ja arveldusaadressi. P\u00e4rast taotluse saatmist saab ta hinnapakkumise koos ettev\u00f5tte Oleaia LLC kontaktandmetega. \u00dclekanne peab olema tehtud 30 p\u00e4eva jooksul ja kogusumma peab laekuma Oleaia LLC kontole ilma pangakuludeta. Ostja peab tasuma k\u00f5ik \u00fclekandega seotud pangakulud. Alles siis, kui summa on laekunud Oleaia LLC kontole, t\u00f6\u00f6tleb viimane tellimuse.<\/p>\n\n\n\n<p><strong>Turvaline makse krediitkaardiga (Stripe'i s\u00fcsteemi kaudu) :<\/strong>\u00a0ostja valib \"ostukorvi\" tooted, mida ta soovib tellida, muudab neid vajadusel (kogused, viited jne), kontrollib tarneaadressi v\u00f5i sisestab uue aadressi. Seej\u00e4rel arvutatakse ja esitatakse ostjale saatmiskulud, samuti vedaja nimi ja soovituslik tarneaeg. Seej\u00e4rel j\u00e4tkab ostja maksmist. L\u00f5puks suunatakse ostja turvalisse Stripe'i liidesesse, et sisestada turvaliselt oma pangakaardi viited. Kui makse on aktsepteeritud, registreeritakse tellimus ja s\u00f5lmitakse l\u00f5plik leping. Krediitkaardiga maksmine on t\u00fchistamatu.<br><br>Tellimuse kinnitamine t\u00e4hendab nende m\u00fc\u00fcgitingimuste aktsepteerimist, nende t\u00e4ieliku tundmise tunnustamist ja loobumist oma ostutingimuste kasutamisest. K\u00f5ik esitatud andmed ja salvestatud kinnitus kujutavad endast tehingu t\u00f5estust. Kui ostjal on e-posti aadress ja kui ta on selle sisestanud oma tellimuse vormi, saadab ettev\u00f5te Oleaia LLC talle e-posti teel kinnituse oma tellimuse registreerimise kohta.<br><br>Kui ostja soovib v\u00f5tta \u00fchendust Oleaia LLC-ga, v\u00f5ib ta seda teha kas posti teel j\u00e4rgmisel aadressil: Oleaia LLC, 213 N Market Street #1042, Wilmington, DE 198013, Ameerika \u00dchendriigid; v\u00f5i e-posti teel j\u00e4rgmisel aadressil: contact@oleaia.com.<br><br><strong>Artikkel 5. Omandi\u00f5iguse s\u00e4ilitamine<\/strong><\/p>\n\n\n\n<p>Oleaia LLC s\u00e4ilitab m\u00fc\u00fcdud toodete t\u00e4ieliku ja t\u00e4ieliku omandi\u00f5iguse kuni hinna t\u00e4ieliku tasumiseni, kaasa arvatud kulud ja maksud.<\/p>\n\n\n\n<p><strong>Artikkel 6. Tagasiv\u00f5tmine<\/strong><\/p>\n\n\n\n<p>Ostjal on kolmk\u00fcmmend t\u00f6\u00f6p\u00e4eva alates tellimuse k\u00e4ttesaamisest aega, et kasutada oma taganemis\u00f5igust ja tagastada toode m\u00fc\u00fcjale vahetuseks v\u00f5i tagasimaksmiseks ilma trahvita.<br><strong><br>Artikkel 7. Kohaletoimetamine<br><\/strong><br>Tarned toimuvad tellimuse vormil m\u00e4rgitud aadressile, mis v\u00f5ib asuda ainult kokkulepitud geograafilises piirkonnas. Tellimused tehakse tellimuse ajal valitud vedaja poolt, k\u00e4ttetoimetamisteenus on j\u00e4lgimisega ja k\u00e4ttetoimetamine ilma allkirjata. Tarneajad on esitatud ainult soovituslikult; kui need \u00fcletavad kolmk\u00fcmmend p\u00e4eva alates tellimuse esitamisest, v\u00f5idakse m\u00fc\u00fcgileping l\u00f5petada ja ostjale h\u00fcvitada. Oleaia LLC edastab ostjale oma paki j\u00e4lgimisnumbri e-posti teel. Ostjale toimetab kauba koju tema kuller. Ostja puudumise korral saab ta oma postiljonilt teate, mis v\u00f5imaldab tal tellitud toodete kohaletoimetamise \u00fcmber planeerida tellitud toodete k\u00e4ttetoimetamise ajaks, mis on m\u00e4rgitud k\u00e4ttetoimetamisteenuse poolt. Transpordiriskid on ostja vastutusel alates hetkest, mil tooted lahkuvad Oleaia O\u00dc ruumidest. Ostja on kohustatud kontrollima kauba pakendi ja selle sisu seisukorda kohaletoimetamise ajal kauba k\u00e4ttetoimetaja juuresolekul. Transpordikahjustuste korral tuleb kolme p\u00e4eva jooksul p\u00e4rast kohaletoimetamist esitada protest vedajale.<br><br><strong>Artikkel 8. Garantii<br><\/strong><br>K\u00f5ik Oleaia LLC poolt tarnitud tooted on garanteeritud. Kui m\u00fc\u00fcdud toode ei vasta n\u00f5uetele, v\u00f5ib selle tagastada ettev\u00f5ttele Oleaia LLC, kes v\u00f5tab selle tagasi, vahetab selle v\u00e4lja v\u00f5i maksab raha tagasi. K\u00f5ik pretensioonid, vahetus- v\u00f5i tagasimaksetaotlused tuleb saata posti teel j\u00e4rgmisele aadressile : Oleaia LLC, 213 N Market Street #1042, Wilmington, DE 19801, Ameerika \u00dchendriigid, kolmek\u00fcmne p\u00e4eva jooksul p\u00e4rast tarnimist.<br><br><strong>Artikkel 9. Vastutus<\/strong><\/p>\n\n\n\n<p>Oleaia O\u00dc on kaugm\u00fc\u00fcgiprotsessis seotud ainult vahendite kohustusega. Ta ei saa vastutada interneti v\u00f5rgu kasutamisest tuleneva kahju eest, nagu n\u00e4iteks andmete kadumine, sissetung, viirus, teenuse katkestus v\u00f5i muud tahtmatud probleemid.<br><br><strong>Artikkel 10. Intellektuaalne omand<br><\/strong><br>K\u00f5ik veebilehe elemendid on ja j\u00e4\u00e4vad ettev\u00f5tte Oleaia O\u00dc ainu\u00f5iguslikuks intellektuaalseks omandiks. foto, logo, visuaalse v\u00f5i teksti kujul.<br><br><strong>Artikkel 11. Isikuandmed<\/strong><br><br>Oleaia O\u00dc kohustub s\u00e4ilitama ostja poolt esitatud teabe konfidentsiaalsust, mida ta peab edastama teatud teenuste kasutamiseks. Internetikasutajal on \u00f5igus p\u00e4\u00e4seda ligi teda puudutavatele andmetele, neid muuta ja kustutada. Ta v\u00f5ib seda igal ajal taotleda posti teel j\u00e4rgmisel aadressil : Oleaia LLC, 213 N Market Street #1042, Wilmington, DE 19801, Ameerika \u00dchendriigid.<\/p>\n\n\n\n<p><strong>Artikkel 12. Vaidluste lahendamine<\/strong><\/p>\n\n\n\n<p>Nende kaugm\u00fc\u00fcgi tingimuste suhtes kohaldatakse Ameerika \u00dchendriikides kehtivat \u00f5igust. K\u00f5ikide vaidluste v\u00f5i vaidluste korral on p\u00e4dev kohus Wilmingtoni kohus.<\/p>\n\n\n\n<p><strong>Artikkel 13. Kontaktandmed<\/strong><\/p>\n\n\n\n<p>Oleaia O\u00dc<br>213 N Market Street #1042,<br>Wilmington, DE 19801<br>Ameerika \u00dchendriigid<\/p>","protected":false},"excerpt":{"rendered":"<p>These conditions of sale are concluded on the one hand by the company Oleaia LLC with a share capital of 100,000 USD whose head office is located at 213 N Market Street #1042, Wilmington, DE 19801, United States of America, registered in the Commercial Register of Delaware under the number 10141920 and managing the website [&hellip;]<\/p>\n","protected":false},"author":1,"featured_media":0,"parent":0,"menu_order":0,"comment_status":"closed","ping_status":"closed","template":"","meta":{"_uag_custom_page_level_css":"","site-sidebar-layout":"default","site-content-layout":"","ast-site-content-layout":"default","site-content-style":"default","site-sidebar-style":"default","ast-global-header-display":"","ast-banner-title-visibility":"","ast-main-header-display":"","ast-hfb-above-header-display":"","ast-hfb-below-header-display":"","ast-hfb-mobile-header-display":"","site-post-title":"","ast-breadcrumbs-content":"","ast-featured-img":"","footer-sml-layout":"","ast-disable-related-posts":"","theme-transparent-header-meta":"","adv-header-id-meta":"","stick-header-meta":"","header-above-stick-meta":"","header-main-stick-meta":"","header-below-stick-meta":"","astra-migrate-meta-layouts":"set","ast-page-background-enabled":"default","ast-page-background-meta":{"desktop":{"background-color":"var(--ast-global-color-4)","background-image":"","background-repeat":"repeat","background-position":"center center","background-size":"auto","background-attachment":"scroll","background-type":"","background-media":"","overlay-type":"","overlay-color":"","overlay-opacity":"","overlay-gradient":""},"tablet":{"background-color":"","background-image":"","background-repeat":"repeat","background-position":"center center","background-size":"auto","background-attachment":"scroll","background-type":"","background-media":"","overlay-type":"","overlay-color":"","overlay-opacity":"","overlay-gradient":""},"mobile":{"background-color":"","background-image":"","background-repeat":"repeat","background-position":"center center","background-size":"auto","background-attachment":"scroll","background-type":"","background-media":"","overlay-type":"","overlay-color":"","overlay-opacity":"","overlay-gradient":""}},"ast-content-background-meta":{"desktop":{"background-color":"var(--ast-global-color-5)","background-image":"","background-repeat":"repeat","background-position":"center center","background-size":"auto","background-attachment":"scroll","background-type":"","background-media":"","overlay-type":"","overlay-color":"","overlay-opacity":"","overlay-gradient":""},"tablet":{"background-color":"var(--ast-global-color-5)","background-image":"","background-repeat":"repeat","background-position":"center center","background-size":"auto","background-attachment":"scroll","background-type":"","background-media":"","overlay-type":"","overlay-color":"","overlay-opacity":"","overlay-gradient":""},"mobile":{"background-color":"var(--ast-global-color-5)","background-image":"","background-repeat":"repeat","background-position":"center center","background-size":"auto","background-attachment":"scroll","background-type":"","background-media":"","overlay-type":"","overlay-color":"","overlay-opacity":"","overlay-gradient":""}},"footnotes":""},"class_list":["post-121","page","type-page","status-publish","hentry"],"spectra_custom_meta":{"_edit_lock":["1752849969:1"],"_wpml_word_count":["1376"],"_edit_last":["1"],"_wpml_media_duplicate":["1"],"_wpml_media_featured":["1"],"rank_math_news_sitemap_robots":["index"],"rank_math_robots":["a:1:{i:0;s:5:\"index\";}"],"_uag_custom_page_level_css":[""],"site-sidebar-layout":["default"],"site-content-layout":[""],"ast-site-content-layout":["default"],"site-content-style":["default"],"site-sidebar-style":["default"],"ast-global-header-display":[""],"ast-banner-title-visibility":[""],"ast-main-header-display":[""],"ast-hfb-above-header-display":[""],"ast-hfb-below-header-display":[""],"ast-hfb-mobile-header-display":[""],"site-post-title":[""],"ast-breadcrumbs-content":[""],"ast-featured-img":[""],"footer-sml-layout":[""],"theme-transparent-header-meta":[""],"adv-header-id-meta":[""],"stick-header-meta":[""],"header-above-stick-meta":[""],"header-main-stick-meta":[""],"header-below-stick-meta":[""],"astra-migrate-meta-layouts":["set"],"ast-page-background-enabled":["default"],"ast-page-background-meta":["a:3:{s:7:\"desktop\";a:12:{s:16:\"background-color\";s:25:\"var(--ast-global-color-4)\";s:16:\"background-image\";s:0:\"\";s:17:\"background-repeat\";s:6:\"repeat\";s:19:\"background-position\";s:13:\"center center\";s:15:\"background-size\";s:4:\"auto\";s:21:\"background-attachment\";s:6:\"scroll\";s:15:\"background-type\";s:0:\"\";s:16:\"background-media\";s:0:\"\";s:12:\"overlay-type\";s:0:\"\";s:13:\"overlay-color\";s:0:\"\";s:15:\"overlay-opacity\";s:0:\"\";s:16:\"overlay-gradient\";s:0:\"\";}s:6:\"tablet\";a:12:{s:16:\"background-color\";s:0:\"\";s:16:\"background-image\";s:0:\"\";s:17:\"background-repeat\";s:6:\"repeat\";s:19:\"background-position\";s:13:\"center center\";s:15:\"background-size\";s:4:\"auto\";s:21:\"background-attachment\";s:6:\"scroll\";s:15:\"background-type\";s:0:\"\";s:16:\"background-media\";s:0:\"\";s:12:\"overlay-type\";s:0:\"\";s:13:\"overlay-color\";s:0:\"\";s:15:\"overlay-opacity\";s:0:\"\";s:16:\"overlay-gradient\";s:0:\"\";}s:6:\"mobile\";a:12:{s:16:\"background-color\";s:0:\"\";s:16:\"background-image\";s:0:\"\";s:17:\"background-repeat\";s:6:\"repeat\";s:19:\"background-position\";s:13:\"center center\";s:15:\"background-size\";s:4:\"auto\";s:21:\"background-attachment\";s:6:\"scroll\";s:15:\"background-type\";s:0:\"\";s:16:\"background-media\";s:0:\"\";s:12:\"overlay-type\";s:0:\"\";s:13:\"overlay-color\";s:0:\"\";s:15:\"overlay-opacity\";s:0:\"\";s:16:\"overlay-gradient\";s:0:\"\";}}"],"ast-content-background-meta":["a:3:{s:7:\"desktop\";a:12:{s:16:\"background-color\";s:25:\"var(--ast-global-color-5)\";s:16:\"background-image\";s:0:\"\";s:17:\"background-repeat\";s:6:\"repeat\";s:19:\"background-position\";s:13:\"center center\";s:15:\"background-size\";s:4:\"auto\";s:21:\"background-attachment\";s:6:\"scroll\";s:15:\"background-type\";s:0:\"\";s:16:\"background-media\";s:0:\"\";s:12:\"overlay-type\";s:0:\"\";s:13:\"overlay-color\";s:0:\"\";s:15:\"overlay-opacity\";s:0:\"\";s:16:\"overlay-gradient\";s:0:\"\";}s:6:\"tablet\";a:12:{s:16:\"background-color\";s:25:\"var(--ast-global-color-5)\";s:16:\"background-image\";s:0:\"\";s:17:\"background-repeat\";s:6:\"repeat\";s:19:\"background-position\";s:13:\"center center\";s:15:\"background-size\";s:4:\"auto\";s:21:\"background-attachment\";s:6:\"scroll\";s:15:\"background-type\";s:0:\"\";s:16:\"background-media\";s:0:\"\";s:12:\"overlay-type\";s:0:\"\";s:13:\"overlay-color\";s:0:\"\";s:15:\"overlay-opacity\";s:0:\"\";s:16:\"overlay-gradient\";s:0:\"\";}s:6:\"mobile\";a:12:{s:16:\"background-color\";s:25:\"var(--ast-global-color-5)\";s:16:\"background-image\";s:0:\"\";s:17:\"background-repeat\";s:6:\"repeat\";s:19:\"background-position\";s:13:\"center center\";s:15:\"background-size\";s:4:\"auto\";s:21:\"background-attachment\";s:6:\"scroll\";s:15:\"background-type\";s:0:\"\";s:16:\"background-media\";s:0:\"\";s:12:\"overlay-type\";s:0:\"\";s:13:\"overlay-color\";s:0:\"\";s:15:\"overlay-opacity\";s:0:\"\";s:16:\"overlay-gradient\";s:0:\"\";}}"],"footnotes":[""],"_elementor_edit_mode":[""],"_elementor_template_type":[""],"_elementor_data":[""],"_elementor_conditions":["a:0:{}"],"_uag_css_file_name":["uag-css-121.css"],"_uag_page_assets":["a:9:{s:3:\"css\";s:7156:\".uag-blocks-common-selector{z-index:var(--z-index-desktop) !important}@media (max-width: 976px){.uag-blocks-common-selector{z-index:var(--z-index-tablet) !important}}@media (max-width: 767px){.uag-blocks-common-selector{z-index:var(--z-index-mobile) !important}}\n.wp-block-uagb-image{display:flex}.wp-block-uagb-image__figure{position:relative;display:flex;flex-direction:column;max-width:100%;height:auto;margin:0}.wp-block-uagb-image__figure img{height:auto;display:flex;max-width:100%;transition:box-shadow 0.2s ease}.wp-block-uagb-image__figure>a{display:inline-block}.wp-block-uagb-image__figure figcaption{text-align:center;margin-top:0.5em;margin-bottom:1em}.wp-block-uagb-image .components-placeholder.block-editor-media-placeholder .components-placeholder__instructions{align-self:center}.wp-block-uagb-image--align-left{text-align:left}.wp-block-uagb-image--align-right{text-align:right}.wp-block-uagb-image--align-center{text-align:center}.wp-block-uagb-image--align-full .wp-block-uagb-image__figure{margin-left:calc(50% - 50vw);margin-right:calc(50% - 50vw);max-width:100vw;width:100vw;height:auto}.wp-block-uagb-image--align-full .wp-block-uagb-image__figure img{height:auto;width:100% !important}.wp-block-uagb-image--align-wide .wp-block-uagb-image__figure img{height:auto;width:100%}.wp-block-uagb-image--layout-overlay__color-wrapper{position:absolute;left:0;top:0;right:0;bottom:0;opacity:0.2;background:rgba(0,0,0,0.5);transition:opacity 0.35s ease-in-out}.wp-block-uagb-image--layout-overlay-link{position:absolute;left:0;right:0;bottom:0;top:0}.wp-block-uagb-image--layout-overlay .wp-block-uagb-image__figure:hover .wp-block-uagb-image--layout-overlay__color-wrapper{opacity:1}.wp-block-uagb-image--layout-overlay__inner{position:absolute;left:15px;right:15px;bottom:15px;top:15px;display:flex;align-items:center;justify-content:center;flex-direction:column;border-color:#fff;transition:0.35s ease-in-out}.wp-block-uagb-image--layout-overlay__inner.top-left,.wp-block-uagb-image--layout-overlay__inner.top-center,.wp-block-uagb-image--layout-overlay__inner.top-right{justify-content:flex-start}.wp-block-uagb-image--layout-overlay__inner.bottom-left,.wp-block-uagb-image--layout-overlay__inner.bottom-center,.wp-block-uagb-image--layout-overlay__inner.bottom-right{justify-content:flex-end}.wp-block-uagb-image--layout-overlay__inner.top-left,.wp-block-uagb-image--layout-overlay__inner.center-left,.wp-block-uagb-image--layout-overlay__inner.bottom-left{align-items:flex-start}.wp-block-uagb-image--layout-overlay__inner.top-right,.wp-block-uagb-image--layout-overlay__inner.center-right,.wp-block-uagb-image--layout-overlay__inner.bottom-right{align-items:flex-end}.wp-block-uagb-image--layout-overlay__inner .uagb-image-heading{color:#fff;transition:transform 0.35s, opacity 0.35s ease-in-out;transform:translate3d(0, 24px, 0);margin:0;line-height:1em}.wp-block-uagb-image--layout-overlay__inner .uagb-image-separator{width:30%;border-top-width:2px;border-top-color:#fff;border-top-style:solid;margin-bottom:10px;opacity:0;transition:transform 0.4s, opacity 0.4s ease-in-out;transform:translate3d(0, 30px, 0)}.wp-block-uagb-image--layout-overlay__inner .uagb-image-caption{opacity:0;overflow:visible;color:#fff;transition:transform 0.45s, opacity 0.45s ease-in-out;transform:translate3d(0, 35px, 0)}.wp-block-uagb-image--layout-overlay__inner:hover .uagb-image-heading,.wp-block-uagb-image--layout-overlay__inner:hover .uagb-image-separator,.wp-block-uagb-image--layout-overlay__inner:hover .uagb-image-caption{opacity:1;transform:translate3d(0, 0, 0)}.wp-block-uagb-image--effect-zoomin .wp-block-uagb-image__figure img,.wp-block-uagb-image--effect-zoomin .wp-block-uagb-image__figure .wp-block-uagb-image--layout-overlay__color-wrapper{transform:scale(1);transition:transform 0.35s ease-in-out}.wp-block-uagb-image--effect-zoomin .wp-block-uagb-image__figure:hover img,.wp-block-uagb-image--effect-zoomin .wp-block-uagb-image__figure:hover .wp-block-uagb-image--layout-overlay__color-wrapper{transform:scale(1.05)}.wp-block-uagb-image--effect-slide .wp-block-uagb-image__figure img,.wp-block-uagb-image--effect-slide .wp-block-uagb-image__figure .wp-block-uagb-image--layout-overlay__color-wrapper{width:calc(100% + 40px) !important;max-width:none !important;transform:translate3d(-40px, 0, 0);transition:transform 0.35s ease-in-out}.wp-block-uagb-image--effect-slide .wp-block-uagb-image__figure:hover img,.wp-block-uagb-image--effect-slide .wp-block-uagb-image__figure:hover .wp-block-uagb-image--layout-overlay__color-wrapper{transform:translate3d(0, 0, 0)}.wp-block-uagb-image--effect-grayscale img{filter:grayscale(0%);transition:0.35s ease-in-out}.wp-block-uagb-image--effect-grayscale:hover img{filter:grayscale(100%)}.wp-block-uagb-image--effect-blur img{filter:blur(0);transition:0.35s ease-in-out}.wp-block-uagb-image--effect-blur:hover img{filter:blur(3px)}\n.uagb-block-e6f939b3.wp-block-uagb-image--layout-default figure img{box-shadow: 0px 0px 0 #00000070;}.uagb-block-e6f939b3.wp-block-uagb-image .wp-block-uagb-image__figure figcaption{font-style: normal;align-self: center;}.uagb-block-e6f939b3.wp-block-uagb-image--layout-overlay figure img{box-shadow: 0px 0px 0 #00000070;}.uagb-block-e6f939b3.wp-block-uagb-image--layout-overlay .wp-block-uagb-image--layout-overlay__color-wrapper{opacity: 0.2;}.uagb-block-e6f939b3.wp-block-uagb-image--layout-overlay .wp-block-uagb-image--layout-overlay__inner{left: 15px;right: 15px;top: 15px;bottom: 15px;}.uagb-block-e6f939b3.wp-block-uagb-image--layout-overlay .wp-block-uagb-image--layout-overlay__inner .uagb-image-heading{font-style: normal;color: #fff;opacity: 1;}.uagb-block-e6f939b3.wp-block-uagb-image--layout-overlay .wp-block-uagb-image--layout-overlay__inner .uagb-image-heading a{color: #fff;}.uagb-block-e6f939b3.wp-block-uagb-image--layout-overlay .wp-block-uagb-image--layout-overlay__inner .uagb-image-caption{opacity: 0;}.uagb-block-e6f939b3.wp-block-uagb-image--layout-overlay .wp-block-uagb-image__figure:hover .wp-block-uagb-image--layout-overlay__color-wrapper{opacity: 1;}.uagb-block-e6f939b3.wp-block-uagb-image .wp-block-uagb-image--layout-overlay__inner .uagb-image-separator{width: 30%;border-top-width: 2px;border-top-color: #fff;opacity: 0;}.uagb-block-e6f939b3.wp-block-uagb-image .wp-block-uagb-image__figure img{width: px;height: auto;}.uagb-block-e6f939b3.wp-block-uagb-image .wp-block-uagb-image__figure:hover .wp-block-uagb-image--layout-overlay__inner .uagb-image-caption{opacity: 1;}.uagb-block-e6f939b3.wp-block-uagb-image .wp-block-uagb-image__figure:hover .wp-block-uagb-image--layout-overlay__inner .uagb-image-separator{opacity: 1;}.uagb-block-e6f939b3.wp-block-uagb-image--layout-default figure:hover img{box-shadow: 0px 0px 0 #00000070;}.uagb-block-e6f939b3.wp-block-uagb-image--layout-overlay figure:hover img{box-shadow: 0px 0px 0 #00000070;}@media only screen and (max-width: 976px) {.uagb-block-e6f939b3.wp-block-uagb-image .wp-block-uagb-image__figure img{width: px;height: auto;}}@media only screen and (max-width: 767px) {.uagb-block-e6f939b3.wp-block-uagb-image .wp-block-uagb-image__figure img{width: px;height: auto;}}\";s:2:\"js\";s:0:\"\";s:18:\"current_block_list\";a:13:{i:0;s:14:\"core\/paragraph\";i:1;s:11:\"core\/search\";i:2;s:10:\"core\/group\";i:3;s:12:\"core\/heading\";i:4;s:17:\"core\/latest-posts\";i:5;s:20:\"core\/latest-comments\";i:6;s:13:\"core\/archives\";i:7;s:15:\"core\/categories\";i:8;s:10:\"uagb\/image\";i:9;s:11:\"core\/spacer\";i:10;s:30:\"woocommerce\/product-categories\";i:11;s:10:\"core\/image\";i:12;s:14:\"core\/shortcode\";}s:8:\"uag_flag\";b:1;s:11:\"uag_version\";s:10:\"1776430695\";s:6:\"gfonts\";a:0:{}s:10:\"gfonts_url\";s:0:\"\";s:12:\"gfonts_files\";a:0:{}s:14:\"uag_faq_layout\";b:0;}"]},"uagb_featured_image_src":{"full":false,"thumbnail":false,"medium":false,"medium_large":false,"large":false,"1536x1536":false,"2048x2048":false,"trp-custom-language-flag":false,"woocommerce_thumbnail":false,"woocommerce_single":false,"woocommerce_gallery_thumbnail":false},"uagb_author_info":{"display_name":"admin","author_link":"https:\/\/www.oleaia.com\/ee\/author\/admin2721\/"},"uagb_comment_info":0,"uagb_excerpt":"These conditions of sale are concluded on the one hand by the company Oleaia LLC with a share capital of 100,000 USD whose head office is located at 213 N Market Street #1042, Wilmington, DE 19801, United States of America, registered in the Commercial Register of Delaware under the number 10141920 and managing the website&hellip;","_links":{"self":[{"href":"https:\/\/www.oleaia.com\/ee\/wp-json\/wp\/v2\/pages\/121","targetHints":{"allow":["GET"]}}],"collection":[{"href":"https:\/\/www.oleaia.com\/ee\/wp-json\/wp\/v2\/pages"}],"about":[{"href":"https:\/\/www.oleaia.com\/ee\/wp-json\/wp\/v2\/types\/page"}],"author":[{"embeddable":true,"href":"https:\/\/www.oleaia.com\/ee\/wp-json\/wp\/v2\/users\/1"}],"replies":[{"embeddable":true,"href":"https:\/\/www.oleaia.com\/ee\/wp-json\/wp\/v2\/comments?post=121"}],"version-history":[{"count":3,"href":"https:\/\/www.oleaia.com\/ee\/wp-json\/wp\/v2\/pages\/121\/revisions"}],"predecessor-version":[{"id":23029,"href":"https:\/\/www.oleaia.com\/ee\/wp-json\/wp\/v2\/pages\/121\/revisions\/23029"}],"wp:attachment":[{"href":"https:\/\/www.oleaia.com\/ee\/wp-json\/wp\/v2\/media?parent=121"}],"curies":[{"name":"wp","href":"https:\/\/api.w.org\/{rel}","templated":true}]}}