{"id":22839,"date":"2025-05-14T12:10:46","date_gmt":"2025-05-14T10:10:46","guid":{"rendered":"https:\/\/www.stoprodent.com\/?page_id=22839"},"modified":"2025-07-18T15:38:28","modified_gmt":"2025-07-18T13:38:28","slug":"affiliate-terms-and-conditions","status":"publish","type":"page","link":"https:\/\/www.oleaia.com\/ee\/affiliate-terms-and-conditions\/","title":{"rendered":"Tingimused ja tingimused"},"content":{"rendered":"<p>K\u00e4esolevad \u00fcldised kasutustingimused (edaspidi \"\u00fcldtingimused\") reguleerivad lepingulist suhet Oleaia LLC, Delaware'i osariigis registreerimisnumbri 10141920 all n\u00f5uetekohaselt registreeritud piiratud vastutusega \u00e4ri\u00fchingu, mille registrij\u00e4rgne asukoht on 213 N Market Street #1042, Wilmington, DE 19801, Ameerika \u00dchendriigid (edaspidi \"kaupmees\" v\u00f5i \"meie\"), ja iga f\u00fc\u00fcsilise v\u00f5i juriidilise isiku vahel, kes kasutab partnerlusprogrammi reklaamipartnerina (edaspidi \"partner\" v\u00f5i \"teie\").<\/p>\n\n\n\n<p>Partnerprogrammis osalemine t\u00e4hendab, et partner n\u00f5ustub t\u00e4ielikult ja tingimusteta k\u00e4esolevate \u00fcldtingimustega. Kui partner ei n\u00f5ustu selges\u00f5naliselt ja t\u00e4ielikult nende tingimustega, on tal rangelt keelatud registreeruda v\u00f5i osaleda nimetatud programmis mis tahes kujul.<\/p>\n\n\n\n<p><strong>Artikkel 1. Registreerimise heakskiitmine v\u00f5i tagasil\u00fckkamine<\/strong><\/p>\n\n\n\n<p>Kaupmees j\u00e4tab endale selges\u00f5naliselt \u00f5iguse, ilma et selleks oleks vaja mingit p\u00f5hjendust, v\u00f5tta vastu v\u00f5i l\u00fckata tagasi mis tahes taotlus partnerprogrammis osalemiseks. Kaupmees ei vastuta mis tahes kahju, otsese v\u00f5i kaudse kahju v\u00f5i v\u00f5imaluse kaotuse eest, mis tuleneb sellisest keeldumisest. Partner loobub selges\u00f5naliselt igasugusest hagist, n\u00f5udest v\u00f5i \u00f5iguskaitsevahenditest Kaupmehe vastu, kui tema taotlus l\u00fckatakse tagasi.<\/p>\n\n\n\n<p><strong>Artikkel 2. Vastutus<\/strong><\/p>\n\n\n\n<p>Mis tahes tegu, avaldamine, avaldus v\u00f5i k\u00e4itumine, mis v\u00f5ib kahjustada Kaupmehe, tema emaettev\u00f5tte, t\u00fctarettev\u00f5tete v\u00f5i \u00e4ripartnerite mainet, mainet, \u00f5igusi, huve v\u00f5i usaldusv\u00e4\u00e4rsust, kas otseselt v\u00f5i kaudselt, tahtlikult v\u00f5i tahtmatult, programmi kehtivuse ajal v\u00f5i k\u00fcmne (10) aasta jooksul p\u00e4rast selle l\u00f5petamist, toob kaasa selle, et Partner on kohustatud maksma trahviklauslina \u00fchekordset h\u00fcvitist summas sada tuhat USA dollarit (100 000 USD), ilma et see piiraks mis tahes t\u00e4iendavat kahju, mida Kaupmees v\u00f5ib n\u00f5uda kantud kahju h\u00fcvitamiseks.<\/p>\n\n\n\n<p><strong>Artikkel 3. Affiliate lingid ja kupongid<\/strong><\/p>\n\n\n\n<p>Partnerile luuakse automaatselt unikaalne partnerlink j\u00e4lgimise ja komisjonitasu m\u00e4\u00e4ramise eesm\u00e4rgil. Affiliate v\u00f5ib luua ka spetsiifilisi linke valitud toodetele, kollektsioonidele v\u00f5i lehek\u00fclgedele. Kui kasutaja kl\u00f5psab j\u00e4rjestikku mitmele partnerlingile, s\u00e4ilitatakse tasustamise eesm\u00e4rgil ainult viimane kehtiv interaktsioon.<\/p>\n\n\n\n<p>Isiklikke reklaamikoode v\u00f5ib partnerile m\u00e4\u00e4rata vastavalt tema isiklikul armatuurlaual m\u00e4\u00e4ratletud tingimustele. Kui klient kasutab samaaegselt partnerlinki ja reklaamikoodi, mis on seotud partneriga, arvestatakse ainult \u00fcks komisjonitasu ja topelt tasustamine on v\u00e4listatud. Kui koodi ei ole selges\u00f5naliselt m\u00e4\u00e4ratud, on sellise koodi kasutamine v\u00f5i reklaamimine partneri poolt rangelt keelatud.<br>Partneril on \u00f5igus reklaamida Kaupmehe tooteid v\u00f5i teenuseid erinevate kanalite kaudu, sealhulgas, kuid mitte ainult, digitaalsete platvormide (Facebook, Instagram jne.), kuulutuste veebilehtede, tr\u00fckimeedia v\u00f5i mis tahes muu seadusliku reklaamikandja kaudu.<\/p>\n\n\n\n<p><strong>Artikkel 4. Komisjonitasud ja maksmine<\/strong><\/p>\n\n\n\n<p>Partneril on \u00f5igus saada komisjonitasu mis tahes tehingu eest, mille on teinud tema partnerlingi lingi kaudu viidatud klient, tingimusel, et nimetatud tellimus on l\u00f5plikult kinnitatud ja seda ei ole t\u00fchistatud, vaidlustatud, tagastatud v\u00f5i tagastatud.<\/p>\n\n\n\n<p>Komisjonitasu suurus m\u00e4\u00e4ratakse kindlaks kohaldatava hinnastruktuuri alusel, mis on igal ajal saadaval armatuurlaual. Arvestus tehakse tellimuse netosumma alusel, v\u00e4lja arvatud maksud, saatmiskulud ja muud lisatasud.<\/p>\n\n\n\n<p>Partner peab esitama m\u00e4\u00e4ratud liidese kaudu maksete vastuv\u00f5tmiseks vajalikud pangaandmed v\u00f5i tunnused. Tasumisele kuuluvate summade maksmine toimub vastavalt Affiliate Guide'is s\u00e4testatud ajakavale. Pettustehinguid v\u00f5i programmi reegleid rikkuvaid tehinguid ei maksta.<\/p>\n\n\n\n<p><strong>Artikkel 5. Turundusvahend<\/strong><\/p>\n\n\n\n<p>Kaupmees pakub partnerile spetsiaalse ala kaudu reklaammaterjale (b\u00e4nnerid, logod, kampaania visuaalid jne). Neid elemente v\u00f5ib kasutada ainult programmi raames vastavalt kaupmehe poolt s\u00e4testatud tingimustele. Igasugune v\u00e4\u00e4rkasutamine, omavoliline muutmine v\u00f5i levitamine kolmandatele isikutele on keelatud.<\/p>\n\n\n\n<p><strong>Artikkel 6. V\u00f5rk<\/strong><\/p>\n\n\n\n<p>Kui valik \"V\u00f5rgustik\" on aktiveeritud, on partneril \u00f5igus suunata teisi allapoole asuvaid partnereid. Edasisaatmislink antakse partneri isikliku ala kaudu. Kui allapoole suunatud partner toodab m\u00fc\u00fcki oma kanalite kaudu, v\u00f5ib \u00fclespoole suunatud partner saada nn \"v\u00f5rgustiku\" komisjonitasu vastavalt kehtivatele parameetritele.<br>Iga uus sel viisil registreeritud partner peab kasutama v\u00f5rgulinki, et tagada korrektne omistamine kaupmehe s\u00fcsteemis.<\/p>\n\n\n\n<p><strong>Artikkel 7. K\u00fcpsised<\/strong><\/p>\n\n\n\n<p>Komisjonitasu tekitavate tegevuste j\u00e4lgimine p\u00f5hineb k\u00fcpsiste kasutamisel. Partner on kohustatud teavitama l\u00f5ppkasutajaid sellest tingimusest koosk\u00f5las andmekaitseseadustega.<\/p>\n\n\n\n<p>Kui l\u00f5ppkasutaja keeldub k\u00fcpsiste kasutamisest v\u00f5i kustutab need, ei saa j\u00e4lgimist toimuda, mis v\u00e4listab igasuguse \u00f5iguse saada tasu. K\u00fcpsise kehtivusaeg m\u00e4\u00e4ratakse kindlaks partneri registreerimise ajal ja see hakkab kehtima alates esimesest lingi klikkimisest v\u00f5i kupongi kasutamisest.<\/p>\n\n\n\n<p><strong>Artikkel 8. Vabade toodete j\u00e4rjekord<\/strong><\/p>\n\n\n\n<p>Iga tasuta toodete tellimine partneri poolt toob kaasa kohustuse avaldada seitsme (7) p\u00e4eva jooksul p\u00e4rast k\u00e4ttesaamist sisulist reklaamsisu (n\u00e4iteks video, blogiartikkel, sotsiaalmeedia postitus jne). Viivituse korral kohaldatakse automaatselt trahvi viisk\u00fcmmend USA dollarit (50 USD) p\u00e4evas, mis arvatakse maha v\u00f5imalikust sissetulekust.<\/p>\n\n\n\n<p>Kui reklaami avaldamine ei toimu maksimaalselt kahek\u00fcmne kaheksa (28) p\u00e4eva jooksul, loetakse partnerprogramm l\u00f5petatuks partneri algatusel. Viimane peab h\u00fcvitama saadud toodete avaliku v\u00e4\u00e4rtuse t\u00e4ies ulatuses, samuti fikseeritud l\u00f5petamistrahvi, mille suurus on tuhat nelisada USA dollarit (1400 USA dollarit).<\/p>\n\n\n\n<p>Juba avaldatud reklaamisisu omavoliline eemaldamine loetakse partneri poolt algatatud l\u00f5petamiseks, millel on samad rahalised tagaj\u00e4rjed.<\/p>\n\n\n\n<p><strong>Artikkel 9. Konkurentsi keelamise klausel<\/strong><\/p>\n\n\n\n<p>Kogu programmis osalemise aja jooksul ja seej\u00e4rel \u00fche (1) aasta jooksul p\u00e4rast selle l\u00f5petamist on partneril rangelt keelatud reklaamida otseselt v\u00f5i kaudselt tooteid v\u00f5i teenuseid, mis konkureerivad kaupmehe toodetega v\u00f5i teenustega. Selle klausli mittet\u00e4itmine toob kaasa kahendamatu kindlasummalise trahvi kahek\u00fcmne tuhande USA dollari (20 000 USD) suuruse trahvi iga t\u00f5estatud rikkumise eest.<\/p>\n\n\n\n<p><strong>Artikkel 10. Edutamise t\u00e4htaeg<\/strong><\/p>\n\n\n\n<p>Alates registreerimise heakskiitmise kuup\u00e4evast on sidusettev\u00f5ttel kahek\u00fcmne kaheksa (28) p\u00e4eva pikkune pikendamata periood, et avaldada v\u00e4hemalt \u00fcks kaupmehe kaubam\u00e4rki reklaamiv avalik teade. Kui sellist reklaami selle aja jooksul ei toimu, loetakse programm automaatselt l\u00f5petatuks, mille eest vastutab \u00fcksnes partner.<\/p>\n\n\n\n<p><strong>Artikkel 11. L\u00f5petamine<\/strong><\/p>\n\n\n\n<p>Mis tahes l\u00f5petamise korral, olenemata sellest, kas seda algatab partner v\u00f5i kaupmees, tuleb maksta \u00fchekordne h\u00fcvitis summas \u00fcks tuhat nelisada USA dollarit (1400 USA dollarit), olenemata juba saadud v\u00f5i tasumisele kuuluvatest summadest seoses komisjonitasudega. Selle h\u00fcvitise v\u00f5ib maha arvata tulevastest tuludest v\u00f5i n\u00f5uda tagasimaksmist, kui saldo on ebapiisav.<\/p>\n\n\n\n<p>Vajaduse korral h\u00fcvitab sidusettev\u00f5te ka varem saadud tasuta toodete avaliku hinna t\u00e4ies ulatuses. Programmi l\u00f5petamine ei vabasta partnerit tema varasematest kohustustest, eelk\u00f5ige konkurentsikeelu ja konfidentsiaalsusklauslitega seotud kohustustest.<\/p>\n\n\n\n<p><\/p>","protected":false},"excerpt":{"rendered":"<p>These General Terms and Conditions of Use (hereinafter the \u201cGeneral Terms\u201d) govern the contractual relationship between Oleaia LLC, a limited liability company duly registered in the State of Delaware under registration number 10141920, with its registered office at 213 N Market Street #1042, Wilmington, DE 19801, United States of America (hereinafter referred to as the [&hellip;]<\/p>\n","protected":false},"author":1,"featured_media":0,"parent":0,"menu_order":0,"comment_status":"closed","ping_status":"closed","template":"","meta":{"_uag_custom_page_level_css":"","site-sidebar-layout":"default","site-content-layout":"","ast-site-content-layout":"default","site-content-style":"default","site-sidebar-style":"default","ast-global-header-display":"","ast-banner-title-visibility":"","ast-main-header-display":"","ast-hfb-above-header-display":"","ast-hfb-below-header-display":"","ast-hfb-mobile-header-display":"","site-post-title":"","ast-breadcrumbs-content":"","ast-featured-img":"","footer-sml-layout":"","ast-disable-related-posts":"","theme-transparent-header-meta":"","adv-header-id-meta":"","stick-header-meta":"","header-above-stick-meta":"","header-main-stick-meta":"","header-below-stick-meta":"","astra-migrate-meta-layouts":"set","ast-page-background-enabled":"default","ast-page-background-meta":{"desktop":{"background-color":"var(--ast-global-color-4)","background-image":"","background-repeat":"repeat","background-position":"center center","background-size":"auto","background-attachment":"scroll","background-type":"","background-media":"","overlay-type":"","overlay-color":"","overlay-opacity":"","overlay-gradient":""},"tablet":{"background-color":"","background-image":"","background-repeat":"repeat","background-position":"center center","background-size":"auto","background-attachment":"scroll","background-type":"","background-media":"","overlay-type":"","overlay-color":"","overlay-opacity":"","overlay-gradient":""},"mobile":{"background-color":"","background-image":"","background-repeat":"repeat","background-position":"center center","background-size":"auto","background-attachment":"scroll","background-type":"","background-media":"","overlay-type":"","overlay-color":"","overlay-opacity":"","overlay-gradient":""}},"ast-content-background-meta":{"desktop":{"background-color":"var(--ast-global-color-5)","background-image":"","background-repeat":"repeat","background-position":"center center","background-size":"auto","background-attachment":"scroll","background-type":"","background-media":"","overlay-type":"","overlay-color":"","overlay-opacity":"","overlay-gradient":""},"tablet":{"background-color":"var(--ast-global-color-5)","background-image":"","background-repeat":"repeat","background-position":"center center","background-size":"auto","background-attachment":"scroll","background-type":"","background-media":"","overlay-type":"","overlay-color":"","overlay-opacity":"","overlay-gradient":""},"mobile":{"background-color":"var(--ast-global-color-5)","background-image":"","background-repeat":"repeat","background-position":"center center","background-size":"auto","background-attachment":"scroll","background-type":"","background-media":"","overlay-type":"","overlay-color":"","overlay-opacity":"","overlay-gradient":""}},"footnotes":""},"class_list":["post-22839","page","type-page","status-publish","hentry"],"spectra_custom_meta":{"_edit_lock":["1752845912:1"],"_uag_custom_page_level_css":[""],"site-sidebar-layout":["default"],"site-content-layout":[""],"ast-site-content-layout":["default"],"site-content-style":["default"],"site-sidebar-style":["default"],"ast-global-header-display":[""],"ast-banner-title-visibility":[""],"ast-main-header-display":[""],"ast-hfb-above-header-display":[""],"ast-hfb-below-header-display":[""],"ast-hfb-mobile-header-display":[""],"site-post-title":[""],"ast-breadcrumbs-content":[""],"ast-featured-img":[""],"footer-sml-layout":[""],"theme-transparent-header-meta":[""],"adv-header-id-meta":[""],"stick-header-meta":[""],"header-above-stick-meta":[""],"header-main-stick-meta":[""],"header-below-stick-meta":[""],"astra-migrate-meta-layouts":["set"],"ast-page-background-enabled":["default"],"ast-page-background-meta":["a:3:{s:7:\"desktop\";a:12:{s:16:\"background-color\";s:25:\"var(--ast-global-color-4)\";s:16:\"background-image\";s:0:\"\";s:17:\"background-repeat\";s:6:\"repeat\";s:19:\"background-position\";s:13:\"center center\";s:15:\"background-size\";s:4:\"auto\";s:21:\"background-attachment\";s:6:\"scroll\";s:15:\"background-type\";s:0:\"\";s:16:\"background-media\";s:0:\"\";s:12:\"overlay-type\";s:0:\"\";s:13:\"overlay-color\";s:0:\"\";s:15:\"overlay-opacity\";s:0:\"\";s:16:\"overlay-gradient\";s:0:\"\";}s:6:\"tablet\";a:12:{s:16:\"background-color\";s:0:\"\";s:16:\"background-image\";s:0:\"\";s:17:\"background-repeat\";s:6:\"repeat\";s:19:\"background-position\";s:13:\"center center\";s:15:\"background-size\";s:4:\"auto\";s:21:\"background-attachment\";s:6:\"scroll\";s:15:\"background-type\";s:0:\"\";s:16:\"background-media\";s:0:\"\";s:12:\"overlay-type\";s:0:\"\";s:13:\"overlay-color\";s:0:\"\";s:15:\"overlay-opacity\";s:0:\"\";s:16:\"overlay-gradient\";s:0:\"\";}s:6:\"mobile\";a:12:{s:16:\"background-color\";s:0:\"\";s:16:\"background-image\";s:0:\"\";s:17:\"background-repeat\";s:6:\"repeat\";s:19:\"background-position\";s:13:\"center center\";s:15:\"background-size\";s:4:\"auto\";s:21:\"background-attachment\";s:6:\"scroll\";s:15:\"background-type\";s:0:\"\";s:16:\"background-media\";s:0:\"\";s:12:\"overlay-type\";s:0:\"\";s:13:\"overlay-color\";s:0:\"\";s:15:\"overlay-opacity\";s:0:\"\";s:16:\"overlay-gradient\";s:0:\"\";}}"],"ast-content-background-meta":["a:3:{s:7:\"desktop\";a:12:{s:16:\"background-color\";s:25:\"var(--ast-global-color-5)\";s:16:\"background-image\";s:0:\"\";s:17:\"background-repeat\";s:6:\"repeat\";s:19:\"background-position\";s:13:\"center center\";s:15:\"background-size\";s:4:\"auto\";s:21:\"background-attachment\";s:6:\"scroll\";s:15:\"background-type\";s:0:\"\";s:16:\"background-media\";s:0:\"\";s:12:\"overlay-type\";s:0:\"\";s:13:\"overlay-color\";s:0:\"\";s:15:\"overlay-opacity\";s:0:\"\";s:16:\"overlay-gradient\";s:0:\"\";}s:6:\"tablet\";a:12:{s:16:\"background-color\";s:25:\"var(--ast-global-color-5)\";s:16:\"background-image\";s:0:\"\";s:17:\"background-repeat\";s:6:\"repeat\";s:19:\"background-position\";s:13:\"center center\";s:15:\"background-size\";s:4:\"auto\";s:21:\"background-attachment\";s:6:\"scroll\";s:15:\"background-type\";s:0:\"\";s:16:\"background-media\";s:0:\"\";s:12:\"overlay-type\";s:0:\"\";s:13:\"overlay-color\";s:0:\"\";s:15:\"overlay-opacity\";s:0:\"\";s:16:\"overlay-gradient\";s:0:\"\";}s:6:\"mobile\";a:12:{s:16:\"background-color\";s:25:\"var(--ast-global-color-5)\";s:16:\"background-image\";s:0:\"\";s:17:\"background-repeat\";s:6:\"repeat\";s:19:\"background-position\";s:13:\"center center\";s:15:\"background-size\";s:4:\"auto\";s:21:\"background-attachment\";s:6:\"scroll\";s:15:\"background-type\";s:0:\"\";s:16:\"background-media\";s:0:\"\";s:12:\"overlay-type\";s:0:\"\";s:13:\"overlay-color\";s:0:\"\";s:15:\"overlay-opacity\";s:0:\"\";s:16:\"overlay-gradient\";s:0:\"\";}}"],"footnotes":[""],"_elementor_edit_mode":[""],"_elementor_template_type":[""],"_elementor_data":[""],"_elementor_conditions":["a:0:{}"],"rank_math_news_sitemap_robots":["index"],"rank_math_robots":["a:1:{i:0;s:5:\"index\";}"],"_edit_last":["1"],"_uag_css_file_name":["uag-css-22839.css"],"_uag_page_assets":["a:9:{s:3:\"css\";s:7156:\".uag-blocks-common-selector{z-index:var(--z-index-desktop) !important}@media (max-width: 976px){.uag-blocks-common-selector{z-index:var(--z-index-tablet) !important}}@media (max-width: 767px){.uag-blocks-common-selector{z-index:var(--z-index-mobile) !important}}\n.wp-block-uagb-image{display:flex}.wp-block-uagb-image__figure{position:relative;display:flex;flex-direction:column;max-width:100%;height:auto;margin:0}.wp-block-uagb-image__figure img{height:auto;display:flex;max-width:100%;transition:box-shadow 0.2s ease}.wp-block-uagb-image__figure>a{display:inline-block}.wp-block-uagb-image__figure figcaption{text-align:center;margin-top:0.5em;margin-bottom:1em}.wp-block-uagb-image .components-placeholder.block-editor-media-placeholder .components-placeholder__instructions{align-self:center}.wp-block-uagb-image--align-left{text-align:left}.wp-block-uagb-image--align-right{text-align:right}.wp-block-uagb-image--align-center{text-align:center}.wp-block-uagb-image--align-full .wp-block-uagb-image__figure{margin-left:calc(50% - 50vw);margin-right:calc(50% - 50vw);max-width:100vw;width:100vw;height:auto}.wp-block-uagb-image--align-full .wp-block-uagb-image__figure img{height:auto;width:100% !important}.wp-block-uagb-image--align-wide .wp-block-uagb-image__figure img{height:auto;width:100%}.wp-block-uagb-image--layout-overlay__color-wrapper{position:absolute;left:0;top:0;right:0;bottom:0;opacity:0.2;background:rgba(0,0,0,0.5);transition:opacity 0.35s ease-in-out}.wp-block-uagb-image--layout-overlay-link{position:absolute;left:0;right:0;bottom:0;top:0}.wp-block-uagb-image--layout-overlay .wp-block-uagb-image__figure:hover .wp-block-uagb-image--layout-overlay__color-wrapper{opacity:1}.wp-block-uagb-image--layout-overlay__inner{position:absolute;left:15px;right:15px;bottom:15px;top:15px;display:flex;align-items:center;justify-content:center;flex-direction:column;border-color:#fff;transition:0.35s ease-in-out}.wp-block-uagb-image--layout-overlay__inner.top-left,.wp-block-uagb-image--layout-overlay__inner.top-center,.wp-block-uagb-image--layout-overlay__inner.top-right{justify-content:flex-start}.wp-block-uagb-image--layout-overlay__inner.bottom-left,.wp-block-uagb-image--layout-overlay__inner.bottom-center,.wp-block-uagb-image--layout-overlay__inner.bottom-right{justify-content:flex-end}.wp-block-uagb-image--layout-overlay__inner.top-left,.wp-block-uagb-image--layout-overlay__inner.center-left,.wp-block-uagb-image--layout-overlay__inner.bottom-left{align-items:flex-start}.wp-block-uagb-image--layout-overlay__inner.top-right,.wp-block-uagb-image--layout-overlay__inner.center-right,.wp-block-uagb-image--layout-overlay__inner.bottom-right{align-items:flex-end}.wp-block-uagb-image--layout-overlay__inner .uagb-image-heading{color:#fff;transition:transform 0.35s, opacity 0.35s ease-in-out;transform:translate3d(0, 24px, 0);margin:0;line-height:1em}.wp-block-uagb-image--layout-overlay__inner .uagb-image-separator{width:30%;border-top-width:2px;border-top-color:#fff;border-top-style:solid;margin-bottom:10px;opacity:0;transition:transform 0.4s, opacity 0.4s ease-in-out;transform:translate3d(0, 30px, 0)}.wp-block-uagb-image--layout-overlay__inner .uagb-image-caption{opacity:0;overflow:visible;color:#fff;transition:transform 0.45s, opacity 0.45s ease-in-out;transform:translate3d(0, 35px, 0)}.wp-block-uagb-image--layout-overlay__inner:hover .uagb-image-heading,.wp-block-uagb-image--layout-overlay__inner:hover .uagb-image-separator,.wp-block-uagb-image--layout-overlay__inner:hover .uagb-image-caption{opacity:1;transform:translate3d(0, 0, 0)}.wp-block-uagb-image--effect-zoomin .wp-block-uagb-image__figure img,.wp-block-uagb-image--effect-zoomin .wp-block-uagb-image__figure .wp-block-uagb-image--layout-overlay__color-wrapper{transform:scale(1);transition:transform 0.35s ease-in-out}.wp-block-uagb-image--effect-zoomin .wp-block-uagb-image__figure:hover img,.wp-block-uagb-image--effect-zoomin .wp-block-uagb-image__figure:hover .wp-block-uagb-image--layout-overlay__color-wrapper{transform:scale(1.05)}.wp-block-uagb-image--effect-slide .wp-block-uagb-image__figure img,.wp-block-uagb-image--effect-slide .wp-block-uagb-image__figure .wp-block-uagb-image--layout-overlay__color-wrapper{width:calc(100% + 40px) !important;max-width:none !important;transform:translate3d(-40px, 0, 0);transition:transform 0.35s ease-in-out}.wp-block-uagb-image--effect-slide .wp-block-uagb-image__figure:hover img,.wp-block-uagb-image--effect-slide .wp-block-uagb-image__figure:hover .wp-block-uagb-image--layout-overlay__color-wrapper{transform:translate3d(0, 0, 0)}.wp-block-uagb-image--effect-grayscale img{filter:grayscale(0%);transition:0.35s ease-in-out}.wp-block-uagb-image--effect-grayscale:hover img{filter:grayscale(100%)}.wp-block-uagb-image--effect-blur img{filter:blur(0);transition:0.35s ease-in-out}.wp-block-uagb-image--effect-blur:hover img{filter:blur(3px)}\n.uagb-block-e6f939b3.wp-block-uagb-image--layout-default figure img{box-shadow: 0px 0px 0 #00000070;}.uagb-block-e6f939b3.wp-block-uagb-image .wp-block-uagb-image__figure figcaption{font-style: normal;align-self: center;}.uagb-block-e6f939b3.wp-block-uagb-image--layout-overlay figure img{box-shadow: 0px 0px 0 #00000070;}.uagb-block-e6f939b3.wp-block-uagb-image--layout-overlay .wp-block-uagb-image--layout-overlay__color-wrapper{opacity: 0.2;}.uagb-block-e6f939b3.wp-block-uagb-image--layout-overlay .wp-block-uagb-image--layout-overlay__inner{left: 15px;right: 15px;top: 15px;bottom: 15px;}.uagb-block-e6f939b3.wp-block-uagb-image--layout-overlay .wp-block-uagb-image--layout-overlay__inner .uagb-image-heading{font-style: normal;color: #fff;opacity: 1;}.uagb-block-e6f939b3.wp-block-uagb-image--layout-overlay .wp-block-uagb-image--layout-overlay__inner .uagb-image-heading a{color: #fff;}.uagb-block-e6f939b3.wp-block-uagb-image--layout-overlay .wp-block-uagb-image--layout-overlay__inner .uagb-image-caption{opacity: 0;}.uagb-block-e6f939b3.wp-block-uagb-image--layout-overlay .wp-block-uagb-image__figure:hover .wp-block-uagb-image--layout-overlay__color-wrapper{opacity: 1;}.uagb-block-e6f939b3.wp-block-uagb-image .wp-block-uagb-image--layout-overlay__inner .uagb-image-separator{width: 30%;border-top-width: 2px;border-top-color: #fff;opacity: 0;}.uagb-block-e6f939b3.wp-block-uagb-image .wp-block-uagb-image__figure img{width: px;height: auto;}.uagb-block-e6f939b3.wp-block-uagb-image .wp-block-uagb-image__figure:hover .wp-block-uagb-image--layout-overlay__inner .uagb-image-caption{opacity: 1;}.uagb-block-e6f939b3.wp-block-uagb-image .wp-block-uagb-image__figure:hover .wp-block-uagb-image--layout-overlay__inner .uagb-image-separator{opacity: 1;}.uagb-block-e6f939b3.wp-block-uagb-image--layout-default figure:hover img{box-shadow: 0px 0px 0 #00000070;}.uagb-block-e6f939b3.wp-block-uagb-image--layout-overlay figure:hover img{box-shadow: 0px 0px 0 #00000070;}@media only screen and (max-width: 976px) {.uagb-block-e6f939b3.wp-block-uagb-image .wp-block-uagb-image__figure img{width: px;height: auto;}}@media only screen and (max-width: 767px) {.uagb-block-e6f939b3.wp-block-uagb-image .wp-block-uagb-image__figure img{width: px;height: auto;}}\";s:2:\"js\";s:0:\"\";s:18:\"current_block_list\";a:13:{i:0;s:14:\"core\/paragraph\";i:1;s:11:\"core\/search\";i:2;s:10:\"core\/group\";i:3;s:12:\"core\/heading\";i:4;s:17:\"core\/latest-posts\";i:5;s:20:\"core\/latest-comments\";i:6;s:13:\"core\/archives\";i:7;s:15:\"core\/categories\";i:8;s:10:\"uagb\/image\";i:9;s:11:\"core\/spacer\";i:10;s:30:\"woocommerce\/product-categories\";i:11;s:10:\"core\/image\";i:12;s:14:\"core\/shortcode\";}s:8:\"uag_flag\";b:1;s:11:\"uag_version\";s:10:\"1776442217\";s:6:\"gfonts\";a:0:{}s:10:\"gfonts_url\";s:0:\"\";s:12:\"gfonts_files\";a:0:{}s:14:\"uag_faq_layout\";b:0;}"]},"uagb_featured_image_src":{"full":false,"thumbnail":false,"medium":false,"medium_large":false,"large":false,"1536x1536":false,"2048x2048":false,"trp-custom-language-flag":false,"woocommerce_thumbnail":false,"woocommerce_single":false,"woocommerce_gallery_thumbnail":false},"uagb_author_info":{"display_name":"admin","author_link":"https:\/\/www.oleaia.com\/ee\/author\/admin2721\/"},"uagb_comment_info":0,"uagb_excerpt":"These General Terms and Conditions of Use (hereinafter the \u201cGeneral Terms\u201d) govern the contractual relationship between Oleaia LLC, a limited liability company duly registered in the State of Delaware under registration number 10141920, with its registered office at 213 N Market Street #1042, Wilmington, DE 19801, United States of America (hereinafter referred to as the&hellip;","_links":{"self":[{"href":"https:\/\/www.oleaia.com\/ee\/wp-json\/wp\/v2\/pages\/22839","targetHints":{"allow":["GET"]}}],"collection":[{"href":"https:\/\/www.oleaia.com\/ee\/wp-json\/wp\/v2\/pages"}],"about":[{"href":"https:\/\/www.oleaia.com\/ee\/wp-json\/wp\/v2\/types\/page"}],"author":[{"embeddable":true,"href":"https:\/\/www.oleaia.com\/ee\/wp-json\/wp\/v2\/users\/1"}],"replies":[{"embeddable":true,"href":"https:\/\/www.oleaia.com\/ee\/wp-json\/wp\/v2\/comments?post=22839"}],"version-history":[{"count":2,"href":"https:\/\/www.oleaia.com\/ee\/wp-json\/wp\/v2\/pages\/22839\/revisions"}],"predecessor-version":[{"id":22993,"href":"https:\/\/www.oleaia.com\/ee\/wp-json\/wp\/v2\/pages\/22839\/revisions\/22993"}],"wp:attachment":[{"href":"https:\/\/www.oleaia.com\/ee\/wp-json\/wp\/v2\/media?parent=22839"}],"curies":[{"name":"wp","href":"https:\/\/api.w.org\/{rel}","templated":true}]}}