{"id":3,"date":"2025-04-10T11:35:39","date_gmt":"2025-04-10T09:35:39","guid":{"rendered":"https:\/\/www.stoprodent.com\/?page_id=3"},"modified":"2025-07-18T16:34:45","modified_gmt":"2025-07-18T14:34:45","slug":"privacy-policy","status":"publish","type":"page","link":"https:\/\/www.oleaia.com\/ee\/privacy-policy\/","title":{"rendered":"Privaatsuspoliitika"},"content":{"rendered":"<p><strong>Artikkel 1. Veebisaidi tutvustamine<\/strong><\/p>\n\n\n\n<p>Veebilehe kasutajatele on t\u00e4psustatud erinevate sidusr\u00fchmade identiteet selle elluviimise ja j\u00e4relmeetmete kontekstis :<\/p>\n\n\n\n<p>Omanik : Oleaia LLC<br>Aadress : 213 N Market Street #1042, Wilmington, DE 19801, USA<br>Aktsiakapital: 100 000 USD<br>\u00d5iguslik vorm : Aktsiaselts<br>Faili number : 10141920<\/p>\n\n\n\n<p>Peremees : OVH SAS, 2 rue Kellermann, Roubaix, 59100, Prantsusmaa.<\/p>\n\n\n\n<p><strong>Artikkel 2. \u00dcldised kasutustingimused<\/strong>&nbsp;<strong>saidi ja pakutavate teenuste kohta<\/strong><\/p>\n\n\n\n<p>Veebisaidi kasutamine eeldab allpool kirjeldatud \u00fcldiste kasutustingimuste t\u00e4ielikku aktsepteerimist. Neid kasutustingimusi v\u00f5idakse igal ajal muuta v\u00f5i t\u00e4iendada, mist\u00f5ttu palutakse veebilehe kasutajatel nendega regulaarselt tutvuda.<\/p>\n\n\n\n<p>See sait on kasutajatele tavaliselt igal ajal k\u00e4ttesaadav. Tehnilise hoolduse t\u00f5ttu v\u00f5ib Oleaia O\u00dc siiski otsustada, et katkestus on tingitud tehnilistest hooldust\u00f6\u00f6dest, ning p\u00fc\u00fcab siis kasutajatele enne sekkumise kuup\u00e4evi ja kellaaegu sellest teatada.<\/p>\n\n\n\n<p>Veebilehte ajakohastab regulaarselt Oleaia LLC . Samamoodi v\u00f5ib \u00f5iguslikke teateid igal ajal muuta: need on siiski kasutajale kohustuslikuks, keda kutsutakse \u00fcles tutvuma nendega v\u00f5imalikult sageli, et nendega tutvuda.<\/p>\n\n\n\n<p><strong>Artikkel 3. Pakutavate teenuste kirjeldus<\/strong><\/p>\n\n\n\n<p>Veebisaidi eesm\u00e4rk on anda teavet kogu ettev\u00f5tte tegevuse kohta.<\/p>\n\n\n\n<p>Oleaia LLC p\u00fc\u00fcab anda veebilehel v\u00f5imalikult t\u00e4pset teavet. Siiski ei saa ta vastutada puuduste, ebat\u00e4psuste ja puuduj\u00e4\u00e4kide eest ajakohastamisel, olgu need siis enda v\u00f5i seda teavet edastavate kolmandate osapoolte poolt.<\/p>\n\n\n\n<p>Kogu veebisaidil esitatud teave on esitatud ainult teavitamise eesm\u00e4rgil ja v\u00f5ib muutuda. Lisaks sellele ei ole veebilehel esitatud teave ammendav. Need on esitatud tingimusel, et p\u00e4rast nende \u00fclespanekut on tehtud muudatusi.<\/p>\n\n\n\n<p><strong>Artikkel 4. Tehniliste andmete lepingulised piirangud<\/strong><\/p>\n\n\n\n<p>Sait kasutab JavaScript-tehnoloogiat.<\/p>\n\n\n\n<p>Veebileht ei vastuta veebilehe kasutamisega seotud materiaalse kahju eest. Lisaks n\u00f5ustub veebilehe kasutaja kasutama veebilehte uuemaid seadmeid, mis ei sisalda viiruseid ja millel on uuendatud viimase p\u00f5lvkonna brauser.<\/p>\n\n\n\n<p><strong>Artikkel 5. Intellektuaalomand ja v\u00f5ltsingud<\/strong><\/p>\n\n\n\n<p>Oleaia O\u00dc on intellektuaalomandi \u00f5iguste omanik v\u00f5i omab kasutus\u00f5igust k\u00f5igile saidil k\u00e4ttesaadavatele elementidele, eelk\u00f5ige tekstidele, piltidele, graafikale, logole, ikoonidele, helidele, tarkvarale.<\/p>\n\n\n\n<p>Veebisaidi k\u00f5igi v\u00f5i osade elementide reprodutseerimine, esitamine, muutmine, avaldamine, kohandamine, olenemata kasutatud vahenditest v\u00f5i protsessist, on keelatud, v\u00e4lja arvatud juhul, kui selleks on saadud eelnev kirjalik luba : Oleaia LLC .<\/p>\n\n\n\n<p>Veebisaidi v\u00f5i selle mis tahes elementide loata kasutamist k\u00e4sitatakse rikkumisena ja selle eest v\u00f5etakse vastutusele.<\/p>\n\n\n\n<p><strong>Artikkel 6. Vastutuse piiramine<\/strong><\/p>\n\n\n\n<p>Oleaia O\u00dc ei vastuta otseste ja kaudsete kahjude eest, mis on p\u00f5hjustatud kasutaja seadmetele veebisaidile juurdep\u00e4\u00e4sul ja mis tulenevad kas punktis 4 osutatud spetsifikatsioonidele mittevastavate seadmete kasutamisest, vigu v\u00f5i \u00fchildamatust.<\/p>\n\n\n\n<p>Oleaia ei vastuta ka veebilehe kasutamisest tulenevate kaudsete kahjude eest (n\u00e4iteks turu v\u00f5i v\u00f5imaluste kaotamine).<\/p>\n\n\n\n<p>Kasutajatele on k\u00e4ttesaadavad interaktiivsed ruumid (v\u00f5imalus esitada k\u00fcsimusi kontaktruumis). Oleaia LLC j\u00e4tab endale \u00f5iguse kustutada ilma eelneva etteteatamiseta igasugune sellesse ruumi postitatud sisu, mis on vastuolus m\u00fc\u00fcja asukohariigis kehtivate \u00f5igusaktidega, eelk\u00f5ige andmekaitses\u00e4tetega. Vajaduse korral j\u00e4tab Oleaia LLC endale ka \u00f5iguse seada kasutaja tsiviil- ja\/v\u00f5i kriminaalvastutusele, eelk\u00f5ige rassistliku, solvava, laimava v\u00f5i pornograafilise s\u00f5numi korral, olenemata kasutatavast kandjast ( tekst, foto jne.).<\/p>\n\n\n\n<p><strong>Artikkel 7. Isikuandmete haldamine<\/strong><\/p>\n\n\n\n<p>Veebilehe kasutamisel v\u00f5idakse koguda j\u00e4rgmisi andmeid: nende linkide URL, mille kaudu kasutaja veebilehele sisenes, kasutaja juurdep\u00e4\u00e4supartner, kasutaja Interneti-protokolli aadress (IP).<\/p>\n\n\n\n<p>Igal juhul kogub Oleaia O\u00dc ainult kasutaja isikuandmeid, mis on seotud veebilehe poolt pakutavate teatud teenuste vajadusega. Kasutaja annab selle teabe t\u00e4ies teadmises, eelk\u00f5ige siis, kui ta selle ise sisestab. Seej\u00e4rel t\u00e4psustatakse veebisaidi kasutajale kohustus v\u00f5i mitte anda seda teavet.<\/p>\n\n\n\n<p>Vastavalt andmet\u00f6\u00f6tlust, faile ja vabadusi k\u00e4sitlevatele s\u00e4tetele on igal kasutajal \u00f5igus tutvuda teda puudutavate isikuandmetega, neid parandada ja neile vastuseisu esitada, esitades selleks kirjaliku ja allkirjastatud taotluse, millele on lisatud dokumendi omaniku allkirjaga isikut t\u00f5endava dokumendi koopia, milles on m\u00e4rgitud aadress, kuhu vastus tuleb saata.<\/p>\n\n\n\n<p>Veebisaidi kasutaja isikuandmeid ei avaldata ilma kasutaja teadmata, ei vahetata, edastata, loovutata ega m\u00fc\u00fcda kolmandatele isikutele. Ainult Oleaia O\u00dc omandamise ja selle \u00f5iguste \u00fclev\u00f5tmine v\u00f5imaldaks nimetatud teabe edastamist potentsiaalsele ostjale, kes omakorda oleks seotud sama kohustusega s\u00e4ilitada ja muuta andmeid saidi kasutaja suhtes. veebi.<\/p>\n\n\n\n<p>Andmebaasid on kaitstud andmebaaside \u00f5iguskaitset k\u00e4sitlevate s\u00e4tetega.<\/p>\n\n\n\n<p><strong>Artikkel 8. H\u00fcpertekstilinkid ja k\u00fcpsised<\/strong><\/p>\n\n\n\n<p>Veebileht sisaldab mitmeid h\u00fcpertehnilisi linke teistele veebilehtedele, mis on loodud Oleaia LLC loal. Kuid Oleaia LLC ei saa kontrollida sel viisil k\u00fclastatud veebilehtede sisu ja ei v\u00f5ta seet\u00f5ttu mingit vastutust selle eest.<\/p>\n\n\n\n<p>Veebisaidi sirvimine p\u00f5hjustab t\u00f5en\u00e4oliselt k\u00fcpsiste paigaldamist kasutaja arvutisse. K\u00fcpsis on v\u00e4ike fail, mis ei v\u00f5imalda kasutajat tuvastada, kuid mis salvestab teavet, mis on seotud arvuti navigeerimisega veebilehel. Sel viisil saadud andmed on m\u00f5eldud selleks, et h\u00f5lbustada hilisemat navigeerimist veebilehel ning v\u00f5imaldada ka mitmesuguseid k\u00fclastatavuse m\u00f5\u00f5tmisi.<\/p>\n\n\n\n<p>K\u00fcpsise paigaldamisest keeldumine v\u00f5ib muuta teatud teenustele juurdep\u00e4\u00e4su v\u00f5imatuks. Kuid kasutaja saab oma arvutit konfigureerida j\u00e4rgmiselt, et keelduda k\u00fcpsiste paigaldamisest :<\/p>\n\n\n\n<p>Internet Exploreris : t\u00f6\u00f6riistade vahekaart (piktogramm hammasratta kujul \u00fcleval paremal) \/ Interneti-valikud. Kl\u00f5psake nupul Privacy ja valige Block all cookies (blokeeri k\u00f5ik k\u00fcpsised). Kinnitage Ok.<\/p>\n\n\n\n<p>Firefoxi all : kl\u00f5psake brauseri akna \u00fclaosas Firefoxi nupule, seej\u00e4rel minge vahekaardile Options. Kl\u00f5psake vahekaardil Privacy (Privaatsus). Seadistage s\u00e4ilitamisreeglid : kasutage ajaloo jaoks kohandatud seadeid. L\u00f5puks eemaldage m\u00e4rkeruut, et keelata k\u00fcpsised.<\/p>\n\n\n\n<p>Safaris : Kl\u00f5psake brauseri paremas \u00fclaosas men\u00fc\u00fc ikoonil (s\u00fcmboliseeritud hammasrattaga). Valige Settings (Seaded). Kl\u00f5psake nuppu Show advanced settings (N\u00e4ita t\u00e4iustatud seadeid). Kl\u00f5psake jaotises \"Privacy\" (Privaatsus) nupule Content settings (Sisu seaded). Jaotises \"K\u00fcpsised\" saate k\u00fcpsised blokeerida.<\/p>\n\n\n\n<p>Chrome'is : Kl\u00f5psake brauseri paremas \u00fclaosas men\u00fc\u00fc ikoonil (mida s\u00fcmboliseerivad kolm horisontaalset joont). Valige Settings (Seaded). Kl\u00f5psake nuppu Show advanced settings (N\u00e4ita t\u00e4iustatud seadeid). Kl\u00f5psake jaotises \"Privaatsus\" eelistustel. Vahekaardil \"Privaatsus\" saate blokeerida k\u00fcpsised.<strong>&nbsp;<\/strong><\/p>\n\n\n\n<p><strong>Artikkel 9. Kohaldatav \u00f5igus ja kohtualluvus<\/strong><\/p>\n\n\n\n<p>Veebisaidi kasutamisega seotud vaidluste suhtes kohaldatakse m\u00fc\u00fcja asukohariigis kehtivat \u00f5igust. Ainup\u00e4devus on antud m\u00fc\u00fcja asukohariigi p\u00e4devatele kohtutele.<\/p>\n\n\n\n<p><strong>Artikkel 10. S\u00f5nastik<\/strong>&nbsp;<\/p>\n\n\n\n<p>Kasutaja : Internetikasutaja, kes \u00fchendub, kasutades eespool nimetatud saiti.<\/p>\n\n\n\n<p>Isikuandmed : teave, mis v\u00f5imaldab mis tahes kujul, otseselt v\u00f5i kaudselt tuvastada f\u00fc\u00fcsilisi isikuid, kelle suhtes need kehtivad.<\/p>","protected":false},"excerpt":{"rendered":"<p>Article 1. Presentation of the site It is specified to users of the website the identity of the various stakeholders in the context of its realization and its follow-up : Owner : Oleaia LLCAddress : 213 N Market Street #1042, Wilmington, DE 19801, USAShare capital : USD 100,000Legal form : Limited liability companyFile number : [&hellip;]<\/p>\n","protected":false},"author":1,"featured_media":0,"parent":0,"menu_order":0,"comment_status":"closed","ping_status":"open","template":"","meta":{"_uag_custom_page_level_css":"","site-sidebar-layout":"default","site-content-layout":"","ast-site-content-layout":"default","site-content-style":"default","site-sidebar-style":"default","ast-global-header-display":"","ast-banner-title-visibility":"","ast-main-header-display":"","ast-hfb-above-header-display":"","ast-hfb-below-header-display":"","ast-hfb-mobile-header-display":"","site-post-title":"","ast-breadcrumbs-content":"","ast-featured-img":"","footer-sml-layout":"","ast-disable-related-posts":"","theme-transparent-header-meta":"","adv-header-id-meta":"","stick-header-meta":"","header-above-stick-meta":"","header-main-stick-meta":"","header-below-stick-meta":"","astra-migrate-meta-layouts":"set","ast-page-background-enabled":"default","ast-page-background-meta":{"desktop":{"background-color":"var(--ast-global-color-4)","background-image":"","background-repeat":"repeat","background-position":"center center","background-size":"auto","background-attachment":"scroll","background-type":"","background-media":"","overlay-type":"","overlay-color":"","overlay-opacity":"","overlay-gradient":""},"tablet":{"background-color":"","background-image":"","background-repeat":"repeat","background-position":"center center","background-size":"auto","background-attachment":"scroll","background-type":"","background-media":"","overlay-type":"","overlay-color":"","overlay-opacity":"","overlay-gradient":""},"mobile":{"background-color":"","background-image":"","background-repeat":"repeat","background-position":"center center","background-size":"auto","background-attachment":"scroll","background-type":"","background-media":"","overlay-type":"","overlay-color":"","overlay-opacity":"","overlay-gradient":""}},"ast-content-background-meta":{"desktop":{"background-color":"var(--ast-global-color-5)","background-image":"","background-repeat":"repeat","background-position":"center center","background-size":"auto","background-attachment":"scroll","background-type":"","background-media":"","overlay-type":"","overlay-color":"","overlay-opacity":"","overlay-gradient":""},"tablet":{"background-color":"var(--ast-global-color-5)","background-image":"","background-repeat":"repeat","background-position":"center center","background-size":"auto","background-attachment":"scroll","background-type":"","background-media":"","overlay-type":"","overlay-color":"","overlay-opacity":"","overlay-gradient":""},"mobile":{"background-color":"var(--ast-global-color-5)","background-image":"","background-repeat":"repeat","background-position":"center center","background-size":"auto","background-attachment":"scroll","background-type":"","background-media":"","overlay-type":"","overlay-color":"","overlay-opacity":"","overlay-gradient":""}},"footnotes":""},"class_list":["post-3","page","type-page","status-publish","hentry"],"spectra_custom_meta":{"_wp_page_template":["default"],"_wpml_word_count":["1292"],"_edit_lock":["1752849289:1"],"_wpml_location_migration_done":["1"],"_edit_last":["1"],"_wpml_media_duplicate":["1"],"_wpml_media_featured":["1"],"rank_math_news_sitemap_robots":["index"],"rank_math_robots":["a:1:{i:0;s:5:\"index\";}"],"_uag_custom_page_level_css":[""],"site-sidebar-layout":["default"],"site-content-layout":[""],"ast-site-content-layout":["default"],"site-content-style":["default"],"site-sidebar-style":["default"],"ast-global-header-display":[""],"ast-banner-title-visibility":[""],"ast-main-header-display":[""],"ast-hfb-above-header-display":[""],"ast-hfb-below-header-display":[""],"ast-hfb-mobile-header-display":[""],"site-post-title":[""],"ast-breadcrumbs-content":[""],"ast-featured-img":[""],"footer-sml-layout":[""],"theme-transparent-header-meta":[""],"adv-header-id-meta":[""],"stick-header-meta":[""],"header-above-stick-meta":[""],"header-main-stick-meta":[""],"header-below-stick-meta":[""],"astra-migrate-meta-layouts":["set"],"ast-page-background-enabled":["default"],"ast-page-background-meta":["a:3:{s:7:\"desktop\";a:12:{s:16:\"background-color\";s:25:\"var(--ast-global-color-4)\";s:16:\"background-image\";s:0:\"\";s:17:\"background-repeat\";s:6:\"repeat\";s:19:\"background-position\";s:13:\"center center\";s:15:\"background-size\";s:4:\"auto\";s:21:\"background-attachment\";s:6:\"scroll\";s:15:\"background-type\";s:0:\"\";s:16:\"background-media\";s:0:\"\";s:12:\"overlay-type\";s:0:\"\";s:13:\"overlay-color\";s:0:\"\";s:15:\"overlay-opacity\";s:0:\"\";s:16:\"overlay-gradient\";s:0:\"\";}s:6:\"tablet\";a:12:{s:16:\"background-color\";s:0:\"\";s:16:\"background-image\";s:0:\"\";s:17:\"background-repeat\";s:6:\"repeat\";s:19:\"background-position\";s:13:\"center center\";s:15:\"background-size\";s:4:\"auto\";s:21:\"background-attachment\";s:6:\"scroll\";s:15:\"background-type\";s:0:\"\";s:16:\"background-media\";s:0:\"\";s:12:\"overlay-type\";s:0:\"\";s:13:\"overlay-color\";s:0:\"\";s:15:\"overlay-opacity\";s:0:\"\";s:16:\"overlay-gradient\";s:0:\"\";}s:6:\"mobile\";a:12:{s:16:\"background-color\";s:0:\"\";s:16:\"background-image\";s:0:\"\";s:17:\"background-repeat\";s:6:\"repeat\";s:19:\"background-position\";s:13:\"center center\";s:15:\"background-size\";s:4:\"auto\";s:21:\"background-attachment\";s:6:\"scroll\";s:15:\"background-type\";s:0:\"\";s:16:\"background-media\";s:0:\"\";s:12:\"overlay-type\";s:0:\"\";s:13:\"overlay-color\";s:0:\"\";s:15:\"overlay-opacity\";s:0:\"\";s:16:\"overlay-gradient\";s:0:\"\";}}"],"ast-content-background-meta":["a:3:{s:7:\"desktop\";a:12:{s:16:\"background-color\";s:25:\"var(--ast-global-color-5)\";s:16:\"background-image\";s:0:\"\";s:17:\"background-repeat\";s:6:\"repeat\";s:19:\"background-position\";s:13:\"center center\";s:15:\"background-size\";s:4:\"auto\";s:21:\"background-attachment\";s:6:\"scroll\";s:15:\"background-type\";s:0:\"\";s:16:\"background-media\";s:0:\"\";s:12:\"overlay-type\";s:0:\"\";s:13:\"overlay-color\";s:0:\"\";s:15:\"overlay-opacity\";s:0:\"\";s:16:\"overlay-gradient\";s:0:\"\";}s:6:\"tablet\";a:12:{s:16:\"background-color\";s:25:\"var(--ast-global-color-5)\";s:16:\"background-image\";s:0:\"\";s:17:\"background-repeat\";s:6:\"repeat\";s:19:\"background-position\";s:13:\"center center\";s:15:\"background-size\";s:4:\"auto\";s:21:\"background-attachment\";s:6:\"scroll\";s:15:\"background-type\";s:0:\"\";s:16:\"background-media\";s:0:\"\";s:12:\"overlay-type\";s:0:\"\";s:13:\"overlay-color\";s:0:\"\";s:15:\"overlay-opacity\";s:0:\"\";s:16:\"overlay-gradient\";s:0:\"\";}s:6:\"mobile\";a:12:{s:16:\"background-color\";s:25:\"var(--ast-global-color-5)\";s:16:\"background-image\";s:0:\"\";s:17:\"background-repeat\";s:6:\"repeat\";s:19:\"background-position\";s:13:\"center center\";s:15:\"background-size\";s:4:\"auto\";s:21:\"background-attachment\";s:6:\"scroll\";s:15:\"background-type\";s:0:\"\";s:16:\"background-media\";s:0:\"\";s:12:\"overlay-type\";s:0:\"\";s:13:\"overlay-color\";s:0:\"\";s:15:\"overlay-opacity\";s:0:\"\";s:16:\"overlay-gradient\";s:0:\"\";}}"],"footnotes":[""],"_elementor_edit_mode":[""],"_elementor_template_type":[""],"_elementor_data":[""],"_elementor_conditions":["a:0:{}"],"_uag_css_file_name":["uag-css-3.css"],"_uag_page_assets":["a:9:{s:3:\"css\";s:7156:\".uag-blocks-common-selector{z-index:var(--z-index-desktop) !important}@media (max-width: 976px){.uag-blocks-common-selector{z-index:var(--z-index-tablet) !important}}@media (max-width: 767px){.uag-blocks-common-selector{z-index:var(--z-index-mobile) !important}}\n.wp-block-uagb-image{display:flex}.wp-block-uagb-image__figure{position:relative;display:flex;flex-direction:column;max-width:100%;height:auto;margin:0}.wp-block-uagb-image__figure img{height:auto;display:flex;max-width:100%;transition:box-shadow 0.2s ease}.wp-block-uagb-image__figure>a{display:inline-block}.wp-block-uagb-image__figure figcaption{text-align:center;margin-top:0.5em;margin-bottom:1em}.wp-block-uagb-image .components-placeholder.block-editor-media-placeholder .components-placeholder__instructions{align-self:center}.wp-block-uagb-image--align-left{text-align:left}.wp-block-uagb-image--align-right{text-align:right}.wp-block-uagb-image--align-center{text-align:center}.wp-block-uagb-image--align-full .wp-block-uagb-image__figure{margin-left:calc(50% - 50vw);margin-right:calc(50% - 50vw);max-width:100vw;width:100vw;height:auto}.wp-block-uagb-image--align-full .wp-block-uagb-image__figure img{height:auto;width:100% !important}.wp-block-uagb-image--align-wide .wp-block-uagb-image__figure img{height:auto;width:100%}.wp-block-uagb-image--layout-overlay__color-wrapper{position:absolute;left:0;top:0;right:0;bottom:0;opacity:0.2;background:rgba(0,0,0,0.5);transition:opacity 0.35s ease-in-out}.wp-block-uagb-image--layout-overlay-link{position:absolute;left:0;right:0;bottom:0;top:0}.wp-block-uagb-image--layout-overlay .wp-block-uagb-image__figure:hover .wp-block-uagb-image--layout-overlay__color-wrapper{opacity:1}.wp-block-uagb-image--layout-overlay__inner{position:absolute;left:15px;right:15px;bottom:15px;top:15px;display:flex;align-items:center;justify-content:center;flex-direction:column;border-color:#fff;transition:0.35s ease-in-out}.wp-block-uagb-image--layout-overlay__inner.top-left,.wp-block-uagb-image--layout-overlay__inner.top-center,.wp-block-uagb-image--layout-overlay__inner.top-right{justify-content:flex-start}.wp-block-uagb-image--layout-overlay__inner.bottom-left,.wp-block-uagb-image--layout-overlay__inner.bottom-center,.wp-block-uagb-image--layout-overlay__inner.bottom-right{justify-content:flex-end}.wp-block-uagb-image--layout-overlay__inner.top-left,.wp-block-uagb-image--layout-overlay__inner.center-left,.wp-block-uagb-image--layout-overlay__inner.bottom-left{align-items:flex-start}.wp-block-uagb-image--layout-overlay__inner.top-right,.wp-block-uagb-image--layout-overlay__inner.center-right,.wp-block-uagb-image--layout-overlay__inner.bottom-right{align-items:flex-end}.wp-block-uagb-image--layout-overlay__inner .uagb-image-heading{color:#fff;transition:transform 0.35s, opacity 0.35s ease-in-out;transform:translate3d(0, 24px, 0);margin:0;line-height:1em}.wp-block-uagb-image--layout-overlay__inner .uagb-image-separator{width:30%;border-top-width:2px;border-top-color:#fff;border-top-style:solid;margin-bottom:10px;opacity:0;transition:transform 0.4s, opacity 0.4s ease-in-out;transform:translate3d(0, 30px, 0)}.wp-block-uagb-image--layout-overlay__inner .uagb-image-caption{opacity:0;overflow:visible;color:#fff;transition:transform 0.45s, opacity 0.45s ease-in-out;transform:translate3d(0, 35px, 0)}.wp-block-uagb-image--layout-overlay__inner:hover .uagb-image-heading,.wp-block-uagb-image--layout-overlay__inner:hover .uagb-image-separator,.wp-block-uagb-image--layout-overlay__inner:hover .uagb-image-caption{opacity:1;transform:translate3d(0, 0, 0)}.wp-block-uagb-image--effect-zoomin .wp-block-uagb-image__figure img,.wp-block-uagb-image--effect-zoomin .wp-block-uagb-image__figure .wp-block-uagb-image--layout-overlay__color-wrapper{transform:scale(1);transition:transform 0.35s ease-in-out}.wp-block-uagb-image--effect-zoomin .wp-block-uagb-image__figure:hover img,.wp-block-uagb-image--effect-zoomin .wp-block-uagb-image__figure:hover .wp-block-uagb-image--layout-overlay__color-wrapper{transform:scale(1.05)}.wp-block-uagb-image--effect-slide .wp-block-uagb-image__figure img,.wp-block-uagb-image--effect-slide .wp-block-uagb-image__figure .wp-block-uagb-image--layout-overlay__color-wrapper{width:calc(100% + 40px) !important;max-width:none !important;transform:translate3d(-40px, 0, 0);transition:transform 0.35s ease-in-out}.wp-block-uagb-image--effect-slide .wp-block-uagb-image__figure:hover img,.wp-block-uagb-image--effect-slide .wp-block-uagb-image__figure:hover .wp-block-uagb-image--layout-overlay__color-wrapper{transform:translate3d(0, 0, 0)}.wp-block-uagb-image--effect-grayscale img{filter:grayscale(0%);transition:0.35s ease-in-out}.wp-block-uagb-image--effect-grayscale:hover img{filter:grayscale(100%)}.wp-block-uagb-image--effect-blur img{filter:blur(0);transition:0.35s ease-in-out}.wp-block-uagb-image--effect-blur:hover img{filter:blur(3px)}\n.uagb-block-e6f939b3.wp-block-uagb-image--layout-default figure img{box-shadow: 0px 0px 0 #00000070;}.uagb-block-e6f939b3.wp-block-uagb-image .wp-block-uagb-image__figure figcaption{font-style: normal;align-self: center;}.uagb-block-e6f939b3.wp-block-uagb-image--layout-overlay figure img{box-shadow: 0px 0px 0 #00000070;}.uagb-block-e6f939b3.wp-block-uagb-image--layout-overlay .wp-block-uagb-image--layout-overlay__color-wrapper{opacity: 0.2;}.uagb-block-e6f939b3.wp-block-uagb-image--layout-overlay .wp-block-uagb-image--layout-overlay__inner{left: 15px;right: 15px;top: 15px;bottom: 15px;}.uagb-block-e6f939b3.wp-block-uagb-image--layout-overlay .wp-block-uagb-image--layout-overlay__inner .uagb-image-heading{font-style: normal;color: #fff;opacity: 1;}.uagb-block-e6f939b3.wp-block-uagb-image--layout-overlay .wp-block-uagb-image--layout-overlay__inner .uagb-image-heading a{color: #fff;}.uagb-block-e6f939b3.wp-block-uagb-image--layout-overlay .wp-block-uagb-image--layout-overlay__inner .uagb-image-caption{opacity: 0;}.uagb-block-e6f939b3.wp-block-uagb-image--layout-overlay .wp-block-uagb-image__figure:hover .wp-block-uagb-image--layout-overlay__color-wrapper{opacity: 1;}.uagb-block-e6f939b3.wp-block-uagb-image .wp-block-uagb-image--layout-overlay__inner .uagb-image-separator{width: 30%;border-top-width: 2px;border-top-color: #fff;opacity: 0;}.uagb-block-e6f939b3.wp-block-uagb-image .wp-block-uagb-image__figure img{width: px;height: auto;}.uagb-block-e6f939b3.wp-block-uagb-image .wp-block-uagb-image__figure:hover .wp-block-uagb-image--layout-overlay__inner .uagb-image-caption{opacity: 1;}.uagb-block-e6f939b3.wp-block-uagb-image .wp-block-uagb-image__figure:hover .wp-block-uagb-image--layout-overlay__inner .uagb-image-separator{opacity: 1;}.uagb-block-e6f939b3.wp-block-uagb-image--layout-default figure:hover img{box-shadow: 0px 0px 0 #00000070;}.uagb-block-e6f939b3.wp-block-uagb-image--layout-overlay figure:hover img{box-shadow: 0px 0px 0 #00000070;}@media only screen and (max-width: 976px) {.uagb-block-e6f939b3.wp-block-uagb-image .wp-block-uagb-image__figure img{width: px;height: auto;}}@media only screen and (max-width: 767px) {.uagb-block-e6f939b3.wp-block-uagb-image .wp-block-uagb-image__figure img{width: px;height: auto;}}\";s:2:\"js\";s:0:\"\";s:18:\"current_block_list\";a:13:{i:0;s:14:\"core\/paragraph\";i:1;s:11:\"core\/search\";i:2;s:10:\"core\/group\";i:3;s:12:\"core\/heading\";i:4;s:17:\"core\/latest-posts\";i:5;s:20:\"core\/latest-comments\";i:6;s:13:\"core\/archives\";i:7;s:15:\"core\/categories\";i:8;s:10:\"uagb\/image\";i:9;s:11:\"core\/spacer\";i:10;s:30:\"woocommerce\/product-categories\";i:11;s:10:\"core\/image\";i:12;s:14:\"core\/shortcode\";}s:8:\"uag_flag\";b:1;s:11:\"uag_version\";s:10:\"1776467417\";s:6:\"gfonts\";a:0:{}s:10:\"gfonts_url\";s:0:\"\";s:12:\"gfonts_files\";a:0:{}s:14:\"uag_faq_layout\";b:0;}"]},"uagb_featured_image_src":{"full":false,"thumbnail":false,"medium":false,"medium_large":false,"large":false,"1536x1536":false,"2048x2048":false,"trp-custom-language-flag":false,"woocommerce_thumbnail":false,"woocommerce_single":false,"woocommerce_gallery_thumbnail":false},"uagb_author_info":{"display_name":"admin","author_link":"https:\/\/www.oleaia.com\/ee\/author\/admin2721\/"},"uagb_comment_info":0,"uagb_excerpt":"Article 1. Presentation of the site It is specified to users of the website the identity of the various stakeholders in the context of its realization and its follow-up : Owner : Oleaia LLCAddress : 213 N Market Street #1042, Wilmington, DE 19801, USAShare capital : USD 100,000Legal form : Limited liability companyFile number :&hellip;","_links":{"self":[{"href":"https:\/\/www.oleaia.com\/ee\/wp-json\/wp\/v2\/pages\/3","targetHints":{"allow":["GET"]}}],"collection":[{"href":"https:\/\/www.oleaia.com\/ee\/wp-json\/wp\/v2\/pages"}],"about":[{"href":"https:\/\/www.oleaia.com\/ee\/wp-json\/wp\/v2\/types\/page"}],"author":[{"embeddable":true,"href":"https:\/\/www.oleaia.com\/ee\/wp-json\/wp\/v2\/users\/1"}],"replies":[{"embeddable":true,"href":"https:\/\/www.oleaia.com\/ee\/wp-json\/wp\/v2\/comments?post=3"}],"version-history":[{"count":4,"href":"https:\/\/www.oleaia.com\/ee\/wp-json\/wp\/v2\/pages\/3\/revisions"}],"predecessor-version":[{"id":23021,"href":"https:\/\/www.oleaia.com\/ee\/wp-json\/wp\/v2\/pages\/3\/revisions\/23021"}],"wp:attachment":[{"href":"https:\/\/www.oleaia.com\/ee\/wp-json\/wp\/v2\/media?parent=3"}],"curies":[{"name":"wp","href":"https:\/\/api.w.org\/{rel}","templated":true}]}}