{"id":23080,"date":"2025-07-25T16:10:46","date_gmt":"2025-07-25T14:10:46","guid":{"rendered":"https:\/\/www.oleaia.com\/?post_type=product&#038;p=23080"},"modified":"2026-03-02T18:50:33","modified_gmt":"2026-03-02T17:50:33","slug":"carrot-oil","status":"publish","type":"product","link":"https:\/\/www.oleaia.com\/ee\/products\/carrot-oil\/","title":{"rendered":"Porgandi\u00f5li - 1 liiter"},"content":{"rendered":"<p><strong><img decoding=\"async\" style=\"margin-right: 12px;\" src=\"https:\/\/www.oleaia.com\/wp-content\/uploads\/2026\/03\/Check.svg\" alt=\"\" width=\"18\" height=\"15\" \/>V\u00f5rratu t\u00f5husus naha s\u00e4ra ja eluj\u00f5ulisuse suurendamiseks.<\/strong> Porgandi\u00f5li on k\u00f5ige t\u00f5husam looduslik lahendus s\u00e4rava jume edendamiseks, naha n\u00e4htava uuenemise toetamiseks ja \u00fcldise eluj\u00f5u suurendamiseks. Traditsiooniliselt hinnatud looduslikult esinevate antioks\u00fcdantide ja toitvate \u00fchendite t\u00f5ttu aitab see parandada eba\u00fchtlase tooni v\u00e4limust, t\u00e4psustada tekstuuri ja aitab j\u00e4rjepideval kasutamisel kaasa tervema ja s\u00e4ravama v\u00e4limuse saavutamisele.<\/p>\n<p><strong><img decoding=\"async\" style=\"margin-right: 12px;\" src=\"https:\/\/www.oleaia.com\/wp-content\/uploads\/2026\/03\/Check.svg\" alt=\"\" width=\"18\" height=\"15\" \/>Odavaim saadaolev k\u00f5rgekvaliteediline porgandi\u00f5li.<\/strong> Oleme turul k\u00f5ige odavamad, s\u00e4ilitades samal ajal ranged kvaliteedistandardid, tagades erakordse hinna ja kvaliteedi, ilma et oleks vaja teha kompromisse. Selline taskukohasus muudab porgandi\u00f5li k\u00e4ttesaadavaks igap\u00e4evaseks nahahoolduseks, kehahoolduseks ja juuksehoolduseks.<\/p>\n<p><strong><img decoding=\"async\" style=\"margin-right: 12px;\" src=\"https:\/\/www.oleaia.com\/wp-content\/uploads\/2026\/03\/Check.svg\" alt=\"\" width=\"18\" height=\"15\" \/>Kiire ja usaldusv\u00e4\u00e4rne 24-tunnine tarne.<\/strong> Pakume alati 24-tunnist tarnet, mis tagab, et porgandi\u00f5li j\u00f5uab kohale kiiresti ja t\u00f5husalt. Kiire tarne tagab katkematu j\u00e4rjepidevuse ilu- ja terviserituaalides.<\/p>\n<p><strong><img decoding=\"async\" style=\"margin-right: 12px;\" src=\"https:\/\/www.oleaia.com\/wp-content\/uploads\/2026\/03\/Check.svg\" alt=\"\" width=\"18\" height=\"15\" \/>Raha tagasi garantii t\u00e4ieliku kindlustunde saamiseks.<\/strong> Pakume raha tagasi garantiid. Kui klient ei ole rahul, maksame raha tagasi. See l\u00e4bipaistev kohustus peegeldab usaldust toote kvaliteeti ja pakub t\u00e4iesti riskivaba ostukogemust.<\/p>\n<p><strong><img decoding=\"async\" style=\"margin-right: 12px;\" src=\"https:\/\/www.oleaia.com\/wp-content\/uploads\/2026\/03\/Check.svg\" alt=\"\" width=\"18\" height=\"15\" \/>T\u00e4ielikult orgaaniline autentne botaaniline iluhooldus.<\/strong> Meie porgandi\u00f5li on t\u00e4ielikult mahep\u00f5llumajanduslik, toodetud keskkonnavastutust ja taimede terviklikkust hoolikalt austades. See kohustus tagab vastavuse puhta ilu standarditele ja holistilise enesehoolduse tavadele.<\/p>\n<p><strong><img decoding=\"async\" style=\"margin-right: 12px;\" src=\"https:\/\/www.oleaia.com\/wp-content\/uploads\/2026\/03\/Check.svg\" alt=\"\" width=\"18\" height=\"15\" \/>Toetab heledama ja \u00fchtlasema jume tekkimist.<\/strong> Porgandi\u00f5li aitab edendada tasakaalustatud nahatooni ja aitab kaasa v\u00e4rskendatud, s\u00e4rava v\u00e4limuse saavutamisele, eriti kui nahk on tuhm v\u00f5i v\u00e4sinud v\u00e4limusega.<\/p>\n<p><strong><img decoding=\"async\" style=\"margin-right: 12px;\" src=\"https:\/\/www.oleaia.com\/wp-content\/uploads\/2026\/03\/Check.svg\" alt=\"\" width=\"18\" height=\"15\" \/>Soodustab elastsuse paranemist ja siledamat tekstuuri.<\/strong> Regulaarsel kasutamisel toetab porgandi\u00f5li naha tugevamat v\u00e4ljan\u00e4gemist ja suurendab selle elastsust, aidates v\u00e4hendada peeneid jooni ja kuivust.<\/p>\n<p><strong><img decoding=\"async\" style=\"margin-right: 12px;\" src=\"https:\/\/www.oleaia.com\/wp-content\/uploads\/2026\/03\/Check.svg\" alt=\"\" width=\"18\" height=\"15\" \/>Soodustab niisutamist ja pikaajalist mugavust.<\/strong> Selle toitev profiil aitab s\u00e4ilitada niiskustasakaalu ja kaitsta nahabarj\u00e4\u00e4ri, j\u00e4ttes naha pehmeks ja mugavaks kogu p\u00e4evaks.<\/p>\n<p><strong><img decoding=\"async\" style=\"margin-right: 12px;\" src=\"https:\/\/www.oleaia.com\/wp-content\/uploads\/2026\/03\/Check.svg\" alt=\"\" width=\"18\" height=\"15\" \/>Ideaalne k\u00fcpsele ja keskkonnastressiga nahale.<\/strong> Porgandi\u00f5li sobib eriti h\u00e4sti nahale, mis on kokku puutunud p\u00e4ikese, tuule v\u00f5i linnastressiga, aidates taastada eluj\u00f5udu ja vastupidavust.<\/p>\n<p><strong><img decoding=\"async\" style=\"margin-right: 12px;\" src=\"https:\/\/www.oleaia.com\/wp-content\/uploads\/2026\/03\/Check.svg\" alt=\"\" width=\"18\" height=\"15\" \/>Suurendab loomuliku p\u00e4ikesepruunistunud s\u00e4ra.<\/strong> J\u00e4rjepideva kasutamise korral aitab porgandi\u00f5li kaasa sooja ja s\u00e4rava jume tekkimisele, toetades tervisliku v\u00e4limuse ja s\u00e4rava l\u00f5pptulemuse saavutamist.<\/p>\n<p><strong><img decoding=\"async\" style=\"margin-right: 12px;\" src=\"https:\/\/www.oleaia.com\/wp-content\/uploads\/2026\/03\/Check.svg\" alt=\"\" width=\"18\" height=\"15\" \/>Toetab juuste pehmust ja peanaha toitmist.<\/strong> Porgandi\u00f5li aitab peanahale ja juustele kandmisel s\u00e4ilitada niisutust, suurendada l\u00e4iget ja soodustab siledamate, paremini hallatavate juuste tekkimist.<\/p>\n<p><strong><img decoding=\"async\" style=\"margin-right: 12px;\" src=\"https:\/\/www.oleaia.com\/wp-content\/uploads\/2026\/03\/Check.svg\" alt=\"\" width=\"18\" height=\"15\" \/>Juba rikastatud toitva \u00f5liga \u00f5rnaks pealekandmiseks ja optimaalseks mugavuseks.<\/strong> Meie porgandi\u00f5li on juba rikastatud toitva \u00f5liga, mis tagab \u00f5rna pealekandmise, parema levitatavuse, optimaalse mugavuse ja kasutusmugavuse. See l\u00e4bim\u00f5eldud koostis parandab imendumist ja tagab \u00fchtlase katvuse nahal ja juustes.<\/p>\n<h2><strong>Juhised<\/strong><\/h2>\n<ul>\n<li>Kandke 2-4 tilka puhtale, kuivale n\u00e4onahale ja masseerige \u00f5rnalt, kuni see on t\u00e4ielikult imendunud.<\/li>\n<li>Kasutage \u00fcks v\u00f5i kaks korda p\u00e4evas, s\u00f5ltuvalt naha individuaalsetest vajadustest.<\/li>\n<li>Kaela ja dekoltee hooldamiseks kanna veel 2-3 tilka ja masseeri \u00fchtlaselt.<\/li>\n<li>Soovitatav maksimaalne p\u00e4evane annus n\u00e4ohoolduseks on ligikaudu 6 tilka, mida kohandatakse vastavalt nahat\u00fc\u00fcbile.<\/li>\n<li>Kehale kandmiseks kasutage m\u00f5\u00f5dukat kogust p\u00e4rast suplemist, et s\u00e4ilitada niisutust ja suurendada s\u00e4ra.<\/li>\n<li>Juuksehoolduseks kanna 1 kuni 3 tilka niiskete v\u00f5i kuivade juuste pikkustele ja otstele, et parandada pehmust ja s\u00e4ra.<\/li>\n<li>Manustage peanahale 5-8 tilka ja laske m\u00f5juda 30-60 minutit enne pesemist.<\/li>\n<li>Enne esimest kasutamist tehke nahasobivuse hindamiseks plaastritest.<\/li>\n<li>V\u00e4ltida kokkupuudet silmade ja tundlike limaskestadega.<\/li>\n<li>Mitte kanda \u00e4rritunud v\u00f5i kahjustatud nahale.<\/li>\n<li>Kasutage j\u00e4rjepidevalt osana struktureeritud nahahooldus- v\u00f5i juuksehooldusrutiinist, et saavutada optimaalsed n\u00e4htavad tulemused.<\/li>\n<li>Hoida jahedas ja kuivas kohas, eemal otsesest p\u00e4ikesevalgusest ja hoia pudel p\u00e4rast iga kasutamist tihedalt suletud.<\/li>\n<\/ul>","protected":false},"excerpt":{"rendered":"<p>Unmatched effectiveness for enhancing skin radiance and revitalization. Carrot oil is the most effective natural solution for promoting a luminous complexion, supporting visible skin renewal, and enhancing overall vitality. Traditionally valued for its naturally occurring antioxidants and nourishing compounds, it helps improve the appearance of uneven tone, refine texture, and contribute to a healthier, more [&hellip;]<\/p>\n","protected":false},"featured_media":23946,"comment_status":"open","ping_status":"closed","template":"","meta":{"_uag_custom_page_level_css":"","site-sidebar-layout":"default","site-content-layout":"","ast-site-content-layout":"default","site-content-style":"default","site-sidebar-style":"default","ast-global-header-display":"","ast-banner-title-visibility":"","ast-main-header-display":"","ast-hfb-above-header-display":"","ast-hfb-below-header-display":"","ast-hfb-mobile-header-display":"","site-post-title":"","ast-breadcrumbs-content":"","ast-featured-img":"","footer-sml-layout":"","ast-disable-related-posts":"","theme-transparent-header-meta":"default","adv-header-id-meta":"","stick-header-meta":"","header-above-stick-meta":"","header-main-stick-meta":"","header-below-stick-meta":"","astra-migrate-meta-layouts":"set","ast-page-background-enabled":"default","ast-page-background-meta":{"desktop":{"background-color":"var(--ast-global-color-4)","background-image":"","background-repeat":"repeat","background-position":"center center","background-size":"auto","background-attachment":"scroll","background-type":"","background-media":"","overlay-type":"","overlay-color":"","overlay-opacity":"","overlay-gradient":""},"tablet":{"background-color":"","background-image":"","background-repeat":"repeat","background-position":"center center","background-size":"auto","background-attachment":"scroll","background-type":"","background-media":"","overlay-type":"","overlay-color":"","overlay-opacity":"","overlay-gradient":""},"mobile":{"background-color":"","background-image":"","background-repeat":"repeat","background-position":"center center","background-size":"auto","background-attachment":"scroll","background-type":"","background-media":"","overlay-type":"","overlay-color":"","overlay-opacity":"","overlay-gradient":""}},"ast-content-background-meta":{"desktop":{"background-color":"var(--ast-global-color-5)","background-image":"","background-repeat":"repeat","background-position":"center center","background-size":"auto","background-attachment":"scroll","background-type":"","background-media":"","overlay-type":"","overlay-color":"","overlay-opacity":"","overlay-gradient":""},"tablet":{"background-color":"var(--ast-global-color-5)","background-image":"","background-repeat":"repeat","background-position":"center center","background-size":"auto","background-attachment":"scroll","background-type":"","background-media":"","overlay-type":"","overlay-color":"","overlay-opacity":"","overlay-gradient":""},"mobile":{"background-color":"var(--ast-global-color-5)","background-image":"","background-repeat":"repeat","background-position":"center center","background-size":"auto","background-attachment":"scroll","background-type":"","background-media":"","overlay-type":"","overlay-color":"","overlay-opacity":"","overlay-gradient":""}}},"product_brand":[],"product_cat":[15],"product_tag":[],"class_list":{"0":"post-23080","1":"product","2":"type-product","3":"status-publish","4":"has-post-thumbnail","6":"product_cat-shop","7":"desktop-align-left","8":"tablet-align-left","9":"mobile-align-left","11":"first","12":"instock","13":"shipping-taxable","14":"purchasable","15":"product-type-simple"},"spectra_custom_meta":{"_edit_lock":["1772473697:1"],"_edit_last":["1"],"merchant-center-category":["6104"],"merchant-center-availability":["yes"],"_thumbnail_id":["23946"],"_wp_page_template":["default"],"_sku":["OLCARROTOIL"],"_global_unique_id":["5056773820722"],"_regular_price":["29.90"],"total_sales":["12"],"_tax_status":["taxable"],"_tax_class":[""],"_manage_stock":["no"],"_backorders":["no"],"_sold_individually":["no"],"_weight":["1.3"],"_virtual":["no"],"_downloadable":["no"],"_download_limit":["-1"],"_download_expiry":["-1"],"_stock":[null],"_stock_status":["instock"],"_wc_average_rating":["5.00"],"_wc_review_count":["39"],"_product_version":["10.5.2"],"_price":["29.90"],"site-sidebar-layout":["default"],"ast-site-content-layout":["default"],"site-content-style":["default"],"site-sidebar-style":["default"],"theme-transparent-header-meta":["default"],"_wc_rating_count":["a:1:{i:5;i:39;}"],"astra-migrate-meta-layouts":["set"],"_uag_css_file_name":["uag-css-23080.css"],"_elementor_page_assets":["a:0:{}"],"_uag_page_assets":["a:9:{s:3:\"css\";s:6893:\".wp-block-uagb-image{display:flex}.wp-block-uagb-image__figure{position:relative;display:flex;flex-direction:column;max-width:100%;height:auto;margin:0}.wp-block-uagb-image__figure img{height:auto;display:flex;max-width:100%;transition:box-shadow 0.2s ease}.wp-block-uagb-image__figure>a{display:inline-block}.wp-block-uagb-image__figure figcaption{text-align:center;margin-top:0.5em;margin-bottom:1em}.wp-block-uagb-image .components-placeholder.block-editor-media-placeholder .components-placeholder__instructions{align-self:center}.wp-block-uagb-image--align-left{text-align:left}.wp-block-uagb-image--align-right{text-align:right}.wp-block-uagb-image--align-center{text-align:center}.wp-block-uagb-image--align-full .wp-block-uagb-image__figure{margin-left:calc(50% - 50vw);margin-right:calc(50% - 50vw);max-width:100vw;width:100vw;height:auto}.wp-block-uagb-image--align-full .wp-block-uagb-image__figure img{height:auto;width:100% !important}.wp-block-uagb-image--align-wide .wp-block-uagb-image__figure img{height:auto;width:100%}.wp-block-uagb-image--layout-overlay__color-wrapper{position:absolute;left:0;top:0;right:0;bottom:0;opacity:0.2;background:rgba(0,0,0,0.5);transition:opacity 0.35s ease-in-out}.wp-block-uagb-image--layout-overlay-link{position:absolute;left:0;right:0;bottom:0;top:0}.wp-block-uagb-image--layout-overlay .wp-block-uagb-image__figure:hover .wp-block-uagb-image--layout-overlay__color-wrapper{opacity:1}.wp-block-uagb-image--layout-overlay__inner{position:absolute;left:15px;right:15px;bottom:15px;top:15px;display:flex;align-items:center;justify-content:center;flex-direction:column;border-color:#fff;transition:0.35s ease-in-out}.wp-block-uagb-image--layout-overlay__inner.top-left,.wp-block-uagb-image--layout-overlay__inner.top-center,.wp-block-uagb-image--layout-overlay__inner.top-right{justify-content:flex-start}.wp-block-uagb-image--layout-overlay__inner.bottom-left,.wp-block-uagb-image--layout-overlay__inner.bottom-center,.wp-block-uagb-image--layout-overlay__inner.bottom-right{justify-content:flex-end}.wp-block-uagb-image--layout-overlay__inner.top-left,.wp-block-uagb-image--layout-overlay__inner.center-left,.wp-block-uagb-image--layout-overlay__inner.bottom-left{align-items:flex-start}.wp-block-uagb-image--layout-overlay__inner.top-right,.wp-block-uagb-image--layout-overlay__inner.center-right,.wp-block-uagb-image--layout-overlay__inner.bottom-right{align-items:flex-end}.wp-block-uagb-image--layout-overlay__inner .uagb-image-heading{color:#fff;transition:transform 0.35s, opacity 0.35s ease-in-out;transform:translate3d(0, 24px, 0);margin:0;line-height:1em}.wp-block-uagb-image--layout-overlay__inner .uagb-image-separator{width:30%;border-top-width:2px;border-top-color:#fff;border-top-style:solid;margin-bottom:10px;opacity:0;transition:transform 0.4s, opacity 0.4s ease-in-out;transform:translate3d(0, 30px, 0)}.wp-block-uagb-image--layout-overlay__inner .uagb-image-caption{opacity:0;overflow:visible;color:#fff;transition:transform 0.45s, opacity 0.45s ease-in-out;transform:translate3d(0, 35px, 0)}.wp-block-uagb-image--layout-overlay__inner:hover .uagb-image-heading,.wp-block-uagb-image--layout-overlay__inner:hover .uagb-image-separator,.wp-block-uagb-image--layout-overlay__inner:hover .uagb-image-caption{opacity:1;transform:translate3d(0, 0, 0)}.wp-block-uagb-image--effect-zoomin .wp-block-uagb-image__figure img,.wp-block-uagb-image--effect-zoomin .wp-block-uagb-image__figure .wp-block-uagb-image--layout-overlay__color-wrapper{transform:scale(1);transition:transform 0.35s ease-in-out}.wp-block-uagb-image--effect-zoomin .wp-block-uagb-image__figure:hover img,.wp-block-uagb-image--effect-zoomin .wp-block-uagb-image__figure:hover .wp-block-uagb-image--layout-overlay__color-wrapper{transform:scale(1.05)}.wp-block-uagb-image--effect-slide .wp-block-uagb-image__figure img,.wp-block-uagb-image--effect-slide .wp-block-uagb-image__figure .wp-block-uagb-image--layout-overlay__color-wrapper{width:calc(100% + 40px) !important;max-width:none !important;transform:translate3d(-40px, 0, 0);transition:transform 0.35s ease-in-out}.wp-block-uagb-image--effect-slide .wp-block-uagb-image__figure:hover img,.wp-block-uagb-image--effect-slide .wp-block-uagb-image__figure:hover .wp-block-uagb-image--layout-overlay__color-wrapper{transform:translate3d(0, 0, 0)}.wp-block-uagb-image--effect-grayscale img{filter:grayscale(0%);transition:0.35s ease-in-out}.wp-block-uagb-image--effect-grayscale:hover img{filter:grayscale(100%)}.wp-block-uagb-image--effect-blur img{filter:blur(0);transition:0.35s ease-in-out}.wp-block-uagb-image--effect-blur:hover img{filter:blur(3px)}\n.uagb-block-e6f939b3.wp-block-uagb-image--layout-default figure img{box-shadow: 0px 0px 0 #00000070;}.uagb-block-e6f939b3.wp-block-uagb-image .wp-block-uagb-image__figure figcaption{font-style: normal;align-self: center;}.uagb-block-e6f939b3.wp-block-uagb-image--layout-overlay figure img{box-shadow: 0px 0px 0 #00000070;}.uagb-block-e6f939b3.wp-block-uagb-image--layout-overlay .wp-block-uagb-image--layout-overlay__color-wrapper{opacity: 0.2;}.uagb-block-e6f939b3.wp-block-uagb-image--layout-overlay .wp-block-uagb-image--layout-overlay__inner{left: 15px;right: 15px;top: 15px;bottom: 15px;}.uagb-block-e6f939b3.wp-block-uagb-image--layout-overlay .wp-block-uagb-image--layout-overlay__inner .uagb-image-heading{font-style: normal;color: #fff;opacity: 1;}.uagb-block-e6f939b3.wp-block-uagb-image--layout-overlay .wp-block-uagb-image--layout-overlay__inner .uagb-image-heading a{color: #fff;}.uagb-block-e6f939b3.wp-block-uagb-image--layout-overlay .wp-block-uagb-image--layout-overlay__inner .uagb-image-caption{opacity: 0;}.uagb-block-e6f939b3.wp-block-uagb-image--layout-overlay .wp-block-uagb-image__figure:hover .wp-block-uagb-image--layout-overlay__color-wrapper{opacity: 1;}.uagb-block-e6f939b3.wp-block-uagb-image .wp-block-uagb-image--layout-overlay__inner .uagb-image-separator{width: 30%;border-top-width: 2px;border-top-color: #fff;opacity: 0;}.uagb-block-e6f939b3.wp-block-uagb-image .wp-block-uagb-image__figure img{width: px;height: auto;}.uagb-block-e6f939b3.wp-block-uagb-image .wp-block-uagb-image__figure:hover .wp-block-uagb-image--layout-overlay__inner .uagb-image-caption{opacity: 1;}.uagb-block-e6f939b3.wp-block-uagb-image .wp-block-uagb-image__figure:hover .wp-block-uagb-image--layout-overlay__inner .uagb-image-separator{opacity: 1;}.uagb-block-e6f939b3.wp-block-uagb-image--layout-default figure:hover img{box-shadow: 0px 0px 0 #00000070;}.uagb-block-e6f939b3.wp-block-uagb-image--layout-overlay figure:hover img{box-shadow: 0px 0px 0 #00000070;}@media only screen and (max-width: 976px) {.uagb-block-e6f939b3.wp-block-uagb-image .wp-block-uagb-image__figure img{width: px;height: auto;}}@media only screen and (max-width: 767px) {.uagb-block-e6f939b3.wp-block-uagb-image .wp-block-uagb-image__figure img{width: px;height: auto;}}\";s:2:\"js\";s:0:\"\";s:18:\"current_block_list\";a:13:{i:0;s:11:\"core\/search\";i:1;s:10:\"core\/group\";i:2;s:12:\"core\/heading\";i:3;s:17:\"core\/latest-posts\";i:4;s:20:\"core\/latest-comments\";i:5;s:13:\"core\/archives\";i:6;s:15:\"core\/categories\";i:7;s:14:\"core\/paragraph\";i:8;s:10:\"uagb\/image\";i:9;s:11:\"core\/spacer\";i:10;s:30:\"woocommerce\/product-categories\";i:11;s:10:\"core\/image\";i:12;s:14:\"core\/shortcode\";}s:8:\"uag_flag\";b:1;s:11:\"uag_version\";s:10:\"1776405089\";s:6:\"gfonts\";a:0:{}s:10:\"gfonts_url\";s:0:\"\";s:12:\"gfonts_files\";a:0:{}s:14:\"uag_faq_layout\";b:0;}"]},"uagb_featured_image_src":{"full":["https:\/\/www.oleaia.com\/wp-content\/uploads\/2025\/07\/Oleaia-Carrot-Oil-1L.jpg",2560,2560,false],"thumbnail":["https:\/\/www.oleaia.com\/wp-content\/uploads\/2025\/07\/Oleaia-Carrot-Oil-1L-150x150.jpg",150,150,true],"medium":["https:\/\/www.oleaia.com\/wp-content\/uploads\/2025\/07\/Oleaia-Carrot-Oil-1L-300x300.jpg",300,300,true],"medium_large":["https:\/\/www.oleaia.com\/wp-content\/uploads\/2025\/07\/Oleaia-Carrot-Oil-1L-768x768.jpg",768,768,true],"large":["https:\/\/www.oleaia.com\/wp-content\/uploads\/2025\/07\/Oleaia-Carrot-Oil-1L-1024x1024.jpg",1024,1024,true],"1536x1536":["https:\/\/www.oleaia.com\/wp-content\/uploads\/2025\/07\/Oleaia-Carrot-Oil-1L-1536x1536.jpg",1536,1536,true],"2048x2048":["https:\/\/www.oleaia.com\/wp-content\/uploads\/2025\/07\/Oleaia-Carrot-Oil-1L-2048x2048.jpg",2048,2048,true],"trp-custom-language-flag":["https:\/\/www.oleaia.com\/wp-content\/uploads\/2025\/07\/Oleaia-Carrot-Oil-1L-12x12.jpg",12,12,true],"woocommerce_thumbnail":["https:\/\/www.oleaia.com\/wp-content\/uploads\/2025\/07\/Oleaia-Carrot-Oil-1L-300x300.jpg",300,300,true],"woocommerce_single":["https:\/\/www.oleaia.com\/wp-content\/uploads\/2025\/07\/Oleaia-Carrot-Oil-1L-600x600.jpg",600,600,true],"woocommerce_gallery_thumbnail":["https:\/\/www.oleaia.com\/wp-content\/uploads\/2025\/07\/Oleaia-Carrot-Oil-1L-100x100.jpg",100,100,true]},"uagb_author_info":{"display_name":"admin","author_link":"https:\/\/www.oleaia.com\/ee\/author\/"},"uagb_comment_info":39,"uagb_excerpt":"Unmatched effectiveness for enhancing skin radiance and revitalization. Carrot oil is the most effective natural solution for promoting a luminous complexion, supporting visible skin renewal, and enhancing overall vitality. Traditionally valued for its naturally occurring antioxidants and nourishing compounds, it helps improve the appearance of uneven tone, refine texture, and contribute to a healthier, more&hellip;","_links":{"self":[{"href":"https:\/\/www.oleaia.com\/ee\/wp-json\/wp\/v2\/product\/23080","targetHints":{"allow":["GET"]}}],"collection":[{"href":"https:\/\/www.oleaia.com\/ee\/wp-json\/wp\/v2\/product"}],"about":[{"href":"https:\/\/www.oleaia.com\/ee\/wp-json\/wp\/v2\/types\/product"}],"replies":[{"embeddable":true,"href":"https:\/\/www.oleaia.com\/ee\/wp-json\/wp\/v2\/comments?post=23080"}],"version-history":[{"count":4,"href":"https:\/\/www.oleaia.com\/ee\/wp-json\/wp\/v2\/product\/23080\/revisions"}],"predecessor-version":[{"id":78047,"href":"https:\/\/www.oleaia.com\/ee\/wp-json\/wp\/v2\/product\/23080\/revisions\/78047"}],"wp:featuredmedia":[{"embeddable":true,"href":"https:\/\/www.oleaia.com\/ee\/wp-json\/wp\/v2\/media\/23946"}],"wp:attachment":[{"href":"https:\/\/www.oleaia.com\/ee\/wp-json\/wp\/v2\/media?parent=23080"}],"wp:term":[{"taxonomy":"product_brand","embeddable":true,"href":"https:\/\/www.oleaia.com\/ee\/wp-json\/wp\/v2\/product_brand?post=23080"},{"taxonomy":"product_cat","embeddable":true,"href":"https:\/\/www.oleaia.com\/ee\/wp-json\/wp\/v2\/product_cat?post=23080"},{"taxonomy":"product_tag","embeddable":true,"href":"https:\/\/www.oleaia.com\/ee\/wp-json\/wp\/v2\/product_tag?post=23080"}],"curies":[{"name":"wp","href":"https:\/\/api.w.org\/{rel}","templated":true}]}}