{"id":23135,"date":"2025-07-26T15:32:49","date_gmt":"2025-07-26T13:32:49","guid":{"rendered":"https:\/\/www.oleaia.com\/?post_type=product&#038;p=23135"},"modified":"2026-03-02T18:57:06","modified_gmt":"2026-03-02T17:57:06","slug":"chebe-oil","status":"publish","type":"product","link":"https:\/\/www.oleaia.com\/ee\/products\/chebe-oil\/","title":{"rendered":"Chebe \u00f5li- 1 liiter"},"content":{"rendered":"<p><strong><img decoding=\"async\" style=\"margin-right: 12px;\" src=\"https:\/\/www.oleaia.com\/wp-content\/uploads\/2026\/03\/Check.svg\" alt=\"\" width=\"18\" height=\"15\" \/>V\u00f5rratu t\u00f5husus tugevdamisel ja pikkuse s\u00e4ilitamisel.<\/strong> Chebe \u00f5li on k\u00f5ige t\u00f5husam looduslik lahendus tugevama v\u00e4limusega juuste toetamiseks, katkemise v\u00e4hendamiseks ja pikkuse s\u00e4ilitamiseks aja jooksul. See on inspireeritud traditsioonilistest juuksehooldustavadest, aitab tugevdada juukseid juurest otsteni ja aitab j\u00e4rjepideva kasutamise korral kaasa t\u00e4idlasemate ja tervemate juuste tekkimisele.<\/p>\n<p><strong><img decoding=\"async\" style=\"margin-right: 12px;\" src=\"https:\/\/www.oleaia.com\/wp-content\/uploads\/2026\/03\/Check.svg\" alt=\"\" width=\"18\" height=\"15\" \/>Odavaim saadaolev k\u00f5rgekvaliteediline t\u0161ebi\u00f5li.<\/strong> Oleme turul k\u00f5ige odavamad, s\u00e4ilitades samal ajal ranged kvaliteedistandardid, tagades erakordse hinna ja kvaliteedi, ilma et oleks vaja teha kompromisse. Selline taskukohasus v\u00f5imaldab j\u00e4rjepidevat ja pikaajalist kasutamist, mis on oluline juuste vastupidavuse n\u00e4htava paranemise saavutamiseks.<\/p>\n<p><strong><img decoding=\"async\" style=\"margin-right: 12px;\" src=\"https:\/\/www.oleaia.com\/wp-content\/uploads\/2026\/03\/Check.svg\" alt=\"\" width=\"18\" height=\"15\" \/>Kiire ja usaldusv\u00e4\u00e4rne 24-tunnine tarne.<\/strong> Pakume alati 24-tunnist tarnet, mis tagab, et chebe-\u00f5li j\u00f5uab kohale kiiresti ja t\u00f5husalt. Kiire tarne tagab katkematu j\u00e4rjepidevuse struktureeritud juuksehooldusrutiinis.<\/p>\n<p><strong><img decoding=\"async\" style=\"margin-right: 12px;\" src=\"https:\/\/www.oleaia.com\/wp-content\/uploads\/2026\/03\/Check.svg\" alt=\"\" width=\"18\" height=\"15\" \/>Raha tagasi garantii t\u00e4ieliku usalduse tagamiseks.<\/strong> Pakume raha tagasi garantiid. Kui klient ei ole rahul, maksame raha tagasi. See l\u00e4bipaistev kohustus peegeldab usaldust toote kvaliteeti ja pakub t\u00e4iesti riskivaba ostukogemust.<\/p>\n<p><strong><img decoding=\"async\" style=\"margin-right: 12px;\" src=\"https:\/\/www.oleaia.com\/wp-content\/uploads\/2026\/03\/Check.svg\" alt=\"\" width=\"18\" height=\"15\" \/>T\u00e4ielikult orgaaniline autentne botaaniline juuksehooldus.<\/strong> Meie chebe \u00f5li on t\u00e4ielikult mahep\u00f5llumajanduslik, toodetud keskkonnavastutusest ja taimede terviklikkusest l\u00e4htuvalt. See kohustus tagab vastavuse puhta ilu standarditele ja traditsioonilistele looduslikele juuksehooldusfilosoofiatele.<\/p>\n<p><strong><img decoding=\"async\" style=\"margin-right: 12px;\" src=\"https:\/\/www.oleaia.com\/wp-content\/uploads\/2026\/03\/Check.svg\" alt=\"\" width=\"18\" height=\"15\" \/>Toetab juuste katkemise v\u00e4henemist.<\/strong> Juukse\u00f5li aitab s\u00e4ilitada niiskust juuksev\u00f5lli sees, toetades juukseid, mis tunduvad tugevamad ja v\u00e4hem altid murdumisele stiilimise v\u00f5i manipuleerimise ajal.<\/p>\n<p><strong><img decoding=\"async\" style=\"margin-right: 12px;\" src=\"https:\/\/www.oleaia.com\/wp-content\/uploads\/2026\/03\/Check.svg\" alt=\"\" width=\"18\" height=\"15\" \/>Soodustab juuste paksuse ja tiheduse paranemist.<\/strong> J\u00e4rjepideva kasutamise korral aitab chebe-\u00f5li kaasa juustele, mis n\u00e4evad t\u00e4isv\u00e4\u00e4rtuslikumad ja vol\u00fc\u00fcmikamad v\u00e4lja, parandades \u00fcldist keha ja tekstuuri.<\/p>\n<p><strong><img decoding=\"async\" style=\"margin-right: 12px;\" src=\"https:\/\/www.oleaia.com\/wp-content\/uploads\/2026\/03\/Check.svg\" alt=\"\" width=\"18\" height=\"15\" \/>Soodustab peanaha mugavust ja tasakaalustatud niisutamist.<\/strong> Peanahale kantuna aitab chebe-\u00f5li s\u00e4ilitada niiskustasakaalu ja toetab juuste eluj\u00f5ulisuse p\u00fcsivat ja tervisliku v\u00e4ljan\u00e4gemist.<\/p>\n<p><strong><img decoding=\"async\" style=\"margin-right: 12px;\" src=\"https:\/\/www.oleaia.com\/wp-content\/uploads\/2026\/03\/Check.svg\" alt=\"\" width=\"18\" height=\"15\" \/>Parandab pehmust ja juhitavust.<\/strong> Toitev profiili chebe \u00f5li parandab juuste tekstuuri, muutes juukseid kergemini lahtiharutatavaks, stiliseeritavaks ja hooldatavaks, edendades samal ajal siledamat viimistlust.<\/p>\n<p><strong><img decoding=\"async\" style=\"margin-right: 12px;\" src=\"https:\/\/www.oleaia.com\/wp-content\/uploads\/2026\/03\/Check.svg\" alt=\"\" width=\"18\" height=\"15\" \/>Sobib ideaalselt kaitsva stiilimise ja pikaajalise hoolduse jaoks.<\/strong> Chebe \u00f5li sobib eriti h\u00e4sti punutud, keeratud v\u00f5i kaitsvate soengute jaoks, aidates s\u00e4ilitada h\u00fcdratsiooni ja toetades pikkuse s\u00e4ilimist pesup\u00e4evade vahel.<\/p>\n<p><strong><img decoding=\"async\" style=\"margin-right: 12px;\" src=\"https:\/\/www.oleaia.com\/wp-content\/uploads\/2026\/03\/Check.svg\" alt=\"\" width=\"18\" height=\"15\" \/>Sobib kuivadele, tekstuursetele v\u00f5i keemiliselt t\u00f6\u00f6deldud juustele.<\/strong> Chebe \u00f5li aitab taastada mugavuse ja pehmuse juustele, mis on kokku puutunud kuumuse, keskkonnastressi v\u00f5i keemilise t\u00f6\u00f6tlusega.<\/p>\n<p><strong><img decoding=\"async\" style=\"margin-right: 12px;\" src=\"https:\/\/www.oleaia.com\/wp-content\/uploads\/2026\/03\/Check.svg\" alt=\"\" width=\"18\" height=\"15\" \/>Juba rikastatud toitva \u00f5liga \u00f5rnaks pealekandmiseks ja optimaalseks mugavuseks.<\/strong> Meie chebe \u00f5li on juba rikastatud toitva \u00f5liga, mis tagab \u00f5rna pealekandmise, parema levitatavuse, optimaalse mugavuse ja kasutusmugavuse. See l\u00e4bim\u00f5eldud koostis parandab peanaha massaa\u017ei ja tagab \u00fchtlase jaotumise juurest kuni otsteni.<\/p>\n<h2><strong>Juhised<\/strong><\/h2>\n<ul>\n<li>Kandke 5-10 tilka otse peanahale ja masseerige \u00f5rnalt 5-10 minutit.<\/li>\n<li>Jagage veel v\u00e4ike kogus juuste pikkustele ja otstele.<\/li>\n<li>Kasutage kaks kuni kolm korda n\u00e4dalas, et saavutada optimaalsed n\u00e4htavad tulemused.<\/li>\n<li>Intensiivse hoolduse puhul j\u00e4tke nahale v\u00e4hemalt 1 tunniks enne pesemist maheda \u0161ampooniga.<\/li>\n<li>S\u00fcgavama hoolduse saavutamiseks j\u00e4tke \u00f6\u00f6seks ja peske p\u00f5hjalikult j\u00e4rgmisel hommikul.<\/li>\n<li>Kaitsva stiilimise puhul kanna v\u00e4ike kogus enne punumist v\u00f5i keeramist, et s\u00e4ilitada niiskust.<\/li>\n<li>Soovitatav maksimaalne p\u00e4evane annus peanahale manustamiseks on ligikaudu 10 tilka, mida kohandatakse vastavalt juuste paksusele ja pikkusele.<\/li>\n<li>Enne esimest kasutamist tehke plaastritest, et hinnata peanaha sobivust.<\/li>\n<li>V\u00e4ltida kokkupuudet silmade ja tundlike piirkondadega.<\/li>\n<li>\u00c4rge kandke \u00e4rritunud v\u00f5i kahjustatud peanahale.<\/li>\n<li>Kasutage j\u00e4rjepidevalt osana struktureeritud juuksehooldusrutiinist, et saada p\u00fcsivat kasu.<\/li>\n<li>Hoida jahedas ja kuivas kohas, eemal otsesest p\u00e4ikesevalgusest ja hoia pudel p\u00e4rast iga kasutamist tihedalt suletud.<\/li>\n<\/ul>","protected":false},"excerpt":{"rendered":"<p>Unmatched effectiveness for strengthening and length retention. Chebe oil is the most effective natural solution for supporting stronger-looking hair, reducing the appearance of breakage, and promoting improved length retention over time. Inspired by traditional hair care practices, it helps reinforce strands from root to tip and contributes to fuller, healthier-looking hair with consistent use. The [&hellip;]<\/p>\n","protected":false},"featured_media":23937,"comment_status":"open","ping_status":"closed","template":"","meta":{"_uag_custom_page_level_css":"","site-sidebar-layout":"default","site-content-layout":"","ast-site-content-layout":"default","site-content-style":"default","site-sidebar-style":"default","ast-global-header-display":"","ast-banner-title-visibility":"","ast-main-header-display":"","ast-hfb-above-header-display":"","ast-hfb-below-header-display":"","ast-hfb-mobile-header-display":"","site-post-title":"","ast-breadcrumbs-content":"","ast-featured-img":"","footer-sml-layout":"","ast-disable-related-posts":"","theme-transparent-header-meta":"default","adv-header-id-meta":"","stick-header-meta":"","header-above-stick-meta":"","header-main-stick-meta":"","header-below-stick-meta":"","astra-migrate-meta-layouts":"set","ast-page-background-enabled":"default","ast-page-background-meta":{"desktop":{"background-color":"var(--ast-global-color-4)","background-image":"","background-repeat":"repeat","background-position":"center center","background-size":"auto","background-attachment":"scroll","background-type":"","background-media":"","overlay-type":"","overlay-color":"","overlay-opacity":"","overlay-gradient":""},"tablet":{"background-color":"","background-image":"","background-repeat":"repeat","background-position":"center center","background-size":"auto","background-attachment":"scroll","background-type":"","background-media":"","overlay-type":"","overlay-color":"","overlay-opacity":"","overlay-gradient":""},"mobile":{"background-color":"","background-image":"","background-repeat":"repeat","background-position":"center center","background-size":"auto","background-attachment":"scroll","background-type":"","background-media":"","overlay-type":"","overlay-color":"","overlay-opacity":"","overlay-gradient":""}},"ast-content-background-meta":{"desktop":{"background-color":"var(--ast-global-color-5)","background-image":"","background-repeat":"repeat","background-position":"center center","background-size":"auto","background-attachment":"scroll","background-type":"","background-media":"","overlay-type":"","overlay-color":"","overlay-opacity":"","overlay-gradient":""},"tablet":{"background-color":"var(--ast-global-color-5)","background-image":"","background-repeat":"repeat","background-position":"center center","background-size":"auto","background-attachment":"scroll","background-type":"","background-media":"","overlay-type":"","overlay-color":"","overlay-opacity":"","overlay-gradient":""},"mobile":{"background-color":"var(--ast-global-color-5)","background-image":"","background-repeat":"repeat","background-position":"center center","background-size":"auto","background-attachment":"scroll","background-type":"","background-media":"","overlay-type":"","overlay-color":"","overlay-opacity":"","overlay-gradient":""}}},"product_brand":[],"product_cat":[15],"product_tag":[],"class_list":{"0":"post-23135","1":"product","2":"type-product","3":"status-publish","4":"has-post-thumbnail","6":"product_cat-shop","7":"desktop-align-left","8":"tablet-align-left","9":"mobile-align-left","11":"first","12":"instock","13":"shipping-taxable","14":"purchasable","15":"product-type-simple"},"spectra_custom_meta":{"_edit_lock":["1772474089:1"],"_edit_last":["1"],"merchant-center-availability":["yes"],"merchant-center-category":["6104"],"_thumbnail_id":["23937"],"_wp_page_template":["default"],"_sku":["OLCHEBEOIL"],"_global_unique_id":["5056773820913"],"_regular_price":["29.90"],"total_sales":["4"],"_tax_status":["taxable"],"_tax_class":[""],"_manage_stock":["no"],"_backorders":["no"],"_sold_individually":["no"],"_weight":["1.3"],"_virtual":["no"],"_downloadable":["no"],"_download_limit":["-1"],"_download_expiry":["-1"],"_stock":[null],"_stock_status":["instock"],"_wc_average_rating":["5.00"],"_wc_review_count":["20"],"_product_version":["10.5.2"],"_price":["29.90"],"site-sidebar-layout":["default"],"ast-site-content-layout":["default"],"site-content-style":["default"],"site-sidebar-style":["default"],"theme-transparent-header-meta":["default"],"_wc_rating_count":["a:1:{i:5;i:20;}"],"astra-migrate-meta-layouts":["set"],"_uag_css_file_name":["uag-css-23135.css"],"_elementor_page_assets":["a:0:{}"],"_uag_page_assets":["a:9:{s:3:\"css\";s:6893:\".wp-block-uagb-image{display:flex}.wp-block-uagb-image__figure{position:relative;display:flex;flex-direction:column;max-width:100%;height:auto;margin:0}.wp-block-uagb-image__figure img{height:auto;display:flex;max-width:100%;transition:box-shadow 0.2s ease}.wp-block-uagb-image__figure>a{display:inline-block}.wp-block-uagb-image__figure figcaption{text-align:center;margin-top:0.5em;margin-bottom:1em}.wp-block-uagb-image .components-placeholder.block-editor-media-placeholder .components-placeholder__instructions{align-self:center}.wp-block-uagb-image--align-left{text-align:left}.wp-block-uagb-image--align-right{text-align:right}.wp-block-uagb-image--align-center{text-align:center}.wp-block-uagb-image--align-full .wp-block-uagb-image__figure{margin-left:calc(50% - 50vw);margin-right:calc(50% - 50vw);max-width:100vw;width:100vw;height:auto}.wp-block-uagb-image--align-full .wp-block-uagb-image__figure img{height:auto;width:100% !important}.wp-block-uagb-image--align-wide .wp-block-uagb-image__figure img{height:auto;width:100%}.wp-block-uagb-image--layout-overlay__color-wrapper{position:absolute;left:0;top:0;right:0;bottom:0;opacity:0.2;background:rgba(0,0,0,0.5);transition:opacity 0.35s ease-in-out}.wp-block-uagb-image--layout-overlay-link{position:absolute;left:0;right:0;bottom:0;top:0}.wp-block-uagb-image--layout-overlay .wp-block-uagb-image__figure:hover .wp-block-uagb-image--layout-overlay__color-wrapper{opacity:1}.wp-block-uagb-image--layout-overlay__inner{position:absolute;left:15px;right:15px;bottom:15px;top:15px;display:flex;align-items:center;justify-content:center;flex-direction:column;border-color:#fff;transition:0.35s ease-in-out}.wp-block-uagb-image--layout-overlay__inner.top-left,.wp-block-uagb-image--layout-overlay__inner.top-center,.wp-block-uagb-image--layout-overlay__inner.top-right{justify-content:flex-start}.wp-block-uagb-image--layout-overlay__inner.bottom-left,.wp-block-uagb-image--layout-overlay__inner.bottom-center,.wp-block-uagb-image--layout-overlay__inner.bottom-right{justify-content:flex-end}.wp-block-uagb-image--layout-overlay__inner.top-left,.wp-block-uagb-image--layout-overlay__inner.center-left,.wp-block-uagb-image--layout-overlay__inner.bottom-left{align-items:flex-start}.wp-block-uagb-image--layout-overlay__inner.top-right,.wp-block-uagb-image--layout-overlay__inner.center-right,.wp-block-uagb-image--layout-overlay__inner.bottom-right{align-items:flex-end}.wp-block-uagb-image--layout-overlay__inner .uagb-image-heading{color:#fff;transition:transform 0.35s, opacity 0.35s ease-in-out;transform:translate3d(0, 24px, 0);margin:0;line-height:1em}.wp-block-uagb-image--layout-overlay__inner .uagb-image-separator{width:30%;border-top-width:2px;border-top-color:#fff;border-top-style:solid;margin-bottom:10px;opacity:0;transition:transform 0.4s, opacity 0.4s ease-in-out;transform:translate3d(0, 30px, 0)}.wp-block-uagb-image--layout-overlay__inner .uagb-image-caption{opacity:0;overflow:visible;color:#fff;transition:transform 0.45s, opacity 0.45s ease-in-out;transform:translate3d(0, 35px, 0)}.wp-block-uagb-image--layout-overlay__inner:hover .uagb-image-heading,.wp-block-uagb-image--layout-overlay__inner:hover .uagb-image-separator,.wp-block-uagb-image--layout-overlay__inner:hover .uagb-image-caption{opacity:1;transform:translate3d(0, 0, 0)}.wp-block-uagb-image--effect-zoomin .wp-block-uagb-image__figure img,.wp-block-uagb-image--effect-zoomin .wp-block-uagb-image__figure .wp-block-uagb-image--layout-overlay__color-wrapper{transform:scale(1);transition:transform 0.35s ease-in-out}.wp-block-uagb-image--effect-zoomin .wp-block-uagb-image__figure:hover img,.wp-block-uagb-image--effect-zoomin .wp-block-uagb-image__figure:hover .wp-block-uagb-image--layout-overlay__color-wrapper{transform:scale(1.05)}.wp-block-uagb-image--effect-slide .wp-block-uagb-image__figure img,.wp-block-uagb-image--effect-slide .wp-block-uagb-image__figure .wp-block-uagb-image--layout-overlay__color-wrapper{width:calc(100% + 40px) !important;max-width:none !important;transform:translate3d(-40px, 0, 0);transition:transform 0.35s ease-in-out}.wp-block-uagb-image--effect-slide .wp-block-uagb-image__figure:hover img,.wp-block-uagb-image--effect-slide .wp-block-uagb-image__figure:hover .wp-block-uagb-image--layout-overlay__color-wrapper{transform:translate3d(0, 0, 0)}.wp-block-uagb-image--effect-grayscale img{filter:grayscale(0%);transition:0.35s ease-in-out}.wp-block-uagb-image--effect-grayscale:hover img{filter:grayscale(100%)}.wp-block-uagb-image--effect-blur img{filter:blur(0);transition:0.35s ease-in-out}.wp-block-uagb-image--effect-blur:hover img{filter:blur(3px)}\n.uagb-block-e6f939b3.wp-block-uagb-image--layout-default figure img{box-shadow: 0px 0px 0 #00000070;}.uagb-block-e6f939b3.wp-block-uagb-image .wp-block-uagb-image__figure figcaption{font-style: normal;align-self: center;}.uagb-block-e6f939b3.wp-block-uagb-image--layout-overlay figure img{box-shadow: 0px 0px 0 #00000070;}.uagb-block-e6f939b3.wp-block-uagb-image--layout-overlay .wp-block-uagb-image--layout-overlay__color-wrapper{opacity: 0.2;}.uagb-block-e6f939b3.wp-block-uagb-image--layout-overlay .wp-block-uagb-image--layout-overlay__inner{left: 15px;right: 15px;top: 15px;bottom: 15px;}.uagb-block-e6f939b3.wp-block-uagb-image--layout-overlay .wp-block-uagb-image--layout-overlay__inner .uagb-image-heading{font-style: normal;color: #fff;opacity: 1;}.uagb-block-e6f939b3.wp-block-uagb-image--layout-overlay .wp-block-uagb-image--layout-overlay__inner .uagb-image-heading a{color: #fff;}.uagb-block-e6f939b3.wp-block-uagb-image--layout-overlay .wp-block-uagb-image--layout-overlay__inner .uagb-image-caption{opacity: 0;}.uagb-block-e6f939b3.wp-block-uagb-image--layout-overlay .wp-block-uagb-image__figure:hover .wp-block-uagb-image--layout-overlay__color-wrapper{opacity: 1;}.uagb-block-e6f939b3.wp-block-uagb-image .wp-block-uagb-image--layout-overlay__inner .uagb-image-separator{width: 30%;border-top-width: 2px;border-top-color: #fff;opacity: 0;}.uagb-block-e6f939b3.wp-block-uagb-image .wp-block-uagb-image__figure img{width: px;height: auto;}.uagb-block-e6f939b3.wp-block-uagb-image .wp-block-uagb-image__figure:hover .wp-block-uagb-image--layout-overlay__inner .uagb-image-caption{opacity: 1;}.uagb-block-e6f939b3.wp-block-uagb-image .wp-block-uagb-image__figure:hover .wp-block-uagb-image--layout-overlay__inner .uagb-image-separator{opacity: 1;}.uagb-block-e6f939b3.wp-block-uagb-image--layout-default figure:hover img{box-shadow: 0px 0px 0 #00000070;}.uagb-block-e6f939b3.wp-block-uagb-image--layout-overlay figure:hover img{box-shadow: 0px 0px 0 #00000070;}@media only screen and (max-width: 976px) {.uagb-block-e6f939b3.wp-block-uagb-image .wp-block-uagb-image__figure img{width: px;height: auto;}}@media only screen and (max-width: 767px) {.uagb-block-e6f939b3.wp-block-uagb-image .wp-block-uagb-image__figure img{width: px;height: auto;}}\";s:2:\"js\";s:0:\"\";s:18:\"current_block_list\";a:13:{i:0;s:11:\"core\/search\";i:1;s:10:\"core\/group\";i:2;s:12:\"core\/heading\";i:3;s:17:\"core\/latest-posts\";i:4;s:20:\"core\/latest-comments\";i:5;s:13:\"core\/archives\";i:6;s:15:\"core\/categories\";i:7;s:14:\"core\/paragraph\";i:8;s:10:\"uagb\/image\";i:9;s:11:\"core\/spacer\";i:10;s:30:\"woocommerce\/product-categories\";i:11;s:10:\"core\/image\";i:12;s:14:\"core\/shortcode\";}s:8:\"uag_flag\";b:1;s:11:\"uag_version\";s:10:\"1776347268\";s:6:\"gfonts\";a:0:{}s:10:\"gfonts_url\";s:0:\"\";s:12:\"gfonts_files\";a:0:{}s:14:\"uag_faq_layout\";b:0;}"]},"uagb_featured_image_src":{"full":["https:\/\/www.oleaia.com\/wp-content\/uploads\/2025\/07\/Oleaia-Chebe-Oil-1L.jpg",2560,2560,false],"thumbnail":["https:\/\/www.oleaia.com\/wp-content\/uploads\/2025\/07\/Oleaia-Chebe-Oil-1L-150x150.jpg",150,150,true],"medium":["https:\/\/www.oleaia.com\/wp-content\/uploads\/2025\/07\/Oleaia-Chebe-Oil-1L-300x300.jpg",300,300,true],"medium_large":["https:\/\/www.oleaia.com\/wp-content\/uploads\/2025\/07\/Oleaia-Chebe-Oil-1L-768x768.jpg",768,768,true],"large":["https:\/\/www.oleaia.com\/wp-content\/uploads\/2025\/07\/Oleaia-Chebe-Oil-1L-1024x1024.jpg",1024,1024,true],"1536x1536":["https:\/\/www.oleaia.com\/wp-content\/uploads\/2025\/07\/Oleaia-Chebe-Oil-1L-1536x1536.jpg",1536,1536,true],"2048x2048":["https:\/\/www.oleaia.com\/wp-content\/uploads\/2025\/07\/Oleaia-Chebe-Oil-1L-2048x2048.jpg",2048,2048,true],"trp-custom-language-flag":["https:\/\/www.oleaia.com\/wp-content\/uploads\/2025\/07\/Oleaia-Chebe-Oil-1L-12x12.jpg",12,12,true],"woocommerce_thumbnail":["https:\/\/www.oleaia.com\/wp-content\/uploads\/2025\/07\/Oleaia-Chebe-Oil-1L-300x300.jpg",300,300,true],"woocommerce_single":["https:\/\/www.oleaia.com\/wp-content\/uploads\/2025\/07\/Oleaia-Chebe-Oil-1L-600x600.jpg",600,600,true],"woocommerce_gallery_thumbnail":["https:\/\/www.oleaia.com\/wp-content\/uploads\/2025\/07\/Oleaia-Chebe-Oil-1L-100x100.jpg",100,100,true]},"uagb_author_info":{"display_name":"admin","author_link":"https:\/\/www.oleaia.com\/ee\/author\/"},"uagb_comment_info":20,"uagb_excerpt":"Unmatched effectiveness for strengthening and length retention. Chebe oil is the most effective natural solution for supporting stronger-looking hair, reducing the appearance of breakage, and promoting improved length retention over time. Inspired by traditional hair care practices, it helps reinforce strands from root to tip and contributes to fuller, healthier-looking hair with consistent use. The&hellip;","_links":{"self":[{"href":"https:\/\/www.oleaia.com\/ee\/wp-json\/wp\/v2\/product\/23135","targetHints":{"allow":["GET"]}}],"collection":[{"href":"https:\/\/www.oleaia.com\/ee\/wp-json\/wp\/v2\/product"}],"about":[{"href":"https:\/\/www.oleaia.com\/ee\/wp-json\/wp\/v2\/types\/product"}],"replies":[{"embeddable":true,"href":"https:\/\/www.oleaia.com\/ee\/wp-json\/wp\/v2\/comments?post=23135"}],"version-history":[{"count":4,"href":"https:\/\/www.oleaia.com\/ee\/wp-json\/wp\/v2\/product\/23135\/revisions"}],"predecessor-version":[{"id":78053,"href":"https:\/\/www.oleaia.com\/ee\/wp-json\/wp\/v2\/product\/23135\/revisions\/78053"}],"wp:featuredmedia":[{"embeddable":true,"href":"https:\/\/www.oleaia.com\/ee\/wp-json\/wp\/v2\/media\/23937"}],"wp:attachment":[{"href":"https:\/\/www.oleaia.com\/ee\/wp-json\/wp\/v2\/media?parent=23135"}],"wp:term":[{"taxonomy":"product_brand","embeddable":true,"href":"https:\/\/www.oleaia.com\/ee\/wp-json\/wp\/v2\/product_brand?post=23135"},{"taxonomy":"product_cat","embeddable":true,"href":"https:\/\/www.oleaia.com\/ee\/wp-json\/wp\/v2\/product_cat?post=23135"},{"taxonomy":"product_tag","embeddable":true,"href":"https:\/\/www.oleaia.com\/ee\/wp-json\/wp\/v2\/product_tag?post=23135"}],"curies":[{"name":"wp","href":"https:\/\/api.w.org\/{rel}","templated":true}]}}