{"id":121,"date":"2025-04-11T06:36:34","date_gmt":"2025-04-11T04:36:34","guid":{"rendered":"https:\/\/www.stoprodent.com\/?page_id=121"},"modified":"2025-07-18T16:46:05","modified_gmt":"2025-07-18T14:46:05","slug":"terms-of-sale","status":"publish","type":"page","link":"https:\/\/www.oleaia.com\/es\/terms-of-sale\/","title":{"rendered":"Condiciones de venta"},"content":{"rendered":"<p>Las presentes condiciones de venta son celebradas, por una parte, por la sociedad Oleaia LLC con un capital social de 100.000 USD cuya sede social se encuentra en 213 N Market Street #1042, Wilmington, DE 19801, Estados Unidos de Am\u00e9rica, inscrita en el Registro Mercantil de Delaware con el n\u00famero 10141920 y que gestiona el sitio web y, por otra parte, por cualquier persona jur\u00eddica que desee realizar una compra a trav\u00e9s del sitio web denominada en lo sucesivo \"el comprador\".<br><br><strong>Art\u00edculo 1. Objeto Objeto<\/strong><\/p>\n\n\n\n<p>Estas condiciones de venta tienen por objeto definir la relaci\u00f3n contractual entre Oleaia LLC y el comprador y las condiciones aplicables a cualquier compra realizada a trav\u00e9s de este sitio web. La adquisici\u00f3n de un producto a trav\u00e9s de este sitio implica la aceptaci\u00f3n sin reservas por parte del comprador de estas condiciones de venta, que el comprador reconoce haber le\u00eddo antes de su pedido. Antes de cualquier transacci\u00f3n, el comprador declara, por una parte, que la compra de productos en el sitio web est\u00e1 directamente relacionada con su actividad profesional y estar dado de alta en el IVA y, por otra parte, tener plena capacidad jur\u00eddica, lo que le permite comprometerse en las presentes condiciones generales de venta.<\/p>\n\n\n\n<p>La empresa Oleaia LLC se reserva la posibilidad de modificar estas condiciones de venta en cualquier momento, con el fin de cumplir con cualquier nueva normativa o con el fin de mejorar el uso de su sitio. Por lo tanto, las condiciones aplicables ser\u00e1n las vigentes en la fecha del pedido por parte del comprador.<\/p>\n\n\n\n<p><strong>Art\u00edculo 2 Productos<\/strong><\/p>\n\n\n\n<p>Los productos ofrecidos son los que aparecen en el sitio web de la empresa Oleaia LLC dentro de los l\u00edmites de las existencias disponibles. La empresa Oleaia LLC se reserva el derecho de modificar el surtido de productos en cualquier momento. Cada producto se presenta en el sitio web en forma de una descripci\u00f3n que contiene sus principales caracter\u00edsticas t\u00e9cnicas (capacidad, uso, composici\u00f3n, etc.). Las fotograf\u00edas son lo m\u00e1s exactas posible, pero no comprometen en modo alguno al vendedor. La venta de los productos presentados en el sitio web est\u00e1 destinada a todos los compradores residentes en pa\u00edses que autoricen plenamente la entrada en su territorio de estos productos.<br><br><strong>Art\u00edculo 3. Tarifas Tarifas<\/strong><\/p>\n\n\n\n<p>Los precios que aparecen en las hojas producidas en el cat\u00e1logo de Internet son precios en moneda local, todos los impuestos incluidos. Oleaia LLC se reserva el derecho de modificar sus precios en cualquier momento, entendi\u00e9ndose, no obstante, que el precio que figure en el cat\u00e1logo el d\u00eda del pedido ser\u00e1 el \u00fanico aplicable al comprador. Los precios indicados no incluyen los gastos de env\u00edo, facturados adem\u00e1s del precio de los productos adquiridos, calculados en funci\u00f3n del peso total del pedido.<br><br><strong>Art\u00edculo 4. Pedido y condiciones de pago Pedido y condiciones de pago<\/strong><\/p>\n\n\n\n<p>Antes de cada pedido, el comprador tiene la posibilidad de crear una cuenta. La secci\u00f3n de creaci\u00f3n de cuenta es accesible directamente desde la barra de men\u00fa lateral. En cada visita, el comprador, si desea realizar un pedido o consultar su cuenta (estado del pedido, perfil, etc.), tendr\u00e1 que identificarse utilizando esta informaci\u00f3n. La empresa Oleaia LLC ofrece al comprador realizar el pedido y pagar sus productos en varios pasos, con 3 opciones de pago a elegir :<\/p>\n\n\n\n<p><strong>Pago por transferencia bancaria :<\/strong>\u00a0el comprador debe ponerse en contacto con Oleaia LLC por correo electr\u00f3nico para solicitar un presupuesto. Es necesario que comunique los productos que desea pedir, el transportista que desea elegir, su direcci\u00f3n de correo electr\u00f3nico y n\u00famero de tel\u00e9fono, as\u00ed como su direcci\u00f3n de entrega y facturaci\u00f3n. Tras enviar su solicitud, se le entregar\u00e1 un presupuesto con los datos de contacto de la empresa Oleaia LLC. La transferencia debe realizarse en un plazo de 30 d\u00edas y el importe total debe llegar a la cuenta de Oleaia LLC sin gastos bancarios. Corresponde al comprador pagar los gastos bancarios relacionados con la transferencia. S\u00f3lo cuando el importe haya llegado a la cuenta de Oleaia LLC, \u00e9sta tramitar\u00e1 el pedido.<\/p>\n\n\n\n<p><strong>Pago seguro con tarjeta de cr\u00e9dito (a trav\u00e9s del sistema Stripe) :<\/strong>\u00a0el comprador selecciona los productos que desea pedir en la \"cesta\", los modifica si es necesario (cantidades, referencias, etc.), comprueba la direcci\u00f3n de entrega o introduce una nueva . A continuaci\u00f3n, se calculan los gastos de env\u00edo y se presentan al comprador, as\u00ed como el nombre del transportista y el plazo de entrega indicativo. A continuaci\u00f3n, el comprador procede al pago. Por \u00faltimo, se redirige al comprador a la interfaz segura de Stripe para que introduzca de forma segura las referencias de su tarjeta bancaria. Si se acepta el pago, se registra el pedido y se formaliza definitivamente el contrato. El pago mediante tarjeta bancaria es irrevocable.<br><br>La confirmaci\u00f3n de un pedido implica la aceptaci\u00f3n de las presentes condiciones de venta, el reconocimiento de tener perfecto conocimiento de las mismas y la renuncia a acogerse a sus propias condiciones de compra. Todos los datos facilitados y la confirmaci\u00f3n registrada constituir\u00e1n la prueba de la transacci\u00f3n. Si el comprador dispone de una direcci\u00f3n de correo electr\u00f3nico y si la ha introducido en su formulario de pedido, la empresa Oleaia LLC le enviar\u00e1 por correo electr\u00f3nico la confirmaci\u00f3n del registro de su pedido.<br><br>Si el comprador desea ponerse en contacto con Oleaia LLC, puede hacerlo bien por correo postal a la siguiente direcci\u00f3n : Oleaia LLC, 213 N Market Street #1042, Wilmington, DE 198013, Estados Unidos de Am\u00e9rica; bien por correo electr\u00f3nico a la siguiente direcci\u00f3n : contact@oleaia.com<br><br><strong>Art\u00edculo 5 Reserva de dominio<\/strong><\/p>\n\n\n\n<p>Oleaia LLC retiene la plena y completa propiedad de los productos vendidos hasta el pago total del precio, en principal, incluyendo costes e impuestos.<\/p>\n\n\n\n<p><strong>Art\u00edculo 6. Retirada Retirada<\/strong><\/p>\n\n\n\n<p>El comprador dispone de un plazo de treinta d\u00edas h\u00e1biles a partir de la entrega de su pedido para ejercer su derecho de desistimiento y devolver as\u00ed el producto al vendedor para su cambio o reembolso sin penalizaci\u00f3n alguna.<br><strong><br>Art\u00edculo 7. Entrega<br><\/strong><br>Las entregas se realizan en la direcci\u00f3n indicada en el formulario de pedido, que s\u00f3lo puede estar en la zona geogr\u00e1fica acordada. Los pedidos se realizan por el transportista elegido en el momento del pedido, el servicio de entrega es con seguimiento, y la entrega sin firma. Los plazos de entrega s\u00f3lo se dan a t\u00edtulo indicativo, si exceden de treinta d\u00edas a partir de la orden, el contrato de venta podr\u00e1 ser rescindido y el comprador reembolsado. Oleaia LLC proporcionar\u00e1 al comprador el n\u00famero de seguimiento de su paquete por correo electr\u00f3nico. El comprador es entregado a su domicilio por su repartidor. En caso de ausencia del comprador, \u00e9ste recibir\u00e1 un aviso de entrega de su cartero, que le permitir\u00e1 reprogramar la entrega de los productos pedidos, durante un plazo indicado por los servicios de entrega. Los riesgos de transporte son responsabilidad del comprador desde el momento en que los art\u00edculos salen de los locales de Oleaia LLC. El comprador est\u00e1 obligado a comprobar, en presencia del repartidor, el estado del embalaje de la mercanc\u00eda y su contenido en el momento de la entrega. En caso de da\u00f1os durante el transporte, cualquier protesta debe hacerse al transportista dentro de los tres d\u00edas siguientes a la entrega.<br><br><strong>Art\u00edculo 8. Garant\u00eda Garant\u00eda<br><\/strong><br>Todos los productos suministrados por Oleaia LLC est\u00e1n garantizados. En caso de no conformidad de un producto vendido, \u00e9ste podr\u00e1 ser devuelto a la empresa Oleaia LLC que se har\u00e1 cargo de su devoluci\u00f3n, cambio o reembolso. Todas las reclamaciones, solicitudes de cambio o reembolso deber\u00e1n realizarse por correo postal a la siguiente direcci\u00f3n: Oleaia LLC, 213 N Market Street #1042, Wilmington, DE 19801, Estados Unidos de Am\u00e9rica, en un plazo de treinta d\u00edas a partir de la entrega.<br><br><strong>Art\u00edculo 9. Responsabilidad Responsabilidad<\/strong><\/p>\n\n\n\n<p>Oleaia LLC en el proceso de venta a distancia s\u00f3lo est\u00e1 vinculado por una obligaci\u00f3n de medios. No se hace responsable de cualquier da\u00f1o resultante del uso de la red de Internet, tales como la p\u00e9rdida de datos, intrusi\u00f3n, virus, interrupci\u00f3n del servicio u otros problemas involuntarios.<br><br><strong>Art\u00edculo 10. Propiedad intelectual Propiedad intelectual<br><\/strong><br>Todos los elementos del sitio web son y seguir\u00e1n siendo propiedad intelectual exclusiva de la empresa Oleaia LLC. forma de foto, logotipo, visual o texto.<br><br><strong>Art\u00edculo 11. Datos personales Datos de car\u00e1cter personal<\/strong><br><br>Oleaia LLC se compromete a preservar la confidencialidad de la informaci\u00f3n proporcionada por el comprador, que tendr\u00eda que transmitir para el uso de determinados servicios. El internauta dispone de un derecho de acceso, modificaci\u00f3n y supresi\u00f3n de las informaciones que le conciernen. Puede solicitarlo en cualquier momento por correo a la siguiente direcci\u00f3n: Oleaia LLC, 213 N Market Street #1042, Wilmington, DE 19801, Estados Unidos de Am\u00e9rica.<\/p>\n\n\n\n<p><strong>Art\u00edculo 12. Resoluci\u00f3n de litigios<\/strong><\/p>\n\n\n\n<p>Las presentes condiciones de venta a distancia est\u00e1n sujetas a la legislaci\u00f3n vigente en Estados Unidos. Para cualquier litigio o controversia, el Tribunal competente ser\u00e1 el de Wilmington.<\/p>\n\n\n\n<p><strong>Art\u00edculo 13 Datos de contacto<\/strong><\/p>\n\n\n\n<p>Oleaia LLC<br>213 N Market Street #1042,<br>Wilmington, DE 19801<br>Estados Unidos de Am\u00e9rica<\/p>","protected":false},"excerpt":{"rendered":"<p>These conditions of sale are concluded on the one hand by the company Oleaia LLC with a share capital of 100,000 USD whose head office is located at 213 N Market Street #1042, Wilmington, DE 19801, United States of America, registered in the Commercial Register of Delaware under the number 10141920 and managing the website [&hellip;]<\/p>\n","protected":false},"author":1,"featured_media":0,"parent":0,"menu_order":0,"comment_status":"closed","ping_status":"closed","template":"","meta":{"_uag_custom_page_level_css":"","site-sidebar-layout":"default","site-content-layout":"","ast-site-content-layout":"default","site-content-style":"default","site-sidebar-style":"default","ast-global-header-display":"","ast-banner-title-visibility":"","ast-main-header-display":"","ast-hfb-above-header-display":"","ast-hfb-below-header-display":"","ast-hfb-mobile-header-display":"","site-post-title":"","ast-breadcrumbs-content":"","ast-featured-img":"","footer-sml-layout":"","ast-disable-related-posts":"","theme-transparent-header-meta":"","adv-header-id-meta":"","stick-header-meta":"","header-above-stick-meta":"","header-main-stick-meta":"","header-below-stick-meta":"","astra-migrate-meta-layouts":"set","ast-page-background-enabled":"default","ast-page-background-meta":{"desktop":{"background-color":"var(--ast-global-color-4)","background-image":"","background-repeat":"repeat","background-position":"center center","background-size":"auto","background-attachment":"scroll","background-type":"","background-media":"","overlay-type":"","overlay-color":"","overlay-opacity":"","overlay-gradient":""},"tablet":{"background-color":"","background-image":"","background-repeat":"repeat","background-position":"center center","background-size":"auto","background-attachment":"scroll","background-type":"","background-media":"","overlay-type":"","overlay-color":"","overlay-opacity":"","overlay-gradient":""},"mobile":{"background-color":"","background-image":"","background-repeat":"repeat","background-position":"center center","background-size":"auto","background-attachment":"scroll","background-type":"","background-media":"","overlay-type":"","overlay-color":"","overlay-opacity":"","overlay-gradient":""}},"ast-content-background-meta":{"desktop":{"background-color":"var(--ast-global-color-5)","background-image":"","background-repeat":"repeat","background-position":"center center","background-size":"auto","background-attachment":"scroll","background-type":"","background-media":"","overlay-type":"","overlay-color":"","overlay-opacity":"","overlay-gradient":""},"tablet":{"background-color":"var(--ast-global-color-5)","background-image":"","background-repeat":"repeat","background-position":"center center","background-size":"auto","background-attachment":"scroll","background-type":"","background-media":"","overlay-type":"","overlay-color":"","overlay-opacity":"","overlay-gradient":""},"mobile":{"background-color":"var(--ast-global-color-5)","background-image":"","background-repeat":"repeat","background-position":"center center","background-size":"auto","background-attachment":"scroll","background-type":"","background-media":"","overlay-type":"","overlay-color":"","overlay-opacity":"","overlay-gradient":""}},"footnotes":""},"class_list":["post-121","page","type-page","status-publish","hentry"],"spectra_custom_meta":{"_edit_lock":["1752849969:1"],"_wpml_word_count":["1376"],"_edit_last":["1"],"_wpml_media_duplicate":["1"],"_wpml_media_featured":["1"],"rank_math_news_sitemap_robots":["index"],"rank_math_robots":["a:1:{i:0;s:5:\"index\";}"],"_uag_custom_page_level_css":[""],"site-sidebar-layout":["default"],"site-content-layout":[""],"ast-site-content-layout":["default"],"site-content-style":["default"],"site-sidebar-style":["default"],"ast-global-header-display":[""],"ast-banner-title-visibility":[""],"ast-main-header-display":[""],"ast-hfb-above-header-display":[""],"ast-hfb-below-header-display":[""],"ast-hfb-mobile-header-display":[""],"site-post-title":[""],"ast-breadcrumbs-content":[""],"ast-featured-img":[""],"footer-sml-layout":[""],"theme-transparent-header-meta":[""],"adv-header-id-meta":[""],"stick-header-meta":[""],"header-above-stick-meta":[""],"header-main-stick-meta":[""],"header-below-stick-meta":[""],"astra-migrate-meta-layouts":["set"],"ast-page-background-enabled":["default"],"ast-page-background-meta":["a:3:{s:7:\"desktop\";a:12:{s:16:\"background-color\";s:25:\"var(--ast-global-color-4)\";s:16:\"background-image\";s:0:\"\";s:17:\"background-repeat\";s:6:\"repeat\";s:19:\"background-position\";s:13:\"center center\";s:15:\"background-size\";s:4:\"auto\";s:21:\"background-attachment\";s:6:\"scroll\";s:15:\"background-type\";s:0:\"\";s:16:\"background-media\";s:0:\"\";s:12:\"overlay-type\";s:0:\"\";s:13:\"overlay-color\";s:0:\"\";s:15:\"overlay-opacity\";s:0:\"\";s:16:\"overlay-gradient\";s:0:\"\";}s:6:\"tablet\";a:12:{s:16:\"background-color\";s:0:\"\";s:16:\"background-image\";s:0:\"\";s:17:\"background-repeat\";s:6:\"repeat\";s:19:\"background-position\";s:13:\"center center\";s:15:\"background-size\";s:4:\"auto\";s:21:\"background-attachment\";s:6:\"scroll\";s:15:\"background-type\";s:0:\"\";s:16:\"background-media\";s:0:\"\";s:12:\"overlay-type\";s:0:\"\";s:13:\"overlay-color\";s:0:\"\";s:15:\"overlay-opacity\";s:0:\"\";s:16:\"overlay-gradient\";s:0:\"\";}s:6:\"mobile\";a:12:{s:16:\"background-color\";s:0:\"\";s:16:\"background-image\";s:0:\"\";s:17:\"background-repeat\";s:6:\"repeat\";s:19:\"background-position\";s:13:\"center center\";s:15:\"background-size\";s:4:\"auto\";s:21:\"background-attachment\";s:6:\"scroll\";s:15:\"background-type\";s:0:\"\";s:16:\"background-media\";s:0:\"\";s:12:\"overlay-type\";s:0:\"\";s:13:\"overlay-color\";s:0:\"\";s:15:\"overlay-opacity\";s:0:\"\";s:16:\"overlay-gradient\";s:0:\"\";}}"],"ast-content-background-meta":["a:3:{s:7:\"desktop\";a:12:{s:16:\"background-color\";s:25:\"var(--ast-global-color-5)\";s:16:\"background-image\";s:0:\"\";s:17:\"background-repeat\";s:6:\"repeat\";s:19:\"background-position\";s:13:\"center center\";s:15:\"background-size\";s:4:\"auto\";s:21:\"background-attachment\";s:6:\"scroll\";s:15:\"background-type\";s:0:\"\";s:16:\"background-media\";s:0:\"\";s:12:\"overlay-type\";s:0:\"\";s:13:\"overlay-color\";s:0:\"\";s:15:\"overlay-opacity\";s:0:\"\";s:16:\"overlay-gradient\";s:0:\"\";}s:6:\"tablet\";a:12:{s:16:\"background-color\";s:25:\"var(--ast-global-color-5)\";s:16:\"background-image\";s:0:\"\";s:17:\"background-repeat\";s:6:\"repeat\";s:19:\"background-position\";s:13:\"center center\";s:15:\"background-size\";s:4:\"auto\";s:21:\"background-attachment\";s:6:\"scroll\";s:15:\"background-type\";s:0:\"\";s:16:\"background-media\";s:0:\"\";s:12:\"overlay-type\";s:0:\"\";s:13:\"overlay-color\";s:0:\"\";s:15:\"overlay-opacity\";s:0:\"\";s:16:\"overlay-gradient\";s:0:\"\";}s:6:\"mobile\";a:12:{s:16:\"background-color\";s:25:\"var(--ast-global-color-5)\";s:16:\"background-image\";s:0:\"\";s:17:\"background-repeat\";s:6:\"repeat\";s:19:\"background-position\";s:13:\"center center\";s:15:\"background-size\";s:4:\"auto\";s:21:\"background-attachment\";s:6:\"scroll\";s:15:\"background-type\";s:0:\"\";s:16:\"background-media\";s:0:\"\";s:12:\"overlay-type\";s:0:\"\";s:13:\"overlay-color\";s:0:\"\";s:15:\"overlay-opacity\";s:0:\"\";s:16:\"overlay-gradient\";s:0:\"\";}}"],"footnotes":[""],"_elementor_edit_mode":[""],"_elementor_template_type":[""],"_elementor_data":[""],"_elementor_conditions":["a:0:{}"],"_uag_css_file_name":["uag-css-121.css"],"_uag_page_assets":["a:9:{s:3:\"css\";s:7156:\".uag-blocks-common-selector{z-index:var(--z-index-desktop) !important}@media (max-width: 976px){.uag-blocks-common-selector{z-index:var(--z-index-tablet) !important}}@media (max-width: 767px){.uag-blocks-common-selector{z-index:var(--z-index-mobile) !important}}\n.wp-block-uagb-image{display:flex}.wp-block-uagb-image__figure{position:relative;display:flex;flex-direction:column;max-width:100%;height:auto;margin:0}.wp-block-uagb-image__figure img{height:auto;display:flex;max-width:100%;transition:box-shadow 0.2s ease}.wp-block-uagb-image__figure>a{display:inline-block}.wp-block-uagb-image__figure figcaption{text-align:center;margin-top:0.5em;margin-bottom:1em}.wp-block-uagb-image .components-placeholder.block-editor-media-placeholder .components-placeholder__instructions{align-self:center}.wp-block-uagb-image--align-left{text-align:left}.wp-block-uagb-image--align-right{text-align:right}.wp-block-uagb-image--align-center{text-align:center}.wp-block-uagb-image--align-full .wp-block-uagb-image__figure{margin-left:calc(50% - 50vw);margin-right:calc(50% - 50vw);max-width:100vw;width:100vw;height:auto}.wp-block-uagb-image--align-full .wp-block-uagb-image__figure img{height:auto;width:100% !important}.wp-block-uagb-image--align-wide .wp-block-uagb-image__figure img{height:auto;width:100%}.wp-block-uagb-image--layout-overlay__color-wrapper{position:absolute;left:0;top:0;right:0;bottom:0;opacity:0.2;background:rgba(0,0,0,0.5);transition:opacity 0.35s ease-in-out}.wp-block-uagb-image--layout-overlay-link{position:absolute;left:0;right:0;bottom:0;top:0}.wp-block-uagb-image--layout-overlay .wp-block-uagb-image__figure:hover .wp-block-uagb-image--layout-overlay__color-wrapper{opacity:1}.wp-block-uagb-image--layout-overlay__inner{position:absolute;left:15px;right:15px;bottom:15px;top:15px;display:flex;align-items:center;justify-content:center;flex-direction:column;border-color:#fff;transition:0.35s ease-in-out}.wp-block-uagb-image--layout-overlay__inner.top-left,.wp-block-uagb-image--layout-overlay__inner.top-center,.wp-block-uagb-image--layout-overlay__inner.top-right{justify-content:flex-start}.wp-block-uagb-image--layout-overlay__inner.bottom-left,.wp-block-uagb-image--layout-overlay__inner.bottom-center,.wp-block-uagb-image--layout-overlay__inner.bottom-right{justify-content:flex-end}.wp-block-uagb-image--layout-overlay__inner.top-left,.wp-block-uagb-image--layout-overlay__inner.center-left,.wp-block-uagb-image--layout-overlay__inner.bottom-left{align-items:flex-start}.wp-block-uagb-image--layout-overlay__inner.top-right,.wp-block-uagb-image--layout-overlay__inner.center-right,.wp-block-uagb-image--layout-overlay__inner.bottom-right{align-items:flex-end}.wp-block-uagb-image--layout-overlay__inner .uagb-image-heading{color:#fff;transition:transform 0.35s, opacity 0.35s ease-in-out;transform:translate3d(0, 24px, 0);margin:0;line-height:1em}.wp-block-uagb-image--layout-overlay__inner .uagb-image-separator{width:30%;border-top-width:2px;border-top-color:#fff;border-top-style:solid;margin-bottom:10px;opacity:0;transition:transform 0.4s, opacity 0.4s ease-in-out;transform:translate3d(0, 30px, 0)}.wp-block-uagb-image--layout-overlay__inner .uagb-image-caption{opacity:0;overflow:visible;color:#fff;transition:transform 0.45s, opacity 0.45s ease-in-out;transform:translate3d(0, 35px, 0)}.wp-block-uagb-image--layout-overlay__inner:hover .uagb-image-heading,.wp-block-uagb-image--layout-overlay__inner:hover .uagb-image-separator,.wp-block-uagb-image--layout-overlay__inner:hover .uagb-image-caption{opacity:1;transform:translate3d(0, 0, 0)}.wp-block-uagb-image--effect-zoomin .wp-block-uagb-image__figure img,.wp-block-uagb-image--effect-zoomin .wp-block-uagb-image__figure .wp-block-uagb-image--layout-overlay__color-wrapper{transform:scale(1);transition:transform 0.35s ease-in-out}.wp-block-uagb-image--effect-zoomin .wp-block-uagb-image__figure:hover img,.wp-block-uagb-image--effect-zoomin .wp-block-uagb-image__figure:hover .wp-block-uagb-image--layout-overlay__color-wrapper{transform:scale(1.05)}.wp-block-uagb-image--effect-slide .wp-block-uagb-image__figure img,.wp-block-uagb-image--effect-slide .wp-block-uagb-image__figure .wp-block-uagb-image--layout-overlay__color-wrapper{width:calc(100% + 40px) !important;max-width:none !important;transform:translate3d(-40px, 0, 0);transition:transform 0.35s ease-in-out}.wp-block-uagb-image--effect-slide .wp-block-uagb-image__figure:hover img,.wp-block-uagb-image--effect-slide .wp-block-uagb-image__figure:hover .wp-block-uagb-image--layout-overlay__color-wrapper{transform:translate3d(0, 0, 0)}.wp-block-uagb-image--effect-grayscale img{filter:grayscale(0%);transition:0.35s ease-in-out}.wp-block-uagb-image--effect-grayscale:hover img{filter:grayscale(100%)}.wp-block-uagb-image--effect-blur img{filter:blur(0);transition:0.35s ease-in-out}.wp-block-uagb-image--effect-blur:hover img{filter:blur(3px)}\n.uagb-block-e6f939b3.wp-block-uagb-image--layout-default figure img{box-shadow: 0px 0px 0 #00000070;}.uagb-block-e6f939b3.wp-block-uagb-image .wp-block-uagb-image__figure figcaption{font-style: normal;align-self: center;}.uagb-block-e6f939b3.wp-block-uagb-image--layout-overlay figure img{box-shadow: 0px 0px 0 #00000070;}.uagb-block-e6f939b3.wp-block-uagb-image--layout-overlay .wp-block-uagb-image--layout-overlay__color-wrapper{opacity: 0.2;}.uagb-block-e6f939b3.wp-block-uagb-image--layout-overlay .wp-block-uagb-image--layout-overlay__inner{left: 15px;right: 15px;top: 15px;bottom: 15px;}.uagb-block-e6f939b3.wp-block-uagb-image--layout-overlay .wp-block-uagb-image--layout-overlay__inner .uagb-image-heading{font-style: normal;color: #fff;opacity: 1;}.uagb-block-e6f939b3.wp-block-uagb-image--layout-overlay .wp-block-uagb-image--layout-overlay__inner .uagb-image-heading a{color: #fff;}.uagb-block-e6f939b3.wp-block-uagb-image--layout-overlay .wp-block-uagb-image--layout-overlay__inner .uagb-image-caption{opacity: 0;}.uagb-block-e6f939b3.wp-block-uagb-image--layout-overlay .wp-block-uagb-image__figure:hover .wp-block-uagb-image--layout-overlay__color-wrapper{opacity: 1;}.uagb-block-e6f939b3.wp-block-uagb-image .wp-block-uagb-image--layout-overlay__inner .uagb-image-separator{width: 30%;border-top-width: 2px;border-top-color: #fff;opacity: 0;}.uagb-block-e6f939b3.wp-block-uagb-image .wp-block-uagb-image__figure img{width: px;height: auto;}.uagb-block-e6f939b3.wp-block-uagb-image .wp-block-uagb-image__figure:hover .wp-block-uagb-image--layout-overlay__inner .uagb-image-caption{opacity: 1;}.uagb-block-e6f939b3.wp-block-uagb-image .wp-block-uagb-image__figure:hover .wp-block-uagb-image--layout-overlay__inner .uagb-image-separator{opacity: 1;}.uagb-block-e6f939b3.wp-block-uagb-image--layout-default figure:hover img{box-shadow: 0px 0px 0 #00000070;}.uagb-block-e6f939b3.wp-block-uagb-image--layout-overlay figure:hover img{box-shadow: 0px 0px 0 #00000070;}@media only screen and (max-width: 976px) {.uagb-block-e6f939b3.wp-block-uagb-image .wp-block-uagb-image__figure img{width: px;height: auto;}}@media only screen and (max-width: 767px) {.uagb-block-e6f939b3.wp-block-uagb-image .wp-block-uagb-image__figure img{width: px;height: auto;}}\";s:2:\"js\";s:0:\"\";s:18:\"current_block_list\";a:13:{i:0;s:14:\"core\/paragraph\";i:1;s:11:\"core\/search\";i:2;s:10:\"core\/group\";i:3;s:12:\"core\/heading\";i:4;s:17:\"core\/latest-posts\";i:5;s:20:\"core\/latest-comments\";i:6;s:13:\"core\/archives\";i:7;s:15:\"core\/categories\";i:8;s:10:\"uagb\/image\";i:9;s:11:\"core\/spacer\";i:10;s:30:\"woocommerce\/product-categories\";i:11;s:10:\"core\/image\";i:12;s:14:\"core\/shortcode\";}s:8:\"uag_flag\";b:1;s:11:\"uag_version\";s:10:\"1776324359\";s:6:\"gfonts\";a:0:{}s:10:\"gfonts_url\";s:0:\"\";s:12:\"gfonts_files\";a:0:{}s:14:\"uag_faq_layout\";b:0;}"]},"uagb_featured_image_src":{"full":false,"thumbnail":false,"medium":false,"medium_large":false,"large":false,"1536x1536":false,"2048x2048":false,"trp-custom-language-flag":false,"woocommerce_thumbnail":false,"woocommerce_single":false,"woocommerce_gallery_thumbnail":false},"uagb_author_info":{"display_name":"admin","author_link":"https:\/\/www.oleaia.com\/es\/author\/admin2721\/"},"uagb_comment_info":0,"uagb_excerpt":"These conditions of sale are concluded on the one hand by the company Oleaia LLC with a share capital of 100,000 USD whose head office is located at 213 N Market Street #1042, Wilmington, DE 19801, United States of America, registered in the Commercial Register of Delaware under the number 10141920 and managing the website&hellip;","_links":{"self":[{"href":"https:\/\/www.oleaia.com\/es\/wp-json\/wp\/v2\/pages\/121","targetHints":{"allow":["GET"]}}],"collection":[{"href":"https:\/\/www.oleaia.com\/es\/wp-json\/wp\/v2\/pages"}],"about":[{"href":"https:\/\/www.oleaia.com\/es\/wp-json\/wp\/v2\/types\/page"}],"author":[{"embeddable":true,"href":"https:\/\/www.oleaia.com\/es\/wp-json\/wp\/v2\/users\/1"}],"replies":[{"embeddable":true,"href":"https:\/\/www.oleaia.com\/es\/wp-json\/wp\/v2\/comments?post=121"}],"version-history":[{"count":3,"href":"https:\/\/www.oleaia.com\/es\/wp-json\/wp\/v2\/pages\/121\/revisions"}],"predecessor-version":[{"id":23029,"href":"https:\/\/www.oleaia.com\/es\/wp-json\/wp\/v2\/pages\/121\/revisions\/23029"}],"wp:attachment":[{"href":"https:\/\/www.oleaia.com\/es\/wp-json\/wp\/v2\/media?parent=121"}],"curies":[{"name":"wp","href":"https:\/\/api.w.org\/{rel}","templated":true}]}}