{"id":23047,"date":"2025-07-25T15:32:01","date_gmt":"2025-07-25T13:32:01","guid":{"rendered":"https:\/\/www.oleaia.com\/?post_type=product&#038;p=23047"},"modified":"2026-03-27T12:07:51","modified_gmt":"2026-03-27T11:07:51","slug":"rosemary-oil","status":"publish","type":"product","link":"https:\/\/www.oleaia.com\/es\/products\/rosemary-oil\/","title":{"rendered":"Aceite de romero - 1 litro"},"content":{"rendered":"<p><strong><img decoding=\"async\" style=\"margin-right: 12px;\" src=\"https:\/\/www.oleaia.com\/wp-content\/uploads\/2026\/03\/Check.svg\" alt=\"\" width=\"18\" height=\"15\" \/>Eficacia inigualable para estimular el crecimiento del cabello y revitalizar la salud del cuero cabelludo.<\/strong> El aceite de romero es la soluci\u00f3n natural m\u00e1s eficaz para fortalecer y engrosar el cabello, mejorar la circulaci\u00f3n del cuero cabelludo y potenciar la vitalidad general del cabello. Ampliamente utilizado en el cuidado del cabello tradicional y moderno, ayuda a estimular el cuero cabelludo, reducir la apariencia de adelgazamiento del cabello, y contribuir a un cabello m\u00e1s lleno, m\u00e1s sano y m\u00e1s resistente con el uso constante.<\/p>\n<p><strong><img decoding=\"async\" style=\"margin-right: 12px;\" src=\"https:\/\/www.oleaia.com\/wp-content\/uploads\/2026\/03\/Check.svg\" alt=\"\" width=\"18\" height=\"15\" \/>El aceite de romero de primera calidad m\u00e1s barato del mercado.<\/strong> Somos los m\u00e1s baratos del mercado, pero mantenemos estrictas normas de calidad, lo que garantiza un valor excepcional sin comprometer la potencia ni la pureza arom\u00e1tica. Este precio asequible permite utilizar el aceite de romero con regularidad tanto en el cuidado del cabello como en las rutinas de bienestar.<\/p>\n<p><strong><img decoding=\"async\" style=\"margin-right: 12px;\" src=\"https:\/\/www.oleaia.com\/wp-content\/uploads\/2026\/03\/Check.svg\" alt=\"\" width=\"18\" height=\"15\" \/>Entrega r\u00e1pida y fiable en 24 horas.<\/strong> Siempre ofrecemos entrega en 24 horas, garantizando que el aceite de romero llegue r\u00e1pida y eficazmente. El env\u00edo puntual garantiza la continuidad ininterrumpida de las rutinas de cuidado personal y tratamiento capilar.<\/p>\n<p><strong><img decoding=\"async\" style=\"margin-right: 12px;\" src=\"https:\/\/www.oleaia.com\/wp-content\/uploads\/2026\/03\/Check.svg\" alt=\"\" width=\"18\" height=\"15\" \/>Garant\u00eda de devoluci\u00f3n del dinero para mayor tranquilidad.<\/strong> Ofrecemos una garant\u00eda de devoluci\u00f3n del dinero. Si el cliente no queda satisfecho, le devolvemos el dinero. Este compromiso transparente refleja confianza en la calidad del producto y proporciona una experiencia de compra totalmente libre de riesgos.<\/p>\n<p><strong><img decoding=\"async\" style=\"margin-right: 12px;\" src=\"https:\/\/www.oleaia.com\/wp-content\/uploads\/2026\/03\/Check.svg\" alt=\"\" width=\"18\" height=\"15\" \/>Totalmente org\u00e1nico para un aut\u00e9ntico rendimiento bot\u00e1nico.<\/strong> Nuestro aceite de romero es totalmente org\u00e1nico, producido con un cuidadoso respeto por la responsabilidad medioambiental y la integridad de las plantas. Este compromiso garantiza la alineaci\u00f3n con los est\u00e1ndares de belleza limpia y las tradiciones de bienestar natural.<\/p>\n<p><strong><img decoding=\"async\" style=\"margin-right: 12px;\" src=\"https:\/\/www.oleaia.com\/wp-content\/uploads\/2026\/03\/Check.svg\" alt=\"\" width=\"18\" height=\"15\" \/>Favorece un cabello m\u00e1s fuerte, grueso y con volumen.<\/strong> El aceite de romero es muy apreciado por ayudar a mejorar el aspecto de la densidad capilar, reforzar las hebras de la ra\u00edz a las puntas y reducir el aspecto de rotura.<\/p>\n<p><strong><img decoding=\"async\" style=\"margin-right: 12px;\" src=\"https:\/\/www.oleaia.com\/wp-content\/uploads\/2026\/03\/Check.svg\" alt=\"\" width=\"18\" height=\"15\" \/>Favorece la estimulaci\u00f3n del cuero cabelludo y mejora la sensaci\u00f3n de circulaci\u00f3n.<\/strong> Con un masaje regular, ayuda a vigorizar el cuero cabelludo, creando un entorno \u00f3ptimo para el crecimiento de un cabello de aspecto m\u00e1s sano.<\/p>\n<p><strong><img decoding=\"async\" style=\"margin-right: 12px;\" src=\"https:\/\/www.oleaia.com\/wp-content\/uploads\/2026\/03\/Check.svg\" alt=\"\" width=\"18\" height=\"15\" \/>Favorece la reducci\u00f3n de la aparici\u00f3n de caspa y el desequilibrio del cuero cabelludo.<\/strong> Sus propiedades purificantes ayudan a mantener un cuero cabelludo limpio y equilibrado, mejorando el confort y el aspecto general.<\/p>\n<p><strong><img decoding=\"async\" style=\"margin-right: 12px;\" src=\"https:\/\/www.oleaia.com\/wp-content\/uploads\/2026\/03\/Check.svg\" alt=\"\" width=\"18\" height=\"15\" \/>Mejora el brillo, la suavidad y la manejabilidad del cabello.<\/strong> Aplicado a lo largo del cabello, el aceite de romero ayuda a suavizar las hebras, reducir la sequedad y promover un acabado brillante y vibrante.<\/p>\n<p><strong><img decoding=\"async\" style=\"margin-right: 12px;\" src=\"https:\/\/www.oleaia.com\/wp-content\/uploads\/2026\/03\/Check.svg\" alt=\"\" width=\"18\" height=\"15\" \/>Favorece la claridad mental, la concentraci\u00f3n y el estado de alerta.<\/strong> Su aroma fresco y herb\u00e1ceo estimula la mente, ayudando a mejorar la concentraci\u00f3n, la memoria y el rendimiento cognitivo en general.<\/p>\n<p><strong><img decoding=\"async\" style=\"margin-right: 12px;\" src=\"https:\/\/www.oleaia.com\/wp-content\/uploads\/2026\/03\/Check.svg\" alt=\"\" width=\"18\" height=\"15\" \/>Favorece el confort y la relajaci\u00f3n muscular.<\/strong> Utilizado en masajes, el aceite de romero ayuda a mantener el bienestar f\u00edsico, especialmente tras un esfuerzo o largos periodos de tensi\u00f3n.<\/p>\n<p><strong><img decoding=\"async\" style=\"margin-right: 12px;\" src=\"https:\/\/www.oleaia.com\/wp-content\/uploads\/2026\/03\/Check.svg\" alt=\"\" width=\"18\" height=\"15\" \/>Favorece una piel m\u00e1s clara y equilibrada.<\/strong> Aplicado en la diluci\u00f3n adecuada, el aceite de romero ayuda a mejorar el aspecto de las imperfecciones y contribuye a refrescar el cutis.<\/p>\n<p><strong><img decoding=\"async\" style=\"margin-right: 12px;\" src=\"https:\/\/www.oleaia.com\/wp-content\/uploads\/2026\/03\/Check.svg\" alt=\"\" width=\"18\" height=\"15\" \/>Ideal para el cuidado del cabello, tratamientos del cuero cabelludo y rutinas energizantes.<\/strong> El aceite de romero es especialmente adecuado para las personas que buscan una mayor vitalidad capilar y estimulaci\u00f3n mental.<\/p>\n<p><strong><img decoding=\"async\" style=\"margin-right: 12px;\" src=\"https:\/\/www.oleaia.com\/wp-content\/uploads\/2026\/03\/Check.svg\" alt=\"\" width=\"18\" height=\"15\" \/>Vers\u00e1til para el cuero cabelludo, el cabello, la piel, masajes y aromaterapia.<\/strong> El aceite de romero se integra perfectamente en rutinas completas de bienestar y belleza.<\/p>\n<p><strong><img decoding=\"async\" style=\"margin-right: 12px;\" src=\"https:\/\/www.oleaia.com\/wp-content\/uploads\/2026\/03\/Check.svg\" alt=\"\" width=\"18\" height=\"15\" \/>Ya enriquecido con un aceite nutritivo para una aplicaci\u00f3n suave y un confort \u00f3ptimo.<\/strong> Nuestro aceite de romero ya est\u00e1 enriquecido con un aceite nutritivo para garantizar una intensidad controlada, una mejor extensibilidad, un confort \u00f3ptimo y una facilidad de uso. Esta cuidada formulaci\u00f3n permite una aplicaci\u00f3n segura y agradable sobre el cuero cabelludo y la piel.<\/p>\n<h2><strong>Instrucciones<\/strong><\/h2>\n<ul>\n<li>Para el tratamiento del cuero cabelludo, aplicar de 3 a 6 gotas y masajear suavemente durante 5 a 10 minutos.<\/li>\n<li>Dejar actuar de 30 a 60 minutos antes de lavar, o toda la noche para cuidados intensivos.<\/li>\n<li>Util\u00edcelo de dos a cuatro veces por semana para obtener resultados \u00f3ptimos en el cabello.<\/li>\n<li>Para cabellos largos, aplicar de 1 a 2 gotas para potenciar el brillo y reducir la sequedad.<\/li>\n<li>Para masaje, diluir y aplicar en zonas como hombros, cuello o piernas.<\/li>\n<li>Para la claridad mental, aplicar 1 gota en las sienes o inhalar directamente de las manos.<\/li>\n<li>Para uso arom\u00e1tico, a\u00f1adir de 3 a 5 gotas a un difusor y difundir de 15 a 30 minutos.<\/li>\n<li>La dosis diaria m\u00e1xima recomendada para uso t\u00f3pico es de aproximadamente 5 a 7 gotas repartidas por las zonas de aplicaci\u00f3n.<\/li>\n<li>Realizar una prueba del parche antes del primer uso para evaluar la compatibilidad con la piel.<\/li>\n<li>Evitar el contacto con los ojos y las mucosas sensibles.<\/li>\n<li>No aplicar sin diluir sobre pieles muy sensibles.<\/li>\n<li>No recomendado durante el embarazo o para personas con ciertas afecciones sin consejo profesional.<\/li>\n<li>Cons\u00e9rvese en un lugar fresco y seco, alejado de la luz solar directa, y mant\u00e9ngase el frasco bien cerrado despu\u00e9s de cada uso.<\/li>\n<\/ul>","protected":false},"excerpt":{"rendered":"<p>Unmatched effectiveness for stimulating hair growth and revitalizing scalp health. Rosemary oil is the most effective natural solution for promoting stronger, thicker-looking hair, improving scalp circulation, and enhancing overall hair vitality. Widely used in traditional and modern hair care, it helps stimulate the scalp, reduce the appearance of hair thinning, and contribute to fuller, healthier, [&hellip;]<\/p>\n","protected":false},"featured_media":23953,"comment_status":"open","ping_status":"closed","template":"","meta":{"_uag_custom_page_level_css":"","site-sidebar-layout":"default","site-content-layout":"","ast-site-content-layout":"default","site-content-style":"default","site-sidebar-style":"default","ast-global-header-display":"","ast-banner-title-visibility":"","ast-main-header-display":"","ast-hfb-above-header-display":"","ast-hfb-below-header-display":"","ast-hfb-mobile-header-display":"","site-post-title":"","ast-breadcrumbs-content":"","ast-featured-img":"","footer-sml-layout":"","ast-disable-related-posts":"","theme-transparent-header-meta":"default","adv-header-id-meta":"","stick-header-meta":"","header-above-stick-meta":"","header-main-stick-meta":"","header-below-stick-meta":"","astra-migrate-meta-layouts":"set","ast-page-background-enabled":"default","ast-page-background-meta":{"desktop":{"background-color":"var(--ast-global-color-4)","background-image":"","background-repeat":"repeat","background-position":"center center","background-size":"auto","background-attachment":"scroll","background-type":"","background-media":"","overlay-type":"","overlay-color":"","overlay-opacity":"","overlay-gradient":""},"tablet":{"background-color":"","background-image":"","background-repeat":"repeat","background-position":"center center","background-size":"auto","background-attachment":"scroll","background-type":"","background-media":"","overlay-type":"","overlay-color":"","overlay-opacity":"","overlay-gradient":""},"mobile":{"background-color":"","background-image":"","background-repeat":"repeat","background-position":"center center","background-size":"auto","background-attachment":"scroll","background-type":"","background-media":"","overlay-type":"","overlay-color":"","overlay-opacity":"","overlay-gradient":""}},"ast-content-background-meta":{"desktop":{"background-color":"var(--ast-global-color-5)","background-image":"","background-repeat":"repeat","background-position":"center center","background-size":"auto","background-attachment":"scroll","background-type":"","background-media":"","overlay-type":"","overlay-color":"","overlay-opacity":"","overlay-gradient":""},"tablet":{"background-color":"var(--ast-global-color-5)","background-image":"","background-repeat":"repeat","background-position":"center center","background-size":"auto","background-attachment":"scroll","background-type":"","background-media":"","overlay-type":"","overlay-color":"","overlay-opacity":"","overlay-gradient":""},"mobile":{"background-color":"var(--ast-global-color-5)","background-image":"","background-repeat":"repeat","background-position":"center center","background-size":"auto","background-attachment":"scroll","background-type":"","background-media":"","overlay-type":"","overlay-color":"","overlay-opacity":"","overlay-gradient":""}}},"product_brand":[],"product_cat":[15],"product_tag":[],"class_list":{"0":"post-23047","1":"product","2":"type-product","3":"status-publish","4":"has-post-thumbnail","6":"product_cat-shop","7":"desktop-align-left","8":"tablet-align-left","9":"mobile-align-left","11":"first","12":"instock","13":"shipping-taxable","14":"purchasable","15":"product-type-simple"},"spectra_custom_meta":{"_edit_lock":["1774609532:1"],"_edit_last":["1"],"merchant-center-availability":["yes"],"merchant-center-category":["6104"],"_thumbnail_id":["23953"],"_wp_page_template":["default"],"_sku":["OLROSEMARYOIL"],"_global_unique_id":["5056773820623"],"_regular_price":["29.90"],"total_sales":["73"],"_tax_status":["taxable"],"_tax_class":[""],"_manage_stock":["no"],"_backorders":["no"],"_sold_individually":["no"],"_weight":["1.3"],"_virtual":["no"],"_downloadable":["no"],"_download_limit":["-1"],"_download_expiry":["-1"],"_stock":[null],"_stock_status":["instock"],"_wc_average_rating":["5.00"],"_wc_review_count":["10"],"_product_version":["10.6.1"],"_price":["29.90"],"site-sidebar-layout":["default"],"ast-site-content-layout":["default"],"site-content-style":["default"],"site-sidebar-style":["default"],"theme-transparent-header-meta":["default"],"_wc_rating_count":["a:1:{i:5;i:10;}"],"astra-migrate-meta-layouts":["set"],"_uag_css_file_name":["uag-css-23047.css"],"_elementor_page_assets":["a:0:{}"],"_uag_page_assets":["a:9:{s:3:\"css\";s:6893:\".wp-block-uagb-image{display:flex}.wp-block-uagb-image__figure{position:relative;display:flex;flex-direction:column;max-width:100%;height:auto;margin:0}.wp-block-uagb-image__figure img{height:auto;display:flex;max-width:100%;transition:box-shadow 0.2s ease}.wp-block-uagb-image__figure>a{display:inline-block}.wp-block-uagb-image__figure figcaption{text-align:center;margin-top:0.5em;margin-bottom:1em}.wp-block-uagb-image .components-placeholder.block-editor-media-placeholder .components-placeholder__instructions{align-self:center}.wp-block-uagb-image--align-left{text-align:left}.wp-block-uagb-image--align-right{text-align:right}.wp-block-uagb-image--align-center{text-align:center}.wp-block-uagb-image--align-full .wp-block-uagb-image__figure{margin-left:calc(50% - 50vw);margin-right:calc(50% - 50vw);max-width:100vw;width:100vw;height:auto}.wp-block-uagb-image--align-full .wp-block-uagb-image__figure img{height:auto;width:100% !important}.wp-block-uagb-image--align-wide .wp-block-uagb-image__figure img{height:auto;width:100%}.wp-block-uagb-image--layout-overlay__color-wrapper{position:absolute;left:0;top:0;right:0;bottom:0;opacity:0.2;background:rgba(0,0,0,0.5);transition:opacity 0.35s ease-in-out}.wp-block-uagb-image--layout-overlay-link{position:absolute;left:0;right:0;bottom:0;top:0}.wp-block-uagb-image--layout-overlay .wp-block-uagb-image__figure:hover .wp-block-uagb-image--layout-overlay__color-wrapper{opacity:1}.wp-block-uagb-image--layout-overlay__inner{position:absolute;left:15px;right:15px;bottom:15px;top:15px;display:flex;align-items:center;justify-content:center;flex-direction:column;border-color:#fff;transition:0.35s ease-in-out}.wp-block-uagb-image--layout-overlay__inner.top-left,.wp-block-uagb-image--layout-overlay__inner.top-center,.wp-block-uagb-image--layout-overlay__inner.top-right{justify-content:flex-start}.wp-block-uagb-image--layout-overlay__inner.bottom-left,.wp-block-uagb-image--layout-overlay__inner.bottom-center,.wp-block-uagb-image--layout-overlay__inner.bottom-right{justify-content:flex-end}.wp-block-uagb-image--layout-overlay__inner.top-left,.wp-block-uagb-image--layout-overlay__inner.center-left,.wp-block-uagb-image--layout-overlay__inner.bottom-left{align-items:flex-start}.wp-block-uagb-image--layout-overlay__inner.top-right,.wp-block-uagb-image--layout-overlay__inner.center-right,.wp-block-uagb-image--layout-overlay__inner.bottom-right{align-items:flex-end}.wp-block-uagb-image--layout-overlay__inner .uagb-image-heading{color:#fff;transition:transform 0.35s, opacity 0.35s ease-in-out;transform:translate3d(0, 24px, 0);margin:0;line-height:1em}.wp-block-uagb-image--layout-overlay__inner .uagb-image-separator{width:30%;border-top-width:2px;border-top-color:#fff;border-top-style:solid;margin-bottom:10px;opacity:0;transition:transform 0.4s, opacity 0.4s ease-in-out;transform:translate3d(0, 30px, 0)}.wp-block-uagb-image--layout-overlay__inner .uagb-image-caption{opacity:0;overflow:visible;color:#fff;transition:transform 0.45s, opacity 0.45s ease-in-out;transform:translate3d(0, 35px, 0)}.wp-block-uagb-image--layout-overlay__inner:hover .uagb-image-heading,.wp-block-uagb-image--layout-overlay__inner:hover .uagb-image-separator,.wp-block-uagb-image--layout-overlay__inner:hover .uagb-image-caption{opacity:1;transform:translate3d(0, 0, 0)}.wp-block-uagb-image--effect-zoomin .wp-block-uagb-image__figure img,.wp-block-uagb-image--effect-zoomin .wp-block-uagb-image__figure .wp-block-uagb-image--layout-overlay__color-wrapper{transform:scale(1);transition:transform 0.35s ease-in-out}.wp-block-uagb-image--effect-zoomin .wp-block-uagb-image__figure:hover img,.wp-block-uagb-image--effect-zoomin .wp-block-uagb-image__figure:hover .wp-block-uagb-image--layout-overlay__color-wrapper{transform:scale(1.05)}.wp-block-uagb-image--effect-slide .wp-block-uagb-image__figure img,.wp-block-uagb-image--effect-slide .wp-block-uagb-image__figure .wp-block-uagb-image--layout-overlay__color-wrapper{width:calc(100% + 40px) !important;max-width:none !important;transform:translate3d(-40px, 0, 0);transition:transform 0.35s ease-in-out}.wp-block-uagb-image--effect-slide .wp-block-uagb-image__figure:hover img,.wp-block-uagb-image--effect-slide .wp-block-uagb-image__figure:hover .wp-block-uagb-image--layout-overlay__color-wrapper{transform:translate3d(0, 0, 0)}.wp-block-uagb-image--effect-grayscale img{filter:grayscale(0%);transition:0.35s ease-in-out}.wp-block-uagb-image--effect-grayscale:hover img{filter:grayscale(100%)}.wp-block-uagb-image--effect-blur img{filter:blur(0);transition:0.35s ease-in-out}.wp-block-uagb-image--effect-blur:hover img{filter:blur(3px)}\n.uagb-block-e6f939b3.wp-block-uagb-image--layout-default figure img{box-shadow: 0px 0px 0 #00000070;}.uagb-block-e6f939b3.wp-block-uagb-image .wp-block-uagb-image__figure figcaption{font-style: normal;align-self: center;}.uagb-block-e6f939b3.wp-block-uagb-image--layout-overlay figure img{box-shadow: 0px 0px 0 #00000070;}.uagb-block-e6f939b3.wp-block-uagb-image--layout-overlay .wp-block-uagb-image--layout-overlay__color-wrapper{opacity: 0.2;}.uagb-block-e6f939b3.wp-block-uagb-image--layout-overlay .wp-block-uagb-image--layout-overlay__inner{left: 15px;right: 15px;top: 15px;bottom: 15px;}.uagb-block-e6f939b3.wp-block-uagb-image--layout-overlay .wp-block-uagb-image--layout-overlay__inner .uagb-image-heading{font-style: normal;color: #fff;opacity: 1;}.uagb-block-e6f939b3.wp-block-uagb-image--layout-overlay .wp-block-uagb-image--layout-overlay__inner .uagb-image-heading a{color: #fff;}.uagb-block-e6f939b3.wp-block-uagb-image--layout-overlay .wp-block-uagb-image--layout-overlay__inner .uagb-image-caption{opacity: 0;}.uagb-block-e6f939b3.wp-block-uagb-image--layout-overlay .wp-block-uagb-image__figure:hover .wp-block-uagb-image--layout-overlay__color-wrapper{opacity: 1;}.uagb-block-e6f939b3.wp-block-uagb-image .wp-block-uagb-image--layout-overlay__inner .uagb-image-separator{width: 30%;border-top-width: 2px;border-top-color: #fff;opacity: 0;}.uagb-block-e6f939b3.wp-block-uagb-image .wp-block-uagb-image__figure img{width: px;height: auto;}.uagb-block-e6f939b3.wp-block-uagb-image .wp-block-uagb-image__figure:hover .wp-block-uagb-image--layout-overlay__inner .uagb-image-caption{opacity: 1;}.uagb-block-e6f939b3.wp-block-uagb-image .wp-block-uagb-image__figure:hover .wp-block-uagb-image--layout-overlay__inner .uagb-image-separator{opacity: 1;}.uagb-block-e6f939b3.wp-block-uagb-image--layout-default figure:hover img{box-shadow: 0px 0px 0 #00000070;}.uagb-block-e6f939b3.wp-block-uagb-image--layout-overlay figure:hover img{box-shadow: 0px 0px 0 #00000070;}@media only screen and (max-width: 976px) {.uagb-block-e6f939b3.wp-block-uagb-image .wp-block-uagb-image__figure img{width: px;height: auto;}}@media only screen and (max-width: 767px) {.uagb-block-e6f939b3.wp-block-uagb-image .wp-block-uagb-image__figure img{width: px;height: auto;}}\";s:2:\"js\";s:0:\"\";s:18:\"current_block_list\";a:13:{i:0;s:11:\"core\/search\";i:1;s:10:\"core\/group\";i:2;s:12:\"core\/heading\";i:3;s:17:\"core\/latest-posts\";i:4;s:20:\"core\/latest-comments\";i:5;s:13:\"core\/archives\";i:6;s:15:\"core\/categories\";i:7;s:14:\"core\/paragraph\";i:8;s:10:\"uagb\/image\";i:9;s:11:\"core\/spacer\";i:10;s:30:\"woocommerce\/product-categories\";i:11;s:10:\"core\/image\";i:12;s:14:\"core\/shortcode\";}s:8:\"uag_flag\";b:1;s:11:\"uag_version\";s:10:\"1776353558\";s:6:\"gfonts\";a:0:{}s:10:\"gfonts_url\";s:0:\"\";s:12:\"gfonts_files\";a:0:{}s:14:\"uag_faq_layout\";b:0;}"]},"uagb_featured_image_src":{"full":["https:\/\/www.oleaia.com\/wp-content\/uploads\/2025\/07\/Oleaia-Rosemary-Oil-1L.jpg",2560,2560,false],"thumbnail":["https:\/\/www.oleaia.com\/wp-content\/uploads\/2025\/07\/Oleaia-Rosemary-Oil-1L-150x150.jpg",150,150,true],"medium":["https:\/\/www.oleaia.com\/wp-content\/uploads\/2025\/07\/Oleaia-Rosemary-Oil-1L-300x300.jpg",300,300,true],"medium_large":["https:\/\/www.oleaia.com\/wp-content\/uploads\/2025\/07\/Oleaia-Rosemary-Oil-1L-768x768.jpg",768,768,true],"large":["https:\/\/www.oleaia.com\/wp-content\/uploads\/2025\/07\/Oleaia-Rosemary-Oil-1L-1024x1024.jpg",1024,1024,true],"1536x1536":["https:\/\/www.oleaia.com\/wp-content\/uploads\/2025\/07\/Oleaia-Rosemary-Oil-1L-1536x1536.jpg",1536,1536,true],"2048x2048":["https:\/\/www.oleaia.com\/wp-content\/uploads\/2025\/07\/Oleaia-Rosemary-Oil-1L-2048x2048.jpg",2048,2048,true],"trp-custom-language-flag":["https:\/\/www.oleaia.com\/wp-content\/uploads\/2025\/07\/Oleaia-Rosemary-Oil-1L-12x12.jpg",12,12,true],"woocommerce_thumbnail":["https:\/\/www.oleaia.com\/wp-content\/uploads\/2025\/07\/Oleaia-Rosemary-Oil-1L-300x300.jpg",300,300,true],"woocommerce_single":["https:\/\/www.oleaia.com\/wp-content\/uploads\/2025\/07\/Oleaia-Rosemary-Oil-1L-600x600.jpg",600,600,true],"woocommerce_gallery_thumbnail":["https:\/\/www.oleaia.com\/wp-content\/uploads\/2025\/07\/Oleaia-Rosemary-Oil-1L-100x100.jpg",100,100,true]},"uagb_author_info":{"display_name":"admin","author_link":"https:\/\/www.oleaia.com\/es\/author\/"},"uagb_comment_info":10,"uagb_excerpt":"Unmatched effectiveness for stimulating hair growth and revitalizing scalp health. Rosemary oil is the most effective natural solution for promoting stronger, thicker-looking hair, improving scalp circulation, and enhancing overall hair vitality. Widely used in traditional and modern hair care, it helps stimulate the scalp, reduce the appearance of hair thinning, and contribute to fuller, healthier,&hellip;","_links":{"self":[{"href":"https:\/\/www.oleaia.com\/es\/wp-json\/wp\/v2\/product\/23047","targetHints":{"allow":["GET"]}}],"collection":[{"href":"https:\/\/www.oleaia.com\/es\/wp-json\/wp\/v2\/product"}],"about":[{"href":"https:\/\/www.oleaia.com\/es\/wp-json\/wp\/v2\/types\/product"}],"replies":[{"embeddable":true,"href":"https:\/\/www.oleaia.com\/es\/wp-json\/wp\/v2\/comments?post=23047"}],"version-history":[{"count":4,"href":"https:\/\/www.oleaia.com\/es\/wp-json\/wp\/v2\/product\/23047\/revisions"}],"predecessor-version":[{"id":81241,"href":"https:\/\/www.oleaia.com\/es\/wp-json\/wp\/v2\/product\/23047\/revisions\/81241"}],"wp:featuredmedia":[{"embeddable":true,"href":"https:\/\/www.oleaia.com\/es\/wp-json\/wp\/v2\/media\/23953"}],"wp:attachment":[{"href":"https:\/\/www.oleaia.com\/es\/wp-json\/wp\/v2\/media?parent=23047"}],"wp:term":[{"taxonomy":"product_brand","embeddable":true,"href":"https:\/\/www.oleaia.com\/es\/wp-json\/wp\/v2\/product_brand?post=23047"},{"taxonomy":"product_cat","embeddable":true,"href":"https:\/\/www.oleaia.com\/es\/wp-json\/wp\/v2\/product_cat?post=23047"},{"taxonomy":"product_tag","embeddable":true,"href":"https:\/\/www.oleaia.com\/es\/wp-json\/wp\/v2\/product_tag?post=23047"}],"curies":[{"name":"wp","href":"https:\/\/api.w.org\/{rel}","templated":true}]}}