{"id":23655,"date":"2025-08-08T15:06:01","date_gmt":"2025-08-08T13:06:01","guid":{"rendered":"https:\/\/www.oleaia.com\/?post_type=product&#038;p=23655"},"modified":"2026-03-02T17:32:47","modified_gmt":"2026-03-02T16:32:47","slug":"atlas-cedarwood-oil","status":"publish","type":"product","link":"https:\/\/www.oleaia.com\/es\/products\/atlas-cedarwood-oil\/","title":{"rendered":"Aceite de cedro del Atlas - 1 litro"},"content":{"rendered":"<p><strong><img decoding=\"async\" style=\"margin-right: 12px;\" src=\"https:\/\/www.oleaia.com\/wp-content\/uploads\/2026\/03\/Check.svg\" alt=\"\" width=\"18\" height=\"15\" \/>Eficacia inigualable para la relajaci\u00f3n y el equilibrio emocional.<\/strong> El aceite de cedro del Atlas es la soluci\u00f3n natural m\u00e1s eficaz para promover un estado mental tranquilo y centrado, al tiempo que favorece la claridad emocional. Su aroma c\u00e1lido y amaderado se valora tradicionalmente en aromaterapia por ayudar a reducir la sensaci\u00f3n de tensi\u00f3n, fomentar la concentraci\u00f3n mental y crear una atm\u00f3sfera estable y reconfortante que favorece el bienestar diario.<\/p>\n<p><strong><img decoding=\"async\" style=\"margin-right: 12px;\" src=\"https:\/\/www.oleaia.com\/wp-content\/uploads\/2026\/03\/Check.svg\" alt=\"\" width=\"18\" height=\"15\" \/>El aceite de cedro del Atlas m\u00e1s barato del mercado.<\/strong> Somos los m\u00e1s baratos del mercado al tiempo que mantenemos estrictas normas de calidad, lo que garantiza un valor excepcional sin comprometer la riqueza arom\u00e1tica ni el rendimiento. Esta asequibilidad permite incorporar el aceite de cedro del Atlas a los rituales cotidianos sin limitaciones econ\u00f3micas.<\/p>\n<p><strong><img decoding=\"async\" style=\"margin-right: 12px;\" src=\"https:\/\/www.oleaia.com\/wp-content\/uploads\/2026\/03\/Check.svg\" alt=\"\" width=\"18\" height=\"15\" \/>Entrega r\u00e1pida y fiable en 24 horas.<\/strong> Siempre ofrecemos entrega en 24 horas para que el aceite de cedro de atlas llegue de forma r\u00e1pida y fiable. El env\u00edo puntual garantiza un acceso ininterrumpido tanto si se utiliza para relajaci\u00f3n, meditaci\u00f3n o rutinas de cuidado personal.<\/p>\n<p><strong><img decoding=\"async\" style=\"margin-right: 12px;\" src=\"https:\/\/www.oleaia.com\/wp-content\/uploads\/2026\/03\/Check.svg\" alt=\"\" width=\"18\" height=\"15\" \/>Garant\u00eda de devoluci\u00f3n del dinero para mayor tranquilidad.<\/strong> Ofrecemos una garant\u00eda de devoluci\u00f3n del dinero. Si el cliente no queda satisfecho, le devolvemos el dinero. Este claro compromiso refleja la confianza en la calidad del producto y permite disfrutar de una experiencia sin riesgos.<\/p>\n<p><strong><img decoding=\"async\" style=\"margin-right: 12px;\" src=\"https:\/\/www.oleaia.com\/wp-content\/uploads\/2026\/03\/Check.svg\" alt=\"\" width=\"18\" height=\"15\" \/>Totalmente org\u00e1nico para un cuidado bot\u00e1nico aut\u00e9ntico.<\/strong> Nuestro aceite de madera de cedro del Atlas es totalmente ecol\u00f3gico y se produce respetando la responsabilidad medioambiental y la integridad de las plantas. Esto garantiza un producto alineado con los principios de la vida natural y las pr\u00e1cticas de bienestar hol\u00edstico.<\/p>\n<p><strong><img decoding=\"async\" style=\"margin-right: 12px;\" src=\"https:\/\/www.oleaia.com\/wp-content\/uploads\/2026\/03\/Check.svg\" alt=\"\" width=\"18\" height=\"15\" \/>Favorece un entorno pac\u00edfico y armonioso.<\/strong> El aroma profundo y amaderado del aceite de cedro del Atlas ayuda a transformar los espacios interiores en entornos tranquilos y acogedores. Ideal para su uso en difusores, mejora las sesiones de meditaci\u00f3n, yoga y relajaci\u00f3n fomentando una atm\u00f3sfera serena.<\/p>\n<p><strong><img decoding=\"async\" style=\"margin-right: 12px;\" src=\"https:\/\/www.oleaia.com\/wp-content\/uploads\/2026\/03\/Check.svg\" alt=\"\" width=\"18\" height=\"15\" \/>Favorece el equilibrio del cuero cabelludo y un aspecto m\u00e1s sano del cabello.<\/strong> El aceite de cedro del Atlas se incorpora tradicionalmente a los tratamientos capilares para ayudar a mantener el equilibrio del cuero cabelludo. Si se utiliza con regularidad, el cabello adquiere m\u00e1s fuerza, volumen y vitalidad.<\/p>\n<p><strong><img decoding=\"async\" style=\"margin-right: 12px;\" src=\"https:\/\/www.oleaia.com\/wp-content\/uploads\/2026\/03\/Check.svg\" alt=\"\" width=\"18\" height=\"15\" \/>Favorece el confort y la claridad de la piel.<\/strong> Cuando se aplica t\u00f3picamente, el aceite de cedro del Atlas favorece el aspecto equilibrado de la piel. Contribuye a una textura m\u00e1s suave y ayuda a mantener una sensaci\u00f3n de confort y frescor en la piel como parte del cuidado corporal diario.<\/p>\n<p><strong><img decoding=\"async\" style=\"margin-right: 12px;\" src=\"https:\/\/www.oleaia.com\/wp-content\/uploads\/2026\/03\/Check.svg\" alt=\"\" width=\"18\" height=\"15\" \/>Ideal para los rituales nocturnos y la gesti\u00f3n del estr\u00e9s.<\/strong> Su aroma enraizante hace que el aceite de cedro de Atlas sea especialmente adecuado para uso nocturno. Complementa las rutinas a la hora de dormir fomentando la relajaci\u00f3n y preparando la mente para un descanso reparador.<\/p>\n<p><strong><img decoding=\"async\" style=\"margin-right: 12px;\" src=\"https:\/\/www.oleaia.com\/wp-content\/uploads\/2026\/03\/Check.svg\" alt=\"\" width=\"18\" height=\"15\" \/>Ya enriquecido con un aceite nutritivo para mejorar el confort y la facilidad de aplicaci\u00f3n.<\/strong> Nuestro aceite de madera de cedro del Atlas ya est\u00e1 enriquecido con un aceite nutritivo para garantizar una aplicaci\u00f3n suave, una mejor extensibilidad, un confort \u00f3ptimo y una gran facilidad de uso. Esta cuidada formulaci\u00f3n mejora el deslizamiento del masaje y garantiza una cobertura suave y uniforme durante el uso t\u00f3pico.<\/p>\n<h2><strong>Instrucciones<\/strong><\/h2>\n<ul>\n<li>Para uso arom\u00e1tico, a\u00f1ada de 3 a 5 gotas a un difusor lleno de agua y dif\u00fandalo de 20 a 30 minutos.<\/li>\n<li>Util\u00edcelo por la noche para favorecer la relajaci\u00f3n o durante las sesiones de meditaci\u00f3n para mejorar la concentraci\u00f3n.<\/li>\n<li>Para el cuidado del cuero cabelludo, aplicar de 5 a 8 gotas en el cuero cabelludo y masajear suavemente durante varios minutos.<\/li>\n<li>Dejar actuar al menos 30 minutos antes de lavar con un champ\u00fa suave.<\/li>\n<li>Para un acondicionamiento m\u00e1s profundo del cabello, d\u00e9jelo toda la noche y l\u00e1velo bien a la ma\u00f1ana siguiente.<\/li>\n<li>Para aplicaci\u00f3n t\u00f3pica en el cuerpo, aplicar una peque\u00f1a cantidad sobre la piel limpia y seca y masajear hasta su total absorci\u00f3n.<\/li>\n<li>La dosis diaria m\u00e1xima recomendada para uso t\u00f3pico es de aproximadamente 6 a 10 gotas, repartidas por zonas de aplicaci\u00f3n.<\/li>\n<li>Realizar una prueba del parche antes del primer uso para evaluar la compatibilidad con la piel.<\/li>\n<li>Evitar el contacto con los ojos, mucosas y piel sensible o irritada.<\/li>\n<li>No aplicar sobre piel agrietada o da\u00f1ada.<\/li>\n<li>Util\u00edcelo sistem\u00e1ticamente como parte de una rutina habitual para el cabello, la piel o la relajaci\u00f3n para obtener resultados \u00f3ptimos.<\/li>\n<li>Cons\u00e9rvese en un lugar fresco y seco, alejado de la luz solar directa, y aseg\u00farese de cerrar bien el frasco despu\u00e9s de cada uso.<\/li>\n<\/ul>","protected":false},"excerpt":{"rendered":"<p>Unmatched effectiveness for grounding relaxation and emotional balance. Atlas cedarwood oil is the most effective natural solution for promoting a calm, centered state of mind while supporting emotional clarity. Its warm, woody aroma is traditionally valued in aromatherapy for helping reduce feelings of tension, encouraging mental focus, and creating a stable, comforting atmosphere that supports [&hellip;]<\/p>\n","protected":false},"featured_media":23829,"comment_status":"open","ping_status":"closed","template":"","meta":{"_uag_custom_page_level_css":"","site-sidebar-layout":"default","site-content-layout":"","ast-site-content-layout":"default","site-content-style":"default","site-sidebar-style":"default","ast-global-header-display":"","ast-banner-title-visibility":"","ast-main-header-display":"","ast-hfb-above-header-display":"","ast-hfb-below-header-display":"","ast-hfb-mobile-header-display":"","site-post-title":"","ast-breadcrumbs-content":"","ast-featured-img":"","footer-sml-layout":"","ast-disable-related-posts":"","theme-transparent-header-meta":"default","adv-header-id-meta":"","stick-header-meta":"","header-above-stick-meta":"","header-main-stick-meta":"","header-below-stick-meta":"","astra-migrate-meta-layouts":"set","ast-page-background-enabled":"default","ast-page-background-meta":{"desktop":{"background-color":"var(--ast-global-color-4)","background-image":"","background-repeat":"repeat","background-position":"center center","background-size":"auto","background-attachment":"scroll","background-type":"","background-media":"","overlay-type":"","overlay-color":"","overlay-opacity":"","overlay-gradient":""},"tablet":{"background-color":"","background-image":"","background-repeat":"repeat","background-position":"center center","background-size":"auto","background-attachment":"scroll","background-type":"","background-media":"","overlay-type":"","overlay-color":"","overlay-opacity":"","overlay-gradient":""},"mobile":{"background-color":"","background-image":"","background-repeat":"repeat","background-position":"center center","background-size":"auto","background-attachment":"scroll","background-type":"","background-media":"","overlay-type":"","overlay-color":"","overlay-opacity":"","overlay-gradient":""}},"ast-content-background-meta":{"desktop":{"background-color":"var(--ast-global-color-5)","background-image":"","background-repeat":"repeat","background-position":"center center","background-size":"auto","background-attachment":"scroll","background-type":"","background-media":"","overlay-type":"","overlay-color":"","overlay-opacity":"","overlay-gradient":""},"tablet":{"background-color":"var(--ast-global-color-5)","background-image":"","background-repeat":"repeat","background-position":"center center","background-size":"auto","background-attachment":"scroll","background-type":"","background-media":"","overlay-type":"","overlay-color":"","overlay-opacity":"","overlay-gradient":""},"mobile":{"background-color":"var(--ast-global-color-5)","background-image":"","background-repeat":"repeat","background-position":"center center","background-size":"auto","background-attachment":"scroll","background-type":"","background-media":"","overlay-type":"","overlay-color":"","overlay-opacity":"","overlay-gradient":""}}},"product_brand":[],"product_cat":[15],"product_tag":[],"class_list":{"0":"post-23655","1":"product","2":"type-product","3":"status-publish","4":"has-post-thumbnail","6":"product_cat-shop","7":"desktop-align-left","8":"tablet-align-left","9":"mobile-align-left","11":"first","12":"instock","13":"shipping-taxable","14":"purchasable","15":"product-type-simple"},"spectra_custom_meta":{"_edit_lock":["1772469038:1"],"_edit_last":["1"],"merchant-center-availability":["yes"],"merchant-center-category":["6104"],"_thumbnail_id":["23829"],"_wp_page_template":["default"],"_sku":["OLATLASCEDARWOODOIL"],"_global_unique_id":["5056773822122"],"_regular_price":["29.90"],"total_sales":["32"],"_tax_status":["taxable"],"_tax_class":[""],"_manage_stock":["no"],"_backorders":["no"],"_sold_individually":["no"],"_weight":["1.3"],"_virtual":["no"],"_downloadable":["no"],"_download_limit":["-1"],"_download_expiry":["-1"],"_stock":[null],"_stock_status":["instock"],"_wc_average_rating":["5.00"],"_wc_review_count":["20"],"_product_version":["10.5.2"],"_price":["29.90"],"site-sidebar-layout":["default"],"ast-site-content-layout":["default"],"site-content-style":["default"],"site-sidebar-style":["default"],"theme-transparent-header-meta":["default"],"_wp_old_slug":["atlas-cedarwood-oil-1-liter"],"_wc_rating_count":["a:1:{i:5;i:20;}"],"astra-migrate-meta-layouts":["set"],"_uag_css_file_name":["uag-css-23655.css"],"_elementor_page_assets":["a:0:{}"],"_uag_page_assets":["a:9:{s:3:\"css\";s:6893:\".wp-block-uagb-image{display:flex}.wp-block-uagb-image__figure{position:relative;display:flex;flex-direction:column;max-width:100%;height:auto;margin:0}.wp-block-uagb-image__figure img{height:auto;display:flex;max-width:100%;transition:box-shadow 0.2s ease}.wp-block-uagb-image__figure>a{display:inline-block}.wp-block-uagb-image__figure figcaption{text-align:center;margin-top:0.5em;margin-bottom:1em}.wp-block-uagb-image .components-placeholder.block-editor-media-placeholder .components-placeholder__instructions{align-self:center}.wp-block-uagb-image--align-left{text-align:left}.wp-block-uagb-image--align-right{text-align:right}.wp-block-uagb-image--align-center{text-align:center}.wp-block-uagb-image--align-full .wp-block-uagb-image__figure{margin-left:calc(50% - 50vw);margin-right:calc(50% - 50vw);max-width:100vw;width:100vw;height:auto}.wp-block-uagb-image--align-full .wp-block-uagb-image__figure img{height:auto;width:100% !important}.wp-block-uagb-image--align-wide .wp-block-uagb-image__figure img{height:auto;width:100%}.wp-block-uagb-image--layout-overlay__color-wrapper{position:absolute;left:0;top:0;right:0;bottom:0;opacity:0.2;background:rgba(0,0,0,0.5);transition:opacity 0.35s ease-in-out}.wp-block-uagb-image--layout-overlay-link{position:absolute;left:0;right:0;bottom:0;top:0}.wp-block-uagb-image--layout-overlay .wp-block-uagb-image__figure:hover .wp-block-uagb-image--layout-overlay__color-wrapper{opacity:1}.wp-block-uagb-image--layout-overlay__inner{position:absolute;left:15px;right:15px;bottom:15px;top:15px;display:flex;align-items:center;justify-content:center;flex-direction:column;border-color:#fff;transition:0.35s ease-in-out}.wp-block-uagb-image--layout-overlay__inner.top-left,.wp-block-uagb-image--layout-overlay__inner.top-center,.wp-block-uagb-image--layout-overlay__inner.top-right{justify-content:flex-start}.wp-block-uagb-image--layout-overlay__inner.bottom-left,.wp-block-uagb-image--layout-overlay__inner.bottom-center,.wp-block-uagb-image--layout-overlay__inner.bottom-right{justify-content:flex-end}.wp-block-uagb-image--layout-overlay__inner.top-left,.wp-block-uagb-image--layout-overlay__inner.center-left,.wp-block-uagb-image--layout-overlay__inner.bottom-left{align-items:flex-start}.wp-block-uagb-image--layout-overlay__inner.top-right,.wp-block-uagb-image--layout-overlay__inner.center-right,.wp-block-uagb-image--layout-overlay__inner.bottom-right{align-items:flex-end}.wp-block-uagb-image--layout-overlay__inner .uagb-image-heading{color:#fff;transition:transform 0.35s, opacity 0.35s ease-in-out;transform:translate3d(0, 24px, 0);margin:0;line-height:1em}.wp-block-uagb-image--layout-overlay__inner .uagb-image-separator{width:30%;border-top-width:2px;border-top-color:#fff;border-top-style:solid;margin-bottom:10px;opacity:0;transition:transform 0.4s, opacity 0.4s ease-in-out;transform:translate3d(0, 30px, 0)}.wp-block-uagb-image--layout-overlay__inner .uagb-image-caption{opacity:0;overflow:visible;color:#fff;transition:transform 0.45s, opacity 0.45s ease-in-out;transform:translate3d(0, 35px, 0)}.wp-block-uagb-image--layout-overlay__inner:hover .uagb-image-heading,.wp-block-uagb-image--layout-overlay__inner:hover .uagb-image-separator,.wp-block-uagb-image--layout-overlay__inner:hover .uagb-image-caption{opacity:1;transform:translate3d(0, 0, 0)}.wp-block-uagb-image--effect-zoomin .wp-block-uagb-image__figure img,.wp-block-uagb-image--effect-zoomin .wp-block-uagb-image__figure .wp-block-uagb-image--layout-overlay__color-wrapper{transform:scale(1);transition:transform 0.35s ease-in-out}.wp-block-uagb-image--effect-zoomin .wp-block-uagb-image__figure:hover img,.wp-block-uagb-image--effect-zoomin .wp-block-uagb-image__figure:hover .wp-block-uagb-image--layout-overlay__color-wrapper{transform:scale(1.05)}.wp-block-uagb-image--effect-slide .wp-block-uagb-image__figure img,.wp-block-uagb-image--effect-slide .wp-block-uagb-image__figure .wp-block-uagb-image--layout-overlay__color-wrapper{width:calc(100% + 40px) !important;max-width:none !important;transform:translate3d(-40px, 0, 0);transition:transform 0.35s ease-in-out}.wp-block-uagb-image--effect-slide .wp-block-uagb-image__figure:hover img,.wp-block-uagb-image--effect-slide .wp-block-uagb-image__figure:hover .wp-block-uagb-image--layout-overlay__color-wrapper{transform:translate3d(0, 0, 0)}.wp-block-uagb-image--effect-grayscale img{filter:grayscale(0%);transition:0.35s ease-in-out}.wp-block-uagb-image--effect-grayscale:hover img{filter:grayscale(100%)}.wp-block-uagb-image--effect-blur img{filter:blur(0);transition:0.35s ease-in-out}.wp-block-uagb-image--effect-blur:hover img{filter:blur(3px)}\n.uagb-block-e6f939b3.wp-block-uagb-image--layout-default figure img{box-shadow: 0px 0px 0 #00000070;}.uagb-block-e6f939b3.wp-block-uagb-image .wp-block-uagb-image__figure figcaption{font-style: normal;align-self: center;}.uagb-block-e6f939b3.wp-block-uagb-image--layout-overlay figure img{box-shadow: 0px 0px 0 #00000070;}.uagb-block-e6f939b3.wp-block-uagb-image--layout-overlay .wp-block-uagb-image--layout-overlay__color-wrapper{opacity: 0.2;}.uagb-block-e6f939b3.wp-block-uagb-image--layout-overlay .wp-block-uagb-image--layout-overlay__inner{left: 15px;right: 15px;top: 15px;bottom: 15px;}.uagb-block-e6f939b3.wp-block-uagb-image--layout-overlay .wp-block-uagb-image--layout-overlay__inner .uagb-image-heading{font-style: normal;color: #fff;opacity: 1;}.uagb-block-e6f939b3.wp-block-uagb-image--layout-overlay .wp-block-uagb-image--layout-overlay__inner .uagb-image-heading a{color: #fff;}.uagb-block-e6f939b3.wp-block-uagb-image--layout-overlay .wp-block-uagb-image--layout-overlay__inner .uagb-image-caption{opacity: 0;}.uagb-block-e6f939b3.wp-block-uagb-image--layout-overlay .wp-block-uagb-image__figure:hover .wp-block-uagb-image--layout-overlay__color-wrapper{opacity: 1;}.uagb-block-e6f939b3.wp-block-uagb-image .wp-block-uagb-image--layout-overlay__inner .uagb-image-separator{width: 30%;border-top-width: 2px;border-top-color: #fff;opacity: 0;}.uagb-block-e6f939b3.wp-block-uagb-image .wp-block-uagb-image__figure img{width: px;height: auto;}.uagb-block-e6f939b3.wp-block-uagb-image .wp-block-uagb-image__figure:hover .wp-block-uagb-image--layout-overlay__inner .uagb-image-caption{opacity: 1;}.uagb-block-e6f939b3.wp-block-uagb-image .wp-block-uagb-image__figure:hover .wp-block-uagb-image--layout-overlay__inner .uagb-image-separator{opacity: 1;}.uagb-block-e6f939b3.wp-block-uagb-image--layout-default figure:hover img{box-shadow: 0px 0px 0 #00000070;}.uagb-block-e6f939b3.wp-block-uagb-image--layout-overlay figure:hover img{box-shadow: 0px 0px 0 #00000070;}@media only screen and (max-width: 976px) {.uagb-block-e6f939b3.wp-block-uagb-image .wp-block-uagb-image__figure img{width: px;height: auto;}}@media only screen and (max-width: 767px) {.uagb-block-e6f939b3.wp-block-uagb-image .wp-block-uagb-image__figure img{width: px;height: auto;}}\";s:2:\"js\";s:0:\"\";s:18:\"current_block_list\";a:13:{i:0;s:11:\"core\/search\";i:1;s:10:\"core\/group\";i:2;s:12:\"core\/heading\";i:3;s:17:\"core\/latest-posts\";i:4;s:20:\"core\/latest-comments\";i:5;s:13:\"core\/archives\";i:6;s:15:\"core\/categories\";i:7;s:14:\"core\/paragraph\";i:8;s:10:\"uagb\/image\";i:9;s:11:\"core\/spacer\";i:10;s:30:\"woocommerce\/product-categories\";i:11;s:10:\"core\/image\";i:12;s:14:\"core\/shortcode\";}s:8:\"uag_flag\";b:1;s:11:\"uag_version\";s:10:\"1776403375\";s:6:\"gfonts\";a:0:{}s:10:\"gfonts_url\";s:0:\"\";s:12:\"gfonts_files\";a:0:{}s:14:\"uag_faq_layout\";b:0;}"]},"uagb_featured_image_src":{"full":["https:\/\/www.oleaia.com\/wp-content\/uploads\/2025\/08\/Oleaia-Atlas-Cedarwood-Oil-1L.jpg",2560,2560,false],"thumbnail":["https:\/\/www.oleaia.com\/wp-content\/uploads\/2025\/08\/Oleaia-Atlas-Cedarwood-Oil-1L-150x150.jpg",150,150,true],"medium":["https:\/\/www.oleaia.com\/wp-content\/uploads\/2025\/08\/Oleaia-Atlas-Cedarwood-Oil-1L-300x300.jpg",300,300,true],"medium_large":["https:\/\/www.oleaia.com\/wp-content\/uploads\/2025\/08\/Oleaia-Atlas-Cedarwood-Oil-1L-768x768.jpg",768,768,true],"large":["https:\/\/www.oleaia.com\/wp-content\/uploads\/2025\/08\/Oleaia-Atlas-Cedarwood-Oil-1L-1024x1024.jpg",1024,1024,true],"1536x1536":["https:\/\/www.oleaia.com\/wp-content\/uploads\/2025\/08\/Oleaia-Atlas-Cedarwood-Oil-1L-1536x1536.jpg",1536,1536,true],"2048x2048":["https:\/\/www.oleaia.com\/wp-content\/uploads\/2025\/08\/Oleaia-Atlas-Cedarwood-Oil-1L-2048x2048.jpg",2048,2048,true],"trp-custom-language-flag":["https:\/\/www.oleaia.com\/wp-content\/uploads\/2025\/08\/Oleaia-Atlas-Cedarwood-Oil-1L-12x12.jpg",12,12,true],"woocommerce_thumbnail":["https:\/\/www.oleaia.com\/wp-content\/uploads\/2025\/08\/Oleaia-Atlas-Cedarwood-Oil-1L-300x300.jpg",300,300,true],"woocommerce_single":["https:\/\/www.oleaia.com\/wp-content\/uploads\/2025\/08\/Oleaia-Atlas-Cedarwood-Oil-1L-600x600.jpg",600,600,true],"woocommerce_gallery_thumbnail":["https:\/\/www.oleaia.com\/wp-content\/uploads\/2025\/08\/Oleaia-Atlas-Cedarwood-Oil-1L-100x100.jpg",100,100,true]},"uagb_author_info":{"display_name":"admin","author_link":"https:\/\/www.oleaia.com\/es\/author\/"},"uagb_comment_info":20,"uagb_excerpt":"Unmatched effectiveness for grounding relaxation and emotional balance. Atlas cedarwood oil is the most effective natural solution for promoting a calm, centered state of mind while supporting emotional clarity. Its warm, woody aroma is traditionally valued in aromatherapy for helping reduce feelings of tension, encouraging mental focus, and creating a stable, comforting atmosphere that supports&hellip;","_links":{"self":[{"href":"https:\/\/www.oleaia.com\/es\/wp-json\/wp\/v2\/product\/23655","targetHints":{"allow":["GET"]}}],"collection":[{"href":"https:\/\/www.oleaia.com\/es\/wp-json\/wp\/v2\/product"}],"about":[{"href":"https:\/\/www.oleaia.com\/es\/wp-json\/wp\/v2\/types\/product"}],"replies":[{"embeddable":true,"href":"https:\/\/www.oleaia.com\/es\/wp-json\/wp\/v2\/comments?post=23655"}],"version-history":[{"count":5,"href":"https:\/\/www.oleaia.com\/es\/wp-json\/wp\/v2\/product\/23655\/revisions"}],"predecessor-version":[{"id":78002,"href":"https:\/\/www.oleaia.com\/es\/wp-json\/wp\/v2\/product\/23655\/revisions\/78002"}],"wp:featuredmedia":[{"embeddable":true,"href":"https:\/\/www.oleaia.com\/es\/wp-json\/wp\/v2\/media\/23829"}],"wp:attachment":[{"href":"https:\/\/www.oleaia.com\/es\/wp-json\/wp\/v2\/media?parent=23655"}],"wp:term":[{"taxonomy":"product_brand","embeddable":true,"href":"https:\/\/www.oleaia.com\/es\/wp-json\/wp\/v2\/product_brand?post=23655"},{"taxonomy":"product_cat","embeddable":true,"href":"https:\/\/www.oleaia.com\/es\/wp-json\/wp\/v2\/product_cat?post=23655"},{"taxonomy":"product_tag","embeddable":true,"href":"https:\/\/www.oleaia.com\/es\/wp-json\/wp\/v2\/product_tag?post=23655"}],"curies":[{"name":"wp","href":"https:\/\/api.w.org\/{rel}","templated":true}]}}