{"id":121,"date":"2025-04-11T06:36:34","date_gmt":"2025-04-11T04:36:34","guid":{"rendered":"https:\/\/www.stoprodent.com\/?page_id=121"},"modified":"2025-07-18T16:46:05","modified_gmt":"2025-07-18T14:46:05","slug":"terms-of-sale","status":"publish","type":"page","link":"https:\/\/www.oleaia.com\/fi\/terms-of-sale\/","title":{"rendered":"Myyntiehdot"},"content":{"rendered":"<p>N\u00e4m\u00e4 myyntiehdot ovat yht\u00e4\u00e4lt\u00e4 yrityksen Oleaia LLC, jonka osakep\u00e4\u00e4oma on 100 000 USD ja jonka p\u00e4\u00e4konttori sijaitsee osoitteessa 213 N Market Street #1042, Wilmington, DE 19801, Yhdysvallat, rekister\u00f6ity Delawaren kaupparekisteriin numerolla 10141920 ja joka hallinnoi verkkosivustoa, ja toisaalta jokaisen oikeushenkil\u00f6n, joka haluaa tehd\u00e4 ostoksen verkkosivuston kautta, j\u00e4ljemp\u00e4n\u00e4 \"ostaja\".<br><br><strong>1 artikla. Kohde<\/strong><\/p>\n\n\n\n<p>N\u00e4iden myyntiehtojen tarkoituksena on m\u00e4\u00e4ritell\u00e4 Oleaia LLC:n ja ostajan v\u00e4linen sopimussuhde ja ehdot, joita sovelletaan t\u00e4m\u00e4n verkkosivuston kautta tehtyihin ostoksiin. Tuotteen hankkiminen t\u00e4m\u00e4n sivuston kautta merkitsee, ett\u00e4 ostaja hyv\u00e4ksyy varauksetta n\u00e4m\u00e4 myyntiehdot, joihin ostaja tunnustaa tutustuneensa ennen tilausta. Ostaja vakuuttaa ennen kaupantekoa, ett\u00e4 tuotteiden ostaminen verkkosivustolta liittyy suoraan h\u00e4nen ammatilliseen toimintaansa ja ett\u00e4 h\u00e4n on rekister\u00f6itynyt arvonlis\u00e4verovelvolliseksi ja ett\u00e4 h\u00e4nell\u00e4 on t\u00e4ysi oikeustoimikelpoisuus, joka mahdollistaa sitoutumisen n\u00e4iden yleisten myyntiehtojen mukaisesti.<\/p>\n\n\n\n<p>Yritys Oleaia LLC pid\u00e4tt\u00e4\u00e4 itsell\u00e4\u00e4n mahdollisuuden muuttaa n\u00e4it\u00e4 myyntiehtoja milloin tahansa uusien s\u00e4\u00e4nn\u00f6sten noudattamiseksi tai sivuston k\u00e4yt\u00f6n parantamiseksi. N\u00e4in ollen sovelletaan ehtoja, jotka ovat voimassa ostajan tekem\u00e4n tilauksen tekop\u00e4iv\u00e4n\u00e4.<\/p>\n\n\n\n<p><strong>2 artikla. Tuotteet<\/strong><\/p>\n\n\n\n<p>Tarjotut tuotteet ovat niit\u00e4, jotka n\u00e4kyv\u00e4t yrityksen Oleaia LLC verkkosivustolla k\u00e4ytett\u00e4viss\u00e4 olevien varastojen puitteissa. Oleaia LLC pid\u00e4tt\u00e4\u00e4 oikeuden muuttaa tuotevalikoimaa milloin tahansa. Kukin tuote esitet\u00e4\u00e4n verkkosivustolla kuvauksen muodossa, joka sis\u00e4lt\u00e4\u00e4 sen t\u00e4rkeimm\u00e4t tekniset ominaisuudet (kapasiteetti, k\u00e4ytt\u00f6, koostumus jne.). Valokuvat ovat mahdollisimman tarkkoja, mutta ne eiv\u00e4t sido myyj\u00e4\u00e4 mill\u00e4\u00e4n tavoin. Verkkosivustolla esiteltyjen tuotteiden myynti on tarkoitettu kaikille ostajille, jotka asuvat maissa, jotka sallivat t\u00e4ysin n\u00e4iden tuotteiden tuonnin alueelleen.<br><br><strong>3 artikla. Hinnat<\/strong><\/p>\n\n\n\n<p>Verkkoluettelossa olevissa arkeissa ilmoitetut hinnat ovat paikallisena valuuttana ilmoitettuja hintoja, kaikki verot mukaan luettuina. Oleaia LLC pid\u00e4tt\u00e4\u00e4 itsell\u00e4\u00e4n oikeuden muuttaa hintojaan milloin tahansa, kuitenkin niin, ett\u00e4 tilauksen tekop\u00e4iv\u00e4n\u00e4 kuvastossa n\u00e4kyv\u00e4 hinta on ainoa ostajaan sovellettava hinta. Ilmoitetut hinnat eiv\u00e4t sis\u00e4ll\u00e4 toimituskuluja, jotka laskutetaan ostettujen tuotteiden hinnan lis\u00e4ksi ja jotka lasketaan tilauksen kokonaispainon mukaan.<br><br><strong>4 artikla. Tilaus ja maksuehdot<\/strong><\/p>\n\n\n\n<p>Ennen jokaista tilausta ostajalla on mahdollisuus luoda tili. Tilinluontiosioon p\u00e4\u00e4see suoraan sivuvalikosta. Jos ostaja haluaa tehd\u00e4 tilauksen tai tarkastella tili\u00e4\u00e4n (tilauksen tila, profiili jne.), h\u00e4nen on tunnistauduttava jokaisella k\u00e4ynnill\u00e4 n\u00e4ill\u00e4 tiedoilla. Yritys Oleaia LLC tarjoaa ostajalle mahdollisuuden tilata ja maksaa tuotteensa useassa vaiheessa, ja valittavana on 3 maksutapaa:<\/p>\n\n\n\n<p><strong>Maksu pankkisiirrolla :<\/strong>\u00a0ostajan on otettava yhteytt\u00e4 Oleaia LLC:hen s\u00e4hk\u00f6postitse tarjouksen pyyt\u00e4miseksi. H\u00e4nen on ilmoitettava tuotteet, jotka h\u00e4n haluaa tilata, haluamansa kuljetusliike, s\u00e4hk\u00f6postiosoitteensa ja puhelinnumeronsa sek\u00e4 toimitus- ja laskutusosoitteensa. Pyynn\u00f6n l\u00e4hett\u00e4misen j\u00e4lkeen h\u00e4n saa tarjouksen ja Oleaia LLC:n yhteystiedot. Siirto on teht\u00e4v\u00e4 30 p\u00e4iv\u00e4n kuluessa, ja kokonaissumman on oltava Oleaia LLC:n tilill\u00e4 ilman pankkikuluja. Ostaja vastaa itse kaikista siirtoon liittyvist\u00e4 pankkikuluista. Vasta kun summa on saapunut Oleaia LLC:n tilille, t\u00e4m\u00e4 k\u00e4sittelee tilauksen.<\/p>\n\n\n\n<p><strong>Turvallinen maksu luottokortilla (Stripe-j\u00e4rjestelm\u00e4n kautta) :<\/strong>\u00a0ostaja valitsee tuotteet, jotka h\u00e4n haluaa tilata \"ostoskoriin\", muuttaa niit\u00e4 tarvittaessa (m\u00e4\u00e4r\u00e4t, viitetiedot jne.), tarkistaa toimitusosoitteen tai sy\u00f6tt\u00e4\u00e4 uuden osoitteen. T\u00e4m\u00e4n j\u00e4lkeen lasketaan toimituskulut ja ilmoitetaan ne ostajalle, samoin kuin rahdinkuljettajan nimi ja ohjeellinen toimitusaika. Sitten ostaja siirtyy maksuun. Lopuksi ostaja ohjataan turvalliseen Stripe-k\u00e4ytt\u00f6liittym\u00e4\u00e4n, jossa h\u00e4n voi sy\u00f6tt\u00e4\u00e4 pankkikorttinsa viitetiedot turvallisesti. Jos maksu hyv\u00e4ksyt\u00e4\u00e4n, tilaus kirjataan ja sopimus syntyy lopullisesti. Luottokorttimaksu on peruuttamaton.<br><br>Tilauksen vahvistaminen merkitsee n\u00e4iden myyntiehtojen hyv\u00e4ksymist\u00e4, sen tunnustamista, ett\u00e4 ne ovat t\u00e4ysin tiedossa, ja luopumista omien ostoehtojen k\u00e4ytt\u00e4misest\u00e4. Kaikki toimitetut tiedot ja kirjattu vahvistus ovat todisteena kaupasta. Jos ostajalla on s\u00e4hk\u00f6postiosoite ja jos h\u00e4n on ilmoittanut sen tilauslomakkeessa, Oleaia LLC l\u00e4hett\u00e4\u00e4 h\u00e4nelle s\u00e4hk\u00f6postitse vahvistuksen tilauksen rekister\u00f6innist\u00e4.<br><br>Jos ostaja haluaa ottaa yhteytt\u00e4 Oleaia LLC:hen, h\u00e4n voi tehd\u00e4 sen joko postitse seuraavaan osoitteeseen: Oleaia LLC, 213 N Market Street #1042, Wilmington, DE 198013, United States of America; tai s\u00e4hk\u00f6postitse seuraavaan osoitteeseen: contact@oleaia.com.<br><br><strong>5 artikla. Omistusoikeuden s\u00e4ilytt\u00e4minen<\/strong><\/p>\n\n\n\n<p>Oleaia LLC pid\u00e4tt\u00e4\u00e4 myydyt tuotteet kokonaan ja kokonaan omistukseensa, kunnes hinta on maksettu kokonaisuudessaan, mukaan lukien kulut ja verot.<\/p>\n\n\n\n<p><strong>6 artikla. Peruuttaminen<\/strong><\/p>\n\n\n\n<p>Ostajalla on kolmekymment\u00e4 ty\u00f6p\u00e4iv\u00e4\u00e4 tilauksen toimittamisesta k\u00e4ytt\u00e4\u00e4 peruuttamisoikeuttaan ja palauttaa tuote myyj\u00e4lle vaihtoa tai hyvityst\u00e4 varten ilman seuraamuksia.<br><strong><br>7 artikla. Toimitus<br><\/strong><br>Toimitukset tehd\u00e4\u00e4n tilauslomakkeessa ilmoitettuun osoitteeseen, joka voi sijaita vain sovitulla maantieteellisell\u00e4 alueella. Tilaukset tehd\u00e4\u00e4n tilauksen yhteydess\u00e4 valitulla kuljetusliikkeell\u00e4, toimituspalvelu on seurantapalvelu, ja toimitus tapahtuu ilman allekirjoitusta. Toimitusajat annetaan vain ohjeellisina; jos ne ylitt\u00e4v\u00e4t kolmekymment\u00e4 p\u00e4iv\u00e4\u00e4 tilauksesta, myyntisopimus voidaan purkaa ja ostaja voi saada korvauksen. Oleaia LLC toimittaa ostajalle paketin seurantanumeron s\u00e4hk\u00f6postitse. Ostajan kotiin toimittaa h\u00e4nen l\u00e4hetti. Jos ostaja on poissa, h\u00e4n saa postinkantajaltaan toimitusilmoituksen, jonka avulla h\u00e4n voi siirt\u00e4\u00e4 tilattujen tuotteiden toimitusta toimituspalvelun ilmoittamana aikana. Kuljetusriskit ovat ostajan vastuulla siit\u00e4 l\u00e4htien, kun tuotteet l\u00e4htev\u00e4t Oleaia LLC:n tiloista. Ostaja on velvollinen tarkastamaan tavaran pakkauksen ja sen sis\u00e4ll\u00f6n kunnon toimituksen yhteydess\u00e4 toimituksen suorittavan henkil\u00f6n l\u00e4sn\u00e4 ollessa. Jos tuote on vahingoittunut kuljetuksen aikana, mahdolliset vastalauseet on esitett\u00e4v\u00e4 rahdinkuljettajalle kolmen p\u00e4iv\u00e4n kuluessa toimituksesta.<br><br><strong>8 artikla. Takuu<br><\/strong><br>Kaikki Oleaia LLC:n toimittamat tuotteet ovat taattuja. Jos myyty tuote ei vastaa vaatimuksia, se voidaan palauttaa Oleaia LLC -yhti\u00f6lle, joka ottaa sen takaisin, vaihtaa sen tai palauttaa sen. Kaikki valitukset, vaihto- tai palautuspyynn\u00f6t on l\u00e4hetett\u00e4v\u00e4 postitse seuraavaan osoitteeseen: Oleaia LLC, 213 N Market Street #1042, Wilmington, DE 19801, United States of America, kolmenkymmenen p\u00e4iv\u00e4n kuluessa toimituksesta.<br><br><strong>9 artikla. Vastuu<\/strong><\/p>\n\n\n\n<p>Oleaia LLC:t\u00e4 sitoo et\u00e4myyntiprosessissa ainoastaan keinovelvoite. Sit\u00e4 ei voida pit\u00e4\u00e4 vastuullisena Internet-verkon k\u00e4yt\u00f6st\u00e4 aiheutuvista vahingoista, kuten tietojen menetyksest\u00e4, tunkeutumisesta, viruksista, palvelun keskeytymisest\u00e4 tai muista tahattomista ongelmista.<br><br><strong>10 artikla. Henkinen omaisuus<br><\/strong><br>Kaikki verkkosivuston elementit ovat ja pysyv\u00e4t Oleaia LLC:n yksinomaisena henkisen\u00e4 omaisuutena. valokuvan, logon, kuvamateriaalin tai tekstin muodossa.<br><br><strong>11 artikla. Henkil\u00f6tiedot<\/strong><br><br>Oleaia LLC sitoutuu s\u00e4ilytt\u00e4m\u00e4\u00e4n luottamuksellisina ostajan antamat tiedot, jotka h\u00e4nen on toimitettava tiettyjen palvelujen k\u00e4ytt\u00f6\u00e4 varten. Internetin k\u00e4ytt\u00e4j\u00e4ll\u00e4 on oikeus tutustua itse\u00e4\u00e4n koskeviin tietoihin, muuttaa niit\u00e4 ja poistaa ne. H\u00e4n voi pyyt\u00e4\u00e4 sit\u00e4 milloin tahansa postitse seuraavaan osoitteeseen: Oleaia LLC, 213 N Market Street #1042, Wilmington, DE 19801, United States of America.<\/p>\n\n\n\n<p><strong>12 artikla. Riitojen ratkaiseminen<\/strong><\/p>\n\n\n\n<p>N\u00e4ihin et\u00e4myyntiehtoihin sovelletaan Yhdysvalloissa voimassa olevaa lains\u00e4\u00e4d\u00e4nt\u00f6\u00e4. Kaikissa riita-asioissa toimivaltainen tuomioistuin on Wilmingtonin tuomioistuin.<\/p>\n\n\n\n<p><strong>13 artikla. Yhteystiedot<\/strong><\/p>\n\n\n\n<p>Oleaia LLC<br>213 N Market Street #1042,<br>Wilmington, DE 19801<br>Yhdysvallat<\/p>","protected":false},"excerpt":{"rendered":"<p>These conditions of sale are concluded on the one hand by the company Oleaia LLC with a share capital of 100,000 USD whose head office is located at 213 N Market Street #1042, Wilmington, DE 19801, United States of America, registered in the Commercial Register of Delaware under the number 10141920 and managing the website [&hellip;]<\/p>\n","protected":false},"author":1,"featured_media":0,"parent":0,"menu_order":0,"comment_status":"closed","ping_status":"closed","template":"","meta":{"_uag_custom_page_level_css":"","site-sidebar-layout":"default","site-content-layout":"","ast-site-content-layout":"default","site-content-style":"default","site-sidebar-style":"default","ast-global-header-display":"","ast-banner-title-visibility":"","ast-main-header-display":"","ast-hfb-above-header-display":"","ast-hfb-below-header-display":"","ast-hfb-mobile-header-display":"","site-post-title":"","ast-breadcrumbs-content":"","ast-featured-img":"","footer-sml-layout":"","ast-disable-related-posts":"","theme-transparent-header-meta":"","adv-header-id-meta":"","stick-header-meta":"","header-above-stick-meta":"","header-main-stick-meta":"","header-below-stick-meta":"","astra-migrate-meta-layouts":"set","ast-page-background-enabled":"default","ast-page-background-meta":{"desktop":{"background-color":"var(--ast-global-color-4)","background-image":"","background-repeat":"repeat","background-position":"center center","background-size":"auto","background-attachment":"scroll","background-type":"","background-media":"","overlay-type":"","overlay-color":"","overlay-opacity":"","overlay-gradient":""},"tablet":{"background-color":"","background-image":"","background-repeat":"repeat","background-position":"center center","background-size":"auto","background-attachment":"scroll","background-type":"","background-media":"","overlay-type":"","overlay-color":"","overlay-opacity":"","overlay-gradient":""},"mobile":{"background-color":"","background-image":"","background-repeat":"repeat","background-position":"center center","background-size":"auto","background-attachment":"scroll","background-type":"","background-media":"","overlay-type":"","overlay-color":"","overlay-opacity":"","overlay-gradient":""}},"ast-content-background-meta":{"desktop":{"background-color":"var(--ast-global-color-5)","background-image":"","background-repeat":"repeat","background-position":"center center","background-size":"auto","background-attachment":"scroll","background-type":"","background-media":"","overlay-type":"","overlay-color":"","overlay-opacity":"","overlay-gradient":""},"tablet":{"background-color":"var(--ast-global-color-5)","background-image":"","background-repeat":"repeat","background-position":"center center","background-size":"auto","background-attachment":"scroll","background-type":"","background-media":"","overlay-type":"","overlay-color":"","overlay-opacity":"","overlay-gradient":""},"mobile":{"background-color":"var(--ast-global-color-5)","background-image":"","background-repeat":"repeat","background-position":"center center","background-size":"auto","background-attachment":"scroll","background-type":"","background-media":"","overlay-type":"","overlay-color":"","overlay-opacity":"","overlay-gradient":""}},"footnotes":""},"class_list":["post-121","page","type-page","status-publish","hentry"],"spectra_custom_meta":{"_edit_lock":["1752849969:1"],"_wpml_word_count":["1376"],"_edit_last":["1"],"_wpml_media_duplicate":["1"],"_wpml_media_featured":["1"],"rank_math_news_sitemap_robots":["index"],"rank_math_robots":["a:1:{i:0;s:5:\"index\";}"],"_uag_custom_page_level_css":[""],"site-sidebar-layout":["default"],"site-content-layout":[""],"ast-site-content-layout":["default"],"site-content-style":["default"],"site-sidebar-style":["default"],"ast-global-header-display":[""],"ast-banner-title-visibility":[""],"ast-main-header-display":[""],"ast-hfb-above-header-display":[""],"ast-hfb-below-header-display":[""],"ast-hfb-mobile-header-display":[""],"site-post-title":[""],"ast-breadcrumbs-content":[""],"ast-featured-img":[""],"footer-sml-layout":[""],"theme-transparent-header-meta":[""],"adv-header-id-meta":[""],"stick-header-meta":[""],"header-above-stick-meta":[""],"header-main-stick-meta":[""],"header-below-stick-meta":[""],"astra-migrate-meta-layouts":["set"],"ast-page-background-enabled":["default"],"ast-page-background-meta":["a:3:{s:7:\"desktop\";a:12:{s:16:\"background-color\";s:25:\"var(--ast-global-color-4)\";s:16:\"background-image\";s:0:\"\";s:17:\"background-repeat\";s:6:\"repeat\";s:19:\"background-position\";s:13:\"center center\";s:15:\"background-size\";s:4:\"auto\";s:21:\"background-attachment\";s:6:\"scroll\";s:15:\"background-type\";s:0:\"\";s:16:\"background-media\";s:0:\"\";s:12:\"overlay-type\";s:0:\"\";s:13:\"overlay-color\";s:0:\"\";s:15:\"overlay-opacity\";s:0:\"\";s:16:\"overlay-gradient\";s:0:\"\";}s:6:\"tablet\";a:12:{s:16:\"background-color\";s:0:\"\";s:16:\"background-image\";s:0:\"\";s:17:\"background-repeat\";s:6:\"repeat\";s:19:\"background-position\";s:13:\"center center\";s:15:\"background-size\";s:4:\"auto\";s:21:\"background-attachment\";s:6:\"scroll\";s:15:\"background-type\";s:0:\"\";s:16:\"background-media\";s:0:\"\";s:12:\"overlay-type\";s:0:\"\";s:13:\"overlay-color\";s:0:\"\";s:15:\"overlay-opacity\";s:0:\"\";s:16:\"overlay-gradient\";s:0:\"\";}s:6:\"mobile\";a:12:{s:16:\"background-color\";s:0:\"\";s:16:\"background-image\";s:0:\"\";s:17:\"background-repeat\";s:6:\"repeat\";s:19:\"background-position\";s:13:\"center center\";s:15:\"background-size\";s:4:\"auto\";s:21:\"background-attachment\";s:6:\"scroll\";s:15:\"background-type\";s:0:\"\";s:16:\"background-media\";s:0:\"\";s:12:\"overlay-type\";s:0:\"\";s:13:\"overlay-color\";s:0:\"\";s:15:\"overlay-opacity\";s:0:\"\";s:16:\"overlay-gradient\";s:0:\"\";}}"],"ast-content-background-meta":["a:3:{s:7:\"desktop\";a:12:{s:16:\"background-color\";s:25:\"var(--ast-global-color-5)\";s:16:\"background-image\";s:0:\"\";s:17:\"background-repeat\";s:6:\"repeat\";s:19:\"background-position\";s:13:\"center center\";s:15:\"background-size\";s:4:\"auto\";s:21:\"background-attachment\";s:6:\"scroll\";s:15:\"background-type\";s:0:\"\";s:16:\"background-media\";s:0:\"\";s:12:\"overlay-type\";s:0:\"\";s:13:\"overlay-color\";s:0:\"\";s:15:\"overlay-opacity\";s:0:\"\";s:16:\"overlay-gradient\";s:0:\"\";}s:6:\"tablet\";a:12:{s:16:\"background-color\";s:25:\"var(--ast-global-color-5)\";s:16:\"background-image\";s:0:\"\";s:17:\"background-repeat\";s:6:\"repeat\";s:19:\"background-position\";s:13:\"center center\";s:15:\"background-size\";s:4:\"auto\";s:21:\"background-attachment\";s:6:\"scroll\";s:15:\"background-type\";s:0:\"\";s:16:\"background-media\";s:0:\"\";s:12:\"overlay-type\";s:0:\"\";s:13:\"overlay-color\";s:0:\"\";s:15:\"overlay-opacity\";s:0:\"\";s:16:\"overlay-gradient\";s:0:\"\";}s:6:\"mobile\";a:12:{s:16:\"background-color\";s:25:\"var(--ast-global-color-5)\";s:16:\"background-image\";s:0:\"\";s:17:\"background-repeat\";s:6:\"repeat\";s:19:\"background-position\";s:13:\"center center\";s:15:\"background-size\";s:4:\"auto\";s:21:\"background-attachment\";s:6:\"scroll\";s:15:\"background-type\";s:0:\"\";s:16:\"background-media\";s:0:\"\";s:12:\"overlay-type\";s:0:\"\";s:13:\"overlay-color\";s:0:\"\";s:15:\"overlay-opacity\";s:0:\"\";s:16:\"overlay-gradient\";s:0:\"\";}}"],"footnotes":[""],"_elementor_edit_mode":[""],"_elementor_template_type":[""],"_elementor_data":[""],"_elementor_conditions":["a:0:{}"],"_uag_css_file_name":["uag-css-121.css"],"_uag_page_assets":["a:9:{s:3:\"css\";s:7156:\".uag-blocks-common-selector{z-index:var(--z-index-desktop) !important}@media (max-width: 976px){.uag-blocks-common-selector{z-index:var(--z-index-tablet) !important}}@media (max-width: 767px){.uag-blocks-common-selector{z-index:var(--z-index-mobile) !important}}\n.wp-block-uagb-image{display:flex}.wp-block-uagb-image__figure{position:relative;display:flex;flex-direction:column;max-width:100%;height:auto;margin:0}.wp-block-uagb-image__figure img{height:auto;display:flex;max-width:100%;transition:box-shadow 0.2s ease}.wp-block-uagb-image__figure>a{display:inline-block}.wp-block-uagb-image__figure figcaption{text-align:center;margin-top:0.5em;margin-bottom:1em}.wp-block-uagb-image .components-placeholder.block-editor-media-placeholder .components-placeholder__instructions{align-self:center}.wp-block-uagb-image--align-left{text-align:left}.wp-block-uagb-image--align-right{text-align:right}.wp-block-uagb-image--align-center{text-align:center}.wp-block-uagb-image--align-full .wp-block-uagb-image__figure{margin-left:calc(50% - 50vw);margin-right:calc(50% - 50vw);max-width:100vw;width:100vw;height:auto}.wp-block-uagb-image--align-full .wp-block-uagb-image__figure img{height:auto;width:100% !important}.wp-block-uagb-image--align-wide .wp-block-uagb-image__figure img{height:auto;width:100%}.wp-block-uagb-image--layout-overlay__color-wrapper{position:absolute;left:0;top:0;right:0;bottom:0;opacity:0.2;background:rgba(0,0,0,0.5);transition:opacity 0.35s ease-in-out}.wp-block-uagb-image--layout-overlay-link{position:absolute;left:0;right:0;bottom:0;top:0}.wp-block-uagb-image--layout-overlay .wp-block-uagb-image__figure:hover .wp-block-uagb-image--layout-overlay__color-wrapper{opacity:1}.wp-block-uagb-image--layout-overlay__inner{position:absolute;left:15px;right:15px;bottom:15px;top:15px;display:flex;align-items:center;justify-content:center;flex-direction:column;border-color:#fff;transition:0.35s ease-in-out}.wp-block-uagb-image--layout-overlay__inner.top-left,.wp-block-uagb-image--layout-overlay__inner.top-center,.wp-block-uagb-image--layout-overlay__inner.top-right{justify-content:flex-start}.wp-block-uagb-image--layout-overlay__inner.bottom-left,.wp-block-uagb-image--layout-overlay__inner.bottom-center,.wp-block-uagb-image--layout-overlay__inner.bottom-right{justify-content:flex-end}.wp-block-uagb-image--layout-overlay__inner.top-left,.wp-block-uagb-image--layout-overlay__inner.center-left,.wp-block-uagb-image--layout-overlay__inner.bottom-left{align-items:flex-start}.wp-block-uagb-image--layout-overlay__inner.top-right,.wp-block-uagb-image--layout-overlay__inner.center-right,.wp-block-uagb-image--layout-overlay__inner.bottom-right{align-items:flex-end}.wp-block-uagb-image--layout-overlay__inner .uagb-image-heading{color:#fff;transition:transform 0.35s, opacity 0.35s ease-in-out;transform:translate3d(0, 24px, 0);margin:0;line-height:1em}.wp-block-uagb-image--layout-overlay__inner .uagb-image-separator{width:30%;border-top-width:2px;border-top-color:#fff;border-top-style:solid;margin-bottom:10px;opacity:0;transition:transform 0.4s, opacity 0.4s ease-in-out;transform:translate3d(0, 30px, 0)}.wp-block-uagb-image--layout-overlay__inner .uagb-image-caption{opacity:0;overflow:visible;color:#fff;transition:transform 0.45s, opacity 0.45s ease-in-out;transform:translate3d(0, 35px, 0)}.wp-block-uagb-image--layout-overlay__inner:hover .uagb-image-heading,.wp-block-uagb-image--layout-overlay__inner:hover .uagb-image-separator,.wp-block-uagb-image--layout-overlay__inner:hover .uagb-image-caption{opacity:1;transform:translate3d(0, 0, 0)}.wp-block-uagb-image--effect-zoomin .wp-block-uagb-image__figure img,.wp-block-uagb-image--effect-zoomin .wp-block-uagb-image__figure .wp-block-uagb-image--layout-overlay__color-wrapper{transform:scale(1);transition:transform 0.35s ease-in-out}.wp-block-uagb-image--effect-zoomin .wp-block-uagb-image__figure:hover img,.wp-block-uagb-image--effect-zoomin .wp-block-uagb-image__figure:hover .wp-block-uagb-image--layout-overlay__color-wrapper{transform:scale(1.05)}.wp-block-uagb-image--effect-slide .wp-block-uagb-image__figure img,.wp-block-uagb-image--effect-slide .wp-block-uagb-image__figure .wp-block-uagb-image--layout-overlay__color-wrapper{width:calc(100% + 40px) !important;max-width:none !important;transform:translate3d(-40px, 0, 0);transition:transform 0.35s ease-in-out}.wp-block-uagb-image--effect-slide .wp-block-uagb-image__figure:hover img,.wp-block-uagb-image--effect-slide .wp-block-uagb-image__figure:hover .wp-block-uagb-image--layout-overlay__color-wrapper{transform:translate3d(0, 0, 0)}.wp-block-uagb-image--effect-grayscale img{filter:grayscale(0%);transition:0.35s ease-in-out}.wp-block-uagb-image--effect-grayscale:hover img{filter:grayscale(100%)}.wp-block-uagb-image--effect-blur img{filter:blur(0);transition:0.35s ease-in-out}.wp-block-uagb-image--effect-blur:hover img{filter:blur(3px)}\n.uagb-block-e6f939b3.wp-block-uagb-image--layout-default figure img{box-shadow: 0px 0px 0 #00000070;}.uagb-block-e6f939b3.wp-block-uagb-image .wp-block-uagb-image__figure figcaption{font-style: normal;align-self: center;}.uagb-block-e6f939b3.wp-block-uagb-image--layout-overlay figure img{box-shadow: 0px 0px 0 #00000070;}.uagb-block-e6f939b3.wp-block-uagb-image--layout-overlay .wp-block-uagb-image--layout-overlay__color-wrapper{opacity: 0.2;}.uagb-block-e6f939b3.wp-block-uagb-image--layout-overlay .wp-block-uagb-image--layout-overlay__inner{left: 15px;right: 15px;top: 15px;bottom: 15px;}.uagb-block-e6f939b3.wp-block-uagb-image--layout-overlay .wp-block-uagb-image--layout-overlay__inner .uagb-image-heading{font-style: normal;color: #fff;opacity: 1;}.uagb-block-e6f939b3.wp-block-uagb-image--layout-overlay .wp-block-uagb-image--layout-overlay__inner .uagb-image-heading a{color: #fff;}.uagb-block-e6f939b3.wp-block-uagb-image--layout-overlay .wp-block-uagb-image--layout-overlay__inner .uagb-image-caption{opacity: 0;}.uagb-block-e6f939b3.wp-block-uagb-image--layout-overlay .wp-block-uagb-image__figure:hover .wp-block-uagb-image--layout-overlay__color-wrapper{opacity: 1;}.uagb-block-e6f939b3.wp-block-uagb-image .wp-block-uagb-image--layout-overlay__inner .uagb-image-separator{width: 30%;border-top-width: 2px;border-top-color: #fff;opacity: 0;}.uagb-block-e6f939b3.wp-block-uagb-image .wp-block-uagb-image__figure img{width: px;height: auto;}.uagb-block-e6f939b3.wp-block-uagb-image .wp-block-uagb-image__figure:hover .wp-block-uagb-image--layout-overlay__inner .uagb-image-caption{opacity: 1;}.uagb-block-e6f939b3.wp-block-uagb-image .wp-block-uagb-image__figure:hover .wp-block-uagb-image--layout-overlay__inner .uagb-image-separator{opacity: 1;}.uagb-block-e6f939b3.wp-block-uagb-image--layout-default figure:hover img{box-shadow: 0px 0px 0 #00000070;}.uagb-block-e6f939b3.wp-block-uagb-image--layout-overlay figure:hover img{box-shadow: 0px 0px 0 #00000070;}@media only screen and (max-width: 976px) {.uagb-block-e6f939b3.wp-block-uagb-image .wp-block-uagb-image__figure img{width: px;height: auto;}}@media only screen and (max-width: 767px) {.uagb-block-e6f939b3.wp-block-uagb-image .wp-block-uagb-image__figure img{width: px;height: auto;}}\";s:2:\"js\";s:0:\"\";s:18:\"current_block_list\";a:13:{i:0;s:14:\"core\/paragraph\";i:1;s:11:\"core\/search\";i:2;s:10:\"core\/group\";i:3;s:12:\"core\/heading\";i:4;s:17:\"core\/latest-posts\";i:5;s:20:\"core\/latest-comments\";i:6;s:13:\"core\/archives\";i:7;s:15:\"core\/categories\";i:8;s:10:\"uagb\/image\";i:9;s:11:\"core\/spacer\";i:10;s:30:\"woocommerce\/product-categories\";i:11;s:10:\"core\/image\";i:12;s:14:\"core\/shortcode\";}s:8:\"uag_flag\";b:1;s:11:\"uag_version\";s:10:\"1776324359\";s:6:\"gfonts\";a:0:{}s:10:\"gfonts_url\";s:0:\"\";s:12:\"gfonts_files\";a:0:{}s:14:\"uag_faq_layout\";b:0;}"]},"uagb_featured_image_src":{"full":false,"thumbnail":false,"medium":false,"medium_large":false,"large":false,"1536x1536":false,"2048x2048":false,"trp-custom-language-flag":false,"woocommerce_thumbnail":false,"woocommerce_single":false,"woocommerce_gallery_thumbnail":false},"uagb_author_info":{"display_name":"admin","author_link":"https:\/\/www.oleaia.com\/fi\/author\/admin2721\/"},"uagb_comment_info":0,"uagb_excerpt":"These conditions of sale are concluded on the one hand by the company Oleaia LLC with a share capital of 100,000 USD whose head office is located at 213 N Market Street #1042, Wilmington, DE 19801, United States of America, registered in the Commercial Register of Delaware under the number 10141920 and managing the website&hellip;","_links":{"self":[{"href":"https:\/\/www.oleaia.com\/fi\/wp-json\/wp\/v2\/pages\/121","targetHints":{"allow":["GET"]}}],"collection":[{"href":"https:\/\/www.oleaia.com\/fi\/wp-json\/wp\/v2\/pages"}],"about":[{"href":"https:\/\/www.oleaia.com\/fi\/wp-json\/wp\/v2\/types\/page"}],"author":[{"embeddable":true,"href":"https:\/\/www.oleaia.com\/fi\/wp-json\/wp\/v2\/users\/1"}],"replies":[{"embeddable":true,"href":"https:\/\/www.oleaia.com\/fi\/wp-json\/wp\/v2\/comments?post=121"}],"version-history":[{"count":3,"href":"https:\/\/www.oleaia.com\/fi\/wp-json\/wp\/v2\/pages\/121\/revisions"}],"predecessor-version":[{"id":23029,"href":"https:\/\/www.oleaia.com\/fi\/wp-json\/wp\/v2\/pages\/121\/revisions\/23029"}],"wp:attachment":[{"href":"https:\/\/www.oleaia.com\/fi\/wp-json\/wp\/v2\/media?parent=121"}],"curies":[{"name":"wp","href":"https:\/\/api.w.org\/{rel}","templated":true}]}}