{"id":22839,"date":"2025-05-14T12:10:46","date_gmt":"2025-05-14T10:10:46","guid":{"rendered":"https:\/\/www.stoprodent.com\/?page_id=22839"},"modified":"2025-07-18T15:38:28","modified_gmt":"2025-07-18T13:38:28","slug":"affiliate-terms-and-conditions","status":"publish","type":"page","link":"https:\/\/www.oleaia.com\/fi\/affiliate-terms-and-conditions\/","title":{"rendered":"Kumppanuuden ehdot ja edellytykset"},"content":{"rendered":"<p>N\u00e4m\u00e4 yleiset k\u00e4ytt\u00f6ehdot (j\u00e4ljemp\u00e4n\u00e4 \"yleiset ehdot\") s\u00e4\u00e4telev\u00e4t sopimussuhdetta Oleaia LLC:n, Delawaren osavaltiossa rekister\u00f6intinumerolla 10141920 asianmukaisesti rekister\u00f6idyn osakeyhti\u00f6n, jonka rekister\u00f6ity toimipaikka on 213 N Market Street #1042, Wilmington, DE 19801, Yhdysvallat (j\u00e4ljemp\u00e4n\u00e4 \"kauppias\" tai \"me\"), ja mink\u00e4 tahansa luonnollisen henkil\u00f6n tai oikeushenkil\u00f6n, joka osallistuu kumppanuusohjelmaan myynninedist\u00e4miskumppanina (j\u00e4ljemp\u00e4n\u00e4 \"kumppani\" tai \"sin\u00e4\"), v\u00e4lill\u00e4.<\/p>\n\n\n\n<p>Kumppanuusohjelmaan osallistuminen edellytt\u00e4\u00e4, ett\u00e4 kumppani hyv\u00e4ksyy n\u00e4m\u00e4 yleiset ehdot t\u00e4ysim\u00e4\u00e4r\u00e4isesti, t\u00e4ydellisesti ja ehdoitta. Jos Kumppani ei nimenomaisesti ja t\u00e4ysim\u00e4\u00e4r\u00e4isesti hyv\u00e4ksy n\u00e4it\u00e4 ehtoja, h\u00e4nelt\u00e4 on ehdottomasti kielletty rekister\u00f6ityminen tai osallistuminen mainittuun ohjelmaan miss\u00e4\u00e4n muodossa.<\/p>\n\n\n\n<p><strong>1 artikla. Rekister\u00f6innin hyv\u00e4ksyminen tai hylk\u00e4\u00e4minen<\/strong><\/p>\n\n\n\n<p>Kauppias pid\u00e4tt\u00e4\u00e4 nimenomaisesti itsell\u00e4\u00e4n harkinnanvaraisen oikeuden hyv\u00e4ksy\u00e4 tai hyl\u00e4t\u00e4 mink\u00e4 tahansa kumppanuusohjelman j\u00e4senyyshakemuksen ilman perusteluja. Kauppiasta ei pidet\u00e4 vastuullisena t\u00e4llaisesta hylk\u00e4\u00e4misest\u00e4 johtuvasta vahingosta, suorasta tai ep\u00e4suorasta vahingosta tai mahdollisuuksien menetyksest\u00e4. Kumppani luopuu nimenomaisesti kaikista toimista, vaatimuksista tai oikeussuojakeinoista Kauppiaaseen n\u00e4hden, jos sen hakemus hyl\u00e4t\u00e4\u00e4n.<\/p>\n\n\n\n<p><strong>2 artikla. Vastuu<\/strong><\/p>\n\n\n\n<p>Mik\u00e4 tahansa teko, julkaisu, lausunto tai k\u00e4ytt\u00e4ytyminen, joka on omiaan vahingoittamaan Kauppiaan, sen emoyhti\u00f6n, tyt\u00e4ryhti\u00f6iden tai liikekumppaneiden mainetta, imagoa, oikeuksia, etuja tai uskottavuutta, riippumatta siit\u00e4, tehd\u00e4\u00e4nk\u00f6 se suoraan vai ep\u00e4suorasti, tahallisesti vai tahattomasti, Ohjelman voimassaoloaikana tai kymmenen (10) vuoden kuluessa sen p\u00e4\u00e4ttymisest\u00e4, johtaa siihen, ett\u00e4 Kumppani velvoitetaan maksamaan rangaistuslausekkeena sadantuhannen Yhdysvaltain dollarin (100 000 USD) suuruinen kertakorvaus, joka ei ole palautettavissa, rajoittamatta kuitenkaan mahdollisia muita vahingonkorvauksia, joita Kauppias voi vaatia korvaukseksi aiheutuneesta vahingosta.<\/p>\n\n\n\n<p><strong>3 artikla. Kumppanilinkit ja kuponkeja<\/strong><\/p>\n\n\n\n<p>Kumppanille luodaan automaattisesti yksil\u00f6llinen kumppanilinkki seurantaa ja provisiomerkint\u00e4\u00e4 varten. Kumppani voi my\u00f6s luoda erityisi\u00e4 linkkej\u00e4 valittuihin tuotteisiin, mallistoihin tai sivuihin. Jos k\u00e4ytt\u00e4j\u00e4 napsauttaa useita affiliate-linkkej\u00e4 per\u00e4kk\u00e4in, vain viimeisin voimassa oleva vuorovaikutus s\u00e4ilytet\u00e4\u00e4n korvausta varten.<\/p>\n\n\n\n<p>Henkil\u00f6kohtaiset kampanjakoodit voidaan antaa kumppanille heid\u00e4n henkil\u00f6kohtaisella kojelaudallaan m\u00e4\u00e4riteltyjen ehtojen mukaisesti. Jos asiakas k\u00e4ytt\u00e4\u00e4 samanaikaisesti kumppanilinkki\u00e4 ja kumppaniin liitetty\u00e4 kampanjakoodia, vain yksi provisio lasketaan, eik\u00e4 kaksinkertaista korvausta oteta huomioon. Jos koodia ei ole nimenomaisesti annettu, kumppanin on ehdottomasti kielletty\u00e4 k\u00e4ytt\u00e4\u00e4 tai mainostaa t\u00e4llaista koodia.<br>Kumppanilla on oikeus mainostaa kauppiaan tuotteita tai palveluja eri kanavien kautta, mukaan lukien, mutta ei rajoittuen, digitaaliset alustat (Facebook, Instagram jne.), luokitellut ilmoitussivustot, painettu media tai mik\u00e4 tahansa muu laillinen mainosv\u00e4line.<\/p>\n\n\n\n<p><strong>4 artikla. Palkkiot ja maksu<\/strong><\/p>\n\n\n\n<p>Kumppani on oikeutettu saamaan palkkion mist\u00e4 tahansa h\u00e4nen kumppanilinkkins\u00e4 kautta v\u00e4litetyn asiakkaan tekem\u00e4st\u00e4 kaupasta edellytt\u00e4en, ett\u00e4 tilaus on lopullisesti vahvistettu eik\u00e4 siihen kohdistu peruutus-, riita-, veloitus- tai palautuspyynt\u00f6j\u00e4.<\/p>\n\n\n\n<p>Palkkion m\u00e4\u00e4r\u00e4 m\u00e4\u00e4r\u00e4ytyy sovellettavan hinnoittelurakenteen perusteella, joka on saatavilla milloin tahansa kojelaudalla. Laskelma tehd\u00e4\u00e4n tilauksen nettom\u00e4\u00e4r\u00e4st\u00e4 ilman veroja, toimituskuluja ja muita lis\u00e4maksuja.<\/p>\n\n\n\n<p>Kumppanin on annettava nimetyn k\u00e4ytt\u00f6liittym\u00e4n kautta pankkitiedot tai tunnukset, joita maksujen vastaanottaminen edellytt\u00e4\u00e4. Maksettavat summat maksetaan Affiliate-oppaassa m\u00e4\u00e4ritellyn aikataulun mukaisesti. Vilpillisi\u00e4 tai ohjelman s\u00e4\u00e4nt\u00f6j\u00e4 rikkovia tapahtumia ei hyv\u00e4ksyt\u00e4 maksettavaksi.<\/p>\n\n\n\n<p><strong>5 artikla. Markkinointiv\u00e4line<\/strong><\/p>\n\n\n\n<p>Kauppias tarjoaa Affiliate-kumppanille erillisen alueen kautta mainosmateriaalia (bannereita, logoja, kampanjavideoita jne.). N\u00e4it\u00e4 elementtej\u00e4 voidaan k\u00e4ytt\u00e4\u00e4 ainoastaan ohjelman puitteissa ja kauppiaan antamien ehtojen mukaisesti. V\u00e4\u00e4rink\u00e4ytt\u00f6, luvaton muuttaminen tai jakelu kolmansille osapuolille on kielletty.<\/p>\n\n\n\n<p><strong>6 artikla. Verkko<\/strong><\/p>\n\n\n\n<p>Kun \"Verkosto\"-vaihtoehto on k\u00e4yt\u00f6ss\u00e4, kumppanilla on oikeus suositella muita jatkojalostusketjun kumppaneita. Suosittelulinkki annetaan kumppanin henkil\u00f6kohtaisen alueen kautta. Jos jatkojalostuskumppani tuottaa myynti\u00e4 omien kanaviensa kautta, jatkojalostuskumppani voi saada niin sanotun \"verkostopalkkion\" sovellettavien parametrien mukaisesti.<br>Jokaisen t\u00e4ll\u00e4 tavoin rekister\u00f6idyn uuden kumppanin on k\u00e4ytett\u00e4v\u00e4 verkkolinkki\u00e4, jotta varmistetaan oikea m\u00e4\u00e4ritys kauppiaan j\u00e4rjestelm\u00e4ss\u00e4.<\/p>\n\n\n\n<p><strong>7 artikla. Ev\u00e4steet<\/strong><\/p>\n\n\n\n<p>Palkkioita tuottavien toimintojen seuranta perustuu ev\u00e4steiden k\u00e4ytt\u00f6\u00f6n. Kumppanin vastuulla on ilmoittaa loppuk\u00e4ytt\u00e4jille t\u00e4st\u00e4 ehdosta tietosuojalakien mukaisesti.<\/p>\n\n\n\n<p>Jos loppuk\u00e4ytt\u00e4j\u00e4 kielt\u00e4ytyy ev\u00e4steiden k\u00e4yt\u00f6st\u00e4 tai poistaa ne, seurantaa ei voida suorittaa, mik\u00e4 sulkee pois oikeuden korvaukseen. Ev\u00e4steen voimassaoloaika m\u00e4\u00e4ritet\u00e4\u00e4n kumppanin rekister\u00f6itymisen yhteydess\u00e4, ja se tulee voimaan ensimm\u00e4isest\u00e4 linkin klikkauksesta tai kupongin k\u00e4yt\u00f6st\u00e4.<\/p>\n\n\n\n<p><strong>8 artikla. Vapaiden tuotteiden j\u00e4rjestys<\/strong><\/p>\n\n\n\n<p>Kumppanin tekem\u00e4t ilmaistuotteiden tilaukset velvoittavat julkaisemaan seitsem\u00e4n (7) p\u00e4iv\u00e4n kuluessa niiden vastaanottamisesta merkitt\u00e4v\u00e4\u00e4 myynninedist\u00e4missis\u00e4lt\u00f6\u00e4 (kuten videon, blogiartikkelin, sosiaalisen median julkaisun jne.). Viiv\u00e4styksen sakko, joka on viisikymment\u00e4 Yhdysvaltain dollaria (50 USD) p\u00e4iv\u00e4\u00e4 kohden, otetaan automaattisesti k\u00e4ytt\u00f6\u00f6n ja v\u00e4hennet\u00e4\u00e4n mahdollisista tuloista.<\/p>\n\n\n\n<p>Jos myynninedist\u00e4mistarkoituksessa tapahtuvaa julkaisua ei tehd\u00e4 enint\u00e4\u00e4n kahdenkymmenenkahdeksan (28) p\u00e4iv\u00e4n kuluessa, kumppanuusohjelma katsotaan p\u00e4\u00e4ttyneeksi kumppanin aloitteesta. Kumppanin on korvattava saamiensa tuotteiden koko julkinen arvo sek\u00e4 tuhannen nelj\u00e4nsadan Yhdysvaltain dollarin (1 400 USD) suuruinen kiinte\u00e4 irtisanomissakko.<\/p>\n\n\n\n<p>Jo julkaistun myynninedist\u00e4missis\u00e4ll\u00f6n luvaton poistaminen katsotaan yhteisty\u00f6kumppanin aloittamaksi irtisanomiseksi, jolla on samat taloudelliset seuraukset.<\/p>\n\n\n\n<p><strong>9 artikla. Kilpailukieltolauseke<\/strong><\/p>\n\n\n\n<p>Koko ohjelmaan osallistumisen ajan ja yhden (1) vuoden ajan sen p\u00e4\u00e4ttymisen j\u00e4lkeen kumppani ei saa suoraan tai ep\u00e4suorasti mainostaa mit\u00e4\u00e4n tuotetta tai palvelua, joka kilpailee kauppiaan tuotteiden tai palvelujen kanssa. T\u00e4m\u00e4n lausekkeen noudattamatta j\u00e4tt\u00e4minen johtaa kahdenkymmenentuhannen Yhdysvaltain dollarin (USD 20 000) suuruiseen kiinte\u00e4\u00e4n sakkoon, jota ei voida v\u00e4hent\u00e4\u00e4 jokaista todistettua rikkomusta kohden.<\/p>\n\n\n\n<p><strong>10 artikla. Ylennyksen m\u00e4\u00e4r\u00e4aika<\/strong><\/p>\n\n\n\n<p>Rekister\u00f6innin hyv\u00e4ksymisp\u00e4iv\u00e4st\u00e4 alkaen kumppanilla on kaksikymment\u00e4kahdeksan (28) p\u00e4iv\u00e4n pident\u00e4m\u00e4t\u00f6n m\u00e4\u00e4r\u00e4aika julkaista v\u00e4hint\u00e4\u00e4n yksi julkinen viestint\u00e4, jolla edistet\u00e4\u00e4n kauppiaan tuotemerkki\u00e4. Jos t\u00e4llaista mainontaa ei ole tehty t\u00e4m\u00e4n ajan kuluessa, ohjelma katsotaan automaattisesti p\u00e4\u00e4ttyneeksi yksinomaan kumppanin vastuulla.<\/p>\n\n\n\n<p><strong>11 artikla. Irtisanominen<\/strong><\/p>\n\n\n\n<p>Mahdollinen irtisanominen, olipa se Kumppanin tai Kauppiaan aloitteesta, johtaa tuhannen nelj\u00e4nsadan Yhdysvaltain dollarin (1 400 USD) suuruisen kertakorvauksen maksamiseen, riippumatta siit\u00e4, onko jo saatu tai maksettava palkkioita. T\u00e4m\u00e4 korvaus voidaan v\u00e4hent\u00e4\u00e4 tulevista tuloista tai se voidaan vaatia palautettavaksi, jos saldo on riitt\u00e4m\u00e4t\u00f6n.<\/p>\n\n\n\n<p>Tarvittaessa kumppanin on my\u00f6s korvattava aiemmin saatujen ilmaistuotteiden koko julkinen hinta. Ohjelman lopettaminen ei vapauta kumppania aiemmista velvoitteistaan, erityisesti kilpailukielto- ja salassapitolausekkeista.<\/p>\n\n\n\n<p><\/p>","protected":false},"excerpt":{"rendered":"<p>These General Terms and Conditions of Use (hereinafter the \u201cGeneral Terms\u201d) govern the contractual relationship between Oleaia LLC, a limited liability company duly registered in the State of Delaware under registration number 10141920, with its registered office at 213 N Market Street #1042, Wilmington, DE 19801, United States of America (hereinafter referred to as the [&hellip;]<\/p>\n","protected":false},"author":1,"featured_media":0,"parent":0,"menu_order":0,"comment_status":"closed","ping_status":"closed","template":"","meta":{"_uag_custom_page_level_css":"","site-sidebar-layout":"default","site-content-layout":"","ast-site-content-layout":"default","site-content-style":"default","site-sidebar-style":"default","ast-global-header-display":"","ast-banner-title-visibility":"","ast-main-header-display":"","ast-hfb-above-header-display":"","ast-hfb-below-header-display":"","ast-hfb-mobile-header-display":"","site-post-title":"","ast-breadcrumbs-content":"","ast-featured-img":"","footer-sml-layout":"","ast-disable-related-posts":"","theme-transparent-header-meta":"","adv-header-id-meta":"","stick-header-meta":"","header-above-stick-meta":"","header-main-stick-meta":"","header-below-stick-meta":"","astra-migrate-meta-layouts":"set","ast-page-background-enabled":"default","ast-page-background-meta":{"desktop":{"background-color":"var(--ast-global-color-4)","background-image":"","background-repeat":"repeat","background-position":"center center","background-size":"auto","background-attachment":"scroll","background-type":"","background-media":"","overlay-type":"","overlay-color":"","overlay-opacity":"","overlay-gradient":""},"tablet":{"background-color":"","background-image":"","background-repeat":"repeat","background-position":"center center","background-size":"auto","background-attachment":"scroll","background-type":"","background-media":"","overlay-type":"","overlay-color":"","overlay-opacity":"","overlay-gradient":""},"mobile":{"background-color":"","background-image":"","background-repeat":"repeat","background-position":"center center","background-size":"auto","background-attachment":"scroll","background-type":"","background-media":"","overlay-type":"","overlay-color":"","overlay-opacity":"","overlay-gradient":""}},"ast-content-background-meta":{"desktop":{"background-color":"var(--ast-global-color-5)","background-image":"","background-repeat":"repeat","background-position":"center center","background-size":"auto","background-attachment":"scroll","background-type":"","background-media":"","overlay-type":"","overlay-color":"","overlay-opacity":"","overlay-gradient":""},"tablet":{"background-color":"var(--ast-global-color-5)","background-image":"","background-repeat":"repeat","background-position":"center center","background-size":"auto","background-attachment":"scroll","background-type":"","background-media":"","overlay-type":"","overlay-color":"","overlay-opacity":"","overlay-gradient":""},"mobile":{"background-color":"var(--ast-global-color-5)","background-image":"","background-repeat":"repeat","background-position":"center center","background-size":"auto","background-attachment":"scroll","background-type":"","background-media":"","overlay-type":"","overlay-color":"","overlay-opacity":"","overlay-gradient":""}},"footnotes":""},"class_list":["post-22839","page","type-page","status-publish","hentry"],"spectra_custom_meta":{"_edit_lock":["1752845912:1"],"_uag_custom_page_level_css":[""],"site-sidebar-layout":["default"],"site-content-layout":[""],"ast-site-content-layout":["default"],"site-content-style":["default"],"site-sidebar-style":["default"],"ast-global-header-display":[""],"ast-banner-title-visibility":[""],"ast-main-header-display":[""],"ast-hfb-above-header-display":[""],"ast-hfb-below-header-display":[""],"ast-hfb-mobile-header-display":[""],"site-post-title":[""],"ast-breadcrumbs-content":[""],"ast-featured-img":[""],"footer-sml-layout":[""],"theme-transparent-header-meta":[""],"adv-header-id-meta":[""],"stick-header-meta":[""],"header-above-stick-meta":[""],"header-main-stick-meta":[""],"header-below-stick-meta":[""],"astra-migrate-meta-layouts":["set"],"ast-page-background-enabled":["default"],"ast-page-background-meta":["a:3:{s:7:\"desktop\";a:12:{s:16:\"background-color\";s:25:\"var(--ast-global-color-4)\";s:16:\"background-image\";s:0:\"\";s:17:\"background-repeat\";s:6:\"repeat\";s:19:\"background-position\";s:13:\"center center\";s:15:\"background-size\";s:4:\"auto\";s:21:\"background-attachment\";s:6:\"scroll\";s:15:\"background-type\";s:0:\"\";s:16:\"background-media\";s:0:\"\";s:12:\"overlay-type\";s:0:\"\";s:13:\"overlay-color\";s:0:\"\";s:15:\"overlay-opacity\";s:0:\"\";s:16:\"overlay-gradient\";s:0:\"\";}s:6:\"tablet\";a:12:{s:16:\"background-color\";s:0:\"\";s:16:\"background-image\";s:0:\"\";s:17:\"background-repeat\";s:6:\"repeat\";s:19:\"background-position\";s:13:\"center center\";s:15:\"background-size\";s:4:\"auto\";s:21:\"background-attachment\";s:6:\"scroll\";s:15:\"background-type\";s:0:\"\";s:16:\"background-media\";s:0:\"\";s:12:\"overlay-type\";s:0:\"\";s:13:\"overlay-color\";s:0:\"\";s:15:\"overlay-opacity\";s:0:\"\";s:16:\"overlay-gradient\";s:0:\"\";}s:6:\"mobile\";a:12:{s:16:\"background-color\";s:0:\"\";s:16:\"background-image\";s:0:\"\";s:17:\"background-repeat\";s:6:\"repeat\";s:19:\"background-position\";s:13:\"center center\";s:15:\"background-size\";s:4:\"auto\";s:21:\"background-attachment\";s:6:\"scroll\";s:15:\"background-type\";s:0:\"\";s:16:\"background-media\";s:0:\"\";s:12:\"overlay-type\";s:0:\"\";s:13:\"overlay-color\";s:0:\"\";s:15:\"overlay-opacity\";s:0:\"\";s:16:\"overlay-gradient\";s:0:\"\";}}"],"ast-content-background-meta":["a:3:{s:7:\"desktop\";a:12:{s:16:\"background-color\";s:25:\"var(--ast-global-color-5)\";s:16:\"background-image\";s:0:\"\";s:17:\"background-repeat\";s:6:\"repeat\";s:19:\"background-position\";s:13:\"center center\";s:15:\"background-size\";s:4:\"auto\";s:21:\"background-attachment\";s:6:\"scroll\";s:15:\"background-type\";s:0:\"\";s:16:\"background-media\";s:0:\"\";s:12:\"overlay-type\";s:0:\"\";s:13:\"overlay-color\";s:0:\"\";s:15:\"overlay-opacity\";s:0:\"\";s:16:\"overlay-gradient\";s:0:\"\";}s:6:\"tablet\";a:12:{s:16:\"background-color\";s:25:\"var(--ast-global-color-5)\";s:16:\"background-image\";s:0:\"\";s:17:\"background-repeat\";s:6:\"repeat\";s:19:\"background-position\";s:13:\"center center\";s:15:\"background-size\";s:4:\"auto\";s:21:\"background-attachment\";s:6:\"scroll\";s:15:\"background-type\";s:0:\"\";s:16:\"background-media\";s:0:\"\";s:12:\"overlay-type\";s:0:\"\";s:13:\"overlay-color\";s:0:\"\";s:15:\"overlay-opacity\";s:0:\"\";s:16:\"overlay-gradient\";s:0:\"\";}s:6:\"mobile\";a:12:{s:16:\"background-color\";s:25:\"var(--ast-global-color-5)\";s:16:\"background-image\";s:0:\"\";s:17:\"background-repeat\";s:6:\"repeat\";s:19:\"background-position\";s:13:\"center center\";s:15:\"background-size\";s:4:\"auto\";s:21:\"background-attachment\";s:6:\"scroll\";s:15:\"background-type\";s:0:\"\";s:16:\"background-media\";s:0:\"\";s:12:\"overlay-type\";s:0:\"\";s:13:\"overlay-color\";s:0:\"\";s:15:\"overlay-opacity\";s:0:\"\";s:16:\"overlay-gradient\";s:0:\"\";}}"],"footnotes":[""],"_elementor_edit_mode":[""],"_elementor_template_type":[""],"_elementor_data":[""],"_elementor_conditions":["a:0:{}"],"rank_math_news_sitemap_robots":["index"],"rank_math_robots":["a:1:{i:0;s:5:\"index\";}"],"_edit_last":["1"],"_uag_css_file_name":["uag-css-22839.css"],"_uag_page_assets":["a:9:{s:3:\"css\";s:6893:\".wp-block-uagb-image{display:flex}.wp-block-uagb-image__figure{position:relative;display:flex;flex-direction:column;max-width:100%;height:auto;margin:0}.wp-block-uagb-image__figure img{height:auto;display:flex;max-width:100%;transition:box-shadow 0.2s ease}.wp-block-uagb-image__figure>a{display:inline-block}.wp-block-uagb-image__figure figcaption{text-align:center;margin-top:0.5em;margin-bottom:1em}.wp-block-uagb-image .components-placeholder.block-editor-media-placeholder .components-placeholder__instructions{align-self:center}.wp-block-uagb-image--align-left{text-align:left}.wp-block-uagb-image--align-right{text-align:right}.wp-block-uagb-image--align-center{text-align:center}.wp-block-uagb-image--align-full .wp-block-uagb-image__figure{margin-left:calc(50% - 50vw);margin-right:calc(50% - 50vw);max-width:100vw;width:100vw;height:auto}.wp-block-uagb-image--align-full .wp-block-uagb-image__figure img{height:auto;width:100% !important}.wp-block-uagb-image--align-wide .wp-block-uagb-image__figure img{height:auto;width:100%}.wp-block-uagb-image--layout-overlay__color-wrapper{position:absolute;left:0;top:0;right:0;bottom:0;opacity:0.2;background:rgba(0,0,0,0.5);transition:opacity 0.35s ease-in-out}.wp-block-uagb-image--layout-overlay-link{position:absolute;left:0;right:0;bottom:0;top:0}.wp-block-uagb-image--layout-overlay .wp-block-uagb-image__figure:hover .wp-block-uagb-image--layout-overlay__color-wrapper{opacity:1}.wp-block-uagb-image--layout-overlay__inner{position:absolute;left:15px;right:15px;bottom:15px;top:15px;display:flex;align-items:center;justify-content:center;flex-direction:column;border-color:#fff;transition:0.35s ease-in-out}.wp-block-uagb-image--layout-overlay__inner.top-left,.wp-block-uagb-image--layout-overlay__inner.top-center,.wp-block-uagb-image--layout-overlay__inner.top-right{justify-content:flex-start}.wp-block-uagb-image--layout-overlay__inner.bottom-left,.wp-block-uagb-image--layout-overlay__inner.bottom-center,.wp-block-uagb-image--layout-overlay__inner.bottom-right{justify-content:flex-end}.wp-block-uagb-image--layout-overlay__inner.top-left,.wp-block-uagb-image--layout-overlay__inner.center-left,.wp-block-uagb-image--layout-overlay__inner.bottom-left{align-items:flex-start}.wp-block-uagb-image--layout-overlay__inner.top-right,.wp-block-uagb-image--layout-overlay__inner.center-right,.wp-block-uagb-image--layout-overlay__inner.bottom-right{align-items:flex-end}.wp-block-uagb-image--layout-overlay__inner .uagb-image-heading{color:#fff;transition:transform 0.35s, opacity 0.35s ease-in-out;transform:translate3d(0, 24px, 0);margin:0;line-height:1em}.wp-block-uagb-image--layout-overlay__inner .uagb-image-separator{width:30%;border-top-width:2px;border-top-color:#fff;border-top-style:solid;margin-bottom:10px;opacity:0;transition:transform 0.4s, opacity 0.4s ease-in-out;transform:translate3d(0, 30px, 0)}.wp-block-uagb-image--layout-overlay__inner .uagb-image-caption{opacity:0;overflow:visible;color:#fff;transition:transform 0.45s, opacity 0.45s ease-in-out;transform:translate3d(0, 35px, 0)}.wp-block-uagb-image--layout-overlay__inner:hover .uagb-image-heading,.wp-block-uagb-image--layout-overlay__inner:hover .uagb-image-separator,.wp-block-uagb-image--layout-overlay__inner:hover .uagb-image-caption{opacity:1;transform:translate3d(0, 0, 0)}.wp-block-uagb-image--effect-zoomin .wp-block-uagb-image__figure img,.wp-block-uagb-image--effect-zoomin .wp-block-uagb-image__figure .wp-block-uagb-image--layout-overlay__color-wrapper{transform:scale(1);transition:transform 0.35s ease-in-out}.wp-block-uagb-image--effect-zoomin .wp-block-uagb-image__figure:hover img,.wp-block-uagb-image--effect-zoomin .wp-block-uagb-image__figure:hover .wp-block-uagb-image--layout-overlay__color-wrapper{transform:scale(1.05)}.wp-block-uagb-image--effect-slide .wp-block-uagb-image__figure img,.wp-block-uagb-image--effect-slide .wp-block-uagb-image__figure .wp-block-uagb-image--layout-overlay__color-wrapper{width:calc(100% + 40px) !important;max-width:none !important;transform:translate3d(-40px, 0, 0);transition:transform 0.35s ease-in-out}.wp-block-uagb-image--effect-slide .wp-block-uagb-image__figure:hover img,.wp-block-uagb-image--effect-slide .wp-block-uagb-image__figure:hover .wp-block-uagb-image--layout-overlay__color-wrapper{transform:translate3d(0, 0, 0)}.wp-block-uagb-image--effect-grayscale img{filter:grayscale(0%);transition:0.35s ease-in-out}.wp-block-uagb-image--effect-grayscale:hover img{filter:grayscale(100%)}.wp-block-uagb-image--effect-blur img{filter:blur(0);transition:0.35s ease-in-out}.wp-block-uagb-image--effect-blur:hover img{filter:blur(3px)}\n.uagb-block-e6f939b3.wp-block-uagb-image--layout-default figure img{box-shadow: 0px 0px 0 #00000070;}.uagb-block-e6f939b3.wp-block-uagb-image .wp-block-uagb-image__figure figcaption{font-style: normal;align-self: center;}.uagb-block-e6f939b3.wp-block-uagb-image--layout-overlay figure img{box-shadow: 0px 0px 0 #00000070;}.uagb-block-e6f939b3.wp-block-uagb-image--layout-overlay .wp-block-uagb-image--layout-overlay__color-wrapper{opacity: 0.2;}.uagb-block-e6f939b3.wp-block-uagb-image--layout-overlay .wp-block-uagb-image--layout-overlay__inner{left: 15px;right: 15px;top: 15px;bottom: 15px;}.uagb-block-e6f939b3.wp-block-uagb-image--layout-overlay .wp-block-uagb-image--layout-overlay__inner .uagb-image-heading{font-style: normal;color: #fff;opacity: 1;}.uagb-block-e6f939b3.wp-block-uagb-image--layout-overlay .wp-block-uagb-image--layout-overlay__inner .uagb-image-heading a{color: #fff;}.uagb-block-e6f939b3.wp-block-uagb-image--layout-overlay .wp-block-uagb-image--layout-overlay__inner .uagb-image-caption{opacity: 0;}.uagb-block-e6f939b3.wp-block-uagb-image--layout-overlay .wp-block-uagb-image__figure:hover .wp-block-uagb-image--layout-overlay__color-wrapper{opacity: 1;}.uagb-block-e6f939b3.wp-block-uagb-image .wp-block-uagb-image--layout-overlay__inner .uagb-image-separator{width: 30%;border-top-width: 2px;border-top-color: #fff;opacity: 0;}.uagb-block-e6f939b3.wp-block-uagb-image .wp-block-uagb-image__figure img{width: px;height: auto;}.uagb-block-e6f939b3.wp-block-uagb-image .wp-block-uagb-image__figure:hover .wp-block-uagb-image--layout-overlay__inner .uagb-image-caption{opacity: 1;}.uagb-block-e6f939b3.wp-block-uagb-image .wp-block-uagb-image__figure:hover .wp-block-uagb-image--layout-overlay__inner .uagb-image-separator{opacity: 1;}.uagb-block-e6f939b3.wp-block-uagb-image--layout-default figure:hover img{box-shadow: 0px 0px 0 #00000070;}.uagb-block-e6f939b3.wp-block-uagb-image--layout-overlay figure:hover img{box-shadow: 0px 0px 0 #00000070;}@media only screen and (max-width: 976px) {.uagb-block-e6f939b3.wp-block-uagb-image .wp-block-uagb-image__figure img{width: px;height: auto;}}@media only screen and (max-width: 767px) {.uagb-block-e6f939b3.wp-block-uagb-image .wp-block-uagb-image__figure img{width: px;height: auto;}}\";s:2:\"js\";s:0:\"\";s:18:\"current_block_list\";a:13:{i:0;s:14:\"core\/paragraph\";i:1;s:11:\"core\/search\";i:2;s:10:\"core\/group\";i:3;s:12:\"core\/heading\";i:4;s:17:\"core\/latest-posts\";i:5;s:20:\"core\/latest-comments\";i:6;s:13:\"core\/archives\";i:7;s:15:\"core\/categories\";i:8;s:10:\"uagb\/image\";i:9;s:11:\"core\/spacer\";i:10;s:30:\"woocommerce\/product-categories\";i:11;s:10:\"core\/image\";i:12;s:14:\"core\/shortcode\";}s:8:\"uag_flag\";b:1;s:11:\"uag_version\";s:10:\"1776324126\";s:6:\"gfonts\";a:0:{}s:10:\"gfonts_url\";s:0:\"\";s:12:\"gfonts_files\";a:0:{}s:14:\"uag_faq_layout\";b:0;}"]},"uagb_featured_image_src":{"full":false,"thumbnail":false,"medium":false,"medium_large":false,"large":false,"1536x1536":false,"2048x2048":false,"trp-custom-language-flag":false,"woocommerce_thumbnail":false,"woocommerce_single":false,"woocommerce_gallery_thumbnail":false},"uagb_author_info":{"display_name":"admin","author_link":"https:\/\/www.oleaia.com\/fi\/author\/admin2721\/"},"uagb_comment_info":0,"uagb_excerpt":"These General Terms and Conditions of Use (hereinafter the \u201cGeneral Terms\u201d) govern the contractual relationship between Oleaia LLC, a limited liability company duly registered in the State of Delaware under registration number 10141920, with its registered office at 213 N Market Street #1042, Wilmington, DE 19801, United States of America (hereinafter referred to as the&hellip;","_links":{"self":[{"href":"https:\/\/www.oleaia.com\/fi\/wp-json\/wp\/v2\/pages\/22839","targetHints":{"allow":["GET"]}}],"collection":[{"href":"https:\/\/www.oleaia.com\/fi\/wp-json\/wp\/v2\/pages"}],"about":[{"href":"https:\/\/www.oleaia.com\/fi\/wp-json\/wp\/v2\/types\/page"}],"author":[{"embeddable":true,"href":"https:\/\/www.oleaia.com\/fi\/wp-json\/wp\/v2\/users\/1"}],"replies":[{"embeddable":true,"href":"https:\/\/www.oleaia.com\/fi\/wp-json\/wp\/v2\/comments?post=22839"}],"version-history":[{"count":2,"href":"https:\/\/www.oleaia.com\/fi\/wp-json\/wp\/v2\/pages\/22839\/revisions"}],"predecessor-version":[{"id":22993,"href":"https:\/\/www.oleaia.com\/fi\/wp-json\/wp\/v2\/pages\/22839\/revisions\/22993"}],"wp:attachment":[{"href":"https:\/\/www.oleaia.com\/fi\/wp-json\/wp\/v2\/media?parent=22839"}],"curies":[{"name":"wp","href":"https:\/\/api.w.org\/{rel}","templated":true}]}}