{"id":3,"date":"2025-04-10T11:35:39","date_gmt":"2025-04-10T09:35:39","guid":{"rendered":"https:\/\/www.stoprodent.com\/?page_id=3"},"modified":"2025-07-18T16:34:45","modified_gmt":"2025-07-18T14:34:45","slug":"privacy-policy","status":"publish","type":"page","link":"https:\/\/www.oleaia.com\/fi\/privacy-policy\/","title":{"rendered":"Tietosuojak\u00e4yt\u00e4nt\u00f6"},"content":{"rendered":"<p><strong>1 artikla. Sivuston esittely<\/strong><\/p>\n\n\n\n<p>Verkkosivuston k\u00e4ytt\u00e4jille ilmoitetaan eri sidosryhmien henkil\u00f6llisyys verkkosivuston toteuttamisen ja seurannan yhteydess\u00e4 :<\/p>\n\n\n\n<p>Omistaja : Oleaia LLC<br>Osoite : 213 N Market Street #1042, Wilmington, DE 19801, USA<br>Osakep\u00e4\u00e4oma: 100 000 USD<br>Oikeudellinen muoto : Osakeyhti\u00f6<br>Tiedostonumero: 10141920<\/p>\n\n\n\n<p>Is\u00e4nt\u00e4 : OVH SAS, 2 rue Kellermann, Roubaix, 59100, Ranska.<\/p>\n\n\n\n<p><strong>2 artikla. Yleiset k\u00e4ytt\u00f6ehdot<\/strong>&nbsp;<strong>sivustosta ja tarjotuista palveluista<\/strong><\/p>\n\n\n\n<p>Verkkosivuston k\u00e4ytt\u00f6 edellytt\u00e4\u00e4 j\u00e4ljemp\u00e4n\u00e4 kuvattujen yleisten k\u00e4ytt\u00f6ehtojen t\u00e4ydellist\u00e4 hyv\u00e4ksymist\u00e4. N\u00e4it\u00e4 k\u00e4ytt\u00f6ehtoja voidaan muuttaa tai t\u00e4ydent\u00e4\u00e4 milloin tahansa, joten verkkosivuston k\u00e4ytt\u00e4ji\u00e4 kehotetaan tutustumaan niihin s\u00e4\u00e4nn\u00f6llisesti.<\/p>\n\n\n\n<p>T\u00e4m\u00e4 sivusto on normaalisti k\u00e4ytt\u00e4jien k\u00e4ytett\u00e4viss\u00e4 milloin tahansa. Oleaia LLC voi kuitenkin p\u00e4\u00e4tt\u00e4\u00e4 teknisest\u00e4 huollosta johtuvasta keskeytyksest\u00e4, ja se pyrkii ilmoittamaan k\u00e4ytt\u00e4jille etuk\u00e4teen p\u00e4iv\u00e4m\u00e4\u00e4r\u00e4t ja kellonajat.<\/p>\n\n\n\n<p>Sivustoa p\u00e4ivitt\u00e4\u00e4 s\u00e4\u00e4nn\u00f6llisesti Oleaia LLC . Samoin oikeudellisia ilmoituksia voidaan muuttaa milloin tahansa: ne kuitenkin velvoittavat k\u00e4ytt\u00e4j\u00e4\u00e4, jota kehotetaan tutustumaan niihin mahdollisimman usein, jotta h\u00e4n voi tutustua niihin.<\/p>\n\n\n\n<p><strong>3 artikla. Tarjottavien palvelujen kuvaus<\/strong><\/p>\n\n\n\n<p>Verkkosivuston tarkoituksena on tarjota tietoa kaikesta yrityksen toiminnasta.<\/p>\n\n\n\n<p>Oleaia LLC pyrkii tarjoamaan verkkosivustolla mahdollisimman tarkat tiedot. Se ei kuitenkaan voi olla vastuussa p\u00e4ivityksess\u00e4 olevista puutteista, ep\u00e4tarkkuuksista ja puutteista, jotka ovat per\u00e4isin sen itsens\u00e4 tai sen tietoja toimittavien kolmansien osapuolten kumppaneiden tekemist\u00e4 p\u00e4ivityksist\u00e4.<\/p>\n\n\n\n<p>Kaikki verkkosivustolla ilmoitetut tiedot on annettu vain tiedoksi, ja ne voivat muuttua. Sivuston tiedot eiv\u00e4t my\u00f6sk\u00e4\u00e4n ole tyhjent\u00e4vi\u00e4. Ne on annettu sill\u00e4 varauksella, ett\u00e4 niihin on tehty muutoksia sen j\u00e4lkeen, kun ne julkaistiin verkossa.<\/p>\n\n\n\n<p><strong>4 artikla. Teknisi\u00e4 tietoja koskevat sopimusrajoitukset<\/strong><\/p>\n\n\n\n<p>Sivusto k\u00e4ytt\u00e4\u00e4 JavaScript-tekniikkaa.<\/p>\n\n\n\n<p>Sivusto ei ole vastuussa sivuston k\u00e4ytt\u00f6\u00f6n liittyvist\u00e4 aineellisista vahingoista. Lis\u00e4ksi sivuston k\u00e4ytt\u00e4j\u00e4 sitoutuu k\u00e4ytt\u00e4m\u00e4\u00e4n sivustoa uusilla laitteilla, jotka eiv\u00e4t sis\u00e4ll\u00e4 viruksia ja joissa on p\u00e4ivitetty uusimman sukupolven selain.<\/p>\n\n\n\n<p><strong>5 artikla. Teollis- ja tekij\u00e4noikeudet ja v\u00e4\u00e4renn\u00f6kset<\/strong><\/p>\n\n\n\n<p>Oleaia LLC omistaa immateriaalioikeudet tai sill\u00e4 on k\u00e4ytt\u00f6oikeudet kaikkiin sivustolla saatavilla oleviin elementteihin, erityisesti teksteihin, kuviin, grafiikkaan, logoihin, kuvakkeisiin, \u00e4\u00e4niin ja ohjelmistoihin.<\/p>\n\n\n\n<p>Sivuston kaikkien tai joidenkin osien j\u00e4ljent\u00e4minen, esitt\u00e4minen, muuttaminen, julkaiseminen, mukauttaminen, riippumatta k\u00e4ytetyist\u00e4 keinoista tai menetelmist\u00e4, on kielletty, ellei siihen ole etuk\u00e4teen saatu kirjallista lupaa : Oleaia LLC .<\/p>\n\n\n\n<p>Sivuston tai sen sis\u00e4lt\u00e4mien elementtien luvaton k\u00e4ytt\u00f6 katsotaan rikkomukseksi ja siit\u00e4 nostetaan syyte.<\/p>\n\n\n\n<p><strong>6 artikla. Vastuun rajoittaminen<\/strong><\/p>\n\n\n\n<p>Oleaia LLC ei ole vastuussa suorista tai ep\u00e4suorista vahingoista, joita k\u00e4ytt\u00e4j\u00e4n laitteille aiheutuu verkkosivuston k\u00e4yt\u00f6n yhteydess\u00e4 ja jotka johtuvat joko sellaisten laitteiden k\u00e4yt\u00f6st\u00e4, jotka eiv\u00e4t t\u00e4yt\u00e4 kohdassa 4 mainittuja vaatimuksia, tai vian esiintymisest\u00e4 tai yhteensopimattomuudesta.<\/p>\n\n\n\n<p>Oleaia ei my\u00f6sk\u00e4\u00e4n ole vastuussa verkkosivuston k\u00e4yt\u00f6st\u00e4 johtuvista v\u00e4lillisist\u00e4 vahingoista (kuten markkinoiden tai mahdollisuuksien menetyksest\u00e4).<\/p>\n\n\n\n<p>K\u00e4ytt\u00e4jien k\u00e4ytett\u00e4viss\u00e4 on interaktiivisia tiloja (mahdollisuus esitt\u00e4\u00e4 kysymyksi\u00e4 yhteystietotilassa). Oleaia LLC pid\u00e4tt\u00e4\u00e4 itsell\u00e4\u00e4n oikeuden poistaa ilman ennakkoilmoitusta kaikki t\u00e4ss\u00e4 tilassa julkaistut sis\u00e4ll\u00f6t, jotka ovat ristiriidassa myyj\u00e4n kotimaassa sovellettavan lains\u00e4\u00e4d\u00e4nn\u00f6n ja erityisesti tietosuojaa koskevien s\u00e4\u00e4nn\u00f6sten kanssa. Tarvittaessa Oleaia LLC pid\u00e4tt\u00e4\u00e4 my\u00f6s oikeuden kyseenalaistaa k\u00e4ytt\u00e4j\u00e4n siviili- ja\/tai rikosoikeudellisen vastuun, erityisesti jos kyseess\u00e4 on rasistinen, loukkaava, herjaava tai pornografinen viesti, riippumatta k\u00e4ytetyst\u00e4 v\u00e4lineest\u00e4 ( teksti, valokuva jne.).<\/p>\n\n\n\n<p><strong>7 artikla. Henkil\u00f6tietojen hallinta<\/strong><\/p>\n\n\n\n<p>Verkkosivustoa k\u00e4ytett\u00e4ess\u00e4 voidaan ker\u00e4t\u00e4 seuraavat tiedot: niiden linkkien URL-osoite, joiden kautta k\u00e4ytt\u00e4j\u00e4 on p\u00e4\u00e4ssyt verkkosivustolle, k\u00e4ytt\u00e4j\u00e4n palveluntarjoaja, k\u00e4ytt\u00e4j\u00e4n Internet-protokollaosoite (IP).<\/p>\n\n\n\n<p>Joka tapauksessa Oleaia LLC ker\u00e4\u00e4 k\u00e4ytt\u00e4j\u00e4\u00e4n liittyvi\u00e4 henkil\u00f6tietoja vain tiettyjen verkkosivuston tarjoamien palvelujen tarpeisiin. K\u00e4ytt\u00e4j\u00e4 antaa n\u00e4m\u00e4 tiedot t\u00e4ysin tietoisena tosiasioista, erityisesti silloin, kun h\u00e4n sy\u00f6tt\u00e4\u00e4 ne itse. T\u00e4m\u00e4n j\u00e4lkeen verkkosivuston k\u00e4ytt\u00e4j\u00e4lle m\u00e4\u00e4ritell\u00e4\u00e4n velvollisuus antaa tai olla antamatta n\u00e4it\u00e4 tietoja.<\/p>\n\n\n\n<p>Tietojenk\u00e4sittely\u00e4, tiedostoja ja vapauksia koskevien s\u00e4\u00e4nn\u00f6sten mukaisesti jokaisella k\u00e4ytt\u00e4j\u00e4ll\u00e4 on oikeus tutustua itse\u00e4\u00e4n koskeviin henkil\u00f6tietoihin, oikaista niit\u00e4 ja vastustaa niiden k\u00e4ytt\u00f6\u00e4 esitt\u00e4m\u00e4ll\u00e4 kirjallinen ja allekirjoitettu pyynt\u00f6, johon on liitetty j\u00e4ljenn\u00f6s henkil\u00f6llisyystodistuksesta, johon on liitetty asiakirjan haltijan allekirjoitus ja jossa on ilmoitettu osoite, johon vastaus on l\u00e4hetett\u00e4v\u00e4.<\/p>\n\n\n\n<p>Verkkosivuston k\u00e4ytt\u00e4j\u00e4n henkil\u00f6tietoja ei julkaista k\u00e4ytt\u00e4j\u00e4n tiet\u00e4m\u00e4tt\u00e4, vaihdeta, siirret\u00e4, luovuteta tai myyd\u00e4 kolmansille osapuolille mill\u00e4\u00e4n tavoin. Ainoastaan Oleaia LLC:n ja sen oikeuksien hankkiminen mahdollistaisi mainittujen tietojen siirt\u00e4misen mahdolliselle ostajalle, jota puolestaan sitoo sama velvollisuus tallentaa ja muuttaa sivuston k\u00e4ytt\u00e4j\u00e4\u00e4 koskevia tietoja. web.<\/p>\n\n\n\n<p>Tietokannat on suojattu tietokantojen oikeudellista suojaa koskevilla s\u00e4\u00e4nn\u00f6ksill\u00e4.<\/p>\n\n\n\n<p><strong>8 artikla. Hyperlinkit ja ev\u00e4steet<\/strong><\/p>\n\n\n\n<p>Sivusto sis\u00e4lt\u00e4\u00e4 useita hyperlinkkej\u00e4 muille sivustoille, jotka on otettu k\u00e4ytt\u00f6\u00f6n Oleaia LLC:n luvalla. Oleaia LLC:ll\u00e4 ei kuitenkaan ole mahdollisuutta tarkistaa n\u00e4in vierailtujen sivustojen sis\u00e4lt\u00f6\u00e4, eik\u00e4 se n\u00e4in ollen ota vastuuta t\u00e4st\u00e4.<\/p>\n\n\n\n<p>Verkkosivuston selaaminen aiheuttaa todenn\u00e4k\u00f6isesti ev\u00e4steiden asentamisen k\u00e4ytt\u00e4j\u00e4n tietokoneelle. Ev\u00e4ste on pieni tiedosto, jonka avulla k\u00e4ytt\u00e4j\u00e4\u00e4 ei voida tunnistaa, mutta joka tallentaa tietoja, jotka liittyv\u00e4t tietokoneen navigointiin sivustolla. N\u00e4in saatujen tietojen tarkoituksena on helpottaa my\u00f6hemp\u00e4\u00e4 navigointia sivustolla ja mahdollistaa my\u00f6s erilaiset k\u00e4vij\u00e4mittaukset.<\/p>\n\n\n\n<p>Ev\u00e4steen asentamisesta kielt\u00e4ytyminen voi est\u00e4\u00e4 tiettyjen palvelujen k\u00e4yt\u00f6n. K\u00e4ytt\u00e4j\u00e4 voi kuitenkin konfiguroida tietokoneensa seuraavasti ev\u00e4steiden asennuksen kielt\u00e4miseksi :<\/p>\n\n\n\n<p>Internet Explorerissa : ty\u00f6kaluv\u00e4lilehti (hammasrattaan muotoinen kuvake oikeassa yl\u00e4kulmassa) \/ Internet-asetukset. Napsauta Tietosuoja ja valitse Est\u00e4 kaikki ev\u00e4steet. Vahvista Ok.<\/p>\n\n\n\n<p>Firefox : selainikkunan yl\u00e4reunassa napsauta Firefox-painiketta ja siirry sitten Asetukset-v\u00e4lilehdelle. Napsauta Tietosuoja-v\u00e4lilehte\u00e4. Aseta S\u00e4ilytyss\u00e4\u00e4nn\u00f6t kohtaan : k\u00e4yt\u00e4 mukautettuja asetuksia historialle. Poista lopuksi ruksi k\u00e4yt\u00f6st\u00e4 ev\u00e4steet.<\/p>\n\n\n\n<p>Safarissa : Napsauta selaimen oikeassa yl\u00e4kulmassa olevaa valikkokuvaketta (jota symboloi hammasratas). Valitse Asetukset. Valitse N\u00e4yt\u00e4 lis\u00e4asetukset. Napsauta kohdassa \"Tietosuoja\" kohtaa Sis\u00e4lt\u00f6asetukset. \"Ev\u00e4steet\"-osiossa voit est\u00e4\u00e4 ev\u00e4steet.<\/p>\n\n\n\n<p>Chrome : Napsauta selaimen oikeassa yl\u00e4kulmassa olevaa valikkokuvaketta (jota symboloivat kolme vaakasuoraa viivaa). Valitse Asetukset. Valitse N\u00e4yt\u00e4 lis\u00e4asetukset. Napsauta kohdassa \"Tietosuoja\" kohtaa Asetukset. \"Yksityisyys\"-v\u00e4lilehdell\u00e4 voit est\u00e4\u00e4 ev\u00e4steet.<strong>&nbsp;<\/strong><\/p>\n\n\n\n<p><strong>9 artikla. Sovellettava laki ja toimivalta<\/strong><\/p>\n\n\n\n<p>Verkkosivuston k\u00e4ytt\u00f6\u00f6n liittyviin riitoihin sovelletaan myyj\u00e4n kotipaikan voimassa olevaa lakia. Yksinomainen toimivalta on myyj\u00e4n kotimaan toimivaltaisilla tuomioistuimilla.<\/p>\n\n\n\n<p><strong>10 artikla. Sanasto<\/strong>&nbsp;<\/p>\n\n\n\n<p>K\u00e4ytt\u00e4j\u00e4 : Internet-k\u00e4ytt\u00e4j\u00e4, joka k\u00e4ytt\u00e4\u00e4 edell\u00e4 mainittua sivustoa.<\/p>\n\n\n\n<p>Henkil\u00f6tiedot: Tiedot, joiden avulla voidaan miss\u00e4 tahansa muodossa suoraan tai v\u00e4lillisesti tunnistaa luonnolliset henkil\u00f6t, joita ne koskevat.<\/p>","protected":false},"excerpt":{"rendered":"<p>Article 1. Presentation of the site It is specified to users of the website the identity of the various stakeholders in the context of its realization and its follow-up : Owner : Oleaia LLCAddress : 213 N Market Street #1042, Wilmington, DE 19801, USAShare capital : USD 100,000Legal form : Limited liability companyFile number : [&hellip;]<\/p>\n","protected":false},"author":1,"featured_media":0,"parent":0,"menu_order":0,"comment_status":"closed","ping_status":"open","template":"","meta":{"_uag_custom_page_level_css":"","site-sidebar-layout":"default","site-content-layout":"","ast-site-content-layout":"default","site-content-style":"default","site-sidebar-style":"default","ast-global-header-display":"","ast-banner-title-visibility":"","ast-main-header-display":"","ast-hfb-above-header-display":"","ast-hfb-below-header-display":"","ast-hfb-mobile-header-display":"","site-post-title":"","ast-breadcrumbs-content":"","ast-featured-img":"","footer-sml-layout":"","ast-disable-related-posts":"","theme-transparent-header-meta":"","adv-header-id-meta":"","stick-header-meta":"","header-above-stick-meta":"","header-main-stick-meta":"","header-below-stick-meta":"","astra-migrate-meta-layouts":"set","ast-page-background-enabled":"default","ast-page-background-meta":{"desktop":{"background-color":"var(--ast-global-color-4)","background-image":"","background-repeat":"repeat","background-position":"center center","background-size":"auto","background-attachment":"scroll","background-type":"","background-media":"","overlay-type":"","overlay-color":"","overlay-opacity":"","overlay-gradient":""},"tablet":{"background-color":"","background-image":"","background-repeat":"repeat","background-position":"center center","background-size":"auto","background-attachment":"scroll","background-type":"","background-media":"","overlay-type":"","overlay-color":"","overlay-opacity":"","overlay-gradient":""},"mobile":{"background-color":"","background-image":"","background-repeat":"repeat","background-position":"center center","background-size":"auto","background-attachment":"scroll","background-type":"","background-media":"","overlay-type":"","overlay-color":"","overlay-opacity":"","overlay-gradient":""}},"ast-content-background-meta":{"desktop":{"background-color":"var(--ast-global-color-5)","background-image":"","background-repeat":"repeat","background-position":"center center","background-size":"auto","background-attachment":"scroll","background-type":"","background-media":"","overlay-type":"","overlay-color":"","overlay-opacity":"","overlay-gradient":""},"tablet":{"background-color":"var(--ast-global-color-5)","background-image":"","background-repeat":"repeat","background-position":"center center","background-size":"auto","background-attachment":"scroll","background-type":"","background-media":"","overlay-type":"","overlay-color":"","overlay-opacity":"","overlay-gradient":""},"mobile":{"background-color":"var(--ast-global-color-5)","background-image":"","background-repeat":"repeat","background-position":"center center","background-size":"auto","background-attachment":"scroll","background-type":"","background-media":"","overlay-type":"","overlay-color":"","overlay-opacity":"","overlay-gradient":""}},"footnotes":""},"class_list":["post-3","page","type-page","status-publish","hentry"],"spectra_custom_meta":{"_wp_page_template":["default"],"_wpml_word_count":["1292"],"_edit_lock":["1752849289:1"],"_wpml_location_migration_done":["1"],"_edit_last":["1"],"_wpml_media_duplicate":["1"],"_wpml_media_featured":["1"],"rank_math_news_sitemap_robots":["index"],"rank_math_robots":["a:1:{i:0;s:5:\"index\";}"],"_uag_custom_page_level_css":[""],"site-sidebar-layout":["default"],"site-content-layout":[""],"ast-site-content-layout":["default"],"site-content-style":["default"],"site-sidebar-style":["default"],"ast-global-header-display":[""],"ast-banner-title-visibility":[""],"ast-main-header-display":[""],"ast-hfb-above-header-display":[""],"ast-hfb-below-header-display":[""],"ast-hfb-mobile-header-display":[""],"site-post-title":[""],"ast-breadcrumbs-content":[""],"ast-featured-img":[""],"footer-sml-layout":[""],"theme-transparent-header-meta":[""],"adv-header-id-meta":[""],"stick-header-meta":[""],"header-above-stick-meta":[""],"header-main-stick-meta":[""],"header-below-stick-meta":[""],"astra-migrate-meta-layouts":["set"],"ast-page-background-enabled":["default"],"ast-page-background-meta":["a:3:{s:7:\"desktop\";a:12:{s:16:\"background-color\";s:25:\"var(--ast-global-color-4)\";s:16:\"background-image\";s:0:\"\";s:17:\"background-repeat\";s:6:\"repeat\";s:19:\"background-position\";s:13:\"center center\";s:15:\"background-size\";s:4:\"auto\";s:21:\"background-attachment\";s:6:\"scroll\";s:15:\"background-type\";s:0:\"\";s:16:\"background-media\";s:0:\"\";s:12:\"overlay-type\";s:0:\"\";s:13:\"overlay-color\";s:0:\"\";s:15:\"overlay-opacity\";s:0:\"\";s:16:\"overlay-gradient\";s:0:\"\";}s:6:\"tablet\";a:12:{s:16:\"background-color\";s:0:\"\";s:16:\"background-image\";s:0:\"\";s:17:\"background-repeat\";s:6:\"repeat\";s:19:\"background-position\";s:13:\"center center\";s:15:\"background-size\";s:4:\"auto\";s:21:\"background-attachment\";s:6:\"scroll\";s:15:\"background-type\";s:0:\"\";s:16:\"background-media\";s:0:\"\";s:12:\"overlay-type\";s:0:\"\";s:13:\"overlay-color\";s:0:\"\";s:15:\"overlay-opacity\";s:0:\"\";s:16:\"overlay-gradient\";s:0:\"\";}s:6:\"mobile\";a:12:{s:16:\"background-color\";s:0:\"\";s:16:\"background-image\";s:0:\"\";s:17:\"background-repeat\";s:6:\"repeat\";s:19:\"background-position\";s:13:\"center center\";s:15:\"background-size\";s:4:\"auto\";s:21:\"background-attachment\";s:6:\"scroll\";s:15:\"background-type\";s:0:\"\";s:16:\"background-media\";s:0:\"\";s:12:\"overlay-type\";s:0:\"\";s:13:\"overlay-color\";s:0:\"\";s:15:\"overlay-opacity\";s:0:\"\";s:16:\"overlay-gradient\";s:0:\"\";}}"],"ast-content-background-meta":["a:3:{s:7:\"desktop\";a:12:{s:16:\"background-color\";s:25:\"var(--ast-global-color-5)\";s:16:\"background-image\";s:0:\"\";s:17:\"background-repeat\";s:6:\"repeat\";s:19:\"background-position\";s:13:\"center center\";s:15:\"background-size\";s:4:\"auto\";s:21:\"background-attachment\";s:6:\"scroll\";s:15:\"background-type\";s:0:\"\";s:16:\"background-media\";s:0:\"\";s:12:\"overlay-type\";s:0:\"\";s:13:\"overlay-color\";s:0:\"\";s:15:\"overlay-opacity\";s:0:\"\";s:16:\"overlay-gradient\";s:0:\"\";}s:6:\"tablet\";a:12:{s:16:\"background-color\";s:25:\"var(--ast-global-color-5)\";s:16:\"background-image\";s:0:\"\";s:17:\"background-repeat\";s:6:\"repeat\";s:19:\"background-position\";s:13:\"center center\";s:15:\"background-size\";s:4:\"auto\";s:21:\"background-attachment\";s:6:\"scroll\";s:15:\"background-type\";s:0:\"\";s:16:\"background-media\";s:0:\"\";s:12:\"overlay-type\";s:0:\"\";s:13:\"overlay-color\";s:0:\"\";s:15:\"overlay-opacity\";s:0:\"\";s:16:\"overlay-gradient\";s:0:\"\";}s:6:\"mobile\";a:12:{s:16:\"background-color\";s:25:\"var(--ast-global-color-5)\";s:16:\"background-image\";s:0:\"\";s:17:\"background-repeat\";s:6:\"repeat\";s:19:\"background-position\";s:13:\"center center\";s:15:\"background-size\";s:4:\"auto\";s:21:\"background-attachment\";s:6:\"scroll\";s:15:\"background-type\";s:0:\"\";s:16:\"background-media\";s:0:\"\";s:12:\"overlay-type\";s:0:\"\";s:13:\"overlay-color\";s:0:\"\";s:15:\"overlay-opacity\";s:0:\"\";s:16:\"overlay-gradient\";s:0:\"\";}}"],"footnotes":[""],"_elementor_edit_mode":[""],"_elementor_template_type":[""],"_elementor_data":[""],"_elementor_conditions":["a:0:{}"],"_uag_css_file_name":["uag-css-3.css"],"_uag_page_assets":["a:9:{s:3:\"css\";s:7156:\".uag-blocks-common-selector{z-index:var(--z-index-desktop) !important}@media (max-width: 976px){.uag-blocks-common-selector{z-index:var(--z-index-tablet) !important}}@media (max-width: 767px){.uag-blocks-common-selector{z-index:var(--z-index-mobile) !important}}\n.wp-block-uagb-image{display:flex}.wp-block-uagb-image__figure{position:relative;display:flex;flex-direction:column;max-width:100%;height:auto;margin:0}.wp-block-uagb-image__figure img{height:auto;display:flex;max-width:100%;transition:box-shadow 0.2s ease}.wp-block-uagb-image__figure>a{display:inline-block}.wp-block-uagb-image__figure figcaption{text-align:center;margin-top:0.5em;margin-bottom:1em}.wp-block-uagb-image .components-placeholder.block-editor-media-placeholder .components-placeholder__instructions{align-self:center}.wp-block-uagb-image--align-left{text-align:left}.wp-block-uagb-image--align-right{text-align:right}.wp-block-uagb-image--align-center{text-align:center}.wp-block-uagb-image--align-full .wp-block-uagb-image__figure{margin-left:calc(50% - 50vw);margin-right:calc(50% - 50vw);max-width:100vw;width:100vw;height:auto}.wp-block-uagb-image--align-full .wp-block-uagb-image__figure img{height:auto;width:100% !important}.wp-block-uagb-image--align-wide .wp-block-uagb-image__figure img{height:auto;width:100%}.wp-block-uagb-image--layout-overlay__color-wrapper{position:absolute;left:0;top:0;right:0;bottom:0;opacity:0.2;background:rgba(0,0,0,0.5);transition:opacity 0.35s ease-in-out}.wp-block-uagb-image--layout-overlay-link{position:absolute;left:0;right:0;bottom:0;top:0}.wp-block-uagb-image--layout-overlay .wp-block-uagb-image__figure:hover .wp-block-uagb-image--layout-overlay__color-wrapper{opacity:1}.wp-block-uagb-image--layout-overlay__inner{position:absolute;left:15px;right:15px;bottom:15px;top:15px;display:flex;align-items:center;justify-content:center;flex-direction:column;border-color:#fff;transition:0.35s ease-in-out}.wp-block-uagb-image--layout-overlay__inner.top-left,.wp-block-uagb-image--layout-overlay__inner.top-center,.wp-block-uagb-image--layout-overlay__inner.top-right{justify-content:flex-start}.wp-block-uagb-image--layout-overlay__inner.bottom-left,.wp-block-uagb-image--layout-overlay__inner.bottom-center,.wp-block-uagb-image--layout-overlay__inner.bottom-right{justify-content:flex-end}.wp-block-uagb-image--layout-overlay__inner.top-left,.wp-block-uagb-image--layout-overlay__inner.center-left,.wp-block-uagb-image--layout-overlay__inner.bottom-left{align-items:flex-start}.wp-block-uagb-image--layout-overlay__inner.top-right,.wp-block-uagb-image--layout-overlay__inner.center-right,.wp-block-uagb-image--layout-overlay__inner.bottom-right{align-items:flex-end}.wp-block-uagb-image--layout-overlay__inner .uagb-image-heading{color:#fff;transition:transform 0.35s, opacity 0.35s ease-in-out;transform:translate3d(0, 24px, 0);margin:0;line-height:1em}.wp-block-uagb-image--layout-overlay__inner .uagb-image-separator{width:30%;border-top-width:2px;border-top-color:#fff;border-top-style:solid;margin-bottom:10px;opacity:0;transition:transform 0.4s, opacity 0.4s ease-in-out;transform:translate3d(0, 30px, 0)}.wp-block-uagb-image--layout-overlay__inner .uagb-image-caption{opacity:0;overflow:visible;color:#fff;transition:transform 0.45s, opacity 0.45s ease-in-out;transform:translate3d(0, 35px, 0)}.wp-block-uagb-image--layout-overlay__inner:hover .uagb-image-heading,.wp-block-uagb-image--layout-overlay__inner:hover .uagb-image-separator,.wp-block-uagb-image--layout-overlay__inner:hover .uagb-image-caption{opacity:1;transform:translate3d(0, 0, 0)}.wp-block-uagb-image--effect-zoomin .wp-block-uagb-image__figure img,.wp-block-uagb-image--effect-zoomin .wp-block-uagb-image__figure .wp-block-uagb-image--layout-overlay__color-wrapper{transform:scale(1);transition:transform 0.35s ease-in-out}.wp-block-uagb-image--effect-zoomin .wp-block-uagb-image__figure:hover img,.wp-block-uagb-image--effect-zoomin .wp-block-uagb-image__figure:hover .wp-block-uagb-image--layout-overlay__color-wrapper{transform:scale(1.05)}.wp-block-uagb-image--effect-slide .wp-block-uagb-image__figure img,.wp-block-uagb-image--effect-slide .wp-block-uagb-image__figure .wp-block-uagb-image--layout-overlay__color-wrapper{width:calc(100% + 40px) !important;max-width:none !important;transform:translate3d(-40px, 0, 0);transition:transform 0.35s ease-in-out}.wp-block-uagb-image--effect-slide .wp-block-uagb-image__figure:hover img,.wp-block-uagb-image--effect-slide .wp-block-uagb-image__figure:hover .wp-block-uagb-image--layout-overlay__color-wrapper{transform:translate3d(0, 0, 0)}.wp-block-uagb-image--effect-grayscale img{filter:grayscale(0%);transition:0.35s ease-in-out}.wp-block-uagb-image--effect-grayscale:hover img{filter:grayscale(100%)}.wp-block-uagb-image--effect-blur img{filter:blur(0);transition:0.35s ease-in-out}.wp-block-uagb-image--effect-blur:hover img{filter:blur(3px)}\n.uagb-block-e6f939b3.wp-block-uagb-image--layout-default figure img{box-shadow: 0px 0px 0 #00000070;}.uagb-block-e6f939b3.wp-block-uagb-image .wp-block-uagb-image__figure figcaption{font-style: normal;align-self: center;}.uagb-block-e6f939b3.wp-block-uagb-image--layout-overlay figure img{box-shadow: 0px 0px 0 #00000070;}.uagb-block-e6f939b3.wp-block-uagb-image--layout-overlay .wp-block-uagb-image--layout-overlay__color-wrapper{opacity: 0.2;}.uagb-block-e6f939b3.wp-block-uagb-image--layout-overlay .wp-block-uagb-image--layout-overlay__inner{left: 15px;right: 15px;top: 15px;bottom: 15px;}.uagb-block-e6f939b3.wp-block-uagb-image--layout-overlay .wp-block-uagb-image--layout-overlay__inner .uagb-image-heading{font-style: normal;color: #fff;opacity: 1;}.uagb-block-e6f939b3.wp-block-uagb-image--layout-overlay .wp-block-uagb-image--layout-overlay__inner .uagb-image-heading a{color: #fff;}.uagb-block-e6f939b3.wp-block-uagb-image--layout-overlay .wp-block-uagb-image--layout-overlay__inner .uagb-image-caption{opacity: 0;}.uagb-block-e6f939b3.wp-block-uagb-image--layout-overlay .wp-block-uagb-image__figure:hover .wp-block-uagb-image--layout-overlay__color-wrapper{opacity: 1;}.uagb-block-e6f939b3.wp-block-uagb-image .wp-block-uagb-image--layout-overlay__inner .uagb-image-separator{width: 30%;border-top-width: 2px;border-top-color: #fff;opacity: 0;}.uagb-block-e6f939b3.wp-block-uagb-image .wp-block-uagb-image__figure img{width: px;height: auto;}.uagb-block-e6f939b3.wp-block-uagb-image .wp-block-uagb-image__figure:hover .wp-block-uagb-image--layout-overlay__inner .uagb-image-caption{opacity: 1;}.uagb-block-e6f939b3.wp-block-uagb-image .wp-block-uagb-image__figure:hover .wp-block-uagb-image--layout-overlay__inner .uagb-image-separator{opacity: 1;}.uagb-block-e6f939b3.wp-block-uagb-image--layout-default figure:hover img{box-shadow: 0px 0px 0 #00000070;}.uagb-block-e6f939b3.wp-block-uagb-image--layout-overlay figure:hover img{box-shadow: 0px 0px 0 #00000070;}@media only screen and (max-width: 976px) {.uagb-block-e6f939b3.wp-block-uagb-image .wp-block-uagb-image__figure img{width: px;height: auto;}}@media only screen and (max-width: 767px) {.uagb-block-e6f939b3.wp-block-uagb-image .wp-block-uagb-image__figure img{width: px;height: auto;}}\";s:2:\"js\";s:0:\"\";s:18:\"current_block_list\";a:13:{i:0;s:14:\"core\/paragraph\";i:1;s:11:\"core\/search\";i:2;s:10:\"core\/group\";i:3;s:12:\"core\/heading\";i:4;s:17:\"core\/latest-posts\";i:5;s:20:\"core\/latest-comments\";i:6;s:13:\"core\/archives\";i:7;s:15:\"core\/categories\";i:8;s:10:\"uagb\/image\";i:9;s:11:\"core\/spacer\";i:10;s:30:\"woocommerce\/product-categories\";i:11;s:10:\"core\/image\";i:12;s:14:\"core\/shortcode\";}s:8:\"uag_flag\";b:1;s:11:\"uag_version\";s:10:\"1776464087\";s:6:\"gfonts\";a:0:{}s:10:\"gfonts_url\";s:0:\"\";s:12:\"gfonts_files\";a:0:{}s:14:\"uag_faq_layout\";b:0;}"]},"uagb_featured_image_src":{"full":false,"thumbnail":false,"medium":false,"medium_large":false,"large":false,"1536x1536":false,"2048x2048":false,"trp-custom-language-flag":false,"woocommerce_thumbnail":false,"woocommerce_single":false,"woocommerce_gallery_thumbnail":false},"uagb_author_info":{"display_name":"admin","author_link":"https:\/\/www.oleaia.com\/fi\/author\/admin2721\/"},"uagb_comment_info":0,"uagb_excerpt":"Article 1. Presentation of the site It is specified to users of the website the identity of the various stakeholders in the context of its realization and its follow-up : Owner : Oleaia LLCAddress : 213 N Market Street #1042, Wilmington, DE 19801, USAShare capital : USD 100,000Legal form : Limited liability companyFile number :&hellip;","_links":{"self":[{"href":"https:\/\/www.oleaia.com\/fi\/wp-json\/wp\/v2\/pages\/3","targetHints":{"allow":["GET"]}}],"collection":[{"href":"https:\/\/www.oleaia.com\/fi\/wp-json\/wp\/v2\/pages"}],"about":[{"href":"https:\/\/www.oleaia.com\/fi\/wp-json\/wp\/v2\/types\/page"}],"author":[{"embeddable":true,"href":"https:\/\/www.oleaia.com\/fi\/wp-json\/wp\/v2\/users\/1"}],"replies":[{"embeddable":true,"href":"https:\/\/www.oleaia.com\/fi\/wp-json\/wp\/v2\/comments?post=3"}],"version-history":[{"count":4,"href":"https:\/\/www.oleaia.com\/fi\/wp-json\/wp\/v2\/pages\/3\/revisions"}],"predecessor-version":[{"id":23021,"href":"https:\/\/www.oleaia.com\/fi\/wp-json\/wp\/v2\/pages\/3\/revisions\/23021"}],"wp:attachment":[{"href":"https:\/\/www.oleaia.com\/fi\/wp-json\/wp\/v2\/media?parent=3"}],"curies":[{"name":"wp","href":"https:\/\/api.w.org\/{rel}","templated":true}]}}