{"id":23760,"date":"2025-08-12T11:37:47","date_gmt":"2025-08-12T09:37:47","guid":{"rendered":"https:\/\/www.oleaia.com\/?post_type=product&#038;p=23760"},"modified":"2026-03-26T10:43:11","modified_gmt":"2026-03-26T09:43:11","slug":"lemon-balm-oil","status":"publish","type":"product","link":"https:\/\/www.oleaia.com\/fi\/products\/lemon-balm-oil\/","title":{"rendered":"Sitruunamelissa\u00f6ljy - 1 litra"},"content":{"rendered":"<p><strong><img decoding=\"async\" style=\"margin-right: 12px;\" src=\"https:\/\/www.oleaia.com\/wp-content\/uploads\/2026\/03\/Check.svg\" alt=\"\" width=\"18\" height=\"15\" \/>Verraton tehokkuus mielen rauhoittamisessa ja ihon rauhoittamisessa.<\/strong> Sitruunamelissa\u00f6ljy on tehokkain luonnollinen ratkaisu rentoutumisen edist\u00e4miseen, emotionaalisen tasapainon tukemiseen ja ihon mukavuuden lis\u00e4\u00e4miseen. Se on perinteisesti arvostettu yrttihyvinvointik\u00e4yt\u00e4nn\u00f6iss\u00e4, ja se auttaa v\u00e4hent\u00e4m\u00e4\u00e4n ihon stressi\u00e4, rauhoittamaan aisteja ja edist\u00e4m\u00e4\u00e4n rauhallista, virkistynytt\u00e4 olotilaa jatkuvalla k\u00e4yt\u00f6ll\u00e4.<\/p>\n<p><strong><img decoding=\"async\" style=\"margin-right: 12px;\" src=\"https:\/\/www.oleaia.com\/wp-content\/uploads\/2026\/03\/Check.svg\" alt=\"\" width=\"18\" height=\"15\" \/>Halvin saatavilla oleva korkealaatuinen sitruunamelissa\u00f6ljy.<\/strong> Olemme markkinoiden edullisimpia ja pid\u00e4mme samalla yll\u00e4 tiukkoja laatuvaatimuksia, mik\u00e4 takaa poikkeuksellisen edullisen hinnan tinkim\u00e4tt\u00e4 aromien laadusta tai suorituskyvyst\u00e4. T\u00e4m\u00e4n edullisuuden ansiosta sitruunamelissa\u00f6ljy\u00e4 voidaan k\u00e4ytt\u00e4\u00e4 p\u00e4ivitt\u00e4in ihonhoidossa, aromaterapiassa ja hyvinvointirutiineissa.<\/p>\n<p><strong><img decoding=\"async\" style=\"margin-right: 12px;\" src=\"https:\/\/www.oleaia.com\/wp-content\/uploads\/2026\/03\/Check.svg\" alt=\"\" width=\"18\" height=\"15\" \/>Nopea ja luotettava 24 tunnin toimitus.<\/strong> Tarjoamme aina 24 tunnin toimituksen, joka takaa, ett\u00e4 sitruunamelissa\u00f6ljy saapuu nopeasti ja tehokkaasti. Nopea toimitus takaa keskeytym\u00e4tt\u00f6m\u00e4n jatkuvuuden henkil\u00f6kohtaisen hoidon ja rentoutumisen k\u00e4yt\u00e4nn\u00f6iss\u00e4.<\/p>\n<p><strong><img decoding=\"async\" style=\"margin-right: 12px;\" src=\"https:\/\/www.oleaia.com\/wp-content\/uploads\/2026\/03\/Check.svg\" alt=\"\" width=\"18\" height=\"15\" \/>Rahat takaisin -takuu t\u00e4ydellist\u00e4 varmuutta varten.<\/strong> Tarjoamme rahat takaisin -takuun. Jos asiakas ei ole tyytyv\u00e4inen, maksamme rahat takaisin. T\u00e4m\u00e4 l\u00e4pin\u00e4kyv\u00e4 sitoumus kuvastaa luottamusta tuotteen laatuun ja tarjoaa t\u00e4ysin riskitt\u00f6m\u00e4n ostokokemuksen.<\/p>\n<p><strong><img decoding=\"async\" style=\"margin-right: 12px;\" src=\"https:\/\/www.oleaia.com\/wp-content\/uploads\/2026\/03\/Check.svg\" alt=\"\" width=\"18\" height=\"15\" \/>T\u00e4ysin luonnonmukaista aitoa kasviper\u00e4ist\u00e4 hyvinvointia.<\/strong> Sitruunamelissa\u00f6ljymme on t\u00e4ysin luonnonmukaista, ja se on tuotettu ymp\u00e4rist\u00f6vastuuta ja kasvien eheytt\u00e4 kunnioittaen. T\u00e4m\u00e4 sitoutuminen takaa yhdenmukaisuuden luonnollisen el\u00e4m\u00e4n periaatteiden ja puhtaiden kauneusperinteiden kanssa.<\/p>\n<p><strong><img decoding=\"async\" style=\"margin-right: 12px;\" src=\"https:\/\/www.oleaia.com\/wp-content\/uploads\/2026\/03\/Check.svg\" alt=\"\" width=\"18\" height=\"15\" \/>Tukee rauhallista, tasapainoista ja miellytt\u00e4v\u00e4\u00e4 ihoa.<\/strong> Sitruunamelissa\u00f6ljy\u00e4 arvostetaan laajalti siit\u00e4, ett\u00e4 se auttaa yll\u00e4pit\u00e4m\u00e4\u00e4n ihon miellytt\u00e4vyytt\u00e4 ja tukee sile\u00e4mp\u00e4\u00e4 ja tasaisemman n\u00e4k\u00f6ist\u00e4 ihoa, erityisesti herk\u00e4ll\u00e4 tai stressaantuneella iholla.<\/p>\n<p><strong><img decoding=\"async\" style=\"margin-right: 12px;\" src=\"https:\/\/www.oleaia.com\/wp-content\/uploads\/2026\/03\/Check.svg\" alt=\"\" width=\"18\" height=\"15\" \/>Edist\u00e4\u00e4 syv\u00e4\u00e4 rentoutumista ja stressin v\u00e4hent\u00e4mist\u00e4.<\/strong> Sen lempe\u00e4, sitruksinen ja yrttinen tuoksu auttaa rauhoittamaan mielt\u00e4, v\u00e4hent\u00e4m\u00e4\u00e4n j\u00e4nnityst\u00e4 ja tukemaan emotionaalista tasapainoa vaativina tai stressaavina aikoina.<\/p>\n<p><strong><img decoding=\"async\" style=\"margin-right: 12px;\" src=\"https:\/\/www.oleaia.com\/wp-content\/uploads\/2026\/03\/Check.svg\" alt=\"\" width=\"18\" height=\"15\" \/>Kannustaa levolliseen uneen ja illan rentoutumiseen.<\/strong> Sitruunamelissa\u00f6ljy\u00e4 arvostetaan erityisesti y\u00f6llisiss\u00e4 rutiineissa, sill\u00e4 se auttaa luomaan rauhoittavan ilmapiirin, joka tukee laadukasta lepoa ja rentoutumista.<\/p>\n<p><strong><img decoding=\"async\" style=\"margin-right: 12px;\" src=\"https:\/\/www.oleaia.com\/wp-content\/uploads\/2026\/03\/Check.svg\" alt=\"\" width=\"18\" height=\"15\" \/>Parantaa ihon pehmeytt\u00e4 ja hienostunutta rakennetta.<\/strong> S\u00e4\u00e4nn\u00f6llisell\u00e4 k\u00e4yt\u00f6ll\u00e4 sitruunamelissa\u00f6ljy tekee ihosta sile\u00e4mm\u00e4n ja kimmoisamman ja parantaa sen yleist\u00e4 hyvinvointia ja ulkon\u00e4k\u00f6\u00e4.<\/p>\n<p><strong><img decoding=\"async\" style=\"margin-right: 12px;\" src=\"https:\/\/www.oleaia.com\/wp-content\/uploads\/2026\/03\/Check.svg\" alt=\"\" width=\"18\" height=\"15\" \/>Tukee p\u00e4\u00e4nahan tasapainoa ja terveemm\u00e4n n\u00e4k\u00f6isi\u00e4 hiuksia.<\/strong> P\u00e4\u00e4nahkaan levitettyn\u00e4 sitruunamelissa\u00f6ljy auttaa yll\u00e4pit\u00e4m\u00e4\u00e4n kosteutta ja tekee hiuksista pehme\u00e4mm\u00e4t, kiilt\u00e4v\u00e4mm\u00e4t ja helpommin hallittavissa olevat.<\/p>\n<p><strong><img decoding=\"async\" style=\"margin-right: 12px;\" src=\"https:\/\/www.oleaia.com\/wp-content\/uploads\/2026\/03\/Check.svg\" alt=\"\" width=\"18\" height=\"15\" \/>Ihanteellinen aromaterapiaan, hierontaan ja rauhoittaviin rituaaleihin.<\/strong> Sen rauhoittava profiili tekee siit\u00e4 t\u00e4ydellisen rentoutumisistuntoihin, meditaatioon ja lempeisiin hierontaharjoituksiin.<\/p>\n<p><strong><img decoding=\"async\" style=\"margin-right: 12px;\" src=\"https:\/\/www.oleaia.com\/wp-content\/uploads\/2026\/03\/Check.svg\" alt=\"\" width=\"18\" height=\"15\" \/>Parantaa emotionaalista selkeytt\u00e4 ja henkist\u00e4 rauhallisuutta.<\/strong> Sitruunamelissa\u00f6ljy auttaa luomaan rauhallisen ymp\u00e4rist\u00f6n, joka tukee keskittymist\u00e4, rauhallista ajattelua ja emotionaalista vakautta.<\/p>\n<p><strong><img decoding=\"async\" style=\"margin-right: 12px;\" src=\"https:\/\/www.oleaia.com\/wp-content\/uploads\/2026\/03\/Check.svg\" alt=\"\" width=\"18\" height=\"15\" \/>Monipuolinen kasvojen, vartalon, p\u00e4\u00e4nahan ja aromaattiseen k\u00e4ytt\u00f6\u00f6n.<\/strong> Sitruunamelissa\u00f6ljy sopii saumattomasti kokonaisvaltaisiin hyvinvointirutiineihin ja tarjoaa etuja useissa eri sovelluksissa.<\/p>\n<p><strong><img decoding=\"async\" style=\"margin-right: 12px;\" src=\"https:\/\/www.oleaia.com\/wp-content\/uploads\/2026\/03\/Check.svg\" alt=\"\" width=\"18\" height=\"15\" \/>Rikastettu ravitsevalla \u00f6ljyll\u00e4 hell\u00e4varaisen levityksen ja optimaalisen k\u00e4ytt\u00f6mukavuuden takaamiseksi.<\/strong> Sitruunamelissa\u00f6ljy on jo valmiiksi rikastettu ravitsevalla \u00f6ljyll\u00e4, joka takaa hell\u00e4varaisen levityksen, paremman levittyvyyden, optimaalisen k\u00e4ytt\u00f6mukavuuden ja helppok\u00e4ytt\u00f6isyyden. T\u00e4m\u00e4 harkittu koostumus parantaa liukuvuutta hieronnan aikana ja varmistaa tasaisen ja tasaisen peitt\u00e4vyyden iholla.<\/p>\n<h2><strong>Ohjeet<\/strong><\/h2>\n<ul>\n<li>Levit\u00e4 2-4 tippaa puhtaalle, kuivalle kasvojen iholle ja hiero kevyesti, kunnes se on t\u00e4ysin imeytynyt.<\/li>\n<li>K\u00e4yt\u00e4 kerran tai kaksi kertaa p\u00e4iv\u00e4ss\u00e4 ihon yksil\u00f6llisten tarpeiden mukaan.<\/li>\n<li>Vartalonhoitoon, levit\u00e4 kohtuullinen m\u00e4\u00e4r\u00e4 ja hiero huolellisesti ihoon.<\/li>\n<li>Levit\u00e4 2 - 3 tippaa rentoutumiseen pulssikohtiin, kuten ranteisiin tai kaulaan.<\/li>\n<li>Unen tukemiseksi levit\u00e4 pieni m\u00e4\u00e4r\u00e4 ennen nukkumaanmenoa tai levit\u00e4 illalla.<\/li>\n<li>P\u00e4\u00e4nahan hoitoon hiero 4-6 tippaa p\u00e4\u00e4nahkaan ja anna vaikuttaa 30-60 minuuttia ennen pesua.<\/li>\n<li>Aromaattiseen k\u00e4ytt\u00f6\u00f6n, lis\u00e4\u00e4 3-5 tippaa vedell\u00e4 t\u00e4ytettyyn diffuusoriin ja diffusoi 15-30 minuuttia.<\/li>\n<li>Suositeltava p\u00e4ivitt\u00e4inen enimm\u00e4isannos paikalliseen k\u00e4ytt\u00f6\u00f6n on noin 6-8 tippaa jaettuna eri k\u00e4ytt\u00f6alueille.<\/li>\n<li>Tee laastaritesti ennen ensimm\u00e4ist\u00e4 k\u00e4ytt\u00f6kertaa ihon yhteensopivuuden arvioimiseksi.<\/li>\n<li>V\u00e4lt\u00e4 kosketusta silmien ja herkkien limakalvoalueiden kanssa.<\/li>\n<li>\u00c4l\u00e4 levit\u00e4 \u00e4rtyneelle tai vahingoittuneelle iholle.<\/li>\n<li>Ei suositella raskauden aikana ilman ammattilaisen neuvoja.<\/li>\n<li>S\u00e4ilyt\u00e4 viile\u00e4ss\u00e4 ja kuivassa paikassa, suojattuna suoralta auringonvalolta, ja pid\u00e4 pullo tiiviisti suljettuna jokaisen k\u00e4ytt\u00f6kerran j\u00e4lkeen.<\/li>\n<\/ul>","protected":false},"excerpt":{"rendered":"<p>Unmatched effectiveness for calming the mind and soothing the skin. Lemon balm oil is the most effective natural solution for promoting relaxation, supporting emotional balance, and enhancing skin comfort. Traditionally valued in herbal wellness practices, it helps reduce the appearance of skin stress, calm the senses, and contribute to a peaceful, refreshed state with consistent [&hellip;]<\/p>\n","protected":false},"featured_media":23798,"comment_status":"open","ping_status":"closed","template":"","meta":{"_uag_custom_page_level_css":"","site-sidebar-layout":"default","site-content-layout":"","ast-site-content-layout":"default","site-content-style":"default","site-sidebar-style":"default","ast-global-header-display":"","ast-banner-title-visibility":"","ast-main-header-display":"","ast-hfb-above-header-display":"","ast-hfb-below-header-display":"","ast-hfb-mobile-header-display":"","site-post-title":"","ast-breadcrumbs-content":"","ast-featured-img":"","footer-sml-layout":"","ast-disable-related-posts":"","theme-transparent-header-meta":"default","adv-header-id-meta":"","stick-header-meta":"","header-above-stick-meta":"","header-main-stick-meta":"","header-below-stick-meta":"","astra-migrate-meta-layouts":"set","ast-page-background-enabled":"default","ast-page-background-meta":{"desktop":{"background-color":"var(--ast-global-color-4)","background-image":"","background-repeat":"repeat","background-position":"center center","background-size":"auto","background-attachment":"scroll","background-type":"","background-media":"","overlay-type":"","overlay-color":"","overlay-opacity":"","overlay-gradient":""},"tablet":{"background-color":"","background-image":"","background-repeat":"repeat","background-position":"center center","background-size":"auto","background-attachment":"scroll","background-type":"","background-media":"","overlay-type":"","overlay-color":"","overlay-opacity":"","overlay-gradient":""},"mobile":{"background-color":"","background-image":"","background-repeat":"repeat","background-position":"center center","background-size":"auto","background-attachment":"scroll","background-type":"","background-media":"","overlay-type":"","overlay-color":"","overlay-opacity":"","overlay-gradient":""}},"ast-content-background-meta":{"desktop":{"background-color":"var(--ast-global-color-5)","background-image":"","background-repeat":"repeat","background-position":"center center","background-size":"auto","background-attachment":"scroll","background-type":"","background-media":"","overlay-type":"","overlay-color":"","overlay-opacity":"","overlay-gradient":""},"tablet":{"background-color":"var(--ast-global-color-5)","background-image":"","background-repeat":"repeat","background-position":"center center","background-size":"auto","background-attachment":"scroll","background-type":"","background-media":"","overlay-type":"","overlay-color":"","overlay-opacity":"","overlay-gradient":""},"mobile":{"background-color":"var(--ast-global-color-5)","background-image":"","background-repeat":"repeat","background-position":"center center","background-size":"auto","background-attachment":"scroll","background-type":"","background-media":"","overlay-type":"","overlay-color":"","overlay-opacity":"","overlay-gradient":""}}},"product_brand":[],"product_cat":[15],"product_tag":[],"class_list":{"0":"post-23760","1":"product","2":"type-product","3":"status-publish","4":"has-post-thumbnail","6":"product_cat-shop","7":"desktop-align-left","8":"tablet-align-left","9":"mobile-align-left","11":"first","12":"instock","13":"shipping-taxable","14":"purchasable","15":"product-type-simple"},"spectra_custom_meta":{"_edit_lock":["1774519672:1"],"_edit_last":["1"],"merchant-center-availability":["yes"],"merchant-center-category":["6104"],"_thumbnail_id":["23798"],"_wp_page_template":["default"],"_sku":["OLLEMONBALMOIL"],"_global_unique_id":["5056773822436"],"_regular_price":["29.90"],"total_sales":["2"],"_tax_status":["taxable"],"_tax_class":[""],"_manage_stock":["no"],"_backorders":["no"],"_sold_individually":["no"],"_weight":["1.3"],"_virtual":["no"],"_downloadable":["no"],"_download_limit":["-1"],"_download_expiry":["-1"],"_stock":[null],"_stock_status":["instock"],"_wc_average_rating":["5.00"],"_wc_review_count":["20"],"_product_version":["10.6.1"],"_price":["29.90"],"site-sidebar-layout":["default"],"ast-site-content-layout":["default"],"site-content-style":["default"],"site-sidebar-style":["default"],"theme-transparent-header-meta":["default"],"_wc_rating_count":["a:1:{i:5;i:20;}"],"astra-migrate-meta-layouts":["set"],"_uag_css_file_name":["uag-css-23760.css"],"_elementor_page_assets":["a:0:{}"],"_uag_page_assets":["a:9:{s:3:\"css\";s:6893:\".wp-block-uagb-image{display:flex}.wp-block-uagb-image__figure{position:relative;display:flex;flex-direction:column;max-width:100%;height:auto;margin:0}.wp-block-uagb-image__figure img{height:auto;display:flex;max-width:100%;transition:box-shadow 0.2s ease}.wp-block-uagb-image__figure>a{display:inline-block}.wp-block-uagb-image__figure figcaption{text-align:center;margin-top:0.5em;margin-bottom:1em}.wp-block-uagb-image .components-placeholder.block-editor-media-placeholder .components-placeholder__instructions{align-self:center}.wp-block-uagb-image--align-left{text-align:left}.wp-block-uagb-image--align-right{text-align:right}.wp-block-uagb-image--align-center{text-align:center}.wp-block-uagb-image--align-full .wp-block-uagb-image__figure{margin-left:calc(50% - 50vw);margin-right:calc(50% - 50vw);max-width:100vw;width:100vw;height:auto}.wp-block-uagb-image--align-full .wp-block-uagb-image__figure img{height:auto;width:100% !important}.wp-block-uagb-image--align-wide .wp-block-uagb-image__figure img{height:auto;width:100%}.wp-block-uagb-image--layout-overlay__color-wrapper{position:absolute;left:0;top:0;right:0;bottom:0;opacity:0.2;background:rgba(0,0,0,0.5);transition:opacity 0.35s ease-in-out}.wp-block-uagb-image--layout-overlay-link{position:absolute;left:0;right:0;bottom:0;top:0}.wp-block-uagb-image--layout-overlay .wp-block-uagb-image__figure:hover .wp-block-uagb-image--layout-overlay__color-wrapper{opacity:1}.wp-block-uagb-image--layout-overlay__inner{position:absolute;left:15px;right:15px;bottom:15px;top:15px;display:flex;align-items:center;justify-content:center;flex-direction:column;border-color:#fff;transition:0.35s ease-in-out}.wp-block-uagb-image--layout-overlay__inner.top-left,.wp-block-uagb-image--layout-overlay__inner.top-center,.wp-block-uagb-image--layout-overlay__inner.top-right{justify-content:flex-start}.wp-block-uagb-image--layout-overlay__inner.bottom-left,.wp-block-uagb-image--layout-overlay__inner.bottom-center,.wp-block-uagb-image--layout-overlay__inner.bottom-right{justify-content:flex-end}.wp-block-uagb-image--layout-overlay__inner.top-left,.wp-block-uagb-image--layout-overlay__inner.center-left,.wp-block-uagb-image--layout-overlay__inner.bottom-left{align-items:flex-start}.wp-block-uagb-image--layout-overlay__inner.top-right,.wp-block-uagb-image--layout-overlay__inner.center-right,.wp-block-uagb-image--layout-overlay__inner.bottom-right{align-items:flex-end}.wp-block-uagb-image--layout-overlay__inner .uagb-image-heading{color:#fff;transition:transform 0.35s, opacity 0.35s ease-in-out;transform:translate3d(0, 24px, 0);margin:0;line-height:1em}.wp-block-uagb-image--layout-overlay__inner .uagb-image-separator{width:30%;border-top-width:2px;border-top-color:#fff;border-top-style:solid;margin-bottom:10px;opacity:0;transition:transform 0.4s, opacity 0.4s ease-in-out;transform:translate3d(0, 30px, 0)}.wp-block-uagb-image--layout-overlay__inner .uagb-image-caption{opacity:0;overflow:visible;color:#fff;transition:transform 0.45s, opacity 0.45s ease-in-out;transform:translate3d(0, 35px, 0)}.wp-block-uagb-image--layout-overlay__inner:hover .uagb-image-heading,.wp-block-uagb-image--layout-overlay__inner:hover .uagb-image-separator,.wp-block-uagb-image--layout-overlay__inner:hover .uagb-image-caption{opacity:1;transform:translate3d(0, 0, 0)}.wp-block-uagb-image--effect-zoomin .wp-block-uagb-image__figure img,.wp-block-uagb-image--effect-zoomin .wp-block-uagb-image__figure .wp-block-uagb-image--layout-overlay__color-wrapper{transform:scale(1);transition:transform 0.35s ease-in-out}.wp-block-uagb-image--effect-zoomin .wp-block-uagb-image__figure:hover img,.wp-block-uagb-image--effect-zoomin .wp-block-uagb-image__figure:hover .wp-block-uagb-image--layout-overlay__color-wrapper{transform:scale(1.05)}.wp-block-uagb-image--effect-slide .wp-block-uagb-image__figure img,.wp-block-uagb-image--effect-slide .wp-block-uagb-image__figure .wp-block-uagb-image--layout-overlay__color-wrapper{width:calc(100% + 40px) !important;max-width:none !important;transform:translate3d(-40px, 0, 0);transition:transform 0.35s ease-in-out}.wp-block-uagb-image--effect-slide .wp-block-uagb-image__figure:hover img,.wp-block-uagb-image--effect-slide .wp-block-uagb-image__figure:hover .wp-block-uagb-image--layout-overlay__color-wrapper{transform:translate3d(0, 0, 0)}.wp-block-uagb-image--effect-grayscale img{filter:grayscale(0%);transition:0.35s ease-in-out}.wp-block-uagb-image--effect-grayscale:hover img{filter:grayscale(100%)}.wp-block-uagb-image--effect-blur img{filter:blur(0);transition:0.35s ease-in-out}.wp-block-uagb-image--effect-blur:hover img{filter:blur(3px)}\n.uagb-block-e6f939b3.wp-block-uagb-image--layout-default figure img{box-shadow: 0px 0px 0 #00000070;}.uagb-block-e6f939b3.wp-block-uagb-image .wp-block-uagb-image__figure figcaption{font-style: normal;align-self: center;}.uagb-block-e6f939b3.wp-block-uagb-image--layout-overlay figure img{box-shadow: 0px 0px 0 #00000070;}.uagb-block-e6f939b3.wp-block-uagb-image--layout-overlay .wp-block-uagb-image--layout-overlay__color-wrapper{opacity: 0.2;}.uagb-block-e6f939b3.wp-block-uagb-image--layout-overlay .wp-block-uagb-image--layout-overlay__inner{left: 15px;right: 15px;top: 15px;bottom: 15px;}.uagb-block-e6f939b3.wp-block-uagb-image--layout-overlay .wp-block-uagb-image--layout-overlay__inner .uagb-image-heading{font-style: normal;color: #fff;opacity: 1;}.uagb-block-e6f939b3.wp-block-uagb-image--layout-overlay .wp-block-uagb-image--layout-overlay__inner .uagb-image-heading a{color: #fff;}.uagb-block-e6f939b3.wp-block-uagb-image--layout-overlay .wp-block-uagb-image--layout-overlay__inner .uagb-image-caption{opacity: 0;}.uagb-block-e6f939b3.wp-block-uagb-image--layout-overlay .wp-block-uagb-image__figure:hover .wp-block-uagb-image--layout-overlay__color-wrapper{opacity: 1;}.uagb-block-e6f939b3.wp-block-uagb-image .wp-block-uagb-image--layout-overlay__inner .uagb-image-separator{width: 30%;border-top-width: 2px;border-top-color: #fff;opacity: 0;}.uagb-block-e6f939b3.wp-block-uagb-image .wp-block-uagb-image__figure img{width: px;height: auto;}.uagb-block-e6f939b3.wp-block-uagb-image .wp-block-uagb-image__figure:hover .wp-block-uagb-image--layout-overlay__inner .uagb-image-caption{opacity: 1;}.uagb-block-e6f939b3.wp-block-uagb-image .wp-block-uagb-image__figure:hover .wp-block-uagb-image--layout-overlay__inner .uagb-image-separator{opacity: 1;}.uagb-block-e6f939b3.wp-block-uagb-image--layout-default figure:hover img{box-shadow: 0px 0px 0 #00000070;}.uagb-block-e6f939b3.wp-block-uagb-image--layout-overlay figure:hover img{box-shadow: 0px 0px 0 #00000070;}@media only screen and (max-width: 976px) {.uagb-block-e6f939b3.wp-block-uagb-image .wp-block-uagb-image__figure img{width: px;height: auto;}}@media only screen and (max-width: 767px) {.uagb-block-e6f939b3.wp-block-uagb-image .wp-block-uagb-image__figure img{width: px;height: auto;}}\";s:2:\"js\";s:0:\"\";s:18:\"current_block_list\";a:13:{i:0;s:11:\"core\/search\";i:1;s:10:\"core\/group\";i:2;s:12:\"core\/heading\";i:3;s:17:\"core\/latest-posts\";i:4;s:20:\"core\/latest-comments\";i:5;s:13:\"core\/archives\";i:6;s:15:\"core\/categories\";i:7;s:14:\"core\/paragraph\";i:8;s:10:\"uagb\/image\";i:9;s:11:\"core\/spacer\";i:10;s:30:\"woocommerce\/product-categories\";i:11;s:10:\"core\/image\";i:12;s:14:\"core\/shortcode\";}s:8:\"uag_flag\";b:1;s:11:\"uag_version\";s:10:\"1776396035\";s:6:\"gfonts\";a:0:{}s:10:\"gfonts_url\";s:0:\"\";s:12:\"gfonts_files\";a:0:{}s:14:\"uag_faq_layout\";b:0;}"]},"uagb_featured_image_src":{"full":["https:\/\/www.oleaia.com\/wp-content\/uploads\/2025\/08\/Oleaia-Lemon-Balm-Oil-1L.jpg",2560,2560,false],"thumbnail":["https:\/\/www.oleaia.com\/wp-content\/uploads\/2025\/08\/Oleaia-Lemon-Balm-Oil-1L-150x150.jpg",150,150,true],"medium":["https:\/\/www.oleaia.com\/wp-content\/uploads\/2025\/08\/Oleaia-Lemon-Balm-Oil-1L-300x300.jpg",300,300,true],"medium_large":["https:\/\/www.oleaia.com\/wp-content\/uploads\/2025\/08\/Oleaia-Lemon-Balm-Oil-1L-768x768.jpg",768,768,true],"large":["https:\/\/www.oleaia.com\/wp-content\/uploads\/2025\/08\/Oleaia-Lemon-Balm-Oil-1L-1024x1024.jpg",1024,1024,true],"1536x1536":["https:\/\/www.oleaia.com\/wp-content\/uploads\/2025\/08\/Oleaia-Lemon-Balm-Oil-1L-1536x1536.jpg",1536,1536,true],"2048x2048":["https:\/\/www.oleaia.com\/wp-content\/uploads\/2025\/08\/Oleaia-Lemon-Balm-Oil-1L-2048x2048.jpg",2048,2048,true],"trp-custom-language-flag":["https:\/\/www.oleaia.com\/wp-content\/uploads\/2025\/08\/Oleaia-Lemon-Balm-Oil-1L-12x12.jpg",12,12,true],"woocommerce_thumbnail":["https:\/\/www.oleaia.com\/wp-content\/uploads\/2025\/08\/Oleaia-Lemon-Balm-Oil-1L-300x300.jpg",300,300,true],"woocommerce_single":["https:\/\/www.oleaia.com\/wp-content\/uploads\/2025\/08\/Oleaia-Lemon-Balm-Oil-1L-600x600.jpg",600,600,true],"woocommerce_gallery_thumbnail":["https:\/\/www.oleaia.com\/wp-content\/uploads\/2025\/08\/Oleaia-Lemon-Balm-Oil-1L-100x100.jpg",100,100,true]},"uagb_author_info":{"display_name":"admin","author_link":"https:\/\/www.oleaia.com\/fi\/author\/"},"uagb_comment_info":20,"uagb_excerpt":"Unmatched effectiveness for calming the mind and soothing the skin. Lemon balm oil is the most effective natural solution for promoting relaxation, supporting emotional balance, and enhancing skin comfort. Traditionally valued in herbal wellness practices, it helps reduce the appearance of skin stress, calm the senses, and contribute to a peaceful, refreshed state with consistent&hellip;","_links":{"self":[{"href":"https:\/\/www.oleaia.com\/fi\/wp-json\/wp\/v2\/product\/23760","targetHints":{"allow":["GET"]}}],"collection":[{"href":"https:\/\/www.oleaia.com\/fi\/wp-json\/wp\/v2\/product"}],"about":[{"href":"https:\/\/www.oleaia.com\/fi\/wp-json\/wp\/v2\/types\/product"}],"replies":[{"embeddable":true,"href":"https:\/\/www.oleaia.com\/fi\/wp-json\/wp\/v2\/comments?post=23760"}],"version-history":[{"count":3,"href":"https:\/\/www.oleaia.com\/fi\/wp-json\/wp\/v2\/product\/23760\/revisions"}],"predecessor-version":[{"id":81049,"href":"https:\/\/www.oleaia.com\/fi\/wp-json\/wp\/v2\/product\/23760\/revisions\/81049"}],"wp:featuredmedia":[{"embeddable":true,"href":"https:\/\/www.oleaia.com\/fi\/wp-json\/wp\/v2\/media\/23798"}],"wp:attachment":[{"href":"https:\/\/www.oleaia.com\/fi\/wp-json\/wp\/v2\/media?parent=23760"}],"wp:term":[{"taxonomy":"product_brand","embeddable":true,"href":"https:\/\/www.oleaia.com\/fi\/wp-json\/wp\/v2\/product_brand?post=23760"},{"taxonomy":"product_cat","embeddable":true,"href":"https:\/\/www.oleaia.com\/fi\/wp-json\/wp\/v2\/product_cat?post=23760"},{"taxonomy":"product_tag","embeddable":true,"href":"https:\/\/www.oleaia.com\/fi\/wp-json\/wp\/v2\/product_tag?post=23760"}],"curies":[{"name":"wp","href":"https:\/\/api.w.org\/{rel}","templated":true}]}}