{"id":121,"date":"2025-04-11T06:36:34","date_gmt":"2025-04-11T04:36:34","guid":{"rendered":"https:\/\/www.stoprodent.com\/?page_id=121"},"modified":"2025-07-18T16:46:05","modified_gmt":"2025-07-18T14:46:05","slug":"terms-of-sale","status":"publish","type":"page","link":"https:\/\/www.oleaia.com\/hr\/terms-of-sale\/","title":{"rendered":"Uvjeti prodaje"},"content":{"rendered":"<p>Ove uvjete prodaje sklapaju s jedne strane tvrtka Oleaia LLC s temeljnim kapitalom od 100.000 USD \u010dije se sjedi\u0161te nalazi na adresi 213 N Market Street #1042, Wilmington, DE 19801, Sjedinjene Ameri\u010dke Dr\u017eave, registrirana u Trgova\u010dkom registru Delawarea pod brojem 10141920 i koja upravlja web stranicom, a s druge strane svaka pravna osoba koja \u017eeli izvr\u0161iti kupnju putem web stranice, u daljnjem tekstu \u201ekupac\u201c.<br><br><strong>\u010clanak 1. Predmet<\/strong><\/p>\n\n\n\n<p>Ovi uvjeti prodaje namijenjeni su definiranju ugovornog odnosa izme\u0111u Oleaia LLC i kupca te uvjeta koji se primjenjuju na bilo koju kupnju obavljenu putem ove web stranice. Kupnja proizvoda putem ove stranice podrazumijeva bezuvjetno prihva\u0107anje ovih uvjeta prodaje od strane kupca, koje kupac potvr\u0111uje da je pro\u010ditao prije narud\u017ebe. Prije bilo kakve transakcije, kupac izjavljuje s jedne strane da je kupnja proizvoda na web stranici izravno povezana s njegovom profesionalnom aktivno\u0161\u0107u i da je registriran za PDV, a s druge strane da ima punu pravnu sposobnost, \u0161to mu omogu\u0107uje sudjelovanje u skladu s ovim op\u0107im uvjetima prodaje.<\/p>\n\n\n\n<p>Tvrtka Oleaia LLC zadr\u017eava mogu\u0107nost izmjene ovih uvjeta prodaje u bilo kojem trenutku, kako bi se uskladila s novim propisima ili pobolj\u0161ala kori\u0161tenje svoje stranice. Stoga \u0107e se primjenjivati uvjeti oni koji su na snazi na dan narud\u017ebe kupca.<\/p>\n\n\n\n<p><strong>\u010clanak 2. Proizvodi<\/strong><\/p>\n\n\n\n<p>Ponu\u0111eni proizvodi su oni koji se pojavljuju na web stranici tvrtke Oleaia LLC u okviru raspolo\u017eivih zaliha. Oleaia LLC zadr\u017eava pravo izmjene asortimana proizvoda u bilo kojem trenutku. Svaki proizvod je na web stranici predstavljen u obliku opisa koji sadr\u017ei njegove glavne tehni\u010dke karakteristike (kapacitet, upotreba, sastav itd.). Fotografije su \u0161to je mogu\u0107e to\u010dnije, ali ni na koji na\u010din ne obvezuju prodavatelja. Prodaja proizvoda predstavljenih na web stranici namijenjena je svim kupcima s prebivali\u0161tem u zemljama koje u potpunosti dopu\u0161taju ulazak ovih proizvoda na svoj teritorij.<br><br><strong>\u010clanak 3. Tarife<\/strong><\/p>\n\n\n\n<p>Cijene navedene na listovima u internetskom katalogu su cijene u lokalnoj valuti, uklju\u010duju\u0107i sve poreze. Oleaia LLC zadr\u017eava pravo izmjene cijena u bilo kojem trenutku, uz uvjet da \u0107e cijena koja se pojavljuje u katalogu na dan narud\u017ebe biti jedina koja se primjenjuje na kupca. Navedene cijene ne uklju\u010duju tro\u0161kove dostave, koji se fakturiraju uz cijenu kupljenih proizvoda, izra\u010dunato prema ukupnoj te\u017eini narud\u017ebe.<br><br><strong>\u010clanak 4. Redoslijed i uvjeti pla\u0107anja<\/strong><\/p>\n\n\n\n<p>Prije svake narud\u017ebe, kupac ima mogu\u0107nost kreiranja ra\u010duna. Odjeljak za kreiranje ra\u010duna dostupan je izravno iz bo\u010dnog izbornika. Prilikom svake posjete, kupac, ako \u017eeli naru\u010diti ili pregledati svoj ra\u010dun (status narud\u017ebe, profil itd.), morat \u0107e se identificirati pomo\u0107u ovih podataka. Tvrtka Oleaia LLC nudi kupcu narud\u017ebu i pla\u0107anje svojih proizvoda u nekoliko koraka, s 3 mogu\u0107nosti pla\u0107anja koje mo\u017ee odabrati:<\/p>\n\n\n\n<p><strong>Pla\u0107anje bankovnim transferom:<\/strong>\u00a0Kupac mora kontaktirati Oleaia LLC putem e-po\u0161te kako bi zatra\u017eio ponudu. Potrebno je da navede proizvode koje \u017eeli naru\u010diti, prijevoznika kojeg \u017eeli odabrati, svoju e-mail adresu i broj telefona, kao i adresu za dostavu i naplatu. Nakon slanja zahtjeva, dobit \u0107e ponudu s kontakt podacima tvrtke Oleaia LLC. Transfer mora biti izvr\u0161en u roku od 30 dana, a ukupni iznos mora sti\u0107i na ra\u010dun Oleaia LLC bez ikakvih bankovnih tro\u0161kova. Kupac je du\u017ean platiti sve bankovne tro\u0161kove povezane s transferom. Tek nakon \u0161to iznos stigne na ra\u010dun Oleaia LLC, potonji \u0107e obraditi narud\u017ebu.<\/p>\n\n\n\n<p><strong>Sigurno pla\u0107anje kreditnom karticom (putem Stripe sustava):<\/strong>\u00a0Kupac u \u201eko\u0161arici\u201c odabire proizvode koje \u017eeli naru\u010diti, po potrebi ih mijenja (koli\u010dine, reference itd.), provjerava adresu za dostavu ili unosi novu. Zatim se izra\u010dunavaju i kupcu dostavljaju tro\u0161kovi dostave, kao i naziv prijevoznika i okvirno vrijeme dostave. Nakon toga kupac nastavlja s pla\u0107anjem. Na kraju, kupac se preusmjerava na sigurno Stripe su\u010delje kako bi sigurno unio reference svoje bankovne kartice. Ako je pla\u0107anje prihva\u0107eno, narud\u017eba se evidentira i ugovor se kona\u010dno sklapa. Pla\u0107anje kreditnom karticom je neopozivo.<br><br>Potvrda narud\u017ebe podrazumijeva prihva\u0107anje ovih uvjeta prodaje, priznanje da je u potpunosti upoznat s njima i odricanje od kori\u0161tenja vlastitih uvjeta kupnje. Svi navedeni podaci i zabilje\u017eena potvrda predstavljat \u0107e dokaz o transakciji. Ako kupac ima adresu e-po\u0161te i ako ju je unio u svoj obrazac za narud\u017ebu, tvrtka Oleaia LLC poslat \u0107e mu e-po\u0161tom potvrdu o registraciji njegove narud\u017ebe.<br><br>Ako kupac \u017eeli kontaktirati Oleaia LLC, to mo\u017ee u\u010diniti po\u0161tom na sljede\u0107u adresu: Oleaia LLC, 213 N Market Street #1042, Wilmington, DE 198013, Sjedinjene Ameri\u010dke Dr\u017eave; ili e-po\u0161tom na sljede\u0107u adresu: contact@oleaia.com<br><br><strong>\u010clanak 5. Pridr\u017eak vlasni\u0161tva<\/strong><\/p>\n\n\n\n<p>Oleaia LLC zadr\u017eava potpuno i cjelovito vlasni\u0161tvo nad prodanim proizvodima do potpune isplate glavnice, uklju\u010duju\u0107i tro\u0161kove i poreze.<\/p>\n\n\n\n<p><strong>\u010clanak 6. Povla\u010denje<\/strong><\/p>\n\n\n\n<p>Kupac ima rok od trideset radnih dana od dana dostave narud\u017ebe da iskoristi svoje pravo na odustanak od kupnje i time vrati proizvod prodavatelju radi zamjene ili povrata novca bez kazne.<br><strong><br>\u010clanak 7. Dostava<br><\/strong><br>Dostava se vr\u0161i na adresu navedenu na narud\u017ebenici, koja mo\u017ee biti samo unutar dogovorenog geografskog podru\u010dja. Narud\u017ebe vr\u0161i prijevoznik odabran prilikom narud\u017ebe, dostavna slu\u017eba je s pra\u0107enjem, a dostava bez potpisa. Rokovi dostave navedeni su samo kao smjernice; ako su dulji od trideset dana od narud\u017ebe, ugovor o prodaji mo\u017ee se raskinuti, a kupcu vratiti novac. Oleaia LLC \u0107e kupcu dostaviti broj za pra\u0107enje paketa putem e-po\u0161te. Kupca dostavlja dostavlja\u010d na ku\u0107nu adresu. U slu\u010daju odsutnosti kupca, primit \u0107e obavijest o dostavi od po\u0161tara, koja \u0107e mu omogu\u0107iti da odgodi dostavu naru\u010denih proizvoda za razdoblje koje odredi dostavna slu\u017eba. Rizici prijevoza odgovornost su kupca od trenutka kada artikli napuste prostorije Oleaia LLC. Kupac je du\u017ean, u prisutnosti dostavlja\u010da, provjeriti stanje ambala\u017ee robe i njezinog sadr\u017eaja prilikom dostave. U slu\u010daju o\u0161te\u0107enja tijekom prijevoza, svaki prigovor mora se podnijeti prijevozniku u roku od tri dana od dostave.<br><br><strong>\u010clanak 8. Jamstvo<br><\/strong><br>Svi proizvodi koje isporu\u010duje Oleaia LLC imaju jamstvo. U slu\u010daju neuskla\u0111enosti prodanog proizvoda, on se mo\u017ee vratiti tvrtki Oleaia LLC koja \u0107e ga preuzeti natrag, zamijeniti ili vratiti novac. Sve reklamacije, zahtjevi za zamjenu ili povrat novca moraju se poslati po\u0161tom na sljede\u0107u adresu: Oleaia LLC, 213 N Market Street #1042, Wilmington, DE 19801, Sjedinjene Ameri\u010dke Dr\u017eave, u roku od trideset dana od dostave.<br><br><strong>\u010clanak 9. Odgovornost<\/strong><\/p>\n\n\n\n<p>Oleaia LLC u procesu prodaje na daljinu vezan je samo obvezom sredstava. Ne mo\u017ee se smatrati odgovornim za bilo kakvu \u0161tetu nastalu kori\u0161tenjem internetske mre\u017ee, kao \u0161to su gubitak podataka, upad, virus, prekid usluge ili drugi nenamjerni problemi.<br><br><strong>\u010clanak 10. Intelektualno vlasni\u0161tvo<br><\/strong><br>Svi elementi web stranice jesu i ostaju isklju\u010divo intelektualno vlasni\u0161tvo tvrtke Oleaia LLC, bilo da se radi o fotografiji, logotipu, vizualnom prikazu ili tekstu.<br><br><strong>\u010clanak 11. Osobni podaci<\/strong><br><br>Oleaia LLC se obvezuje \u010duvati povjerljivost informacija koje je dostavio kupac, a koje bi morao prenijeti radi kori\u0161tenja odre\u0111enih usluga. Korisnik interneta ima pravo pristupa, izmjene i brisanja informacija koje se na njega odnose. To mo\u017ee zatra\u017eiti u bilo kojem trenutku po\u0161tom na sljede\u0107u adresu: Oleaia LLC, 213 N Market Street #1042, Wilmington, DE 19801, Sjedinjene Ameri\u010dke Dr\u017eave.<\/p>\n\n\n\n<p><strong>\u010clanak 12. Rje\u0161avanje sporova<\/strong><\/p>\n\n\n\n<p>Ovi uvjeti prodaje na daljinu podlije\u017eu va\u017ee\u0107em zakonu u Sjedinjenim Ameri\u010dkim Dr\u017eavama. Za sve sporove ili nesporazume nadle\u017ean je sud u Wilmingtonu.<\/p>\n\n\n\n<p><strong>\u010clanak 13. Kontaktni podaci<\/strong><\/p>\n\n\n\n<p>Oleaia d.o.o.<br>213 N Market Street #1042,<br>Wilmington, DE 19801<br>Sjedinjene Ameri\u010dke Dr\u017eave<\/p>","protected":false},"excerpt":{"rendered":"<p>These conditions of sale are concluded on the one hand by the company Oleaia LLC with a share capital of 100,000 USD whose head office is located at 213 N Market Street #1042, Wilmington, DE 19801, United States of America, registered in the Commercial Register of Delaware under the number 10141920 and managing the website [&hellip;]<\/p>\n","protected":false},"author":1,"featured_media":0,"parent":0,"menu_order":0,"comment_status":"closed","ping_status":"closed","template":"","meta":{"_uag_custom_page_level_css":"","site-sidebar-layout":"default","site-content-layout":"","ast-site-content-layout":"default","site-content-style":"default","site-sidebar-style":"default","ast-global-header-display":"","ast-banner-title-visibility":"","ast-main-header-display":"","ast-hfb-above-header-display":"","ast-hfb-below-header-display":"","ast-hfb-mobile-header-display":"","site-post-title":"","ast-breadcrumbs-content":"","ast-featured-img":"","footer-sml-layout":"","ast-disable-related-posts":"","theme-transparent-header-meta":"","adv-header-id-meta":"","stick-header-meta":"","header-above-stick-meta":"","header-main-stick-meta":"","header-below-stick-meta":"","astra-migrate-meta-layouts":"set","ast-page-background-enabled":"default","ast-page-background-meta":{"desktop":{"background-color":"var(--ast-global-color-4)","background-image":"","background-repeat":"repeat","background-position":"center center","background-size":"auto","background-attachment":"scroll","background-type":"","background-media":"","overlay-type":"","overlay-color":"","overlay-opacity":"","overlay-gradient":""},"tablet":{"background-color":"","background-image":"","background-repeat":"repeat","background-position":"center center","background-size":"auto","background-attachment":"scroll","background-type":"","background-media":"","overlay-type":"","overlay-color":"","overlay-opacity":"","overlay-gradient":""},"mobile":{"background-color":"","background-image":"","background-repeat":"repeat","background-position":"center center","background-size":"auto","background-attachment":"scroll","background-type":"","background-media":"","overlay-type":"","overlay-color":"","overlay-opacity":"","overlay-gradient":""}},"ast-content-background-meta":{"desktop":{"background-color":"var(--ast-global-color-5)","background-image":"","background-repeat":"repeat","background-position":"center center","background-size":"auto","background-attachment":"scroll","background-type":"","background-media":"","overlay-type":"","overlay-color":"","overlay-opacity":"","overlay-gradient":""},"tablet":{"background-color":"var(--ast-global-color-5)","background-image":"","background-repeat":"repeat","background-position":"center center","background-size":"auto","background-attachment":"scroll","background-type":"","background-media":"","overlay-type":"","overlay-color":"","overlay-opacity":"","overlay-gradient":""},"mobile":{"background-color":"var(--ast-global-color-5)","background-image":"","background-repeat":"repeat","background-position":"center center","background-size":"auto","background-attachment":"scroll","background-type":"","background-media":"","overlay-type":"","overlay-color":"","overlay-opacity":"","overlay-gradient":""}},"footnotes":""},"class_list":["post-121","page","type-page","status-publish","hentry"],"spectra_custom_meta":{"_edit_lock":["1752849969:1"],"_wpml_word_count":["1376"],"_edit_last":["1"],"_wpml_media_duplicate":["1"],"_wpml_media_featured":["1"],"rank_math_news_sitemap_robots":["index"],"rank_math_robots":["a:1:{i:0;s:5:\"index\";}"],"_uag_custom_page_level_css":[""],"site-sidebar-layout":["default"],"site-content-layout":[""],"ast-site-content-layout":["default"],"site-content-style":["default"],"site-sidebar-style":["default"],"ast-global-header-display":[""],"ast-banner-title-visibility":[""],"ast-main-header-display":[""],"ast-hfb-above-header-display":[""],"ast-hfb-below-header-display":[""],"ast-hfb-mobile-header-display":[""],"site-post-title":[""],"ast-breadcrumbs-content":[""],"ast-featured-img":[""],"footer-sml-layout":[""],"theme-transparent-header-meta":[""],"adv-header-id-meta":[""],"stick-header-meta":[""],"header-above-stick-meta":[""],"header-main-stick-meta":[""],"header-below-stick-meta":[""],"astra-migrate-meta-layouts":["set"],"ast-page-background-enabled":["default"],"ast-page-background-meta":["a:3:{s:7:\"desktop\";a:12:{s:16:\"background-color\";s:25:\"var(--ast-global-color-4)\";s:16:\"background-image\";s:0:\"\";s:17:\"background-repeat\";s:6:\"repeat\";s:19:\"background-position\";s:13:\"center center\";s:15:\"background-size\";s:4:\"auto\";s:21:\"background-attachment\";s:6:\"scroll\";s:15:\"background-type\";s:0:\"\";s:16:\"background-media\";s:0:\"\";s:12:\"overlay-type\";s:0:\"\";s:13:\"overlay-color\";s:0:\"\";s:15:\"overlay-opacity\";s:0:\"\";s:16:\"overlay-gradient\";s:0:\"\";}s:6:\"tablet\";a:12:{s:16:\"background-color\";s:0:\"\";s:16:\"background-image\";s:0:\"\";s:17:\"background-repeat\";s:6:\"repeat\";s:19:\"background-position\";s:13:\"center center\";s:15:\"background-size\";s:4:\"auto\";s:21:\"background-attachment\";s:6:\"scroll\";s:15:\"background-type\";s:0:\"\";s:16:\"background-media\";s:0:\"\";s:12:\"overlay-type\";s:0:\"\";s:13:\"overlay-color\";s:0:\"\";s:15:\"overlay-opacity\";s:0:\"\";s:16:\"overlay-gradient\";s:0:\"\";}s:6:\"mobile\";a:12:{s:16:\"background-color\";s:0:\"\";s:16:\"background-image\";s:0:\"\";s:17:\"background-repeat\";s:6:\"repeat\";s:19:\"background-position\";s:13:\"center center\";s:15:\"background-size\";s:4:\"auto\";s:21:\"background-attachment\";s:6:\"scroll\";s:15:\"background-type\";s:0:\"\";s:16:\"background-media\";s:0:\"\";s:12:\"overlay-type\";s:0:\"\";s:13:\"overlay-color\";s:0:\"\";s:15:\"overlay-opacity\";s:0:\"\";s:16:\"overlay-gradient\";s:0:\"\";}}"],"ast-content-background-meta":["a:3:{s:7:\"desktop\";a:12:{s:16:\"background-color\";s:25:\"var(--ast-global-color-5)\";s:16:\"background-image\";s:0:\"\";s:17:\"background-repeat\";s:6:\"repeat\";s:19:\"background-position\";s:13:\"center center\";s:15:\"background-size\";s:4:\"auto\";s:21:\"background-attachment\";s:6:\"scroll\";s:15:\"background-type\";s:0:\"\";s:16:\"background-media\";s:0:\"\";s:12:\"overlay-type\";s:0:\"\";s:13:\"overlay-color\";s:0:\"\";s:15:\"overlay-opacity\";s:0:\"\";s:16:\"overlay-gradient\";s:0:\"\";}s:6:\"tablet\";a:12:{s:16:\"background-color\";s:25:\"var(--ast-global-color-5)\";s:16:\"background-image\";s:0:\"\";s:17:\"background-repeat\";s:6:\"repeat\";s:19:\"background-position\";s:13:\"center center\";s:15:\"background-size\";s:4:\"auto\";s:21:\"background-attachment\";s:6:\"scroll\";s:15:\"background-type\";s:0:\"\";s:16:\"background-media\";s:0:\"\";s:12:\"overlay-type\";s:0:\"\";s:13:\"overlay-color\";s:0:\"\";s:15:\"overlay-opacity\";s:0:\"\";s:16:\"overlay-gradient\";s:0:\"\";}s:6:\"mobile\";a:12:{s:16:\"background-color\";s:25:\"var(--ast-global-color-5)\";s:16:\"background-image\";s:0:\"\";s:17:\"background-repeat\";s:6:\"repeat\";s:19:\"background-position\";s:13:\"center center\";s:15:\"background-size\";s:4:\"auto\";s:21:\"background-attachment\";s:6:\"scroll\";s:15:\"background-type\";s:0:\"\";s:16:\"background-media\";s:0:\"\";s:12:\"overlay-type\";s:0:\"\";s:13:\"overlay-color\";s:0:\"\";s:15:\"overlay-opacity\";s:0:\"\";s:16:\"overlay-gradient\";s:0:\"\";}}"],"footnotes":[""],"_elementor_edit_mode":[""],"_elementor_template_type":[""],"_elementor_data":[""],"_elementor_conditions":["a:0:{}"],"_uag_css_file_name":["uag-css-121.css"],"_uag_page_assets":["a:9:{s:3:\"css\";s:7156:\".uag-blocks-common-selector{z-index:var(--z-index-desktop) !important}@media (max-width: 976px){.uag-blocks-common-selector{z-index:var(--z-index-tablet) !important}}@media (max-width: 767px){.uag-blocks-common-selector{z-index:var(--z-index-mobile) !important}}\n.wp-block-uagb-image{display:flex}.wp-block-uagb-image__figure{position:relative;display:flex;flex-direction:column;max-width:100%;height:auto;margin:0}.wp-block-uagb-image__figure img{height:auto;display:flex;max-width:100%;transition:box-shadow 0.2s ease}.wp-block-uagb-image__figure>a{display:inline-block}.wp-block-uagb-image__figure figcaption{text-align:center;margin-top:0.5em;margin-bottom:1em}.wp-block-uagb-image .components-placeholder.block-editor-media-placeholder .components-placeholder__instructions{align-self:center}.wp-block-uagb-image--align-left{text-align:left}.wp-block-uagb-image--align-right{text-align:right}.wp-block-uagb-image--align-center{text-align:center}.wp-block-uagb-image--align-full .wp-block-uagb-image__figure{margin-left:calc(50% - 50vw);margin-right:calc(50% - 50vw);max-width:100vw;width:100vw;height:auto}.wp-block-uagb-image--align-full .wp-block-uagb-image__figure img{height:auto;width:100% !important}.wp-block-uagb-image--align-wide .wp-block-uagb-image__figure img{height:auto;width:100%}.wp-block-uagb-image--layout-overlay__color-wrapper{position:absolute;left:0;top:0;right:0;bottom:0;opacity:0.2;background:rgba(0,0,0,0.5);transition:opacity 0.35s ease-in-out}.wp-block-uagb-image--layout-overlay-link{position:absolute;left:0;right:0;bottom:0;top:0}.wp-block-uagb-image--layout-overlay .wp-block-uagb-image__figure:hover .wp-block-uagb-image--layout-overlay__color-wrapper{opacity:1}.wp-block-uagb-image--layout-overlay__inner{position:absolute;left:15px;right:15px;bottom:15px;top:15px;display:flex;align-items:center;justify-content:center;flex-direction:column;border-color:#fff;transition:0.35s ease-in-out}.wp-block-uagb-image--layout-overlay__inner.top-left,.wp-block-uagb-image--layout-overlay__inner.top-center,.wp-block-uagb-image--layout-overlay__inner.top-right{justify-content:flex-start}.wp-block-uagb-image--layout-overlay__inner.bottom-left,.wp-block-uagb-image--layout-overlay__inner.bottom-center,.wp-block-uagb-image--layout-overlay__inner.bottom-right{justify-content:flex-end}.wp-block-uagb-image--layout-overlay__inner.top-left,.wp-block-uagb-image--layout-overlay__inner.center-left,.wp-block-uagb-image--layout-overlay__inner.bottom-left{align-items:flex-start}.wp-block-uagb-image--layout-overlay__inner.top-right,.wp-block-uagb-image--layout-overlay__inner.center-right,.wp-block-uagb-image--layout-overlay__inner.bottom-right{align-items:flex-end}.wp-block-uagb-image--layout-overlay__inner .uagb-image-heading{color:#fff;transition:transform 0.35s, opacity 0.35s ease-in-out;transform:translate3d(0, 24px, 0);margin:0;line-height:1em}.wp-block-uagb-image--layout-overlay__inner .uagb-image-separator{width:30%;border-top-width:2px;border-top-color:#fff;border-top-style:solid;margin-bottom:10px;opacity:0;transition:transform 0.4s, opacity 0.4s ease-in-out;transform:translate3d(0, 30px, 0)}.wp-block-uagb-image--layout-overlay__inner .uagb-image-caption{opacity:0;overflow:visible;color:#fff;transition:transform 0.45s, opacity 0.45s ease-in-out;transform:translate3d(0, 35px, 0)}.wp-block-uagb-image--layout-overlay__inner:hover .uagb-image-heading,.wp-block-uagb-image--layout-overlay__inner:hover .uagb-image-separator,.wp-block-uagb-image--layout-overlay__inner:hover .uagb-image-caption{opacity:1;transform:translate3d(0, 0, 0)}.wp-block-uagb-image--effect-zoomin .wp-block-uagb-image__figure img,.wp-block-uagb-image--effect-zoomin .wp-block-uagb-image__figure .wp-block-uagb-image--layout-overlay__color-wrapper{transform:scale(1);transition:transform 0.35s ease-in-out}.wp-block-uagb-image--effect-zoomin .wp-block-uagb-image__figure:hover img,.wp-block-uagb-image--effect-zoomin .wp-block-uagb-image__figure:hover .wp-block-uagb-image--layout-overlay__color-wrapper{transform:scale(1.05)}.wp-block-uagb-image--effect-slide .wp-block-uagb-image__figure img,.wp-block-uagb-image--effect-slide .wp-block-uagb-image__figure .wp-block-uagb-image--layout-overlay__color-wrapper{width:calc(100% + 40px) !important;max-width:none !important;transform:translate3d(-40px, 0, 0);transition:transform 0.35s ease-in-out}.wp-block-uagb-image--effect-slide .wp-block-uagb-image__figure:hover img,.wp-block-uagb-image--effect-slide .wp-block-uagb-image__figure:hover .wp-block-uagb-image--layout-overlay__color-wrapper{transform:translate3d(0, 0, 0)}.wp-block-uagb-image--effect-grayscale img{filter:grayscale(0%);transition:0.35s ease-in-out}.wp-block-uagb-image--effect-grayscale:hover img{filter:grayscale(100%)}.wp-block-uagb-image--effect-blur img{filter:blur(0);transition:0.35s ease-in-out}.wp-block-uagb-image--effect-blur:hover img{filter:blur(3px)}\n.uagb-block-e6f939b3.wp-block-uagb-image--layout-default figure img{box-shadow: 0px 0px 0 #00000070;}.uagb-block-e6f939b3.wp-block-uagb-image .wp-block-uagb-image__figure figcaption{font-style: normal;align-self: center;}.uagb-block-e6f939b3.wp-block-uagb-image--layout-overlay figure img{box-shadow: 0px 0px 0 #00000070;}.uagb-block-e6f939b3.wp-block-uagb-image--layout-overlay .wp-block-uagb-image--layout-overlay__color-wrapper{opacity: 0.2;}.uagb-block-e6f939b3.wp-block-uagb-image--layout-overlay .wp-block-uagb-image--layout-overlay__inner{left: 15px;right: 15px;top: 15px;bottom: 15px;}.uagb-block-e6f939b3.wp-block-uagb-image--layout-overlay .wp-block-uagb-image--layout-overlay__inner .uagb-image-heading{font-style: normal;color: #fff;opacity: 1;}.uagb-block-e6f939b3.wp-block-uagb-image--layout-overlay .wp-block-uagb-image--layout-overlay__inner .uagb-image-heading a{color: #fff;}.uagb-block-e6f939b3.wp-block-uagb-image--layout-overlay .wp-block-uagb-image--layout-overlay__inner .uagb-image-caption{opacity: 0;}.uagb-block-e6f939b3.wp-block-uagb-image--layout-overlay .wp-block-uagb-image__figure:hover .wp-block-uagb-image--layout-overlay__color-wrapper{opacity: 1;}.uagb-block-e6f939b3.wp-block-uagb-image .wp-block-uagb-image--layout-overlay__inner .uagb-image-separator{width: 30%;border-top-width: 2px;border-top-color: #fff;opacity: 0;}.uagb-block-e6f939b3.wp-block-uagb-image .wp-block-uagb-image__figure img{width: px;height: auto;}.uagb-block-e6f939b3.wp-block-uagb-image .wp-block-uagb-image__figure:hover .wp-block-uagb-image--layout-overlay__inner .uagb-image-caption{opacity: 1;}.uagb-block-e6f939b3.wp-block-uagb-image .wp-block-uagb-image__figure:hover .wp-block-uagb-image--layout-overlay__inner .uagb-image-separator{opacity: 1;}.uagb-block-e6f939b3.wp-block-uagb-image--layout-default figure:hover img{box-shadow: 0px 0px 0 #00000070;}.uagb-block-e6f939b3.wp-block-uagb-image--layout-overlay figure:hover img{box-shadow: 0px 0px 0 #00000070;}@media only screen and (max-width: 976px) {.uagb-block-e6f939b3.wp-block-uagb-image .wp-block-uagb-image__figure img{width: px;height: auto;}}@media only screen and (max-width: 767px) {.uagb-block-e6f939b3.wp-block-uagb-image .wp-block-uagb-image__figure img{width: px;height: auto;}}\";s:2:\"js\";s:0:\"\";s:18:\"current_block_list\";a:13:{i:0;s:14:\"core\/paragraph\";i:1;s:11:\"core\/search\";i:2;s:10:\"core\/group\";i:3;s:12:\"core\/heading\";i:4;s:17:\"core\/latest-posts\";i:5;s:20:\"core\/latest-comments\";i:6;s:13:\"core\/archives\";i:7;s:15:\"core\/categories\";i:8;s:10:\"uagb\/image\";i:9;s:11:\"core\/spacer\";i:10;s:30:\"woocommerce\/product-categories\";i:11;s:10:\"core\/image\";i:12;s:14:\"core\/shortcode\";}s:8:\"uag_flag\";b:1;s:11:\"uag_version\";s:10:\"1776324359\";s:6:\"gfonts\";a:0:{}s:10:\"gfonts_url\";s:0:\"\";s:12:\"gfonts_files\";a:0:{}s:14:\"uag_faq_layout\";b:0;}"]},"uagb_featured_image_src":{"full":false,"thumbnail":false,"medium":false,"medium_large":false,"large":false,"1536x1536":false,"2048x2048":false,"trp-custom-language-flag":false,"woocommerce_thumbnail":false,"woocommerce_single":false,"woocommerce_gallery_thumbnail":false},"uagb_author_info":{"display_name":"admin","author_link":"https:\/\/www.oleaia.com\/hr\/author\/admin2721\/"},"uagb_comment_info":0,"uagb_excerpt":"These conditions of sale are concluded on the one hand by the company Oleaia LLC with a share capital of 100,000 USD whose head office is located at 213 N Market Street #1042, Wilmington, DE 19801, United States of America, registered in the Commercial Register of Delaware under the number 10141920 and managing the website&hellip;","_links":{"self":[{"href":"https:\/\/www.oleaia.com\/hr\/wp-json\/wp\/v2\/pages\/121","targetHints":{"allow":["GET"]}}],"collection":[{"href":"https:\/\/www.oleaia.com\/hr\/wp-json\/wp\/v2\/pages"}],"about":[{"href":"https:\/\/www.oleaia.com\/hr\/wp-json\/wp\/v2\/types\/page"}],"author":[{"embeddable":true,"href":"https:\/\/www.oleaia.com\/hr\/wp-json\/wp\/v2\/users\/1"}],"replies":[{"embeddable":true,"href":"https:\/\/www.oleaia.com\/hr\/wp-json\/wp\/v2\/comments?post=121"}],"version-history":[{"count":3,"href":"https:\/\/www.oleaia.com\/hr\/wp-json\/wp\/v2\/pages\/121\/revisions"}],"predecessor-version":[{"id":23029,"href":"https:\/\/www.oleaia.com\/hr\/wp-json\/wp\/v2\/pages\/121\/revisions\/23029"}],"wp:attachment":[{"href":"https:\/\/www.oleaia.com\/hr\/wp-json\/wp\/v2\/media?parent=121"}],"curies":[{"name":"radni list","href":"https:\/\/api.w.org\/{rel}","templated":true}]}}