{"id":3,"date":"2025-04-10T11:35:39","date_gmt":"2025-04-10T09:35:39","guid":{"rendered":"https:\/\/www.stoprodent.com\/?page_id=3"},"modified":"2025-07-18T16:34:45","modified_gmt":"2025-07-18T14:34:45","slug":"privacy-policy","status":"publish","type":"page","link":"https:\/\/www.oleaia.com\/hr\/privacy-policy\/","title":{"rendered":"Pravila o privatnosti"},"content":{"rendered":"<p><strong>\u010clanak 1. Prezentacija stranice<\/strong><\/p>\n\n\n\n<p>Korisnicima web stranice se navodi identitet razli\u010ditih dionika u kontekstu njezine realizacije i pra\u0107enja:<\/p>\n\n\n\n<p>Vlasnik: Oleaia d.o.o.<br>Adresa: 213 N Market Street #1042, Wilmington, DE 19801, SAD<br>Temeljni kapital: 100.000 USD<br>Pravni oblik: Dru\u0161tvo s ograni\u010denom odgovorno\u0161\u0107u<br>Broj spisa: 10141920<\/p>\n\n\n\n<p>Doma\u0107in: OVH SAS, 2 rue Kellermann, Roubaix, 59100, Francuska<\/p>\n\n\n\n<p><strong>\u010clanak 2. Op\u0107i uvjeti kori\u0161tenja<\/strong>&nbsp;<strong>stranice i ponu\u0111enih usluga<\/strong><\/p>\n\n\n\n<p>Kori\u0161tenje web stranice podrazumijeva potpuno prihva\u0107anje op\u0107ih uvjeta kori\u0161tenja opisanih u nastavku. Ovi uvjeti kori\u0161tenja mogu se izmijeniti ili dopuniti u bilo kojem trenutku, stoga se korisnici web stranice pozivaju da ih redovito konzultiraju.<\/p>\n\n\n\n<p>Ova stranica je obi\u010dno dostupna korisnicima u bilo kojem trenutku. Me\u0111utim, Oleaia LLC mo\u017ee odlu\u010diti o prekidu zbog tehni\u010dkog odr\u017eavanja, te \u0107e se potom potruditi obavijestiti korisnike o datumima i vremenima intervencije prije isteka roka.<\/p>\n\n\n\n<p>Web-stranicu redovito a\u017eurira tvrtka Oleaia LLC. Na isti na\u010din, pravne obavijesti mogu se izmijeniti u bilo kojem trenutku: one se ipak name\u0107u korisniku koji se poziva da ih \u0161to \u010de\u0161\u0107e pregledava kako bi se s njima upoznao.<\/p>\n\n\n\n<p><strong>\u010clanak 3. Opis pru\u017eenih usluga<\/strong><\/p>\n\n\n\n<p>Svrha web stranice je pru\u017eanje informacija o svim aktivnostima tvrtke.<\/p>\n\n\n\n<p>Oleaia LLC nastoji pru\u017eiti \u0161to to\u010dnije informacije na web stranici. Me\u0111utim, ne mo\u017ee se smatrati odgovornim za propuste, neto\u010dnosti i nedostatke u a\u017euriranju, bilo od strane sebe ili od strane tre\u0107ih strana koje mu pru\u017eaju te informacije.<\/p>\n\n\n\n<p>Sve informacije navedene na web stranici slu\u017ee samo u informativne svrhe i podlo\u017ene su promjenama. Nadalje, informacije na web stranici nisu iscrpne. Podlo\u017ene su izmjenama koje su napravljene od njihovog postavljanja na internet.<\/p>\n\n\n\n<p><strong>\u010clanak 4. Ugovorna ograni\u010denja tehni\u010dkih podataka<\/strong><\/p>\n\n\n\n<p>Stranica koristi JavaScript tehnologiju.<\/p>\n\n\n\n<p>Web stranica ne mo\u017ee biti odgovorna za materijalnu \u0161tetu povezanu s kori\u0161tenjem stranice. Osim toga, korisnik stranice pristaje pristupati stranici koriste\u0107i modernu opremu koja ne sadr\u017ei viruse i s a\u017euriranim preglednikom najnovije generacije.<\/p>\n\n\n\n<p><strong>\u010clanak 5. Intelektualno vlasni\u0161tvo i krivotvorine<\/strong><\/p>\n\n\n\n<p>Oleaia LLC je vlasnik prava intelektualnog vlasni\u0161tva ili ima prava kori\u0161tenja svih elemenata dostupnih na stranici, posebno tekstova, slika, grafike, logotipa, ikona, zvukova, softvera.<\/p>\n\n\n\n<p>Svaka reprodukcija, prikaz, izmjena, objavljivanje, prilagodba svih ili dijela elemenata stranice, bez obzira na kori\u0161tena sredstva ili proces, zabranjena je, osim uz prethodno pismeno odobrenje: Oleaia LLC.<\/p>\n\n\n\n<p>Svaka neovla\u0161tena upotreba stranice ili bilo kojeg elementa koji ona sadr\u017ei smatrat \u0107e se kr\u0161enjem autorskih prava i bit \u0107e procesuirana.<\/p>\n\n\n\n<p><strong>\u010clanak 6. Ograni\u010denje odgovornosti<\/strong><\/p>\n\n\n\n<p>Oleaia LLC ne mo\u017ee biti odgovoran za izravnu i neizravnu \u0161tetu uzrokovanu korisnikovoj opremi prilikom pristupa web stranici, a koja je rezultat kori\u0161tenja opreme koja ne zadovoljava specifikacije navedene u to\u010dki 4, pojave gre\u0161ke ili nekompatibilnosti.<\/p>\n\n\n\n<p>Oleaia tako\u0111er ne mo\u017ee biti odgovoran za posljedi\u010dnu \u0161tetu (kao \u0161to je gubitak tr\u017ei\u0161ta ili gubitak prilike) koja proizlazi iz kori\u0161tenja web stranice.<\/p>\n\n\n\n<p>Interaktivni prostori (mogu\u0107nost postavljanja pitanja u kontaktnom prostoru) dostupni su korisnicima. Oleaia LLC zadr\u017eava pravo izbrisati, bez prethodne najave, bilo koji sadr\u017eaj objavljen u ovom prostoru koji bi bio u suprotnosti s va\u017ee\u0107im zakonodavstvom u zemlji prebivali\u0161ta prodavatelja, posebno odredbama koje se odnose na za\u0161titu podataka. Po potrebi, Oleaia LLC tako\u0111er zadr\u017eava pravo ispitati gra\u0111ansku i\/ili kaznenu odgovornost korisnika, posebno u slu\u010daju rasisti\u010dke, uvredljive, klevetni\u010dke ili pornografske poruke, bez obzira na kori\u0161teni medij (tekst, fotografija itd.).<\/p>\n\n\n\n<p><strong>\u010clanak 7. Upravljanje osobnim podacima<\/strong><\/p>\n\n\n\n<p>Prilikom kori\u0161tenja web stranice mogu se prikupljati sljede\u0107i podaci: URL poveznica putem kojih je korisnik pristupio web stranici, davatelj pristupa korisniku, internetska adresa protokola (IP) korisnika.<\/p>\n\n\n\n<p>U svakom slu\u010daju, Oleaia LLC prikuplja osobne podatke koji se odnose na korisnika samo za potrebe odre\u0111enih usluga koje nudi web stranica. Korisnik daje te podatke s punim znanjem o \u010dinjenicama, posebno kada ih sam unese. Tada se korisniku web stranice navodi obveza ili nedavanja tih podataka.<\/p>\n\n\n\n<p>U skladu s odredbama koje se odnose na obradu podataka, datoteke i slobode, svaki korisnik ima pravo pristupa, ispravka i prigovora na osobne podatke koji se na njega odnose, podno\u0161enjem pisanog i potpisanog zahtjeva, uz prilaganje preslike identifikacijske isprave s potpisom nositelja isprave, uz navo\u0111enje adrese na koju se odgovor mora poslati.<\/p>\n\n\n\n<p>Nijedan osobni podatak korisnika web stranice ne objavljuje se bez znanja korisnika, ne razmjenjuje se, ne prenosi, ne dodjeljuje ili ne prodaje tre\u0107im stranama na bilo koji na\u010din. Tek pretpostavka akvizicije dru\u0161tva Oleaia LLC i njegovih prava omogu\u0107ila bi prijenos navedenih podataka potencijalnom kupcu koji bi zauzvrat bio vezan istom obvezom pohranjivanja i izmjene podataka u odnosu na korisnika stranice.<\/p>\n\n\n\n<p>Baze podataka za\u0161ti\u0107ene su odredbama koje se odnose na pravnu za\u0161titu baza podataka.<\/p>\n\n\n\n<p><strong>\u010clanak 8. Hipertekstualne poveznice i kola\u010di\u0107i<\/strong><\/p>\n\n\n\n<p>Web-stranica sadr\u017ei niz hipertekstualnih poveznica na druge stranice, postavljenih uz odobrenje tvrtke Oleaia LLC. Me\u0111utim, Oleaia LLC nema mogu\u0107nost provjere sadr\u017eaja posje\u0107enih stranica te stoga ne preuzima nikakvu odgovornost za tu \u010dinjenicu.<\/p>\n\n\n\n<p>Pregledavanje web stranice vjerojatno \u0107e uzrokovati instalaciju kola\u010di\u0107a na korisnikovo ra\u010dunalo. Kola\u010di\u0107 je mala datoteka koja ne dopu\u0161ta identifikaciju korisnika, ali koja bilje\u017ei informacije koje se odnose na navigaciju ra\u010dunala na web stranici. Tako dobiveni podaci namijenjeni su olak\u0161avanju naknadne navigacije web stranicom, a tako\u0111er su namijenjeni omogu\u0107avanju razli\u010ditih mjera posje\u0107enosti.<\/p>\n\n\n\n<p>Odbijanje instaliranja kola\u010di\u0107a mo\u017ee onemogu\u0107iti pristup odre\u0111enim uslugama. Me\u0111utim, korisnik mo\u017ee konfigurirati svoje ra\u010dunalo na sljede\u0107i na\u010din kako bi odbio instalaciju kola\u010di\u0107a:<\/p>\n\n\n\n<p>U Internet Exploreru: kartica alata (piktogram u obliku zup\u010danika gore desno) \/ internetske opcije. Kliknite na Privatnost i odaberite Blokiraj sve kola\u010di\u0107e. Potvrdite s U redu.<\/p>\n\n\n\n<p>U Firefoxu: na vrhu prozora preglednika kliknite gumb Firefox, a zatim idite na karticu Opcije. Kliknite karticu Privatnost. Postavite pravila zadr\u017eavanja na: koristi prilago\u0111ene postavke za povijest. Na kraju poni\u0161tite odabir kako biste onemogu\u0107ili kola\u010di\u0107e.<\/p>\n\n\n\n<p>U Safariju: Kliknite u gornjem desnom kutu preglednika na ikonu izbornika (simboliziranu zup\u010danikom). Odaberite Postavke. Kliknite Prika\u017ei napredne postavke. U odjeljku &quot;Privatnost&quot; kliknite Postavke sadr\u017eaja. U odjeljku &quot;Kola\u010di\u0107i&quot; mo\u017eete blokirati kola\u010di\u0107e.<\/p>\n\n\n\n<p>U Chromeu: Kliknite u gornjem desnom kutu preglednika na ikonu izbornika (simboliziranu s tri vodoravne crte). Odaberite Postavke. Kliknite Prika\u017ei napredne postavke. U odjeljku &quot;Privatnost&quot; kliknite postavke. Na kartici &quot;Privatnost&quot; mo\u017eete blokirati kola\u010di\u0107e.<strong>&nbsp;<\/strong><\/p>\n\n\n\n<p><strong>\u010clanak 9. Mjerodavno pravo i dodjeljivanje nadle\u017enosti<\/strong><\/p>\n\n\n\n<p>Svaki spor u vezi s kori\u0161tenjem web stranice podlije\u017ee va\u017ee\u0107em pravu u zemlji prebivali\u0161ta prodavatelja. Isklju\u010diva nadle\u017enost pripada nadle\u017enim sudovima u zemlji prebivali\u0161ta prodavatelja.<\/p>\n\n\n\n<p><strong>\u010clanak 10. Glosar<\/strong>&nbsp;<\/p>\n\n\n\n<p>Korisnik: Internetski korisnik koji se spaja putem gore navedene stranice.<\/p>\n\n\n\n<p>Osobni podaci: Podaci koji omogu\u0107uju, u bilo kojem obliku, izravno ili neizravno, identifikaciju fizi\u010dkih osoba na koje se odnose.<\/p>","protected":false},"excerpt":{"rendered":"<p>Article 1. Presentation of the site It is specified to users of the website the identity of the various stakeholders in the context of its realization and its follow-up : Owner : Oleaia LLCAddress : 213 N Market Street #1042, Wilmington, DE 19801, USAShare capital : USD 100,000Legal form : Limited liability companyFile number : [&hellip;]<\/p>\n","protected":false},"author":1,"featured_media":0,"parent":0,"menu_order":0,"comment_status":"closed","ping_status":"open","template":"","meta":{"_uag_custom_page_level_css":"","site-sidebar-layout":"default","site-content-layout":"","ast-site-content-layout":"default","site-content-style":"default","site-sidebar-style":"default","ast-global-header-display":"","ast-banner-title-visibility":"","ast-main-header-display":"","ast-hfb-above-header-display":"","ast-hfb-below-header-display":"","ast-hfb-mobile-header-display":"","site-post-title":"","ast-breadcrumbs-content":"","ast-featured-img":"","footer-sml-layout":"","ast-disable-related-posts":"","theme-transparent-header-meta":"","adv-header-id-meta":"","stick-header-meta":"","header-above-stick-meta":"","header-main-stick-meta":"","header-below-stick-meta":"","astra-migrate-meta-layouts":"set","ast-page-background-enabled":"default","ast-page-background-meta":{"desktop":{"background-color":"var(--ast-global-color-4)","background-image":"","background-repeat":"repeat","background-position":"center center","background-size":"auto","background-attachment":"scroll","background-type":"","background-media":"","overlay-type":"","overlay-color":"","overlay-opacity":"","overlay-gradient":""},"tablet":{"background-color":"","background-image":"","background-repeat":"repeat","background-position":"center center","background-size":"auto","background-attachment":"scroll","background-type":"","background-media":"","overlay-type":"","overlay-color":"","overlay-opacity":"","overlay-gradient":""},"mobile":{"background-color":"","background-image":"","background-repeat":"repeat","background-position":"center center","background-size":"auto","background-attachment":"scroll","background-type":"","background-media":"","overlay-type":"","overlay-color":"","overlay-opacity":"","overlay-gradient":""}},"ast-content-background-meta":{"desktop":{"background-color":"var(--ast-global-color-5)","background-image":"","background-repeat":"repeat","background-position":"center center","background-size":"auto","background-attachment":"scroll","background-type":"","background-media":"","overlay-type":"","overlay-color":"","overlay-opacity":"","overlay-gradient":""},"tablet":{"background-color":"var(--ast-global-color-5)","background-image":"","background-repeat":"repeat","background-position":"center center","background-size":"auto","background-attachment":"scroll","background-type":"","background-media":"","overlay-type":"","overlay-color":"","overlay-opacity":"","overlay-gradient":""},"mobile":{"background-color":"var(--ast-global-color-5)","background-image":"","background-repeat":"repeat","background-position":"center center","background-size":"auto","background-attachment":"scroll","background-type":"","background-media":"","overlay-type":"","overlay-color":"","overlay-opacity":"","overlay-gradient":""}},"footnotes":""},"class_list":["post-3","page","type-page","status-publish","hentry"],"spectra_custom_meta":{"_wp_page_template":["default"],"_wpml_word_count":["1292"],"_edit_lock":["1752849289:1"],"_wpml_location_migration_done":["1"],"_edit_last":["1"],"_wpml_media_duplicate":["1"],"_wpml_media_featured":["1"],"rank_math_news_sitemap_robots":["index"],"rank_math_robots":["a:1:{i:0;s:5:\"index\";}"],"_uag_custom_page_level_css":[""],"site-sidebar-layout":["default"],"site-content-layout":[""],"ast-site-content-layout":["default"],"site-content-style":["default"],"site-sidebar-style":["default"],"ast-global-header-display":[""],"ast-banner-title-visibility":[""],"ast-main-header-display":[""],"ast-hfb-above-header-display":[""],"ast-hfb-below-header-display":[""],"ast-hfb-mobile-header-display":[""],"site-post-title":[""],"ast-breadcrumbs-content":[""],"ast-featured-img":[""],"footer-sml-layout":[""],"theme-transparent-header-meta":[""],"adv-header-id-meta":[""],"stick-header-meta":[""],"header-above-stick-meta":[""],"header-main-stick-meta":[""],"header-below-stick-meta":[""],"astra-migrate-meta-layouts":["set"],"ast-page-background-enabled":["default"],"ast-page-background-meta":["a:3:{s:7:\"desktop\";a:12:{s:16:\"background-color\";s:25:\"var(--ast-global-color-4)\";s:16:\"background-image\";s:0:\"\";s:17:\"background-repeat\";s:6:\"repeat\";s:19:\"background-position\";s:13:\"center center\";s:15:\"background-size\";s:4:\"auto\";s:21:\"background-attachment\";s:6:\"scroll\";s:15:\"background-type\";s:0:\"\";s:16:\"background-media\";s:0:\"\";s:12:\"overlay-type\";s:0:\"\";s:13:\"overlay-color\";s:0:\"\";s:15:\"overlay-opacity\";s:0:\"\";s:16:\"overlay-gradient\";s:0:\"\";}s:6:\"tablet\";a:12:{s:16:\"background-color\";s:0:\"\";s:16:\"background-image\";s:0:\"\";s:17:\"background-repeat\";s:6:\"repeat\";s:19:\"background-position\";s:13:\"center center\";s:15:\"background-size\";s:4:\"auto\";s:21:\"background-attachment\";s:6:\"scroll\";s:15:\"background-type\";s:0:\"\";s:16:\"background-media\";s:0:\"\";s:12:\"overlay-type\";s:0:\"\";s:13:\"overlay-color\";s:0:\"\";s:15:\"overlay-opacity\";s:0:\"\";s:16:\"overlay-gradient\";s:0:\"\";}s:6:\"mobile\";a:12:{s:16:\"background-color\";s:0:\"\";s:16:\"background-image\";s:0:\"\";s:17:\"background-repeat\";s:6:\"repeat\";s:19:\"background-position\";s:13:\"center center\";s:15:\"background-size\";s:4:\"auto\";s:21:\"background-attachment\";s:6:\"scroll\";s:15:\"background-type\";s:0:\"\";s:16:\"background-media\";s:0:\"\";s:12:\"overlay-type\";s:0:\"\";s:13:\"overlay-color\";s:0:\"\";s:15:\"overlay-opacity\";s:0:\"\";s:16:\"overlay-gradient\";s:0:\"\";}}"],"ast-content-background-meta":["a:3:{s:7:\"desktop\";a:12:{s:16:\"background-color\";s:25:\"var(--ast-global-color-5)\";s:16:\"background-image\";s:0:\"\";s:17:\"background-repeat\";s:6:\"repeat\";s:19:\"background-position\";s:13:\"center center\";s:15:\"background-size\";s:4:\"auto\";s:21:\"background-attachment\";s:6:\"scroll\";s:15:\"background-type\";s:0:\"\";s:16:\"background-media\";s:0:\"\";s:12:\"overlay-type\";s:0:\"\";s:13:\"overlay-color\";s:0:\"\";s:15:\"overlay-opacity\";s:0:\"\";s:16:\"overlay-gradient\";s:0:\"\";}s:6:\"tablet\";a:12:{s:16:\"background-color\";s:25:\"var(--ast-global-color-5)\";s:16:\"background-image\";s:0:\"\";s:17:\"background-repeat\";s:6:\"repeat\";s:19:\"background-position\";s:13:\"center center\";s:15:\"background-size\";s:4:\"auto\";s:21:\"background-attachment\";s:6:\"scroll\";s:15:\"background-type\";s:0:\"\";s:16:\"background-media\";s:0:\"\";s:12:\"overlay-type\";s:0:\"\";s:13:\"overlay-color\";s:0:\"\";s:15:\"overlay-opacity\";s:0:\"\";s:16:\"overlay-gradient\";s:0:\"\";}s:6:\"mobile\";a:12:{s:16:\"background-color\";s:25:\"var(--ast-global-color-5)\";s:16:\"background-image\";s:0:\"\";s:17:\"background-repeat\";s:6:\"repeat\";s:19:\"background-position\";s:13:\"center center\";s:15:\"background-size\";s:4:\"auto\";s:21:\"background-attachment\";s:6:\"scroll\";s:15:\"background-type\";s:0:\"\";s:16:\"background-media\";s:0:\"\";s:12:\"overlay-type\";s:0:\"\";s:13:\"overlay-color\";s:0:\"\";s:15:\"overlay-opacity\";s:0:\"\";s:16:\"overlay-gradient\";s:0:\"\";}}"],"footnotes":[""],"_elementor_edit_mode":[""],"_elementor_template_type":[""],"_elementor_data":[""],"_elementor_conditions":["a:0:{}"],"_uag_css_file_name":["uag-css-3.css"],"_uag_page_assets":["a:9:{s:3:\"css\";s:7156:\".uag-blocks-common-selector{z-index:var(--z-index-desktop) !important}@media (max-width: 976px){.uag-blocks-common-selector{z-index:var(--z-index-tablet) !important}}@media (max-width: 767px){.uag-blocks-common-selector{z-index:var(--z-index-mobile) !important}}\n.wp-block-uagb-image{display:flex}.wp-block-uagb-image__figure{position:relative;display:flex;flex-direction:column;max-width:100%;height:auto;margin:0}.wp-block-uagb-image__figure img{height:auto;display:flex;max-width:100%;transition:box-shadow 0.2s ease}.wp-block-uagb-image__figure>a{display:inline-block}.wp-block-uagb-image__figure figcaption{text-align:center;margin-top:0.5em;margin-bottom:1em}.wp-block-uagb-image .components-placeholder.block-editor-media-placeholder .components-placeholder__instructions{align-self:center}.wp-block-uagb-image--align-left{text-align:left}.wp-block-uagb-image--align-right{text-align:right}.wp-block-uagb-image--align-center{text-align:center}.wp-block-uagb-image--align-full .wp-block-uagb-image__figure{margin-left:calc(50% - 50vw);margin-right:calc(50% - 50vw);max-width:100vw;width:100vw;height:auto}.wp-block-uagb-image--align-full .wp-block-uagb-image__figure img{height:auto;width:100% !important}.wp-block-uagb-image--align-wide .wp-block-uagb-image__figure img{height:auto;width:100%}.wp-block-uagb-image--layout-overlay__color-wrapper{position:absolute;left:0;top:0;right:0;bottom:0;opacity:0.2;background:rgba(0,0,0,0.5);transition:opacity 0.35s ease-in-out}.wp-block-uagb-image--layout-overlay-link{position:absolute;left:0;right:0;bottom:0;top:0}.wp-block-uagb-image--layout-overlay .wp-block-uagb-image__figure:hover .wp-block-uagb-image--layout-overlay__color-wrapper{opacity:1}.wp-block-uagb-image--layout-overlay__inner{position:absolute;left:15px;right:15px;bottom:15px;top:15px;display:flex;align-items:center;justify-content:center;flex-direction:column;border-color:#fff;transition:0.35s ease-in-out}.wp-block-uagb-image--layout-overlay__inner.top-left,.wp-block-uagb-image--layout-overlay__inner.top-center,.wp-block-uagb-image--layout-overlay__inner.top-right{justify-content:flex-start}.wp-block-uagb-image--layout-overlay__inner.bottom-left,.wp-block-uagb-image--layout-overlay__inner.bottom-center,.wp-block-uagb-image--layout-overlay__inner.bottom-right{justify-content:flex-end}.wp-block-uagb-image--layout-overlay__inner.top-left,.wp-block-uagb-image--layout-overlay__inner.center-left,.wp-block-uagb-image--layout-overlay__inner.bottom-left{align-items:flex-start}.wp-block-uagb-image--layout-overlay__inner.top-right,.wp-block-uagb-image--layout-overlay__inner.center-right,.wp-block-uagb-image--layout-overlay__inner.bottom-right{align-items:flex-end}.wp-block-uagb-image--layout-overlay__inner .uagb-image-heading{color:#fff;transition:transform 0.35s, opacity 0.35s ease-in-out;transform:translate3d(0, 24px, 0);margin:0;line-height:1em}.wp-block-uagb-image--layout-overlay__inner .uagb-image-separator{width:30%;border-top-width:2px;border-top-color:#fff;border-top-style:solid;margin-bottom:10px;opacity:0;transition:transform 0.4s, opacity 0.4s ease-in-out;transform:translate3d(0, 30px, 0)}.wp-block-uagb-image--layout-overlay__inner .uagb-image-caption{opacity:0;overflow:visible;color:#fff;transition:transform 0.45s, opacity 0.45s ease-in-out;transform:translate3d(0, 35px, 0)}.wp-block-uagb-image--layout-overlay__inner:hover .uagb-image-heading,.wp-block-uagb-image--layout-overlay__inner:hover .uagb-image-separator,.wp-block-uagb-image--layout-overlay__inner:hover .uagb-image-caption{opacity:1;transform:translate3d(0, 0, 0)}.wp-block-uagb-image--effect-zoomin .wp-block-uagb-image__figure img,.wp-block-uagb-image--effect-zoomin .wp-block-uagb-image__figure .wp-block-uagb-image--layout-overlay__color-wrapper{transform:scale(1);transition:transform 0.35s ease-in-out}.wp-block-uagb-image--effect-zoomin .wp-block-uagb-image__figure:hover img,.wp-block-uagb-image--effect-zoomin .wp-block-uagb-image__figure:hover .wp-block-uagb-image--layout-overlay__color-wrapper{transform:scale(1.05)}.wp-block-uagb-image--effect-slide .wp-block-uagb-image__figure img,.wp-block-uagb-image--effect-slide .wp-block-uagb-image__figure .wp-block-uagb-image--layout-overlay__color-wrapper{width:calc(100% + 40px) !important;max-width:none !important;transform:translate3d(-40px, 0, 0);transition:transform 0.35s ease-in-out}.wp-block-uagb-image--effect-slide .wp-block-uagb-image__figure:hover img,.wp-block-uagb-image--effect-slide .wp-block-uagb-image__figure:hover .wp-block-uagb-image--layout-overlay__color-wrapper{transform:translate3d(0, 0, 0)}.wp-block-uagb-image--effect-grayscale img{filter:grayscale(0%);transition:0.35s ease-in-out}.wp-block-uagb-image--effect-grayscale:hover img{filter:grayscale(100%)}.wp-block-uagb-image--effect-blur img{filter:blur(0);transition:0.35s ease-in-out}.wp-block-uagb-image--effect-blur:hover img{filter:blur(3px)}\n.uagb-block-e6f939b3.wp-block-uagb-image--layout-default figure img{box-shadow: 0px 0px 0 #00000070;}.uagb-block-e6f939b3.wp-block-uagb-image .wp-block-uagb-image__figure figcaption{font-style: normal;align-self: center;}.uagb-block-e6f939b3.wp-block-uagb-image--layout-overlay figure img{box-shadow: 0px 0px 0 #00000070;}.uagb-block-e6f939b3.wp-block-uagb-image--layout-overlay .wp-block-uagb-image--layout-overlay__color-wrapper{opacity: 0.2;}.uagb-block-e6f939b3.wp-block-uagb-image--layout-overlay .wp-block-uagb-image--layout-overlay__inner{left: 15px;right: 15px;top: 15px;bottom: 15px;}.uagb-block-e6f939b3.wp-block-uagb-image--layout-overlay .wp-block-uagb-image--layout-overlay__inner .uagb-image-heading{font-style: normal;color: #fff;opacity: 1;}.uagb-block-e6f939b3.wp-block-uagb-image--layout-overlay .wp-block-uagb-image--layout-overlay__inner .uagb-image-heading a{color: #fff;}.uagb-block-e6f939b3.wp-block-uagb-image--layout-overlay .wp-block-uagb-image--layout-overlay__inner .uagb-image-caption{opacity: 0;}.uagb-block-e6f939b3.wp-block-uagb-image--layout-overlay .wp-block-uagb-image__figure:hover .wp-block-uagb-image--layout-overlay__color-wrapper{opacity: 1;}.uagb-block-e6f939b3.wp-block-uagb-image .wp-block-uagb-image--layout-overlay__inner .uagb-image-separator{width: 30%;border-top-width: 2px;border-top-color: #fff;opacity: 0;}.uagb-block-e6f939b3.wp-block-uagb-image .wp-block-uagb-image__figure img{width: px;height: auto;}.uagb-block-e6f939b3.wp-block-uagb-image .wp-block-uagb-image__figure:hover .wp-block-uagb-image--layout-overlay__inner .uagb-image-caption{opacity: 1;}.uagb-block-e6f939b3.wp-block-uagb-image .wp-block-uagb-image__figure:hover .wp-block-uagb-image--layout-overlay__inner .uagb-image-separator{opacity: 1;}.uagb-block-e6f939b3.wp-block-uagb-image--layout-default figure:hover img{box-shadow: 0px 0px 0 #00000070;}.uagb-block-e6f939b3.wp-block-uagb-image--layout-overlay figure:hover img{box-shadow: 0px 0px 0 #00000070;}@media only screen and (max-width: 976px) {.uagb-block-e6f939b3.wp-block-uagb-image .wp-block-uagb-image__figure img{width: px;height: auto;}}@media only screen and (max-width: 767px) {.uagb-block-e6f939b3.wp-block-uagb-image .wp-block-uagb-image__figure img{width: px;height: auto;}}\";s:2:\"js\";s:0:\"\";s:18:\"current_block_list\";a:13:{i:0;s:14:\"core\/paragraph\";i:1;s:11:\"core\/search\";i:2;s:10:\"core\/group\";i:3;s:12:\"core\/heading\";i:4;s:17:\"core\/latest-posts\";i:5;s:20:\"core\/latest-comments\";i:6;s:13:\"core\/archives\";i:7;s:15:\"core\/categories\";i:8;s:10:\"uagb\/image\";i:9;s:11:\"core\/spacer\";i:10;s:30:\"woocommerce\/product-categories\";i:11;s:10:\"core\/image\";i:12;s:14:\"core\/shortcode\";}s:8:\"uag_flag\";b:1;s:11:\"uag_version\";s:10:\"1776447938\";s:6:\"gfonts\";a:0:{}s:10:\"gfonts_url\";s:0:\"\";s:12:\"gfonts_files\";a:0:{}s:14:\"uag_faq_layout\";b:0;}"]},"uagb_featured_image_src":{"full":false,"thumbnail":false,"medium":false,"medium_large":false,"large":false,"1536x1536":false,"2048x2048":false,"trp-custom-language-flag":false,"woocommerce_thumbnail":false,"woocommerce_single":false,"woocommerce_gallery_thumbnail":false},"uagb_author_info":{"display_name":"admin","author_link":"https:\/\/www.oleaia.com\/hr\/author\/admin2721\/"},"uagb_comment_info":0,"uagb_excerpt":"Article 1. Presentation of the site It is specified to users of the website the identity of the various stakeholders in the context of its realization and its follow-up : Owner : Oleaia LLCAddress : 213 N Market Street #1042, Wilmington, DE 19801, USAShare capital : USD 100,000Legal form : Limited liability companyFile number :&hellip;","_links":{"self":[{"href":"https:\/\/www.oleaia.com\/hr\/wp-json\/wp\/v2\/pages\/3","targetHints":{"allow":["GET"]}}],"collection":[{"href":"https:\/\/www.oleaia.com\/hr\/wp-json\/wp\/v2\/pages"}],"about":[{"href":"https:\/\/www.oleaia.com\/hr\/wp-json\/wp\/v2\/types\/page"}],"author":[{"embeddable":true,"href":"https:\/\/www.oleaia.com\/hr\/wp-json\/wp\/v2\/users\/1"}],"replies":[{"embeddable":true,"href":"https:\/\/www.oleaia.com\/hr\/wp-json\/wp\/v2\/comments?post=3"}],"version-history":[{"count":4,"href":"https:\/\/www.oleaia.com\/hr\/wp-json\/wp\/v2\/pages\/3\/revisions"}],"predecessor-version":[{"id":23021,"href":"https:\/\/www.oleaia.com\/hr\/wp-json\/wp\/v2\/pages\/3\/revisions\/23021"}],"wp:attachment":[{"href":"https:\/\/www.oleaia.com\/hr\/wp-json\/wp\/v2\/media?parent=3"}],"curies":[{"name":"radni list","href":"https:\/\/api.w.org\/{rel}","templated":true}]}}