{"id":23329,"date":"2025-07-27T21:17:03","date_gmt":"2025-07-27T19:17:03","guid":{"rendered":"https:\/\/www.oleaia.com\/?post_type=product&#038;p=23329"},"modified":"2026-03-27T08:03:32","modified_gmt":"2026-03-27T07:03:32","slug":"palmarosa-oil","status":"publish","type":"product","link":"https:\/\/www.oleaia.com\/hr\/products\/palmarosa-oil\/","title":{"rendered":"Palmarosa ulje\u2013 1 litra"},"content":{"rendered":"<p><strong><img decoding=\"async\" style=\"margin-right: 12px;\" src=\"https:\/\/www.oleaia.com\/wp-content\/uploads\/2026\/03\/Check.svg\" alt=\"\" width=\"18\" height=\"15\" \/>Neprevladana u\u010dinkovitost za uravnote\u017eenje ko\u017ee i poja\u010danje njezina prirodnog sjaja.<\/strong> Ulje palmarose naju\u010dinkovitije je prirodno rje\u0161enje za poticanje hidratizirane, uravnote\u017eene ko\u017ee uz pobolj\u0161anje izgleda tona i teksture. Tradicionalno cijenjeno u aromaterapiji i njezi ko\u017ee, poma\u017ee regulirati razinu vlage, pobolj\u0161ati izgled neujedna\u010denih podru\u010dja te, uz dosljednu upotrebu, doprinosi glatkom, sjajnom i osvje\u017eenom tenu.<\/p>\n<p><strong><img decoding=\"async\" style=\"margin-right: 12px;\" src=\"https:\/\/www.oleaia.com\/wp-content\/uploads\/2026\/03\/Check.svg\" alt=\"\" width=\"18\" height=\"15\" \/>Najjeftinije premium ulje palmarose dostupno.<\/strong> Mi smo najjeftiniji na tr\u017ei\u0161tu, a istovremeno odr\u017eavamo stroge standarde kvalitete, osiguravaju\u0107i izvanrednu vrijednost bez ugro\u017eavanja aromati\u010dne \u010disto\u0107e ili u\u010dinkovitosti. Ova pristupa\u010dnost omogu\u0107uje svakodnevnu upotrebu ulja palmarose u njezi ko\u017ee, wellnessu i rutinama opu\u0161tanja.<\/p>\n<p><strong><img decoding=\"async\" style=\"margin-right: 12px;\" src=\"https:\/\/www.oleaia.com\/wp-content\/uploads\/2026\/03\/Check.svg\" alt=\"\" width=\"18\" height=\"15\" \/>Brza i pouzdana dostava 24 sata.<\/strong> Uvijek nudimo 24-satnu dostavu, jam\u010de\u0107i da ulje palmarose stigne brzo i u\u010dinkovito. Brza dostava osigurava neprekidan kontinuitet u osobnoj njezi i kozmeti\u010dkim tretmanima.<\/p>\n<p><strong><img decoding=\"async\" style=\"margin-right: 12px;\" src=\"https:\/\/www.oleaia.com\/wp-content\/uploads\/2026\/03\/Check.svg\" alt=\"\" width=\"18\" height=\"15\" \/>Garancija povrata novca za potpunu sigurnost.<\/strong> Nudimo jamstvo povrata novca. Ako kupac nije zadovoljan, vratit \u0107emo mu novac. Ova transparentna obveza odra\u017eava povjerenje u kvalitetu proizvoda i pru\u017ea potpuno bezrizi\u010dno iskustvo kupnje.<\/p>\n<p><strong><img decoding=\"async\" style=\"margin-right: 12px;\" src=\"https:\/\/www.oleaia.com\/wp-content\/uploads\/2026\/03\/Check.svg\" alt=\"\" width=\"18\" height=\"15\" \/>Potpuno organsko za autenti\u010dnu biljnu njegu.<\/strong> Na\u0161e ulje palmarose je potpuno organsko, proizvedeno uz pa\u017eljivo po\u0161tovanje ekolo\u0161ke odgovornosti i integriteta biljke. Ova predanost osigurava uskla\u0111enost sa standardima \u010diste ljepote i prirodnim tradicijama dobrobiti.<\/p>\n<p><strong><img decoding=\"async\" style=\"margin-right: 12px;\" src=\"https:\/\/www.oleaia.com\/wp-content\/uploads\/2026\/03\/Check.svg\" alt=\"\" width=\"18\" height=\"15\" \/>Podr\u017eava uravnote\u017eenu hidrataciju za sve tipove ko\u017ee.<\/strong> Ulje palmarose \u0161iroko se cijeni jer poma\u017ee odr\u017eati optimalnu razinu vlage, \u0161to ga \u010dini pogodnim i za suhu i za masnu ko\u017eu poti\u010du\u0107i skladnu ravnote\u017eu.<\/p>\n<p><strong><img decoding=\"async\" style=\"margin-right: 12px;\" src=\"https:\/\/www.oleaia.com\/wp-content\/uploads\/2026\/03\/Check.svg\" alt=\"\" width=\"18\" height=\"15\" \/>Poti\u010de gla\u0111u teksturu i profinjeniji izgled ko\u017ee.<\/strong> Redovitom upotrebom poma\u017ee pobolj\u0161ati izgled neujedna\u010dene ko\u017ee, doprinose\u0107i mek\u0161em, gla\u0111em i ujedna\u010denijem tenu.<\/p>\n<p><strong><img decoding=\"async\" style=\"margin-right: 12px;\" src=\"https:\/\/www.oleaia.com\/wp-content\/uploads\/2026\/03\/Check.svg\" alt=\"\" width=\"18\" height=\"15\" \/>Poti\u010de bistrinu ko\u017ee i osvje\u017eeni izgled.<\/strong> Njegova pro\u010di\u0161\u0107uju\u0107a svojstva poma\u017eu odr\u017eavanju \u010diste, zdravo izgledaju\u0107e povr\u0161ine ko\u017ee.<\/p>\n<p><strong><img decoding=\"async\" style=\"margin-right: 12px;\" src=\"https:\/\/www.oleaia.com\/wp-content\/uploads\/2026\/03\/Check.svg\" alt=\"\" width=\"18\" height=\"15\" \/>Pobolj\u0161ava emocionalnu ravnote\u017eu i opu\u0161tanje.<\/strong> Nje\u017ena cvjetna aroma ulja palmarose poma\u017ee umiriti um, smanjiti napetost i podr\u017eati emocionalnu dobrobit.<\/p>\n<p><strong><img decoding=\"async\" style=\"margin-right: 12px;\" src=\"https:\/\/www.oleaia.com\/wp-content\/uploads\/2026\/03\/Check.svg\" alt=\"\" width=\"18\" height=\"15\" \/>Podr\u017eava hidrataciju vlasi\u0161ta i zdraviji izgled kose.<\/strong> Naneseno na vlasi\u0161te, palmarosovo ulje poma\u017ee odr\u017eati ravnote\u017eu vlage i pridonosi tome da kosa izgleda mek\u0161om, sjajnijom i lak\u0161om za oblikovanje.<\/p>\n<p><strong><img decoding=\"async\" style=\"margin-right: 12px;\" src=\"https:\/\/www.oleaia.com\/wp-content\/uploads\/2026\/03\/Check.svg\" alt=\"\" width=\"18\" height=\"15\" \/>Promovira nje\u017eno, uzdignuto aromati\u010dno okru\u017eenje.<\/strong> Njegov nje\u017eni miris stvara umiruju\u0107u, a istovremeno osvje\u017eavaju\u0107u atmosferu, idealnu za svakodnevno opu\u0161tanje i koncentraciju.<\/p>\n<p><strong><img decoding=\"async\" style=\"margin-right: 12px;\" src=\"https:\/\/www.oleaia.com\/wp-content\/uploads\/2026\/03\/Check.svg\" alt=\"\" width=\"18\" height=\"15\" \/>Idealno za njegu ko\u017ee, aromaterapiju i svakodnevne wellness rutine.<\/strong> Ulje palmarose posebno je pogodno za rutine usmjerene na hidrataciju, ravnote\u017eu i emocionalnu smirenost.<\/p>\n<p><strong><img decoding=\"async\" style=\"margin-right: 12px;\" src=\"https:\/\/www.oleaia.com\/wp-content\/uploads\/2026\/03\/Check.svg\" alt=\"\" width=\"18\" height=\"15\" \/>Vi\u0161enamjensko za lice, tijelo, vlasi\u0161te i aromati\u010dnu upotrebu.<\/strong> Ulje palmarose se besprijekorno uklapa u sveobuhvatne prakse osobne njege.<\/p>\n<p><strong><img decoding=\"async\" style=\"margin-right: 12px;\" src=\"https:\/\/www.oleaia.com\/wp-content\/uploads\/2026\/03\/Check.svg\" alt=\"\" width=\"18\" height=\"15\" \/>Ve\u0107 oboga\u0107eno hranjivim uljem za nje\u017eno nano\u0161enje i optimalnu udobnost.<\/strong> Na\u0161e ulje palmarose ve\u0107 je oboga\u0107eno hranjivim uljem kako bi osiguralo nje\u017eno nano\u0161enje, pobolj\u0161anu razmazivost, optimalnu udobnost i jednostavnost upotrebe. Ova promi\u0161ljena formula pobolj\u0161ava upijanje i osigurava glatko, ravnomjerno prekrivanje ko\u017ee i vlasi\u0161ta.<\/p>\n<h2><strong>Upute<\/strong><\/h2>\n<ul>\n<li>Nanesite 2 do 3 kapi na \u010distu, suhu ko\u017eu lica i nje\u017eno umasirajte dok se potpuno ne upije.<\/li>\n<li>Koristite jednom ili dvaput dnevno, ovisno o potrebama ko\u017ee.<\/li>\n<li>Za njegu tijela nanesite umjerenu koli\u010dinu i temeljito umasirajte u ko\u017eu.<\/li>\n<li>Za opu\u0161tanje nanesite 1 do 2 kapi na pulsne to\u010dke, poput zape\u0161\u0107a ili vrata.<\/li>\n<li>Za tretman vlasi\u0161ta umasirajte 3 do 5 kapi u vlasi\u0161te i ostavite da djeluje 20 do 30 minuta prije pranja.<\/li>\n<li>Za aromati\u010dnu upotrebu dodajte 3 do 5 kapi u difuzor napunjen vodom i raspr\u0161ujte 15 do 30 minuta.<\/li>\n<li>Preporu\u010dena maksimalna dnevna doza za lokalnu primjenu iznosi otprilike 5 do 6 kapi, podijeljenih na razli\u010dita podru\u010dja primjene.<\/li>\n<li>Provedite test na ko\u017ei prije prve uporabe kako biste procijenili kompatibilnost s ko\u017eom.<\/li>\n<li>Izbjegavajte kontakt s o\u010dima i osjetljivim sluznicama.<\/li>\n<li>Ne nanosite na nadra\u017eenu ili o\u0161te\u0107enu ko\u017eu.<\/li>\n<li>Ne preporu\u010duje se tijekom trudno\u0107e bez stru\u010dnog savjeta.<\/li>\n<li>\u010cuvajte na hladnom i suhom mjestu, za\u0161ti\u0107eno od izravne sun\u010deve svjetlosti, i nakon svake upotrebe dobro zatvorite bocu.<\/li>\n<\/ul>","protected":false},"excerpt":{"rendered":"<p>Unmatched effectiveness for balancing skin and enhancing natural radiance. Palmarosa oil is the most effective natural solution for promoting hydrated, balanced skin while improving the appearance of tone and texture. Traditionally valued in aromatherapy and skincare, it helps regulate moisture levels, refine the look of uneven areas, and contribute to a smooth, luminous, and refreshed [&hellip;]<\/p>\n","protected":false},"featured_media":23905,"comment_status":"open","ping_status":"closed","template":"","meta":{"_uag_custom_page_level_css":"","site-sidebar-layout":"default","site-content-layout":"","ast-site-content-layout":"default","site-content-style":"default","site-sidebar-style":"default","ast-global-header-display":"","ast-banner-title-visibility":"","ast-main-header-display":"","ast-hfb-above-header-display":"","ast-hfb-below-header-display":"","ast-hfb-mobile-header-display":"","site-post-title":"","ast-breadcrumbs-content":"","ast-featured-img":"","footer-sml-layout":"","ast-disable-related-posts":"","theme-transparent-header-meta":"default","adv-header-id-meta":"","stick-header-meta":"","header-above-stick-meta":"","header-main-stick-meta":"","header-below-stick-meta":"","astra-migrate-meta-layouts":"set","ast-page-background-enabled":"default","ast-page-background-meta":{"desktop":{"background-color":"var(--ast-global-color-4)","background-image":"","background-repeat":"repeat","background-position":"center center","background-size":"auto","background-attachment":"scroll","background-type":"","background-media":"","overlay-type":"","overlay-color":"","overlay-opacity":"","overlay-gradient":""},"tablet":{"background-color":"","background-image":"","background-repeat":"repeat","background-position":"center center","background-size":"auto","background-attachment":"scroll","background-type":"","background-media":"","overlay-type":"","overlay-color":"","overlay-opacity":"","overlay-gradient":""},"mobile":{"background-color":"","background-image":"","background-repeat":"repeat","background-position":"center center","background-size":"auto","background-attachment":"scroll","background-type":"","background-media":"","overlay-type":"","overlay-color":"","overlay-opacity":"","overlay-gradient":""}},"ast-content-background-meta":{"desktop":{"background-color":"var(--ast-global-color-5)","background-image":"","background-repeat":"repeat","background-position":"center center","background-size":"auto","background-attachment":"scroll","background-type":"","background-media":"","overlay-type":"","overlay-color":"","overlay-opacity":"","overlay-gradient":""},"tablet":{"background-color":"var(--ast-global-color-5)","background-image":"","background-repeat":"repeat","background-position":"center center","background-size":"auto","background-attachment":"scroll","background-type":"","background-media":"","overlay-type":"","overlay-color":"","overlay-opacity":"","overlay-gradient":""},"mobile":{"background-color":"var(--ast-global-color-5)","background-image":"","background-repeat":"repeat","background-position":"center center","background-size":"auto","background-attachment":"scroll","background-type":"","background-media":"","overlay-type":"","overlay-color":"","overlay-opacity":"","overlay-gradient":""}}},"product_brand":[],"product_cat":[15],"product_tag":[],"class_list":{"0":"post-23329","1":"product","2":"type-product","3":"status-publish","4":"has-post-thumbnail","6":"product_cat-shop","7":"desktop-align-left","8":"tablet-align-left","9":"mobile-align-left","11":"first","12":"instock","13":"shipping-taxable","14":"purchasable","15":"product-type-simple"},"spectra_custom_meta":{"_edit_lock":["1774594874:1"],"_edit_last":["1"],"merchant-center-availability":["yes"],"merchant-center-category":["6104"],"_thumbnail_id":["23905"],"_wp_page_template":["default"],"_sku":["OLPALMAROSAOIL"],"_global_unique_id":["5056773821293"],"_regular_price":["29.90"],"total_sales":["5"],"_tax_status":["taxable"],"_tax_class":[""],"_manage_stock":["no"],"_backorders":["no"],"_sold_individually":["no"],"_weight":["1.3"],"_virtual":["no"],"_downloadable":["no"],"_download_limit":["-1"],"_download_expiry":["-1"],"_stock":[null],"_stock_status":["instock"],"_wc_average_rating":["5.00"],"_wc_review_count":["15"],"_product_version":["10.6.1"],"_price":["29.90"],"site-sidebar-layout":["default"],"ast-site-content-layout":["default"],"site-content-style":["default"],"site-sidebar-style":["default"],"theme-transparent-header-meta":["default"],"_wc_rating_count":["a:1:{i:5;i:15;}"],"astra-migrate-meta-layouts":["set"],"_uag_css_file_name":["uag-css-23329.css"],"_elementor_page_assets":["a:0:{}"],"_uag_page_assets":["a:9:{s:3:\"css\";s:6893:\".wp-block-uagb-image{display:flex}.wp-block-uagb-image__figure{position:relative;display:flex;flex-direction:column;max-width:100%;height:auto;margin:0}.wp-block-uagb-image__figure img{height:auto;display:flex;max-width:100%;transition:box-shadow 0.2s ease}.wp-block-uagb-image__figure>a{display:inline-block}.wp-block-uagb-image__figure figcaption{text-align:center;margin-top:0.5em;margin-bottom:1em}.wp-block-uagb-image .components-placeholder.block-editor-media-placeholder .components-placeholder__instructions{align-self:center}.wp-block-uagb-image--align-left{text-align:left}.wp-block-uagb-image--align-right{text-align:right}.wp-block-uagb-image--align-center{text-align:center}.wp-block-uagb-image--align-full .wp-block-uagb-image__figure{margin-left:calc(50% - 50vw);margin-right:calc(50% - 50vw);max-width:100vw;width:100vw;height:auto}.wp-block-uagb-image--align-full .wp-block-uagb-image__figure img{height:auto;width:100% !important}.wp-block-uagb-image--align-wide .wp-block-uagb-image__figure img{height:auto;width:100%}.wp-block-uagb-image--layout-overlay__color-wrapper{position:absolute;left:0;top:0;right:0;bottom:0;opacity:0.2;background:rgba(0,0,0,0.5);transition:opacity 0.35s ease-in-out}.wp-block-uagb-image--layout-overlay-link{position:absolute;left:0;right:0;bottom:0;top:0}.wp-block-uagb-image--layout-overlay .wp-block-uagb-image__figure:hover .wp-block-uagb-image--layout-overlay__color-wrapper{opacity:1}.wp-block-uagb-image--layout-overlay__inner{position:absolute;left:15px;right:15px;bottom:15px;top:15px;display:flex;align-items:center;justify-content:center;flex-direction:column;border-color:#fff;transition:0.35s ease-in-out}.wp-block-uagb-image--layout-overlay__inner.top-left,.wp-block-uagb-image--layout-overlay__inner.top-center,.wp-block-uagb-image--layout-overlay__inner.top-right{justify-content:flex-start}.wp-block-uagb-image--layout-overlay__inner.bottom-left,.wp-block-uagb-image--layout-overlay__inner.bottom-center,.wp-block-uagb-image--layout-overlay__inner.bottom-right{justify-content:flex-end}.wp-block-uagb-image--layout-overlay__inner.top-left,.wp-block-uagb-image--layout-overlay__inner.center-left,.wp-block-uagb-image--layout-overlay__inner.bottom-left{align-items:flex-start}.wp-block-uagb-image--layout-overlay__inner.top-right,.wp-block-uagb-image--layout-overlay__inner.center-right,.wp-block-uagb-image--layout-overlay__inner.bottom-right{align-items:flex-end}.wp-block-uagb-image--layout-overlay__inner .uagb-image-heading{color:#fff;transition:transform 0.35s, opacity 0.35s ease-in-out;transform:translate3d(0, 24px, 0);margin:0;line-height:1em}.wp-block-uagb-image--layout-overlay__inner .uagb-image-separator{width:30%;border-top-width:2px;border-top-color:#fff;border-top-style:solid;margin-bottom:10px;opacity:0;transition:transform 0.4s, opacity 0.4s ease-in-out;transform:translate3d(0, 30px, 0)}.wp-block-uagb-image--layout-overlay__inner .uagb-image-caption{opacity:0;overflow:visible;color:#fff;transition:transform 0.45s, opacity 0.45s ease-in-out;transform:translate3d(0, 35px, 0)}.wp-block-uagb-image--layout-overlay__inner:hover .uagb-image-heading,.wp-block-uagb-image--layout-overlay__inner:hover .uagb-image-separator,.wp-block-uagb-image--layout-overlay__inner:hover .uagb-image-caption{opacity:1;transform:translate3d(0, 0, 0)}.wp-block-uagb-image--effect-zoomin .wp-block-uagb-image__figure img,.wp-block-uagb-image--effect-zoomin .wp-block-uagb-image__figure .wp-block-uagb-image--layout-overlay__color-wrapper{transform:scale(1);transition:transform 0.35s ease-in-out}.wp-block-uagb-image--effect-zoomin .wp-block-uagb-image__figure:hover img,.wp-block-uagb-image--effect-zoomin .wp-block-uagb-image__figure:hover .wp-block-uagb-image--layout-overlay__color-wrapper{transform:scale(1.05)}.wp-block-uagb-image--effect-slide .wp-block-uagb-image__figure img,.wp-block-uagb-image--effect-slide .wp-block-uagb-image__figure .wp-block-uagb-image--layout-overlay__color-wrapper{width:calc(100% + 40px) !important;max-width:none !important;transform:translate3d(-40px, 0, 0);transition:transform 0.35s ease-in-out}.wp-block-uagb-image--effect-slide .wp-block-uagb-image__figure:hover img,.wp-block-uagb-image--effect-slide .wp-block-uagb-image__figure:hover .wp-block-uagb-image--layout-overlay__color-wrapper{transform:translate3d(0, 0, 0)}.wp-block-uagb-image--effect-grayscale img{filter:grayscale(0%);transition:0.35s ease-in-out}.wp-block-uagb-image--effect-grayscale:hover img{filter:grayscale(100%)}.wp-block-uagb-image--effect-blur img{filter:blur(0);transition:0.35s ease-in-out}.wp-block-uagb-image--effect-blur:hover img{filter:blur(3px)}\n.uagb-block-e6f939b3.wp-block-uagb-image--layout-default figure img{box-shadow: 0px 0px 0 #00000070;}.uagb-block-e6f939b3.wp-block-uagb-image .wp-block-uagb-image__figure figcaption{font-style: normal;align-self: center;}.uagb-block-e6f939b3.wp-block-uagb-image--layout-overlay figure img{box-shadow: 0px 0px 0 #00000070;}.uagb-block-e6f939b3.wp-block-uagb-image--layout-overlay .wp-block-uagb-image--layout-overlay__color-wrapper{opacity: 0.2;}.uagb-block-e6f939b3.wp-block-uagb-image--layout-overlay .wp-block-uagb-image--layout-overlay__inner{left: 15px;right: 15px;top: 15px;bottom: 15px;}.uagb-block-e6f939b3.wp-block-uagb-image--layout-overlay .wp-block-uagb-image--layout-overlay__inner .uagb-image-heading{font-style: normal;color: #fff;opacity: 1;}.uagb-block-e6f939b3.wp-block-uagb-image--layout-overlay .wp-block-uagb-image--layout-overlay__inner .uagb-image-heading a{color: #fff;}.uagb-block-e6f939b3.wp-block-uagb-image--layout-overlay .wp-block-uagb-image--layout-overlay__inner .uagb-image-caption{opacity: 0;}.uagb-block-e6f939b3.wp-block-uagb-image--layout-overlay .wp-block-uagb-image__figure:hover .wp-block-uagb-image--layout-overlay__color-wrapper{opacity: 1;}.uagb-block-e6f939b3.wp-block-uagb-image .wp-block-uagb-image--layout-overlay__inner .uagb-image-separator{width: 30%;border-top-width: 2px;border-top-color: #fff;opacity: 0;}.uagb-block-e6f939b3.wp-block-uagb-image .wp-block-uagb-image__figure img{width: px;height: auto;}.uagb-block-e6f939b3.wp-block-uagb-image .wp-block-uagb-image__figure:hover .wp-block-uagb-image--layout-overlay__inner .uagb-image-caption{opacity: 1;}.uagb-block-e6f939b3.wp-block-uagb-image .wp-block-uagb-image__figure:hover .wp-block-uagb-image--layout-overlay__inner .uagb-image-separator{opacity: 1;}.uagb-block-e6f939b3.wp-block-uagb-image--layout-default figure:hover img{box-shadow: 0px 0px 0 #00000070;}.uagb-block-e6f939b3.wp-block-uagb-image--layout-overlay figure:hover img{box-shadow: 0px 0px 0 #00000070;}@media only screen and (max-width: 976px) {.uagb-block-e6f939b3.wp-block-uagb-image .wp-block-uagb-image__figure img{width: px;height: auto;}}@media only screen and (max-width: 767px) {.uagb-block-e6f939b3.wp-block-uagb-image .wp-block-uagb-image__figure img{width: px;height: auto;}}\";s:2:\"js\";s:0:\"\";s:18:\"current_block_list\";a:13:{i:0;s:11:\"core\/search\";i:1;s:10:\"core\/group\";i:2;s:12:\"core\/heading\";i:3;s:17:\"core\/latest-posts\";i:4;s:20:\"core\/latest-comments\";i:5;s:13:\"core\/archives\";i:6;s:15:\"core\/categories\";i:7;s:14:\"core\/paragraph\";i:8;s:10:\"uagb\/image\";i:9;s:11:\"core\/spacer\";i:10;s:30:\"woocommerce\/product-categories\";i:11;s:10:\"core\/image\";i:12;s:14:\"core\/shortcode\";}s:8:\"uag_flag\";b:1;s:11:\"uag_version\";s:10:\"1776402829\";s:6:\"gfonts\";a:0:{}s:10:\"gfonts_url\";s:0:\"\";s:12:\"gfonts_files\";a:0:{}s:14:\"uag_faq_layout\";b:0;}"]},"uagb_featured_image_src":{"full":["https:\/\/www.oleaia.com\/wp-content\/uploads\/2025\/07\/Oleaia-Palmarosa-Oil-1L.jpg",2560,2560,false],"thumbnail":["https:\/\/www.oleaia.com\/wp-content\/uploads\/2025\/07\/Oleaia-Palmarosa-Oil-1L-150x150.jpg",150,150,true],"medium":["https:\/\/www.oleaia.com\/wp-content\/uploads\/2025\/07\/Oleaia-Palmarosa-Oil-1L-300x300.jpg",300,300,true],"medium_large":["https:\/\/www.oleaia.com\/wp-content\/uploads\/2025\/07\/Oleaia-Palmarosa-Oil-1L-768x768.jpg",768,768,true],"large":["https:\/\/www.oleaia.com\/wp-content\/uploads\/2025\/07\/Oleaia-Palmarosa-Oil-1L-1024x1024.jpg",1024,1024,true],"1536x1536":["https:\/\/www.oleaia.com\/wp-content\/uploads\/2025\/07\/Oleaia-Palmarosa-Oil-1L-1536x1536.jpg",1536,1536,true],"2048x2048":["https:\/\/www.oleaia.com\/wp-content\/uploads\/2025\/07\/Oleaia-Palmarosa-Oil-1L-2048x2048.jpg",2048,2048,true],"trp-custom-language-flag":["https:\/\/www.oleaia.com\/wp-content\/uploads\/2025\/07\/Oleaia-Palmarosa-Oil-1L-12x12.jpg",12,12,true],"woocommerce_thumbnail":["https:\/\/www.oleaia.com\/wp-content\/uploads\/2025\/07\/Oleaia-Palmarosa-Oil-1L-300x300.jpg",300,300,true],"woocommerce_single":["https:\/\/www.oleaia.com\/wp-content\/uploads\/2025\/07\/Oleaia-Palmarosa-Oil-1L-600x600.jpg",600,600,true],"woocommerce_gallery_thumbnail":["https:\/\/www.oleaia.com\/wp-content\/uploads\/2025\/07\/Oleaia-Palmarosa-Oil-1L-100x100.jpg",100,100,true]},"uagb_author_info":{"display_name":"admin","author_link":"https:\/\/www.oleaia.com\/hr\/author\/"},"uagb_comment_info":15,"uagb_excerpt":"Unmatched effectiveness for balancing skin and enhancing natural radiance. Palmarosa oil is the most effective natural solution for promoting hydrated, balanced skin while improving the appearance of tone and texture. Traditionally valued in aromatherapy and skincare, it helps regulate moisture levels, refine the look of uneven areas, and contribute to a smooth, luminous, and refreshed&hellip;","_links":{"self":[{"href":"https:\/\/www.oleaia.com\/hr\/wp-json\/wp\/v2\/product\/23329","targetHints":{"allow":["GET"]}}],"collection":[{"href":"https:\/\/www.oleaia.com\/hr\/wp-json\/wp\/v2\/product"}],"about":[{"href":"https:\/\/www.oleaia.com\/hr\/wp-json\/wp\/v2\/types\/product"}],"replies":[{"embeddable":true,"href":"https:\/\/www.oleaia.com\/hr\/wp-json\/wp\/v2\/comments?post=23329"}],"version-history":[{"count":5,"href":"https:\/\/www.oleaia.com\/hr\/wp-json\/wp\/v2\/product\/23329\/revisions"}],"predecessor-version":[{"id":81182,"href":"https:\/\/www.oleaia.com\/hr\/wp-json\/wp\/v2\/product\/23329\/revisions\/81182"}],"wp:featuredmedia":[{"embeddable":true,"href":"https:\/\/www.oleaia.com\/hr\/wp-json\/wp\/v2\/media\/23905"}],"wp:attachment":[{"href":"https:\/\/www.oleaia.com\/hr\/wp-json\/wp\/v2\/media?parent=23329"}],"wp:term":[{"taxonomy":"product_brand","embeddable":true,"href":"https:\/\/www.oleaia.com\/hr\/wp-json\/wp\/v2\/product_brand?post=23329"},{"taxonomy":"product_cat","embeddable":true,"href":"https:\/\/www.oleaia.com\/hr\/wp-json\/wp\/v2\/product_cat?post=23329"},{"taxonomy":"product_tag","embeddable":true,"href":"https:\/\/www.oleaia.com\/hr\/wp-json\/wp\/v2\/product_tag?post=23329"}],"curies":[{"name":"radni list","href":"https:\/\/api.w.org\/{rel}","templated":true}]}}