{"id":23602,"date":"2025-08-08T14:17:30","date_gmt":"2025-08-08T12:17:30","guid":{"rendered":"https:\/\/www.oleaia.com\/?post_type=product&#038;p=23602"},"modified":"2026-03-27T10:12:03","modified_gmt":"2026-03-27T09:12:03","slug":"parsley-oil","status":"publish","type":"product","link":"https:\/\/www.oleaia.com\/hr\/products\/parsley-oil\/","title":{"rendered":"Per\u0161inovo ulje - 1 litra"},"content":{"rendered":"<p><strong><img decoding=\"async\" style=\"margin-right: 12px;\" src=\"https:\/\/www.oleaia.com\/wp-content\/uploads\/2026\/03\/Check.svg\" alt=\"\" width=\"18\" height=\"15\" \/>Neprevazi\u0111ena u\u010dinkovitost za detoksikaciju, bistrinu ko\u017ee i revitalizaciju.<\/strong> Ulje per\u0161ina naju\u010dinkovitije je prirodno rje\u0161enje za postizanje pro\u010di\u0161\u0107ene ko\u017ee, pobolj\u0161anje unutarnje ravnote\u017ee i podr\u017eavanje op\u0107e vitalnosti. Tradicionalno cijenjeno u biljnoj njezi, poma\u017ee pobolj\u0161ati izgled be\u017eivotne ili za\u010depljene ko\u017ee, pobolj\u0161ati teksturu te doprinosi jasnijem, energi\u010dnijem i osvje\u017eenom stanju uz redovitu upotrebu.<\/p>\n<p><strong><img decoding=\"async\" style=\"margin-right: 12px;\" src=\"https:\/\/www.oleaia.com\/wp-content\/uploads\/2026\/03\/Check.svg\" alt=\"\" width=\"18\" height=\"15\" \/>Najjeftinije premium ulje per\u0161ina dostupno.<\/strong> Mi smo najjeftiniji na tr\u017ei\u0161tu, a istovremeno odr\u017eavamo stroge standarde kvalitete, osiguravaju\u0107i izvanrednu vrijednost bez kompromisa u snazi ili botani\u010dkoj autenti\u010dnosti. Ova pristupa\u010dnost omogu\u0107uje redovitu upotrebu ulja per\u0161ina u rutinama njege ko\u017ee i wellnessa.<\/p>\n<p><strong><img decoding=\"async\" style=\"margin-right: 12px;\" src=\"https:\/\/www.oleaia.com\/wp-content\/uploads\/2026\/03\/Check.svg\" alt=\"\" width=\"18\" height=\"15\" \/>Brza i pouzdana dostava 24 sata.<\/strong> Uvijek nudimo 24-satnu dostavu, jam\u010de\u0107i da ulje per\u0161ina stigne brzo i u\u010dinkovito. Brza dostava osigurava neprekidan kontinuitet u osobnoj njezi i praksama usmjerenim na detoksikaciju.<\/p>\n<p><strong><img decoding=\"async\" style=\"margin-right: 12px;\" src=\"https:\/\/www.oleaia.com\/wp-content\/uploads\/2026\/03\/Check.svg\" alt=\"\" width=\"18\" height=\"15\" \/>Garancija povrata novca za potpunu sigurnost.<\/strong> Nudimo jamstvo povrata novca. Ako kupac nije zadovoljan, vratit \u0107emo mu novac. Ova transparentna obveza odra\u017eava povjerenje u kvalitetu proizvoda i pru\u017ea potpuno bezrizi\u010dno iskustvo kupnje.<\/p>\n<p><strong><img decoding=\"async\" style=\"margin-right: 12px;\" src=\"https:\/\/www.oleaia.com\/wp-content\/uploads\/2026\/03\/Check.svg\" alt=\"\" width=\"18\" height=\"15\" \/>Potpuno organsko za autenti\u010dni biljni wellness.<\/strong> Na\u0161e ulje per\u0161ina je potpuno organsko, proizvedeno s pa\u017enjom i po\u0161tovanjem prema ekolo\u0161koj odgovornosti i cjelovitosti biljke. Ova predanost osigurava uskla\u0111enost s na\u010delima \u010distog \u017eivota i tradicionalne biljne njege.<\/p>\n<p><strong><img decoding=\"async\" style=\"margin-right: 12px;\" src=\"https:\/\/www.oleaia.com\/wp-content\/uploads\/2026\/03\/Check.svg\" alt=\"\" width=\"18\" height=\"15\" \/>Poma\u017ee postizanju jasnije, svjetlije i uravnote\u017eenije ko\u017ee.<\/strong> Ulje per\u0161ina je \u0161iroko cijenjeno jer poma\u017ee odr\u017eati jasno\u0107u ko\u017ee, smanjuje vidljivost be\u017eivotnosti i poti\u010de ujedna\u010deniji ten.<\/p>\n<p><strong><img decoding=\"async\" style=\"margin-right: 12px;\" src=\"https:\/\/www.oleaia.com\/wp-content\/uploads\/2026\/03\/Check.svg\" alt=\"\" width=\"18\" height=\"15\" \/>Promovira rutine njege ko\u017ee i tijela usmjerene na detoksikaciju.<\/strong> Redovitom upotrebom ulje per\u0161ina doprinosi osje\u0107aju svje\u017eine, podr\u017eavaju\u0107i rutine usmjerene na pro\u010di\u0161\u0107avanje i obnovu.<\/p>\n<p><strong><img decoding=\"async\" style=\"margin-right: 12px;\" src=\"https:\/\/www.oleaia.com\/wp-content\/uploads\/2026\/03\/Check.svg\" alt=\"\" width=\"18\" height=\"15\" \/>Poti\u010de pobolj\u0161anje tena ko\u017ee i profinjenu teksturu.<\/strong> Njegova revitaliziraju\u0107a svojstva poma\u017eu zagladiti izgled neravnih podru\u010dja, doprinose\u0107i gla\u0111oj i \u017eivahnijoj povr\u0161ini ko\u017ee.<\/p>\n<p><strong><img decoding=\"async\" style=\"margin-right: 12px;\" src=\"https:\/\/www.oleaia.com\/wp-content\/uploads\/2026\/03\/Check.svg\" alt=\"\" width=\"18\" height=\"15\" \/>Pobolj\u0161ava osje\u0107aj cirkulacije i vitalnost ko\u017ee.<\/strong> Naneseno tijekom masa\u017ee, ulje per\u0161ina poti\u010de osje\u0107aj stimulacije i doprinosi energi\u010dnijem izgledu.<\/p>\n<p><strong><img decoding=\"async\" style=\"margin-right: 12px;\" src=\"https:\/\/www.oleaia.com\/wp-content\/uploads\/2026\/03\/Check.svg\" alt=\"\" width=\"18\" height=\"15\" \/>Podr\u017eava ravnote\u017eu vlasi\u0161ta i zdraviji izgled kose.<\/strong> Kada se koristi na vlasi\u0161tu, ulje per\u0161ina poma\u017ee odr\u017eati \u010dist i uravnote\u017een okoli\u0161, doprinose\u0107i ja\u010doj i \u017eivahnijoj kosi.<\/p>\n<p><strong><img decoding=\"async\" style=\"margin-right: 12px;\" src=\"https:\/\/www.oleaia.com\/wp-content\/uploads\/2026\/03\/Check.svg\" alt=\"\" width=\"18\" height=\"15\" \/>Poti\u010de probavnu udobnost kroz tradicionalnu upotrebu za dobrobit organizma.<\/strong> Ugra\u0111en u strukturirane rutine, ulje per\u0161ina poma\u017ee podr\u017eati osje\u0107aj unutarnje ravnote\u017ee i lako\u0107e kada se pravilno koristi.<\/p>\n<p><strong><img decoding=\"async\" style=\"margin-right: 12px;\" src=\"https:\/\/www.oleaia.com\/wp-content\/uploads\/2026\/03\/Check.svg\" alt=\"\" width=\"18\" height=\"15\" \/>Pobolj\u0161ava energiziraju\u0107e i osvje\u017eavaju\u0107e aromati\u010dno iskustvo.<\/strong> Njegov svje\u017e, biljni miris poti\u010de osjetila, podr\u017eavaju\u0107i mentalnu jasno\u0107u, koncentraciju i op\u0107u vitalnost.<\/p>\n<p><strong><img decoding=\"async\" style=\"margin-right: 12px;\" src=\"https:\/\/www.oleaia.com\/wp-content\/uploads\/2026\/03\/Check.svg\" alt=\"\" width=\"18\" height=\"15\" \/>Idealno za detoksikacijske rutine, njegu ko\u017ee i revitaliziraju\u0107u masa\u017eu.<\/strong> Ulje per\u0161ina posebno je pogodno za osobe koje tra\u017ee obnovu, jasno\u0107u i ravnote\u017eu u svojim svakodnevnim rutinama njege.<\/p>\n<p><strong><img decoding=\"async\" style=\"margin-right: 12px;\" src=\"https:\/\/www.oleaia.com\/wp-content\/uploads\/2026\/03\/Check.svg\" alt=\"\" width=\"18\" height=\"15\" \/>Svestrano za lokalnu primjenu, aromaterapiju i strukturiranu unutarnju upotrebu.<\/strong> Ulje per\u0161ina se besprijekorno uklapa u sveobuhvatne wellness rutine kada se pa\u017eljivo i u odgovaraju\u0107im koli\u010dinama koristi.<\/p>\n<p><strong><img decoding=\"async\" style=\"margin-right: 12px;\" src=\"https:\/\/www.oleaia.com\/wp-content\/uploads\/2026\/03\/Check.svg\" alt=\"\" width=\"18\" height=\"15\" \/>Ve\u0107 oboga\u0107eno hranjivim uljem za nje\u017eno nano\u0161enje i optimalnu udobnost.<\/strong> Na\u0161e ulje per\u0161ina ve\u0107 je oboga\u0107eno hranjivim uljem kako bi osiguralo nje\u017eno nano\u0161enje, pobolj\u0161anu razmazivost, optimalnu udobnost i jednostavnost upotrebe. Ova promi\u0161ljena formula pobolj\u0161ava klizanje tijekom masa\u017ee i osigurava glatko, ravnomjerno prekrivanje ko\u017ee.<\/p>\n<p><strong>Upute<\/strong><\/p>\n<ul>\n<li>Nanesite 2 do 4 kapi na \u010distu, suhu ko\u017eu i nje\u017eno umasirajte dok se potpuno ne upije.<\/li>\n<li>Koristite jednom dnevno, po mogu\u0107nosti ujutro, za revitaliziraju\u0107i u\u010dinak.<\/li>\n<li>Za njegu tijela temeljito umasirajte na podru\u010dja poput nogu, trbuha ili ruku.<\/li>\n<li>Za tretman vlasi\u0161ta umasirajte 3 do 5 kapi u vlasi\u0161te i ostavite da djeluje 20 do 30 minuta prije pranja.<\/li>\n<li>Za aromati\u010dnu upotrebu dodajte 2 do 4 kapi u difuzor napunjen vodom i difuzirajte 15 do 30 minuta.<\/li>\n<li>Za unutarnju upotrebu uzmite 1 kap razrije\u0111enu u vodi ili medu jednom dnevno ako je dio strukturirane rutine.<\/li>\n<li>Ne prekora\u010dite 2 kapi dnevno za unutarnju upotrebu, osim ako vam to nije profesionalno savjetovano.<\/li>\n<li>Preporu\u010dena maksimalna dnevna doza za lokalnu primjenu iznosi otprilike 6 do 8 kapi, podijeljenih na razli\u010dita podru\u010dja primjene.<\/li>\n<li>Provedite test na ko\u017ei prije prve uporabe kako biste procijenili kompatibilnost s ko\u017eom.<\/li>\n<li>Izbjegavajte kontakt s o\u010dima, sluznicama i osjetljivim podru\u010djima.<\/li>\n<li>Ne preporu\u010duje se tijekom trudno\u0107e ili osobama s odre\u0111enim zdravstvenim stanjima bez stru\u010dnog savjeta.<\/li>\n<li>\u010cuvajte na hladnom i suhom mjestu, za\u0161ti\u0107eno od izravne sun\u010deve svjetlosti, i nakon svake upotrebe dobro zatvorite bocu.<\/li>\n<\/ul>","protected":false},"excerpt":{"rendered":"<p>Unmatched effectiveness for detoxification, skin clarity, and revitalization. Parsley oil is the most effective natural solution for promoting purified skin, enhancing internal balance, and supporting overall vitality. Traditionally valued in herbal wellness, it helps improve the appearance of dull or congested skin, refine texture, and contribute to a clearer, more energized and refreshed state with [&hellip;]<\/p>\n","protected":false},"featured_media":23844,"comment_status":"open","ping_status":"closed","template":"","meta":{"_uag_custom_page_level_css":"","site-sidebar-layout":"default","site-content-layout":"","ast-site-content-layout":"default","site-content-style":"default","site-sidebar-style":"default","ast-global-header-display":"","ast-banner-title-visibility":"","ast-main-header-display":"","ast-hfb-above-header-display":"","ast-hfb-below-header-display":"","ast-hfb-mobile-header-display":"","site-post-title":"","ast-breadcrumbs-content":"","ast-featured-img":"","footer-sml-layout":"","ast-disable-related-posts":"","theme-transparent-header-meta":"default","adv-header-id-meta":"","stick-header-meta":"","header-above-stick-meta":"","header-main-stick-meta":"","header-below-stick-meta":"","astra-migrate-meta-layouts":"set","ast-page-background-enabled":"default","ast-page-background-meta":{"desktop":{"background-color":"var(--ast-global-color-4)","background-image":"","background-repeat":"repeat","background-position":"center center","background-size":"auto","background-attachment":"scroll","background-type":"","background-media":"","overlay-type":"","overlay-color":"","overlay-opacity":"","overlay-gradient":""},"tablet":{"background-color":"","background-image":"","background-repeat":"repeat","background-position":"center center","background-size":"auto","background-attachment":"scroll","background-type":"","background-media":"","overlay-type":"","overlay-color":"","overlay-opacity":"","overlay-gradient":""},"mobile":{"background-color":"","background-image":"","background-repeat":"repeat","background-position":"center center","background-size":"auto","background-attachment":"scroll","background-type":"","background-media":"","overlay-type":"","overlay-color":"","overlay-opacity":"","overlay-gradient":""}},"ast-content-background-meta":{"desktop":{"background-color":"var(--ast-global-color-5)","background-image":"","background-repeat":"repeat","background-position":"center center","background-size":"auto","background-attachment":"scroll","background-type":"","background-media":"","overlay-type":"","overlay-color":"","overlay-opacity":"","overlay-gradient":""},"tablet":{"background-color":"var(--ast-global-color-5)","background-image":"","background-repeat":"repeat","background-position":"center center","background-size":"auto","background-attachment":"scroll","background-type":"","background-media":"","overlay-type":"","overlay-color":"","overlay-opacity":"","overlay-gradient":""},"mobile":{"background-color":"var(--ast-global-color-5)","background-image":"","background-repeat":"repeat","background-position":"center center","background-size":"auto","background-attachment":"scroll","background-type":"","background-media":"","overlay-type":"","overlay-color":"","overlay-opacity":"","overlay-gradient":""}}},"product_brand":[],"product_cat":[15],"product_tag":[],"class_list":{"0":"post-23602","1":"product","2":"type-product","3":"status-publish","4":"has-post-thumbnail","6":"product_cat-shop","7":"desktop-align-left","8":"tablet-align-left","9":"mobile-align-left","11":"first","12":"instock","13":"shipping-taxable","14":"purchasable","15":"product-type-simple"},"spectra_custom_meta":{"_edit_lock":["1774602583:1"],"_edit_last":["1"],"merchant-center-availability":["yes"],"merchant-center-category":["6104"],"_thumbnail_id":["23844"],"_wp_page_template":["default"],"_sku":["OLPARSLEYOIL"],"_global_unique_id":["5056773821965"],"_regular_price":["29.90"],"total_sales":["2"],"_tax_status":["taxable"],"_tax_class":[""],"_manage_stock":["no"],"_backorders":["no"],"_sold_individually":["no"],"_weight":["1.3"],"_virtual":["no"],"_downloadable":["no"],"_download_limit":["-1"],"_download_expiry":["-1"],"_stock":[null],"_stock_status":["instock"],"_wc_average_rating":["5.00"],"_wc_review_count":["20"],"_product_version":["10.6.1"],"_price":["29.90"],"site-sidebar-layout":["default"],"ast-site-content-layout":["default"],"site-content-style":["default"],"site-sidebar-style":["default"],"theme-transparent-header-meta":["default"],"_wp_old_slug":["parsley-oil-1-liter"],"_wc_rating_count":["a:1:{i:5;i:20;}"],"astra-migrate-meta-layouts":["set"],"_uag_css_file_name":["uag-css-23602.css"],"_elementor_page_assets":["a:0:{}"],"_uag_page_assets":["a:9:{s:3:\"css\";s:6893:\".wp-block-uagb-image{display:flex}.wp-block-uagb-image__figure{position:relative;display:flex;flex-direction:column;max-width:100%;height:auto;margin:0}.wp-block-uagb-image__figure img{height:auto;display:flex;max-width:100%;transition:box-shadow 0.2s ease}.wp-block-uagb-image__figure>a{display:inline-block}.wp-block-uagb-image__figure figcaption{text-align:center;margin-top:0.5em;margin-bottom:1em}.wp-block-uagb-image .components-placeholder.block-editor-media-placeholder .components-placeholder__instructions{align-self:center}.wp-block-uagb-image--align-left{text-align:left}.wp-block-uagb-image--align-right{text-align:right}.wp-block-uagb-image--align-center{text-align:center}.wp-block-uagb-image--align-full .wp-block-uagb-image__figure{margin-left:calc(50% - 50vw);margin-right:calc(50% - 50vw);max-width:100vw;width:100vw;height:auto}.wp-block-uagb-image--align-full .wp-block-uagb-image__figure img{height:auto;width:100% !important}.wp-block-uagb-image--align-wide .wp-block-uagb-image__figure img{height:auto;width:100%}.wp-block-uagb-image--layout-overlay__color-wrapper{position:absolute;left:0;top:0;right:0;bottom:0;opacity:0.2;background:rgba(0,0,0,0.5);transition:opacity 0.35s ease-in-out}.wp-block-uagb-image--layout-overlay-link{position:absolute;left:0;right:0;bottom:0;top:0}.wp-block-uagb-image--layout-overlay .wp-block-uagb-image__figure:hover .wp-block-uagb-image--layout-overlay__color-wrapper{opacity:1}.wp-block-uagb-image--layout-overlay__inner{position:absolute;left:15px;right:15px;bottom:15px;top:15px;display:flex;align-items:center;justify-content:center;flex-direction:column;border-color:#fff;transition:0.35s ease-in-out}.wp-block-uagb-image--layout-overlay__inner.top-left,.wp-block-uagb-image--layout-overlay__inner.top-center,.wp-block-uagb-image--layout-overlay__inner.top-right{justify-content:flex-start}.wp-block-uagb-image--layout-overlay__inner.bottom-left,.wp-block-uagb-image--layout-overlay__inner.bottom-center,.wp-block-uagb-image--layout-overlay__inner.bottom-right{justify-content:flex-end}.wp-block-uagb-image--layout-overlay__inner.top-left,.wp-block-uagb-image--layout-overlay__inner.center-left,.wp-block-uagb-image--layout-overlay__inner.bottom-left{align-items:flex-start}.wp-block-uagb-image--layout-overlay__inner.top-right,.wp-block-uagb-image--layout-overlay__inner.center-right,.wp-block-uagb-image--layout-overlay__inner.bottom-right{align-items:flex-end}.wp-block-uagb-image--layout-overlay__inner .uagb-image-heading{color:#fff;transition:transform 0.35s, opacity 0.35s ease-in-out;transform:translate3d(0, 24px, 0);margin:0;line-height:1em}.wp-block-uagb-image--layout-overlay__inner .uagb-image-separator{width:30%;border-top-width:2px;border-top-color:#fff;border-top-style:solid;margin-bottom:10px;opacity:0;transition:transform 0.4s, opacity 0.4s ease-in-out;transform:translate3d(0, 30px, 0)}.wp-block-uagb-image--layout-overlay__inner .uagb-image-caption{opacity:0;overflow:visible;color:#fff;transition:transform 0.45s, opacity 0.45s ease-in-out;transform:translate3d(0, 35px, 0)}.wp-block-uagb-image--layout-overlay__inner:hover .uagb-image-heading,.wp-block-uagb-image--layout-overlay__inner:hover .uagb-image-separator,.wp-block-uagb-image--layout-overlay__inner:hover .uagb-image-caption{opacity:1;transform:translate3d(0, 0, 0)}.wp-block-uagb-image--effect-zoomin .wp-block-uagb-image__figure img,.wp-block-uagb-image--effect-zoomin .wp-block-uagb-image__figure .wp-block-uagb-image--layout-overlay__color-wrapper{transform:scale(1);transition:transform 0.35s ease-in-out}.wp-block-uagb-image--effect-zoomin .wp-block-uagb-image__figure:hover img,.wp-block-uagb-image--effect-zoomin .wp-block-uagb-image__figure:hover .wp-block-uagb-image--layout-overlay__color-wrapper{transform:scale(1.05)}.wp-block-uagb-image--effect-slide .wp-block-uagb-image__figure img,.wp-block-uagb-image--effect-slide .wp-block-uagb-image__figure .wp-block-uagb-image--layout-overlay__color-wrapper{width:calc(100% + 40px) !important;max-width:none !important;transform:translate3d(-40px, 0, 0);transition:transform 0.35s ease-in-out}.wp-block-uagb-image--effect-slide .wp-block-uagb-image__figure:hover img,.wp-block-uagb-image--effect-slide .wp-block-uagb-image__figure:hover .wp-block-uagb-image--layout-overlay__color-wrapper{transform:translate3d(0, 0, 0)}.wp-block-uagb-image--effect-grayscale img{filter:grayscale(0%);transition:0.35s ease-in-out}.wp-block-uagb-image--effect-grayscale:hover img{filter:grayscale(100%)}.wp-block-uagb-image--effect-blur img{filter:blur(0);transition:0.35s ease-in-out}.wp-block-uagb-image--effect-blur:hover img{filter:blur(3px)}\n.uagb-block-e6f939b3.wp-block-uagb-image--layout-default figure img{box-shadow: 0px 0px 0 #00000070;}.uagb-block-e6f939b3.wp-block-uagb-image .wp-block-uagb-image__figure figcaption{font-style: normal;align-self: center;}.uagb-block-e6f939b3.wp-block-uagb-image--layout-overlay figure img{box-shadow: 0px 0px 0 #00000070;}.uagb-block-e6f939b3.wp-block-uagb-image--layout-overlay .wp-block-uagb-image--layout-overlay__color-wrapper{opacity: 0.2;}.uagb-block-e6f939b3.wp-block-uagb-image--layout-overlay .wp-block-uagb-image--layout-overlay__inner{left: 15px;right: 15px;top: 15px;bottom: 15px;}.uagb-block-e6f939b3.wp-block-uagb-image--layout-overlay .wp-block-uagb-image--layout-overlay__inner .uagb-image-heading{font-style: normal;color: #fff;opacity: 1;}.uagb-block-e6f939b3.wp-block-uagb-image--layout-overlay .wp-block-uagb-image--layout-overlay__inner .uagb-image-heading a{color: #fff;}.uagb-block-e6f939b3.wp-block-uagb-image--layout-overlay .wp-block-uagb-image--layout-overlay__inner .uagb-image-caption{opacity: 0;}.uagb-block-e6f939b3.wp-block-uagb-image--layout-overlay .wp-block-uagb-image__figure:hover .wp-block-uagb-image--layout-overlay__color-wrapper{opacity: 1;}.uagb-block-e6f939b3.wp-block-uagb-image .wp-block-uagb-image--layout-overlay__inner .uagb-image-separator{width: 30%;border-top-width: 2px;border-top-color: #fff;opacity: 0;}.uagb-block-e6f939b3.wp-block-uagb-image .wp-block-uagb-image__figure img{width: px;height: auto;}.uagb-block-e6f939b3.wp-block-uagb-image .wp-block-uagb-image__figure:hover .wp-block-uagb-image--layout-overlay__inner .uagb-image-caption{opacity: 1;}.uagb-block-e6f939b3.wp-block-uagb-image .wp-block-uagb-image__figure:hover .wp-block-uagb-image--layout-overlay__inner .uagb-image-separator{opacity: 1;}.uagb-block-e6f939b3.wp-block-uagb-image--layout-default figure:hover img{box-shadow: 0px 0px 0 #00000070;}.uagb-block-e6f939b3.wp-block-uagb-image--layout-overlay figure:hover img{box-shadow: 0px 0px 0 #00000070;}@media only screen and (max-width: 976px) {.uagb-block-e6f939b3.wp-block-uagb-image .wp-block-uagb-image__figure img{width: px;height: auto;}}@media only screen and (max-width: 767px) {.uagb-block-e6f939b3.wp-block-uagb-image .wp-block-uagb-image__figure img{width: px;height: auto;}}\";s:2:\"js\";s:0:\"\";s:18:\"current_block_list\";a:13:{i:0;s:11:\"core\/search\";i:1;s:10:\"core\/group\";i:2;s:12:\"core\/heading\";i:3;s:17:\"core\/latest-posts\";i:4;s:20:\"core\/latest-comments\";i:5;s:13:\"core\/archives\";i:6;s:15:\"core\/categories\";i:7;s:14:\"core\/paragraph\";i:8;s:10:\"uagb\/image\";i:9;s:11:\"core\/spacer\";i:10;s:30:\"woocommerce\/product-categories\";i:11;s:10:\"core\/image\";i:12;s:14:\"core\/shortcode\";}s:8:\"uag_flag\";b:1;s:11:\"uag_version\";s:10:\"1776347437\";s:6:\"gfonts\";a:0:{}s:10:\"gfonts_url\";s:0:\"\";s:12:\"gfonts_files\";a:0:{}s:14:\"uag_faq_layout\";b:0;}"]},"uagb_featured_image_src":{"full":["https:\/\/www.oleaia.com\/wp-content\/uploads\/2025\/08\/Oleaia-Parsley-Oil-1L.jpg",2560,2560,false],"thumbnail":["https:\/\/www.oleaia.com\/wp-content\/uploads\/2025\/08\/Oleaia-Parsley-Oil-1L-150x150.jpg",150,150,true],"medium":["https:\/\/www.oleaia.com\/wp-content\/uploads\/2025\/08\/Oleaia-Parsley-Oil-1L-300x300.jpg",300,300,true],"medium_large":["https:\/\/www.oleaia.com\/wp-content\/uploads\/2025\/08\/Oleaia-Parsley-Oil-1L-768x768.jpg",768,768,true],"large":["https:\/\/www.oleaia.com\/wp-content\/uploads\/2025\/08\/Oleaia-Parsley-Oil-1L-1024x1024.jpg",1024,1024,true],"1536x1536":["https:\/\/www.oleaia.com\/wp-content\/uploads\/2025\/08\/Oleaia-Parsley-Oil-1L-1536x1536.jpg",1536,1536,true],"2048x2048":["https:\/\/www.oleaia.com\/wp-content\/uploads\/2025\/08\/Oleaia-Parsley-Oil-1L-2048x2048.jpg",2048,2048,true],"trp-custom-language-flag":["https:\/\/www.oleaia.com\/wp-content\/uploads\/2025\/08\/Oleaia-Parsley-Oil-1L-12x12.jpg",12,12,true],"woocommerce_thumbnail":["https:\/\/www.oleaia.com\/wp-content\/uploads\/2025\/08\/Oleaia-Parsley-Oil-1L-300x300.jpg",300,300,true],"woocommerce_single":["https:\/\/www.oleaia.com\/wp-content\/uploads\/2025\/08\/Oleaia-Parsley-Oil-1L-600x600.jpg",600,600,true],"woocommerce_gallery_thumbnail":["https:\/\/www.oleaia.com\/wp-content\/uploads\/2025\/08\/Oleaia-Parsley-Oil-1L-100x100.jpg",100,100,true]},"uagb_author_info":{"display_name":"admin","author_link":"https:\/\/www.oleaia.com\/hr\/author\/"},"uagb_comment_info":20,"uagb_excerpt":"Unmatched effectiveness for detoxification, skin clarity, and revitalization. Parsley oil is the most effective natural solution for promoting purified skin, enhancing internal balance, and supporting overall vitality. Traditionally valued in herbal wellness, it helps improve the appearance of dull or congested skin, refine texture, and contribute to a clearer, more energized and refreshed state with&hellip;","_links":{"self":[{"href":"https:\/\/www.oleaia.com\/hr\/wp-json\/wp\/v2\/product\/23602","targetHints":{"allow":["GET"]}}],"collection":[{"href":"https:\/\/www.oleaia.com\/hr\/wp-json\/wp\/v2\/product"}],"about":[{"href":"https:\/\/www.oleaia.com\/hr\/wp-json\/wp\/v2\/types\/product"}],"replies":[{"embeddable":true,"href":"https:\/\/www.oleaia.com\/hr\/wp-json\/wp\/v2\/comments?post=23602"}],"version-history":[{"count":4,"href":"https:\/\/www.oleaia.com\/hr\/wp-json\/wp\/v2\/product\/23602\/revisions"}],"predecessor-version":[{"id":81206,"href":"https:\/\/www.oleaia.com\/hr\/wp-json\/wp\/v2\/product\/23602\/revisions\/81206"}],"wp:featuredmedia":[{"embeddable":true,"href":"https:\/\/www.oleaia.com\/hr\/wp-json\/wp\/v2\/media\/23844"}],"wp:attachment":[{"href":"https:\/\/www.oleaia.com\/hr\/wp-json\/wp\/v2\/media?parent=23602"}],"wp:term":[{"taxonomy":"product_brand","embeddable":true,"href":"https:\/\/www.oleaia.com\/hr\/wp-json\/wp\/v2\/product_brand?post=23602"},{"taxonomy":"product_cat","embeddable":true,"href":"https:\/\/www.oleaia.com\/hr\/wp-json\/wp\/v2\/product_cat?post=23602"},{"taxonomy":"product_tag","embeddable":true,"href":"https:\/\/www.oleaia.com\/hr\/wp-json\/wp\/v2\/product_tag?post=23602"}],"curies":[{"name":"radni list","href":"https:\/\/api.w.org\/{rel}","templated":true}]}}