{"id":124,"date":"2025-04-11T06:38:14","date_gmt":"2025-04-11T04:38:14","guid":{"rendered":"https:\/\/www.stoprodent.com\/?page_id=124"},"modified":"2025-10-05T22:10:30","modified_gmt":"2025-10-05T20:10:30","slug":"return-policy","status":"publish","type":"page","link":"https:\/\/www.oleaia.com\/hu\/return-policy\/","title":{"rendered":"Visszat\u00e9r\u00edt\u00e9si politika"},"content":{"rendered":"<p><strong>A visszat\u00e9r\u00e9s kezdem\u00e9nyez\u00e9s\u00e9hez sz\u00fcks\u00e9ges int\u00e9zked\u00e9s<\/strong><\/p>\n\n\n\n<p>A visszak\u00fcld\u00e9si folyamat megkezd\u00e9s\u00e9hez el\u0151sz\u00f6r le kell t\u00f6ltenie az al\u00e1bbi linkre kattintva tal\u00e1lhat\u00f3 \u0171rlapunkat:&nbsp;<a href=\"https:\/\/www.oleaia.com\/wp-content\/uploads\/2025\/07\/Oleaia-Return-Form.pdf\" data-type=\"link\" data-id=\"https:\/\/www.oleaia.com\/wp-content\/uploads\/2025\/04\/StopRodent_Return_Form.pdf\">Let\u00f6lt\u00e9s<\/a><\/p>\n\n\n\n<p>Ezen az \u0171rlapon minden inform\u00e1ci\u00f3t ki kell t\u00f6lteni:<\/p>\n\n\n\n<ul class=\"wp-block-list\">\n<li>Megrendel\u00e9s d\u00e1tuma<\/li>\n\n\n\n<li>Rendel\u00e9si sz\u00e1m<\/li>\n\n\n\n<li>A megrendel\u00e9s teljes \u00f6sszege<\/li>\n\n\n\n<li>A k\u00e9relem \u00e1ltal \u00e9rintett t\u00e9telek<\/li>\n\n\n\n<li>Ha cser\u00e9t vagy visszat\u00e9r\u00edt\u00e9st szeretne<\/li>\n\n\n\n<li>N\u00e9v<\/li>\n\n\n\n<li>Street<\/li>\n\n\n\n<li>Postai ir\u00e1ny\u00edt\u00f3sz\u00e1m<\/li>\n\n\n\n<li>V\u00e1ros<\/li>\n\n\n\n<li>Orsz\u00e1g<\/li>\n\n\n\n<li>E-mail c\u00edm<\/li>\n\n\n\n<li>Telefonsz\u00e1m<\/li>\n\n\n\n<li>D\u00e1tum \u00e9s al\u00e1\u00edr\u00e1s<\/li>\n<\/ul>\n\n\n\n<p>Ezt az \u0171rlapot a k\u00f6vetkez\u0151 e-mail c\u00edmre kell elk\u00fcldenie&nbsp;<a href=\"mailto:contact@oleaia.com\">contact@oleaia.com<\/a>&nbsp;vagy aj\u00e1nlott lev\u00e9lben a k\u00f6vetkez\u0151 c\u00edmre :<\/p>\n\n\n\n<p>Oleaia LLC<br>213 N Market Street #1042<br>Wilmington, DE 19801<br>Egyes\u00fclt \u00c1llamok<\/p>\n\n\n\n<p>Az \u0171rlap be\u00e9rkez\u00e9s\u00e9t k\u00f6vet\u0151en \u00fcgyf\u00e9lszolg\u00e1latunk k\u00fcld \u00d6nnek egy visszak\u00fcld\u00e9si kupont, amelyet a megrendel\u00e9s\u00e9hez csatol, \u00e9s a megrendel\u00e9s\u00e9t saj\u00e1t k\u00f6lts\u00e9g\u00e9n, kiz\u00e1r\u00f3lag postai \u00faton kell visszak\u00fcldenie nek\u00fcnk a k\u00f6vetkez\u0151 c\u00edmre:<\/p>\n\n\n\n<p>Oleaia LLC<br>213 N Market Street #1042<br>Wilmington, DE 19801<br>Egyes\u00fclt \u00c1llamok<\/p>\n\n\n\n<p>Amint a megrendel\u00e9se meg\u00e9rkezik a rakt\u00e1runkba, megvizsg\u00e1ljuk a csomagot, hogy ellen\u0151rizz\u00fck, hogy a megrendel\u00e9s teljes eg\u00e9sz\u00e9ben \u00e9s j\u00f3 \u00e1llapotban \u00e9rkezett-e vissza.<\/p>\n\n\n\n<p><strong>Visszat\u00e9r\u00edt\u00e9s<\/strong><\/p>\n\n\n\n<p>Ha \u00fagy d\u00f6nt, hogy a term\u00e9k kicser\u00e9l\u00e9se helyett a visszat\u00e9r\u00edt\u00e9st k\u00e9ri, akkor 2 napon bel\u00fcl visszat\u00e9r\u00edt\u00e9st kap. A visszak\u00fcld\u00e9sek eset\u00e9n nem sz\u00e1m\u00edtunk fel \u00fajrak\u00e9szletez\u00e9si d\u00edjat.<\/p>\n\n\n\n<p><strong>Exchange<\/strong><\/p>\n\n\n\n<p>Ha \u00fagy d\u00f6nt, hogy cser\u00e9t, azaz a term\u00e9k kicser\u00e9l\u00e9s\u00e9t k\u00e9ri, akkor ingyenesen k\u00fcld\u00fcnk \u00d6nnek egy \u00faj term\u00e9ket.<\/p>\n\n\n\n<p><strong>A visszat\u00e9r\u00edt\u00e9s felt\u00e9telei<\/strong><\/p>\n\n\n\n<p>A visszak\u00fcld\u00e9shez elengedhetetlen, hogy a term\u00e9k k\u00e9zbes\u00edt\u00e9s\u00e9t\u0151l sz\u00e1m\u00edtott 30 napon bel\u00fcl ind\u00edtsa el a visszak\u00fcld\u00e9si folyamatot. Ez azt jelenti, hogy a sz\u00e1ll\u00edt\u00e1si d\u00e1tumt\u00f3l sz\u00e1m\u00edtott 30 napon bel\u00fcl meg kell kapnunk a visszak\u00fcld\u00e9si k\u00e9relmet.<\/p>\n\n\n\n<p>Az is elengedhetetlen, hogy a term\u00e9k \u00faj vagy enyh\u00e9n haszn\u00e1lt \u00e1llapotban legyen, azonban a term\u00e9ket ak\u00e1r hib\u00e1s, ak\u00e1r nem, visszak\u00fcldheti.<\/p>\n\n\n\n<p>B\u00e1rmilyen ok n\u00e9lk\u00fcl is visszaadhatja a term\u00e9ket, \u00e9s a vil\u00e1g b\u00e1rmely orsz\u00e1g\u00e1b\u00f3l is visszaadhatja.<\/p>","protected":false},"excerpt":{"rendered":"<p>Action required to initiate a return In order to start the return process, you must first download our form at the following link :&nbsp;Download On this form, it is necessary to fill in all the information : You must send this form to the email address&nbsp;contact@oleaia.com&nbsp;or by registered mail to the following address : Oleaia [&hellip;]<\/p>\n","protected":false},"author":1,"featured_media":0,"parent":0,"menu_order":0,"comment_status":"closed","ping_status":"closed","template":"","meta":{"_uag_custom_page_level_css":"","site-sidebar-layout":"default","site-content-layout":"","ast-site-content-layout":"default","site-content-style":"default","site-sidebar-style":"default","ast-global-header-display":"","ast-banner-title-visibility":"","ast-main-header-display":"","ast-hfb-above-header-display":"","ast-hfb-below-header-display":"","ast-hfb-mobile-header-display":"","site-post-title":"","ast-breadcrumbs-content":"","ast-featured-img":"","footer-sml-layout":"","ast-disable-related-posts":"","theme-transparent-header-meta":"","adv-header-id-meta":"","stick-header-meta":"","header-above-stick-meta":"","header-main-stick-meta":"","header-below-stick-meta":"","astra-migrate-meta-layouts":"set","ast-page-background-enabled":"default","ast-page-background-meta":{"desktop":{"background-color":"var(--ast-global-color-4)","background-image":"","background-repeat":"repeat","background-position":"center center","background-size":"auto","background-attachment":"scroll","background-type":"","background-media":"","overlay-type":"","overlay-color":"","overlay-opacity":"","overlay-gradient":""},"tablet":{"background-color":"","background-image":"","background-repeat":"repeat","background-position":"center center","background-size":"auto","background-attachment":"scroll","background-type":"","background-media":"","overlay-type":"","overlay-color":"","overlay-opacity":"","overlay-gradient":""},"mobile":{"background-color":"","background-image":"","background-repeat":"repeat","background-position":"center center","background-size":"auto","background-attachment":"scroll","background-type":"","background-media":"","overlay-type":"","overlay-color":"","overlay-opacity":"","overlay-gradient":""}},"ast-content-background-meta":{"desktop":{"background-color":"var(--ast-global-color-5)","background-image":"","background-repeat":"repeat","background-position":"center center","background-size":"auto","background-attachment":"scroll","background-type":"","background-media":"","overlay-type":"","overlay-color":"","overlay-opacity":"","overlay-gradient":""},"tablet":{"background-color":"var(--ast-global-color-5)","background-image":"","background-repeat":"repeat","background-position":"center center","background-size":"auto","background-attachment":"scroll","background-type":"","background-media":"","overlay-type":"","overlay-color":"","overlay-opacity":"","overlay-gradient":""},"mobile":{"background-color":"var(--ast-global-color-5)","background-image":"","background-repeat":"repeat","background-position":"center center","background-size":"auto","background-attachment":"scroll","background-type":"","background-media":"","overlay-type":"","overlay-color":"","overlay-opacity":"","overlay-gradient":""}},"footnotes":""},"class_list":["post-124","page","type-page","status-publish","hentry"],"spectra_custom_meta":{"_edit_lock":["1759695122:1"],"_wpml_word_count":["297"],"_edit_last":["1"],"_wpml_media_duplicate":["1"],"_wpml_media_featured":["1"],"_wpml_location_migration_done":["1"],"rank_math_news_sitemap_robots":["index"],"rank_math_robots":["a:1:{i:0;s:5:\"index\";}"],"_uag_custom_page_level_css":[""],"site-sidebar-layout":["default"],"site-content-layout":[""],"ast-site-content-layout":["default"],"site-content-style":["default"],"site-sidebar-style":["default"],"ast-global-header-display":[""],"ast-banner-title-visibility":[""],"ast-main-header-display":[""],"ast-hfb-above-header-display":[""],"ast-hfb-below-header-display":[""],"ast-hfb-mobile-header-display":[""],"site-post-title":[""],"ast-breadcrumbs-content":[""],"ast-featured-img":[""],"footer-sml-layout":[""],"theme-transparent-header-meta":[""],"adv-header-id-meta":[""],"stick-header-meta":[""],"header-above-stick-meta":[""],"header-main-stick-meta":[""],"header-below-stick-meta":[""],"astra-migrate-meta-layouts":["set"],"ast-page-background-enabled":["default"],"ast-page-background-meta":["a:3:{s:7:\"desktop\";a:12:{s:16:\"background-color\";s:25:\"var(--ast-global-color-4)\";s:16:\"background-image\";s:0:\"\";s:17:\"background-repeat\";s:6:\"repeat\";s:19:\"background-position\";s:13:\"center center\";s:15:\"background-size\";s:4:\"auto\";s:21:\"background-attachment\";s:6:\"scroll\";s:15:\"background-type\";s:0:\"\";s:16:\"background-media\";s:0:\"\";s:12:\"overlay-type\";s:0:\"\";s:13:\"overlay-color\";s:0:\"\";s:15:\"overlay-opacity\";s:0:\"\";s:16:\"overlay-gradient\";s:0:\"\";}s:6:\"tablet\";a:12:{s:16:\"background-color\";s:0:\"\";s:16:\"background-image\";s:0:\"\";s:17:\"background-repeat\";s:6:\"repeat\";s:19:\"background-position\";s:13:\"center center\";s:15:\"background-size\";s:4:\"auto\";s:21:\"background-attachment\";s:6:\"scroll\";s:15:\"background-type\";s:0:\"\";s:16:\"background-media\";s:0:\"\";s:12:\"overlay-type\";s:0:\"\";s:13:\"overlay-color\";s:0:\"\";s:15:\"overlay-opacity\";s:0:\"\";s:16:\"overlay-gradient\";s:0:\"\";}s:6:\"mobile\";a:12:{s:16:\"background-color\";s:0:\"\";s:16:\"background-image\";s:0:\"\";s:17:\"background-repeat\";s:6:\"repeat\";s:19:\"background-position\";s:13:\"center center\";s:15:\"background-size\";s:4:\"auto\";s:21:\"background-attachment\";s:6:\"scroll\";s:15:\"background-type\";s:0:\"\";s:16:\"background-media\";s:0:\"\";s:12:\"overlay-type\";s:0:\"\";s:13:\"overlay-color\";s:0:\"\";s:15:\"overlay-opacity\";s:0:\"\";s:16:\"overlay-gradient\";s:0:\"\";}}"],"ast-content-background-meta":["a:3:{s:7:\"desktop\";a:12:{s:16:\"background-color\";s:25:\"var(--ast-global-color-5)\";s:16:\"background-image\";s:0:\"\";s:17:\"background-repeat\";s:6:\"repeat\";s:19:\"background-position\";s:13:\"center center\";s:15:\"background-size\";s:4:\"auto\";s:21:\"background-attachment\";s:6:\"scroll\";s:15:\"background-type\";s:0:\"\";s:16:\"background-media\";s:0:\"\";s:12:\"overlay-type\";s:0:\"\";s:13:\"overlay-color\";s:0:\"\";s:15:\"overlay-opacity\";s:0:\"\";s:16:\"overlay-gradient\";s:0:\"\";}s:6:\"tablet\";a:12:{s:16:\"background-color\";s:25:\"var(--ast-global-color-5)\";s:16:\"background-image\";s:0:\"\";s:17:\"background-repeat\";s:6:\"repeat\";s:19:\"background-position\";s:13:\"center center\";s:15:\"background-size\";s:4:\"auto\";s:21:\"background-attachment\";s:6:\"scroll\";s:15:\"background-type\";s:0:\"\";s:16:\"background-media\";s:0:\"\";s:12:\"overlay-type\";s:0:\"\";s:13:\"overlay-color\";s:0:\"\";s:15:\"overlay-opacity\";s:0:\"\";s:16:\"overlay-gradient\";s:0:\"\";}s:6:\"mobile\";a:12:{s:16:\"background-color\";s:25:\"var(--ast-global-color-5)\";s:16:\"background-image\";s:0:\"\";s:17:\"background-repeat\";s:6:\"repeat\";s:19:\"background-position\";s:13:\"center center\";s:15:\"background-size\";s:4:\"auto\";s:21:\"background-attachment\";s:6:\"scroll\";s:15:\"background-type\";s:0:\"\";s:16:\"background-media\";s:0:\"\";s:12:\"overlay-type\";s:0:\"\";s:13:\"overlay-color\";s:0:\"\";s:15:\"overlay-opacity\";s:0:\"\";s:16:\"overlay-gradient\";s:0:\"\";}}"],"footnotes":[""],"_elementor_edit_mode":[""],"_elementor_template_type":[""],"_elementor_data":[""],"_elementor_conditions":["a:0:{}"],"_uag_css_file_name":["uag-css-124.css"],"_uag_page_assets":["a:9:{s:3:\"css\";s:7156:\".uag-blocks-common-selector{z-index:var(--z-index-desktop) !important}@media (max-width: 976px){.uag-blocks-common-selector{z-index:var(--z-index-tablet) !important}}@media (max-width: 767px){.uag-blocks-common-selector{z-index:var(--z-index-mobile) !important}}\n.wp-block-uagb-image{display:flex}.wp-block-uagb-image__figure{position:relative;display:flex;flex-direction:column;max-width:100%;height:auto;margin:0}.wp-block-uagb-image__figure img{height:auto;display:flex;max-width:100%;transition:box-shadow 0.2s ease}.wp-block-uagb-image__figure>a{display:inline-block}.wp-block-uagb-image__figure figcaption{text-align:center;margin-top:0.5em;margin-bottom:1em}.wp-block-uagb-image .components-placeholder.block-editor-media-placeholder .components-placeholder__instructions{align-self:center}.wp-block-uagb-image--align-left{text-align:left}.wp-block-uagb-image--align-right{text-align:right}.wp-block-uagb-image--align-center{text-align:center}.wp-block-uagb-image--align-full .wp-block-uagb-image__figure{margin-left:calc(50% - 50vw);margin-right:calc(50% - 50vw);max-width:100vw;width:100vw;height:auto}.wp-block-uagb-image--align-full .wp-block-uagb-image__figure img{height:auto;width:100% !important}.wp-block-uagb-image--align-wide .wp-block-uagb-image__figure img{height:auto;width:100%}.wp-block-uagb-image--layout-overlay__color-wrapper{position:absolute;left:0;top:0;right:0;bottom:0;opacity:0.2;background:rgba(0,0,0,0.5);transition:opacity 0.35s ease-in-out}.wp-block-uagb-image--layout-overlay-link{position:absolute;left:0;right:0;bottom:0;top:0}.wp-block-uagb-image--layout-overlay .wp-block-uagb-image__figure:hover .wp-block-uagb-image--layout-overlay__color-wrapper{opacity:1}.wp-block-uagb-image--layout-overlay__inner{position:absolute;left:15px;right:15px;bottom:15px;top:15px;display:flex;align-items:center;justify-content:center;flex-direction:column;border-color:#fff;transition:0.35s ease-in-out}.wp-block-uagb-image--layout-overlay__inner.top-left,.wp-block-uagb-image--layout-overlay__inner.top-center,.wp-block-uagb-image--layout-overlay__inner.top-right{justify-content:flex-start}.wp-block-uagb-image--layout-overlay__inner.bottom-left,.wp-block-uagb-image--layout-overlay__inner.bottom-center,.wp-block-uagb-image--layout-overlay__inner.bottom-right{justify-content:flex-end}.wp-block-uagb-image--layout-overlay__inner.top-left,.wp-block-uagb-image--layout-overlay__inner.center-left,.wp-block-uagb-image--layout-overlay__inner.bottom-left{align-items:flex-start}.wp-block-uagb-image--layout-overlay__inner.top-right,.wp-block-uagb-image--layout-overlay__inner.center-right,.wp-block-uagb-image--layout-overlay__inner.bottom-right{align-items:flex-end}.wp-block-uagb-image--layout-overlay__inner .uagb-image-heading{color:#fff;transition:transform 0.35s, opacity 0.35s ease-in-out;transform:translate3d(0, 24px, 0);margin:0;line-height:1em}.wp-block-uagb-image--layout-overlay__inner .uagb-image-separator{width:30%;border-top-width:2px;border-top-color:#fff;border-top-style:solid;margin-bottom:10px;opacity:0;transition:transform 0.4s, opacity 0.4s ease-in-out;transform:translate3d(0, 30px, 0)}.wp-block-uagb-image--layout-overlay__inner .uagb-image-caption{opacity:0;overflow:visible;color:#fff;transition:transform 0.45s, opacity 0.45s ease-in-out;transform:translate3d(0, 35px, 0)}.wp-block-uagb-image--layout-overlay__inner:hover .uagb-image-heading,.wp-block-uagb-image--layout-overlay__inner:hover .uagb-image-separator,.wp-block-uagb-image--layout-overlay__inner:hover .uagb-image-caption{opacity:1;transform:translate3d(0, 0, 0)}.wp-block-uagb-image--effect-zoomin .wp-block-uagb-image__figure img,.wp-block-uagb-image--effect-zoomin .wp-block-uagb-image__figure .wp-block-uagb-image--layout-overlay__color-wrapper{transform:scale(1);transition:transform 0.35s ease-in-out}.wp-block-uagb-image--effect-zoomin .wp-block-uagb-image__figure:hover img,.wp-block-uagb-image--effect-zoomin .wp-block-uagb-image__figure:hover .wp-block-uagb-image--layout-overlay__color-wrapper{transform:scale(1.05)}.wp-block-uagb-image--effect-slide .wp-block-uagb-image__figure img,.wp-block-uagb-image--effect-slide .wp-block-uagb-image__figure .wp-block-uagb-image--layout-overlay__color-wrapper{width:calc(100% + 40px) !important;max-width:none !important;transform:translate3d(-40px, 0, 0);transition:transform 0.35s ease-in-out}.wp-block-uagb-image--effect-slide .wp-block-uagb-image__figure:hover img,.wp-block-uagb-image--effect-slide .wp-block-uagb-image__figure:hover .wp-block-uagb-image--layout-overlay__color-wrapper{transform:translate3d(0, 0, 0)}.wp-block-uagb-image--effect-grayscale img{filter:grayscale(0%);transition:0.35s ease-in-out}.wp-block-uagb-image--effect-grayscale:hover img{filter:grayscale(100%)}.wp-block-uagb-image--effect-blur img{filter:blur(0);transition:0.35s ease-in-out}.wp-block-uagb-image--effect-blur:hover img{filter:blur(3px)}\n.uagb-block-e6f939b3.wp-block-uagb-image--layout-default figure img{box-shadow: 0px 0px 0 #00000070;}.uagb-block-e6f939b3.wp-block-uagb-image .wp-block-uagb-image__figure figcaption{font-style: normal;align-self: center;}.uagb-block-e6f939b3.wp-block-uagb-image--layout-overlay figure img{box-shadow: 0px 0px 0 #00000070;}.uagb-block-e6f939b3.wp-block-uagb-image--layout-overlay .wp-block-uagb-image--layout-overlay__color-wrapper{opacity: 0.2;}.uagb-block-e6f939b3.wp-block-uagb-image--layout-overlay .wp-block-uagb-image--layout-overlay__inner{left: 15px;right: 15px;top: 15px;bottom: 15px;}.uagb-block-e6f939b3.wp-block-uagb-image--layout-overlay .wp-block-uagb-image--layout-overlay__inner .uagb-image-heading{font-style: normal;color: #fff;opacity: 1;}.uagb-block-e6f939b3.wp-block-uagb-image--layout-overlay .wp-block-uagb-image--layout-overlay__inner .uagb-image-heading a{color: #fff;}.uagb-block-e6f939b3.wp-block-uagb-image--layout-overlay .wp-block-uagb-image--layout-overlay__inner .uagb-image-caption{opacity: 0;}.uagb-block-e6f939b3.wp-block-uagb-image--layout-overlay .wp-block-uagb-image__figure:hover .wp-block-uagb-image--layout-overlay__color-wrapper{opacity: 1;}.uagb-block-e6f939b3.wp-block-uagb-image .wp-block-uagb-image--layout-overlay__inner .uagb-image-separator{width: 30%;border-top-width: 2px;border-top-color: #fff;opacity: 0;}.uagb-block-e6f939b3.wp-block-uagb-image .wp-block-uagb-image__figure img{width: px;height: auto;}.uagb-block-e6f939b3.wp-block-uagb-image .wp-block-uagb-image__figure:hover .wp-block-uagb-image--layout-overlay__inner .uagb-image-caption{opacity: 1;}.uagb-block-e6f939b3.wp-block-uagb-image .wp-block-uagb-image__figure:hover .wp-block-uagb-image--layout-overlay__inner .uagb-image-separator{opacity: 1;}.uagb-block-e6f939b3.wp-block-uagb-image--layout-default figure:hover img{box-shadow: 0px 0px 0 #00000070;}.uagb-block-e6f939b3.wp-block-uagb-image--layout-overlay figure:hover img{box-shadow: 0px 0px 0 #00000070;}@media only screen and (max-width: 976px) {.uagb-block-e6f939b3.wp-block-uagb-image .wp-block-uagb-image__figure img{width: px;height: auto;}}@media only screen and (max-width: 767px) {.uagb-block-e6f939b3.wp-block-uagb-image .wp-block-uagb-image__figure img{width: px;height: auto;}}\";s:2:\"js\";s:0:\"\";s:18:\"current_block_list\";a:15:{i:0;s:14:\"core\/paragraph\";i:1;s:9:\"core\/list\";i:2;s:14:\"core\/list-item\";i:3;s:11:\"core\/search\";i:4;s:10:\"core\/group\";i:5;s:12:\"core\/heading\";i:6;s:17:\"core\/latest-posts\";i:7;s:20:\"core\/latest-comments\";i:8;s:13:\"core\/archives\";i:9;s:15:\"core\/categories\";i:10;s:10:\"uagb\/image\";i:11;s:11:\"core\/spacer\";i:12;s:30:\"woocommerce\/product-categories\";i:13;s:10:\"core\/image\";i:14;s:14:\"core\/shortcode\";}s:8:\"uag_flag\";b:1;s:11:\"uag_version\";s:10:\"1776485002\";s:6:\"gfonts\";a:0:{}s:10:\"gfonts_url\";s:0:\"\";s:12:\"gfonts_files\";a:0:{}s:14:\"uag_faq_layout\";b:0;}"]},"uagb_featured_image_src":{"full":false,"thumbnail":false,"medium":false,"medium_large":false,"large":false,"1536x1536":false,"2048x2048":false,"trp-custom-language-flag":false,"woocommerce_thumbnail":false,"woocommerce_single":false,"woocommerce_gallery_thumbnail":false},"uagb_author_info":{"display_name":"admin","author_link":"https:\/\/www.oleaia.com\/hu\/author\/admin2721\/"},"uagb_comment_info":0,"uagb_excerpt":"Action required to initiate a return In order to start the return process, you must first download our form at the following link :&nbsp;Download On this form, it is necessary to fill in all the information : You must send this form to the email address&nbsp;contact@oleaia.com&nbsp;or by registered mail to the following address : Oleaia&hellip;","_links":{"self":[{"href":"https:\/\/www.oleaia.com\/hu\/wp-json\/wp\/v2\/pages\/124","targetHints":{"allow":["GET"]}}],"collection":[{"href":"https:\/\/www.oleaia.com\/hu\/wp-json\/wp\/v2\/pages"}],"about":[{"href":"https:\/\/www.oleaia.com\/hu\/wp-json\/wp\/v2\/types\/page"}],"author":[{"embeddable":true,"href":"https:\/\/www.oleaia.com\/hu\/wp-json\/wp\/v2\/users\/1"}],"replies":[{"embeddable":true,"href":"https:\/\/www.oleaia.com\/hu\/wp-json\/wp\/v2\/comments?post=124"}],"version-history":[{"count":4,"href":"https:\/\/www.oleaia.com\/hu\/wp-json\/wp\/v2\/pages\/124\/revisions"}],"predecessor-version":[{"id":27960,"href":"https:\/\/www.oleaia.com\/hu\/wp-json\/wp\/v2\/pages\/124\/revisions\/27960"}],"wp:attachment":[{"href":"https:\/\/www.oleaia.com\/hu\/wp-json\/wp\/v2\/media?parent=124"}],"curies":[{"name":"wp","href":"https:\/\/api.w.org\/{rel}","templated":true}]}}