{"id":23038,"date":"2025-07-25T15:21:59","date_gmt":"2025-07-25T13:21:59","guid":{"rendered":"https:\/\/www.oleaia.com\/?post_type=product&#038;p=23038"},"modified":"2026-03-04T08:22:50","modified_gmt":"2026-03-04T07:22:50","slug":"coconut-oil","status":"publish","type":"product","link":"https:\/\/www.oleaia.com\/hu\/products\/coconut-oil\/","title":{"rendered":"K\u00f3kuszolaj - 5 liter"},"content":{"rendered":"<p><strong><img decoding=\"async\" style=\"margin-right: 12px;\" src=\"https:\/\/www.oleaia.com\/wp-content\/uploads\/2026\/03\/Check.svg\" alt=\"\" width=\"18\" height=\"15\" \/>P\u00e1ratlan hat\u00e9konys\u00e1g a m\u00e9ly t\u00e1pl\u00e1l\u00e1shoz \u00e9s a sokoldal\u00fa term\u00e9szetes \u00e1pol\u00e1shoz.<\/strong> A k\u00f3kuszolaj a leghat\u00e9konyabb term\u00e9szetes megold\u00e1s a hidrat\u00e1lt b\u0151r, az er\u0151sebb kin\u00e9zet\u0171 haj \u00e9s az \u00e1ltal\u00e1nos sz\u00e9ps\u00e9g\u00e1pol\u00e1s t\u00e1mogat\u00e1s\u00e1ra. A sz\u00e1mos kult\u00far\u00e1ban hagyom\u00e1nyosan nagyra becs\u00fclt k\u00f3kuszdi\u00f3 seg\u00edt helyre\u00e1ll\u00edtani a puhas\u00e1got, jav\u00edtja a sz\u00e1razs\u00e1g megjelen\u00e9s\u00e9t, \u00e9s el\u0151seg\u00edti a ragyog\u00f3, eg\u00e9szs\u00e9ges megjelen\u00e9st, ha k\u00f6vetkezetesen haszn\u00e1lj\u00e1k a b\u0151r- \u00e9s haj\u00e1pol\u00e1si rutinokban.<\/p>\n<p><strong><img decoding=\"async\" style=\"margin-right: 12px;\" src=\"https:\/\/www.oleaia.com\/wp-content\/uploads\/2026\/03\/Check.svg\" alt=\"\" width=\"18\" height=\"15\" \/>A legolcs\u00f3bb pr\u00e9mium k\u00f3kuszolaj.<\/strong> Mi vagyunk a legolcs\u00f3bbak a piacon, mik\u00f6zben szigor\u00fa min\u0151s\u00e9gi szabv\u00e1nyokat tartunk be, \u00edgy kiv\u00e9teles \u00e9rt\u00e9ket biztos\u00edtunk a teljes\u00edtm\u00e9ny \u00e9s a sokoldal\u00fas\u00e1g vesz\u00e9lyeztet\u00e9se n\u00e9lk\u00fcl. Ez a megfizethet\u0151s\u00e9g lehet\u0151v\u00e9 teszi, hogy a k\u00f3kuszolaj mindennapos alapanyagg\u00e1 v\u00e1ljon mind a szem\u00e9lyi \u00e1pol\u00e1sban, mind a kulin\u00e1ris wellness gyakorlatban.<\/p>\n<p><strong><img decoding=\"async\" style=\"margin-right: 12px;\" src=\"https:\/\/www.oleaia.com\/wp-content\/uploads\/2026\/03\/Check.svg\" alt=\"\" width=\"18\" height=\"15\" \/>Gyors \u00e9s megb\u00edzhat\u00f3 24 \u00f3r\u00e1s sz\u00e1ll\u00edt\u00e1s.<\/strong> Mindig 24 \u00f3r\u00e1s kisz\u00e1ll\u00edt\u00e1st k\u00edn\u00e1lunk, \u00edgy garant\u00e1ljuk, hogy a k\u00f3kuszolaj gyorsan \u00e9s hat\u00e9konyan \u00e9rkezik. A gyors sz\u00e1ll\u00edt\u00e1s biztos\u00edtja a sz\u00e9ps\u00e9g\u00e1pol\u00e1s, a wellness \u00e9s a h\u00e1ztart\u00e1si rutinok zavartalan folyamatoss\u00e1g\u00e1t.<\/p>\n<p><strong><img decoding=\"async\" style=\"margin-right: 12px;\" src=\"https:\/\/www.oleaia.com\/wp-content\/uploads\/2026\/03\/Check.svg\" alt=\"\" width=\"18\" height=\"15\" \/>P\u00e9nzvisszafizet\u00e9si garancia a teljes megnyugv\u00e1s \u00e9rdek\u00e9ben.<\/strong> P\u00e9nzvisszafizet\u00e9si garanci\u00e1t k\u00edn\u00e1lunk. Ha a v\u00e1s\u00e1rl\u00f3 nem el\u00e9gedett, visszat\u00e9r\u00edtj\u00fck a p\u00e9nz\u00e9t. Ez az \u00e1tl\u00e1that\u00f3 k\u00f6telezetts\u00e9gv\u00e1llal\u00e1s a term\u00e9k min\u0151s\u00e9g\u00e9be vetett bizalmat t\u00fckr\u00f6zi, \u00e9s teljesen kock\u00e1zatmentes v\u00e1s\u00e1rl\u00e1si \u00e9lm\u00e9nyt biztos\u00edt.<\/p>\n<p><strong><img decoding=\"async\" style=\"margin-right: 12px;\" src=\"https:\/\/www.oleaia.com\/wp-content\/uploads\/2026\/03\/Check.svg\" alt=\"\" width=\"18\" height=\"15\" \/>Teljesen organikus az autentikus term\u00e9szetes \u00e9letm\u00f3d\u00e9rt.<\/strong> K\u00f3kuszolajunk teljes m\u00e9rt\u00e9kben bio, amelyet a k\u00f6rnyezeti felel\u0151ss\u00e9g \u00e9s a n\u00f6v\u00e9ny integrit\u00e1s\u00e1nak gondos tiszteletben tart\u00e1s\u00e1val \u00e1ll\u00edtanak el\u0151. Ez az elk\u00f6telezetts\u00e9g biztos\u00edtja az \u00f6sszhangot a tiszta sz\u00e9ps\u00e9g\u00e1pol\u00e1si szabv\u00e1nyokkal \u00e9s a holisztikus \u00e9letm\u00f3d gyakorlat\u00e1val.<\/p>\n<p><strong><img decoding=\"async\" style=\"margin-right: 12px;\" src=\"https:\/\/www.oleaia.com\/wp-content\/uploads\/2026\/03\/Check.svg\" alt=\"\" width=\"18\" height=\"15\" \/>T\u00e1mogatja a b\u0151r intenz\u00edv hidrat\u00e1l\u00e1s\u00e1t \u00e9s puhas\u00e1g\u00e1t.<\/strong> A k\u00f3kuszolaj seg\u00edt fenntartani a nedvess\u00e9g egyens\u00faly\u00e1t, \u00e9s t\u00e1mogatja a sima, rugalmas b\u0151rszerkezetet. Rendszeres haszn\u00e1lat\u00e1val hozz\u00e1j\u00e1rul a jobb komfort\u00e9rzethez \u00e9s a sz\u00e1razs\u00e1g cs\u00f6kkentett megjelen\u00e9s\u00e9hez.<\/p>\n<p><strong><img decoding=\"async\" style=\"margin-right: 12px;\" src=\"https:\/\/www.oleaia.com\/wp-content\/uploads\/2026\/03\/Check.svg\" alt=\"\" width=\"18\" height=\"15\" \/>Er\u0151sebb, f\u00e9nyesebb \u00e9s kezelhet\u0151bb hajat eredm\u00e9nyez.<\/strong> A fejb\u0151rre \u00e9s a hajra kenve a k\u00f3kuszolaj seg\u00edt t\u00e1pl\u00e1lni a hajsz\u00e1lakat, jav\u00edtja a puhas\u00e1got, \u00e9s cs\u00f6kkenti a sz\u00e1razs\u00e1g vagy a g\u00f6nd\u00f6rs\u00e9g megjelen\u00e9s\u00e9t.<\/p>\n<p><strong><img decoding=\"async\" style=\"margin-right: 12px;\" src=\"https:\/\/www.oleaia.com\/wp-content\/uploads\/2026\/03\/Check.svg\" alt=\"\" width=\"18\" height=\"15\" \/>\u00d6szt\u00f6nzi a fejb\u0151r egyens\u00faly\u00e1t \u00e9s a haj vitalit\u00e1s\u00e1t.<\/strong> A k\u00f3kuszolaj fejb\u0151rbe massz\u00edroz\u00e1sa seg\u00edt fenntartani a hidrat\u00e1lts\u00e1got, \u00e9s id\u0151vel eg\u00e9szs\u00e9gesebbnek t\u0171n\u0151 hajk\u00f6rnyezetet t\u00e1mogat.<\/p>\n<p><strong><img decoding=\"async\" style=\"margin-right: 12px;\" src=\"https:\/\/www.oleaia.com\/wp-content\/uploads\/2026\/03\/Check.svg\" alt=\"\" width=\"18\" height=\"15\" \/>Fokozza a b\u0151r term\u00e9szetes ragyog\u00e1s\u00e1t \u00e9s rugalmass\u00e1g\u00e1t.<\/strong> A k\u00f3kuszolaj hozz\u00e1j\u00e1rul a ragyog\u00f3, j\u00f3l t\u00e1pl\u00e1lt arcb\u0151rh\u00f6z, t\u00e1mogatja a sim\u00e1bb \u00e9s rugalmasabb b\u0151r megjelen\u00e9s\u00e9t.<\/p>\n<p><strong><img decoding=\"async\" style=\"margin-right: 12px;\" src=\"https:\/\/www.oleaia.com\/wp-content\/uploads\/2026\/03\/Check.svg\" alt=\"\" width=\"18\" height=\"15\" \/>Ide\u00e1lis massz\u00e1zshoz, test\u00e1pol\u00e1shoz \u00e9s relax\u00e1ci\u00f3s ritu\u00e1l\u00e9khoz.<\/strong> Sima text\u00far\u00e1ja \u00e9s kellemes term\u00e9szetes arom\u00e1ja miatt a k\u00f3kuszolaj t\u00f6k\u00e9letes a b\u0151r t\u00e1pl\u00e1l\u00e1s\u00e1t \u00e9s a relax\u00e1ci\u00f3t egyar\u00e1nt el\u0151seg\u00edt\u0151 massz\u00e1zsokhoz.<\/p>\n<p><strong><img decoding=\"async\" style=\"margin-right: 12px;\" src=\"https:\/\/www.oleaia.com\/wp-content\/uploads\/2026\/03\/Check.svg\" alt=\"\" width=\"18\" height=\"15\" \/>Kozmetikai \u00e9s konyhai felhaszn\u00e1l\u00e1sra egyar\u00e1nt alkalmas.<\/strong> A k\u00f3kuszolaj megfelel\u0151 mennyis\u00e9gben haszn\u00e1lva z\u00f6kken\u0151mentesen illeszkedik a kiegyens\u00falyozott t\u00e1pl\u00e1lkoz\u00e1sba, mik\u00f6zben sokoldal\u00fa \u00f6sszetev\u0151k\u00e9nt szolg\u00e1l a b\u0151r- \u00e9s haj\u00e1pol\u00e1sban.<\/p>\n<p><strong><img decoding=\"async\" style=\"margin-right: 12px;\" src=\"https:\/\/www.oleaia.com\/wp-content\/uploads\/2026\/03\/Check.svg\" alt=\"\" width=\"18\" height=\"15\" \/>M\u00e1r t\u00e1pl\u00e1l\u00f3 olajjal d\u00fas\u00edtva a gyeng\u00e9d alkalmaz\u00e1s \u00e9s az optim\u00e1lis k\u00e9nyelem \u00e9rdek\u00e9ben.<\/strong> K\u00f3kuszolajunkat m\u00e1r t\u00e1pl\u00e1l\u00f3 olajjal d\u00fas\u00edtottuk, hogy biztos\u00edtsuk a k\u00edm\u00e9letes felvitelt, a jobb eloszlathat\u00f3s\u00e1got, az optim\u00e1lis k\u00e9nyelmet \u00e9s a k\u00f6nny\u0171 haszn\u00e1latot. Ez az \u00e1tgondolt formul\u00e1ci\u00f3 fokozza a felsz\u00edv\u00f3d\u00e1st \u00e9s biztos\u00edtja a sima, egyenletes fed\u00e9st a helyi alkalmaz\u00e1s sor\u00e1n.<\/p>\n<h2><strong>Utas\u00edt\u00e1sok<\/strong><\/h2>\n<ul>\n<li>Vigyen fel 3-5 cseppet a tiszta, sz\u00e1raz arcb\u0151rre, \u00e9s gyeng\u00e9den massz\u00edrozza be, am\u00edg teljesen felsz\u00edv\u00f3dik.<\/li>\n<li>Haszn\u00e1lja naponta egyszer vagy k\u00e9tszer, a hidrat\u00e1l\u00e1si ig\u00e9nyekt\u0151l f\u00fcgg\u0151en.<\/li>\n<li>Test\u00e1pol\u00e1shoz f\u00fcrd\u00e9s ut\u00e1n alkalmazzon m\u00e9rs\u00e9kelt mennyis\u00e9get, hogy seg\u00edtsen fenntartani a nedvess\u00e9get.<\/li>\n<li>A haj t\u00e1pl\u00e1l\u00e1s\u00e1hoz vigyen fel 1-3 cseppet a nedves vagy sz\u00e1raz haj hossz\u00e1ra \u00e9s v\u00e9g\u00e9re.<\/li>\n<li>Fejb\u0151rkezel\u00e9sk\u00e9nt 5-10 cseppet massz\u00edrozzon a fejb\u0151rbe, \u00e9s lemos\u00e1s el\u0151tt hagyja hatni 30-60 percig.<\/li>\n<li>M\u00e9lyebb kondicion\u00e1l\u00e1shoz hagyja rajta egy \u00e9jszak\u00e1n \u00e1t, \u00e9s m\u00e1snap reggel alaposan samponozza be.<\/li>\n<li>Kulin\u00e1ris felhaszn\u00e1l\u00e1s eset\u00e9n naponta 1-2 ev\u0151kan\u00e1lnyit vegyen az \u00e9telekbe a kiegyens\u00falyozott \u00e9trend r\u00e9szek\u00e9nt.<\/li>\n<li>Szak\u00e9rt\u0151i tan\u00e1csad\u00e1s n\u00e9lk\u00fcl ne l\u00e9pje t\u00fal az aj\u00e1nlott \u00e9trendi bevitelt.<\/li>\n<li>Az els\u0151 helyi alkalmaz\u00e1s el\u0151tt v\u00e9gezzen tapaszpr\u00f3b\u00e1t a b\u0151rkompatibilit\u00e1s felm\u00e9r\u00e9se \u00e9rdek\u00e9ben.<\/li>\n<li>Ker\u00fclje a szemmel \u00e9s az \u00e9rz\u00e9keny ny\u00e1lkah\u00e1rtya-ter\u00fcletekkel val\u00f3 \u00e9rintkez\u00e9st.<\/li>\n<li>H\u0171v\u00f6s, sz\u00e1raz, k\u00f6zvetlen napf\u00e9nyt\u0151l v\u00e9dett helyen t\u00e1rolja, \u00e9s minden haszn\u00e1lat ut\u00e1n tartsa szorosan lez\u00e1rva a tart\u00e1lyt.<\/li>\n<\/ul>","protected":false},"excerpt":{"rendered":"<p>Unmatched effectiveness for deep nourishment and versatile natural care. Coconut oil is the most effective natural solution for supporting hydrated skin, stronger-looking hair, and overall beauty maintenance. Traditionally valued across many cultures, it helps restore softness, improve the appearance of dryness, and promote a radiant, healthy look when used consistently in skincare and haircare routines. [&hellip;]<\/p>\n","protected":false},"featured_media":23039,"comment_status":"open","ping_status":"closed","template":"","meta":{"_uag_custom_page_level_css":"","site-sidebar-layout":"default","site-content-layout":"","ast-site-content-layout":"default","site-content-style":"default","site-sidebar-style":"default","ast-global-header-display":"","ast-banner-title-visibility":"","ast-main-header-display":"","ast-hfb-above-header-display":"","ast-hfb-below-header-display":"","ast-hfb-mobile-header-display":"","site-post-title":"","ast-breadcrumbs-content":"","ast-featured-img":"","footer-sml-layout":"","ast-disable-related-posts":"","theme-transparent-header-meta":"default","adv-header-id-meta":"","stick-header-meta":"","header-above-stick-meta":"","header-main-stick-meta":"","header-below-stick-meta":"","astra-migrate-meta-layouts":"set","ast-page-background-enabled":"default","ast-page-background-meta":{"desktop":{"background-color":"var(--ast-global-color-4)","background-image":"","background-repeat":"repeat","background-position":"center center","background-size":"auto","background-attachment":"scroll","background-type":"","background-media":"","overlay-type":"","overlay-color":"","overlay-opacity":"","overlay-gradient":""},"tablet":{"background-color":"","background-image":"","background-repeat":"repeat","background-position":"center center","background-size":"auto","background-attachment":"scroll","background-type":"","background-media":"","overlay-type":"","overlay-color":"","overlay-opacity":"","overlay-gradient":""},"mobile":{"background-color":"","background-image":"","background-repeat":"repeat","background-position":"center center","background-size":"auto","background-attachment":"scroll","background-type":"","background-media":"","overlay-type":"","overlay-color":"","overlay-opacity":"","overlay-gradient":""}},"ast-content-background-meta":{"desktop":{"background-color":"var(--ast-global-color-5)","background-image":"","background-repeat":"repeat","background-position":"center center","background-size":"auto","background-attachment":"scroll","background-type":"","background-media":"","overlay-type":"","overlay-color":"","overlay-opacity":"","overlay-gradient":""},"tablet":{"background-color":"var(--ast-global-color-5)","background-image":"","background-repeat":"repeat","background-position":"center center","background-size":"auto","background-attachment":"scroll","background-type":"","background-media":"","overlay-type":"","overlay-color":"","overlay-opacity":"","overlay-gradient":""},"mobile":{"background-color":"var(--ast-global-color-5)","background-image":"","background-repeat":"repeat","background-position":"center center","background-size":"auto","background-attachment":"scroll","background-type":"","background-media":"","overlay-type":"","overlay-color":"","overlay-opacity":"","overlay-gradient":""}}},"product_brand":[],"product_cat":[15],"product_tag":[],"class_list":{"0":"post-23038","1":"product","2":"type-product","3":"status-publish","4":"has-post-thumbnail","6":"product_cat-shop","7":"desktop-align-left","8":"tablet-align-left","9":"mobile-align-left","11":"first","12":"instock","13":"shipping-taxable","14":"purchasable","15":"product-type-simple"},"spectra_custom_meta":{"_edit_lock":["1774352971:1"],"_edit_last":["1"],"merchant-center-availability":["yes"],"merchant-center-category":["6104"],"_thumbnail_id":["23039"],"_wp_page_template":["default"],"_sku":["OLCOCONUTOIL"],"_global_unique_id":["5056773820593"],"_regular_price":["29.90"],"total_sales":["449"],"_tax_status":["taxable"],"_tax_class":[""],"_manage_stock":["no"],"_backorders":["no"],"_sold_individually":["no"],"_virtual":["no"],"_downloadable":["no"],"_download_limit":["-1"],"_download_expiry":["-1"],"_stock":[null],"_stock_status":["instock"],"_wc_average_rating":["5.00"],"_wc_review_count":["19"],"_product_version":["10.5.3"],"_price":["29.90"],"site-sidebar-layout":["default"],"ast-site-content-layout":["default"],"site-content-style":["default"],"site-sidebar-style":["default"],"theme-transparent-header-meta":["default"],"_weight":["5.7"],"_wc_rating_count":["a:1:{i:5;i:19;}"],"astra-migrate-meta-layouts":["set"],"_uag_css_file_name":["uag-css-23038.css"],"_elementor_page_assets":["a:0:{}"],"_uag_page_assets":["a:9:{s:3:\"css\";s:6893:\".wp-block-uagb-image{display:flex}.wp-block-uagb-image__figure{position:relative;display:flex;flex-direction:column;max-width:100%;height:auto;margin:0}.wp-block-uagb-image__figure img{height:auto;display:flex;max-width:100%;transition:box-shadow 0.2s ease}.wp-block-uagb-image__figure>a{display:inline-block}.wp-block-uagb-image__figure figcaption{text-align:center;margin-top:0.5em;margin-bottom:1em}.wp-block-uagb-image .components-placeholder.block-editor-media-placeholder .components-placeholder__instructions{align-self:center}.wp-block-uagb-image--align-left{text-align:left}.wp-block-uagb-image--align-right{text-align:right}.wp-block-uagb-image--align-center{text-align:center}.wp-block-uagb-image--align-full .wp-block-uagb-image__figure{margin-left:calc(50% - 50vw);margin-right:calc(50% - 50vw);max-width:100vw;width:100vw;height:auto}.wp-block-uagb-image--align-full .wp-block-uagb-image__figure img{height:auto;width:100% !important}.wp-block-uagb-image--align-wide .wp-block-uagb-image__figure img{height:auto;width:100%}.wp-block-uagb-image--layout-overlay__color-wrapper{position:absolute;left:0;top:0;right:0;bottom:0;opacity:0.2;background:rgba(0,0,0,0.5);transition:opacity 0.35s ease-in-out}.wp-block-uagb-image--layout-overlay-link{position:absolute;left:0;right:0;bottom:0;top:0}.wp-block-uagb-image--layout-overlay .wp-block-uagb-image__figure:hover .wp-block-uagb-image--layout-overlay__color-wrapper{opacity:1}.wp-block-uagb-image--layout-overlay__inner{position:absolute;left:15px;right:15px;bottom:15px;top:15px;display:flex;align-items:center;justify-content:center;flex-direction:column;border-color:#fff;transition:0.35s ease-in-out}.wp-block-uagb-image--layout-overlay__inner.top-left,.wp-block-uagb-image--layout-overlay__inner.top-center,.wp-block-uagb-image--layout-overlay__inner.top-right{justify-content:flex-start}.wp-block-uagb-image--layout-overlay__inner.bottom-left,.wp-block-uagb-image--layout-overlay__inner.bottom-center,.wp-block-uagb-image--layout-overlay__inner.bottom-right{justify-content:flex-end}.wp-block-uagb-image--layout-overlay__inner.top-left,.wp-block-uagb-image--layout-overlay__inner.center-left,.wp-block-uagb-image--layout-overlay__inner.bottom-left{align-items:flex-start}.wp-block-uagb-image--layout-overlay__inner.top-right,.wp-block-uagb-image--layout-overlay__inner.center-right,.wp-block-uagb-image--layout-overlay__inner.bottom-right{align-items:flex-end}.wp-block-uagb-image--layout-overlay__inner .uagb-image-heading{color:#fff;transition:transform 0.35s, opacity 0.35s ease-in-out;transform:translate3d(0, 24px, 0);margin:0;line-height:1em}.wp-block-uagb-image--layout-overlay__inner .uagb-image-separator{width:30%;border-top-width:2px;border-top-color:#fff;border-top-style:solid;margin-bottom:10px;opacity:0;transition:transform 0.4s, opacity 0.4s ease-in-out;transform:translate3d(0, 30px, 0)}.wp-block-uagb-image--layout-overlay__inner .uagb-image-caption{opacity:0;overflow:visible;color:#fff;transition:transform 0.45s, opacity 0.45s ease-in-out;transform:translate3d(0, 35px, 0)}.wp-block-uagb-image--layout-overlay__inner:hover .uagb-image-heading,.wp-block-uagb-image--layout-overlay__inner:hover .uagb-image-separator,.wp-block-uagb-image--layout-overlay__inner:hover .uagb-image-caption{opacity:1;transform:translate3d(0, 0, 0)}.wp-block-uagb-image--effect-zoomin .wp-block-uagb-image__figure img,.wp-block-uagb-image--effect-zoomin .wp-block-uagb-image__figure .wp-block-uagb-image--layout-overlay__color-wrapper{transform:scale(1);transition:transform 0.35s ease-in-out}.wp-block-uagb-image--effect-zoomin .wp-block-uagb-image__figure:hover img,.wp-block-uagb-image--effect-zoomin .wp-block-uagb-image__figure:hover .wp-block-uagb-image--layout-overlay__color-wrapper{transform:scale(1.05)}.wp-block-uagb-image--effect-slide .wp-block-uagb-image__figure img,.wp-block-uagb-image--effect-slide .wp-block-uagb-image__figure .wp-block-uagb-image--layout-overlay__color-wrapper{width:calc(100% + 40px) !important;max-width:none !important;transform:translate3d(-40px, 0, 0);transition:transform 0.35s ease-in-out}.wp-block-uagb-image--effect-slide .wp-block-uagb-image__figure:hover img,.wp-block-uagb-image--effect-slide .wp-block-uagb-image__figure:hover .wp-block-uagb-image--layout-overlay__color-wrapper{transform:translate3d(0, 0, 0)}.wp-block-uagb-image--effect-grayscale img{filter:grayscale(0%);transition:0.35s ease-in-out}.wp-block-uagb-image--effect-grayscale:hover img{filter:grayscale(100%)}.wp-block-uagb-image--effect-blur img{filter:blur(0);transition:0.35s ease-in-out}.wp-block-uagb-image--effect-blur:hover img{filter:blur(3px)}\n.uagb-block-e6f939b3.wp-block-uagb-image--layout-default figure img{box-shadow: 0px 0px 0 #00000070;}.uagb-block-e6f939b3.wp-block-uagb-image .wp-block-uagb-image__figure figcaption{font-style: normal;align-self: center;}.uagb-block-e6f939b3.wp-block-uagb-image--layout-overlay figure img{box-shadow: 0px 0px 0 #00000070;}.uagb-block-e6f939b3.wp-block-uagb-image--layout-overlay .wp-block-uagb-image--layout-overlay__color-wrapper{opacity: 0.2;}.uagb-block-e6f939b3.wp-block-uagb-image--layout-overlay .wp-block-uagb-image--layout-overlay__inner{left: 15px;right: 15px;top: 15px;bottom: 15px;}.uagb-block-e6f939b3.wp-block-uagb-image--layout-overlay .wp-block-uagb-image--layout-overlay__inner .uagb-image-heading{font-style: normal;color: #fff;opacity: 1;}.uagb-block-e6f939b3.wp-block-uagb-image--layout-overlay .wp-block-uagb-image--layout-overlay__inner .uagb-image-heading a{color: #fff;}.uagb-block-e6f939b3.wp-block-uagb-image--layout-overlay .wp-block-uagb-image--layout-overlay__inner .uagb-image-caption{opacity: 0;}.uagb-block-e6f939b3.wp-block-uagb-image--layout-overlay .wp-block-uagb-image__figure:hover .wp-block-uagb-image--layout-overlay__color-wrapper{opacity: 1;}.uagb-block-e6f939b3.wp-block-uagb-image .wp-block-uagb-image--layout-overlay__inner .uagb-image-separator{width: 30%;border-top-width: 2px;border-top-color: #fff;opacity: 0;}.uagb-block-e6f939b3.wp-block-uagb-image .wp-block-uagb-image__figure img{width: px;height: auto;}.uagb-block-e6f939b3.wp-block-uagb-image .wp-block-uagb-image__figure:hover .wp-block-uagb-image--layout-overlay__inner .uagb-image-caption{opacity: 1;}.uagb-block-e6f939b3.wp-block-uagb-image .wp-block-uagb-image__figure:hover .wp-block-uagb-image--layout-overlay__inner .uagb-image-separator{opacity: 1;}.uagb-block-e6f939b3.wp-block-uagb-image--layout-default figure:hover img{box-shadow: 0px 0px 0 #00000070;}.uagb-block-e6f939b3.wp-block-uagb-image--layout-overlay figure:hover img{box-shadow: 0px 0px 0 #00000070;}@media only screen and (max-width: 976px) {.uagb-block-e6f939b3.wp-block-uagb-image .wp-block-uagb-image__figure img{width: px;height: auto;}}@media only screen and (max-width: 767px) {.uagb-block-e6f939b3.wp-block-uagb-image .wp-block-uagb-image__figure img{width: px;height: auto;}}\";s:2:\"js\";s:0:\"\";s:18:\"current_block_list\";a:13:{i:0;s:11:\"core\/search\";i:1;s:10:\"core\/group\";i:2;s:12:\"core\/heading\";i:3;s:17:\"core\/latest-posts\";i:4;s:20:\"core\/latest-comments\";i:5;s:13:\"core\/archives\";i:6;s:15:\"core\/categories\";i:7;s:14:\"core\/paragraph\";i:8;s:10:\"uagb\/image\";i:9;s:11:\"core\/spacer\";i:10;s:30:\"woocommerce\/product-categories\";i:11;s:10:\"core\/image\";i:12;s:14:\"core\/shortcode\";}s:8:\"uag_flag\";b:1;s:11:\"uag_version\";s:10:\"1776432420\";s:6:\"gfonts\";a:0:{}s:10:\"gfonts_url\";s:0:\"\";s:12:\"gfonts_files\";a:0:{}s:14:\"uag_faq_layout\";b:0;}"]},"uagb_featured_image_src":{"full":["https:\/\/www.oleaia.com\/wp-content\/uploads\/2025\/07\/Oleaia-Coconut-Oil-mockups5L.png",2560,2560,false],"thumbnail":["https:\/\/www.oleaia.com\/wp-content\/uploads\/2025\/07\/Oleaia-Coconut-Oil-mockups5L-150x150.png",150,150,true],"medium":["https:\/\/www.oleaia.com\/wp-content\/uploads\/2025\/07\/Oleaia-Coconut-Oil-mockups5L-300x300.png",300,300,true],"medium_large":["https:\/\/www.oleaia.com\/wp-content\/uploads\/2025\/07\/Oleaia-Coconut-Oil-mockups5L-768x768.png",768,768,true],"large":["https:\/\/www.oleaia.com\/wp-content\/uploads\/2025\/07\/Oleaia-Coconut-Oil-mockups5L-1024x1024.png",1024,1024,true],"1536x1536":["https:\/\/www.oleaia.com\/wp-content\/uploads\/2025\/07\/Oleaia-Coconut-Oil-mockups5L-1536x1536.png",1536,1536,true],"2048x2048":["https:\/\/www.oleaia.com\/wp-content\/uploads\/2025\/07\/Oleaia-Coconut-Oil-mockups5L-2048x2048.png",2048,2048,true],"trp-custom-language-flag":["https:\/\/www.oleaia.com\/wp-content\/uploads\/2025\/07\/Oleaia-Coconut-Oil-mockups5L-12x12.png",12,12,true],"woocommerce_thumbnail":["https:\/\/www.oleaia.com\/wp-content\/uploads\/2025\/07\/Oleaia-Coconut-Oil-mockups5L-300x300.png",300,300,true],"woocommerce_single":["https:\/\/www.oleaia.com\/wp-content\/uploads\/2025\/07\/Oleaia-Coconut-Oil-mockups5L-600x600.png",600,600,true],"woocommerce_gallery_thumbnail":["https:\/\/www.oleaia.com\/wp-content\/uploads\/2025\/07\/Oleaia-Coconut-Oil-mockups5L-100x100.png",100,100,true]},"uagb_author_info":{"display_name":"admin","author_link":"https:\/\/www.oleaia.com\/hu\/author\/"},"uagb_comment_info":19,"uagb_excerpt":"Unmatched effectiveness for deep nourishment and versatile natural care. Coconut oil is the most effective natural solution for supporting hydrated skin, stronger-looking hair, and overall beauty maintenance. Traditionally valued across many cultures, it helps restore softness, improve the appearance of dryness, and promote a radiant, healthy look when used consistently in skincare and haircare routines.&hellip;","_links":{"self":[{"href":"https:\/\/www.oleaia.com\/hu\/wp-json\/wp\/v2\/product\/23038","targetHints":{"allow":["GET"]}}],"collection":[{"href":"https:\/\/www.oleaia.com\/hu\/wp-json\/wp\/v2\/product"}],"about":[{"href":"https:\/\/www.oleaia.com\/hu\/wp-json\/wp\/v2\/types\/product"}],"replies":[{"embeddable":true,"href":"https:\/\/www.oleaia.com\/hu\/wp-json\/wp\/v2\/comments?post=23038"}],"version-history":[{"count":4,"href":"https:\/\/www.oleaia.com\/hu\/wp-json\/wp\/v2\/product\/23038\/revisions"}],"predecessor-version":[{"id":78235,"href":"https:\/\/www.oleaia.com\/hu\/wp-json\/wp\/v2\/product\/23038\/revisions\/78235"}],"wp:featuredmedia":[{"embeddable":true,"href":"https:\/\/www.oleaia.com\/hu\/wp-json\/wp\/v2\/media\/23039"}],"wp:attachment":[{"href":"https:\/\/www.oleaia.com\/hu\/wp-json\/wp\/v2\/media?parent=23038"}],"wp:term":[{"taxonomy":"product_brand","embeddable":true,"href":"https:\/\/www.oleaia.com\/hu\/wp-json\/wp\/v2\/product_brand?post=23038"},{"taxonomy":"product_cat","embeddable":true,"href":"https:\/\/www.oleaia.com\/hu\/wp-json\/wp\/v2\/product_cat?post=23038"},{"taxonomy":"product_tag","embeddable":true,"href":"https:\/\/www.oleaia.com\/hu\/wp-json\/wp\/v2\/product_tag?post=23038"}],"curies":[{"name":"wp","href":"https:\/\/api.w.org\/{rel}","templated":true}]}}