{"id":23184,"date":"2025-07-26T15:53:46","date_gmt":"2025-07-26T13:53:46","guid":{"rendered":"https:\/\/www.oleaia.com\/?post_type=product&#038;p=23184"},"modified":"2026-03-02T19:55:20","modified_gmt":"2026-03-02T18:55:20","slug":"cleansing-oil","status":"publish","type":"product","link":"https:\/\/www.oleaia.com\/hu\/products\/cleansing-oil\/","title":{"rendered":"Tiszt\u00edt\u00f3 olaj - 1 liter"},"content":{"rendered":"<p><strong><img decoding=\"async\" style=\"margin-right: 12px;\" src=\"https:\/\/www.oleaia.com\/wp-content\/uploads\/2026\/03\/Check.svg\" alt=\"\" width=\"18\" height=\"15\" \/>P\u00e1ratlan hat\u00e9konys\u00e1g a szennyez\u0151d\u00e9sek \u00e9s a smink k\u00edm\u00e9letes felold\u00e1s\u00e1hoz.<\/strong> A tiszt\u00edt\u00f3olaj a leghat\u00e9konyabb term\u00e9szetes megold\u00e1s a smink, a felesleges faggy\u00fa \u00e9s a napi szennyez\u0151d\u00e9sek elt\u00e1vol\u00edt\u00e1s\u00e1ra, mik\u00f6zben meg\u0151rzi a b\u0151r term\u00e9szetes egyens\u00faly\u00e1t. Olaj alap\u00fa formul\u00e1ja harm\u00f3ni\u00e1ban m\u0171k\u00f6dik a b\u0151rrel, seg\u00edt feloldani a maradv\u00e1nyokat an\u00e9lk\u00fcl, hogy elvonn\u00e1 a nedvess\u00e9get, \u00edgy az arcb\u0151r tiszta, puha \u00e9s felfriss\u00fclt lesz minden haszn\u00e1lat ut\u00e1n.<\/p>\n<p><strong><img decoding=\"async\" style=\"margin-right: 12px;\" src=\"https:\/\/www.oleaia.com\/wp-content\/uploads\/2026\/03\/Check.svg\" alt=\"\" width=\"18\" height=\"15\" \/>A legolcs\u00f3bb pr\u00e9mium tiszt\u00edt\u00f3olaj.<\/strong> Mi vagyunk a legolcs\u00f3bbak a piacon, mik\u00f6zben szigor\u00fa min\u0151s\u00e9gi szabv\u00e1nyokat tartunk fenn, \u00edgy kiv\u00e9teles \u00e9rt\u00e9ket biztos\u00edtunk a teljes\u00edtm\u00e9ny vagy a b\u0151rkompatibilit\u00e1s vesz\u00e9lyeztet\u00e9se n\u00e9lk\u00fcl. Ez a megfizethet\u0151s\u00e9g teszi el\u00e9rhet\u0151v\u00e9 a tiszt\u00edt\u00f3olajat a napi haszn\u00e1latra, a k\u00f6vetkezetes b\u0151r\u00e1pol\u00e1si rutin r\u00e9szek\u00e9nt.<\/p>\n<p><strong><img decoding=\"async\" style=\"margin-right: 12px;\" src=\"https:\/\/www.oleaia.com\/wp-content\/uploads\/2026\/03\/Check.svg\" alt=\"\" width=\"18\" height=\"15\" \/>Gyors \u00e9s megb\u00edzhat\u00f3 24 \u00f3r\u00e1s sz\u00e1ll\u00edt\u00e1s.<\/strong> Mindig 24 \u00f3r\u00e1s kisz\u00e1ll\u00edt\u00e1st k\u00edn\u00e1lunk, \u00edgy garant\u00e1ljuk, hogy a tiszt\u00edt\u00f3olaj gyorsan \u00e9s hat\u00e9konyan \u00e9rkezik. A gyors sz\u00e1ll\u00edt\u00e1s biztos\u00edtja a sz\u00e9ps\u00e9g\u00e1pol\u00e1s \u00e9s az \u00f6n\u00e1pol\u00e1s gyakorlat\u00e1nak megszak\u00edt\u00e1s n\u00e9lk\u00fcli folyamatoss\u00e1g\u00e1t.<\/p>\n<p><strong><img decoding=\"async\" style=\"margin-right: 12px;\" src=\"https:\/\/www.oleaia.com\/wp-content\/uploads\/2026\/03\/Check.svg\" alt=\"\" width=\"18\" height=\"15\" \/>P\u00e9nzvisszafizet\u00e9si garancia a teljes megnyugv\u00e1s \u00e9rdek\u00e9ben.<\/strong> P\u00e9nzvisszafizet\u00e9si garanci\u00e1t k\u00edn\u00e1lunk. Ha a v\u00e1s\u00e1rl\u00f3 nem el\u00e9gedett, visszat\u00e9r\u00edtj\u00fck a p\u00e9nz\u00e9t. Ez az \u00e1tl\u00e1that\u00f3 k\u00f6telezetts\u00e9gv\u00e1llal\u00e1s a term\u00e9k min\u0151s\u00e9g\u00e9be vetett bizalmat t\u00fckr\u00f6zi, \u00e9s teljesen kock\u00e1zatmentes v\u00e1s\u00e1rl\u00e1si \u00e9lm\u00e9nyt biztos\u00edt.<\/p>\n<p><strong><img decoding=\"async\" style=\"margin-right: 12px;\" src=\"https:\/\/www.oleaia.com\/wp-content\/uploads\/2026\/03\/Check.svg\" alt=\"\" width=\"18\" height=\"15\" \/>Teljesen organikus a hiteles n\u00f6v\u00e9nyi tiszt\u00edt\u00e1s \u00e9rdek\u00e9ben.<\/strong> Tiszt\u00edt\u00f3olajunk teljes m\u00e9rt\u00e9kben bio, amelyet a k\u00f6rnyezeti felel\u0151ss\u00e9g \u00e9s a n\u00f6v\u00e9nyi integrit\u00e1s gondos tiszteletben tart\u00e1s\u00e1val \u00e1ll\u00edtanak el\u0151. Ez az elk\u00f6telezetts\u00e9g biztos\u00edtja a tiszta sz\u00e9ps\u00e9g \u00e9rt\u00e9kekkel \u00e9s a holisztikus b\u0151r\u00e1pol\u00e1s elveivel val\u00f3 \u00f6sszhangot.<\/p>\n<p><strong><img decoding=\"async\" style=\"margin-right: 12px;\" src=\"https:\/\/www.oleaia.com\/wp-content\/uploads\/2026\/03\/Check.svg\" alt=\"\" width=\"18\" height=\"15\" \/>T\u00e1mogatja a kiegyens\u00falyozott \u00e9s k\u00e9nyelmes b\u0151rt tiszt\u00edt\u00e1s ut\u00e1n.<\/strong> A kem\u00e9ny tiszt\u00edt\u00f3szerekkel ellent\u00e9tben a tiszt\u00edt\u00f3olaj seg\u00edt fenntartani a b\u0151r v\u00e9d\u0151g\u00e1tj\u00e1t, mik\u00f6zben hat\u00e9konyan elt\u00e1vol\u00edtja a szennyez\u0151d\u00e9seket. El\u0151seg\u00edti a sima \u00e9s hidrat\u00e1lt \u00e9rz\u00e9st fesz\u00fcl\u00e9s n\u00e9lk\u00fcl.<\/p>\n<p><strong><img decoding=\"async\" style=\"margin-right: 12px;\" src=\"https:\/\/www.oleaia.com\/wp-content\/uploads\/2026\/03\/Check.svg\" alt=\"\" width=\"18\" height=\"15\" \/>Ide\u00e1lis minden b\u0151rt\u00edpusra, bele\u00e9rtve a sz\u00e1raz \u00e9s \u00e9rz\u00e9keny b\u0151rt is.<\/strong> Gyeng\u00e9d, m\u00e9gis hat\u00e9kony formul\u00e1ja alkalmass\u00e1 teszi az \u00e9rz\u00e9keny b\u0151rre, seg\u00edt cs\u00f6kkenteni a hagyom\u00e1nyos tiszt\u00edt\u00f3szerekkel j\u00e1r\u00f3 sz\u00e1razs\u00e1g vagy irrit\u00e1ci\u00f3 megjelen\u00e9s\u00e9t.<\/p>\n<p><strong><img decoding=\"async\" style=\"margin-right: 12px;\" src=\"https:\/\/www.oleaia.com\/wp-content\/uploads\/2026\/03\/Check.svg\" alt=\"\" width=\"18\" height=\"15\" \/>Jav\u00edtja a tiszt\u00e1bb \u00e9s sim\u00e1bb b\u0151r megjelen\u00e9s\u00e9t.<\/strong> K\u00f6vetkezetes haszn\u00e1lat mellett a tiszt\u00edt\u00f3olaj t\u00e1mogatja a p\u00f3rusok tisztul\u00e1s\u00e1t \u00e9s az egyenletesebbnek t\u0171n\u0151 text\u00far\u00e1t, hozz\u00e1j\u00e1rulva az eg\u00e9szs\u00e9gesebb, ragyog\u00f3bb arcb\u0151rh\u00f6z.<\/p>\n<p><strong><img decoding=\"async\" style=\"margin-right: 12px;\" src=\"https:\/\/www.oleaia.com\/wp-content\/uploads\/2026\/03\/Check.svg\" alt=\"\" width=\"18\" height=\"15\" \/>T\u00f6k\u00e9letes a kett\u0151s tiszt\u00edt\u00e1si rutinhoz.<\/strong> A tiszt\u00edt\u00f3olaj z\u00f6kken\u0151mentesen illeszkedik a struktur\u00e1lt b\u0151r\u00e1pol\u00e1s els\u0151 l\u00e9p\u00e9sek\u00e9nt, el\u0151k\u00e9sz\u00edti a b\u0151rt a k\u00e9s\u0151bbi kezel\u00e9sekre \u00e9s maximaliz\u00e1lja a tov\u00e1bbi term\u00e9kek hat\u00e9konys\u00e1g\u00e1t.<\/p>\n<p><strong><img decoding=\"async\" style=\"margin-right: 12px;\" src=\"https:\/\/www.oleaia.com\/wp-content\/uploads\/2026\/03\/Check.svg\" alt=\"\" width=\"18\" height=\"15\" \/>Hat\u00e9konyan t\u00e1vol\u00edtja el a v\u00edz\u00e1ll\u00f3 sminket \u00e9s a f\u00e9nyv\u00e9d\u0151t.<\/strong> Olaj alap\u00fa jellege t\u00falzott d\u00f6rzs\u00f6l\u00e9s n\u00e9lk\u00fcl oldja fel a tart\u00f3san viselt kozmetikumokat \u00e9s v\u00e9d\u0151term\u00e9keket, t\u00e1mogatva a gyeng\u00e9d, m\u00e9gis alapos tiszt\u00edt\u00e1s \u00e9lm\u00e9ny\u00e9t.<\/p>\n<p><strong><img decoding=\"async\" style=\"margin-right: 12px;\" src=\"https:\/\/www.oleaia.com\/wp-content\/uploads\/2026\/03\/Check.svg\" alt=\"\" width=\"18\" height=\"15\" \/>El\u0151seg\u00edti a nyugtat\u00f3 \u00e9s pihentet\u0151 ritu\u00e1l\u00e9t.<\/strong> A sima text\u00fara \u00e9s a t\u00e1pl\u00e1l\u00f3 \u00e9rz\u00e9s a tiszt\u00edt\u00e1st megnyugtat\u00f3 napi ritu\u00e1l\u00e9v\u00e1 var\u00e1zsolja, fokozva a b\u0151r k\u00e9nyelm\u00e9t \u00e9s az \u00e9rzelmi ellazul\u00e1st.<\/p>\n<p><strong><img decoding=\"async\" style=\"margin-right: 12px;\" src=\"https:\/\/www.oleaia.com\/wp-content\/uploads\/2026\/03\/Check.svg\" alt=\"\" width=\"18\" height=\"15\" \/>M\u00e1r t\u00e1pl\u00e1l\u00f3 olajjal d\u00fas\u00edtva a gyeng\u00e9d alkalmaz\u00e1s \u00e9s az optim\u00e1lis k\u00e9nyelem \u00e9rdek\u00e9ben.<\/strong> Tiszt\u00edt\u00f3olajunkat m\u00e1r t\u00e1pl\u00e1l\u00f3 olajjal d\u00fas\u00edtottuk, hogy biztos\u00edtsuk a gyeng\u00e9d felvitelt, a jobb eloszlathat\u00f3s\u00e1got, az optim\u00e1lis k\u00e9nyelmet \u00e9s a k\u00f6nny\u0171 haszn\u00e1latot. Ez az \u00e1tgondolt formul\u00e1ci\u00f3 fokozza a sikl\u00e1st \u00e9s biztos\u00edtja a k\u00f6nnyed fed\u00e9st a b\u0151r\u00f6n.<\/p>\n<h2><strong>Utas\u00edt\u00e1sok<\/strong><\/h2>\n<ul>\n<li>Vigyen fel 4-6 pump\u00e1nyi vagy cseppet a sz\u00e1raz kez\u00e9re, \u00e9s massz\u00edrozza a sz\u00e1raz arcb\u0151rre.<\/li>\n<li>K\u00f6rk\u00f6r\u00f6s mozdulatokkal gyeng\u00e9den massz\u00edrozza, hogy feloldja a sminket, a naptejet \u00e9s a szennyez\u0151d\u00e9seket.<\/li>\n<li>Az alapos tiszt\u00edt\u00e1s \u00e9rdek\u00e9ben folytassa a massz\u00edroz\u00e1st 1-2 percig.<\/li>\n<li>Adjon hozz\u00e1 egy kis mennyis\u00e9g\u0171 langyos vizet, hogy emulge\u00e1lja az olajat, \u00e9s folytassa a massz\u00edroz\u00e1st.<\/li>\n<li>Alaposan \u00f6bl\u00edtse le langyos v\u00edzzel, am\u00edg a b\u0151rt tiszt\u00e1nak \u00e9s felfriss\u00fcltnek nem \u00e9rzi.<\/li>\n<li>Haszn\u00e1lja naponta egyszer este, vagy sz\u00fcks\u00e9g eset\u00e9n naponta k\u00e9tszer.<\/li>\n<li>K\u00e9tszeres tiszt\u00edt\u00e1shoz k\u00f6vesse gyeng\u00e9d, v\u00edzalap\u00fa tiszt\u00edt\u00f3szerrel.<\/li>\n<li>Ker\u00fclje a szemmel val\u00f3 k\u00f6zvetlen \u00e9rintkez\u00e9st, b\u00e1r \u00f3vatos haszn\u00e1lat eset\u00e9n alkalmas a szemsmink elt\u00e1vol\u00edt\u00e1s\u00e1ra.<\/li>\n<li>Az els\u0151 haszn\u00e1lat el\u0151tt v\u00e9gezzen tapaszpr\u00f3b\u00e1t a b\u0151rrel val\u00f3 kompatibilit\u00e1s felm\u00e9r\u00e9se \u00e9rdek\u00e9ben.<\/li>\n<li>Ne alkalmazza s\u00e9r\u00fclt vagy er\u0151sen irrit\u00e1lt b\u0151rre.<\/li>\n<li>T\u00e1rolja h\u0171v\u00f6s, sz\u00e1raz, k\u00f6zvetlen napf\u00e9nyt\u0151l v\u00e9dett helyen, \u00e9s minden haszn\u00e1lat ut\u00e1n gondoskodjon arr\u00f3l, hogy az \u00fcveget szorosan lez\u00e1rja.<\/li>\n<\/ul>","protected":false},"excerpt":{"rendered":"<p>Unmatched effectiveness for dissolving impurities and makeup gently. Cleansing oil is the most effective natural solution for removing makeup, excess sebum, and daily impurities while preserving the skin\u2019s natural balance. Its oil-based formulation works in harmony with the skin, helping dissolve residue without stripping moisture, leaving the complexion clean, soft, and refreshed after every use. [&hellip;]<\/p>\n","protected":false},"featured_media":23933,"comment_status":"open","ping_status":"closed","template":"","meta":{"_uag_custom_page_level_css":"","site-sidebar-layout":"default","site-content-layout":"","ast-site-content-layout":"default","site-content-style":"default","site-sidebar-style":"default","ast-global-header-display":"","ast-banner-title-visibility":"","ast-main-header-display":"","ast-hfb-above-header-display":"","ast-hfb-below-header-display":"","ast-hfb-mobile-header-display":"","site-post-title":"","ast-breadcrumbs-content":"","ast-featured-img":"","footer-sml-layout":"","ast-disable-related-posts":"","theme-transparent-header-meta":"default","adv-header-id-meta":"","stick-header-meta":"","header-above-stick-meta":"","header-main-stick-meta":"","header-below-stick-meta":"","astra-migrate-meta-layouts":"set","ast-page-background-enabled":"default","ast-page-background-meta":{"desktop":{"background-color":"var(--ast-global-color-4)","background-image":"","background-repeat":"repeat","background-position":"center center","background-size":"auto","background-attachment":"scroll","background-type":"","background-media":"","overlay-type":"","overlay-color":"","overlay-opacity":"","overlay-gradient":""},"tablet":{"background-color":"","background-image":"","background-repeat":"repeat","background-position":"center center","background-size":"auto","background-attachment":"scroll","background-type":"","background-media":"","overlay-type":"","overlay-color":"","overlay-opacity":"","overlay-gradient":""},"mobile":{"background-color":"","background-image":"","background-repeat":"repeat","background-position":"center center","background-size":"auto","background-attachment":"scroll","background-type":"","background-media":"","overlay-type":"","overlay-color":"","overlay-opacity":"","overlay-gradient":""}},"ast-content-background-meta":{"desktop":{"background-color":"var(--ast-global-color-5)","background-image":"","background-repeat":"repeat","background-position":"center center","background-size":"auto","background-attachment":"scroll","background-type":"","background-media":"","overlay-type":"","overlay-color":"","overlay-opacity":"","overlay-gradient":""},"tablet":{"background-color":"var(--ast-global-color-5)","background-image":"","background-repeat":"repeat","background-position":"center center","background-size":"auto","background-attachment":"scroll","background-type":"","background-media":"","overlay-type":"","overlay-color":"","overlay-opacity":"","overlay-gradient":""},"mobile":{"background-color":"var(--ast-global-color-5)","background-image":"","background-repeat":"repeat","background-position":"center center","background-size":"auto","background-attachment":"scroll","background-type":"","background-media":"","overlay-type":"","overlay-color":"","overlay-opacity":"","overlay-gradient":""}}},"product_brand":[],"product_cat":[15],"product_tag":[],"class_list":{"0":"post-23184","1":"product","2":"type-product","3":"status-publish","4":"has-post-thumbnail","6":"product_cat-shop","7":"desktop-align-left","8":"tablet-align-left","9":"mobile-align-left","11":"first","12":"instock","13":"shipping-taxable","14":"purchasable","15":"product-type-simple"},"spectra_custom_meta":{"_edit_lock":["1774616838:1"],"_edit_last":["1"],"merchant-center-availability":["yes"],"merchant-center-category":["6104"],"_thumbnail_id":["23933"],"_wp_page_template":["default"],"_sku":["OLCLEANSINGOIL"],"_global_unique_id":["5056773820968"],"_regular_price":["29.90"],"total_sales":["0"],"_tax_status":["taxable"],"_tax_class":[""],"_manage_stock":["no"],"_backorders":["no"],"_sold_individually":["no"],"_weight":["1.3"],"_virtual":["no"],"_downloadable":["no"],"_download_limit":["-1"],"_download_expiry":["-1"],"_stock":[null],"_stock_status":["instock"],"_wc_average_rating":["5.00"],"_wc_review_count":["20"],"_product_version":["10.5.2"],"_price":["29.90"],"site-sidebar-layout":["default"],"ast-site-content-layout":["default"],"site-content-style":["default"],"site-sidebar-style":["default"],"theme-transparent-header-meta":["default"],"_wc_rating_count":["a:1:{i:5;i:20;}"],"astra-migrate-meta-layouts":["set"],"_uag_css_file_name":["uag-css-23184.css"],"_elementor_page_assets":["a:0:{}"],"_uag_page_assets":["a:9:{s:3:\"css\";s:7156:\".uag-blocks-common-selector{z-index:var(--z-index-desktop) !important}@media (max-width: 976px){.uag-blocks-common-selector{z-index:var(--z-index-tablet) !important}}@media (max-width: 767px){.uag-blocks-common-selector{z-index:var(--z-index-mobile) !important}}\n.wp-block-uagb-image{display:flex}.wp-block-uagb-image__figure{position:relative;display:flex;flex-direction:column;max-width:100%;height:auto;margin:0}.wp-block-uagb-image__figure img{height:auto;display:flex;max-width:100%;transition:box-shadow 0.2s ease}.wp-block-uagb-image__figure>a{display:inline-block}.wp-block-uagb-image__figure figcaption{text-align:center;margin-top:0.5em;margin-bottom:1em}.wp-block-uagb-image .components-placeholder.block-editor-media-placeholder .components-placeholder__instructions{align-self:center}.wp-block-uagb-image--align-left{text-align:left}.wp-block-uagb-image--align-right{text-align:right}.wp-block-uagb-image--align-center{text-align:center}.wp-block-uagb-image--align-full .wp-block-uagb-image__figure{margin-left:calc(50% - 50vw);margin-right:calc(50% - 50vw);max-width:100vw;width:100vw;height:auto}.wp-block-uagb-image--align-full .wp-block-uagb-image__figure img{height:auto;width:100% !important}.wp-block-uagb-image--align-wide .wp-block-uagb-image__figure img{height:auto;width:100%}.wp-block-uagb-image--layout-overlay__color-wrapper{position:absolute;left:0;top:0;right:0;bottom:0;opacity:0.2;background:rgba(0,0,0,0.5);transition:opacity 0.35s ease-in-out}.wp-block-uagb-image--layout-overlay-link{position:absolute;left:0;right:0;bottom:0;top:0}.wp-block-uagb-image--layout-overlay .wp-block-uagb-image__figure:hover .wp-block-uagb-image--layout-overlay__color-wrapper{opacity:1}.wp-block-uagb-image--layout-overlay__inner{position:absolute;left:15px;right:15px;bottom:15px;top:15px;display:flex;align-items:center;justify-content:center;flex-direction:column;border-color:#fff;transition:0.35s ease-in-out}.wp-block-uagb-image--layout-overlay__inner.top-left,.wp-block-uagb-image--layout-overlay__inner.top-center,.wp-block-uagb-image--layout-overlay__inner.top-right{justify-content:flex-start}.wp-block-uagb-image--layout-overlay__inner.bottom-left,.wp-block-uagb-image--layout-overlay__inner.bottom-center,.wp-block-uagb-image--layout-overlay__inner.bottom-right{justify-content:flex-end}.wp-block-uagb-image--layout-overlay__inner.top-left,.wp-block-uagb-image--layout-overlay__inner.center-left,.wp-block-uagb-image--layout-overlay__inner.bottom-left{align-items:flex-start}.wp-block-uagb-image--layout-overlay__inner.top-right,.wp-block-uagb-image--layout-overlay__inner.center-right,.wp-block-uagb-image--layout-overlay__inner.bottom-right{align-items:flex-end}.wp-block-uagb-image--layout-overlay__inner .uagb-image-heading{color:#fff;transition:transform 0.35s, opacity 0.35s ease-in-out;transform:translate3d(0, 24px, 0);margin:0;line-height:1em}.wp-block-uagb-image--layout-overlay__inner .uagb-image-separator{width:30%;border-top-width:2px;border-top-color:#fff;border-top-style:solid;margin-bottom:10px;opacity:0;transition:transform 0.4s, opacity 0.4s ease-in-out;transform:translate3d(0, 30px, 0)}.wp-block-uagb-image--layout-overlay__inner .uagb-image-caption{opacity:0;overflow:visible;color:#fff;transition:transform 0.45s, opacity 0.45s ease-in-out;transform:translate3d(0, 35px, 0)}.wp-block-uagb-image--layout-overlay__inner:hover .uagb-image-heading,.wp-block-uagb-image--layout-overlay__inner:hover .uagb-image-separator,.wp-block-uagb-image--layout-overlay__inner:hover .uagb-image-caption{opacity:1;transform:translate3d(0, 0, 0)}.wp-block-uagb-image--effect-zoomin .wp-block-uagb-image__figure img,.wp-block-uagb-image--effect-zoomin .wp-block-uagb-image__figure .wp-block-uagb-image--layout-overlay__color-wrapper{transform:scale(1);transition:transform 0.35s ease-in-out}.wp-block-uagb-image--effect-zoomin .wp-block-uagb-image__figure:hover img,.wp-block-uagb-image--effect-zoomin .wp-block-uagb-image__figure:hover .wp-block-uagb-image--layout-overlay__color-wrapper{transform:scale(1.05)}.wp-block-uagb-image--effect-slide .wp-block-uagb-image__figure img,.wp-block-uagb-image--effect-slide .wp-block-uagb-image__figure .wp-block-uagb-image--layout-overlay__color-wrapper{width:calc(100% + 40px) !important;max-width:none !important;transform:translate3d(-40px, 0, 0);transition:transform 0.35s ease-in-out}.wp-block-uagb-image--effect-slide .wp-block-uagb-image__figure:hover img,.wp-block-uagb-image--effect-slide .wp-block-uagb-image__figure:hover .wp-block-uagb-image--layout-overlay__color-wrapper{transform:translate3d(0, 0, 0)}.wp-block-uagb-image--effect-grayscale img{filter:grayscale(0%);transition:0.35s ease-in-out}.wp-block-uagb-image--effect-grayscale:hover img{filter:grayscale(100%)}.wp-block-uagb-image--effect-blur img{filter:blur(0);transition:0.35s ease-in-out}.wp-block-uagb-image--effect-blur:hover img{filter:blur(3px)}\n.uagb-block-e6f939b3.wp-block-uagb-image--layout-default figure img{box-shadow: 0px 0px 0 #00000070;}.uagb-block-e6f939b3.wp-block-uagb-image .wp-block-uagb-image__figure figcaption{font-style: normal;align-self: center;}.uagb-block-e6f939b3.wp-block-uagb-image--layout-overlay figure img{box-shadow: 0px 0px 0 #00000070;}.uagb-block-e6f939b3.wp-block-uagb-image--layout-overlay .wp-block-uagb-image--layout-overlay__color-wrapper{opacity: 0.2;}.uagb-block-e6f939b3.wp-block-uagb-image--layout-overlay .wp-block-uagb-image--layout-overlay__inner{left: 15px;right: 15px;top: 15px;bottom: 15px;}.uagb-block-e6f939b3.wp-block-uagb-image--layout-overlay .wp-block-uagb-image--layout-overlay__inner .uagb-image-heading{font-style: normal;color: #fff;opacity: 1;}.uagb-block-e6f939b3.wp-block-uagb-image--layout-overlay .wp-block-uagb-image--layout-overlay__inner .uagb-image-heading a{color: #fff;}.uagb-block-e6f939b3.wp-block-uagb-image--layout-overlay .wp-block-uagb-image--layout-overlay__inner .uagb-image-caption{opacity: 0;}.uagb-block-e6f939b3.wp-block-uagb-image--layout-overlay .wp-block-uagb-image__figure:hover .wp-block-uagb-image--layout-overlay__color-wrapper{opacity: 1;}.uagb-block-e6f939b3.wp-block-uagb-image .wp-block-uagb-image--layout-overlay__inner .uagb-image-separator{width: 30%;border-top-width: 2px;border-top-color: #fff;opacity: 0;}.uagb-block-e6f939b3.wp-block-uagb-image .wp-block-uagb-image__figure img{width: px;height: auto;}.uagb-block-e6f939b3.wp-block-uagb-image .wp-block-uagb-image__figure:hover .wp-block-uagb-image--layout-overlay__inner .uagb-image-caption{opacity: 1;}.uagb-block-e6f939b3.wp-block-uagb-image .wp-block-uagb-image__figure:hover .wp-block-uagb-image--layout-overlay__inner .uagb-image-separator{opacity: 1;}.uagb-block-e6f939b3.wp-block-uagb-image--layout-default figure:hover img{box-shadow: 0px 0px 0 #00000070;}.uagb-block-e6f939b3.wp-block-uagb-image--layout-overlay figure:hover img{box-shadow: 0px 0px 0 #00000070;}@media only screen and (max-width: 976px) {.uagb-block-e6f939b3.wp-block-uagb-image .wp-block-uagb-image__figure img{width: px;height: auto;}}@media only screen and (max-width: 767px) {.uagb-block-e6f939b3.wp-block-uagb-image .wp-block-uagb-image__figure img{width: px;height: auto;}}\";s:2:\"js\";s:0:\"\";s:18:\"current_block_list\";a:13:{i:0;s:11:\"core\/search\";i:1;s:10:\"core\/group\";i:2;s:12:\"core\/heading\";i:3;s:17:\"core\/latest-posts\";i:4;s:20:\"core\/latest-comments\";i:5;s:13:\"core\/archives\";i:6;s:15:\"core\/categories\";i:7;s:14:\"core\/paragraph\";i:8;s:10:\"uagb\/image\";i:9;s:11:\"core\/spacer\";i:10;s:30:\"woocommerce\/product-categories\";i:11;s:10:\"core\/image\";i:12;s:14:\"core\/shortcode\";}s:8:\"uag_flag\";b:1;s:11:\"uag_version\";s:10:\"1776347771\";s:6:\"gfonts\";a:0:{}s:10:\"gfonts_url\";s:0:\"\";s:12:\"gfonts_files\";a:0:{}s:14:\"uag_faq_layout\";b:0;}"]},"uagb_featured_image_src":{"full":["https:\/\/www.oleaia.com\/wp-content\/uploads\/2025\/07\/Oleaia-Cleansing-Oil-1L.jpg",2560,2560,false],"thumbnail":["https:\/\/www.oleaia.com\/wp-content\/uploads\/2025\/07\/Oleaia-Cleansing-Oil-1L-150x150.jpg",150,150,true],"medium":["https:\/\/www.oleaia.com\/wp-content\/uploads\/2025\/07\/Oleaia-Cleansing-Oil-1L-300x300.jpg",300,300,true],"medium_large":["https:\/\/www.oleaia.com\/wp-content\/uploads\/2025\/07\/Oleaia-Cleansing-Oil-1L-768x768.jpg",768,768,true],"large":["https:\/\/www.oleaia.com\/wp-content\/uploads\/2025\/07\/Oleaia-Cleansing-Oil-1L-1024x1024.jpg",1024,1024,true],"1536x1536":["https:\/\/www.oleaia.com\/wp-content\/uploads\/2025\/07\/Oleaia-Cleansing-Oil-1L-1536x1536.jpg",1536,1536,true],"2048x2048":["https:\/\/www.oleaia.com\/wp-content\/uploads\/2025\/07\/Oleaia-Cleansing-Oil-1L-2048x2048.jpg",2048,2048,true],"trp-custom-language-flag":["https:\/\/www.oleaia.com\/wp-content\/uploads\/2025\/07\/Oleaia-Cleansing-Oil-1L-12x12.jpg",12,12,true],"woocommerce_thumbnail":["https:\/\/www.oleaia.com\/wp-content\/uploads\/2025\/07\/Oleaia-Cleansing-Oil-1L-300x300.jpg",300,300,true],"woocommerce_single":["https:\/\/www.oleaia.com\/wp-content\/uploads\/2025\/07\/Oleaia-Cleansing-Oil-1L-600x600.jpg",600,600,true],"woocommerce_gallery_thumbnail":["https:\/\/www.oleaia.com\/wp-content\/uploads\/2025\/07\/Oleaia-Cleansing-Oil-1L-100x100.jpg",100,100,true]},"uagb_author_info":{"display_name":"admin","author_link":"https:\/\/www.oleaia.com\/hu\/author\/"},"uagb_comment_info":20,"uagb_excerpt":"Unmatched effectiveness for dissolving impurities and makeup gently. Cleansing oil is the most effective natural solution for removing makeup, excess sebum, and daily impurities while preserving the skin\u2019s natural balance. Its oil-based formulation works in harmony with the skin, helping dissolve residue without stripping moisture, leaving the complexion clean, soft, and refreshed after every use.&hellip;","_links":{"self":[{"href":"https:\/\/www.oleaia.com\/hu\/wp-json\/wp\/v2\/product\/23184","targetHints":{"allow":["GET"]}}],"collection":[{"href":"https:\/\/www.oleaia.com\/hu\/wp-json\/wp\/v2\/product"}],"about":[{"href":"https:\/\/www.oleaia.com\/hu\/wp-json\/wp\/v2\/types\/product"}],"replies":[{"embeddable":true,"href":"https:\/\/www.oleaia.com\/hu\/wp-json\/wp\/v2\/comments?post=23184"}],"version-history":[{"count":4,"href":"https:\/\/www.oleaia.com\/hu\/wp-json\/wp\/v2\/product\/23184\/revisions"}],"predecessor-version":[{"id":78063,"href":"https:\/\/www.oleaia.com\/hu\/wp-json\/wp\/v2\/product\/23184\/revisions\/78063"}],"wp:featuredmedia":[{"embeddable":true,"href":"https:\/\/www.oleaia.com\/hu\/wp-json\/wp\/v2\/media\/23933"}],"wp:attachment":[{"href":"https:\/\/www.oleaia.com\/hu\/wp-json\/wp\/v2\/media?parent=23184"}],"wp:term":[{"taxonomy":"product_brand","embeddable":true,"href":"https:\/\/www.oleaia.com\/hu\/wp-json\/wp\/v2\/product_brand?post=23184"},{"taxonomy":"product_cat","embeddable":true,"href":"https:\/\/www.oleaia.com\/hu\/wp-json\/wp\/v2\/product_cat?post=23184"},{"taxonomy":"product_tag","embeddable":true,"href":"https:\/\/www.oleaia.com\/hu\/wp-json\/wp\/v2\/product_tag?post=23184"}],"curies":[{"name":"wp","href":"https:\/\/api.w.org\/{rel}","templated":true}]}}