{"id":23234,"date":"2025-07-27T18:35:51","date_gmt":"2025-07-27T16:35:51","guid":{"rendered":"https:\/\/www.oleaia.com\/?post_type=product&#038;p=23234"},"modified":"2026-03-27T11:33:05","modified_gmt":"2026-03-27T10:33:05","slug":"ravintsara-oil","status":"publish","type":"product","link":"https:\/\/www.oleaia.com\/hu\/products\/ravintsara-oil\/","title":{"rendered":"Ravintsara olaj - 1 liter"},"content":{"rendered":"<p><strong><img decoding=\"async\" style=\"margin-right: 12px;\" src=\"https:\/\/www.oleaia.com\/wp-content\/uploads\/2026\/03\/Check.svg\" alt=\"\" width=\"18\" height=\"15\" \/>P\u00e1ratlan hat\u00e9konys\u00e1g az immunrendszer t\u00e1mogat\u00e1s\u00e1ra \u00e9s a l\u00e9gz\u0151szervi komfort\u00e9rzet jav\u00edt\u00e1s\u00e1ra.<\/strong> A Ravintsara olaj a leghat\u00e9konyabb term\u00e9szetes megold\u00e1s a szervezet term\u00e9szetes v\u00e9dekez\u0151k\u00e9pess\u00e9g\u00e9nek er\u0151s\u00edt\u00e9s\u00e9re, a l\u00e9gz\u00e9s megk\u00f6nny\u00edt\u00e9s\u00e9re \u00e9s az \u00e1ltal\u00e1nos vitalit\u00e1s fokoz\u00e1s\u00e1ra. A gy\u00f3gyn\u00f6v\u00e9ny- \u00e9s aromater\u00e1pi\u00e1s gyakorlatokban hagyom\u00e1nyosan nagyra becs\u00fclt olaj seg\u00edt t\u00e1mogatni a szezon\u00e1lis j\u00f3l\u00e9tet, fenntartani a tiszta l\u00e9gz\u00e9s\u00e9rzetet, \u00e9s k\u00f6vetkezetes haszn\u00e1lat\u00e1val hozz\u00e1j\u00e1rul a felfriss\u00fclt, rugalmas \u00e1llapothoz.<\/p>\n<p><strong><img decoding=\"async\" style=\"margin-right: 12px;\" src=\"https:\/\/www.oleaia.com\/wp-content\/uploads\/2026\/03\/Check.svg\" alt=\"\" width=\"18\" height=\"15\" \/>A legolcs\u00f3bb pr\u00e9mium ravintsara olaj.<\/strong> Mi vagyunk a legolcs\u00f3bbak a piacon, mik\u00f6zben szigor\u00fa min\u0151s\u00e9gi szabv\u00e1nyokat tartunk fenn, \u00edgy kiv\u00e9teles \u00e9rt\u00e9ket biztos\u00edtunk a tisztas\u00e1g \u00e9s a hat\u00e9konys\u00e1g vesz\u00e9lyeztet\u00e9se n\u00e9lk\u00fcl. Ez a megfizethet\u0151s\u00e9g lehet\u0151v\u00e9 teszi, hogy a ravintsara olajat naponta haszn\u00e1ljuk a wellness, az aromater\u00e1pia \u00e9s a test\u00e1pol\u00e1si rutinok sor\u00e1n.<\/p>\n<p><strong><img decoding=\"async\" style=\"margin-right: 12px;\" src=\"https:\/\/www.oleaia.com\/wp-content\/uploads\/2026\/03\/Check.svg\" alt=\"\" width=\"18\" height=\"15\" \/>Gyors \u00e9s megb\u00edzhat\u00f3 24 \u00f3r\u00e1s sz\u00e1ll\u00edt\u00e1s.<\/strong> Mindig 24 \u00f3r\u00e1s kisz\u00e1ll\u00edt\u00e1st k\u00edn\u00e1lunk, garant\u00e1lva, hogy a ravintsara olaj gyorsan \u00e9s hat\u00e9konyan \u00e9rkezik. A gyors sz\u00e1ll\u00edt\u00e1s biztos\u00edtja a megszak\u00edt\u00e1s n\u00e9lk\u00fcli folyamatoss\u00e1got az eg\u00e9szs\u00e9gk\u00f6zpont\u00fa \u00e9s szezon\u00e1lis \u00e1pol\u00e1si gyakorlatokban.<\/p>\n<p><strong><img decoding=\"async\" style=\"margin-right: 12px;\" src=\"https:\/\/www.oleaia.com\/wp-content\/uploads\/2026\/03\/Check.svg\" alt=\"\" width=\"18\" height=\"15\" \/>P\u00e9nzvisszafizet\u00e9si garancia a teljes megnyugv\u00e1s \u00e9rdek\u00e9ben.<\/strong> P\u00e9nzvisszafizet\u00e9si garanci\u00e1t k\u00edn\u00e1lunk. Ha a v\u00e1s\u00e1rl\u00f3 nem el\u00e9gedett, visszat\u00e9r\u00edtj\u00fck a p\u00e9nz\u00e9t. Ez az \u00e1tl\u00e1that\u00f3 k\u00f6telezetts\u00e9gv\u00e1llal\u00e1s a term\u00e9k min\u0151s\u00e9g\u00e9be vetett bizalmat t\u00fckr\u00f6zi, \u00e9s teljesen kock\u00e1zatmentes v\u00e1s\u00e1rl\u00e1si \u00e9lm\u00e9nyt biztos\u00edt.<\/p>\n<p><strong><img decoding=\"async\" style=\"margin-right: 12px;\" src=\"https:\/\/www.oleaia.com\/wp-content\/uploads\/2026\/03\/Check.svg\" alt=\"\" width=\"18\" height=\"15\" \/>Teljesen bio az autentikus botanikai wellness\u00e9rt.<\/strong> A ravintsara olajunk teljes m\u00e9rt\u00e9kben bio, amelyet a k\u00f6rnyezeti felel\u0151ss\u00e9g \u00e9s a n\u00f6v\u00e9ny integrit\u00e1s\u00e1nak gondos tiszteletben tart\u00e1s\u00e1val \u00e1ll\u00edtanak el\u0151. Ez az elk\u00f6telezetts\u00e9g biztos\u00edtja a term\u00e9szetes wellness hagyom\u00e1nyokkal \u00e9s a tiszta \u00e9letm\u00f3d elveivel val\u00f3 \u00f6sszhangot.<\/p>\n<p><strong><img decoding=\"async\" style=\"margin-right: 12px;\" src=\"https:\/\/www.oleaia.com\/wp-content\/uploads\/2026\/03\/Check.svg\" alt=\"\" width=\"18\" height=\"15\" \/>T\u00e1mogatja az immunrendszer egyens\u00faly\u00e1t \u00e9s a term\u00e9szetes v\u00e9dekez\u00e9st.<\/strong> A Ravintsara olajat sz\u00e9les k\u00f6rben \u00e9rt\u00e9kelik, mert seg\u00edt fenntartani a szervezet rugalmass\u00e1g\u00e1t, k\u00fcl\u00f6n\u00f6sen a f\u00e1radts\u00e1g vagy az \u00e9vszakv\u00e1lt\u00e1s id\u0151szak\u00e1ban.<\/p>\n<p><strong><img decoding=\"async\" style=\"margin-right: 12px;\" src=\"https:\/\/www.oleaia.com\/wp-content\/uploads\/2026\/03\/Check.svg\" alt=\"\" width=\"18\" height=\"15\" \/>El\u0151seg\u00edti a l\u00e9gz\u0151szervek frissess\u00e9g\u00e9t \u00e9s a tiszta l\u00e9gz\u00e9s \u00e9rz\u00e9s\u00e9t.<\/strong> Friss, enyh\u00e9n k\u00e1mforos arom\u00e1ja aromater\u00e1pi\u00e1s rutinokban haszn\u00e1lva seg\u00edti a k\u00e9nyelmes l\u00e9gz\u00e9st.<\/p>\n<p><strong><img decoding=\"async\" style=\"margin-right: 12px;\" src=\"https:\/\/www.oleaia.com\/wp-content\/uploads\/2026\/03\/Check.svg\" alt=\"\" width=\"18\" height=\"15\" \/>\u00d6szt\u00f6nzi az \u00e1ltal\u00e1nos vitalit\u00e1st \u00e9s cs\u00f6kkenti a f\u00e1radts\u00e1g\u00e9rzetet.<\/strong> Rendszeres haszn\u00e1lat\u00e1val a ravintsara olaj hozz\u00e1j\u00e1rul a meg\u00fajult energia \u00e9s a fizikai egyens\u00faly \u00e9rz\u00e9s\u00e9hez.<\/p>\n<p><strong><img decoding=\"async\" style=\"margin-right: 12px;\" src=\"https:\/\/www.oleaia.com\/wp-content\/uploads\/2026\/03\/Check.svg\" alt=\"\" width=\"18\" height=\"15\" \/>Fokozza a relax\u00e1ci\u00f3t, mik\u00f6zben fenntartja a ment\u00e1lis tisztas\u00e1got.<\/strong> Egyed\u00fcl\u00e1ll\u00f3 aromaprofilja seg\u00edt megnyugtatni az elm\u00e9t an\u00e9lk\u00fcl, hogy elnehez\u00edten\u00e9, t\u00e1mogatva a relax\u00e1ci\u00f3t \u00e9s az \u00f6sszpontos\u00edt\u00e1st.<\/p>\n<p><strong><img decoding=\"async\" style=\"margin-right: 12px;\" src=\"https:\/\/www.oleaia.com\/wp-content\/uploads\/2026\/03\/Check.svg\" alt=\"\" width=\"18\" height=\"15\" \/>T\u00e1mogatja a k\u00f6rnyezeti stressznek kitett b\u0151r nyugtat\u00f3 \u00e1pol\u00e1s\u00e1t.<\/strong> Megfelel\u0151 h\u00edg\u00edt\u00e1sban helyileg alkalmazva seg\u00edt fenntartani a b\u0151r komfort\u00e9rzet\u00e9t \u00e9s hozz\u00e1j\u00e1rul a kiegyens\u00falyozott megjelen\u00e9shez.<\/p>\n<p><strong><img decoding=\"async\" style=\"margin-right: 12px;\" src=\"https:\/\/www.oleaia.com\/wp-content\/uploads\/2026\/03\/Check.svg\" alt=\"\" width=\"18\" height=\"15\" \/>El\u0151seg\u00edti a tiszt\u00edt\u00e1st \u00e9s a friss belt\u00e9ri k\u00f6rnyezetet.<\/strong> A Ravintsara olaj ide\u00e1lis diff\u00fazi\u00f3ra, seg\u00edt fenntartani a tiszta, \u00e9l\u00e9nk\u00edt\u0151 l\u00e9gk\u00f6rt a lak\u00f3terekben.<\/p>\n<p><strong><img decoding=\"async\" style=\"margin-right: 12px;\" src=\"https:\/\/www.oleaia.com\/wp-content\/uploads\/2026\/03\/Check.svg\" alt=\"\" width=\"18\" height=\"15\" \/>Ide\u00e1lis szezon\u00e1lis wellnesshez, aromater\u00e1pi\u00e1hoz \u00e9s regener\u00e1l\u00f3d\u00e1si rutinokhoz.<\/strong> A Ravintsara olaj k\u00fcl\u00f6n\u00f6sen alkalmas olyan id\u0151szakokban, amikor fokozottan sz\u00fcks\u00e9g van az energia, a l\u00e9gz\u00e9s komfort\u00e9rzet\u00e9nek \u00e9s egyens\u00faly\u00e1nak t\u00e1mogat\u00e1s\u00e1ra.<\/p>\n<p><strong><img decoding=\"async\" style=\"margin-right: 12px;\" src=\"https:\/\/www.oleaia.com\/wp-content\/uploads\/2026\/03\/Check.svg\" alt=\"\" width=\"18\" height=\"15\" \/>Sokoldal\u00faan alkalmazhat\u00f3 helyi haszn\u00e1latra (h\u00edg\u00edtva), aromater\u00e1pi\u00e1ra \u00e9s struktur\u00e1lt wellness rutinokhoz.<\/strong> A Ravintsara olaj z\u00f6kken\u0151mentesen illeszkedik az \u00e1tfog\u00f3 test\u00e1pol\u00e1si gyakorlatokba.<\/p>\n<p><strong><img decoding=\"async\" style=\"margin-right: 12px;\" src=\"https:\/\/www.oleaia.com\/wp-content\/uploads\/2026\/03\/Check.svg\" alt=\"\" width=\"18\" height=\"15\" \/>M\u00e1r t\u00e1pl\u00e1l\u00f3 olajjal d\u00fas\u00edtva a gyeng\u00e9d alkalmaz\u00e1s \u00e9s az optim\u00e1lis k\u00e9nyelem \u00e9rdek\u00e9ben.<\/strong> Ravintsara olajunkat m\u00e1r t\u00e1pl\u00e1l\u00f3 olajjal d\u00fas\u00edtottuk, hogy biztos\u00edtsuk az ellen\u0151rz\u00f6tt intenzit\u00e1st, a jobb eloszlathat\u00f3s\u00e1got, az optim\u00e1lis k\u00e9nyelmet \u00e9s a k\u00f6nny\u0171 haszn\u00e1latot. Ez az \u00e1tgondolt \u00f6sszet\u00e9tel lehet\u0151v\u00e9 teszi a biztons\u00e1gos \u00e9s kellemes alkalmaz\u00e1st a b\u0151r\u00f6n.<\/p>\n<h2><strong>Utas\u00edt\u00e1sok<\/strong><\/h2>\n<ul>\n<li>Arom\u00e1s haszn\u00e1lat eset\u00e9n 3-5 cseppet adjon v\u00edzzel t\u00f6lt\u00f6tt diff\u00fazorba, \u00e9s 15-30 percig diff\u00fazorozza.<\/li>\n<li>L\u00e9gz\u00e9sk\u00f6nny\u00edt\u00e9s c\u00e9lj\u00e1b\u00f3l diff\u00fazion\u00e1lja j\u00f3l szell\u0151z\u0151 helyis\u00e9gben, vagy alkalmazzon 1 cseppet (h\u00edg\u00edtva) a mellkas ter\u00fclet\u00e9re.<\/li>\n<li>Helyi alkalmaz\u00e1s eset\u00e9n alkalmaz\u00e1s el\u0151tt h\u00edg\u00edtsa fel, \u00e9s vigyen fel 1-3 cseppet a c\u00e9lzott ter\u00fcletekre, p\u00e9ld\u00e1ul a mellkasra, a h\u00e1tra vagy a l\u00e1bakra.<\/li>\n<li>Haszn\u00e1lja naponta egyszer vagy k\u00e9tszer, egy\u00e9ni ig\u00e9nyekt\u0151l f\u00fcgg\u0151en.<\/li>\n<li>Wellness rutinok eset\u00e9n alkalmazza szezon\u00e1lis v\u00e1ltoz\u00e1sok vagy f\u00e1radts\u00e1gos id\u0151szakok idej\u00e9n.<\/li>\n<li>A helyi alkalmaz\u00e1sra aj\u00e1nlott maxim\u00e1lis napi adag k\u00f6r\u00fclbel\u00fcl 4-5 h\u00edg\u00edtott csepp.<\/li>\n<li>Az els\u0151 haszn\u00e1lat el\u0151tt v\u00e9gezzen tapaszpr\u00f3b\u00e1t a b\u0151rrel val\u00f3 kompatibilit\u00e1s felm\u00e9r\u00e9se \u00e9rdek\u00e9ben.<\/li>\n<li>Ker\u00fclje a szemmel, ny\u00e1lkah\u00e1rty\u00e1val \u00e9s \u00e9rz\u00e9keny ter\u00fcletekkel val\u00f3 \u00e9rintkez\u00e9st.<\/li>\n<li>Ne alkalmazza irrit\u00e1lt vagy s\u00e9r\u00fclt b\u0151r\u00f6n.<\/li>\n<li>Terhess\u00e9g, szoptat\u00e1s vagy kisgyermekek sz\u00e1m\u00e1ra szakmai tan\u00e1csad\u00e1s n\u00e9lk\u00fcl nem aj\u00e1nlott.<\/li>\n<li>Akt\u00edv jellege miatt m\u00e9rs\u00e9kelt mennyis\u00e9gben haszn\u00e1ljuk.<\/li>\n<li>T\u00e1rolja h\u0171v\u00f6s, sz\u00e1raz, k\u00f6zvetlen napf\u00e9nyt\u0151l v\u00e9dett helyen, \u00e9s minden haszn\u00e1lat ut\u00e1n tartsa szorosan lez\u00e1rva az \u00fcveget.<\/li>\n<\/ul>","protected":false},"excerpt":{"rendered":"<p>Unmatched effectiveness for immune support and respiratory comfort. Ravintsara oil is the most effective natural solution for strengthening the body\u2019s natural defenses, promoting respiratory ease, and enhancing overall vitality. Traditionally valued in herbal and aromatherapy practices, it helps support seasonal wellness, maintain clear breathing sensations, and contribute to a refreshed, resilient state with consistent use. [&hellip;]<\/p>\n","protected":false},"featured_media":23924,"comment_status":"open","ping_status":"closed","template":"","meta":{"_uag_custom_page_level_css":"","site-sidebar-layout":"default","site-content-layout":"","ast-site-content-layout":"default","site-content-style":"default","site-sidebar-style":"default","ast-global-header-display":"","ast-banner-title-visibility":"","ast-main-header-display":"","ast-hfb-above-header-display":"","ast-hfb-below-header-display":"","ast-hfb-mobile-header-display":"","site-post-title":"","ast-breadcrumbs-content":"","ast-featured-img":"","footer-sml-layout":"","ast-disable-related-posts":"","theme-transparent-header-meta":"default","adv-header-id-meta":"","stick-header-meta":"","header-above-stick-meta":"","header-main-stick-meta":"","header-below-stick-meta":"","astra-migrate-meta-layouts":"set","ast-page-background-enabled":"default","ast-page-background-meta":{"desktop":{"background-color":"var(--ast-global-color-4)","background-image":"","background-repeat":"repeat","background-position":"center center","background-size":"auto","background-attachment":"scroll","background-type":"","background-media":"","overlay-type":"","overlay-color":"","overlay-opacity":"","overlay-gradient":""},"tablet":{"background-color":"","background-image":"","background-repeat":"repeat","background-position":"center center","background-size":"auto","background-attachment":"scroll","background-type":"","background-media":"","overlay-type":"","overlay-color":"","overlay-opacity":"","overlay-gradient":""},"mobile":{"background-color":"","background-image":"","background-repeat":"repeat","background-position":"center center","background-size":"auto","background-attachment":"scroll","background-type":"","background-media":"","overlay-type":"","overlay-color":"","overlay-opacity":"","overlay-gradient":""}},"ast-content-background-meta":{"desktop":{"background-color":"var(--ast-global-color-5)","background-image":"","background-repeat":"repeat","background-position":"center center","background-size":"auto","background-attachment":"scroll","background-type":"","background-media":"","overlay-type":"","overlay-color":"","overlay-opacity":"","overlay-gradient":""},"tablet":{"background-color":"var(--ast-global-color-5)","background-image":"","background-repeat":"repeat","background-position":"center center","background-size":"auto","background-attachment":"scroll","background-type":"","background-media":"","overlay-type":"","overlay-color":"","overlay-opacity":"","overlay-gradient":""},"mobile":{"background-color":"var(--ast-global-color-5)","background-image":"","background-repeat":"repeat","background-position":"center center","background-size":"auto","background-attachment":"scroll","background-type":"","background-media":"","overlay-type":"","overlay-color":"","overlay-opacity":"","overlay-gradient":""}}},"product_brand":[],"product_cat":[15],"product_tag":[],"class_list":{"0":"post-23234","1":"product","2":"type-product","3":"status-publish","4":"has-post-thumbnail","6":"product_cat-shop","7":"desktop-align-left","8":"tablet-align-left","9":"mobile-align-left","11":"first","12":"instock","13":"shipping-taxable","14":"purchasable","15":"product-type-simple"},"spectra_custom_meta":{"_edit_lock":["1774607444:1"],"_edit_last":["1"],"merchant-center-availability":["yes"],"merchant-center-category":["6104"],"_thumbnail_id":["23924"],"_wp_page_template":["default"],"_sku":["OLRAVINTSARAOIL"],"_global_unique_id":["5056773821071"],"_regular_price":["29.90"],"total_sales":["1"],"_tax_status":["taxable"],"_tax_class":[""],"_manage_stock":["no"],"_backorders":["no"],"_sold_individually":["no"],"_weight":["1.3"],"_virtual":["no"],"_downloadable":["no"],"_download_limit":["-1"],"_download_expiry":["-1"],"_stock":[null],"_stock_status":["instock"],"_wc_average_rating":["5.00"],"_wc_review_count":["20"],"_product_version":["10.6.1"],"_price":["29.90"],"site-sidebar-layout":["default"],"ast-site-content-layout":["default"],"site-content-style":["default"],"site-sidebar-style":["default"],"theme-transparent-header-meta":["default"],"_wc_rating_count":["a:1:{i:5;i:20;}"],"astra-migrate-meta-layouts":["set"],"_uag_css_file_name":["uag-css-23234.css"],"_elementor_page_assets":["a:0:{}"],"_uag_page_assets":["a:9:{s:3:\"css\";s:7156:\".uag-blocks-common-selector{z-index:var(--z-index-desktop) !important}@media (max-width: 976px){.uag-blocks-common-selector{z-index:var(--z-index-tablet) !important}}@media (max-width: 767px){.uag-blocks-common-selector{z-index:var(--z-index-mobile) !important}}\n.wp-block-uagb-image{display:flex}.wp-block-uagb-image__figure{position:relative;display:flex;flex-direction:column;max-width:100%;height:auto;margin:0}.wp-block-uagb-image__figure img{height:auto;display:flex;max-width:100%;transition:box-shadow 0.2s ease}.wp-block-uagb-image__figure>a{display:inline-block}.wp-block-uagb-image__figure figcaption{text-align:center;margin-top:0.5em;margin-bottom:1em}.wp-block-uagb-image .components-placeholder.block-editor-media-placeholder .components-placeholder__instructions{align-self:center}.wp-block-uagb-image--align-left{text-align:left}.wp-block-uagb-image--align-right{text-align:right}.wp-block-uagb-image--align-center{text-align:center}.wp-block-uagb-image--align-full .wp-block-uagb-image__figure{margin-left:calc(50% - 50vw);margin-right:calc(50% - 50vw);max-width:100vw;width:100vw;height:auto}.wp-block-uagb-image--align-full .wp-block-uagb-image__figure img{height:auto;width:100% !important}.wp-block-uagb-image--align-wide .wp-block-uagb-image__figure img{height:auto;width:100%}.wp-block-uagb-image--layout-overlay__color-wrapper{position:absolute;left:0;top:0;right:0;bottom:0;opacity:0.2;background:rgba(0,0,0,0.5);transition:opacity 0.35s ease-in-out}.wp-block-uagb-image--layout-overlay-link{position:absolute;left:0;right:0;bottom:0;top:0}.wp-block-uagb-image--layout-overlay .wp-block-uagb-image__figure:hover .wp-block-uagb-image--layout-overlay__color-wrapper{opacity:1}.wp-block-uagb-image--layout-overlay__inner{position:absolute;left:15px;right:15px;bottom:15px;top:15px;display:flex;align-items:center;justify-content:center;flex-direction:column;border-color:#fff;transition:0.35s ease-in-out}.wp-block-uagb-image--layout-overlay__inner.top-left,.wp-block-uagb-image--layout-overlay__inner.top-center,.wp-block-uagb-image--layout-overlay__inner.top-right{justify-content:flex-start}.wp-block-uagb-image--layout-overlay__inner.bottom-left,.wp-block-uagb-image--layout-overlay__inner.bottom-center,.wp-block-uagb-image--layout-overlay__inner.bottom-right{justify-content:flex-end}.wp-block-uagb-image--layout-overlay__inner.top-left,.wp-block-uagb-image--layout-overlay__inner.center-left,.wp-block-uagb-image--layout-overlay__inner.bottom-left{align-items:flex-start}.wp-block-uagb-image--layout-overlay__inner.top-right,.wp-block-uagb-image--layout-overlay__inner.center-right,.wp-block-uagb-image--layout-overlay__inner.bottom-right{align-items:flex-end}.wp-block-uagb-image--layout-overlay__inner .uagb-image-heading{color:#fff;transition:transform 0.35s, opacity 0.35s ease-in-out;transform:translate3d(0, 24px, 0);margin:0;line-height:1em}.wp-block-uagb-image--layout-overlay__inner .uagb-image-separator{width:30%;border-top-width:2px;border-top-color:#fff;border-top-style:solid;margin-bottom:10px;opacity:0;transition:transform 0.4s, opacity 0.4s ease-in-out;transform:translate3d(0, 30px, 0)}.wp-block-uagb-image--layout-overlay__inner .uagb-image-caption{opacity:0;overflow:visible;color:#fff;transition:transform 0.45s, opacity 0.45s ease-in-out;transform:translate3d(0, 35px, 0)}.wp-block-uagb-image--layout-overlay__inner:hover .uagb-image-heading,.wp-block-uagb-image--layout-overlay__inner:hover .uagb-image-separator,.wp-block-uagb-image--layout-overlay__inner:hover .uagb-image-caption{opacity:1;transform:translate3d(0, 0, 0)}.wp-block-uagb-image--effect-zoomin .wp-block-uagb-image__figure img,.wp-block-uagb-image--effect-zoomin .wp-block-uagb-image__figure .wp-block-uagb-image--layout-overlay__color-wrapper{transform:scale(1);transition:transform 0.35s ease-in-out}.wp-block-uagb-image--effect-zoomin .wp-block-uagb-image__figure:hover img,.wp-block-uagb-image--effect-zoomin .wp-block-uagb-image__figure:hover .wp-block-uagb-image--layout-overlay__color-wrapper{transform:scale(1.05)}.wp-block-uagb-image--effect-slide .wp-block-uagb-image__figure img,.wp-block-uagb-image--effect-slide .wp-block-uagb-image__figure .wp-block-uagb-image--layout-overlay__color-wrapper{width:calc(100% + 40px) !important;max-width:none !important;transform:translate3d(-40px, 0, 0);transition:transform 0.35s ease-in-out}.wp-block-uagb-image--effect-slide .wp-block-uagb-image__figure:hover img,.wp-block-uagb-image--effect-slide .wp-block-uagb-image__figure:hover .wp-block-uagb-image--layout-overlay__color-wrapper{transform:translate3d(0, 0, 0)}.wp-block-uagb-image--effect-grayscale img{filter:grayscale(0%);transition:0.35s ease-in-out}.wp-block-uagb-image--effect-grayscale:hover img{filter:grayscale(100%)}.wp-block-uagb-image--effect-blur img{filter:blur(0);transition:0.35s ease-in-out}.wp-block-uagb-image--effect-blur:hover img{filter:blur(3px)}\n.uagb-block-e6f939b3.wp-block-uagb-image--layout-default figure img{box-shadow: 0px 0px 0 #00000070;}.uagb-block-e6f939b3.wp-block-uagb-image .wp-block-uagb-image__figure figcaption{font-style: normal;align-self: center;}.uagb-block-e6f939b3.wp-block-uagb-image--layout-overlay figure img{box-shadow: 0px 0px 0 #00000070;}.uagb-block-e6f939b3.wp-block-uagb-image--layout-overlay .wp-block-uagb-image--layout-overlay__color-wrapper{opacity: 0.2;}.uagb-block-e6f939b3.wp-block-uagb-image--layout-overlay .wp-block-uagb-image--layout-overlay__inner{left: 15px;right: 15px;top: 15px;bottom: 15px;}.uagb-block-e6f939b3.wp-block-uagb-image--layout-overlay .wp-block-uagb-image--layout-overlay__inner .uagb-image-heading{font-style: normal;color: #fff;opacity: 1;}.uagb-block-e6f939b3.wp-block-uagb-image--layout-overlay .wp-block-uagb-image--layout-overlay__inner .uagb-image-heading a{color: #fff;}.uagb-block-e6f939b3.wp-block-uagb-image--layout-overlay .wp-block-uagb-image--layout-overlay__inner .uagb-image-caption{opacity: 0;}.uagb-block-e6f939b3.wp-block-uagb-image--layout-overlay .wp-block-uagb-image__figure:hover .wp-block-uagb-image--layout-overlay__color-wrapper{opacity: 1;}.uagb-block-e6f939b3.wp-block-uagb-image .wp-block-uagb-image--layout-overlay__inner .uagb-image-separator{width: 30%;border-top-width: 2px;border-top-color: #fff;opacity: 0;}.uagb-block-e6f939b3.wp-block-uagb-image .wp-block-uagb-image__figure img{width: px;height: auto;}.uagb-block-e6f939b3.wp-block-uagb-image .wp-block-uagb-image__figure:hover .wp-block-uagb-image--layout-overlay__inner .uagb-image-caption{opacity: 1;}.uagb-block-e6f939b3.wp-block-uagb-image .wp-block-uagb-image__figure:hover .wp-block-uagb-image--layout-overlay__inner .uagb-image-separator{opacity: 1;}.uagb-block-e6f939b3.wp-block-uagb-image--layout-default figure:hover img{box-shadow: 0px 0px 0 #00000070;}.uagb-block-e6f939b3.wp-block-uagb-image--layout-overlay figure:hover img{box-shadow: 0px 0px 0 #00000070;}@media only screen and (max-width: 976px) {.uagb-block-e6f939b3.wp-block-uagb-image .wp-block-uagb-image__figure img{width: px;height: auto;}}@media only screen and (max-width: 767px) {.uagb-block-e6f939b3.wp-block-uagb-image .wp-block-uagb-image__figure img{width: px;height: auto;}}\";s:2:\"js\";s:0:\"\";s:18:\"current_block_list\";a:13:{i:0;s:11:\"core\/search\";i:1;s:10:\"core\/group\";i:2;s:12:\"core\/heading\";i:3;s:17:\"core\/latest-posts\";i:4;s:20:\"core\/latest-comments\";i:5;s:13:\"core\/archives\";i:6;s:15:\"core\/categories\";i:7;s:14:\"core\/paragraph\";i:8;s:10:\"uagb\/image\";i:9;s:11:\"core\/spacer\";i:10;s:30:\"woocommerce\/product-categories\";i:11;s:10:\"core\/image\";i:12;s:14:\"core\/shortcode\";}s:8:\"uag_flag\";b:1;s:11:\"uag_version\";s:10:\"1776393360\";s:6:\"gfonts\";a:0:{}s:10:\"gfonts_url\";s:0:\"\";s:12:\"gfonts_files\";a:0:{}s:14:\"uag_faq_layout\";b:0;}"]},"uagb_featured_image_src":{"full":["https:\/\/www.oleaia.com\/wp-content\/uploads\/2025\/07\/Oleaia-Ravintsara-Oil-1L.jpg",2560,2560,false],"thumbnail":["https:\/\/www.oleaia.com\/wp-content\/uploads\/2025\/07\/Oleaia-Ravintsara-Oil-1L-150x150.jpg",150,150,true],"medium":["https:\/\/www.oleaia.com\/wp-content\/uploads\/2025\/07\/Oleaia-Ravintsara-Oil-1L-300x300.jpg",300,300,true],"medium_large":["https:\/\/www.oleaia.com\/wp-content\/uploads\/2025\/07\/Oleaia-Ravintsara-Oil-1L-768x768.jpg",768,768,true],"large":["https:\/\/www.oleaia.com\/wp-content\/uploads\/2025\/07\/Oleaia-Ravintsara-Oil-1L-1024x1024.jpg",1024,1024,true],"1536x1536":["https:\/\/www.oleaia.com\/wp-content\/uploads\/2025\/07\/Oleaia-Ravintsara-Oil-1L-1536x1536.jpg",1536,1536,true],"2048x2048":["https:\/\/www.oleaia.com\/wp-content\/uploads\/2025\/07\/Oleaia-Ravintsara-Oil-1L-2048x2048.jpg",2048,2048,true],"trp-custom-language-flag":["https:\/\/www.oleaia.com\/wp-content\/uploads\/2025\/07\/Oleaia-Ravintsara-Oil-1L-12x12.jpg",12,12,true],"woocommerce_thumbnail":["https:\/\/www.oleaia.com\/wp-content\/uploads\/2025\/07\/Oleaia-Ravintsara-Oil-1L-300x300.jpg",300,300,true],"woocommerce_single":["https:\/\/www.oleaia.com\/wp-content\/uploads\/2025\/07\/Oleaia-Ravintsara-Oil-1L-600x600.jpg",600,600,true],"woocommerce_gallery_thumbnail":["https:\/\/www.oleaia.com\/wp-content\/uploads\/2025\/07\/Oleaia-Ravintsara-Oil-1L-100x100.jpg",100,100,true]},"uagb_author_info":{"display_name":"admin","author_link":"https:\/\/www.oleaia.com\/hu\/author\/"},"uagb_comment_info":20,"uagb_excerpt":"Unmatched effectiveness for immune support and respiratory comfort. Ravintsara oil is the most effective natural solution for strengthening the body\u2019s natural defenses, promoting respiratory ease, and enhancing overall vitality. Traditionally valued in herbal and aromatherapy practices, it helps support seasonal wellness, maintain clear breathing sensations, and contribute to a refreshed, resilient state with consistent use.&hellip;","_links":{"self":[{"href":"https:\/\/www.oleaia.com\/hu\/wp-json\/wp\/v2\/product\/23234","targetHints":{"allow":["GET"]}}],"collection":[{"href":"https:\/\/www.oleaia.com\/hu\/wp-json\/wp\/v2\/product"}],"about":[{"href":"https:\/\/www.oleaia.com\/hu\/wp-json\/wp\/v2\/types\/product"}],"replies":[{"embeddable":true,"href":"https:\/\/www.oleaia.com\/hu\/wp-json\/wp\/v2\/comments?post=23234"}],"version-history":[{"count":4,"href":"https:\/\/www.oleaia.com\/hu\/wp-json\/wp\/v2\/product\/23234\/revisions"}],"predecessor-version":[{"id":81231,"href":"https:\/\/www.oleaia.com\/hu\/wp-json\/wp\/v2\/product\/23234\/revisions\/81231"}],"wp:featuredmedia":[{"embeddable":true,"href":"https:\/\/www.oleaia.com\/hu\/wp-json\/wp\/v2\/media\/23924"}],"wp:attachment":[{"href":"https:\/\/www.oleaia.com\/hu\/wp-json\/wp\/v2\/media?parent=23234"}],"wp:term":[{"taxonomy":"product_brand","embeddable":true,"href":"https:\/\/www.oleaia.com\/hu\/wp-json\/wp\/v2\/product_brand?post=23234"},{"taxonomy":"product_cat","embeddable":true,"href":"https:\/\/www.oleaia.com\/hu\/wp-json\/wp\/v2\/product_cat?post=23234"},{"taxonomy":"product_tag","embeddable":true,"href":"https:\/\/www.oleaia.com\/hu\/wp-json\/wp\/v2\/product_tag?post=23234"}],"curies":[{"name":"wp","href":"https:\/\/api.w.org\/{rel}","templated":true}]}}