{"id":23304,"date":"2025-07-27T21:08:15","date_gmt":"2025-07-27T19:08:15","guid":{"rendered":"https:\/\/www.oleaia.com\/?post_type=product&#038;p=23304"},"modified":"2026-03-02T17:43:49","modified_gmt":"2026-03-02T16:43:49","slug":"beef-tallow-oil","status":"publish","type":"product","link":"https:\/\/www.oleaia.com\/hu\/products\/beef-tallow-oil\/","title":{"rendered":"Marhafaggy\u00fa olaj - 1 liter"},"content":{"rendered":"<p><strong><img decoding=\"async\" style=\"margin-right: 12px;\" src=\"https:\/\/www.oleaia.com\/wp-content\/uploads\/2026\/03\/Check.svg\" alt=\"\" width=\"18\" height=\"15\" \/>P\u00e1ratlan hat\u00e9konys\u00e1g a b\u0151r m\u00e9ly t\u00e1pl\u00e1l\u00e1s\u00e1hoz \u00e9s a barrier t\u00e1mogat\u00e1s\u00e1hoz.<\/strong> A marhafaggy\u00faolaj a leghat\u00e9konyabb term\u00e9szetes megold\u00e1s a sz\u00e1raz, t\u00f6r\u00e9keny vagy stresszes b\u0151r komfort\u00e9rzet\u00e9nek helyre\u00e1ll\u00edt\u00e1s\u00e1ra. A b\u0151r term\u00e9szetes szerkezet\u00e9vel val\u00f3 kompatibilit\u00e1sa miatt hagyom\u00e1nyosan nagyra becs\u00fclt olaj seg\u00edt meger\u0151s\u00edteni a v\u00e9d\u0151g\u00e1tat, jav\u00edtja a b\u0151r rugalmass\u00e1g\u00e1nak megjelen\u00e9s\u00e9t, \u00e9s k\u00f6vetkezetes haszn\u00e1lat\u00e1val el\u0151seg\u00edti a hosszan tart\u00f3 puhas\u00e1got.<\/p>\n<p><strong><img decoding=\"async\" style=\"margin-right: 12px;\" src=\"https:\/\/www.oleaia.com\/wp-content\/uploads\/2026\/03\/Check.svg\" alt=\"\" width=\"18\" height=\"15\" \/>Az el\u00e9rhet\u0151 legolcs\u00f3bb pr\u00e9mium marhafaggy\u00faolaj.<\/strong> Mi vagyunk a legolcs\u00f3bbak a piacon, mik\u00f6zben szigor\u00fa min\u0151s\u00e9gi szabv\u00e1nyokat tartunk be, \u00edgy kiv\u00e9teles \u00e9rt\u00e9ket biztos\u00edtunk an\u00e9lk\u00fcl, hogy a text\u00fara vagy a teljes\u00edtm\u00e9ny rov\u00e1s\u00e1ra menn\u00e9nk. Ez a megfizethet\u0151s\u00e9g megk\u00f6nny\u00edti a marhafaggy\u00faolaj be\u00e9p\u00edt\u00e9s\u00e9t a napi \u00e9s hossz\u00fa t\u00e1v\u00fa b\u0151r\u00e1pol\u00e1si rutinokba.<\/p>\n<p><strong><img decoding=\"async\" style=\"margin-right: 12px;\" src=\"https:\/\/www.oleaia.com\/wp-content\/uploads\/2026\/03\/Check.svg\" alt=\"\" width=\"18\" height=\"15\" \/>Gyors \u00e9s megb\u00edzhat\u00f3 24 \u00f3r\u00e1s sz\u00e1ll\u00edt\u00e1s.<\/strong> Mindig 24 \u00f3r\u00e1s kisz\u00e1ll\u00edt\u00e1st k\u00edn\u00e1lunk, ami garant\u00e1lja, hogy a marhafaggy\u00faolaj gyorsan \u00e9s hat\u00e9konyan \u00e9rkezik. A gyors sz\u00e1ll\u00edt\u00e1s biztos\u00edtja a folyamatos hozz\u00e1f\u00e9r\u00e9st ehhez az alapvet\u0151 b\u0151rkondicion\u00e1l\u00f3 term\u00e9khez, amikor csak sz\u00fcks\u00e9ges.<\/p>\n<p><strong><img decoding=\"async\" style=\"margin-right: 12px;\" src=\"https:\/\/www.oleaia.com\/wp-content\/uploads\/2026\/03\/Check.svg\" alt=\"\" width=\"18\" height=\"15\" \/>P\u00e9nzvisszafizet\u00e9si garancia a teljes lelki nyugalom\u00e9rt.<\/strong> P\u00e9nzvisszafizet\u00e9si garanci\u00e1t k\u00edn\u00e1lunk. Ha a v\u00e1s\u00e1rl\u00f3 nem el\u00e9gedett, visszat\u00e9r\u00edtj\u00fck a p\u00e9nz\u00e9t. Ez a vil\u00e1gos \u00e9s \u00e1tl\u00e1that\u00f3 \u00edg\u00e9ret a term\u00e9k min\u0151s\u00e9g\u00e9be vetett bizalmat t\u00fckr\u00f6zi, \u00e9s kock\u00e1zatmentes v\u00e1s\u00e1rl\u00e1si \u00e9lm\u00e9nyt biztos\u00edt.<\/p>\n<p><strong><img decoding=\"async\" style=\"margin-right: 12px;\" src=\"https:\/\/www.oleaia.com\/wp-content\/uploads\/2026\/03\/Check.svg\" alt=\"\" width=\"18\" height=\"15\" \/>Teljesen bio a hiteles, hagyom\u00e1nyos b\u0151r\u00e1pol\u00e1s \u00e9rdek\u00e9ben.<\/strong> A marhafaggy\u00faolajunk teljes m\u00e9rt\u00e9kben bio, amelyet a min\u0151s\u00e9gi el\u0151\u00edr\u00e1sokra \u00e9s a k\u00f6rnyezeti felel\u0151ss\u00e9gre val\u00f3 gondos odafigyel\u00e9ssel \u00e1ll\u00edtunk el\u0151. Ez az elk\u00f6telezetts\u00e9g biztos\u00edtja a term\u00e9szetes \u00e9s minimalista b\u0151r\u00e1pol\u00e1si filoz\u00f3fi\u00e1val val\u00f3 \u00f6sszhangot.<\/p>\n<p><strong><img decoding=\"async\" style=\"margin-right: 12px;\" src=\"https:\/\/www.oleaia.com\/wp-content\/uploads\/2026\/03\/Check.svg\" alt=\"\" width=\"18\" height=\"15\" \/>T\u00e1mogatja a nagyon sz\u00e1raz b\u0151r intenz\u00edv hidrat\u00e1l\u00e1s\u00e1t.<\/strong> A marhafaggy\u00faolaj seg\u00edt fenntartani az optim\u00e1lis nedvess\u00e9gtartalmat, k\u00fcl\u00f6n\u00f6sen a sz\u00e1razs\u00e1gra vagy \u00e9rdes text\u00far\u00e1ra hajlamos b\u0151r eset\u00e9ben. V\u00e9d\u0151r\u00e9teget k\u00e9pez, amely cs\u00f6kkenti a h\u00e1ml\u00e1s megjelen\u00e9s\u00e9t \u00e9s el\u0151seg\u00edti a hosszan tart\u00f3 k\u00e9nyelmet.<\/p>\n<p><strong><img decoding=\"async\" style=\"margin-right: 12px;\" src=\"https:\/\/www.oleaia.com\/wp-content\/uploads\/2026\/03\/Check.svg\" alt=\"\" width=\"18\" height=\"15\" \/>El\u0151seg\u00edti a sim\u00e1bb \u00e9s feszesebb b\u0151r megjelen\u00e9s\u00e9t.<\/strong> Rendszeres haszn\u00e1lat\u00e1val a marhafaggy\u00faolaj hozz\u00e1j\u00e1rul a b\u0151r rugalmass\u00e1g\u00e1nak \u00e9s rugalmass\u00e1g\u00e1nak javul\u00e1s\u00e1hoz, seg\u00edtve a b\u0151r rugalmasabbnak \u00e9s \u00e9lettel telibbnek t\u0171nni.<\/p>\n<p><strong><img decoding=\"async\" style=\"margin-right: 12px;\" src=\"https:\/\/www.oleaia.com\/wp-content\/uploads\/2026\/03\/Check.svg\" alt=\"\" width=\"18\" height=\"15\" \/>Ide\u00e1lis arcra, testre \u00e9s k\u00e9zre.<\/strong> Gazdag, m\u00e9gis nedvsz\u00edv\u00f3 text\u00far\u00e1ja alkalmass\u00e1 teszi az arc\u00e1pol\u00e1sra, a test hidrat\u00e1l\u00e1s\u00e1ra \u00e9s a k\u00fcl\u00f6n\u00f6sen sz\u00e1raz ter\u00fcletek, p\u00e9ld\u00e1ul a k\u00f6ny\u00f6k, a t\u00e9rd \u00e9s a k\u00e9z c\u00e9lzott kezel\u00e9s\u00e9re.<\/p>\n<p><strong><img decoding=\"async\" style=\"margin-right: 12px;\" src=\"https:\/\/www.oleaia.com\/wp-content\/uploads\/2026\/03\/Check.svg\" alt=\"\" width=\"18\" height=\"15\" \/>T\u00e1mogatja a kem\u00e9ny k\u00f6rnyezeti hat\u00e1soknak kitett b\u0151rt.<\/strong> A marhafaggy\u00faolaj k\u00fcl\u00f6n\u00f6sen el\u0151ny\u00f6s a hidegebb \u00e9vszakokban vagy sz\u00e1raz \u00e9ghajlaton, seg\u00edt megv\u00e9deni a b\u0151rt a k\u00f6rnyezeti stresszt\u0151l \u00e9s fenntartani az eg\u00e9szs\u00e9ges megjelen\u00e9st.<\/p>\n<p><strong><img decoding=\"async\" style=\"margin-right: 12px;\" src=\"https:\/\/www.oleaia.com\/wp-content\/uploads\/2026\/03\/Check.svg\" alt=\"\" width=\"18\" height=\"15\" \/>Jav\u00edtja a massz\u00e1zs \u00e9s a pihentet\u0151 ritu\u00e1l\u00e9kat.<\/strong> A marhafaggy\u00faolaj sima sikl\u00e1sa alkalmass\u00e1 teszi a massz\u00e1zs rutinokhoz, t\u00e1mogatja a relax\u00e1ci\u00f3t, mik\u00f6zben m\u00e9lyen t\u00e1pl\u00e1lja a b\u0151rt.<\/p>\n<p><strong><img decoding=\"async\" style=\"margin-right: 12px;\" src=\"https:\/\/www.oleaia.com\/wp-content\/uploads\/2026\/03\/Check.svg\" alt=\"\" width=\"18\" height=\"15\" \/>M\u00e1r t\u00e1pl\u00e1l\u00f3 olajjal d\u00fas\u00edtva az optim\u00e1lis k\u00e9nyelem \u00e9s a k\u00f6nny\u0171 felvitel \u00e9rdek\u00e9ben.<\/strong> A marhafaggy\u00faolajunkat m\u00e1r t\u00e1pl\u00e1l\u00f3 olajjal d\u00fas\u00edtottuk, hogy biztos\u00edtsuk a k\u00edm\u00e9letes felvitelt, a jobb kenhet\u0151s\u00e9get, az optim\u00e1lis k\u00e9nyelmet \u00e9s a k\u00f6nny\u0171 haszn\u00e1latot. Ez az \u00e1tgondolt \u00f6sszet\u00e9tel fokozza a felsz\u00edv\u00f3d\u00e1st, mik\u00f6zben k\u00e9nyelmes, nem zs\u00edros fel\u00fcletet biztos\u00edt.<\/p>\n<h2><strong>Utas\u00edt\u00e1sok<\/strong><\/h2>\n<ul>\n<li>Vigyen fel egy kis mennyis\u00e9get a tiszta, sz\u00e1raz b\u0151rre, \u00e9s gyeng\u00e9den massz\u00edrozza, am\u00edg teljesen felsz\u00edv\u00f3dik.<\/li>\n<li>Haszn\u00e1lja naponta egyszer vagy k\u00e9tszer a b\u0151r sz\u00e1razs\u00e1g\u00e1t\u00f3l \u00e9s a k\u00f6rnyezeti k\u00f6r\u00fclm\u00e9nyekt\u0151l f\u00fcgg\u0151en.<\/li>\n<li>Arc\u00e1pol\u00e1shoz haszn\u00e1ljon 2-4 cseppet, \u00e9s egyenletesen massz\u00edrozza be az arcot \u00e9s a nyakat.<\/li>\n<li>Test\u00e1pol\u00e1shoz f\u00fcrd\u00e9s ut\u00e1n alkalmazzon m\u00e9rs\u00e9kelt mennyis\u00e9get, hogy seg\u00edtsen a nedvess\u00e9g megk\u00f6t\u00e9s\u00e9ben.<\/li>\n<li>A nagyon sz\u00e1raz ter\u00fcleteken, p\u00e9ld\u00e1ul a k\u00f6ny\u00f6k\u00f6n vagy a t\u00e9rden, alkalmazzon tov\u00e1bbi kis mennyis\u00e9get, \u00e9s alaposan massz\u00edrozza be.<\/li>\n<li>Az aj\u00e1nlott maxim\u00e1lis napi adag arc\u00e1pol\u00e1sra kb. 6 csepp, a b\u0151rt\u00edpusnak megfelel\u0151en igaz\u00edtva.<\/li>\n<li>Az \u00e9jszakai intenz\u00edv t\u00e1pl\u00e1l\u00e1shoz lefekv\u00e9s el\u0151tt vigyen fel egy kicsit vastagabb r\u00e9teget.<\/li>\n<li>Az els\u0151 haszn\u00e1lat el\u0151tt v\u00e9gezzen tapaszpr\u00f3b\u00e1t a b\u0151rrel val\u00f3 kompatibilit\u00e1s felm\u00e9r\u00e9se \u00e9rdek\u00e9ben.<\/li>\n<li>Ker\u00fclje a szemmel \u00e9s az \u00e9rz\u00e9keny ny\u00e1lkah\u00e1rtya-ter\u00fcletekkel val\u00f3 \u00e9rintkez\u00e9st.<\/li>\n<li>Ne alkalmazza irrit\u00e1lt vagy s\u00e9r\u00fclt b\u0151r\u00f6n.<\/li>\n<li>Az optim\u00e1lis hossz\u00fa t\u00e1v\u00fa eredm\u00e9nyek \u00e9rdek\u00e9ben haszn\u00e1lja k\u00f6vetkezetesen egy struktur\u00e1lt b\u0151r\u00e1pol\u00e1si rutin r\u00e9szek\u00e9nt.<\/li>\n<li>H\u0171v\u00f6s, sz\u00e1raz, k\u00f6zvetlen napf\u00e9nyt\u0151l v\u00e9dett helyen t\u00e1rolja, \u00e9s minden haszn\u00e1lat ut\u00e1n tartsa szorosan lez\u00e1rva a tart\u00e1lyt.<\/li>\n<\/ul>","protected":false},"excerpt":{"rendered":"<p>Unmatched effectiveness for deep skin nourishment and barrier support. Beef tallow oil is the most effective natural solution for restoring comfort to dry, fragile, or stressed skin. Traditionally valued for its compatibility with the skin\u2019s natural structure, it helps reinforce the protective barrier, improve the appearance of elasticity, and promote long-lasting softness with consistent use. [&hellip;]<\/p>\n","protected":false},"featured_media":23910,"comment_status":"open","ping_status":"closed","template":"","meta":{"_uag_custom_page_level_css":"","site-sidebar-layout":"default","site-content-layout":"","ast-site-content-layout":"default","site-content-style":"default","site-sidebar-style":"default","ast-global-header-display":"","ast-banner-title-visibility":"","ast-main-header-display":"","ast-hfb-above-header-display":"","ast-hfb-below-header-display":"","ast-hfb-mobile-header-display":"","site-post-title":"","ast-breadcrumbs-content":"","ast-featured-img":"","footer-sml-layout":"","ast-disable-related-posts":"","theme-transparent-header-meta":"default","adv-header-id-meta":"","stick-header-meta":"","header-above-stick-meta":"","header-main-stick-meta":"","header-below-stick-meta":"","astra-migrate-meta-layouts":"set","ast-page-background-enabled":"default","ast-page-background-meta":{"desktop":{"background-color":"var(--ast-global-color-4)","background-image":"","background-repeat":"repeat","background-position":"center center","background-size":"auto","background-attachment":"scroll","background-type":"","background-media":"","overlay-type":"","overlay-color":"","overlay-opacity":"","overlay-gradient":""},"tablet":{"background-color":"","background-image":"","background-repeat":"repeat","background-position":"center center","background-size":"auto","background-attachment":"scroll","background-type":"","background-media":"","overlay-type":"","overlay-color":"","overlay-opacity":"","overlay-gradient":""},"mobile":{"background-color":"","background-image":"","background-repeat":"repeat","background-position":"center center","background-size":"auto","background-attachment":"scroll","background-type":"","background-media":"","overlay-type":"","overlay-color":"","overlay-opacity":"","overlay-gradient":""}},"ast-content-background-meta":{"desktop":{"background-color":"var(--ast-global-color-5)","background-image":"","background-repeat":"repeat","background-position":"center center","background-size":"auto","background-attachment":"scroll","background-type":"","background-media":"","overlay-type":"","overlay-color":"","overlay-opacity":"","overlay-gradient":""},"tablet":{"background-color":"var(--ast-global-color-5)","background-image":"","background-repeat":"repeat","background-position":"center center","background-size":"auto","background-attachment":"scroll","background-type":"","background-media":"","overlay-type":"","overlay-color":"","overlay-opacity":"","overlay-gradient":""},"mobile":{"background-color":"var(--ast-global-color-5)","background-image":"","background-repeat":"repeat","background-position":"center center","background-size":"auto","background-attachment":"scroll","background-type":"","background-media":"","overlay-type":"","overlay-color":"","overlay-opacity":"","overlay-gradient":""}}},"product_brand":[],"product_cat":[15],"product_tag":[],"class_list":{"0":"post-23304","1":"product","2":"type-product","3":"status-publish","4":"has-post-thumbnail","6":"product_cat-shop","7":"desktop-align-left","8":"tablet-align-left","9":"mobile-align-left","11":"first","12":"instock","13":"shipping-taxable","14":"purchasable","15":"product-type-simple"},"spectra_custom_meta":{"_edit_lock":["1772469692:1"],"merchant-center-availability":["yes","yes"],"_edit_last":["1"],"merchant-center-category":["6104"],"_thumbnail_id":["23910"],"_wp_page_template":["default"],"_sku":["OLBEEFTALLOWOIL"],"_global_unique_id":["5056773821248"],"_regular_price":["29.90"],"total_sales":["6"],"_tax_status":["taxable"],"_tax_class":[""],"_manage_stock":["no"],"_backorders":["no"],"_sold_individually":["no"],"_weight":["1.3"],"_virtual":["no"],"_downloadable":["no"],"_download_limit":["-1"],"_download_expiry":["-1"],"_stock":[null],"_stock_status":["instock"],"_wc_average_rating":["5.00"],"_wc_review_count":["15"],"_product_version":["10.5.2"],"_price":["29.90"],"site-sidebar-layout":["default"],"ast-site-content-layout":["default"],"site-content-style":["default"],"site-sidebar-style":["default"],"theme-transparent-header-meta":["default"],"_wc_rating_count":["a:1:{i:5;i:15;}"],"astra-migrate-meta-layouts":["set"],"_uag_css_file_name":["uag-css-23304.css"],"_elementor_page_assets":["a:0:{}"],"_uag_page_assets":["a:9:{s:3:\"css\";s:7156:\".uag-blocks-common-selector{z-index:var(--z-index-desktop) !important}@media (max-width: 976px){.uag-blocks-common-selector{z-index:var(--z-index-tablet) !important}}@media (max-width: 767px){.uag-blocks-common-selector{z-index:var(--z-index-mobile) !important}}\n.wp-block-uagb-image{display:flex}.wp-block-uagb-image__figure{position:relative;display:flex;flex-direction:column;max-width:100%;height:auto;margin:0}.wp-block-uagb-image__figure img{height:auto;display:flex;max-width:100%;transition:box-shadow 0.2s ease}.wp-block-uagb-image__figure>a{display:inline-block}.wp-block-uagb-image__figure figcaption{text-align:center;margin-top:0.5em;margin-bottom:1em}.wp-block-uagb-image .components-placeholder.block-editor-media-placeholder .components-placeholder__instructions{align-self:center}.wp-block-uagb-image--align-left{text-align:left}.wp-block-uagb-image--align-right{text-align:right}.wp-block-uagb-image--align-center{text-align:center}.wp-block-uagb-image--align-full .wp-block-uagb-image__figure{margin-left:calc(50% - 50vw);margin-right:calc(50% - 50vw);max-width:100vw;width:100vw;height:auto}.wp-block-uagb-image--align-full .wp-block-uagb-image__figure img{height:auto;width:100% !important}.wp-block-uagb-image--align-wide .wp-block-uagb-image__figure img{height:auto;width:100%}.wp-block-uagb-image--layout-overlay__color-wrapper{position:absolute;left:0;top:0;right:0;bottom:0;opacity:0.2;background:rgba(0,0,0,0.5);transition:opacity 0.35s ease-in-out}.wp-block-uagb-image--layout-overlay-link{position:absolute;left:0;right:0;bottom:0;top:0}.wp-block-uagb-image--layout-overlay .wp-block-uagb-image__figure:hover .wp-block-uagb-image--layout-overlay__color-wrapper{opacity:1}.wp-block-uagb-image--layout-overlay__inner{position:absolute;left:15px;right:15px;bottom:15px;top:15px;display:flex;align-items:center;justify-content:center;flex-direction:column;border-color:#fff;transition:0.35s ease-in-out}.wp-block-uagb-image--layout-overlay__inner.top-left,.wp-block-uagb-image--layout-overlay__inner.top-center,.wp-block-uagb-image--layout-overlay__inner.top-right{justify-content:flex-start}.wp-block-uagb-image--layout-overlay__inner.bottom-left,.wp-block-uagb-image--layout-overlay__inner.bottom-center,.wp-block-uagb-image--layout-overlay__inner.bottom-right{justify-content:flex-end}.wp-block-uagb-image--layout-overlay__inner.top-left,.wp-block-uagb-image--layout-overlay__inner.center-left,.wp-block-uagb-image--layout-overlay__inner.bottom-left{align-items:flex-start}.wp-block-uagb-image--layout-overlay__inner.top-right,.wp-block-uagb-image--layout-overlay__inner.center-right,.wp-block-uagb-image--layout-overlay__inner.bottom-right{align-items:flex-end}.wp-block-uagb-image--layout-overlay__inner .uagb-image-heading{color:#fff;transition:transform 0.35s, opacity 0.35s ease-in-out;transform:translate3d(0, 24px, 0);margin:0;line-height:1em}.wp-block-uagb-image--layout-overlay__inner .uagb-image-separator{width:30%;border-top-width:2px;border-top-color:#fff;border-top-style:solid;margin-bottom:10px;opacity:0;transition:transform 0.4s, opacity 0.4s ease-in-out;transform:translate3d(0, 30px, 0)}.wp-block-uagb-image--layout-overlay__inner .uagb-image-caption{opacity:0;overflow:visible;color:#fff;transition:transform 0.45s, opacity 0.45s ease-in-out;transform:translate3d(0, 35px, 0)}.wp-block-uagb-image--layout-overlay__inner:hover .uagb-image-heading,.wp-block-uagb-image--layout-overlay__inner:hover .uagb-image-separator,.wp-block-uagb-image--layout-overlay__inner:hover .uagb-image-caption{opacity:1;transform:translate3d(0, 0, 0)}.wp-block-uagb-image--effect-zoomin .wp-block-uagb-image__figure img,.wp-block-uagb-image--effect-zoomin .wp-block-uagb-image__figure .wp-block-uagb-image--layout-overlay__color-wrapper{transform:scale(1);transition:transform 0.35s ease-in-out}.wp-block-uagb-image--effect-zoomin .wp-block-uagb-image__figure:hover img,.wp-block-uagb-image--effect-zoomin .wp-block-uagb-image__figure:hover .wp-block-uagb-image--layout-overlay__color-wrapper{transform:scale(1.05)}.wp-block-uagb-image--effect-slide .wp-block-uagb-image__figure img,.wp-block-uagb-image--effect-slide .wp-block-uagb-image__figure .wp-block-uagb-image--layout-overlay__color-wrapper{width:calc(100% + 40px) !important;max-width:none !important;transform:translate3d(-40px, 0, 0);transition:transform 0.35s ease-in-out}.wp-block-uagb-image--effect-slide .wp-block-uagb-image__figure:hover img,.wp-block-uagb-image--effect-slide .wp-block-uagb-image__figure:hover .wp-block-uagb-image--layout-overlay__color-wrapper{transform:translate3d(0, 0, 0)}.wp-block-uagb-image--effect-grayscale img{filter:grayscale(0%);transition:0.35s ease-in-out}.wp-block-uagb-image--effect-grayscale:hover img{filter:grayscale(100%)}.wp-block-uagb-image--effect-blur img{filter:blur(0);transition:0.35s ease-in-out}.wp-block-uagb-image--effect-blur:hover img{filter:blur(3px)}\n.uagb-block-e6f939b3.wp-block-uagb-image--layout-default figure img{box-shadow: 0px 0px 0 #00000070;}.uagb-block-e6f939b3.wp-block-uagb-image .wp-block-uagb-image__figure figcaption{font-style: normal;align-self: center;}.uagb-block-e6f939b3.wp-block-uagb-image--layout-overlay figure img{box-shadow: 0px 0px 0 #00000070;}.uagb-block-e6f939b3.wp-block-uagb-image--layout-overlay .wp-block-uagb-image--layout-overlay__color-wrapper{opacity: 0.2;}.uagb-block-e6f939b3.wp-block-uagb-image--layout-overlay .wp-block-uagb-image--layout-overlay__inner{left: 15px;right: 15px;top: 15px;bottom: 15px;}.uagb-block-e6f939b3.wp-block-uagb-image--layout-overlay .wp-block-uagb-image--layout-overlay__inner .uagb-image-heading{font-style: normal;color: #fff;opacity: 1;}.uagb-block-e6f939b3.wp-block-uagb-image--layout-overlay .wp-block-uagb-image--layout-overlay__inner .uagb-image-heading a{color: #fff;}.uagb-block-e6f939b3.wp-block-uagb-image--layout-overlay .wp-block-uagb-image--layout-overlay__inner .uagb-image-caption{opacity: 0;}.uagb-block-e6f939b3.wp-block-uagb-image--layout-overlay .wp-block-uagb-image__figure:hover .wp-block-uagb-image--layout-overlay__color-wrapper{opacity: 1;}.uagb-block-e6f939b3.wp-block-uagb-image .wp-block-uagb-image--layout-overlay__inner .uagb-image-separator{width: 30%;border-top-width: 2px;border-top-color: #fff;opacity: 0;}.uagb-block-e6f939b3.wp-block-uagb-image .wp-block-uagb-image__figure img{width: px;height: auto;}.uagb-block-e6f939b3.wp-block-uagb-image .wp-block-uagb-image__figure:hover .wp-block-uagb-image--layout-overlay__inner .uagb-image-caption{opacity: 1;}.uagb-block-e6f939b3.wp-block-uagb-image .wp-block-uagb-image__figure:hover .wp-block-uagb-image--layout-overlay__inner .uagb-image-separator{opacity: 1;}.uagb-block-e6f939b3.wp-block-uagb-image--layout-default figure:hover img{box-shadow: 0px 0px 0 #00000070;}.uagb-block-e6f939b3.wp-block-uagb-image--layout-overlay figure:hover img{box-shadow: 0px 0px 0 #00000070;}@media only screen and (max-width: 976px) {.uagb-block-e6f939b3.wp-block-uagb-image .wp-block-uagb-image__figure img{width: px;height: auto;}}@media only screen and (max-width: 767px) {.uagb-block-e6f939b3.wp-block-uagb-image .wp-block-uagb-image__figure img{width: px;height: auto;}}\";s:2:\"js\";s:0:\"\";s:18:\"current_block_list\";a:13:{i:0;s:11:\"core\/search\";i:1;s:10:\"core\/group\";i:2;s:12:\"core\/heading\";i:3;s:17:\"core\/latest-posts\";i:4;s:20:\"core\/latest-comments\";i:5;s:13:\"core\/archives\";i:6;s:15:\"core\/categories\";i:7;s:14:\"core\/paragraph\";i:8;s:10:\"uagb\/image\";i:9;s:11:\"core\/spacer\";i:10;s:30:\"woocommerce\/product-categories\";i:11;s:10:\"core\/image\";i:12;s:14:\"core\/shortcode\";}s:8:\"uag_flag\";b:1;s:11:\"uag_version\";s:10:\"1776401568\";s:6:\"gfonts\";a:0:{}s:10:\"gfonts_url\";s:0:\"\";s:12:\"gfonts_files\";a:0:{}s:14:\"uag_faq_layout\";b:0;}"]},"uagb_featured_image_src":{"full":["https:\/\/www.oleaia.com\/wp-content\/uploads\/2025\/07\/Oleaia-Beef-Tallow-Oil-1L.jpg",2560,2560,false],"thumbnail":["https:\/\/www.oleaia.com\/wp-content\/uploads\/2025\/07\/Oleaia-Beef-Tallow-Oil-1L-150x150.jpg",150,150,true],"medium":["https:\/\/www.oleaia.com\/wp-content\/uploads\/2025\/07\/Oleaia-Beef-Tallow-Oil-1L-300x300.jpg",300,300,true],"medium_large":["https:\/\/www.oleaia.com\/wp-content\/uploads\/2025\/07\/Oleaia-Beef-Tallow-Oil-1L-768x768.jpg",768,768,true],"large":["https:\/\/www.oleaia.com\/wp-content\/uploads\/2025\/07\/Oleaia-Beef-Tallow-Oil-1L-1024x1024.jpg",1024,1024,true],"1536x1536":["https:\/\/www.oleaia.com\/wp-content\/uploads\/2025\/07\/Oleaia-Beef-Tallow-Oil-1L-1536x1536.jpg",1536,1536,true],"2048x2048":["https:\/\/www.oleaia.com\/wp-content\/uploads\/2025\/07\/Oleaia-Beef-Tallow-Oil-1L-2048x2048.jpg",2048,2048,true],"trp-custom-language-flag":["https:\/\/www.oleaia.com\/wp-content\/uploads\/2025\/07\/Oleaia-Beef-Tallow-Oil-1L-12x12.jpg",12,12,true],"woocommerce_thumbnail":["https:\/\/www.oleaia.com\/wp-content\/uploads\/2025\/07\/Oleaia-Beef-Tallow-Oil-1L-300x300.jpg",300,300,true],"woocommerce_single":["https:\/\/www.oleaia.com\/wp-content\/uploads\/2025\/07\/Oleaia-Beef-Tallow-Oil-1L-600x600.jpg",600,600,true],"woocommerce_gallery_thumbnail":["https:\/\/www.oleaia.com\/wp-content\/uploads\/2025\/07\/Oleaia-Beef-Tallow-Oil-1L-100x100.jpg",100,100,true]},"uagb_author_info":{"display_name":"admin","author_link":"https:\/\/www.oleaia.com\/hu\/author\/"},"uagb_comment_info":15,"uagb_excerpt":"Unmatched effectiveness for deep skin nourishment and barrier support. Beef tallow oil is the most effective natural solution for restoring comfort to dry, fragile, or stressed skin. Traditionally valued for its compatibility with the skin\u2019s natural structure, it helps reinforce the protective barrier, improve the appearance of elasticity, and promote long-lasting softness with consistent use.&hellip;","_links":{"self":[{"href":"https:\/\/www.oleaia.com\/hu\/wp-json\/wp\/v2\/product\/23304","targetHints":{"allow":["GET"]}}],"collection":[{"href":"https:\/\/www.oleaia.com\/hu\/wp-json\/wp\/v2\/product"}],"about":[{"href":"https:\/\/www.oleaia.com\/hu\/wp-json\/wp\/v2\/types\/product"}],"replies":[{"embeddable":true,"href":"https:\/\/www.oleaia.com\/hu\/wp-json\/wp\/v2\/comments?post=23304"}],"version-history":[{"count":6,"href":"https:\/\/www.oleaia.com\/hu\/wp-json\/wp\/v2\/product\/23304\/revisions"}],"predecessor-version":[{"id":78012,"href":"https:\/\/www.oleaia.com\/hu\/wp-json\/wp\/v2\/product\/23304\/revisions\/78012"}],"wp:featuredmedia":[{"embeddable":true,"href":"https:\/\/www.oleaia.com\/hu\/wp-json\/wp\/v2\/media\/23910"}],"wp:attachment":[{"href":"https:\/\/www.oleaia.com\/hu\/wp-json\/wp\/v2\/media?parent=23304"}],"wp:term":[{"taxonomy":"product_brand","embeddable":true,"href":"https:\/\/www.oleaia.com\/hu\/wp-json\/wp\/v2\/product_brand?post=23304"},{"taxonomy":"product_cat","embeddable":true,"href":"https:\/\/www.oleaia.com\/hu\/wp-json\/wp\/v2\/product_cat?post=23304"},{"taxonomy":"product_tag","embeddable":true,"href":"https:\/\/www.oleaia.com\/hu\/wp-json\/wp\/v2\/product_tag?post=23304"}],"curies":[{"name":"wp","href":"https:\/\/api.w.org\/{rel}","templated":true}]}}