{"id":23345,"date":"2025-07-27T22:06:02","date_gmt":"2025-07-27T20:06:02","guid":{"rendered":"https:\/\/www.oleaia.com\/?post_type=product&#038;p=23345"},"modified":"2026-03-02T15:18:13","modified_gmt":"2026-03-02T14:18:13","slug":"annatto-oil","status":"publish","type":"product","link":"https:\/\/www.oleaia.com\/hu\/products\/annatto-oil\/","title":{"rendered":"Annatto olaj - 1 liter"},"content":{"rendered":"<p><strong><img decoding=\"async\" style=\"margin-right: 12px;\" src=\"https:\/\/www.oleaia.com\/wp-content\/uploads\/2026\/03\/Check.svg\" alt=\"\" width=\"18\" height=\"15\" \/>P\u00e1ratlan hat\u00e9konys\u00e1g a b\u0151r ragyog\u00e1s\u00e1nak \u00e9s term\u00e9szetes ragyog\u00e1s\u00e1nak fokoz\u00e1s\u00e1ra.<\/strong> Az Annatto olaj a leghat\u00e9konyabb term\u00e9szetes megold\u00e1s a ragyog\u00f3, eg\u00e9szs\u00e9gesnek t\u0171n\u0151 arcb\u0151r el\u0151seg\u00edt\u00e9s\u00e9re. Gazdag a term\u00e9szetben el\u0151fordul\u00f3 antioxid\u00e1nsokban, t\u00e1mogatja a b\u0151r vitalit\u00e1s\u00e1t, seg\u00edt jav\u00edtani az egyenetlen t\u00f3nus megjelen\u00e9s\u00e9t, \u00e9s rendszeres haszn\u00e1lat\u00e1val meleg, ragyog\u00f3 ragyog\u00e1st eredm\u00e9nyez.<\/p>\n<p><strong><img decoding=\"async\" style=\"margin-right: 12px;\" src=\"https:\/\/www.oleaia.com\/wp-content\/uploads\/2026\/03\/Check.svg\" alt=\"\" width=\"18\" height=\"15\" \/>A legolcs\u00f3bb pr\u00e9mium annatto olaj.<\/strong> Mi vagyunk a legolcs\u00f3bbak a piacon, mik\u00f6zben szigor\u00fa min\u0151s\u00e9gi szabv\u00e1nyokat tartunk fenn, \u00edgy biztos\u00edtva, hogy a kiv\u00e1l\u00f3 min\u0151s\u00e9g\u0171 botanikai \u00e1pol\u00e1s megfizethet\u0151 maradjon. Ez a kiv\u00e9teles \u00e9rt\u00e9k megk\u00f6nny\u00edti, hogy az annatto olajat kompromisszumok n\u00e9lk\u00fcl integr\u00e1ljuk a napi b\u0151r\u00e1pol\u00e1si rutinba.<\/p>\n<p><strong><img decoding=\"async\" style=\"margin-right: 12px;\" src=\"https:\/\/www.oleaia.com\/wp-content\/uploads\/2026\/03\/Check.svg\" alt=\"\" width=\"18\" height=\"15\" \/>Gyors, 24 \u00f3r\u00e1s sz\u00e1ll\u00edt\u00e1s az azonnali hozz\u00e1f\u00e9r\u00e9s \u00e9rdek\u00e9ben.<\/strong> Mindig 24 \u00f3r\u00e1s kisz\u00e1ll\u00edt\u00e1st k\u00edn\u00e1lunk, garant\u00e1lva, hogy az annatto olaj azonnal \u00e9s megb\u00edzhat\u00f3an meg\u00e9rkezik. A gyors sz\u00e1ll\u00edt\u00e1s biztos\u00edtja a megszak\u00edt\u00e1s n\u00e9lk\u00fcli b\u0151r\u00e1pol\u00e1si \u00e9s test\u00e1pol\u00e1si ritu\u00e1l\u00e9kat, amikor csak sz\u00fcks\u00e9g van a p\u00f3tl\u00e1sra.<\/p>\n<p><strong><img decoding=\"async\" style=\"margin-right: 12px;\" src=\"https:\/\/www.oleaia.com\/wp-content\/uploads\/2026\/03\/Check.svg\" alt=\"\" width=\"18\" height=\"15\" \/>P\u00e9nzvisszafizet\u00e9si garancia az abszol\u00fat nyugalom\u00e9rt.<\/strong> P\u00e9nzvisszafizet\u00e9si garanci\u00e1t k\u00edn\u00e1lunk. Ha a v\u00e1s\u00e1rl\u00f3 nem el\u00e9gedett, visszat\u00e9r\u00edtj\u00fck a p\u00e9nz\u00e9t. Ez az egyszer\u0171 k\u00f6telezetts\u00e9gv\u00e1llal\u00e1s a term\u00e9k teljes\u00edtm\u00e9ny\u00e9be vetett bizalmat mutatja, \u00e9s kock\u00e1zatmentes v\u00e1s\u00e1rl\u00e1st biztos\u00edt.<\/p>\n<p><strong><img decoding=\"async\" style=\"margin-right: 12px;\" src=\"https:\/\/www.oleaia.com\/wp-content\/uploads\/2026\/03\/Check.svg\" alt=\"\" width=\"18\" height=\"15\" \/>Teljesen organikus a term\u00e9szetes sz\u00e9ps\u00e9g\u00e1pol\u00e1shoz.<\/strong> Annatto olajunk teljes m\u00e9rt\u00e9kben bio, amelyet a botanikai integrit\u00e1s \u00e9s a k\u00f6rnyezeti felel\u0151ss\u00e9g tiszteletben tart\u00e1s\u00e1val \u00e1ll\u00edtanak el\u0151. Ez az elk\u00f6telezetts\u00e9g biztos\u00edtja a tiszta, term\u00e9szet \u00e1ltal inspir\u00e1lt b\u0151r\u00e1pol\u00e1si gyakorlatokhoz igazod\u00f3 term\u00e9ket.<\/p>\n<p><strong><img decoding=\"async\" style=\"margin-right: 12px;\" src=\"https:\/\/www.oleaia.com\/wp-content\/uploads\/2026\/03\/Check.svg\" alt=\"\" width=\"18\" height=\"15\" \/>T\u00e1mogatja a b\u0151r puhas\u00e1g\u00e1t \u00e9s rugalmass\u00e1g\u00e1t.<\/strong> Az annattoolaj seg\u00edt fenntartani a rugalmas, sima b\u0151rt az\u00e1ltal, hogy t\u00e1mogatja a hidrat\u00e1lts\u00e1got \u00e9s jav\u00edtja a b\u0151r rugalmass\u00e1g\u00e1t. Rendszeres alkalmaz\u00e1sa hozz\u00e1j\u00e1rul a finomabb text\u00far\u00e1hoz \u00e9s a kellemes b\u0151r\u00e9rzethez.<\/p>\n<p><strong><img decoding=\"async\" style=\"margin-right: 12px;\" src=\"https:\/\/www.oleaia.com\/wp-content\/uploads\/2026\/03\/Check.svg\" alt=\"\" width=\"18\" height=\"15\" \/>Gazdag antioxid\u00e1ns t\u00e1mogat\u00e1s a napi v\u00e9delem \u00e9rdek\u00e9ben.<\/strong> Az annattoolajban tal\u00e1lhat\u00f3 term\u00e9szetes vegy\u00fcletek seg\u00edtenek megv\u00e9deni a b\u0151rt a k\u00f6rnyezeti stresszhat\u00e1sokkal szemben, \u00edgy id\u0151vel frissebb \u00e9s \u00e9lettelibb megjelen\u00e9st biztos\u00edtanak.<\/p>\n<p><strong><img decoding=\"async\" style=\"margin-right: 12px;\" src=\"https:\/\/www.oleaia.com\/wp-content\/uploads\/2026\/03\/Check.svg\" alt=\"\" width=\"18\" height=\"15\" \/>Ide\u00e1lis test\u00e1pol\u00e1shoz \u00e9s massz\u00e1zs ritu\u00e1l\u00e9khoz.<\/strong> Az Annatto olaj j\u00f3l alkalmazhat\u00f3 az eg\u00e9sz testre, t\u00e1pl\u00e1l\u00f3 \u00e9rint\u00e9st ny\u00fajt, amely fokozza a massz\u00e1zs \u00e9lm\u00e9ny\u00e9t \u00e9s el\u0151seg\u00edti az \u00e1ltal\u00e1nos relax\u00e1ci\u00f3t, mik\u00f6zben selymes \u00e9rzetet hagy a b\u0151r\u00f6n.<\/p>\n<p><strong><img decoding=\"async\" style=\"margin-right: 12px;\" src=\"https:\/\/www.oleaia.com\/wp-content\/uploads\/2026\/03\/Check.svg\" alt=\"\" width=\"18\" height=\"15\" \/>Fokozza a napcs\u00f3kolta t\u00f3nus megjelen\u00e9s\u00e9t.<\/strong> K\u00f6vetkezetes haszn\u00e1lat eset\u00e9n az annatto olaj seg\u00edthet a meleg, term\u00e9szetesen ragyog\u00f3 arcb\u0151r megjelen\u00e9s\u00e9nek fokoz\u00e1s\u00e1ban, \u00edgy \u00e9rt\u00e9kes kieg\u00e9sz\u00edt\u0151je a ragyog\u00e1sra \u00e9s \u00e9l\u00e9nks\u00e9gre \u00f6sszpontos\u00edt\u00f3 sz\u00e9ps\u00e9g\u00e1pol\u00e1si rutinoknak.<\/p>\n<p><strong><img decoding=\"async\" style=\"margin-right: 12px;\" src=\"https:\/\/www.oleaia.com\/wp-content\/uploads\/2026\/03\/Check.svg\" alt=\"\" width=\"18\" height=\"15\" \/>M\u00e1r t\u00e1pl\u00e1l\u00f3 olajjal d\u00fas\u00edtva a kiv\u00e1l\u00f3 k\u00e9nyelem \u00e9s a k\u00f6nny\u0171 haszn\u00e1lat \u00e9rdek\u00e9ben.<\/strong> Annatto olajunkat m\u00e1r t\u00e1pl\u00e1l\u00f3 olajjal d\u00fas\u00edtottuk, hogy biztos\u00edtsuk a k\u00edm\u00e9letes felvitelt, a jobb eloszlathat\u00f3s\u00e1got, az optim\u00e1lis k\u00e9nyelmet \u00e9s a k\u00f6nny\u0171 haszn\u00e1latot. Ez az \u00e1tgondolt formul\u00e1ci\u00f3 fokozza a napi b\u0151r\u00e1pol\u00e1si ritu\u00e1l\u00e9kat, mik\u00f6zben sima \u00e9s egyenletes fed\u00e9st biztos\u00edt.<\/p>\n<h2><strong>Utas\u00edt\u00e1sok<\/strong><\/h2>\n<ul>\n<li>Vigyen fel n\u00e9h\u00e1ny cseppet a tiszta, sz\u00e1raz b\u0151rre, \u00e9s gyeng\u00e9den massz\u00edrozza be, am\u00edg teljesen felsz\u00edv\u00f3dik.<\/li>\n<li>Haszn\u00e1lja naponta egyszer vagy k\u00e9tszer, az egy\u00e9ni b\u0151r\u00e1pol\u00e1si ig\u00e9nyekt\u0151l f\u00fcgg\u0151en.<\/li>\n<li>Testre alkalmazva, f\u00fcrd\u00e9s ut\u00e1n alkalmazza, hogy seg\u00edtsen fenntartani a hidrat\u00e1lts\u00e1got.<\/li>\n<li>A fokozott ragyog\u00e1s \u00e9rdek\u00e9ben \u00f6sszpontos\u00edtson azokra a ter\u00fcletekre, ahol eg\u00e9szs\u00e9ges ragyog\u00e1st szeretne, p\u00e9ld\u00e1ul a karokra, l\u00e1bakra \u00e9s a dekolt\u00e1zsra.<\/li>\n<li>Az aj\u00e1nlott adagol\u00e1s arckezel\u00e9shez 3-5 csepp alkalmaz\u00e1sonk\u00e9nt, a b\u0151rt\u00edpusnak megfelel\u0151en.<\/li>\n<li>Teljes testmassz\u00e1zshoz haszn\u00e1ljon megfelel\u0151 mennyis\u00e9get a sima \u00e9s egyenletes fed\u00e9s \u00e9rdek\u00e9ben.<\/li>\n<li>Az els\u0151 haszn\u00e1lat el\u0151tt v\u00e9gezzen tapaszpr\u00f3b\u00e1t a b\u0151rrel val\u00f3 kompatibilit\u00e1s felm\u00e9r\u00e9se \u00e9rdek\u00e9ben.<\/li>\n<li>Ker\u00fclje a szemmel \u00e9s az \u00e9rz\u00e9keny ny\u00e1lkah\u00e1rtya-ter\u00fcletekkel val\u00f3 \u00e9rintkez\u00e9st.<\/li>\n<li>Ne alkalmazza irrit\u00e1lt vagy s\u00e9r\u00fclt b\u0151r\u00f6n.<\/li>\n<li>T\u00e1rolja h\u0171v\u00f6s, sz\u00e1raz, k\u00f6zvetlen napf\u00e9nyt\u0151l v\u00e9dett helyen, \u00e9s minden haszn\u00e1lat ut\u00e1n tartsa szorosan lez\u00e1rva az \u00fcveget.<\/li>\n<\/ul>","protected":false},"excerpt":{"rendered":"<p>Unmatched effectiveness for enhancing skin radiance and natural glow. Annatto oil is the most effective natural solution for promoting a luminous, healthy-looking complexion. Rich in naturally occurring antioxidants, it supports the skin\u2019s vitality, helps improve the appearance of uneven tone, and encourages a warm, radiant glow with regular use. The cheapest premium annatto oil available. [&hellip;]<\/p>\n","protected":false},"featured_media":23901,"comment_status":"open","ping_status":"closed","template":"","meta":{"_uag_custom_page_level_css":"","site-sidebar-layout":"default","site-content-layout":"","ast-site-content-layout":"default","site-content-style":"default","site-sidebar-style":"default","ast-global-header-display":"","ast-banner-title-visibility":"","ast-main-header-display":"","ast-hfb-above-header-display":"","ast-hfb-below-header-display":"","ast-hfb-mobile-header-display":"","site-post-title":"","ast-breadcrumbs-content":"","ast-featured-img":"","footer-sml-layout":"","ast-disable-related-posts":"","theme-transparent-header-meta":"default","adv-header-id-meta":"","stick-header-meta":"","header-above-stick-meta":"","header-main-stick-meta":"","header-below-stick-meta":"","astra-migrate-meta-layouts":"set","ast-page-background-enabled":"default","ast-page-background-meta":{"desktop":{"background-color":"var(--ast-global-color-4)","background-image":"","background-repeat":"repeat","background-position":"center center","background-size":"auto","background-attachment":"scroll","background-type":"","background-media":"","overlay-type":"","overlay-color":"","overlay-opacity":"","overlay-gradient":""},"tablet":{"background-color":"","background-image":"","background-repeat":"repeat","background-position":"center center","background-size":"auto","background-attachment":"scroll","background-type":"","background-media":"","overlay-type":"","overlay-color":"","overlay-opacity":"","overlay-gradient":""},"mobile":{"background-color":"","background-image":"","background-repeat":"repeat","background-position":"center center","background-size":"auto","background-attachment":"scroll","background-type":"","background-media":"","overlay-type":"","overlay-color":"","overlay-opacity":"","overlay-gradient":""}},"ast-content-background-meta":{"desktop":{"background-color":"var(--ast-global-color-5)","background-image":"","background-repeat":"repeat","background-position":"center center","background-size":"auto","background-attachment":"scroll","background-type":"","background-media":"","overlay-type":"","overlay-color":"","overlay-opacity":"","overlay-gradient":""},"tablet":{"background-color":"var(--ast-global-color-5)","background-image":"","background-repeat":"repeat","background-position":"center center","background-size":"auto","background-attachment":"scroll","background-type":"","background-media":"","overlay-type":"","overlay-color":"","overlay-opacity":"","overlay-gradient":""},"mobile":{"background-color":"var(--ast-global-color-5)","background-image":"","background-repeat":"repeat","background-position":"center center","background-size":"auto","background-attachment":"scroll","background-type":"","background-media":"","overlay-type":"","overlay-color":"","overlay-opacity":"","overlay-gradient":""}}},"product_brand":[],"product_cat":[15],"product_tag":[],"class_list":{"0":"post-23345","1":"product","2":"type-product","3":"status-publish","4":"has-post-thumbnail","6":"product_cat-shop","7":"desktop-align-left","8":"tablet-align-left","9":"mobile-align-left","11":"first","12":"instock","13":"shipping-taxable","14":"purchasable","15":"product-type-simple"},"spectra_custom_meta":{"_edit_lock":["1772460958:1"],"_edit_last":["1"],"merchant-center-availability":["yes"],"merchant-center-category":["6104"],"_thumbnail_id":["23901"],"_wp_page_template":["default"],"_sku":["OLANNATTOOIL"],"_global_unique_id":["5056773821330"],"_regular_price":["29.90"],"total_sales":["3"],"_tax_status":["taxable"],"_tax_class":[""],"_manage_stock":["no"],"_backorders":["no"],"_sold_individually":["no"],"_weight":["1.3"],"_virtual":["no"],"_downloadable":["no"],"_download_limit":["-1"],"_download_expiry":["-1"],"_stock":[null],"_stock_status":["instock"],"_wc_average_rating":["5.00"],"_wc_review_count":["15"],"_product_version":["10.5.2"],"_price":["29.90"],"site-sidebar-layout":["default"],"ast-site-content-layout":["default"],"site-content-style":["default"],"site-sidebar-style":["default"],"theme-transparent-header-meta":["default"],"_wc_rating_count":["a:1:{i:5;i:15;}"],"astra-migrate-meta-layouts":["set"],"_uag_css_file_name":["uag-css-23345.css"],"_elementor_page_assets":["a:0:{}"],"_uag_page_assets":["a:9:{s:3:\"css\";s:7156:\".uag-blocks-common-selector{z-index:var(--z-index-desktop) !important}@media (max-width: 976px){.uag-blocks-common-selector{z-index:var(--z-index-tablet) !important}}@media (max-width: 767px){.uag-blocks-common-selector{z-index:var(--z-index-mobile) !important}}\n.wp-block-uagb-image{display:flex}.wp-block-uagb-image__figure{position:relative;display:flex;flex-direction:column;max-width:100%;height:auto;margin:0}.wp-block-uagb-image__figure img{height:auto;display:flex;max-width:100%;transition:box-shadow 0.2s ease}.wp-block-uagb-image__figure>a{display:inline-block}.wp-block-uagb-image__figure figcaption{text-align:center;margin-top:0.5em;margin-bottom:1em}.wp-block-uagb-image .components-placeholder.block-editor-media-placeholder .components-placeholder__instructions{align-self:center}.wp-block-uagb-image--align-left{text-align:left}.wp-block-uagb-image--align-right{text-align:right}.wp-block-uagb-image--align-center{text-align:center}.wp-block-uagb-image--align-full .wp-block-uagb-image__figure{margin-left:calc(50% - 50vw);margin-right:calc(50% - 50vw);max-width:100vw;width:100vw;height:auto}.wp-block-uagb-image--align-full .wp-block-uagb-image__figure img{height:auto;width:100% !important}.wp-block-uagb-image--align-wide .wp-block-uagb-image__figure img{height:auto;width:100%}.wp-block-uagb-image--layout-overlay__color-wrapper{position:absolute;left:0;top:0;right:0;bottom:0;opacity:0.2;background:rgba(0,0,0,0.5);transition:opacity 0.35s ease-in-out}.wp-block-uagb-image--layout-overlay-link{position:absolute;left:0;right:0;bottom:0;top:0}.wp-block-uagb-image--layout-overlay .wp-block-uagb-image__figure:hover .wp-block-uagb-image--layout-overlay__color-wrapper{opacity:1}.wp-block-uagb-image--layout-overlay__inner{position:absolute;left:15px;right:15px;bottom:15px;top:15px;display:flex;align-items:center;justify-content:center;flex-direction:column;border-color:#fff;transition:0.35s ease-in-out}.wp-block-uagb-image--layout-overlay__inner.top-left,.wp-block-uagb-image--layout-overlay__inner.top-center,.wp-block-uagb-image--layout-overlay__inner.top-right{justify-content:flex-start}.wp-block-uagb-image--layout-overlay__inner.bottom-left,.wp-block-uagb-image--layout-overlay__inner.bottom-center,.wp-block-uagb-image--layout-overlay__inner.bottom-right{justify-content:flex-end}.wp-block-uagb-image--layout-overlay__inner.top-left,.wp-block-uagb-image--layout-overlay__inner.center-left,.wp-block-uagb-image--layout-overlay__inner.bottom-left{align-items:flex-start}.wp-block-uagb-image--layout-overlay__inner.top-right,.wp-block-uagb-image--layout-overlay__inner.center-right,.wp-block-uagb-image--layout-overlay__inner.bottom-right{align-items:flex-end}.wp-block-uagb-image--layout-overlay__inner .uagb-image-heading{color:#fff;transition:transform 0.35s, opacity 0.35s ease-in-out;transform:translate3d(0, 24px, 0);margin:0;line-height:1em}.wp-block-uagb-image--layout-overlay__inner .uagb-image-separator{width:30%;border-top-width:2px;border-top-color:#fff;border-top-style:solid;margin-bottom:10px;opacity:0;transition:transform 0.4s, opacity 0.4s ease-in-out;transform:translate3d(0, 30px, 0)}.wp-block-uagb-image--layout-overlay__inner .uagb-image-caption{opacity:0;overflow:visible;color:#fff;transition:transform 0.45s, opacity 0.45s ease-in-out;transform:translate3d(0, 35px, 0)}.wp-block-uagb-image--layout-overlay__inner:hover .uagb-image-heading,.wp-block-uagb-image--layout-overlay__inner:hover .uagb-image-separator,.wp-block-uagb-image--layout-overlay__inner:hover .uagb-image-caption{opacity:1;transform:translate3d(0, 0, 0)}.wp-block-uagb-image--effect-zoomin .wp-block-uagb-image__figure img,.wp-block-uagb-image--effect-zoomin .wp-block-uagb-image__figure .wp-block-uagb-image--layout-overlay__color-wrapper{transform:scale(1);transition:transform 0.35s ease-in-out}.wp-block-uagb-image--effect-zoomin .wp-block-uagb-image__figure:hover img,.wp-block-uagb-image--effect-zoomin .wp-block-uagb-image__figure:hover .wp-block-uagb-image--layout-overlay__color-wrapper{transform:scale(1.05)}.wp-block-uagb-image--effect-slide .wp-block-uagb-image__figure img,.wp-block-uagb-image--effect-slide .wp-block-uagb-image__figure .wp-block-uagb-image--layout-overlay__color-wrapper{width:calc(100% + 40px) !important;max-width:none !important;transform:translate3d(-40px, 0, 0);transition:transform 0.35s ease-in-out}.wp-block-uagb-image--effect-slide .wp-block-uagb-image__figure:hover img,.wp-block-uagb-image--effect-slide .wp-block-uagb-image__figure:hover .wp-block-uagb-image--layout-overlay__color-wrapper{transform:translate3d(0, 0, 0)}.wp-block-uagb-image--effect-grayscale img{filter:grayscale(0%);transition:0.35s ease-in-out}.wp-block-uagb-image--effect-grayscale:hover img{filter:grayscale(100%)}.wp-block-uagb-image--effect-blur img{filter:blur(0);transition:0.35s ease-in-out}.wp-block-uagb-image--effect-blur:hover img{filter:blur(3px)}\n.uagb-block-e6f939b3.wp-block-uagb-image--layout-default figure img{box-shadow: 0px 0px 0 #00000070;}.uagb-block-e6f939b3.wp-block-uagb-image .wp-block-uagb-image__figure figcaption{font-style: normal;align-self: center;}.uagb-block-e6f939b3.wp-block-uagb-image--layout-overlay figure img{box-shadow: 0px 0px 0 #00000070;}.uagb-block-e6f939b3.wp-block-uagb-image--layout-overlay .wp-block-uagb-image--layout-overlay__color-wrapper{opacity: 0.2;}.uagb-block-e6f939b3.wp-block-uagb-image--layout-overlay .wp-block-uagb-image--layout-overlay__inner{left: 15px;right: 15px;top: 15px;bottom: 15px;}.uagb-block-e6f939b3.wp-block-uagb-image--layout-overlay .wp-block-uagb-image--layout-overlay__inner .uagb-image-heading{font-style: normal;color: #fff;opacity: 1;}.uagb-block-e6f939b3.wp-block-uagb-image--layout-overlay .wp-block-uagb-image--layout-overlay__inner .uagb-image-heading a{color: #fff;}.uagb-block-e6f939b3.wp-block-uagb-image--layout-overlay .wp-block-uagb-image--layout-overlay__inner .uagb-image-caption{opacity: 0;}.uagb-block-e6f939b3.wp-block-uagb-image--layout-overlay .wp-block-uagb-image__figure:hover .wp-block-uagb-image--layout-overlay__color-wrapper{opacity: 1;}.uagb-block-e6f939b3.wp-block-uagb-image .wp-block-uagb-image--layout-overlay__inner .uagb-image-separator{width: 30%;border-top-width: 2px;border-top-color: #fff;opacity: 0;}.uagb-block-e6f939b3.wp-block-uagb-image .wp-block-uagb-image__figure img{width: px;height: auto;}.uagb-block-e6f939b3.wp-block-uagb-image .wp-block-uagb-image__figure:hover .wp-block-uagb-image--layout-overlay__inner .uagb-image-caption{opacity: 1;}.uagb-block-e6f939b3.wp-block-uagb-image .wp-block-uagb-image__figure:hover .wp-block-uagb-image--layout-overlay__inner .uagb-image-separator{opacity: 1;}.uagb-block-e6f939b3.wp-block-uagb-image--layout-default figure:hover img{box-shadow: 0px 0px 0 #00000070;}.uagb-block-e6f939b3.wp-block-uagb-image--layout-overlay figure:hover img{box-shadow: 0px 0px 0 #00000070;}@media only screen and (max-width: 976px) {.uagb-block-e6f939b3.wp-block-uagb-image .wp-block-uagb-image__figure img{width: px;height: auto;}}@media only screen and (max-width: 767px) {.uagb-block-e6f939b3.wp-block-uagb-image .wp-block-uagb-image__figure img{width: px;height: auto;}}\";s:2:\"js\";s:0:\"\";s:18:\"current_block_list\";a:13:{i:0;s:11:\"core\/search\";i:1;s:10:\"core\/group\";i:2;s:12:\"core\/heading\";i:3;s:17:\"core\/latest-posts\";i:4;s:20:\"core\/latest-comments\";i:5;s:13:\"core\/archives\";i:6;s:15:\"core\/categories\";i:7;s:14:\"core\/paragraph\";i:8;s:10:\"uagb\/image\";i:9;s:11:\"core\/spacer\";i:10;s:30:\"woocommerce\/product-categories\";i:11;s:10:\"core\/image\";i:12;s:14:\"core\/shortcode\";}s:8:\"uag_flag\";b:1;s:11:\"uag_version\";s:10:\"1776353307\";s:6:\"gfonts\";a:0:{}s:10:\"gfonts_url\";s:0:\"\";s:12:\"gfonts_files\";a:0:{}s:14:\"uag_faq_layout\";b:0;}"]},"uagb_featured_image_src":{"full":["https:\/\/www.oleaia.com\/wp-content\/uploads\/2025\/07\/Oleaia-Annatto-Oil-1L.jpg",2560,2560,false],"thumbnail":["https:\/\/www.oleaia.com\/wp-content\/uploads\/2025\/07\/Oleaia-Annatto-Oil-1L-150x150.jpg",150,150,true],"medium":["https:\/\/www.oleaia.com\/wp-content\/uploads\/2025\/07\/Oleaia-Annatto-Oil-1L-300x300.jpg",300,300,true],"medium_large":["https:\/\/www.oleaia.com\/wp-content\/uploads\/2025\/07\/Oleaia-Annatto-Oil-1L-768x768.jpg",768,768,true],"large":["https:\/\/www.oleaia.com\/wp-content\/uploads\/2025\/07\/Oleaia-Annatto-Oil-1L-1024x1024.jpg",1024,1024,true],"1536x1536":["https:\/\/www.oleaia.com\/wp-content\/uploads\/2025\/07\/Oleaia-Annatto-Oil-1L-1536x1536.jpg",1536,1536,true],"2048x2048":["https:\/\/www.oleaia.com\/wp-content\/uploads\/2025\/07\/Oleaia-Annatto-Oil-1L-2048x2048.jpg",2048,2048,true],"trp-custom-language-flag":["https:\/\/www.oleaia.com\/wp-content\/uploads\/2025\/07\/Oleaia-Annatto-Oil-1L-12x12.jpg",12,12,true],"woocommerce_thumbnail":["https:\/\/www.oleaia.com\/wp-content\/uploads\/2025\/07\/Oleaia-Annatto-Oil-1L-300x300.jpg",300,300,true],"woocommerce_single":["https:\/\/www.oleaia.com\/wp-content\/uploads\/2025\/07\/Oleaia-Annatto-Oil-1L-600x600.jpg",600,600,true],"woocommerce_gallery_thumbnail":["https:\/\/www.oleaia.com\/wp-content\/uploads\/2025\/07\/Oleaia-Annatto-Oil-1L-100x100.jpg",100,100,true]},"uagb_author_info":{"display_name":"admin","author_link":"https:\/\/www.oleaia.com\/hu\/author\/"},"uagb_comment_info":15,"uagb_excerpt":"Unmatched effectiveness for enhancing skin radiance and natural glow. Annatto oil is the most effective natural solution for promoting a luminous, healthy-looking complexion. Rich in naturally occurring antioxidants, it supports the skin\u2019s vitality, helps improve the appearance of uneven tone, and encourages a warm, radiant glow with regular use. The cheapest premium annatto oil available.&hellip;","_links":{"self":[{"href":"https:\/\/www.oleaia.com\/hu\/wp-json\/wp\/v2\/product\/23345","targetHints":{"allow":["GET"]}}],"collection":[{"href":"https:\/\/www.oleaia.com\/hu\/wp-json\/wp\/v2\/product"}],"about":[{"href":"https:\/\/www.oleaia.com\/hu\/wp-json\/wp\/v2\/types\/product"}],"replies":[{"embeddable":true,"href":"https:\/\/www.oleaia.com\/hu\/wp-json\/wp\/v2\/comments?post=23345"}],"version-history":[{"count":7,"href":"https:\/\/www.oleaia.com\/hu\/wp-json\/wp\/v2\/product\/23345\/revisions"}],"predecessor-version":[{"id":77980,"href":"https:\/\/www.oleaia.com\/hu\/wp-json\/wp\/v2\/product\/23345\/revisions\/77980"}],"wp:featuredmedia":[{"embeddable":true,"href":"https:\/\/www.oleaia.com\/hu\/wp-json\/wp\/v2\/media\/23901"}],"wp:attachment":[{"href":"https:\/\/www.oleaia.com\/hu\/wp-json\/wp\/v2\/media?parent=23345"}],"wp:term":[{"taxonomy":"product_brand","embeddable":true,"href":"https:\/\/www.oleaia.com\/hu\/wp-json\/wp\/v2\/product_brand?post=23345"},{"taxonomy":"product_cat","embeddable":true,"href":"https:\/\/www.oleaia.com\/hu\/wp-json\/wp\/v2\/product_cat?post=23345"},{"taxonomy":"product_tag","embeddable":true,"href":"https:\/\/www.oleaia.com\/hu\/wp-json\/wp\/v2\/product_tag?post=23345"}],"curies":[{"name":"wp","href":"https:\/\/api.w.org\/{rel}","templated":true}]}}