{"id":23470,"date":"2025-08-04T16:16:08","date_gmt":"2025-08-04T14:16:08","guid":{"rendered":"https:\/\/www.oleaia.com\/?post_type=product&#038;p=23470"},"modified":"2026-03-02T15:13:11","modified_gmt":"2026-03-02T14:13:11","slug":"aloe-vera-oil","status":"publish","type":"product","link":"https:\/\/www.oleaia.com\/hu\/products\/aloe-vera-oil\/","title":{"rendered":"Aloe Vera olaj - 1 liter"},"content":{"rendered":"<p><strong><img decoding=\"async\" style=\"margin-right: 12px;\" src=\"https:\/\/www.oleaia.com\/wp-content\/uploads\/2026\/03\/Check.svg\" alt=\"\" width=\"18\" height=\"15\" \/>P\u00e1ratlan hat\u00e9konys\u00e1g a b\u0151r hidrat\u00e1l\u00e1s\u00e1ban \u00e9s helyre\u00e1ll\u00edt\u00e1s\u00e1ban.<\/strong> Az aloe vera olaj a leghat\u00e9konyabb term\u00e9szetes sz\u00f6vets\u00e9ges a m\u00e9lyen hidrat\u00e1lt, rugalmas \u00e9s l\u00e1that\u00f3an eg\u00e9szs\u00e9gesebb b\u0151r fenntart\u00e1s\u00e1ban. Nyugtat\u00f3 n\u00f6v\u00e9nyi tulajdons\u00e1gai seg\u00edtenek t\u00e1mogatni a b\u0151r term\u00e9szetes barrierj\u00e9t, el\u0151seg\u00edtik a sim\u00e1bb text\u00far\u00e1t, \u00e9s k\u00f6vetkezetes haszn\u00e1lat mellett felfriss\u00fclt megjelen\u00e9st biztos\u00edtanak.<\/p>\n<p><strong><img decoding=\"async\" style=\"margin-right: 12px;\" src=\"https:\/\/www.oleaia.com\/wp-content\/uploads\/2026\/03\/Check.svg\" alt=\"\" width=\"18\" height=\"15\" \/>A legolcs\u00f3bb megold\u00e1s a min\u0151s\u00e9g fel\u00e1ldoz\u00e1sa n\u00e9lk\u00fcl.<\/strong> Mi vagyunk a legolcs\u00f3bbak a piacon, mik\u00f6zben fenntartjuk a szigor\u00fa min\u0151s\u00e9gi szabv\u00e1nyokat, \u00edgy mindenki sz\u00e1m\u00e1ra el\u00e9rhet\u0151 \u00e1ron \u00e9lvezheti a pr\u00e9mium min\u0151s\u00e9g\u0171 n\u00f6v\u00e9nyi \u00e1pol\u00e1st. Ez a kiv\u00e9teles \u00e9rt\u00e9k megfizethet\u0151v\u00e9 \u00e9s fenntarthat\u00f3v\u00e1 teszi a mindennapi b\u0151r\u00e1pol\u00e1st.<\/p>\n<p><strong><img decoding=\"async\" style=\"margin-right: 12px;\" src=\"https:\/\/www.oleaia.com\/wp-content\/uploads\/2026\/03\/Check.svg\" alt=\"\" width=\"18\" height=\"15\" \/>24 \u00f3r\u00e1s sz\u00e1ll\u00edt\u00e1s az azonnali rendelkez\u00e9sre \u00e1ll\u00e1s \u00e9rdek\u00e9ben.<\/strong> Mindig 24 \u00f3r\u00e1s kisz\u00e1ll\u00edt\u00e1st k\u00edn\u00e1lunk, \u00edgy biztos\u00edtva, hogy az aloe vera olaj gyorsan \u00e9s megb\u00edzhat\u00f3an eljusson \u00d6nh\u00f6z. Ez a gyorsas\u00e1g garant\u00e1lja a megszak\u00edt\u00e1s n\u00e9lk\u00fcli \u00e1pol\u00e1st, amikor a b\u0151r vagy a haj extra figyelmet ig\u00e9nyel.<\/p>\n<p><strong><img decoding=\"async\" style=\"margin-right: 12px;\" src=\"https:\/\/www.oleaia.com\/wp-content\/uploads\/2026\/03\/Check.svg\" alt=\"\" width=\"18\" height=\"15\" \/>P\u00e9nzvisszafizet\u00e9si garancia a teljes bizalom\u00e9rt.<\/strong> P\u00e9nzvisszafizet\u00e9si garanci\u00e1t k\u00edn\u00e1lunk. Ha a v\u00e1s\u00e1rl\u00f3 nem el\u00e9gedett, visszat\u00e9r\u00edtj\u00fck a p\u00e9nz\u00e9t. Ez a biztos\u00edt\u00e9k a term\u00e9k teljes\u00edtm\u00e9ny\u00e9be vetett teljes bizalmat t\u00fckr\u00f6zi, \u00e9s teljes lelki nyugalmat biztos\u00edt.<\/p>\n<p><strong><img decoding=\"async\" style=\"margin-right: 12px;\" src=\"https:\/\/www.oleaia.com\/wp-content\/uploads\/2026\/03\/Check.svg\" alt=\"\" width=\"18\" height=\"15\" \/>Teljesen bio a term\u00e9szetes b\u0151r- \u00e9s haj\u00e1pol\u00e1shoz.<\/strong> Az aloe vera olajunk teljes m\u00e9rt\u00e9kben bio, a term\u00e9szet \u00e9s a botanikai integrit\u00e1s tiszteletben tart\u00e1s\u00e1val termesztett \u00e9s el\u0151\u00e1ll\u00edtott. Ez biztos\u00edtja, hogy a term\u00e9k \u00f6sszhangban legyen a tiszta sz\u00e9ps\u00e9g elveivel \u00e9s a k\u00f6rnyezettudatos \u00e9rt\u00e9kekkel.<\/p>\n<p><strong><img decoding=\"async\" style=\"margin-right: 12px;\" src=\"https:\/\/www.oleaia.com\/wp-content\/uploads\/2026\/03\/Check.svg\" alt=\"\" width=\"18\" height=\"15\" \/>M\u00e9lyen t\u00e1pl\u00e1l\u00f3 a sz\u00e1raz \u00e9s \u00e9rz\u00e9keny b\u0151r sz\u00e1m\u00e1ra.<\/strong> Az aloe vera olaj t\u00e1mogatja a tart\u00f3s hidrat\u00e1l\u00e1st \u00e9s k\u00e9nyelmet, seg\u00edt cs\u00f6kkenteni a sz\u00e1razs\u00e1ggal j\u00e1r\u00f3 fesz\u00fcl\u0151 \u00e9rz\u00e9st. A b\u0151rt puh\u00e1v\u00e1, sim\u00e1v\u00e1 \u00e9s l\u00e1that\u00f3an \u00e9lettel teliv\u00e9 teszi, neh\u00e9z maradv\u00e1nyok n\u00e9lk\u00fcl.<\/p>\n<p><strong><img decoding=\"async\" style=\"margin-right: 12px;\" src=\"https:\/\/www.oleaia.com\/wp-content\/uploads\/2026\/03\/Check.svg\" alt=\"\" width=\"18\" height=\"15\" \/>T\u00e1mogatja a fejb\u0151r eg\u00e9szs\u00e9g\u00e9t \u00e9s a haj vitalit\u00e1s\u00e1t.<\/strong> A fejb\u0151rre kenve az aloe vera olaj seg\u00edt fenntartani a nedvess\u00e9g egyens\u00faly\u00e1t \u00e9s el\u0151seg\u00edti az eg\u00e9szs\u00e9ges f\u00e9nyt. Hozz\u00e1j\u00e1rul a sim\u00e1bb, kezelhet\u0151bb hajhoz \u00e9s t\u00e1mogatja a fejb\u0151r \u00e1ltal\u00e1nos komfort\u00e9rzet\u00e9t.<\/p>\n<p><strong><img decoding=\"async\" style=\"margin-right: 12px;\" src=\"https:\/\/www.oleaia.com\/wp-content\/uploads\/2026\/03\/Check.svg\" alt=\"\" width=\"18\" height=\"15\" \/>Nyugtat\u00f3 napoz\u00e1s \u00e9s k\u00f6rnyezeti stressz ut\u00e1n.<\/strong> Az aloe vera olajat hagyom\u00e1nyosan nagyra \u00e9rt\u00e9kelik a t\u00falhev\u00fclt vagy stresszes b\u0151r megnyugtat\u00e1s\u00e1ra. Nyugtat\u00f3 tulajdons\u00e1gai miatt ide\u00e1lis a napoz\u00e1s ut\u00e1ni rutinhoz \u00e9s a k\u00f6rnyezeti t\u00e9nyez\u0151k elleni napi v\u00e9delemhez.<\/p>\n<p><strong><img decoding=\"async\" style=\"margin-right: 12px;\" src=\"https:\/\/www.oleaia.com\/wp-content\/uploads\/2026\/03\/Check.svg\" alt=\"\" width=\"18\" height=\"15\" \/>Sokoldal\u00faan alkalmazhat\u00f3 arc-, test- \u00e9s haj\u00e1pol\u00e1shoz.<\/strong> Az aloe vera olaj k\u00f6nnyen integr\u00e1lhat\u00f3 a megl\u00e9v\u0151 sz\u00e9ps\u00e9g\u00e1pol\u00e1si ritu\u00e1l\u00e9kba, legyen sz\u00f3 arcolajr\u00f3l, testhidrat\u00e1l\u00f3r\u00f3l, fejb\u0151rkezel\u00e9sr\u0151l vagy massz\u00e1zsolajr\u00f3l. Alkalmazkod\u00f3k\u00e9pess\u00e9ge a term\u00e9szetes \u00e1pol\u00e1s multifunkcion\u00e1lis alapanyag\u00e1v\u00e1 teszi.<\/p>\n<p><strong><img decoding=\"async\" style=\"margin-right: 12px;\" src=\"https:\/\/www.oleaia.com\/wp-content\/uploads\/2026\/03\/Check.svg\" alt=\"\" width=\"18\" height=\"15\" \/>M\u00e1r t\u00e1pl\u00e1l\u00f3 olajjal d\u00fas\u00edtva a fokozott k\u00e9nyelem \u00e9rdek\u00e9ben.<\/strong> Aloe vera olajunkat m\u00e1r t\u00e1pl\u00e1l\u00f3 olajjal d\u00fas\u00edtottuk, hogy biztos\u00edtsuk a k\u00edm\u00e9letes alkalmaz\u00e1st, a jobb eloszlathat\u00f3s\u00e1got, az optim\u00e1lis k\u00e9nyelmet \u00e9s a k\u00f6nny\u0171 haszn\u00e1latot. Ez az \u00e1tgondolt \u00f6sszet\u00e9tel fokozza a b\u0151r\u00e9rzetet \u00e9s leegyszer\u0171s\u00edti a napi alkalmaz\u00e1st.<\/p>\n<h2><strong>Utas\u00edt\u00e1sok<\/strong><\/h2>\n<ul>\n<li>Vigyen fel n\u00e9h\u00e1ny cseppet a tiszta, sz\u00e1raz b\u0151rre, \u00e9s gyeng\u00e9den massz\u00edrozza be, am\u00edg teljesen felsz\u00edv\u00f3dik.<\/li>\n<li>Haszn\u00e1lja naponta egyszer vagy k\u00e9tszer az arc\u00e1pol\u00e1shoz, lehet\u0151leg reggel \u00e9s este.<\/li>\n<li>Testre alkalmazva, zuhanyz\u00e1s ut\u00e1n alkalmazza, hogy seg\u00edtsen a nedvess\u00e9g megk\u00f6t\u00e9s\u00e9ben.<\/li>\n<li>A fejb\u0151r \u00e1pol\u00e1s\u00e1ra massz\u00edrozzon egy kis mennyis\u00e9get a fejb\u0151rbe, \u00e9s mos\u00e1s el\u0151tt hagyja rajta legal\u00e1bb 30 percig.<\/li>\n<li>A haj t\u00e1pl\u00e1l\u00e1s\u00e1hoz vigyen fel n\u00e9h\u00e1ny cseppet a hajhosszra \u00e9s a hajv\u00e9gekre, hogy fokozza a puhas\u00e1got \u00e9s a f\u00e9nyt.<\/li>\n<li>Az aj\u00e1nlott adag feln\u0151ttek sz\u00e1m\u00e1ra napi 8 csepp az arcon, a b\u0151rt\u00edpusnak \u00e9s az alkalmaz\u00e1si ter\u00fcletnek megfelel\u0151en.<\/li>\n<li>Az els\u0151 haszn\u00e1lat el\u0151tt v\u00e9gezzen tapaszpr\u00f3b\u00e1t a b\u0151rrel val\u00f3 kompatibilit\u00e1s ellen\u0151rz\u00e9s\u00e9re.<\/li>\n<li>Ker\u00fclje a szemmel \u00e9s az \u00e9rz\u00e9keny ny\u00e1lkah\u00e1rtya-ter\u00fcletekkel val\u00f3 \u00e9rintkez\u00e9st.<\/li>\n<li>T\u00e1rolja h\u0171v\u00f6s, sz\u00e1raz, k\u00f6zvetlen napf\u00e9nyt\u0151l v\u00e9dett helyen, \u00e9s haszn\u00e1lat ut\u00e1n szorosan z\u00e1rja le az \u00fcveget.<\/li>\n<li>Rendszeres haszn\u00e1latra alkalmas a k\u00f6vetkezetes b\u0151r\u00e1pol\u00e1si vagy haj\u00e1pol\u00e1si rutin r\u00e9szek\u00e9nt.<\/li>\n<\/ul>","protected":false},"excerpt":{"rendered":"<p>Unmatched effectiveness for skin hydration and repair. Aloe vera oil is the most effective natural ally for maintaining deeply hydrated, supple, and visibly healthier skin. Its soothing botanical properties help support the skin\u2019s natural barrier, encourage a smoother texture, and promote a refreshed appearance with consistent use. The cheapest option without sacrificing quality. We are [&hellip;]<\/p>\n","protected":false},"featured_media":23878,"comment_status":"open","ping_status":"closed","template":"","meta":{"_uag_custom_page_level_css":"","site-sidebar-layout":"default","site-content-layout":"","ast-site-content-layout":"default","site-content-style":"default","site-sidebar-style":"default","ast-global-header-display":"","ast-banner-title-visibility":"","ast-main-header-display":"","ast-hfb-above-header-display":"","ast-hfb-below-header-display":"","ast-hfb-mobile-header-display":"","site-post-title":"","ast-breadcrumbs-content":"","ast-featured-img":"","footer-sml-layout":"","ast-disable-related-posts":"","theme-transparent-header-meta":"default","adv-header-id-meta":"","stick-header-meta":"","header-above-stick-meta":"","header-main-stick-meta":"","header-below-stick-meta":"","astra-migrate-meta-layouts":"set","ast-page-background-enabled":"default","ast-page-background-meta":{"desktop":{"background-color":"var(--ast-global-color-4)","background-image":"","background-repeat":"repeat","background-position":"center center","background-size":"auto","background-attachment":"scroll","background-type":"","background-media":"","overlay-type":"","overlay-color":"","overlay-opacity":"","overlay-gradient":""},"tablet":{"background-color":"","background-image":"","background-repeat":"repeat","background-position":"center center","background-size":"auto","background-attachment":"scroll","background-type":"","background-media":"","overlay-type":"","overlay-color":"","overlay-opacity":"","overlay-gradient":""},"mobile":{"background-color":"","background-image":"","background-repeat":"repeat","background-position":"center center","background-size":"auto","background-attachment":"scroll","background-type":"","background-media":"","overlay-type":"","overlay-color":"","overlay-opacity":"","overlay-gradient":""}},"ast-content-background-meta":{"desktop":{"background-color":"var(--ast-global-color-5)","background-image":"","background-repeat":"repeat","background-position":"center center","background-size":"auto","background-attachment":"scroll","background-type":"","background-media":"","overlay-type":"","overlay-color":"","overlay-opacity":"","overlay-gradient":""},"tablet":{"background-color":"var(--ast-global-color-5)","background-image":"","background-repeat":"repeat","background-position":"center center","background-size":"auto","background-attachment":"scroll","background-type":"","background-media":"","overlay-type":"","overlay-color":"","overlay-opacity":"","overlay-gradient":""},"mobile":{"background-color":"var(--ast-global-color-5)","background-image":"","background-repeat":"repeat","background-position":"center center","background-size":"auto","background-attachment":"scroll","background-type":"","background-media":"","overlay-type":"","overlay-color":"","overlay-opacity":"","overlay-gradient":""}}},"product_brand":[],"product_cat":[15],"product_tag":[],"class_list":{"0":"post-23470","1":"product","2":"type-product","3":"status-publish","4":"has-post-thumbnail","6":"product_cat-shop","7":"desktop-align-left","8":"tablet-align-left","9":"mobile-align-left","11":"first","12":"instock","13":"shipping-taxable","14":"purchasable","15":"product-type-simple"},"spectra_custom_meta":{"_edit_lock":["1772460654:1"],"_edit_last":["1"],"merchant-center-availability":["yes"],"merchant-center-category":["6104"],"_thumbnail_id":["23878"],"_wp_page_template":["default"],"_sku":["OLALOEVERAOIL"],"_global_unique_id":["5056773821613"],"_regular_price":["29.90"],"total_sales":["27"],"_tax_status":["taxable"],"_tax_class":[""],"_manage_stock":["no"],"_backorders":["no"],"_sold_individually":["no"],"_weight":["1.3"],"_virtual":["no"],"_downloadable":["no"],"_download_limit":["-1"],"_download_expiry":["-1"],"_stock":[null],"_stock_status":["instock"],"_wc_average_rating":["5.00"],"_wc_review_count":["15"],"_product_version":["10.5.2"],"_price":["29.90"],"site-sidebar-layout":["default"],"ast-site-content-layout":["default"],"site-content-style":["default"],"site-sidebar-style":["default"],"theme-transparent-header-meta":["default"],"_wc_rating_count":["a:1:{i:5;i:15;}"],"astra-migrate-meta-layouts":["set"],"_uag_css_file_name":["uag-css-23470.css"],"_elementor_page_assets":["a:0:{}"],"_uag_page_assets":["a:9:{s:3:\"css\";s:7156:\".uag-blocks-common-selector{z-index:var(--z-index-desktop) !important}@media (max-width: 976px){.uag-blocks-common-selector{z-index:var(--z-index-tablet) !important}}@media (max-width: 767px){.uag-blocks-common-selector{z-index:var(--z-index-mobile) !important}}\n.wp-block-uagb-image{display:flex}.wp-block-uagb-image__figure{position:relative;display:flex;flex-direction:column;max-width:100%;height:auto;margin:0}.wp-block-uagb-image__figure img{height:auto;display:flex;max-width:100%;transition:box-shadow 0.2s ease}.wp-block-uagb-image__figure>a{display:inline-block}.wp-block-uagb-image__figure figcaption{text-align:center;margin-top:0.5em;margin-bottom:1em}.wp-block-uagb-image .components-placeholder.block-editor-media-placeholder .components-placeholder__instructions{align-self:center}.wp-block-uagb-image--align-left{text-align:left}.wp-block-uagb-image--align-right{text-align:right}.wp-block-uagb-image--align-center{text-align:center}.wp-block-uagb-image--align-full .wp-block-uagb-image__figure{margin-left:calc(50% - 50vw);margin-right:calc(50% - 50vw);max-width:100vw;width:100vw;height:auto}.wp-block-uagb-image--align-full .wp-block-uagb-image__figure img{height:auto;width:100% !important}.wp-block-uagb-image--align-wide .wp-block-uagb-image__figure img{height:auto;width:100%}.wp-block-uagb-image--layout-overlay__color-wrapper{position:absolute;left:0;top:0;right:0;bottom:0;opacity:0.2;background:rgba(0,0,0,0.5);transition:opacity 0.35s ease-in-out}.wp-block-uagb-image--layout-overlay-link{position:absolute;left:0;right:0;bottom:0;top:0}.wp-block-uagb-image--layout-overlay .wp-block-uagb-image__figure:hover .wp-block-uagb-image--layout-overlay__color-wrapper{opacity:1}.wp-block-uagb-image--layout-overlay__inner{position:absolute;left:15px;right:15px;bottom:15px;top:15px;display:flex;align-items:center;justify-content:center;flex-direction:column;border-color:#fff;transition:0.35s ease-in-out}.wp-block-uagb-image--layout-overlay__inner.top-left,.wp-block-uagb-image--layout-overlay__inner.top-center,.wp-block-uagb-image--layout-overlay__inner.top-right{justify-content:flex-start}.wp-block-uagb-image--layout-overlay__inner.bottom-left,.wp-block-uagb-image--layout-overlay__inner.bottom-center,.wp-block-uagb-image--layout-overlay__inner.bottom-right{justify-content:flex-end}.wp-block-uagb-image--layout-overlay__inner.top-left,.wp-block-uagb-image--layout-overlay__inner.center-left,.wp-block-uagb-image--layout-overlay__inner.bottom-left{align-items:flex-start}.wp-block-uagb-image--layout-overlay__inner.top-right,.wp-block-uagb-image--layout-overlay__inner.center-right,.wp-block-uagb-image--layout-overlay__inner.bottom-right{align-items:flex-end}.wp-block-uagb-image--layout-overlay__inner .uagb-image-heading{color:#fff;transition:transform 0.35s, opacity 0.35s ease-in-out;transform:translate3d(0, 24px, 0);margin:0;line-height:1em}.wp-block-uagb-image--layout-overlay__inner .uagb-image-separator{width:30%;border-top-width:2px;border-top-color:#fff;border-top-style:solid;margin-bottom:10px;opacity:0;transition:transform 0.4s, opacity 0.4s ease-in-out;transform:translate3d(0, 30px, 0)}.wp-block-uagb-image--layout-overlay__inner .uagb-image-caption{opacity:0;overflow:visible;color:#fff;transition:transform 0.45s, opacity 0.45s ease-in-out;transform:translate3d(0, 35px, 0)}.wp-block-uagb-image--layout-overlay__inner:hover .uagb-image-heading,.wp-block-uagb-image--layout-overlay__inner:hover .uagb-image-separator,.wp-block-uagb-image--layout-overlay__inner:hover .uagb-image-caption{opacity:1;transform:translate3d(0, 0, 0)}.wp-block-uagb-image--effect-zoomin .wp-block-uagb-image__figure img,.wp-block-uagb-image--effect-zoomin .wp-block-uagb-image__figure .wp-block-uagb-image--layout-overlay__color-wrapper{transform:scale(1);transition:transform 0.35s ease-in-out}.wp-block-uagb-image--effect-zoomin .wp-block-uagb-image__figure:hover img,.wp-block-uagb-image--effect-zoomin .wp-block-uagb-image__figure:hover .wp-block-uagb-image--layout-overlay__color-wrapper{transform:scale(1.05)}.wp-block-uagb-image--effect-slide .wp-block-uagb-image__figure img,.wp-block-uagb-image--effect-slide .wp-block-uagb-image__figure .wp-block-uagb-image--layout-overlay__color-wrapper{width:calc(100% + 40px) !important;max-width:none !important;transform:translate3d(-40px, 0, 0);transition:transform 0.35s ease-in-out}.wp-block-uagb-image--effect-slide .wp-block-uagb-image__figure:hover img,.wp-block-uagb-image--effect-slide .wp-block-uagb-image__figure:hover .wp-block-uagb-image--layout-overlay__color-wrapper{transform:translate3d(0, 0, 0)}.wp-block-uagb-image--effect-grayscale img{filter:grayscale(0%);transition:0.35s ease-in-out}.wp-block-uagb-image--effect-grayscale:hover img{filter:grayscale(100%)}.wp-block-uagb-image--effect-blur img{filter:blur(0);transition:0.35s ease-in-out}.wp-block-uagb-image--effect-blur:hover img{filter:blur(3px)}\n.uagb-block-e6f939b3.wp-block-uagb-image--layout-default figure img{box-shadow: 0px 0px 0 #00000070;}.uagb-block-e6f939b3.wp-block-uagb-image .wp-block-uagb-image__figure figcaption{font-style: normal;align-self: center;}.uagb-block-e6f939b3.wp-block-uagb-image--layout-overlay figure img{box-shadow: 0px 0px 0 #00000070;}.uagb-block-e6f939b3.wp-block-uagb-image--layout-overlay .wp-block-uagb-image--layout-overlay__color-wrapper{opacity: 0.2;}.uagb-block-e6f939b3.wp-block-uagb-image--layout-overlay .wp-block-uagb-image--layout-overlay__inner{left: 15px;right: 15px;top: 15px;bottom: 15px;}.uagb-block-e6f939b3.wp-block-uagb-image--layout-overlay .wp-block-uagb-image--layout-overlay__inner .uagb-image-heading{font-style: normal;color: #fff;opacity: 1;}.uagb-block-e6f939b3.wp-block-uagb-image--layout-overlay .wp-block-uagb-image--layout-overlay__inner .uagb-image-heading a{color: #fff;}.uagb-block-e6f939b3.wp-block-uagb-image--layout-overlay .wp-block-uagb-image--layout-overlay__inner .uagb-image-caption{opacity: 0;}.uagb-block-e6f939b3.wp-block-uagb-image--layout-overlay .wp-block-uagb-image__figure:hover .wp-block-uagb-image--layout-overlay__color-wrapper{opacity: 1;}.uagb-block-e6f939b3.wp-block-uagb-image .wp-block-uagb-image--layout-overlay__inner .uagb-image-separator{width: 30%;border-top-width: 2px;border-top-color: #fff;opacity: 0;}.uagb-block-e6f939b3.wp-block-uagb-image .wp-block-uagb-image__figure img{width: px;height: auto;}.uagb-block-e6f939b3.wp-block-uagb-image .wp-block-uagb-image__figure:hover .wp-block-uagb-image--layout-overlay__inner .uagb-image-caption{opacity: 1;}.uagb-block-e6f939b3.wp-block-uagb-image .wp-block-uagb-image__figure:hover .wp-block-uagb-image--layout-overlay__inner .uagb-image-separator{opacity: 1;}.uagb-block-e6f939b3.wp-block-uagb-image--layout-default figure:hover img{box-shadow: 0px 0px 0 #00000070;}.uagb-block-e6f939b3.wp-block-uagb-image--layout-overlay figure:hover img{box-shadow: 0px 0px 0 #00000070;}@media only screen and (max-width: 976px) {.uagb-block-e6f939b3.wp-block-uagb-image .wp-block-uagb-image__figure img{width: px;height: auto;}}@media only screen and (max-width: 767px) {.uagb-block-e6f939b3.wp-block-uagb-image .wp-block-uagb-image__figure img{width: px;height: auto;}}\";s:2:\"js\";s:0:\"\";s:18:\"current_block_list\";a:13:{i:0;s:11:\"core\/search\";i:1;s:10:\"core\/group\";i:2;s:12:\"core\/heading\";i:3;s:17:\"core\/latest-posts\";i:4;s:20:\"core\/latest-comments\";i:5;s:13:\"core\/archives\";i:6;s:15:\"core\/categories\";i:7;s:14:\"core\/paragraph\";i:8;s:10:\"uagb\/image\";i:9;s:11:\"core\/spacer\";i:10;s:30:\"woocommerce\/product-categories\";i:11;s:10:\"core\/image\";i:12;s:14:\"core\/shortcode\";}s:8:\"uag_flag\";b:1;s:11:\"uag_version\";s:10:\"1776423359\";s:6:\"gfonts\";a:0:{}s:10:\"gfonts_url\";s:0:\"\";s:12:\"gfonts_files\";a:0:{}s:14:\"uag_faq_layout\";b:0;}"]},"uagb_featured_image_src":{"full":["https:\/\/www.oleaia.com\/wp-content\/uploads\/2025\/08\/Oleaia-Aloe-Vera-Oil-1L.jpg",2560,2560,false],"thumbnail":["https:\/\/www.oleaia.com\/wp-content\/uploads\/2025\/08\/Oleaia-Aloe-Vera-Oil-1L-150x150.jpg",150,150,true],"medium":["https:\/\/www.oleaia.com\/wp-content\/uploads\/2025\/08\/Oleaia-Aloe-Vera-Oil-1L-300x300.jpg",300,300,true],"medium_large":["https:\/\/www.oleaia.com\/wp-content\/uploads\/2025\/08\/Oleaia-Aloe-Vera-Oil-1L-768x768.jpg",768,768,true],"large":["https:\/\/www.oleaia.com\/wp-content\/uploads\/2025\/08\/Oleaia-Aloe-Vera-Oil-1L-1024x1024.jpg",1024,1024,true],"1536x1536":["https:\/\/www.oleaia.com\/wp-content\/uploads\/2025\/08\/Oleaia-Aloe-Vera-Oil-1L-1536x1536.jpg",1536,1536,true],"2048x2048":["https:\/\/www.oleaia.com\/wp-content\/uploads\/2025\/08\/Oleaia-Aloe-Vera-Oil-1L-2048x2048.jpg",2048,2048,true],"trp-custom-language-flag":["https:\/\/www.oleaia.com\/wp-content\/uploads\/2025\/08\/Oleaia-Aloe-Vera-Oil-1L-12x12.jpg",12,12,true],"woocommerce_thumbnail":["https:\/\/www.oleaia.com\/wp-content\/uploads\/2025\/08\/Oleaia-Aloe-Vera-Oil-1L-300x300.jpg",300,300,true],"woocommerce_single":["https:\/\/www.oleaia.com\/wp-content\/uploads\/2025\/08\/Oleaia-Aloe-Vera-Oil-1L-600x600.jpg",600,600,true],"woocommerce_gallery_thumbnail":["https:\/\/www.oleaia.com\/wp-content\/uploads\/2025\/08\/Oleaia-Aloe-Vera-Oil-1L-100x100.jpg",100,100,true]},"uagb_author_info":{"display_name":"admin","author_link":"https:\/\/www.oleaia.com\/hu\/author\/"},"uagb_comment_info":15,"uagb_excerpt":"Unmatched effectiveness for skin hydration and repair. Aloe vera oil is the most effective natural ally for maintaining deeply hydrated, supple, and visibly healthier skin. Its soothing botanical properties help support the skin\u2019s natural barrier, encourage a smoother texture, and promote a refreshed appearance with consistent use. The cheapest option without sacrificing quality. We are&hellip;","_links":{"self":[{"href":"https:\/\/www.oleaia.com\/hu\/wp-json\/wp\/v2\/product\/23470","targetHints":{"allow":["GET"]}}],"collection":[{"href":"https:\/\/www.oleaia.com\/hu\/wp-json\/wp\/v2\/product"}],"about":[{"href":"https:\/\/www.oleaia.com\/hu\/wp-json\/wp\/v2\/types\/product"}],"replies":[{"embeddable":true,"href":"https:\/\/www.oleaia.com\/hu\/wp-json\/wp\/v2\/comments?post=23470"}],"version-history":[{"count":11,"href":"https:\/\/www.oleaia.com\/hu\/wp-json\/wp\/v2\/product\/23470\/revisions"}],"predecessor-version":[{"id":77977,"href":"https:\/\/www.oleaia.com\/hu\/wp-json\/wp\/v2\/product\/23470\/revisions\/77977"}],"wp:featuredmedia":[{"embeddable":true,"href":"https:\/\/www.oleaia.com\/hu\/wp-json\/wp\/v2\/media\/23878"}],"wp:attachment":[{"href":"https:\/\/www.oleaia.com\/hu\/wp-json\/wp\/v2\/media?parent=23470"}],"wp:term":[{"taxonomy":"product_brand","embeddable":true,"href":"https:\/\/www.oleaia.com\/hu\/wp-json\/wp\/v2\/product_brand?post=23470"},{"taxonomy":"product_cat","embeddable":true,"href":"https:\/\/www.oleaia.com\/hu\/wp-json\/wp\/v2\/product_cat?post=23470"},{"taxonomy":"product_tag","embeddable":true,"href":"https:\/\/www.oleaia.com\/hu\/wp-json\/wp\/v2\/product_tag?post=23470"}],"curies":[{"name":"wp","href":"https:\/\/api.w.org\/{rel}","templated":true}]}}