{"id":23709,"date":"2025-08-12T09:50:38","date_gmt":"2025-08-12T07:50:38","guid":{"rendered":"https:\/\/www.oleaia.com\/?post_type=product&#038;p=23709"},"modified":"2026-03-26T06:24:06","modified_gmt":"2026-03-26T05:24:06","slug":"inca-inchi-oil","status":"publish","type":"product","link":"https:\/\/www.oleaia.com\/hu\/products\/inca-inchi-oil\/","title":{"rendered":"Inca inchi olaj - 1 liter"},"content":{"rendered":"<p><strong><img decoding=\"async\" style=\"margin-right: 12px;\" src=\"https:\/\/www.oleaia.com\/wp-content\/uploads\/2026\/03\/Check.svg\" alt=\"\" width=\"18\" height=\"15\" \/>P\u00e1ratlan hat\u00e9konys\u00e1g a b\u0151r rugalmass\u00e1g\u00e1nak helyre\u00e1ll\u00edt\u00e1s\u00e1ban \u00e9s az \u00e1ltal\u00e1nos vitalit\u00e1s fokoz\u00e1s\u00e1ban.<\/strong> Az inka inchi olaj a leghat\u00e9konyabb term\u00e9szetes megold\u00e1s a rugalmas, rugalmas b\u0151r el\u0151seg\u00edt\u00e9s\u00e9re, mik\u00f6zben t\u00e1mogatja a ragyog\u00f3 \u00e9s eg\u00e9szs\u00e9ges megjelen\u00e9st. Az esszenci\u00e1lis zs\u00edrsavakban gazdag olaj seg\u00edt jav\u00edtani a rugalmass\u00e1g l\u00e1tszat\u00e1t, kisim\u00edtja az egyenetlen text\u00far\u00e1t, \u00e9s k\u00f6vetkezetes haszn\u00e1lat\u00e1val hozz\u00e1j\u00e1rul a b\u0151r l\u00e1that\u00f3an meg\u00fajult \u00e1llapot\u00e1hoz.<\/p>\n<p><strong><img decoding=\"async\" style=\"margin-right: 12px;\" src=\"https:\/\/www.oleaia.com\/wp-content\/uploads\/2026\/03\/Check.svg\" alt=\"\" width=\"18\" height=\"15\" \/>A legolcs\u00f3bb pr\u00e9mium inka inchi olaj.<\/strong> Mi vagyunk a legolcs\u00f3bbak a piacon, mik\u00f6zben szigor\u00fa min\u0151s\u00e9gi szabv\u00e1nyokat tartunk fenn, \u00edgy kiv\u00e9teles \u00e9rt\u00e9ket biztos\u00edtunk an\u00e9lk\u00fcl, hogy a teljes\u00edtm\u00e9ny vagy a t\u00e1panyagtartalom cs\u00f6kkenne. Ez a megfizethet\u0151s\u00e9g lehet\u0151v\u00e9 teszi, hogy az inka inchi olajat naponta haszn\u00e1ljuk a sz\u00e9ps\u00e9g\u00e1pol\u00e1si \u00e9s wellness rutinokban egyar\u00e1nt.<\/p>\n<p><strong><img decoding=\"async\" style=\"margin-right: 12px;\" src=\"https:\/\/www.oleaia.com\/wp-content\/uploads\/2026\/03\/Check.svg\" alt=\"\" width=\"18\" height=\"15\" \/>Gyors \u00e9s megb\u00edzhat\u00f3 24 \u00f3r\u00e1s sz\u00e1ll\u00edt\u00e1s.<\/strong> Mindig 24 \u00f3r\u00e1s kisz\u00e1ll\u00edt\u00e1st k\u00edn\u00e1lunk, garant\u00e1lva, hogy az inka inchi olaj gyorsan \u00e9s hat\u00e9konyan \u00e9rkezik. A gyors sz\u00e1ll\u00edt\u00e1s biztos\u00edtja a szem\u00e9lyi \u00e1pol\u00e1s \u00e9s az eg\u00e9szs\u00e9g\u00fcgyi gyakorlatok zavartalan folyamatoss\u00e1g\u00e1t.<\/p>\n<p><strong><img decoding=\"async\" style=\"margin-right: 12px;\" src=\"https:\/\/www.oleaia.com\/wp-content\/uploads\/2026\/03\/Check.svg\" alt=\"\" width=\"18\" height=\"15\" \/>P\u00e9nzvisszafizet\u00e9si garancia a teljes megnyugv\u00e1s \u00e9rdek\u00e9ben.<\/strong> P\u00e9nzvisszafizet\u00e9si garanci\u00e1t k\u00edn\u00e1lunk. Ha a v\u00e1s\u00e1rl\u00f3 nem el\u00e9gedett, visszat\u00e9r\u00edtj\u00fck a p\u00e9nz\u00e9t. Ez az \u00e1tl\u00e1that\u00f3 k\u00f6telezetts\u00e9gv\u00e1llal\u00e1s a term\u00e9k min\u0151s\u00e9g\u00e9be vetett bizalmat t\u00fckr\u00f6zi, \u00e9s teljesen kock\u00e1zatmentes v\u00e1s\u00e1rl\u00e1si \u00e9lm\u00e9nyt biztos\u00edt.<\/p>\n<p><strong><img decoding=\"async\" style=\"margin-right: 12px;\" src=\"https:\/\/www.oleaia.com\/wp-content\/uploads\/2026\/03\/Check.svg\" alt=\"\" width=\"18\" height=\"15\" \/>Teljesen organikus az autentikus term\u00e9szetes wellness\u00e9rt.<\/strong> Az inka inchi olajunk teljes m\u00e9rt\u00e9kben bio, amelyet a k\u00f6rnyezeti felel\u0151ss\u00e9g \u00e9s a n\u00f6v\u00e9ny integrit\u00e1s\u00e1nak gondos tiszteletben tart\u00e1s\u00e1val \u00e1ll\u00edtanak el\u0151. Ez az elk\u00f6telezetts\u00e9g biztos\u00edtja a tiszta \u00e9letm\u00f3d elveivel \u00e9s a holisztikus \u00e1pol\u00e1si hagyom\u00e1nyokkal val\u00f3 \u00f6sszhangot.<\/p>\n<p><strong><img decoding=\"async\" style=\"margin-right: 12px;\" src=\"https:\/\/www.oleaia.com\/wp-content\/uploads\/2026\/03\/Check.svg\" alt=\"\" width=\"18\" height=\"15\" \/>T\u00e1mogatja a m\u00e9lyen hidrat\u00e1lt \u00e9s kiegyens\u00falyozott b\u0151rt.<\/strong> Az inka inchi olajat sz\u00e9les k\u00f6rben \u00e9rt\u00e9kelik az\u00e9rt, mert seg\u00edt fenntartani az optim\u00e1lis nedvess\u00e9gtartalmat, puh\u00e1v\u00e1, k\u00e9nyelmess\u00e9 \u00e9s l\u00e1that\u00f3an t\u00e1pl\u00e1lt\u00e1 teszi a b\u0151rt, an\u00e9lk\u00fcl, hogy elnehez\u00fclne.<\/p>\n<p><strong><img decoding=\"async\" style=\"margin-right: 12px;\" src=\"https:\/\/www.oleaia.com\/wp-content\/uploads\/2026\/03\/Check.svg\" alt=\"\" width=\"18\" height=\"15\" \/>El\u0151seg\u00edti a b\u0151r rugalmass\u00e1g\u00e1nak javul\u00e1s\u00e1t \u00e9s fiatalos megjelen\u00e9s\u00e9t.<\/strong> Rendszeres haszn\u00e1lat\u00e1val hozz\u00e1j\u00e1rul a rugalmas, rugalmas b\u0151rh\u00f6z, seg\u00edt cs\u00f6kkenteni a sz\u00e1razs\u00e1g \u00e9s a f\u00e1radts\u00e1g jeleit.<\/p>\n<p><strong><img decoding=\"async\" style=\"margin-right: 12px;\" src=\"https:\/\/www.oleaia.com\/wp-content\/uploads\/2026\/03\/Check.svg\" alt=\"\" width=\"18\" height=\"15\" \/>Fokozza a haj erej\u00e9t \u00e9s term\u00e9szetes f\u00e9ny\u00e9t.<\/strong> A hajra alkalmazva az inka inchi olaj seg\u00edt t\u00e1pl\u00e1lni a sz\u00e1lakat, jav\u00edtja a kezelhet\u0151s\u00e9get \u00e9s el\u0151seg\u00edti a sima, f\u00e9nyes v\u00e9geredm\u00e9nyt.<\/p>\n<p><strong><img decoding=\"async\" style=\"margin-right: 12px;\" src=\"https:\/\/www.oleaia.com\/wp-content\/uploads\/2026\/03\/Check.svg\" alt=\"\" width=\"18\" height=\"15\" \/>\u00d6szt\u00f6nzi a fejb\u0151r hidrat\u00e1l\u00e1s\u00e1t \u00e9s az eg\u00e9szs\u00e9gesebb kin\u00e9zet\u0171 hajat.<\/strong> A fejb\u0151rbe massz\u00edrozva seg\u00edt fenntartani a nedvess\u00e9g egyens\u00faly\u00e1t, \u00e9s hossz\u00fa t\u00e1von t\u00e1mogatja az er\u0151s, \u00e9l\u00e9nk haj megjelen\u00e9s\u00e9t.<\/p>\n<p><strong><img decoding=\"async\" style=\"margin-right: 12px;\" src=\"https:\/\/www.oleaia.com\/wp-content\/uploads\/2026\/03\/Check.svg\" alt=\"\" width=\"18\" height=\"15\" \/>T\u00e1mogatja az \u00e1ltal\u00e1nos vitalit\u00e1st a t\u00e1pl\u00e1lkoz\u00e1si egyens\u00faly r\u00e9v\u00e9n.<\/strong> Az inka inchi olaj hagyom\u00e1nyosan be\u00e9p\u00fcl a wellness rutinokba, \u00e9s hozz\u00e1j\u00e1rul az \u00e1ltal\u00e1nos j\u00f3 k\u00f6z\u00e9rzethez, ha kiegyens\u00falyozott \u00e9trendbe illesztik.<\/p>\n<p><strong><img decoding=\"async\" style=\"margin-right: 12px;\" src=\"https:\/\/www.oleaia.com\/wp-content\/uploads\/2026\/03\/Check.svg\" alt=\"\" width=\"18\" height=\"15\" \/>Ide\u00e1lis \u00e9rz\u00e9keny, sz\u00e1raz \u00e9s \u00e9rett b\u0151rt\u00edpusok sz\u00e1m\u00e1ra.<\/strong> Gyeng\u00e9d, m\u00e9gis t\u00e1pl\u00e1l\u00f3 profilj\u00e1nak k\u00f6sz\u00f6nhet\u0151en k\u00fcl\u00f6n\u00f6sen alkalmas az extra \u00e1pol\u00e1st ig\u00e9nyl\u0151 b\u0151r sz\u00e1m\u00e1ra, seg\u00edt helyre\u00e1ll\u00edtani a k\u00e9nyelmet \u00e9s a ragyog\u00e1st.<\/p>\n<p><strong><img decoding=\"async\" style=\"margin-right: 12px;\" src=\"https:\/\/www.oleaia.com\/wp-content\/uploads\/2026\/03\/Check.svg\" alt=\"\" width=\"18\" height=\"15\" \/>Sokoldal\u00faan haszn\u00e1lhat\u00f3 arcra, testre, hajra \u00e9s bels\u0151 haszn\u00e1latra.<\/strong> Az Inca inchi olaj z\u00f6kken\u0151mentesen illeszkedik az \u00e1tfog\u00f3 rutinokba, \u00e9s a kozmetikai \u00e9s t\u00e1pl\u00e1lkoz\u00e1si alkalmaz\u00e1sokban egyar\u00e1nt el\u0151ny\u00f6ket k\u00edn\u00e1l.<\/p>\n<p><strong><img decoding=\"async\" style=\"margin-right: 12px;\" src=\"https:\/\/www.oleaia.com\/wp-content\/uploads\/2026\/03\/Check.svg\" alt=\"\" width=\"18\" height=\"15\" \/>M\u00e1r t\u00e1pl\u00e1l\u00f3 olajjal d\u00fas\u00edtva a gyeng\u00e9d alkalmaz\u00e1s \u00e9s az optim\u00e1lis k\u00e9nyelem \u00e9rdek\u00e9ben.<\/strong> Az inka inchi olajunkat m\u00e1r t\u00e1pl\u00e1l\u00f3 olajjal d\u00fas\u00edtottuk, hogy biztos\u00edtsuk a gyeng\u00e9d alkalmaz\u00e1st, a jobb eloszlathat\u00f3s\u00e1got, az optim\u00e1lis k\u00e9nyelmet \u00e9s a k\u00f6nny\u0171 haszn\u00e1latot. Ez az \u00e1tgondolt \u00f6sszet\u00e9tel fokozza a felsz\u00edv\u00f3d\u00e1st, \u00e9s egyenletes, egyenletes fed\u00e9st biztos\u00edt a b\u0151r\u00f6n \u00e9s a hajon.<\/p>\n<h2><strong>Utas\u00edt\u00e1sok<\/strong><\/h2>\n<ul>\n<li>Vigyen fel 2-4 cseppet a tiszta, sz\u00e1raz arcb\u0151rre, \u00e9s gyeng\u00e9den massz\u00edrozza be, am\u00edg teljesen felsz\u00edv\u00f3dik.<\/li>\n<li>Haszn\u00e1lja naponta egyszer vagy k\u00e9tszer, a b\u0151r egy\u00e9ni ig\u00e9nyeit\u0151l f\u00fcgg\u0151en.<\/li>\n<li>Test\u00e1pol\u00e1sra, f\u00fcrd\u00e9s ut\u00e1n alkalmazzon m\u00e9rs\u00e9kelt mennyis\u00e9get a hidrat\u00e1lts\u00e1g \u00e9s puhas\u00e1g meg\u0151rz\u00e9se \u00e9rdek\u00e9ben.<\/li>\n<li>Haj\u00e1pol\u00e1shoz vigyen fel 1-3 cseppet a nedves vagy sz\u00e1raz haj hossz\u00e1ra \u00e9s v\u00e9g\u00e9re.<\/li>\n<li>Fejb\u0151rkezel\u00e9sk\u00e9nt massz\u00edrozzon be 5-8 cseppet a fejb\u0151rbe, \u00e9s hagyja hatni 30-60 percig, miel\u0151tt lemosn\u00e1.<\/li>\n<li>Bels\u0151 haszn\u00e1latra, naponta 1 te\u00e1skan\u00e1lnyit vegyen be a kiegyens\u00falyozott \u00e9trend r\u00e9szek\u00e9nt.<\/li>\n<li>Ne l\u00e9pje t\u00fal a napi 2 te\u00e1skan\u00e1lnyit, kiv\u00e9ve, ha szakorvos tan\u00e1csolja.<\/li>\n<li>Massz\u00e1zshoz elegend\u0151 mennyis\u00e9get alkalmazzon, hogy a b\u0151r\u00f6n egyenletesen siklik.<\/li>\n<li>Az els\u0151 helyi alkalmaz\u00e1s el\u0151tt v\u00e9gezzen tapaszpr\u00f3b\u00e1t a b\u0151rkompatibilit\u00e1s felm\u00e9r\u00e9se \u00e9rdek\u00e9ben.<\/li>\n<li>Ker\u00fclje a szemmel \u00e9s az \u00e9rz\u00e9keny ny\u00e1lkah\u00e1rtya-ter\u00fcletekkel val\u00f3 \u00e9rintkez\u00e9st.<\/li>\n<li>Terhess\u00e9g vagy szoptat\u00e1s alatt szakmai tan\u00e1csad\u00e1s n\u00e9lk\u00fcl nem aj\u00e1nlott.<\/li>\n<li>T\u00e1rolja h\u0171v\u00f6s, sz\u00e1raz, k\u00f6zvetlen napf\u00e9nyt\u0151l v\u00e9dett helyen, \u00e9s minden haszn\u00e1lat ut\u00e1n tartsa szorosan lez\u00e1rva az \u00fcveget.<\/li>\n<\/ul>","protected":false},"excerpt":{"rendered":"<p>Unmatched effectiveness for restoring skin elasticity and enhancing overall vitality. Inca inchi oil is the most effective natural solution for promoting supple, resilient skin while supporting a radiant and healthy appearance. Rich in essential fatty acids, it helps improve the look of elasticity, smooth uneven texture, and contribute to visibly revitalized skin with consistent use. [&hellip;]<\/p>\n","protected":false},"featured_media":23815,"comment_status":"open","ping_status":"closed","template":"","meta":{"_uag_custom_page_level_css":"","site-sidebar-layout":"default","site-content-layout":"","ast-site-content-layout":"default","site-content-style":"default","site-sidebar-style":"default","ast-global-header-display":"","ast-banner-title-visibility":"","ast-main-header-display":"","ast-hfb-above-header-display":"","ast-hfb-below-header-display":"","ast-hfb-mobile-header-display":"","site-post-title":"","ast-breadcrumbs-content":"","ast-featured-img":"","footer-sml-layout":"","ast-disable-related-posts":"","theme-transparent-header-meta":"default","adv-header-id-meta":"","stick-header-meta":"","header-above-stick-meta":"","header-main-stick-meta":"","header-below-stick-meta":"","astra-migrate-meta-layouts":"set","ast-page-background-enabled":"default","ast-page-background-meta":{"desktop":{"background-color":"var(--ast-global-color-4)","background-image":"","background-repeat":"repeat","background-position":"center center","background-size":"auto","background-attachment":"scroll","background-type":"","background-media":"","overlay-type":"","overlay-color":"","overlay-opacity":"","overlay-gradient":""},"tablet":{"background-color":"","background-image":"","background-repeat":"repeat","background-position":"center center","background-size":"auto","background-attachment":"scroll","background-type":"","background-media":"","overlay-type":"","overlay-color":"","overlay-opacity":"","overlay-gradient":""},"mobile":{"background-color":"","background-image":"","background-repeat":"repeat","background-position":"center center","background-size":"auto","background-attachment":"scroll","background-type":"","background-media":"","overlay-type":"","overlay-color":"","overlay-opacity":"","overlay-gradient":""}},"ast-content-background-meta":{"desktop":{"background-color":"var(--ast-global-color-5)","background-image":"","background-repeat":"repeat","background-position":"center center","background-size":"auto","background-attachment":"scroll","background-type":"","background-media":"","overlay-type":"","overlay-color":"","overlay-opacity":"","overlay-gradient":""},"tablet":{"background-color":"var(--ast-global-color-5)","background-image":"","background-repeat":"repeat","background-position":"center center","background-size":"auto","background-attachment":"scroll","background-type":"","background-media":"","overlay-type":"","overlay-color":"","overlay-opacity":"","overlay-gradient":""},"mobile":{"background-color":"var(--ast-global-color-5)","background-image":"","background-repeat":"repeat","background-position":"center center","background-size":"auto","background-attachment":"scroll","background-type":"","background-media":"","overlay-type":"","overlay-color":"","overlay-opacity":"","overlay-gradient":""}}},"product_brand":[],"product_cat":[15],"product_tag":[],"class_list":{"0":"post-23709","1":"product","2":"type-product","3":"status-publish","4":"has-post-thumbnail","6":"product_cat-shop","7":"desktop-align-left","8":"tablet-align-left","9":"mobile-align-left","11":"first","12":"instock","13":"shipping-taxable","14":"purchasable","15":"product-type-simple"},"spectra_custom_meta":{"_edit_lock":["1774502522:1"],"_edit_last":["1"],"merchant-center-availability":["yes"],"merchant-center-category":["6104"],"_thumbnail_id":["23815"],"_wp_page_template":["default"],"_sku":["OLINCAINCHIOIL"],"_global_unique_id":["5056773822269"],"_regular_price":["29.90"],"total_sales":["11"],"_tax_status":["taxable"],"_tax_class":[""],"_manage_stock":["no"],"_backorders":["no"],"_sold_individually":["no"],"_weight":["1.3"],"_virtual":["no"],"_downloadable":["no"],"_download_limit":["-1"],"_download_expiry":["-1"],"_stock":[null],"_stock_status":["instock"],"_wc_average_rating":["5.00"],"_wc_review_count":["25"],"_product_version":["10.6.1"],"_price":["29.90"],"site-sidebar-layout":["default"],"ast-site-content-layout":["default"],"site-content-style":["default"],"site-sidebar-style":["default"],"theme-transparent-header-meta":["default"],"_wc_rating_count":["a:1:{i:5;i:25;}"],"astra-migrate-meta-layouts":["set"],"_uag_css_file_name":["uag-css-23709.css"],"_elementor_page_assets":["a:0:{}"],"_uag_page_assets":["a:9:{s:3:\"css\";s:7156:\".uag-blocks-common-selector{z-index:var(--z-index-desktop) !important}@media (max-width: 976px){.uag-blocks-common-selector{z-index:var(--z-index-tablet) !important}}@media (max-width: 767px){.uag-blocks-common-selector{z-index:var(--z-index-mobile) !important}}\n.wp-block-uagb-image{display:flex}.wp-block-uagb-image__figure{position:relative;display:flex;flex-direction:column;max-width:100%;height:auto;margin:0}.wp-block-uagb-image__figure img{height:auto;display:flex;max-width:100%;transition:box-shadow 0.2s ease}.wp-block-uagb-image__figure>a{display:inline-block}.wp-block-uagb-image__figure figcaption{text-align:center;margin-top:0.5em;margin-bottom:1em}.wp-block-uagb-image .components-placeholder.block-editor-media-placeholder .components-placeholder__instructions{align-self:center}.wp-block-uagb-image--align-left{text-align:left}.wp-block-uagb-image--align-right{text-align:right}.wp-block-uagb-image--align-center{text-align:center}.wp-block-uagb-image--align-full .wp-block-uagb-image__figure{margin-left:calc(50% - 50vw);margin-right:calc(50% - 50vw);max-width:100vw;width:100vw;height:auto}.wp-block-uagb-image--align-full .wp-block-uagb-image__figure img{height:auto;width:100% !important}.wp-block-uagb-image--align-wide .wp-block-uagb-image__figure img{height:auto;width:100%}.wp-block-uagb-image--layout-overlay__color-wrapper{position:absolute;left:0;top:0;right:0;bottom:0;opacity:0.2;background:rgba(0,0,0,0.5);transition:opacity 0.35s ease-in-out}.wp-block-uagb-image--layout-overlay-link{position:absolute;left:0;right:0;bottom:0;top:0}.wp-block-uagb-image--layout-overlay .wp-block-uagb-image__figure:hover .wp-block-uagb-image--layout-overlay__color-wrapper{opacity:1}.wp-block-uagb-image--layout-overlay__inner{position:absolute;left:15px;right:15px;bottom:15px;top:15px;display:flex;align-items:center;justify-content:center;flex-direction:column;border-color:#fff;transition:0.35s ease-in-out}.wp-block-uagb-image--layout-overlay__inner.top-left,.wp-block-uagb-image--layout-overlay__inner.top-center,.wp-block-uagb-image--layout-overlay__inner.top-right{justify-content:flex-start}.wp-block-uagb-image--layout-overlay__inner.bottom-left,.wp-block-uagb-image--layout-overlay__inner.bottom-center,.wp-block-uagb-image--layout-overlay__inner.bottom-right{justify-content:flex-end}.wp-block-uagb-image--layout-overlay__inner.top-left,.wp-block-uagb-image--layout-overlay__inner.center-left,.wp-block-uagb-image--layout-overlay__inner.bottom-left{align-items:flex-start}.wp-block-uagb-image--layout-overlay__inner.top-right,.wp-block-uagb-image--layout-overlay__inner.center-right,.wp-block-uagb-image--layout-overlay__inner.bottom-right{align-items:flex-end}.wp-block-uagb-image--layout-overlay__inner .uagb-image-heading{color:#fff;transition:transform 0.35s, opacity 0.35s ease-in-out;transform:translate3d(0, 24px, 0);margin:0;line-height:1em}.wp-block-uagb-image--layout-overlay__inner .uagb-image-separator{width:30%;border-top-width:2px;border-top-color:#fff;border-top-style:solid;margin-bottom:10px;opacity:0;transition:transform 0.4s, opacity 0.4s ease-in-out;transform:translate3d(0, 30px, 0)}.wp-block-uagb-image--layout-overlay__inner .uagb-image-caption{opacity:0;overflow:visible;color:#fff;transition:transform 0.45s, opacity 0.45s ease-in-out;transform:translate3d(0, 35px, 0)}.wp-block-uagb-image--layout-overlay__inner:hover .uagb-image-heading,.wp-block-uagb-image--layout-overlay__inner:hover .uagb-image-separator,.wp-block-uagb-image--layout-overlay__inner:hover .uagb-image-caption{opacity:1;transform:translate3d(0, 0, 0)}.wp-block-uagb-image--effect-zoomin .wp-block-uagb-image__figure img,.wp-block-uagb-image--effect-zoomin .wp-block-uagb-image__figure .wp-block-uagb-image--layout-overlay__color-wrapper{transform:scale(1);transition:transform 0.35s ease-in-out}.wp-block-uagb-image--effect-zoomin .wp-block-uagb-image__figure:hover img,.wp-block-uagb-image--effect-zoomin .wp-block-uagb-image__figure:hover .wp-block-uagb-image--layout-overlay__color-wrapper{transform:scale(1.05)}.wp-block-uagb-image--effect-slide .wp-block-uagb-image__figure img,.wp-block-uagb-image--effect-slide .wp-block-uagb-image__figure .wp-block-uagb-image--layout-overlay__color-wrapper{width:calc(100% + 40px) !important;max-width:none !important;transform:translate3d(-40px, 0, 0);transition:transform 0.35s ease-in-out}.wp-block-uagb-image--effect-slide .wp-block-uagb-image__figure:hover img,.wp-block-uagb-image--effect-slide .wp-block-uagb-image__figure:hover .wp-block-uagb-image--layout-overlay__color-wrapper{transform:translate3d(0, 0, 0)}.wp-block-uagb-image--effect-grayscale img{filter:grayscale(0%);transition:0.35s ease-in-out}.wp-block-uagb-image--effect-grayscale:hover img{filter:grayscale(100%)}.wp-block-uagb-image--effect-blur img{filter:blur(0);transition:0.35s ease-in-out}.wp-block-uagb-image--effect-blur:hover img{filter:blur(3px)}\n.uagb-block-e6f939b3.wp-block-uagb-image--layout-default figure img{box-shadow: 0px 0px 0 #00000070;}.uagb-block-e6f939b3.wp-block-uagb-image .wp-block-uagb-image__figure figcaption{font-style: normal;align-self: center;}.uagb-block-e6f939b3.wp-block-uagb-image--layout-overlay figure img{box-shadow: 0px 0px 0 #00000070;}.uagb-block-e6f939b3.wp-block-uagb-image--layout-overlay .wp-block-uagb-image--layout-overlay__color-wrapper{opacity: 0.2;}.uagb-block-e6f939b3.wp-block-uagb-image--layout-overlay .wp-block-uagb-image--layout-overlay__inner{left: 15px;right: 15px;top: 15px;bottom: 15px;}.uagb-block-e6f939b3.wp-block-uagb-image--layout-overlay .wp-block-uagb-image--layout-overlay__inner .uagb-image-heading{font-style: normal;color: #fff;opacity: 1;}.uagb-block-e6f939b3.wp-block-uagb-image--layout-overlay .wp-block-uagb-image--layout-overlay__inner .uagb-image-heading a{color: #fff;}.uagb-block-e6f939b3.wp-block-uagb-image--layout-overlay .wp-block-uagb-image--layout-overlay__inner .uagb-image-caption{opacity: 0;}.uagb-block-e6f939b3.wp-block-uagb-image--layout-overlay .wp-block-uagb-image__figure:hover .wp-block-uagb-image--layout-overlay__color-wrapper{opacity: 1;}.uagb-block-e6f939b3.wp-block-uagb-image .wp-block-uagb-image--layout-overlay__inner .uagb-image-separator{width: 30%;border-top-width: 2px;border-top-color: #fff;opacity: 0;}.uagb-block-e6f939b3.wp-block-uagb-image .wp-block-uagb-image__figure img{width: px;height: auto;}.uagb-block-e6f939b3.wp-block-uagb-image .wp-block-uagb-image__figure:hover .wp-block-uagb-image--layout-overlay__inner .uagb-image-caption{opacity: 1;}.uagb-block-e6f939b3.wp-block-uagb-image .wp-block-uagb-image__figure:hover .wp-block-uagb-image--layout-overlay__inner .uagb-image-separator{opacity: 1;}.uagb-block-e6f939b3.wp-block-uagb-image--layout-default figure:hover img{box-shadow: 0px 0px 0 #00000070;}.uagb-block-e6f939b3.wp-block-uagb-image--layout-overlay figure:hover img{box-shadow: 0px 0px 0 #00000070;}@media only screen and (max-width: 976px) {.uagb-block-e6f939b3.wp-block-uagb-image .wp-block-uagb-image__figure img{width: px;height: auto;}}@media only screen and (max-width: 767px) {.uagb-block-e6f939b3.wp-block-uagb-image .wp-block-uagb-image__figure img{width: px;height: auto;}}\";s:2:\"js\";s:0:\"\";s:18:\"current_block_list\";a:13:{i:0;s:11:\"core\/search\";i:1;s:10:\"core\/group\";i:2;s:12:\"core\/heading\";i:3;s:17:\"core\/latest-posts\";i:4;s:20:\"core\/latest-comments\";i:5;s:13:\"core\/archives\";i:6;s:15:\"core\/categories\";i:7;s:14:\"core\/paragraph\";i:8;s:10:\"uagb\/image\";i:9;s:11:\"core\/spacer\";i:10;s:30:\"woocommerce\/product-categories\";i:11;s:10:\"core\/image\";i:12;s:14:\"core\/shortcode\";}s:8:\"uag_flag\";b:1;s:11:\"uag_version\";s:10:\"1776383590\";s:6:\"gfonts\";a:0:{}s:10:\"gfonts_url\";s:0:\"\";s:12:\"gfonts_files\";a:0:{}s:14:\"uag_faq_layout\";b:0;}"]},"uagb_featured_image_src":{"full":["https:\/\/www.oleaia.com\/wp-content\/uploads\/2025\/08\/Oleaia-Inca-Inchi-Oil-1L.jpg",2560,2560,false],"thumbnail":["https:\/\/www.oleaia.com\/wp-content\/uploads\/2025\/08\/Oleaia-Inca-Inchi-Oil-1L-150x150.jpg",150,150,true],"medium":["https:\/\/www.oleaia.com\/wp-content\/uploads\/2025\/08\/Oleaia-Inca-Inchi-Oil-1L-300x300.jpg",300,300,true],"medium_large":["https:\/\/www.oleaia.com\/wp-content\/uploads\/2025\/08\/Oleaia-Inca-Inchi-Oil-1L-768x768.jpg",768,768,true],"large":["https:\/\/www.oleaia.com\/wp-content\/uploads\/2025\/08\/Oleaia-Inca-Inchi-Oil-1L-1024x1024.jpg",1024,1024,true],"1536x1536":["https:\/\/www.oleaia.com\/wp-content\/uploads\/2025\/08\/Oleaia-Inca-Inchi-Oil-1L-1536x1536.jpg",1536,1536,true],"2048x2048":["https:\/\/www.oleaia.com\/wp-content\/uploads\/2025\/08\/Oleaia-Inca-Inchi-Oil-1L-2048x2048.jpg",2048,2048,true],"trp-custom-language-flag":["https:\/\/www.oleaia.com\/wp-content\/uploads\/2025\/08\/Oleaia-Inca-Inchi-Oil-1L-12x12.jpg",12,12,true],"woocommerce_thumbnail":["https:\/\/www.oleaia.com\/wp-content\/uploads\/2025\/08\/Oleaia-Inca-Inchi-Oil-1L-300x300.jpg",300,300,true],"woocommerce_single":["https:\/\/www.oleaia.com\/wp-content\/uploads\/2025\/08\/Oleaia-Inca-Inchi-Oil-1L-600x600.jpg",600,600,true],"woocommerce_gallery_thumbnail":["https:\/\/www.oleaia.com\/wp-content\/uploads\/2025\/08\/Oleaia-Inca-Inchi-Oil-1L-100x100.jpg",100,100,true]},"uagb_author_info":{"display_name":"admin","author_link":"https:\/\/www.oleaia.com\/hu\/author\/"},"uagb_comment_info":25,"uagb_excerpt":"Unmatched effectiveness for restoring skin elasticity and enhancing overall vitality. Inca inchi oil is the most effective natural solution for promoting supple, resilient skin while supporting a radiant and healthy appearance. Rich in essential fatty acids, it helps improve the look of elasticity, smooth uneven texture, and contribute to visibly revitalized skin with consistent use.&hellip;","_links":{"self":[{"href":"https:\/\/www.oleaia.com\/hu\/wp-json\/wp\/v2\/product\/23709","targetHints":{"allow":["GET"]}}],"collection":[{"href":"https:\/\/www.oleaia.com\/hu\/wp-json\/wp\/v2\/product"}],"about":[{"href":"https:\/\/www.oleaia.com\/hu\/wp-json\/wp\/v2\/types\/product"}],"replies":[{"embeddable":true,"href":"https:\/\/www.oleaia.com\/hu\/wp-json\/wp\/v2\/comments?post=23709"}],"version-history":[{"count":3,"href":"https:\/\/www.oleaia.com\/hu\/wp-json\/wp\/v2\/product\/23709\/revisions"}],"predecessor-version":[{"id":80997,"href":"https:\/\/www.oleaia.com\/hu\/wp-json\/wp\/v2\/product\/23709\/revisions\/80997"}],"wp:featuredmedia":[{"embeddable":true,"href":"https:\/\/www.oleaia.com\/hu\/wp-json\/wp\/v2\/media\/23815"}],"wp:attachment":[{"href":"https:\/\/www.oleaia.com\/hu\/wp-json\/wp\/v2\/media?parent=23709"}],"wp:term":[{"taxonomy":"product_brand","embeddable":true,"href":"https:\/\/www.oleaia.com\/hu\/wp-json\/wp\/v2\/product_brand?post=23709"},{"taxonomy":"product_cat","embeddable":true,"href":"https:\/\/www.oleaia.com\/hu\/wp-json\/wp\/v2\/product_cat?post=23709"},{"taxonomy":"product_tag","embeddable":true,"href":"https:\/\/www.oleaia.com\/hu\/wp-json\/wp\/v2\/product_tag?post=23709"}],"curies":[{"name":"wp","href":"https:\/\/api.w.org\/{rel}","templated":true}]}}