{"id":3,"date":"2025-04-10T11:35:39","date_gmt":"2025-04-10T09:35:39","guid":{"rendered":"https:\/\/www.stoprodent.com\/?page_id=3"},"modified":"2025-07-18T16:34:45","modified_gmt":"2025-07-18T14:34:45","slug":"privacy-policy","status":"publish","type":"page","link":"https:\/\/www.oleaia.com\/it\/privacy-policy\/","title":{"rendered":"Informativa sulla privacy"},"content":{"rendered":"<p><strong>Articolo 1. Presentazione del sito<\/strong><\/p>\n\n\n\n<p>Agli utenti del sito web viene specificata l'identit\u00e0 dei vari soggetti interessati nel contesto della sua realizzazione e del suo follow-up:<\/p>\n\n\n\n<p>Proprietario : Oleaia LLC<br>Indirizzo: 213 N Market Street #1042, Wilmington, DE 19801, USA<br>Capitale sociale: 100.000 USD<br>Forma giuridica : Societ\u00e0 a responsabilit\u00e0 limitata<br>Numero di file: 10141920<\/p>\n\n\n\n<p>Host : OVH SAS, 2 rue Kellermann, Roubaix, 59100, Francia<\/p>\n\n\n\n<p><strong>Articolo 2. Condizioni generali di utilizzo<\/strong>&nbsp;<strong>del sito e dei servizi offerti<\/strong><\/p>\n\n\n\n<p>L'utilizzo del sito web implica la piena accettazione delle condizioni generali di utilizzo descritte di seguito. Le presenti condizioni d'uso possono essere modificate o integrate in qualsiasi momento; gli utenti del sito sono pertanto invitati a consultarle regolarmente.<\/p>\n\n\n\n<p>Questo sito \u00e8 normalmente accessibile agli utenti in qualsiasi momento. Un'interruzione dovuta a manutenzione tecnica pu\u00f2 tuttavia essere decisa da Oleaia LLC, che cercher\u00e0 quindi di comunicare agli utenti prima le date e gli orari dell'intervento.<\/p>\n\n\n\n<p>Il sito web viene aggiornato regolarmente da Oleaia LLC. Allo stesso modo, le note legali possono essere modificate in qualsiasi momento: tuttavia, esse si impongono all'utente che \u00e8 invitato a consultarle il pi\u00f9 spesso possibile per prenderne conoscenza.<\/p>\n\n\n\n<p><strong>Articolo 3. Descrizione dei servizi forniti<\/strong><\/p>\n\n\n\n<p>Lo scopo del sito web \u00e8 quello di fornire informazioni su tutte le attivit\u00e0 dell'azienda.<\/p>\n\n\n\n<p>Oleaia LLC si impegna a fornire informazioni il pi\u00f9 possibile accurate sul sito web. Tuttavia, non pu\u00f2 essere ritenuta responsabile di omissioni, imprecisioni e carenze nell'aggiornamento, sia da parte sua che da parte dei partner terzi che le forniscono tali informazioni.<\/p>\n\n\n\n<p>Tutte le informazioni indicate sul sito web sono fornite a titolo informativo e sono soggette a modifiche. Inoltre, le informazioni contenute nel sito non sono esaustive. Esse sono fornite con riserva di modifiche apportate dopo la loro messa online.<\/p>\n\n\n\n<p><strong>Articolo 4. Limitazioni contrattuali dei dati tecnici<\/strong><\/p>\n\n\n\n<p>Il sito utilizza la tecnologia JavaScript.<\/p>\n\n\n\n<p>Il sito non pu\u00f2 essere ritenuto responsabile per danni materiali legati all'utilizzo del sito. Inoltre, l'utente del sito si impegna ad accedere al sito utilizzando apparecchiature recenti, non contenenti virus e con un browser aggiornato di ultima generazione.<\/p>\n\n\n\n<p><strong>Articolo 5. Propriet\u00e0 intellettuale e contraffazione<\/strong><\/p>\n\n\n\n<p>Oleaia LLC \u00e8 il titolare dei diritti di propriet\u00e0 intellettuale o detiene i diritti di utilizzo di tutti gli elementi accessibili sul sito, in particolare testi, immagini, grafici, logo, icone, suoni, software.<\/p>\n\n\n\n<p>Qualsiasi riproduzione, rappresentazione, modifica, pubblicazione, adattamento di tutti o parte degli elementi del sito, qualunque sia il mezzo o il processo utilizzato, \u00e8 vietato, salvo previa autorizzazione scritta di : Oleaia LLC .<\/p>\n\n\n\n<p>Qualsiasi utilizzo non autorizzato del sito o di uno qualsiasi degli elementi in esso contenuti sar\u00e0 considerato una violazione e perseguito penalmente.<\/p>\n\n\n\n<p><strong>Articolo 6. Limitazione di responsabilit\u00e0<\/strong><\/p>\n\n\n\n<p>Oleaia LLC non pu\u00f2 essere ritenuta responsabile per i danni diretti e indiretti causati alle apparecchiature dell'utente, durante l'accesso al sito web, e derivanti sia dall'uso di apparecchiature che non soddisfano le specifiche indicate al punto 4, sia dalla comparsa di un bug o di un'incompatibilit\u00e0.<\/p>\n\n\n\n<p>Oleaia non pu\u00f2 inoltre essere ritenuta responsabile per i danni conseguenti (come la perdita di mercato o di opportunit\u00e0) derivanti dall'uso del sito web.<\/p>\n\n\n\n<p>Gli spazi interattivi (possibilit\u00e0 di porre domande nello spazio di contatto) sono a disposizione degli utenti. Oleaia LLC si riserva il diritto di cancellare, senza preavviso, qualsiasi contenuto pubblicato in questo spazio che contravvenga alla legislazione vigente nel Paese di residenza del venditore, in particolare alle disposizioni relative alla protezione dei dati. Se del caso, Oleaia LLC si riserva anche il diritto di contestare la responsabilit\u00e0 civile e\/o penale dell'utente, in particolare in caso di messaggi razzisti, abusivi, diffamatori o pornografici, indipendentemente dal mezzo utilizzato (testo, fotografia, ecc.).<\/p>\n\n\n\n<p><strong>Articolo 7. Gestione dei dati personali<\/strong><\/p>\n\n\n\n<p>Quando si utilizza il sito web, possono essere raccolti i seguenti dati: l'URL dei link attraverso i quali l'utente accede al sito web, il provider di accesso dell'utente, l'indirizzo di protocollo Internet (IP) dell'utente.<\/p>\n\n\n\n<p>In ogni caso, Oleaia LLC raccoglie informazioni personali relative all'utente solo per la necessit\u00e0 di alcuni servizi offerti dal sito web. L'utente fornisce queste informazioni con cognizione di causa, in particolare quando le inserisce lui stesso. Viene quindi specificato all'utente del sito web l'obbligo o meno di fornire tali informazioni.<\/p>\n\n\n\n<p>In conformit\u00e0 alle disposizioni relative al trattamento dei dati, ai file e alle libert\u00e0, ogni utente ha il diritto di accedere, rettificare e opporsi ai dati personali che lo riguardano, presentando una richiesta scritta e firmata, accompagnata da una copia del documento d'identit\u00e0 con firma del titolare del documento, specificando l'indirizzo a cui deve essere inviata la risposta.<\/p>\n\n\n\n<p>Nessuna informazione personale dell'utente del sito web viene pubblicata all'insaputa dell'utente, scambiata, trasferita, assegnata o venduta su qualsiasi supporto a terzi. Solo l'ipotesi di acquisizione di Oleaia LLC e dei suoi diritti consentirebbe la trasmissione di tali informazioni al potenziale acquirente che sarebbe a sua volta vincolato dallo stesso obbligo di archiviazione e modifica dei dati relativi all'utente del sito. web.<\/p>\n\n\n\n<p>Le banche dati sono protette dalle disposizioni relative alla tutela giuridica delle banche dati.<\/p>\n\n\n\n<p><strong>Articolo 8. Link ipertestuali e cookie<\/strong><\/p>\n\n\n\n<p>Il sito web contiene una serie di collegamenti ipertestuali ad altri siti, realizzati con l'autorizzazione di Oleaia LLC. Tuttavia, Oleaia LLC non ha la possibilit\u00e0 di verificare il contenuto dei siti cos\u00ec visitati e non si assume pertanto alcuna responsabilit\u00e0 in merito.<\/p>\n\n\n\n<p>La navigazione sul sito web pu\u00f2 causare l'installazione di cookie sul computer dell'utente. Un cookie \u00e8 un file di piccole dimensioni, che non consente l'identificazione dell'utente, ma che registra informazioni relative alla navigazione di un computer su un sito. I dati cos\u00ec ottenuti hanno lo scopo di agevolare la successiva navigazione sul sito, nonch\u00e9 di consentire varie misure di frequentazione.<\/p>\n\n\n\n<p>Il rifiuto di installare un cookie pu\u00f2 rendere impossibile l'accesso a determinati servizi. Tuttavia, l'utente pu\u00f2 configurare il proprio computer come segue per rifiutare l'installazione dei cookie:<\/p>\n\n\n\n<p>In Internet Explorer: scheda Strumenti (pittogramma a forma di ingranaggio in alto a destra) \/ Opzioni Internet. Cliccare su Privacy e scegliere Blocca tutti i cookie. Confermare su Ok.<\/p>\n\n\n\n<p>In Firefox: nella parte superiore della finestra del browser, fare clic sul pulsante Firefox, quindi sulla scheda Opzioni. Fare clic sulla scheda Privacy. Impostare le regole di conservazione su : utilizza impostazioni personalizzate per la cronologia. Infine, deselezionare per disabilitare i cookie.<\/p>\n\n\n\n<p>In Safari: fare clic in alto a destra del browser sull'icona del menu (simboleggiata da un ingranaggio). Selezionare Impostazioni. Fare clic su Mostra impostazioni avanzate. Nella sezione \"Privacy\", fare clic su Impostazioni contenuti. Nella sezione \"Cookie\" \u00e8 possibile bloccare i cookie.<\/p>\n\n\n\n<p>In Chrome: fare clic in alto a destra del browser sull'icona del menu (simboleggiata da tre linee orizzontali). Selezionare Impostazioni. Fare clic su Mostra impostazioni avanzate. Nella sezione \"Privacy\", fare clic su Preferenze. Nella scheda \"Privacy\" \u00e8 possibile bloccare i cookie.<strong>&nbsp;<\/strong><\/p>\n\n\n\n<p><strong>Articolo 9. Legge applicabile e attribuzione della giurisdizione<\/strong><\/p>\n\n\n\n<p>Qualsiasi controversia relativa all'utilizzo del sito web \u00e8 soggetta alla legge in vigore nel paese di domicilio del venditore. La giurisdizione esclusiva \u00e8 affidata ai tribunali competenti del paese di domicilio del venditore.<\/p>\n\n\n\n<p><strong>Articolo 10. Glossario<\/strong>&nbsp;<\/p>\n\n\n\n<p>Utente: utente Internet che si connette, utilizzando il sito sopra citato.<\/p>\n\n\n\n<p>Dati personali: informazioni che consentono, in qualsiasi forma, direttamente o indirettamente, l'identificazione delle persone fisiche a cui si riferiscono.<\/p>","protected":false},"excerpt":{"rendered":"<p>Article 1. Presentation of the site It is specified to users of the website the identity of the various stakeholders in the context of its realization and its follow-up : Owner : Oleaia LLCAddress : 213 N Market Street #1042, Wilmington, DE 19801, USAShare capital : USD 100,000Legal form : Limited liability companyFile number : [&hellip;]<\/p>\n","protected":false},"author":1,"featured_media":0,"parent":0,"menu_order":0,"comment_status":"closed","ping_status":"open","template":"","meta":{"_uag_custom_page_level_css":"","site-sidebar-layout":"default","site-content-layout":"","ast-site-content-layout":"default","site-content-style":"default","site-sidebar-style":"default","ast-global-header-display":"","ast-banner-title-visibility":"","ast-main-header-display":"","ast-hfb-above-header-display":"","ast-hfb-below-header-display":"","ast-hfb-mobile-header-display":"","site-post-title":"","ast-breadcrumbs-content":"","ast-featured-img":"","footer-sml-layout":"","ast-disable-related-posts":"","theme-transparent-header-meta":"","adv-header-id-meta":"","stick-header-meta":"","header-above-stick-meta":"","header-main-stick-meta":"","header-below-stick-meta":"","astra-migrate-meta-layouts":"set","ast-page-background-enabled":"default","ast-page-background-meta":{"desktop":{"background-color":"var(--ast-global-color-4)","background-image":"","background-repeat":"repeat","background-position":"center center","background-size":"auto","background-attachment":"scroll","background-type":"","background-media":"","overlay-type":"","overlay-color":"","overlay-opacity":"","overlay-gradient":""},"tablet":{"background-color":"","background-image":"","background-repeat":"repeat","background-position":"center center","background-size":"auto","background-attachment":"scroll","background-type":"","background-media":"","overlay-type":"","overlay-color":"","overlay-opacity":"","overlay-gradient":""},"mobile":{"background-color":"","background-image":"","background-repeat":"repeat","background-position":"center center","background-size":"auto","background-attachment":"scroll","background-type":"","background-media":"","overlay-type":"","overlay-color":"","overlay-opacity":"","overlay-gradient":""}},"ast-content-background-meta":{"desktop":{"background-color":"var(--ast-global-color-5)","background-image":"","background-repeat":"repeat","background-position":"center center","background-size":"auto","background-attachment":"scroll","background-type":"","background-media":"","overlay-type":"","overlay-color":"","overlay-opacity":"","overlay-gradient":""},"tablet":{"background-color":"var(--ast-global-color-5)","background-image":"","background-repeat":"repeat","background-position":"center center","background-size":"auto","background-attachment":"scroll","background-type":"","background-media":"","overlay-type":"","overlay-color":"","overlay-opacity":"","overlay-gradient":""},"mobile":{"background-color":"var(--ast-global-color-5)","background-image":"","background-repeat":"repeat","background-position":"center center","background-size":"auto","background-attachment":"scroll","background-type":"","background-media":"","overlay-type":"","overlay-color":"","overlay-opacity":"","overlay-gradient":""}},"footnotes":""},"class_list":["post-3","page","type-page","status-publish","hentry"],"spectra_custom_meta":{"_wp_page_template":["default"],"_wpml_word_count":["1292"],"_edit_lock":["1752849289:1"],"_wpml_location_migration_done":["1"],"_edit_last":["1"],"_wpml_media_duplicate":["1"],"_wpml_media_featured":["1"],"rank_math_news_sitemap_robots":["index"],"rank_math_robots":["a:1:{i:0;s:5:\"index\";}"],"_uag_custom_page_level_css":[""],"site-sidebar-layout":["default"],"site-content-layout":[""],"ast-site-content-layout":["default"],"site-content-style":["default"],"site-sidebar-style":["default"],"ast-global-header-display":[""],"ast-banner-title-visibility":[""],"ast-main-header-display":[""],"ast-hfb-above-header-display":[""],"ast-hfb-below-header-display":[""],"ast-hfb-mobile-header-display":[""],"site-post-title":[""],"ast-breadcrumbs-content":[""],"ast-featured-img":[""],"footer-sml-layout":[""],"theme-transparent-header-meta":[""],"adv-header-id-meta":[""],"stick-header-meta":[""],"header-above-stick-meta":[""],"header-main-stick-meta":[""],"header-below-stick-meta":[""],"astra-migrate-meta-layouts":["set"],"ast-page-background-enabled":["default"],"ast-page-background-meta":["a:3:{s:7:\"desktop\";a:12:{s:16:\"background-color\";s:25:\"var(--ast-global-color-4)\";s:16:\"background-image\";s:0:\"\";s:17:\"background-repeat\";s:6:\"repeat\";s:19:\"background-position\";s:13:\"center center\";s:15:\"background-size\";s:4:\"auto\";s:21:\"background-attachment\";s:6:\"scroll\";s:15:\"background-type\";s:0:\"\";s:16:\"background-media\";s:0:\"\";s:12:\"overlay-type\";s:0:\"\";s:13:\"overlay-color\";s:0:\"\";s:15:\"overlay-opacity\";s:0:\"\";s:16:\"overlay-gradient\";s:0:\"\";}s:6:\"tablet\";a:12:{s:16:\"background-color\";s:0:\"\";s:16:\"background-image\";s:0:\"\";s:17:\"background-repeat\";s:6:\"repeat\";s:19:\"background-position\";s:13:\"center center\";s:15:\"background-size\";s:4:\"auto\";s:21:\"background-attachment\";s:6:\"scroll\";s:15:\"background-type\";s:0:\"\";s:16:\"background-media\";s:0:\"\";s:12:\"overlay-type\";s:0:\"\";s:13:\"overlay-color\";s:0:\"\";s:15:\"overlay-opacity\";s:0:\"\";s:16:\"overlay-gradient\";s:0:\"\";}s:6:\"mobile\";a:12:{s:16:\"background-color\";s:0:\"\";s:16:\"background-image\";s:0:\"\";s:17:\"background-repeat\";s:6:\"repeat\";s:19:\"background-position\";s:13:\"center center\";s:15:\"background-size\";s:4:\"auto\";s:21:\"background-attachment\";s:6:\"scroll\";s:15:\"background-type\";s:0:\"\";s:16:\"background-media\";s:0:\"\";s:12:\"overlay-type\";s:0:\"\";s:13:\"overlay-color\";s:0:\"\";s:15:\"overlay-opacity\";s:0:\"\";s:16:\"overlay-gradient\";s:0:\"\";}}"],"ast-content-background-meta":["a:3:{s:7:\"desktop\";a:12:{s:16:\"background-color\";s:25:\"var(--ast-global-color-5)\";s:16:\"background-image\";s:0:\"\";s:17:\"background-repeat\";s:6:\"repeat\";s:19:\"background-position\";s:13:\"center center\";s:15:\"background-size\";s:4:\"auto\";s:21:\"background-attachment\";s:6:\"scroll\";s:15:\"background-type\";s:0:\"\";s:16:\"background-media\";s:0:\"\";s:12:\"overlay-type\";s:0:\"\";s:13:\"overlay-color\";s:0:\"\";s:15:\"overlay-opacity\";s:0:\"\";s:16:\"overlay-gradient\";s:0:\"\";}s:6:\"tablet\";a:12:{s:16:\"background-color\";s:25:\"var(--ast-global-color-5)\";s:16:\"background-image\";s:0:\"\";s:17:\"background-repeat\";s:6:\"repeat\";s:19:\"background-position\";s:13:\"center center\";s:15:\"background-size\";s:4:\"auto\";s:21:\"background-attachment\";s:6:\"scroll\";s:15:\"background-type\";s:0:\"\";s:16:\"background-media\";s:0:\"\";s:12:\"overlay-type\";s:0:\"\";s:13:\"overlay-color\";s:0:\"\";s:15:\"overlay-opacity\";s:0:\"\";s:16:\"overlay-gradient\";s:0:\"\";}s:6:\"mobile\";a:12:{s:16:\"background-color\";s:25:\"var(--ast-global-color-5)\";s:16:\"background-image\";s:0:\"\";s:17:\"background-repeat\";s:6:\"repeat\";s:19:\"background-position\";s:13:\"center center\";s:15:\"background-size\";s:4:\"auto\";s:21:\"background-attachment\";s:6:\"scroll\";s:15:\"background-type\";s:0:\"\";s:16:\"background-media\";s:0:\"\";s:12:\"overlay-type\";s:0:\"\";s:13:\"overlay-color\";s:0:\"\";s:15:\"overlay-opacity\";s:0:\"\";s:16:\"overlay-gradient\";s:0:\"\";}}"],"footnotes":[""],"_elementor_edit_mode":[""],"_elementor_template_type":[""],"_elementor_data":[""],"_elementor_conditions":["a:0:{}"],"_uag_css_file_name":["uag-css-3.css"],"_uag_page_assets":["a:9:{s:3:\"css\";s:7156:\".uag-blocks-common-selector{z-index:var(--z-index-desktop) !important}@media (max-width: 976px){.uag-blocks-common-selector{z-index:var(--z-index-tablet) !important}}@media (max-width: 767px){.uag-blocks-common-selector{z-index:var(--z-index-mobile) !important}}\n.wp-block-uagb-image{display:flex}.wp-block-uagb-image__figure{position:relative;display:flex;flex-direction:column;max-width:100%;height:auto;margin:0}.wp-block-uagb-image__figure img{height:auto;display:flex;max-width:100%;transition:box-shadow 0.2s ease}.wp-block-uagb-image__figure>a{display:inline-block}.wp-block-uagb-image__figure figcaption{text-align:center;margin-top:0.5em;margin-bottom:1em}.wp-block-uagb-image .components-placeholder.block-editor-media-placeholder .components-placeholder__instructions{align-self:center}.wp-block-uagb-image--align-left{text-align:left}.wp-block-uagb-image--align-right{text-align:right}.wp-block-uagb-image--align-center{text-align:center}.wp-block-uagb-image--align-full .wp-block-uagb-image__figure{margin-left:calc(50% - 50vw);margin-right:calc(50% - 50vw);max-width:100vw;width:100vw;height:auto}.wp-block-uagb-image--align-full .wp-block-uagb-image__figure img{height:auto;width:100% !important}.wp-block-uagb-image--align-wide .wp-block-uagb-image__figure img{height:auto;width:100%}.wp-block-uagb-image--layout-overlay__color-wrapper{position:absolute;left:0;top:0;right:0;bottom:0;opacity:0.2;background:rgba(0,0,0,0.5);transition:opacity 0.35s ease-in-out}.wp-block-uagb-image--layout-overlay-link{position:absolute;left:0;right:0;bottom:0;top:0}.wp-block-uagb-image--layout-overlay .wp-block-uagb-image__figure:hover .wp-block-uagb-image--layout-overlay__color-wrapper{opacity:1}.wp-block-uagb-image--layout-overlay__inner{position:absolute;left:15px;right:15px;bottom:15px;top:15px;display:flex;align-items:center;justify-content:center;flex-direction:column;border-color:#fff;transition:0.35s ease-in-out}.wp-block-uagb-image--layout-overlay__inner.top-left,.wp-block-uagb-image--layout-overlay__inner.top-center,.wp-block-uagb-image--layout-overlay__inner.top-right{justify-content:flex-start}.wp-block-uagb-image--layout-overlay__inner.bottom-left,.wp-block-uagb-image--layout-overlay__inner.bottom-center,.wp-block-uagb-image--layout-overlay__inner.bottom-right{justify-content:flex-end}.wp-block-uagb-image--layout-overlay__inner.top-left,.wp-block-uagb-image--layout-overlay__inner.center-left,.wp-block-uagb-image--layout-overlay__inner.bottom-left{align-items:flex-start}.wp-block-uagb-image--layout-overlay__inner.top-right,.wp-block-uagb-image--layout-overlay__inner.center-right,.wp-block-uagb-image--layout-overlay__inner.bottom-right{align-items:flex-end}.wp-block-uagb-image--layout-overlay__inner .uagb-image-heading{color:#fff;transition:transform 0.35s, opacity 0.35s ease-in-out;transform:translate3d(0, 24px, 0);margin:0;line-height:1em}.wp-block-uagb-image--layout-overlay__inner .uagb-image-separator{width:30%;border-top-width:2px;border-top-color:#fff;border-top-style:solid;margin-bottom:10px;opacity:0;transition:transform 0.4s, opacity 0.4s ease-in-out;transform:translate3d(0, 30px, 0)}.wp-block-uagb-image--layout-overlay__inner .uagb-image-caption{opacity:0;overflow:visible;color:#fff;transition:transform 0.45s, opacity 0.45s ease-in-out;transform:translate3d(0, 35px, 0)}.wp-block-uagb-image--layout-overlay__inner:hover .uagb-image-heading,.wp-block-uagb-image--layout-overlay__inner:hover .uagb-image-separator,.wp-block-uagb-image--layout-overlay__inner:hover .uagb-image-caption{opacity:1;transform:translate3d(0, 0, 0)}.wp-block-uagb-image--effect-zoomin .wp-block-uagb-image__figure img,.wp-block-uagb-image--effect-zoomin .wp-block-uagb-image__figure .wp-block-uagb-image--layout-overlay__color-wrapper{transform:scale(1);transition:transform 0.35s ease-in-out}.wp-block-uagb-image--effect-zoomin .wp-block-uagb-image__figure:hover img,.wp-block-uagb-image--effect-zoomin .wp-block-uagb-image__figure:hover .wp-block-uagb-image--layout-overlay__color-wrapper{transform:scale(1.05)}.wp-block-uagb-image--effect-slide .wp-block-uagb-image__figure img,.wp-block-uagb-image--effect-slide .wp-block-uagb-image__figure .wp-block-uagb-image--layout-overlay__color-wrapper{width:calc(100% + 40px) !important;max-width:none !important;transform:translate3d(-40px, 0, 0);transition:transform 0.35s ease-in-out}.wp-block-uagb-image--effect-slide .wp-block-uagb-image__figure:hover img,.wp-block-uagb-image--effect-slide .wp-block-uagb-image__figure:hover .wp-block-uagb-image--layout-overlay__color-wrapper{transform:translate3d(0, 0, 0)}.wp-block-uagb-image--effect-grayscale img{filter:grayscale(0%);transition:0.35s ease-in-out}.wp-block-uagb-image--effect-grayscale:hover img{filter:grayscale(100%)}.wp-block-uagb-image--effect-blur img{filter:blur(0);transition:0.35s ease-in-out}.wp-block-uagb-image--effect-blur:hover img{filter:blur(3px)}\n.uagb-block-e6f939b3.wp-block-uagb-image--layout-default figure img{box-shadow: 0px 0px 0 #00000070;}.uagb-block-e6f939b3.wp-block-uagb-image .wp-block-uagb-image__figure figcaption{font-style: normal;align-self: center;}.uagb-block-e6f939b3.wp-block-uagb-image--layout-overlay figure img{box-shadow: 0px 0px 0 #00000070;}.uagb-block-e6f939b3.wp-block-uagb-image--layout-overlay .wp-block-uagb-image--layout-overlay__color-wrapper{opacity: 0.2;}.uagb-block-e6f939b3.wp-block-uagb-image--layout-overlay .wp-block-uagb-image--layout-overlay__inner{left: 15px;right: 15px;top: 15px;bottom: 15px;}.uagb-block-e6f939b3.wp-block-uagb-image--layout-overlay .wp-block-uagb-image--layout-overlay__inner .uagb-image-heading{font-style: normal;color: #fff;opacity: 1;}.uagb-block-e6f939b3.wp-block-uagb-image--layout-overlay .wp-block-uagb-image--layout-overlay__inner .uagb-image-heading a{color: #fff;}.uagb-block-e6f939b3.wp-block-uagb-image--layout-overlay .wp-block-uagb-image--layout-overlay__inner .uagb-image-caption{opacity: 0;}.uagb-block-e6f939b3.wp-block-uagb-image--layout-overlay .wp-block-uagb-image__figure:hover .wp-block-uagb-image--layout-overlay__color-wrapper{opacity: 1;}.uagb-block-e6f939b3.wp-block-uagb-image .wp-block-uagb-image--layout-overlay__inner .uagb-image-separator{width: 30%;border-top-width: 2px;border-top-color: #fff;opacity: 0;}.uagb-block-e6f939b3.wp-block-uagb-image .wp-block-uagb-image__figure img{width: px;height: auto;}.uagb-block-e6f939b3.wp-block-uagb-image .wp-block-uagb-image__figure:hover .wp-block-uagb-image--layout-overlay__inner .uagb-image-caption{opacity: 1;}.uagb-block-e6f939b3.wp-block-uagb-image .wp-block-uagb-image__figure:hover .wp-block-uagb-image--layout-overlay__inner .uagb-image-separator{opacity: 1;}.uagb-block-e6f939b3.wp-block-uagb-image--layout-default figure:hover img{box-shadow: 0px 0px 0 #00000070;}.uagb-block-e6f939b3.wp-block-uagb-image--layout-overlay figure:hover img{box-shadow: 0px 0px 0 #00000070;}@media only screen and (max-width: 976px) {.uagb-block-e6f939b3.wp-block-uagb-image .wp-block-uagb-image__figure img{width: px;height: auto;}}@media only screen and (max-width: 767px) {.uagb-block-e6f939b3.wp-block-uagb-image .wp-block-uagb-image__figure img{width: px;height: auto;}}\";s:2:\"js\";s:0:\"\";s:18:\"current_block_list\";a:13:{i:0;s:14:\"core\/paragraph\";i:1;s:11:\"core\/search\";i:2;s:10:\"core\/group\";i:3;s:12:\"core\/heading\";i:4;s:17:\"core\/latest-posts\";i:5;s:20:\"core\/latest-comments\";i:6;s:13:\"core\/archives\";i:7;s:15:\"core\/categories\";i:8;s:10:\"uagb\/image\";i:9;s:11:\"core\/spacer\";i:10;s:30:\"woocommerce\/product-categories\";i:11;s:10:\"core\/image\";i:12;s:14:\"core\/shortcode\";}s:8:\"uag_flag\";b:1;s:11:\"uag_version\";s:10:\"1776447938\";s:6:\"gfonts\";a:0:{}s:10:\"gfonts_url\";s:0:\"\";s:12:\"gfonts_files\";a:0:{}s:14:\"uag_faq_layout\";b:0;}"]},"uagb_featured_image_src":{"full":false,"thumbnail":false,"medium":false,"medium_large":false,"large":false,"1536x1536":false,"2048x2048":false,"trp-custom-language-flag":false,"woocommerce_thumbnail":false,"woocommerce_single":false,"woocommerce_gallery_thumbnail":false},"uagb_author_info":{"display_name":"admin","author_link":"https:\/\/www.oleaia.com\/it\/author\/admin2721\/"},"uagb_comment_info":0,"uagb_excerpt":"Article 1. Presentation of the site It is specified to users of the website the identity of the various stakeholders in the context of its realization and its follow-up : Owner : Oleaia LLCAddress : 213 N Market Street #1042, Wilmington, DE 19801, USAShare capital : USD 100,000Legal form : Limited liability companyFile number :&hellip;","_links":{"self":[{"href":"https:\/\/www.oleaia.com\/it\/wp-json\/wp\/v2\/pages\/3","targetHints":{"allow":["GET"]}}],"collection":[{"href":"https:\/\/www.oleaia.com\/it\/wp-json\/wp\/v2\/pages"}],"about":[{"href":"https:\/\/www.oleaia.com\/it\/wp-json\/wp\/v2\/types\/page"}],"author":[{"embeddable":true,"href":"https:\/\/www.oleaia.com\/it\/wp-json\/wp\/v2\/users\/1"}],"replies":[{"embeddable":true,"href":"https:\/\/www.oleaia.com\/it\/wp-json\/wp\/v2\/comments?post=3"}],"version-history":[{"count":4,"href":"https:\/\/www.oleaia.com\/it\/wp-json\/wp\/v2\/pages\/3\/revisions"}],"predecessor-version":[{"id":23021,"href":"https:\/\/www.oleaia.com\/it\/wp-json\/wp\/v2\/pages\/3\/revisions\/23021"}],"wp:attachment":[{"href":"https:\/\/www.oleaia.com\/it\/wp-json\/wp\/v2\/media?parent=3"}],"curies":[{"name":"wp","href":"https:\/\/api.w.org\/{rel}","templated":true}]}}