{"id":3,"date":"2025-04-10T11:35:39","date_gmt":"2025-04-10T09:35:39","guid":{"rendered":"https:\/\/www.stoprodent.com\/?page_id=3"},"modified":"2025-07-18T16:34:45","modified_gmt":"2025-07-18T14:34:45","slug":"privacy-policy","status":"publish","type":"page","link":"https:\/\/www.oleaia.com\/lt\/privacy-policy\/","title":{"rendered":"Privatumo politika"},"content":{"rendered":"<p><strong>1 straipsnis. Svetain\u0117s pristatymas<\/strong><\/p>\n\n\n\n<p>Svetain\u0117s naudotojams nurodoma \u012fvairi\u0173 suinteresuot\u0173j\u0173 \u0161ali\u0173 tapatyb\u0117, susijusi su jos \u012fgyvendinimu ir tolesniais veiksmais:<\/p>\n\n\n\n<p>Savininkas : Oleaia LLC<br>Adresas: 213 N Market Street #1042, Wilmington, DE 19801, JAV<br>Akcinis kapitalas: 100 000 USD<br>Teisin\u0117 forma : Ribotos atsakomyb\u0117s bendrov\u0117<br>Failo numeris : 10141920<\/p>\n\n\n\n<p>\u0160eimininkas : OVH SAS, 2 rue Kellermann, Roubaix, 59100, Pranc\u016bzija<\/p>\n\n\n\n<p><strong>2 straipsnis. Bendrosios naudojimo s\u0105lygos<\/strong>&nbsp;<strong>svetain\u0117s ir si\u016blom\u0173 paslaug\u0173.<\/strong><\/p>\n\n\n\n<p>Naudojimasis svetaine rei\u0161kia, kad visi\u0161kai sutinkate su toliau apra\u0161ytomis bendrosiomis naudojimo s\u0105lygomis. \u0160ios naudojimo s\u0105lygos gali b\u016bti bet kada pakeistos ar papildytos, tod\u0117l svetain\u0117s naudotoj\u0173 pra\u0161ome su jomis nuolat susipa\u017einti.<\/p>\n\n\n\n<p>\u0160ia svetaine naudotojai paprastai gali naudotis bet kuriuo metu. Ta\u010diau d\u0117l technin\u0117s prie\u017ei\u016bros nutraukimo gali nuspr\u0119sti \"Oleaia LLC\", kuri pasistengs informuoti naudotojus prie\u0161 tai, kada ir kokiu laiku tai bus padaryta.<\/p>\n\n\n\n<p>Svetain\u0119 reguliariai atnaujina \"Oleaia LLC\". Taip pat ir teisiniai prane\u0161imai gali b\u016bti bet kada kei\u010diami, ta\u010diau jie yra privalomi naudotojui, kuris kvie\u010diamas kuo da\u017eniau jais naudotis, kad su jais susipa\u017eint\u0173.<\/p>\n\n\n\n<p><strong>3 straipsnis. Teikiam\u0173 paslaug\u0173 apra\u0161ymas<\/strong><\/p>\n\n\n\n<p>Svetain\u0117s tikslas - teikti informacij\u0105 apie vis\u0105 bendrov\u0117s veikl\u0105.<\/p>\n\n\n\n<p>\"Oleaia LLC\" stengiasi, kad informacija svetain\u0117je b\u016bt\u0173 kuo tikslesn\u0117. Ta\u010diau ji negali b\u016bti laikoma atsakinga u\u017e praleidimus, netikslumus ir tr\u016bkumus atnaujintoje informacijoje, kuriuos padaro ji pati arba tre\u010diosios \u0161alys partner\u0117s, teikian\u010dios jai \u0161i\u0105 informacij\u0105.<\/p>\n\n\n\n<p>Visa svetain\u0117je pateikta informacija yra tik informacinio pob\u016bd\u017eio ir gali keistis. Be to, svetain\u0117je pateikta informacija n\u0117ra i\u0161sami. Ji pateikiama atsi\u017evelgiant \u012f tai, kad nuo jos paskelbimo internete buvo padaryta pakeitim\u0173.<\/p>\n\n\n\n<p><strong>4 straipsnis. Technini\u0173 duomen\u0173 sutartiniai apribojimai<\/strong><\/p>\n\n\n\n<p>Svetain\u0117je naudojama \"JavaScript\" technologija.<\/p>\n\n\n\n<p>Svetain\u0117 negali b\u016bti laikoma atsakinga u\u017e materialin\u0119 \u017eal\u0105, susijusi\u0105 su svetain\u0117s naudojimu. Be to, svetain\u0117s naudotojas \u012fsipareigoja naudotis svetaine naudodamasis naujausia \u012franga, kurioje n\u0117ra virus\u0173, ir atnaujinta naujausios kartos nar\u0161ykle.<\/p>\n\n\n\n<p><strong>5 straipsnis. Intelektin\u0117 nuosavyb\u0117 ir klastot\u0117s<\/strong><\/p>\n\n\n\n<p>\"Oleaia LLC\" yra intelektin\u0117s nuosavyb\u0117s teisi\u0173 savinink\u0117 arba jai priklauso vis\u0173 svetain\u0117je prieinam\u0173 element\u0173, ypa\u010d tekst\u0173, vaizd\u0173, grafikos, logotip\u0173, piktogram\u0173, gars\u0173, programin\u0117s \u012frangos, naudojimo teis\u0117s.<\/p>\n\n\n\n<p>Draud\u017eiamas bet koks svetain\u0117s element\u0173 ar j\u0173 dalies atgaminimas, pateikimas, keitimas, skelbimas, adaptavimas, nepriklausomai nuo naudojam\u0173 priemoni\u0173 ar proceso, i\u0161skyrus atvejus, kai yra gautas i\u0161ankstinis ra\u0161ti\u0161kas : Oleaia LLC .<\/p>\n\n\n\n<p>Bet koks neteis\u0117tas svetain\u0117s ar bet kurio joje esan\u010dio elemento naudojimas bus laikomas pa\u017eeidimu ir u\u017e tai bus traukiamas baud\u017eiamojon atsakomyb\u0117n.<\/p>\n\n\n\n<p><strong>6 straipsnis. Atsakomyb\u0117s apribojimas<\/strong><\/p>\n\n\n\n<p>\"Oleaia LLC\" negali b\u016bti laikoma atsakinga u\u017e tiesiogin\u0119 ir netiesiogin\u0119 \u017eal\u0105, padaryt\u0105 naudotojo \u012frangai, kai jis naudojasi svetaine, ir atsiradusi\u0105 d\u0117l \u012frangos, kuri neatitinka 4 punkte nurodyt\u0173 specifikacij\u0173, naudojimo, arba d\u0117l klaidos atsiradimo ar nesuderinamumo.<\/p>\n\n\n\n<p>Oleaia taip pat negali b\u016bti laikoma atsakinga u\u017e netiesiogin\u0119 \u017eal\u0105 (pvz., rinkos praradim\u0105 ar galimybi\u0173 praradim\u0105), atsiradusi\u0105 d\u0117l naudojimosi svetaine.<\/p>\n\n\n\n<p>Naudotojai gali naudotis interaktyviomis erdv\u0117mis (galimyb\u0117 u\u017eduoti klausimus kontaktin\u0117je erdv\u0117je). Oleaia LLC pasilieka teis\u0119 be i\u0161ankstinio \u012fsp\u0117jimo i\u0161trinti bet kok\u012f \u0161ioje erdv\u0117je paskelbt\u0105 turin\u012f, kuris prie\u0161taraut\u0173 pardav\u0117jo nuolatin\u0117s gyvenamosios vietos \u0161alyje taikomiems teis\u0117s aktams, ypa\u010d nuostatoms, susijusioms su duomen\u0173 apsauga. Prireikus Oleaia LLC taip pat pasilieka teis\u0119 kelti klausim\u0105 d\u0117l naudotojo civilin\u0117s ir (arba) baud\u017eiamosios atsakomyb\u0117s, ypa\u010d rasistinio, \u012f\u017eeid\u017eian\u010dio, \u0161mei\u017eiki\u0161ko ar pornografinio pob\u016bd\u017eio prane\u0161imo atveju, neatsi\u017evelgiant \u012f naudojam\u0105 laikmen\u0105 ( tekstas, fotografija ir kt.).<\/p>\n\n\n\n<p><strong>7 straipsnis. Asmens duomen\u0173 tvarkymas<\/strong><\/p>\n\n\n\n<p>Naudojantis svetaine gali b\u016bti renkami \u0161ie duomenys: nuorod\u0173, per kurias naudotojas pateko \u012f svetain\u0119, URL, naudotojo prieigos paslaug\u0173 teik\u0117jas, naudotojo interneto protokolo adresas (IP).<\/p>\n\n\n\n<p>Bet kuriuo atveju \"Oleaia LLC\" renka su vartotoju susijusi\u0105 asmenin\u0119 informacij\u0105 tik tam, kad b\u016bt\u0173 galima naudotis tam tikromis svetain\u0117je si\u016blomomis paslaugomis. Vartotojas \u0161i\u0105 informacij\u0105 pateikia \u017einodamas visus faktus, ypa\u010d kai pats j\u0105 \u012fveda. Tuomet svetain\u0117s naudotojui nurodoma pareiga pateikti \u0161i\u0105 informacij\u0105 arba jos nepateikti.<\/p>\n\n\n\n<p>Pagal nuostatas, susijusias su duomen\u0173 tvarkymu, bylomis ir laisv\u0117mis, kiekvienas naudotojas turi teis\u0119 susipa\u017einti su savo asmens duomenimis, juos i\u0161taisyti ir nesutikti su jais, pateikdamas ra\u0161ti\u0161k\u0105 ir pasira\u0161yt\u0105 pra\u0161ym\u0105, prie kurio pridedama asmens tapatyb\u0117s dokumento kopija su dokumento tur\u0117tojo para\u0161u ir nurodomas adresas, kuriuo turi b\u016bti siun\u010diamas atsakymas.<\/p>\n\n\n\n<p>Jokia svetain\u0117s naudotojo asmenin\u0117 informacija be naudotojo \u017einios n\u0117ra skelbiama, kei\u010diama, perduodama, perleid\u017eiama ar parduodama tre\u010diosioms \u0161alims. Tik per\u0117mus Oleaia LLC ir jos teises, min\u0117t\u0105 informacij\u0105 b\u016bt\u0173 galima perduoti b\u016bsimam pirk\u0117jui, kuris savo ruo\u017etu b\u016bt\u0173 saistomas tos pa\u010dios pareigos saugoti ir keisti duomenis apie svetain\u0117s naudotoj\u0105. tinklalapis.<\/p>\n\n\n\n<p>Duomen\u0173 baz\u0117ms taikomos duomen\u0173 bazi\u0173 teisin\u0117s apsaugos nuostatos.<\/p>\n\n\n\n<p><strong>8 straipsnis. Hipertekstin\u0117s nuorodos ir slapukai<\/strong><\/p>\n\n\n\n<p>Svetain\u0117je yra daug hipertekstini\u0173 nuorod\u0173 \u012f kitas svetaines, sukurt\u0173 gavus \"Oleaia LLC\" leidim\u0105. Ta\u010diau \"Oleaia LLC\" neturi galimyb\u0117s patikrinti taip lankom\u0173 svetaini\u0173 turinio, tod\u0117l neprisiima jokios atsakomyb\u0117s u\u017e \u0161\u012f fakt\u0105.<\/p>\n\n\n\n<p>Tik\u0117tina, kad nar\u0161ant svetain\u0117je naudotojo kompiuteryje bus \u012fdiegtas (-i) slapukas (-ai). Slapukas - tai nedidelis failas, kuris neleid\u017eia nustatyti naudotojo tapatyb\u0117s, bet kuriame \u012fra\u0161oma informacija, susijusi su kompiuterio nar\u0161ymu svetain\u0117je. Tokiu b\u016bdu gauti duomenys skirti palengvinti v\u0117lesn\u0119 navigacij\u0105 svetain\u0117je, taip pat skirti tam, kad b\u016bt\u0173 galima atlikti \u012fvairius lankomumo matavimus.<\/p>\n\n\n\n<p>Atsisakius \u012fdiegti slapuk\u0105, gali b\u016bti ne\u012fmanoma naudotis tam tikromis paslaugomis. Ta\u010diau naudotojas gali taip sukonfig\u016bruoti savo kompiuter\u012f, kad atsisakyt\u0173 \u012fdiegti slapukus:<\/p>\n\n\n\n<p>Internet Explorer : \u012franki\u0173 skirtukas (piktogramos pavidalo piktograma vir\u0161uje de\u0161in\u0117je) \/ interneto parinktys. Spustel\u0117kite Privatumas ir pasirinkite Blokuoti visus slapukus. Patvirtinkite pasirink\u0119 Ok.<\/p>\n\n\n\n<p>\"Firefox\" : nar\u0161ykl\u0117s lango vir\u0161uje spustel\u0117kite mygtuk\u0105 \"Firefox\", tada eikite \u012f skirtuk\u0105 \"Parinktys\". Spustel\u0117kite skirtuk\u0105 Privatumas. Nustatykite Saugojimo taisykl\u0117s : naudoti pasirinktinius istorijos nustatymus. Galiausiai panaikinkite \u017eym\u0117jim\u0105, kad i\u0161jungtum\u0117te slapukus.<\/p>\n\n\n\n<p>\"Safari\" : nar\u0161ykl\u0117s vir\u0161uje de\u0161in\u0117je spustel\u0117kite meniu piktogram\u0105 (simbolizuojam\u0105 krumpliara\u010diu). Pasirinkite Nustatymai. Spustel\u0117kite Rodyti i\u0161pl\u0117stinius nustatymus. Skyriuje \"Privatumas\" spustel\u0117kite Turinio nustatymai. Skyriuje \"Slapukai\" galite blokuoti slapukus.<\/p>\n\n\n\n<p>\"Chrome\" : nar\u0161ykl\u0117s vir\u0161uje de\u0161in\u0117je spustel\u0117kite meniu piktogram\u0105 (j\u0105 simbolizuoja trys horizontalios linijos). Pasirinkite Nustatymai. Spustel\u0117kite Rodyti i\u0161pl\u0117stinius nustatymus. Skyriuje \"Privatumas\" spustel\u0117kite Nustatymai. Skirtuke \"Privatumas\" galite blokuoti slapukus.<strong>&nbsp;<\/strong><\/p>\n\n\n\n<p><strong>9 straipsnis. Taikytina teis\u0117 ir jurisdikcijos nustatymas<\/strong><\/p>\n\n\n\n<p>Bet kokiems su svetain\u0117s naudojimu susijusiems gin\u010dams taikoma pardav\u0117jo nuolatin\u0117s gyvenamosios vietos \u0161alyje galiojanti teis\u0117. I\u0161imtin\u0117 jurisdikcija priklauso kompetentingiems pardav\u0117jo nuolatin\u0117s gyvenamosios vietos \u0161alies teismams.<\/p>\n\n\n\n<p><strong>10 straipsnis. \u017dodyn\u0117lis<\/strong>&nbsp;<\/p>\n\n\n\n<p>Naudotojas : interneto naudotojas, prisijung\u0119s naudodamasis pirmiau min\u0117ta svetaine.<\/p>\n\n\n\n<p>Asmenin\u0117 informacija : informacija, pagal kuri\u0105 bet kokia forma, tiesiogiai ar netiesiogiai, galima identifikuoti fizinius asmenis, kuriems ji taikoma.<\/p>","protected":false},"excerpt":{"rendered":"<p>Article 1. Presentation of the site It is specified to users of the website the identity of the various stakeholders in the context of its realization and its follow-up : Owner : Oleaia LLCAddress : 213 N Market Street #1042, Wilmington, DE 19801, USAShare capital : USD 100,000Legal form : Limited liability companyFile number : [&hellip;]<\/p>\n","protected":false},"author":1,"featured_media":0,"parent":0,"menu_order":0,"comment_status":"closed","ping_status":"open","template":"","meta":{"_uag_custom_page_level_css":"","site-sidebar-layout":"default","site-content-layout":"","ast-site-content-layout":"default","site-content-style":"default","site-sidebar-style":"default","ast-global-header-display":"","ast-banner-title-visibility":"","ast-main-header-display":"","ast-hfb-above-header-display":"","ast-hfb-below-header-display":"","ast-hfb-mobile-header-display":"","site-post-title":"","ast-breadcrumbs-content":"","ast-featured-img":"","footer-sml-layout":"","ast-disable-related-posts":"","theme-transparent-header-meta":"","adv-header-id-meta":"","stick-header-meta":"","header-above-stick-meta":"","header-main-stick-meta":"","header-below-stick-meta":"","astra-migrate-meta-layouts":"set","ast-page-background-enabled":"default","ast-page-background-meta":{"desktop":{"background-color":"var(--ast-global-color-4)","background-image":"","background-repeat":"repeat","background-position":"center center","background-size":"auto","background-attachment":"scroll","background-type":"","background-media":"","overlay-type":"","overlay-color":"","overlay-opacity":"","overlay-gradient":""},"tablet":{"background-color":"","background-image":"","background-repeat":"repeat","background-position":"center center","background-size":"auto","background-attachment":"scroll","background-type":"","background-media":"","overlay-type":"","overlay-color":"","overlay-opacity":"","overlay-gradient":""},"mobile":{"background-color":"","background-image":"","background-repeat":"repeat","background-position":"center center","background-size":"auto","background-attachment":"scroll","background-type":"","background-media":"","overlay-type":"","overlay-color":"","overlay-opacity":"","overlay-gradient":""}},"ast-content-background-meta":{"desktop":{"background-color":"var(--ast-global-color-5)","background-image":"","background-repeat":"repeat","background-position":"center center","background-size":"auto","background-attachment":"scroll","background-type":"","background-media":"","overlay-type":"","overlay-color":"","overlay-opacity":"","overlay-gradient":""},"tablet":{"background-color":"var(--ast-global-color-5)","background-image":"","background-repeat":"repeat","background-position":"center center","background-size":"auto","background-attachment":"scroll","background-type":"","background-media":"","overlay-type":"","overlay-color":"","overlay-opacity":"","overlay-gradient":""},"mobile":{"background-color":"var(--ast-global-color-5)","background-image":"","background-repeat":"repeat","background-position":"center center","background-size":"auto","background-attachment":"scroll","background-type":"","background-media":"","overlay-type":"","overlay-color":"","overlay-opacity":"","overlay-gradient":""}},"footnotes":""},"class_list":["post-3","page","type-page","status-publish","hentry"],"spectra_custom_meta":{"_wp_page_template":["default"],"_wpml_word_count":["1292"],"_edit_lock":["1752849289:1"],"_wpml_location_migration_done":["1"],"_edit_last":["1"],"_wpml_media_duplicate":["1"],"_wpml_media_featured":["1"],"rank_math_news_sitemap_robots":["index"],"rank_math_robots":["a:1:{i:0;s:5:\"index\";}"],"_uag_custom_page_level_css":[""],"site-sidebar-layout":["default"],"site-content-layout":[""],"ast-site-content-layout":["default"],"site-content-style":["default"],"site-sidebar-style":["default"],"ast-global-header-display":[""],"ast-banner-title-visibility":[""],"ast-main-header-display":[""],"ast-hfb-above-header-display":[""],"ast-hfb-below-header-display":[""],"ast-hfb-mobile-header-display":[""],"site-post-title":[""],"ast-breadcrumbs-content":[""],"ast-featured-img":[""],"footer-sml-layout":[""],"theme-transparent-header-meta":[""],"adv-header-id-meta":[""],"stick-header-meta":[""],"header-above-stick-meta":[""],"header-main-stick-meta":[""],"header-below-stick-meta":[""],"astra-migrate-meta-layouts":["set"],"ast-page-background-enabled":["default"],"ast-page-background-meta":["a:3:{s:7:\"desktop\";a:12:{s:16:\"background-color\";s:25:\"var(--ast-global-color-4)\";s:16:\"background-image\";s:0:\"\";s:17:\"background-repeat\";s:6:\"repeat\";s:19:\"background-position\";s:13:\"center center\";s:15:\"background-size\";s:4:\"auto\";s:21:\"background-attachment\";s:6:\"scroll\";s:15:\"background-type\";s:0:\"\";s:16:\"background-media\";s:0:\"\";s:12:\"overlay-type\";s:0:\"\";s:13:\"overlay-color\";s:0:\"\";s:15:\"overlay-opacity\";s:0:\"\";s:16:\"overlay-gradient\";s:0:\"\";}s:6:\"tablet\";a:12:{s:16:\"background-color\";s:0:\"\";s:16:\"background-image\";s:0:\"\";s:17:\"background-repeat\";s:6:\"repeat\";s:19:\"background-position\";s:13:\"center center\";s:15:\"background-size\";s:4:\"auto\";s:21:\"background-attachment\";s:6:\"scroll\";s:15:\"background-type\";s:0:\"\";s:16:\"background-media\";s:0:\"\";s:12:\"overlay-type\";s:0:\"\";s:13:\"overlay-color\";s:0:\"\";s:15:\"overlay-opacity\";s:0:\"\";s:16:\"overlay-gradient\";s:0:\"\";}s:6:\"mobile\";a:12:{s:16:\"background-color\";s:0:\"\";s:16:\"background-image\";s:0:\"\";s:17:\"background-repeat\";s:6:\"repeat\";s:19:\"background-position\";s:13:\"center center\";s:15:\"background-size\";s:4:\"auto\";s:21:\"background-attachment\";s:6:\"scroll\";s:15:\"background-type\";s:0:\"\";s:16:\"background-media\";s:0:\"\";s:12:\"overlay-type\";s:0:\"\";s:13:\"overlay-color\";s:0:\"\";s:15:\"overlay-opacity\";s:0:\"\";s:16:\"overlay-gradient\";s:0:\"\";}}"],"ast-content-background-meta":["a:3:{s:7:\"desktop\";a:12:{s:16:\"background-color\";s:25:\"var(--ast-global-color-5)\";s:16:\"background-image\";s:0:\"\";s:17:\"background-repeat\";s:6:\"repeat\";s:19:\"background-position\";s:13:\"center center\";s:15:\"background-size\";s:4:\"auto\";s:21:\"background-attachment\";s:6:\"scroll\";s:15:\"background-type\";s:0:\"\";s:16:\"background-media\";s:0:\"\";s:12:\"overlay-type\";s:0:\"\";s:13:\"overlay-color\";s:0:\"\";s:15:\"overlay-opacity\";s:0:\"\";s:16:\"overlay-gradient\";s:0:\"\";}s:6:\"tablet\";a:12:{s:16:\"background-color\";s:25:\"var(--ast-global-color-5)\";s:16:\"background-image\";s:0:\"\";s:17:\"background-repeat\";s:6:\"repeat\";s:19:\"background-position\";s:13:\"center center\";s:15:\"background-size\";s:4:\"auto\";s:21:\"background-attachment\";s:6:\"scroll\";s:15:\"background-type\";s:0:\"\";s:16:\"background-media\";s:0:\"\";s:12:\"overlay-type\";s:0:\"\";s:13:\"overlay-color\";s:0:\"\";s:15:\"overlay-opacity\";s:0:\"\";s:16:\"overlay-gradient\";s:0:\"\";}s:6:\"mobile\";a:12:{s:16:\"background-color\";s:25:\"var(--ast-global-color-5)\";s:16:\"background-image\";s:0:\"\";s:17:\"background-repeat\";s:6:\"repeat\";s:19:\"background-position\";s:13:\"center center\";s:15:\"background-size\";s:4:\"auto\";s:21:\"background-attachment\";s:6:\"scroll\";s:15:\"background-type\";s:0:\"\";s:16:\"background-media\";s:0:\"\";s:12:\"overlay-type\";s:0:\"\";s:13:\"overlay-color\";s:0:\"\";s:15:\"overlay-opacity\";s:0:\"\";s:16:\"overlay-gradient\";s:0:\"\";}}"],"footnotes":[""],"_elementor_edit_mode":[""],"_elementor_template_type":[""],"_elementor_data":[""],"_elementor_conditions":["a:0:{}"],"_uag_css_file_name":["uag-css-3.css"],"_uag_page_assets":["a:9:{s:3:\"css\";s:7156:\".uag-blocks-common-selector{z-index:var(--z-index-desktop) !important}@media (max-width: 976px){.uag-blocks-common-selector{z-index:var(--z-index-tablet) !important}}@media (max-width: 767px){.uag-blocks-common-selector{z-index:var(--z-index-mobile) !important}}\n.wp-block-uagb-image{display:flex}.wp-block-uagb-image__figure{position:relative;display:flex;flex-direction:column;max-width:100%;height:auto;margin:0}.wp-block-uagb-image__figure img{height:auto;display:flex;max-width:100%;transition:box-shadow 0.2s ease}.wp-block-uagb-image__figure>a{display:inline-block}.wp-block-uagb-image__figure figcaption{text-align:center;margin-top:0.5em;margin-bottom:1em}.wp-block-uagb-image .components-placeholder.block-editor-media-placeholder .components-placeholder__instructions{align-self:center}.wp-block-uagb-image--align-left{text-align:left}.wp-block-uagb-image--align-right{text-align:right}.wp-block-uagb-image--align-center{text-align:center}.wp-block-uagb-image--align-full .wp-block-uagb-image__figure{margin-left:calc(50% - 50vw);margin-right:calc(50% - 50vw);max-width:100vw;width:100vw;height:auto}.wp-block-uagb-image--align-full .wp-block-uagb-image__figure img{height:auto;width:100% !important}.wp-block-uagb-image--align-wide .wp-block-uagb-image__figure img{height:auto;width:100%}.wp-block-uagb-image--layout-overlay__color-wrapper{position:absolute;left:0;top:0;right:0;bottom:0;opacity:0.2;background:rgba(0,0,0,0.5);transition:opacity 0.35s ease-in-out}.wp-block-uagb-image--layout-overlay-link{position:absolute;left:0;right:0;bottom:0;top:0}.wp-block-uagb-image--layout-overlay .wp-block-uagb-image__figure:hover .wp-block-uagb-image--layout-overlay__color-wrapper{opacity:1}.wp-block-uagb-image--layout-overlay__inner{position:absolute;left:15px;right:15px;bottom:15px;top:15px;display:flex;align-items:center;justify-content:center;flex-direction:column;border-color:#fff;transition:0.35s ease-in-out}.wp-block-uagb-image--layout-overlay__inner.top-left,.wp-block-uagb-image--layout-overlay__inner.top-center,.wp-block-uagb-image--layout-overlay__inner.top-right{justify-content:flex-start}.wp-block-uagb-image--layout-overlay__inner.bottom-left,.wp-block-uagb-image--layout-overlay__inner.bottom-center,.wp-block-uagb-image--layout-overlay__inner.bottom-right{justify-content:flex-end}.wp-block-uagb-image--layout-overlay__inner.top-left,.wp-block-uagb-image--layout-overlay__inner.center-left,.wp-block-uagb-image--layout-overlay__inner.bottom-left{align-items:flex-start}.wp-block-uagb-image--layout-overlay__inner.top-right,.wp-block-uagb-image--layout-overlay__inner.center-right,.wp-block-uagb-image--layout-overlay__inner.bottom-right{align-items:flex-end}.wp-block-uagb-image--layout-overlay__inner .uagb-image-heading{color:#fff;transition:transform 0.35s, opacity 0.35s ease-in-out;transform:translate3d(0, 24px, 0);margin:0;line-height:1em}.wp-block-uagb-image--layout-overlay__inner .uagb-image-separator{width:30%;border-top-width:2px;border-top-color:#fff;border-top-style:solid;margin-bottom:10px;opacity:0;transition:transform 0.4s, opacity 0.4s ease-in-out;transform:translate3d(0, 30px, 0)}.wp-block-uagb-image--layout-overlay__inner .uagb-image-caption{opacity:0;overflow:visible;color:#fff;transition:transform 0.45s, opacity 0.45s ease-in-out;transform:translate3d(0, 35px, 0)}.wp-block-uagb-image--layout-overlay__inner:hover .uagb-image-heading,.wp-block-uagb-image--layout-overlay__inner:hover .uagb-image-separator,.wp-block-uagb-image--layout-overlay__inner:hover .uagb-image-caption{opacity:1;transform:translate3d(0, 0, 0)}.wp-block-uagb-image--effect-zoomin .wp-block-uagb-image__figure img,.wp-block-uagb-image--effect-zoomin .wp-block-uagb-image__figure .wp-block-uagb-image--layout-overlay__color-wrapper{transform:scale(1);transition:transform 0.35s ease-in-out}.wp-block-uagb-image--effect-zoomin .wp-block-uagb-image__figure:hover img,.wp-block-uagb-image--effect-zoomin .wp-block-uagb-image__figure:hover .wp-block-uagb-image--layout-overlay__color-wrapper{transform:scale(1.05)}.wp-block-uagb-image--effect-slide .wp-block-uagb-image__figure img,.wp-block-uagb-image--effect-slide .wp-block-uagb-image__figure .wp-block-uagb-image--layout-overlay__color-wrapper{width:calc(100% + 40px) !important;max-width:none !important;transform:translate3d(-40px, 0, 0);transition:transform 0.35s ease-in-out}.wp-block-uagb-image--effect-slide .wp-block-uagb-image__figure:hover img,.wp-block-uagb-image--effect-slide .wp-block-uagb-image__figure:hover .wp-block-uagb-image--layout-overlay__color-wrapper{transform:translate3d(0, 0, 0)}.wp-block-uagb-image--effect-grayscale img{filter:grayscale(0%);transition:0.35s ease-in-out}.wp-block-uagb-image--effect-grayscale:hover img{filter:grayscale(100%)}.wp-block-uagb-image--effect-blur img{filter:blur(0);transition:0.35s ease-in-out}.wp-block-uagb-image--effect-blur:hover img{filter:blur(3px)}\n.uagb-block-e6f939b3.wp-block-uagb-image--layout-default figure img{box-shadow: 0px 0px 0 #00000070;}.uagb-block-e6f939b3.wp-block-uagb-image .wp-block-uagb-image__figure figcaption{font-style: normal;align-self: center;}.uagb-block-e6f939b3.wp-block-uagb-image--layout-overlay figure img{box-shadow: 0px 0px 0 #00000070;}.uagb-block-e6f939b3.wp-block-uagb-image--layout-overlay .wp-block-uagb-image--layout-overlay__color-wrapper{opacity: 0.2;}.uagb-block-e6f939b3.wp-block-uagb-image--layout-overlay .wp-block-uagb-image--layout-overlay__inner{left: 15px;right: 15px;top: 15px;bottom: 15px;}.uagb-block-e6f939b3.wp-block-uagb-image--layout-overlay .wp-block-uagb-image--layout-overlay__inner .uagb-image-heading{font-style: normal;color: #fff;opacity: 1;}.uagb-block-e6f939b3.wp-block-uagb-image--layout-overlay .wp-block-uagb-image--layout-overlay__inner .uagb-image-heading a{color: #fff;}.uagb-block-e6f939b3.wp-block-uagb-image--layout-overlay .wp-block-uagb-image--layout-overlay__inner .uagb-image-caption{opacity: 0;}.uagb-block-e6f939b3.wp-block-uagb-image--layout-overlay .wp-block-uagb-image__figure:hover .wp-block-uagb-image--layout-overlay__color-wrapper{opacity: 1;}.uagb-block-e6f939b3.wp-block-uagb-image .wp-block-uagb-image--layout-overlay__inner .uagb-image-separator{width: 30%;border-top-width: 2px;border-top-color: #fff;opacity: 0;}.uagb-block-e6f939b3.wp-block-uagb-image .wp-block-uagb-image__figure img{width: px;height: auto;}.uagb-block-e6f939b3.wp-block-uagb-image .wp-block-uagb-image__figure:hover .wp-block-uagb-image--layout-overlay__inner .uagb-image-caption{opacity: 1;}.uagb-block-e6f939b3.wp-block-uagb-image .wp-block-uagb-image__figure:hover .wp-block-uagb-image--layout-overlay__inner .uagb-image-separator{opacity: 1;}.uagb-block-e6f939b3.wp-block-uagb-image--layout-default figure:hover img{box-shadow: 0px 0px 0 #00000070;}.uagb-block-e6f939b3.wp-block-uagb-image--layout-overlay figure:hover img{box-shadow: 0px 0px 0 #00000070;}@media only screen and (max-width: 976px) {.uagb-block-e6f939b3.wp-block-uagb-image .wp-block-uagb-image__figure img{width: px;height: auto;}}@media only screen and (max-width: 767px) {.uagb-block-e6f939b3.wp-block-uagb-image .wp-block-uagb-image__figure img{width: px;height: auto;}}\";s:2:\"js\";s:0:\"\";s:18:\"current_block_list\";a:13:{i:0;s:14:\"core\/paragraph\";i:1;s:11:\"core\/search\";i:2;s:10:\"core\/group\";i:3;s:12:\"core\/heading\";i:4;s:17:\"core\/latest-posts\";i:5;s:20:\"core\/latest-comments\";i:6;s:13:\"core\/archives\";i:7;s:15:\"core\/categories\";i:8;s:10:\"uagb\/image\";i:9;s:11:\"core\/spacer\";i:10;s:30:\"woocommerce\/product-categories\";i:11;s:10:\"core\/image\";i:12;s:14:\"core\/shortcode\";}s:8:\"uag_flag\";b:1;s:11:\"uag_version\";s:10:\"1776458926\";s:6:\"gfonts\";a:0:{}s:10:\"gfonts_url\";s:0:\"\";s:12:\"gfonts_files\";a:0:{}s:14:\"uag_faq_layout\";b:0;}"]},"uagb_featured_image_src":{"full":false,"thumbnail":false,"medium":false,"medium_large":false,"large":false,"1536x1536":false,"2048x2048":false,"trp-custom-language-flag":false,"woocommerce_thumbnail":false,"woocommerce_single":false,"woocommerce_gallery_thumbnail":false},"uagb_author_info":{"display_name":"admin","author_link":"https:\/\/www.oleaia.com\/lt\/author\/admin2721\/"},"uagb_comment_info":0,"uagb_excerpt":"Article 1. Presentation of the site It is specified to users of the website the identity of the various stakeholders in the context of its realization and its follow-up : Owner : Oleaia LLCAddress : 213 N Market Street #1042, Wilmington, DE 19801, USAShare capital : USD 100,000Legal form : Limited liability companyFile number :&hellip;","_links":{"self":[{"href":"https:\/\/www.oleaia.com\/lt\/wp-json\/wp\/v2\/pages\/3","targetHints":{"allow":["GET"]}}],"collection":[{"href":"https:\/\/www.oleaia.com\/lt\/wp-json\/wp\/v2\/pages"}],"about":[{"href":"https:\/\/www.oleaia.com\/lt\/wp-json\/wp\/v2\/types\/page"}],"author":[{"embeddable":true,"href":"https:\/\/www.oleaia.com\/lt\/wp-json\/wp\/v2\/users\/1"}],"replies":[{"embeddable":true,"href":"https:\/\/www.oleaia.com\/lt\/wp-json\/wp\/v2\/comments?post=3"}],"version-history":[{"count":4,"href":"https:\/\/www.oleaia.com\/lt\/wp-json\/wp\/v2\/pages\/3\/revisions"}],"predecessor-version":[{"id":23021,"href":"https:\/\/www.oleaia.com\/lt\/wp-json\/wp\/v2\/pages\/3\/revisions\/23021"}],"wp:attachment":[{"href":"https:\/\/www.oleaia.com\/lt\/wp-json\/wp\/v2\/media?parent=3"}],"curies":[{"name":"wp","href":"https:\/\/api.w.org\/{rel}","templated":true}]}}