{"id":23494,"date":"2025-08-04T16:51:16","date_gmt":"2025-08-04T14:51:16","guid":{"rendered":"https:\/\/www.oleaia.com\/?post_type=product&#038;p=23494"},"modified":"2026-03-02T18:46:55","modified_gmt":"2026-03-02T17:46:55","slug":"cardamom-oil","status":"publish","type":"product","link":"https:\/\/www.oleaia.com\/lt\/products\/cardamom-oil\/","title":{"rendered":"Kardamon\u0173 aliejus - 1 litras"},"content":{"rendered":"<p><strong><img decoding=\"async\" style=\"margin-right: 12px;\" src=\"https:\/\/www.oleaia.com\/wp-content\/uploads\/2026\/03\/Check.svg\" alt=\"\" width=\"18\" height=\"15\" \/>Neprilygstamas veiksmingumas vir\u0161kinimo komfortui ir energijos atgaivinimui.<\/strong> Kardamon\u0173 aliejus yra veiksmingiausias nat\u016bralus sprendimas vir\u0161kinimo pusiausvyrai palaikyti, lengvumo poj\u016b\u010diui po valgio ir naujam gyvybingumui skatinti. Tradici\u0161kai vertinamas aromat\u0173 ir sveikatingumo tradicijose, jis padeda palaikyti vidin\u012f komfort\u0105, o \u0161iltas, a\u0161trus kvapas pakyl\u0117ja prot\u0105.<\/p>\n<p><strong><img decoding=\"async\" style=\"margin-right: 12px;\" src=\"https:\/\/www.oleaia.com\/wp-content\/uploads\/2026\/03\/Check.svg\" alt=\"\" width=\"18\" height=\"15\" \/>Pigiausias auk\u0161\u010diausios kokyb\u0117s kardamon\u0173 aliejus.<\/strong> Esame pigiausi rinkoje, i\u0161laikydami grie\u017etus kokyb\u0117s standartus, tod\u0117l u\u017etikriname i\u0161skirtin\u0119 vert\u0119, nesuma\u017eindami aromato turtingumo ir efektyvumo. D\u0117l \u0161ios prieinamos kainos kardamon\u0173 aliejus tampa prieinamas kasdienei sveikatingumo ir k\u016bno prie\u017ei\u016bros proced\u016brai.<\/p>\n<p><strong><img decoding=\"async\" style=\"margin-right: 12px;\" src=\"https:\/\/www.oleaia.com\/wp-content\/uploads\/2026\/03\/Check.svg\" alt=\"\" width=\"18\" height=\"15\" \/>Greitas ir patikimas pristatymas 24 valandas per par\u0105.<\/strong> Visada si\u016blome pristatym\u0105 24 valandas per par\u0105, tod\u0117l garantuojame, kad kardamono aliejus bus pristatytas greitai ir efektyviai. Skubus pristatymas u\u017etikrina nepertraukiam\u0105 asmenin\u0117s prie\u017ei\u016bros ir aromat\u0173 praktikos t\u0119stinum\u0105.<\/p>\n<p><strong><img decoding=\"async\" style=\"margin-right: 12px;\" src=\"https:\/\/www.oleaia.com\/wp-content\/uploads\/2026\/03\/Check.svg\" alt=\"\" width=\"18\" height=\"15\" \/>Pinig\u0173 gr\u0105\u017einimo garantija - visi\u0161kas u\u017etikrinimas.<\/strong> Si\u016blome pinig\u0173 gr\u0105\u017einimo garantij\u0105. Jei klientas nepatenkintas, gr\u0105\u017einsime pinigus. \u0160is skaidrus \u012fsipareigojimas atspindi pasitik\u0117jim\u0105 gaminio kokybe ir u\u017etikrina visi\u0161kai neriziking\u0105 pirkimo patirt\u012f.<\/p>\n<p><strong><img decoding=\"async\" style=\"margin-right: 12px;\" src=\"https:\/\/www.oleaia.com\/wp-content\/uploads\/2026\/03\/Check.svg\" alt=\"\" width=\"18\" height=\"15\" \/>Visi\u0161kai ekologi\u0161kas, kad b\u016bt\u0173 u\u017etikrintas autenti\u0161kas botaninis sveikatingumas.<\/strong> M\u016bs\u0173 kardamon\u0173 aliejus yra visi\u0161kai ekologi\u0161kas, gaminamas atsi\u017evelgiant \u012f aplinkosaugos atsakomyb\u0119 ir augal\u0173 vientisum\u0105. \u0160is \u012fsipareigojimas u\u017etikrina atitikt\u012f nat\u016bralaus gyvenimo vertyb\u0117ms ir holistin\u0117s sveikatos principams.<\/p>\n<p><strong><img decoding=\"async\" style=\"margin-right: 12px;\" src=\"https:\/\/www.oleaia.com\/wp-content\/uploads\/2026\/03\/Check.svg\" alt=\"\" width=\"18\" height=\"15\" \/>Palaiko vir\u0161kinimo harmonij\u0105 ir vidin\u0119 pusiausvyr\u0105.<\/strong> Kardamon\u0173 aliejus tradici\u0161kai vertinamas kaip padedantis palaikyti vir\u0161kinimo komfort\u0105. \u012etraukus \u012f organizuot\u0105 rutin\u0105, jis palaiko subalansuot\u0105 vir\u0161kinimo proces\u0105 ir prisideda prie geros savijautos po valgio.<\/p>\n<p><strong><img decoding=\"async\" style=\"margin-right: 12px;\" src=\"https:\/\/www.oleaia.com\/wp-content\/uploads\/2026\/03\/Check.svg\" alt=\"\" width=\"18\" height=\"15\" \/>Skatina kv\u0117pavimo tak\u0173 gaivum\u0105 ir skaidrum\u0105.<\/strong> \u0160iltas ir aromatingas kardamono aliejus padeda pajusti skaidr\u0173 kv\u0117pavim\u0105, kai jis skleid\u017eiamas arba naudojamas i\u0161ori\u0161kai kaip masa\u017eo proced\u016bros dalis.<\/p>\n<p><strong><img decoding=\"async\" style=\"margin-right: 12px;\" src=\"https:\/\/www.oleaia.com\/wp-content\/uploads\/2026\/03\/Check.svg\" alt=\"\" width=\"18\" height=\"15\" \/>Skatina protin\u012f susikaupim\u0105 ir emocin\u012f pakilim\u0105.<\/strong> I\u0161skirtinis, a\u0161trus aromatas padeda sukurti ai\u0161kumo ir pozityvumo atmosfer\u0105, tod\u0117l tinka darbui, studijoms ar apm\u0105stymams.<\/p>\n<p><strong><img decoding=\"async\" style=\"margin-right: 12px;\" src=\"https:\/\/www.oleaia.com\/wp-content\/uploads\/2026\/03\/Check.svg\" alt=\"\" width=\"18\" height=\"15\" \/>Idealiai tinka masa\u017eui ir \u0161ildomiesiems k\u016bno prie\u017ei\u016bros ritualams.<\/strong> Vieti\u0161kai naudojamas kardamon\u0173 aliejus suteikia raminant\u012f, \u0161velniai \u0161ildant\u012f poj\u016bt\u012f, kuris papildo atsipalaidavimo ir atsigavimo proced\u016bras.<\/p>\n<p><strong><img decoding=\"async\" style=\"margin-right: 12px;\" src=\"https:\/\/www.oleaia.com\/wp-content\/uploads\/2026\/03\/Check.svg\" alt=\"\" width=\"18\" height=\"15\" \/>Pagerina aromating\u0105 aplink\u0105 ir socialines erdves.<\/strong> I\u0161sklaidytas kardamono aliejus pripildo patalpas malonaus ir energizuojan\u010dio kvapo, kuris padeda atsipalaiduoti ir suteikia gyvybingumo.<\/p>\n<p><strong><img decoding=\"async\" style=\"margin-right: 12px;\" src=\"https:\/\/www.oleaia.com\/wp-content\/uploads\/2026\/03\/Check.svg\" alt=\"\" width=\"18\" height=\"15\" \/>Universaliai tinka naudoti viduje ir i\u0161or\u0117je, laikantis strukt\u016brizuotos tvarkos.<\/strong> Kardamon\u0173 aliejus lengvai integruojamas \u012f subalansuot\u0105 sveikatingumo praktik\u0105, kai naudojamas tinkamais kiekiais arba naudojamas lokaliai tikslinei paramai.<\/p>\n<p><strong><img decoding=\"async\" style=\"margin-right: 12px;\" src=\"https:\/\/www.oleaia.com\/wp-content\/uploads\/2026\/03\/Check.svg\" alt=\"\" width=\"18\" height=\"15\" \/>Praturtintas maitinamuoju aliejumi, kad b\u016bt\u0173 galima \u0161velniai naudoti vietoje ir u\u017etikrinti optimal\u0173 komfort\u0105.<\/strong> M\u016bs\u0173 kardamon\u0173 aliejus jau praturtintas maitinamuoju aliejumi, kuris u\u017etikrina \u0161veln\u0173 tepim\u0105, geresn\u012f tepim\u0105, optimal\u0173 komfort\u0105 ir paprast\u0105 naudojim\u0105. \u0160i apgalvota formul\u0117 pagerina slydim\u0105 masa\u017eo metu ir u\u017etikrina skland\u0173, tolyg\u0173 odos padengim\u0105.<\/p>\n<h2><strong>Instrukcijos<\/strong><\/h2>\n<ul>\n<li>Aromatiniam naudojimui \u012fla\u0161inkite 2-4 la\u0161us \u012f difuzori\u0173, pripildyt\u0105 vandens, ir sklaidykite 15-30 minu\u010di\u0173.<\/li>\n<li>Vir\u0161kinimui palaikyti vartokite 1-2 la\u0161us, sumai\u0161ytus su arbatiniu \u0161auk\u0161teliu medaus arba \u0161ilto vandens kart\u0105 per dien\u0105.<\/li>\n<li>Nevir\u0161ykite 3 la\u0161\u0173 per dien\u0105 vidiniam vartojimui, nebent tai patart\u0173 specialistas.<\/li>\n<li>Vietiniam naudojimui 3-6 la\u0161us u\u017ela\u0161inkite ant \u0161varios, sausos odos ir \u0161velniai \u012fmasa\u017euokite, kol \u012fsigers.<\/li>\n<li>Kad raumenims b\u016bt\u0173 patogiau, \u012fmasa\u017euokite 5-8 la\u0161us \u012f tikslines i\u0161orines vietas.<\/li>\n<li>Rekomenduojama did\u017eiausia paros doz\u0117 vietiniam naudojimui yra ma\u017edaug 8-10 la\u0161\u0173, padalyt\u0173 \u012f \u012fvairias vartojimo sritis.<\/li>\n<li>Prie\u0161 pirm\u0105 kart\u0105 naudodami i\u0161ori\u0161kai, atlikite pleistro test\u0105, kad \u012fvertintum\u0117te suderinamum\u0105 su oda.<\/li>\n<li>Venkite s\u0105ly\u010dio su akimis ir jautriomis gleivin\u0117mis.<\/li>\n<li>Nerekomenduojama vartoti n\u0117\u0161tumo metu be specialisto patarimo.<\/li>\n<li>Laikykite v\u0117sioje, sausoje vietoje, atokiau nuo tiesiogini\u0173 saul\u0117s spinduli\u0173, o po kiekvieno naudojimo buteliuk\u0105 sandariai u\u017edarykite.<\/li>\n<\/ul>","protected":false},"excerpt":{"rendered":"<p>Unmatched effectiveness for digestive comfort and revitalizing energy. Cardamom oil is the most effective natural solution for supporting digestive balance, promoting a sense of lightness after meals, and encouraging renewed vitality. Traditionally appreciated in aromatic and wellness traditions, it helps maintain internal comfort while also uplifting the mind through its warm, spicy fragrance. The cheapest [&hellip;]<\/p>\n","protected":false},"featured_media":23872,"comment_status":"open","ping_status":"closed","template":"","meta":{"_uag_custom_page_level_css":"","site-sidebar-layout":"default","site-content-layout":"","ast-site-content-layout":"default","site-content-style":"default","site-sidebar-style":"default","ast-global-header-display":"","ast-banner-title-visibility":"","ast-main-header-display":"","ast-hfb-above-header-display":"","ast-hfb-below-header-display":"","ast-hfb-mobile-header-display":"","site-post-title":"","ast-breadcrumbs-content":"","ast-featured-img":"","footer-sml-layout":"","ast-disable-related-posts":"","theme-transparent-header-meta":"default","adv-header-id-meta":"","stick-header-meta":"","header-above-stick-meta":"","header-main-stick-meta":"","header-below-stick-meta":"","astra-migrate-meta-layouts":"set","ast-page-background-enabled":"default","ast-page-background-meta":{"desktop":{"background-color":"var(--ast-global-color-4)","background-image":"","background-repeat":"repeat","background-position":"center center","background-size":"auto","background-attachment":"scroll","background-type":"","background-media":"","overlay-type":"","overlay-color":"","overlay-opacity":"","overlay-gradient":""},"tablet":{"background-color":"","background-image":"","background-repeat":"repeat","background-position":"center center","background-size":"auto","background-attachment":"scroll","background-type":"","background-media":"","overlay-type":"","overlay-color":"","overlay-opacity":"","overlay-gradient":""},"mobile":{"background-color":"","background-image":"","background-repeat":"repeat","background-position":"center center","background-size":"auto","background-attachment":"scroll","background-type":"","background-media":"","overlay-type":"","overlay-color":"","overlay-opacity":"","overlay-gradient":""}},"ast-content-background-meta":{"desktop":{"background-color":"var(--ast-global-color-5)","background-image":"","background-repeat":"repeat","background-position":"center center","background-size":"auto","background-attachment":"scroll","background-type":"","background-media":"","overlay-type":"","overlay-color":"","overlay-opacity":"","overlay-gradient":""},"tablet":{"background-color":"var(--ast-global-color-5)","background-image":"","background-repeat":"repeat","background-position":"center center","background-size":"auto","background-attachment":"scroll","background-type":"","background-media":"","overlay-type":"","overlay-color":"","overlay-opacity":"","overlay-gradient":""},"mobile":{"background-color":"var(--ast-global-color-5)","background-image":"","background-repeat":"repeat","background-position":"center center","background-size":"auto","background-attachment":"scroll","background-type":"","background-media":"","overlay-type":"","overlay-color":"","overlay-opacity":"","overlay-gradient":""}}},"product_brand":[],"product_cat":[15],"product_tag":[],"class_list":{"0":"post-23494","1":"product","2":"type-product","3":"status-publish","4":"has-post-thumbnail","6":"product_cat-shop","7":"desktop-align-left","8":"tablet-align-left","9":"mobile-align-left","11":"first","12":"instock","13":"shipping-taxable","14":"purchasable","15":"product-type-simple"},"spectra_custom_meta":{"_edit_lock":["1772473611:1"],"_edit_last":["1"],"merchant-center-availability":["yes"],"merchant-center-category":["6104"],"_thumbnail_id":["23872"],"_wp_page_template":["default"],"_sku":["OLCARDAMOMOIL"],"_global_unique_id":["5056773821675"],"_regular_price":["29.90"],"total_sales":["1"],"_tax_status":["taxable"],"_tax_class":[""],"_manage_stock":["no"],"_backorders":["no"],"_sold_individually":["no"],"_weight":["1.3"],"_virtual":["no"],"_downloadable":["no"],"_download_limit":["-1"],"_download_expiry":["-1"],"_stock":[null],"_stock_status":["instock"],"_wc_average_rating":["5.00"],"_wc_review_count":["17"],"_product_version":["10.5.2"],"_price":["29.90"],"site-sidebar-layout":["default"],"ast-site-content-layout":["default"],"site-content-style":["default"],"site-sidebar-style":["default"],"theme-transparent-header-meta":["default"],"_wc_rating_count":["a:1:{i:5;i:17;}"],"astra-migrate-meta-layouts":["set"],"_uag_css_file_name":["uag-css-23494.css"],"_elementor_page_assets":["a:0:{}"],"_uag_page_assets":["a:9:{s:3:\"css\";s:7156:\".uag-blocks-common-selector{z-index:var(--z-index-desktop) !important}@media (max-width: 976px){.uag-blocks-common-selector{z-index:var(--z-index-tablet) !important}}@media (max-width: 767px){.uag-blocks-common-selector{z-index:var(--z-index-mobile) !important}}\n.wp-block-uagb-image{display:flex}.wp-block-uagb-image__figure{position:relative;display:flex;flex-direction:column;max-width:100%;height:auto;margin:0}.wp-block-uagb-image__figure img{height:auto;display:flex;max-width:100%;transition:box-shadow 0.2s ease}.wp-block-uagb-image__figure>a{display:inline-block}.wp-block-uagb-image__figure figcaption{text-align:center;margin-top:0.5em;margin-bottom:1em}.wp-block-uagb-image .components-placeholder.block-editor-media-placeholder .components-placeholder__instructions{align-self:center}.wp-block-uagb-image--align-left{text-align:left}.wp-block-uagb-image--align-right{text-align:right}.wp-block-uagb-image--align-center{text-align:center}.wp-block-uagb-image--align-full .wp-block-uagb-image__figure{margin-left:calc(50% - 50vw);margin-right:calc(50% - 50vw);max-width:100vw;width:100vw;height:auto}.wp-block-uagb-image--align-full .wp-block-uagb-image__figure img{height:auto;width:100% !important}.wp-block-uagb-image--align-wide .wp-block-uagb-image__figure img{height:auto;width:100%}.wp-block-uagb-image--layout-overlay__color-wrapper{position:absolute;left:0;top:0;right:0;bottom:0;opacity:0.2;background:rgba(0,0,0,0.5);transition:opacity 0.35s ease-in-out}.wp-block-uagb-image--layout-overlay-link{position:absolute;left:0;right:0;bottom:0;top:0}.wp-block-uagb-image--layout-overlay .wp-block-uagb-image__figure:hover .wp-block-uagb-image--layout-overlay__color-wrapper{opacity:1}.wp-block-uagb-image--layout-overlay__inner{position:absolute;left:15px;right:15px;bottom:15px;top:15px;display:flex;align-items:center;justify-content:center;flex-direction:column;border-color:#fff;transition:0.35s ease-in-out}.wp-block-uagb-image--layout-overlay__inner.top-left,.wp-block-uagb-image--layout-overlay__inner.top-center,.wp-block-uagb-image--layout-overlay__inner.top-right{justify-content:flex-start}.wp-block-uagb-image--layout-overlay__inner.bottom-left,.wp-block-uagb-image--layout-overlay__inner.bottom-center,.wp-block-uagb-image--layout-overlay__inner.bottom-right{justify-content:flex-end}.wp-block-uagb-image--layout-overlay__inner.top-left,.wp-block-uagb-image--layout-overlay__inner.center-left,.wp-block-uagb-image--layout-overlay__inner.bottom-left{align-items:flex-start}.wp-block-uagb-image--layout-overlay__inner.top-right,.wp-block-uagb-image--layout-overlay__inner.center-right,.wp-block-uagb-image--layout-overlay__inner.bottom-right{align-items:flex-end}.wp-block-uagb-image--layout-overlay__inner .uagb-image-heading{color:#fff;transition:transform 0.35s, opacity 0.35s ease-in-out;transform:translate3d(0, 24px, 0);margin:0;line-height:1em}.wp-block-uagb-image--layout-overlay__inner .uagb-image-separator{width:30%;border-top-width:2px;border-top-color:#fff;border-top-style:solid;margin-bottom:10px;opacity:0;transition:transform 0.4s, opacity 0.4s ease-in-out;transform:translate3d(0, 30px, 0)}.wp-block-uagb-image--layout-overlay__inner .uagb-image-caption{opacity:0;overflow:visible;color:#fff;transition:transform 0.45s, opacity 0.45s ease-in-out;transform:translate3d(0, 35px, 0)}.wp-block-uagb-image--layout-overlay__inner:hover .uagb-image-heading,.wp-block-uagb-image--layout-overlay__inner:hover .uagb-image-separator,.wp-block-uagb-image--layout-overlay__inner:hover .uagb-image-caption{opacity:1;transform:translate3d(0, 0, 0)}.wp-block-uagb-image--effect-zoomin .wp-block-uagb-image__figure img,.wp-block-uagb-image--effect-zoomin .wp-block-uagb-image__figure .wp-block-uagb-image--layout-overlay__color-wrapper{transform:scale(1);transition:transform 0.35s ease-in-out}.wp-block-uagb-image--effect-zoomin .wp-block-uagb-image__figure:hover img,.wp-block-uagb-image--effect-zoomin .wp-block-uagb-image__figure:hover .wp-block-uagb-image--layout-overlay__color-wrapper{transform:scale(1.05)}.wp-block-uagb-image--effect-slide .wp-block-uagb-image__figure img,.wp-block-uagb-image--effect-slide .wp-block-uagb-image__figure .wp-block-uagb-image--layout-overlay__color-wrapper{width:calc(100% + 40px) !important;max-width:none !important;transform:translate3d(-40px, 0, 0);transition:transform 0.35s ease-in-out}.wp-block-uagb-image--effect-slide .wp-block-uagb-image__figure:hover img,.wp-block-uagb-image--effect-slide .wp-block-uagb-image__figure:hover .wp-block-uagb-image--layout-overlay__color-wrapper{transform:translate3d(0, 0, 0)}.wp-block-uagb-image--effect-grayscale img{filter:grayscale(0%);transition:0.35s ease-in-out}.wp-block-uagb-image--effect-grayscale:hover img{filter:grayscale(100%)}.wp-block-uagb-image--effect-blur img{filter:blur(0);transition:0.35s ease-in-out}.wp-block-uagb-image--effect-blur:hover img{filter:blur(3px)}\n.uagb-block-e6f939b3.wp-block-uagb-image--layout-default figure img{box-shadow: 0px 0px 0 #00000070;}.uagb-block-e6f939b3.wp-block-uagb-image .wp-block-uagb-image__figure figcaption{font-style: normal;align-self: center;}.uagb-block-e6f939b3.wp-block-uagb-image--layout-overlay figure img{box-shadow: 0px 0px 0 #00000070;}.uagb-block-e6f939b3.wp-block-uagb-image--layout-overlay .wp-block-uagb-image--layout-overlay__color-wrapper{opacity: 0.2;}.uagb-block-e6f939b3.wp-block-uagb-image--layout-overlay .wp-block-uagb-image--layout-overlay__inner{left: 15px;right: 15px;top: 15px;bottom: 15px;}.uagb-block-e6f939b3.wp-block-uagb-image--layout-overlay .wp-block-uagb-image--layout-overlay__inner .uagb-image-heading{font-style: normal;color: #fff;opacity: 1;}.uagb-block-e6f939b3.wp-block-uagb-image--layout-overlay .wp-block-uagb-image--layout-overlay__inner .uagb-image-heading a{color: #fff;}.uagb-block-e6f939b3.wp-block-uagb-image--layout-overlay .wp-block-uagb-image--layout-overlay__inner .uagb-image-caption{opacity: 0;}.uagb-block-e6f939b3.wp-block-uagb-image--layout-overlay .wp-block-uagb-image__figure:hover .wp-block-uagb-image--layout-overlay__color-wrapper{opacity: 1;}.uagb-block-e6f939b3.wp-block-uagb-image .wp-block-uagb-image--layout-overlay__inner .uagb-image-separator{width: 30%;border-top-width: 2px;border-top-color: #fff;opacity: 0;}.uagb-block-e6f939b3.wp-block-uagb-image .wp-block-uagb-image__figure img{width: px;height: auto;}.uagb-block-e6f939b3.wp-block-uagb-image .wp-block-uagb-image__figure:hover .wp-block-uagb-image--layout-overlay__inner .uagb-image-caption{opacity: 1;}.uagb-block-e6f939b3.wp-block-uagb-image .wp-block-uagb-image__figure:hover .wp-block-uagb-image--layout-overlay__inner .uagb-image-separator{opacity: 1;}.uagb-block-e6f939b3.wp-block-uagb-image--layout-default figure:hover img{box-shadow: 0px 0px 0 #00000070;}.uagb-block-e6f939b3.wp-block-uagb-image--layout-overlay figure:hover img{box-shadow: 0px 0px 0 #00000070;}@media only screen and (max-width: 976px) {.uagb-block-e6f939b3.wp-block-uagb-image .wp-block-uagb-image__figure img{width: px;height: auto;}}@media only screen and (max-width: 767px) {.uagb-block-e6f939b3.wp-block-uagb-image .wp-block-uagb-image__figure img{width: px;height: auto;}}\";s:2:\"js\";s:0:\"\";s:18:\"current_block_list\";a:13:{i:0;s:11:\"core\/search\";i:1;s:10:\"core\/group\";i:2;s:12:\"core\/heading\";i:3;s:17:\"core\/latest-posts\";i:4;s:20:\"core\/latest-comments\";i:5;s:13:\"core\/archives\";i:6;s:15:\"core\/categories\";i:7;s:14:\"core\/paragraph\";i:8;s:10:\"uagb\/image\";i:9;s:11:\"core\/spacer\";i:10;s:30:\"woocommerce\/product-categories\";i:11;s:10:\"core\/image\";i:12;s:14:\"core\/shortcode\";}s:8:\"uag_flag\";b:1;s:11:\"uag_version\";s:10:\"1776347410\";s:6:\"gfonts\";a:0:{}s:10:\"gfonts_url\";s:0:\"\";s:12:\"gfonts_files\";a:0:{}s:14:\"uag_faq_layout\";b:0;}"]},"uagb_featured_image_src":{"full":["https:\/\/www.oleaia.com\/wp-content\/uploads\/2025\/08\/Oleaia-Cardamom-Oil-1L.jpg",2560,2560,false],"thumbnail":["https:\/\/www.oleaia.com\/wp-content\/uploads\/2025\/08\/Oleaia-Cardamom-Oil-1L-150x150.jpg",150,150,true],"medium":["https:\/\/www.oleaia.com\/wp-content\/uploads\/2025\/08\/Oleaia-Cardamom-Oil-1L-300x300.jpg",300,300,true],"medium_large":["https:\/\/www.oleaia.com\/wp-content\/uploads\/2025\/08\/Oleaia-Cardamom-Oil-1L-768x768.jpg",768,768,true],"large":["https:\/\/www.oleaia.com\/wp-content\/uploads\/2025\/08\/Oleaia-Cardamom-Oil-1L-1024x1024.jpg",1024,1024,true],"1536x1536":["https:\/\/www.oleaia.com\/wp-content\/uploads\/2025\/08\/Oleaia-Cardamom-Oil-1L-1536x1536.jpg",1536,1536,true],"2048x2048":["https:\/\/www.oleaia.com\/wp-content\/uploads\/2025\/08\/Oleaia-Cardamom-Oil-1L-2048x2048.jpg",2048,2048,true],"trp-custom-language-flag":["https:\/\/www.oleaia.com\/wp-content\/uploads\/2025\/08\/Oleaia-Cardamom-Oil-1L-12x12.jpg",12,12,true],"woocommerce_thumbnail":["https:\/\/www.oleaia.com\/wp-content\/uploads\/2025\/08\/Oleaia-Cardamom-Oil-1L-300x300.jpg",300,300,true],"woocommerce_single":["https:\/\/www.oleaia.com\/wp-content\/uploads\/2025\/08\/Oleaia-Cardamom-Oil-1L-600x600.jpg",600,600,true],"woocommerce_gallery_thumbnail":["https:\/\/www.oleaia.com\/wp-content\/uploads\/2025\/08\/Oleaia-Cardamom-Oil-1L-100x100.jpg",100,100,true]},"uagb_author_info":{"display_name":"admin","author_link":"https:\/\/www.oleaia.com\/lt\/author\/"},"uagb_comment_info":17,"uagb_excerpt":"Unmatched effectiveness for digestive comfort and revitalizing energy. Cardamom oil is the most effective natural solution for supporting digestive balance, promoting a sense of lightness after meals, and encouraging renewed vitality. Traditionally appreciated in aromatic and wellness traditions, it helps maintain internal comfort while also uplifting the mind through its warm, spicy fragrance. The cheapest&hellip;","_links":{"self":[{"href":"https:\/\/www.oleaia.com\/lt\/wp-json\/wp\/v2\/product\/23494","targetHints":{"allow":["GET"]}}],"collection":[{"href":"https:\/\/www.oleaia.com\/lt\/wp-json\/wp\/v2\/product"}],"about":[{"href":"https:\/\/www.oleaia.com\/lt\/wp-json\/wp\/v2\/types\/product"}],"replies":[{"embeddable":true,"href":"https:\/\/www.oleaia.com\/lt\/wp-json\/wp\/v2\/comments?post=23494"}],"version-history":[{"count":4,"href":"https:\/\/www.oleaia.com\/lt\/wp-json\/wp\/v2\/product\/23494\/revisions"}],"predecessor-version":[{"id":78045,"href":"https:\/\/www.oleaia.com\/lt\/wp-json\/wp\/v2\/product\/23494\/revisions\/78045"}],"wp:featuredmedia":[{"embeddable":true,"href":"https:\/\/www.oleaia.com\/lt\/wp-json\/wp\/v2\/media\/23872"}],"wp:attachment":[{"href":"https:\/\/www.oleaia.com\/lt\/wp-json\/wp\/v2\/media?parent=23494"}],"wp:term":[{"taxonomy":"product_brand","embeddable":true,"href":"https:\/\/www.oleaia.com\/lt\/wp-json\/wp\/v2\/product_brand?post=23494"},{"taxonomy":"product_cat","embeddable":true,"href":"https:\/\/www.oleaia.com\/lt\/wp-json\/wp\/v2\/product_cat?post=23494"},{"taxonomy":"product_tag","embeddable":true,"href":"https:\/\/www.oleaia.com\/lt\/wp-json\/wp\/v2\/product_tag?post=23494"}],"curies":[{"name":"wp","href":"https:\/\/api.w.org\/{rel}","templated":true}]}}