{"id":23061,"date":"2025-07-25T15:47:59","date_gmt":"2025-07-25T13:47:59","guid":{"rendered":"https:\/\/www.oleaia.com\/?post_type=product&#038;p=23061"},"modified":"2026-03-02T18:07:30","modified_gmt":"2026-03-02T17:07:30","slug":"cade-oil","status":"publish","type":"product","link":"https:\/\/www.oleaia.com\/lv\/products\/cade-oil\/","title":{"rendered":"Kades e\u013c\u013ca - 1 litrs"},"content":{"rendered":"<p><strong><img decoding=\"async\" style=\"margin-right: 12px;\" src=\"https:\/\/www.oleaia.com\/wp-content\/uploads\/2026\/03\/Check.svg\" alt=\"\" width=\"18\" height=\"15\" \/>Nep\u0101rsp\u0113jami efekt\u012bvs l\u012bdzeklis galvas \u0101das t\u012br\u012bbas un \u0101das l\u012bdzsvara uztur\u0113\u0161anai.<\/strong> Cade e\u013c\u013ca ir visefekt\u012bv\u0101kais dabiskais risin\u0101jums, lai veicin\u0101tu l\u012bdzsvarotu galvas \u0101das vidi, uzlabotu notur\u012bgu sausumu un veicin\u0101tu t\u012br\u0101ku \u0101das izskatu. Tradicion\u0101li nov\u0113rt\u0113ta matu un \u0137erme\u0146a kop\u0161an\u0101, t\u0101 pal\u012bdz uztur\u0113t komfortu viet\u0101s, kas ir pak\u013cautas lob\u012b\u0161an\u0101s vai nel\u012bdzsvarot\u012bbas riskam, un ar past\u0101v\u012bgu lieto\u0161anu veicina vesel\u012bg\u0101ku un izsmalcin\u0101t\u0101ku izskatu.<\/p>\n<p><strong><img decoding=\"async\" style=\"margin-right: 12px;\" src=\"https:\/\/www.oleaia.com\/wp-content\/uploads\/2026\/03\/Check.svg\" alt=\"\" width=\"18\" height=\"15\" \/>Pieejam\u0101 l\u0113t\u0101k\u0101 augst\u0101k\u0101s kvalit\u0101tes cade e\u013c\u013ca.<\/strong> M\u0113s esam visl\u0113t\u0101kie tirg\u016b, vienlaikus saglab\u0101jot stingrus kvalit\u0101tes standartus, kas nodro\u0161ina izcilu v\u0113rt\u012bbu, nemazinot veiktsp\u0113ju un arom\u0101ta integrit\u0101ti. \u0160\u012b pieejam\u012bba padara nefr\u012bta e\u013c\u013cu pieejamu regul\u0101rai un ilgtermi\u0146a lieto\u0161anai specializ\u0113t\u0101s kop\u0161anas proced\u016br\u0101s.<\/p>\n<p><strong><img decoding=\"async\" style=\"margin-right: 12px;\" src=\"https:\/\/www.oleaia.com\/wp-content\/uploads\/2026\/03\/Check.svg\" alt=\"\" width=\"18\" height=\"15\" \/>\u0100tra un uzticama pieg\u0101de 24 stundas diennakt\u012b.<\/strong> M\u0113s vienm\u0113r pied\u0101v\u0101jam pieg\u0101di 24 stundas diennakt\u012b, garant\u0113jot, ka nefr\u012bta e\u013c\u013ca tiek pieg\u0101d\u0101ta \u0101tri un efekt\u012bvi. \u0100tra pieg\u0101de nodro\u0161ina nep\u0101rtrauktu galvas \u0101das un \u0101das kop\u0161anas prakses nep\u0101rtraukt\u012bbu.<\/p>\n<p><strong><img decoding=\"async\" style=\"margin-right: 12px;\" src=\"https:\/\/www.oleaia.com\/wp-content\/uploads\/2026\/03\/Check.svg\" alt=\"\" width=\"18\" height=\"15\" \/>Naudas atmaksas garantija piln\u012bgai p\u0101rliec\u012bbai.<\/strong> M\u0113s pied\u0101v\u0101jam naudas atmaksas garantiju. Ja klients nav apmierin\u0101ts, m\u0113s vi\u0146am atmaks\u0101sim naudu. \u0160\u012b p\u0101rredzam\u0101 ap\u0146em\u0161an\u0101s atspogu\u013co p\u0101rliec\u012bbu par produkta kvalit\u0101ti un nodro\u0161ina piln\u012bgi bezriska pirkuma pieredzi.<\/p>\n<p><strong><img decoding=\"async\" style=\"margin-right: 12px;\" src=\"https:\/\/www.oleaia.com\/wp-content\/uploads\/2026\/03\/Check.svg\" alt=\"\" width=\"18\" height=\"15\" \/>Piln\u012bgi organiska, lai nodro\u0161in\u0101tu autentisku bot\u0101nisko \u0101rst\u0113\u0161anu.<\/strong> M\u016bsu ne\u013c\u0137u e\u013c\u013ca ir piln\u012bb\u0101 biolo\u0123iska, ra\u017eota, r\u016bp\u012bgi iev\u0113rojot atbild\u012bbu pret vidi un augu integrit\u0101ti. \u0160\u012b ap\u0146em\u0161an\u0101s nodro\u0161ina atbilst\u012bbu dabisk\u0101m dz\u012bves v\u0113rt\u012bb\u0101m un t\u012brai, tradicion\u0101lai kop\u0161anas praksei.<\/p>\n<p><strong><img decoding=\"async\" style=\"margin-right: 12px;\" src=\"https:\/\/www.oleaia.com\/wp-content\/uploads\/2026\/03\/Check.svg\" alt=\"\" width=\"18\" height=\"15\" \/>Veido vesel\u012bg\u0101ku galvas \u0101du.<\/strong> Cade e\u013c\u013ca ir pla\u0161i iecien\u012bta, jo pal\u012bdz uztur\u0113t galvas \u0101das komfortu un l\u012bdzsvaru. Regul\u0101ri mas\u0113jot, t\u0101 veicina galvas \u0101das dzidr\u0101ku izskatu un pal\u012bdz uzlabot visp\u0101r\u0113jo matu vitalit\u0101ti.<\/p>\n<p><strong><img decoding=\"async\" style=\"margin-right: 12px;\" src=\"https:\/\/www.oleaia.com\/wp-content\/uploads\/2026\/03\/Check.svg\" alt=\"\" width=\"18\" height=\"15\" \/>Veicina sp\u0113c\u012bg\u0101ku un elast\u012bg\u0101ku matu izskatu.<\/strong> Uzturot l\u012bdzsvarotu galvas \u0101das vidi, nefr\u012bta e\u013c\u013ca pal\u012bdz matiem laika gait\u0101 k\u013c\u016bt biez\u0101kiem, sp\u012bdo\u0161\u0101kiem un iztur\u012bg\u0101kiem.<\/p>\n<p><strong><img decoding=\"async\" style=\"margin-right: 12px;\" src=\"https:\/\/www.oleaia.com\/wp-content\/uploads\/2026\/03\/Check.svg\" alt=\"\" width=\"18\" height=\"15\" \/>Veicina skaidr\u0101ku un izsmalcin\u0101t\u0101ku \u0101das tekst\u016bru.<\/strong> Lietojot lok\u0101li uz noteikt\u0101m \u0137erme\u0146a zon\u0101m, nefr\u012bta e\u013c\u013ca pal\u012bdz uztur\u0113t \u0101das l\u012bdzsvaru un veicina glud\u0101ku un vienm\u0113r\u012bg\u0101ku izskatu.<\/p>\n<p><strong><img decoding=\"async\" style=\"margin-right: 12px;\" src=\"https:\/\/www.oleaia.com\/wp-content\/uploads\/2026\/03\/Check.svg\" alt=\"\" width=\"18\" height=\"15\" \/>Ide\u0101li piem\u0113rots m\u0113r\u0137tiec\u012bgai galvas \u0101das un \u0137erme\u0146a kop\u0161anai.<\/strong> Cade e\u013c\u013ca ir \u012bpa\u0161i piem\u0113rota m\u0113r\u0137tiec\u012bgai lieto\u0161anai jom\u0101s, kur\u0101m nepiecie\u0161ama papildu uzman\u012bba, padarot to par specializ\u0113tu papildin\u0101jumu visaptvero\u0161iem person\u012bg\u0101s kop\u0161anas re\u017e\u012bmiem.<\/p>\n<p><strong><img decoding=\"async\" style=\"margin-right: 12px;\" src=\"https:\/\/www.oleaia.com\/wp-content\/uploads\/2026\/03\/Check.svg\" alt=\"\" width=\"18\" height=\"15\" \/>Uzlabo tradicion\u0101l\u0101s terapeitisk\u0101s mas\u0101\u017eas praksi.<\/strong> T\u0101 rakstur\u012bgais d\u016bmu un koksnes arom\u0101ts padara nefr\u012bta e\u013c\u013cu piem\u0113rotu piezem\u0113jo\u0161iem mas\u0101\u017eas ritu\u0101liem, kas veicina relaks\u0101ciju un fizisko komfortu.<\/p>\n<p><strong><img decoding=\"async\" style=\"margin-right: 12px;\" src=\"https:\/\/www.oleaia.com\/wp-content\/uploads\/2026\/03\/Check.svg\" alt=\"\" width=\"18\" height=\"15\" \/>Univers\u0101ls galvas \u0101das, \u0137erme\u0146a un lok\u0101lai lieto\u0161anai.<\/strong> Cade e\u013c\u013ca nevainojami iek\u013caujas ikned\u0113\u013cas galvas \u0101das kop\u0161anas proced\u016br\u0101s, m\u0113r\u0137tiec\u012bg\u0101s \u0101das kop\u0161anas proced\u016br\u0101s un atjaunojo\u0161\u0101s mas\u0101\u017eas seansos.<\/p>\n<p><strong><img decoding=\"async\" style=\"margin-right: 12px;\" src=\"https:\/\/www.oleaia.com\/wp-content\/uploads\/2026\/03\/Check.svg\" alt=\"\" width=\"18\" height=\"15\" \/>Jau bag\u0101tin\u0101ts ar barojo\u0161u e\u013c\u013cu maigai uzkl\u0101\u0161anai un optim\u0101lam komfortam.<\/strong> M\u016bsu cade e\u013c\u013ca jau ir bag\u0101tin\u0101ta ar barojo\u0161u e\u013c\u013cu, lai nodro\u0161in\u0101tu maigu uzkl\u0101\u0161anu, uzlabotu klied\u0113jam\u012bbu, optim\u0101lu komfortu un lieto\u0161anas \u0113rtumu. \u0160is p\u0101rdom\u0101tais sast\u0101vs uzlabo sl\u012bd\u0113\u0161anu un nodro\u0161ina vienm\u0113r\u012bgu, vienm\u0113r\u012bgu p\u0101rkl\u0101jumu uz galvas \u0101das un \u0101das.<\/p>\n<h2><strong>Instrukcijas<\/strong><\/h2>\n<ul>\n<li>Galvas \u0101das kop\u0161anai uzpiliniet 5 l\u012bdz 8 pilienus tie\u0161i uz galvas \u0101das un maigi mas\u0113jiet 5 l\u012bdz 10 min\u016btes.<\/li>\n<li>Atst\u0101jiet uz 30 l\u012bdz 60 min\u016btes, pirms r\u016bp\u012bgi nomazg\u0101jiet ar maigu \u0161amp\u016bnu.<\/li>\n<li>Lietojiet divas l\u012bdz tr\u012bs reizes ned\u0113\u013c\u0101, lai sasniegtu optim\u0101lus redzamus rezult\u0101tus.<\/li>\n<li>M\u0113r\u0137tiec\u012bgai lieto\u0161anai uz \u0101das uzkl\u0101jiet 2 l\u012bdz 4 pilienus uz v\u0113lam\u0101s \u0101r\u0113j\u0101s zonas un mas\u0113jiet, l\u012bdz ies\u016bcas.<\/li>\n<li>Ieteicam\u0101 maksim\u0101l\u0101 dienas deva lok\u0101lai lieto\u0161anai ir aptuveni 6 l\u012bdz 10 pilieni, sadal\u012bti pa lieto\u0161anas zon\u0101m.<\/li>\n<li>Izvairieties no uzkl\u0101\u0161anas uz liel\u0101m \u0137erme\u0146a zon\u0101m bez iepriek\u0161\u0113jas test\u0113\u0161anas.<\/li>\n<li>Pirms pirm\u0101s lieto\u0161anas reizes veiciet pl\u0101kstera testu, lai nov\u0113rt\u0113tu sader\u012bbu ar \u0101du.<\/li>\n<li>Izvair\u012bties no saskares ar ac\u012bm, g\u013cot\u0101d\u0101m un jut\u012bgu vai kairin\u0101tu \u0101du.<\/li>\n<li>Nelietojiet uz boj\u0101tas vai boj\u0101tas \u0101das.<\/li>\n<li>P\u0113c lieto\u0161anas r\u016bp\u012bgi nomazg\u0101jiet rokas.<\/li>\n<li>Uzglab\u0101t v\u0113s\u0101, saus\u0101 viet\u0101, prom no tie\u0161iem saules stariem, un p\u0113c katras lieto\u0161anas reizes p\u0101rliecin\u0101ties, ka pudel\u012bte ir cie\u0161i aizv\u0113rta.<\/li>\n<\/ul>","protected":false},"excerpt":{"rendered":"<p>Unmatched effectiveness for supporting scalp clarity and skin balance. Cade oil is the most effective natural solution for promoting a balanced scalp environment, improving the appearance of persistent dryness, and supporting clearer-looking skin. Traditionally valued in hair and body care, it helps maintain comfort in areas prone to flaking or imbalance and contributes to a [&hellip;]<\/p>\n","protected":false},"featured_media":23949,"comment_status":"open","ping_status":"closed","template":"","meta":{"_uag_custom_page_level_css":"","site-sidebar-layout":"default","site-content-layout":"","ast-site-content-layout":"default","site-content-style":"default","site-sidebar-style":"default","ast-global-header-display":"","ast-banner-title-visibility":"","ast-main-header-display":"","ast-hfb-above-header-display":"","ast-hfb-below-header-display":"","ast-hfb-mobile-header-display":"","site-post-title":"","ast-breadcrumbs-content":"","ast-featured-img":"","footer-sml-layout":"","ast-disable-related-posts":"","theme-transparent-header-meta":"default","adv-header-id-meta":"","stick-header-meta":"","header-above-stick-meta":"","header-main-stick-meta":"","header-below-stick-meta":"","astra-migrate-meta-layouts":"set","ast-page-background-enabled":"default","ast-page-background-meta":{"desktop":{"background-color":"var(--ast-global-color-4)","background-image":"","background-repeat":"repeat","background-position":"center center","background-size":"auto","background-attachment":"scroll","background-type":"","background-media":"","overlay-type":"","overlay-color":"","overlay-opacity":"","overlay-gradient":""},"tablet":{"background-color":"","background-image":"","background-repeat":"repeat","background-position":"center center","background-size":"auto","background-attachment":"scroll","background-type":"","background-media":"","overlay-type":"","overlay-color":"","overlay-opacity":"","overlay-gradient":""},"mobile":{"background-color":"","background-image":"","background-repeat":"repeat","background-position":"center center","background-size":"auto","background-attachment":"scroll","background-type":"","background-media":"","overlay-type":"","overlay-color":"","overlay-opacity":"","overlay-gradient":""}},"ast-content-background-meta":{"desktop":{"background-color":"var(--ast-global-color-5)","background-image":"","background-repeat":"repeat","background-position":"center center","background-size":"auto","background-attachment":"scroll","background-type":"","background-media":"","overlay-type":"","overlay-color":"","overlay-opacity":"","overlay-gradient":""},"tablet":{"background-color":"var(--ast-global-color-5)","background-image":"","background-repeat":"repeat","background-position":"center center","background-size":"auto","background-attachment":"scroll","background-type":"","background-media":"","overlay-type":"","overlay-color":"","overlay-opacity":"","overlay-gradient":""},"mobile":{"background-color":"var(--ast-global-color-5)","background-image":"","background-repeat":"repeat","background-position":"center center","background-size":"auto","background-attachment":"scroll","background-type":"","background-media":"","overlay-type":"","overlay-color":"","overlay-opacity":"","overlay-gradient":""}}},"product_brand":[],"product_cat":[15],"product_tag":[],"class_list":{"0":"post-23061","1":"product","2":"type-product","3":"status-publish","4":"has-post-thumbnail","6":"product_cat-shop","7":"desktop-align-left","8":"tablet-align-left","9":"mobile-align-left","11":"first","12":"instock","13":"shipping-taxable","14":"purchasable","15":"product-type-simple"},"spectra_custom_meta":{"_edit_lock":["1772471112:1"],"_edit_last":["1"],"merchant-center-availability":["yes"],"merchant-center-category":["6104"],"_thumbnail_id":["23949"],"_wp_page_template":["default"],"_sku":["OLCADEOIL"],"_global_unique_id":["5056773820661"],"_regular_price":["29.90"],"total_sales":["11"],"_tax_status":["taxable"],"_tax_class":[""],"_manage_stock":["no"],"_backorders":["no"],"_sold_individually":["no"],"_weight":["1.3"],"_virtual":["no"],"_downloadable":["no"],"_download_limit":["-1"],"_download_expiry":["-1"],"_stock":[null],"_stock_status":["instock"],"_wc_average_rating":["5.00"],"_wc_review_count":["20"],"_product_version":["10.5.2"],"_price":["29.90"],"site-sidebar-layout":["default"],"ast-site-content-layout":["default"],"site-content-style":["default"],"site-sidebar-style":["default"],"theme-transparent-header-meta":["default"],"_wc_rating_count":["a:1:{i:5;i:20;}"],"astra-migrate-meta-layouts":["set"],"_uag_css_file_name":["uag-css-23061.css"],"_elementor_page_assets":["a:0:{}"],"_uag_page_assets":["a:9:{s:3:\"css\";s:7156:\".uag-blocks-common-selector{z-index:var(--z-index-desktop) !important}@media (max-width: 976px){.uag-blocks-common-selector{z-index:var(--z-index-tablet) !important}}@media (max-width: 767px){.uag-blocks-common-selector{z-index:var(--z-index-mobile) !important}}\n.wp-block-uagb-image{display:flex}.wp-block-uagb-image__figure{position:relative;display:flex;flex-direction:column;max-width:100%;height:auto;margin:0}.wp-block-uagb-image__figure img{height:auto;display:flex;max-width:100%;transition:box-shadow 0.2s ease}.wp-block-uagb-image__figure>a{display:inline-block}.wp-block-uagb-image__figure figcaption{text-align:center;margin-top:0.5em;margin-bottom:1em}.wp-block-uagb-image .components-placeholder.block-editor-media-placeholder .components-placeholder__instructions{align-self:center}.wp-block-uagb-image--align-left{text-align:left}.wp-block-uagb-image--align-right{text-align:right}.wp-block-uagb-image--align-center{text-align:center}.wp-block-uagb-image--align-full .wp-block-uagb-image__figure{margin-left:calc(50% - 50vw);margin-right:calc(50% - 50vw);max-width:100vw;width:100vw;height:auto}.wp-block-uagb-image--align-full .wp-block-uagb-image__figure img{height:auto;width:100% !important}.wp-block-uagb-image--align-wide .wp-block-uagb-image__figure img{height:auto;width:100%}.wp-block-uagb-image--layout-overlay__color-wrapper{position:absolute;left:0;top:0;right:0;bottom:0;opacity:0.2;background:rgba(0,0,0,0.5);transition:opacity 0.35s ease-in-out}.wp-block-uagb-image--layout-overlay-link{position:absolute;left:0;right:0;bottom:0;top:0}.wp-block-uagb-image--layout-overlay .wp-block-uagb-image__figure:hover .wp-block-uagb-image--layout-overlay__color-wrapper{opacity:1}.wp-block-uagb-image--layout-overlay__inner{position:absolute;left:15px;right:15px;bottom:15px;top:15px;display:flex;align-items:center;justify-content:center;flex-direction:column;border-color:#fff;transition:0.35s ease-in-out}.wp-block-uagb-image--layout-overlay__inner.top-left,.wp-block-uagb-image--layout-overlay__inner.top-center,.wp-block-uagb-image--layout-overlay__inner.top-right{justify-content:flex-start}.wp-block-uagb-image--layout-overlay__inner.bottom-left,.wp-block-uagb-image--layout-overlay__inner.bottom-center,.wp-block-uagb-image--layout-overlay__inner.bottom-right{justify-content:flex-end}.wp-block-uagb-image--layout-overlay__inner.top-left,.wp-block-uagb-image--layout-overlay__inner.center-left,.wp-block-uagb-image--layout-overlay__inner.bottom-left{align-items:flex-start}.wp-block-uagb-image--layout-overlay__inner.top-right,.wp-block-uagb-image--layout-overlay__inner.center-right,.wp-block-uagb-image--layout-overlay__inner.bottom-right{align-items:flex-end}.wp-block-uagb-image--layout-overlay__inner .uagb-image-heading{color:#fff;transition:transform 0.35s, opacity 0.35s ease-in-out;transform:translate3d(0, 24px, 0);margin:0;line-height:1em}.wp-block-uagb-image--layout-overlay__inner .uagb-image-separator{width:30%;border-top-width:2px;border-top-color:#fff;border-top-style:solid;margin-bottom:10px;opacity:0;transition:transform 0.4s, opacity 0.4s ease-in-out;transform:translate3d(0, 30px, 0)}.wp-block-uagb-image--layout-overlay__inner .uagb-image-caption{opacity:0;overflow:visible;color:#fff;transition:transform 0.45s, opacity 0.45s ease-in-out;transform:translate3d(0, 35px, 0)}.wp-block-uagb-image--layout-overlay__inner:hover .uagb-image-heading,.wp-block-uagb-image--layout-overlay__inner:hover .uagb-image-separator,.wp-block-uagb-image--layout-overlay__inner:hover .uagb-image-caption{opacity:1;transform:translate3d(0, 0, 0)}.wp-block-uagb-image--effect-zoomin .wp-block-uagb-image__figure img,.wp-block-uagb-image--effect-zoomin .wp-block-uagb-image__figure .wp-block-uagb-image--layout-overlay__color-wrapper{transform:scale(1);transition:transform 0.35s ease-in-out}.wp-block-uagb-image--effect-zoomin .wp-block-uagb-image__figure:hover img,.wp-block-uagb-image--effect-zoomin .wp-block-uagb-image__figure:hover .wp-block-uagb-image--layout-overlay__color-wrapper{transform:scale(1.05)}.wp-block-uagb-image--effect-slide .wp-block-uagb-image__figure img,.wp-block-uagb-image--effect-slide .wp-block-uagb-image__figure .wp-block-uagb-image--layout-overlay__color-wrapper{width:calc(100% + 40px) !important;max-width:none !important;transform:translate3d(-40px, 0, 0);transition:transform 0.35s ease-in-out}.wp-block-uagb-image--effect-slide .wp-block-uagb-image__figure:hover img,.wp-block-uagb-image--effect-slide .wp-block-uagb-image__figure:hover .wp-block-uagb-image--layout-overlay__color-wrapper{transform:translate3d(0, 0, 0)}.wp-block-uagb-image--effect-grayscale img{filter:grayscale(0%);transition:0.35s ease-in-out}.wp-block-uagb-image--effect-grayscale:hover img{filter:grayscale(100%)}.wp-block-uagb-image--effect-blur img{filter:blur(0);transition:0.35s ease-in-out}.wp-block-uagb-image--effect-blur:hover img{filter:blur(3px)}\n.uagb-block-e6f939b3.wp-block-uagb-image--layout-default figure img{box-shadow: 0px 0px 0 #00000070;}.uagb-block-e6f939b3.wp-block-uagb-image .wp-block-uagb-image__figure figcaption{font-style: normal;align-self: center;}.uagb-block-e6f939b3.wp-block-uagb-image--layout-overlay figure img{box-shadow: 0px 0px 0 #00000070;}.uagb-block-e6f939b3.wp-block-uagb-image--layout-overlay .wp-block-uagb-image--layout-overlay__color-wrapper{opacity: 0.2;}.uagb-block-e6f939b3.wp-block-uagb-image--layout-overlay .wp-block-uagb-image--layout-overlay__inner{left: 15px;right: 15px;top: 15px;bottom: 15px;}.uagb-block-e6f939b3.wp-block-uagb-image--layout-overlay .wp-block-uagb-image--layout-overlay__inner .uagb-image-heading{font-style: normal;color: #fff;opacity: 1;}.uagb-block-e6f939b3.wp-block-uagb-image--layout-overlay .wp-block-uagb-image--layout-overlay__inner .uagb-image-heading a{color: #fff;}.uagb-block-e6f939b3.wp-block-uagb-image--layout-overlay .wp-block-uagb-image--layout-overlay__inner .uagb-image-caption{opacity: 0;}.uagb-block-e6f939b3.wp-block-uagb-image--layout-overlay .wp-block-uagb-image__figure:hover .wp-block-uagb-image--layout-overlay__color-wrapper{opacity: 1;}.uagb-block-e6f939b3.wp-block-uagb-image .wp-block-uagb-image--layout-overlay__inner .uagb-image-separator{width: 30%;border-top-width: 2px;border-top-color: #fff;opacity: 0;}.uagb-block-e6f939b3.wp-block-uagb-image .wp-block-uagb-image__figure img{width: px;height: auto;}.uagb-block-e6f939b3.wp-block-uagb-image .wp-block-uagb-image__figure:hover .wp-block-uagb-image--layout-overlay__inner .uagb-image-caption{opacity: 1;}.uagb-block-e6f939b3.wp-block-uagb-image .wp-block-uagb-image__figure:hover .wp-block-uagb-image--layout-overlay__inner .uagb-image-separator{opacity: 1;}.uagb-block-e6f939b3.wp-block-uagb-image--layout-default figure:hover img{box-shadow: 0px 0px 0 #00000070;}.uagb-block-e6f939b3.wp-block-uagb-image--layout-overlay figure:hover img{box-shadow: 0px 0px 0 #00000070;}@media only screen and (max-width: 976px) {.uagb-block-e6f939b3.wp-block-uagb-image .wp-block-uagb-image__figure img{width: px;height: auto;}}@media only screen and (max-width: 767px) {.uagb-block-e6f939b3.wp-block-uagb-image .wp-block-uagb-image__figure img{width: px;height: auto;}}\";s:2:\"js\";s:0:\"\";s:18:\"current_block_list\";a:13:{i:0;s:11:\"core\/search\";i:1;s:10:\"core\/group\";i:2;s:12:\"core\/heading\";i:3;s:17:\"core\/latest-posts\";i:4;s:20:\"core\/latest-comments\";i:5;s:13:\"core\/archives\";i:6;s:15:\"core\/categories\";i:7;s:14:\"core\/paragraph\";i:8;s:10:\"uagb\/image\";i:9;s:11:\"core\/spacer\";i:10;s:30:\"woocommerce\/product-categories\";i:11;s:10:\"core\/image\";i:12;s:14:\"core\/shortcode\";}s:8:\"uag_flag\";b:1;s:11:\"uag_version\";s:10:\"1776389340\";s:6:\"gfonts\";a:0:{}s:10:\"gfonts_url\";s:0:\"\";s:12:\"gfonts_files\";a:0:{}s:14:\"uag_faq_layout\";b:0;}"]},"uagb_featured_image_src":{"full":["https:\/\/www.oleaia.com\/wp-content\/uploads\/2025\/07\/Oleaia-Cade-Oil-1L.jpg",2560,2560,false],"thumbnail":["https:\/\/www.oleaia.com\/wp-content\/uploads\/2025\/07\/Oleaia-Cade-Oil-1L-150x150.jpg",150,150,true],"medium":["https:\/\/www.oleaia.com\/wp-content\/uploads\/2025\/07\/Oleaia-Cade-Oil-1L-300x300.jpg",300,300,true],"medium_large":["https:\/\/www.oleaia.com\/wp-content\/uploads\/2025\/07\/Oleaia-Cade-Oil-1L-768x768.jpg",768,768,true],"large":["https:\/\/www.oleaia.com\/wp-content\/uploads\/2025\/07\/Oleaia-Cade-Oil-1L-1024x1024.jpg",1024,1024,true],"1536x1536":["https:\/\/www.oleaia.com\/wp-content\/uploads\/2025\/07\/Oleaia-Cade-Oil-1L-1536x1536.jpg",1536,1536,true],"2048x2048":["https:\/\/www.oleaia.com\/wp-content\/uploads\/2025\/07\/Oleaia-Cade-Oil-1L-2048x2048.jpg",2048,2048,true],"trp-custom-language-flag":["https:\/\/www.oleaia.com\/wp-content\/uploads\/2025\/07\/Oleaia-Cade-Oil-1L-12x12.jpg",12,12,true],"woocommerce_thumbnail":["https:\/\/www.oleaia.com\/wp-content\/uploads\/2025\/07\/Oleaia-Cade-Oil-1L-300x300.jpg",300,300,true],"woocommerce_single":["https:\/\/www.oleaia.com\/wp-content\/uploads\/2025\/07\/Oleaia-Cade-Oil-1L-600x600.jpg",600,600,true],"woocommerce_gallery_thumbnail":["https:\/\/www.oleaia.com\/wp-content\/uploads\/2025\/07\/Oleaia-Cade-Oil-1L-100x100.jpg",100,100,true]},"uagb_author_info":{"display_name":"admin","author_link":"https:\/\/www.oleaia.com\/lv\/author\/"},"uagb_comment_info":20,"uagb_excerpt":"Unmatched effectiveness for supporting scalp clarity and skin balance. Cade oil is the most effective natural solution for promoting a balanced scalp environment, improving the appearance of persistent dryness, and supporting clearer-looking skin. Traditionally valued in hair and body care, it helps maintain comfort in areas prone to flaking or imbalance and contributes to a&hellip;","_links":{"self":[{"href":"https:\/\/www.oleaia.com\/lv\/wp-json\/wp\/v2\/product\/23061","targetHints":{"allow":["GET"]}}],"collection":[{"href":"https:\/\/www.oleaia.com\/lv\/wp-json\/wp\/v2\/product"}],"about":[{"href":"https:\/\/www.oleaia.com\/lv\/wp-json\/wp\/v2\/types\/product"}],"replies":[{"embeddable":true,"href":"https:\/\/www.oleaia.com\/lv\/wp-json\/wp\/v2\/comments?post=23061"}],"version-history":[{"count":4,"href":"https:\/\/www.oleaia.com\/lv\/wp-json\/wp\/v2\/product\/23061\/revisions"}],"predecessor-version":[{"id":78029,"href":"https:\/\/www.oleaia.com\/lv\/wp-json\/wp\/v2\/product\/23061\/revisions\/78029"}],"wp:featuredmedia":[{"embeddable":true,"href":"https:\/\/www.oleaia.com\/lv\/wp-json\/wp\/v2\/media\/23949"}],"wp:attachment":[{"href":"https:\/\/www.oleaia.com\/lv\/wp-json\/wp\/v2\/media?parent=23061"}],"wp:term":[{"taxonomy":"product_brand","embeddable":true,"href":"https:\/\/www.oleaia.com\/lv\/wp-json\/wp\/v2\/product_brand?post=23061"},{"taxonomy":"product_cat","embeddable":true,"href":"https:\/\/www.oleaia.com\/lv\/wp-json\/wp\/v2\/product_cat?post=23061"},{"taxonomy":"product_tag","embeddable":true,"href":"https:\/\/www.oleaia.com\/lv\/wp-json\/wp\/v2\/product_tag?post=23061"}],"curies":[{"name":"wp","href":"https:\/\/api.w.org\/{rel}","templated":true}]}}