{"id":23095,"date":"2025-07-26T11:57:52","date_gmt":"2025-07-26T09:57:52","guid":{"rendered":"https:\/\/www.oleaia.com\/?post_type=product&#038;p=23095"},"modified":"2026-03-25T06:51:00","modified_gmt":"2026-03-25T05:51:00","slug":"grape-seed-oil","status":"publish","type":"product","link":"https:\/\/www.oleaia.com\/lv\/products\/grape-seed-oil\/","title":{"rendered":"V\u012bnogu kauli\u0146u e\u013c\u013ca - 5 litri"},"content":{"rendered":"<p><strong><img decoding=\"async\" style=\"margin-right: 12px;\" src=\"https:\/\/www.oleaia.com\/wp-content\/uploads\/2026\/03\/Check.svg\" alt=\"\" width=\"18\" height=\"15\" \/>Nep\u0101rsp\u0113jama efektivit\u0101te vieglai mitrin\u0101\u0161anai un \u0101das att\u012br\u012b\u0161anai.<\/strong> V\u012bnogu kauli\u0146u e\u013c\u013ca ir visefekt\u012bv\u0101kais dab\u012bgais risin\u0101jums, lai veicin\u0101tu mitrin\u0101tu, sabalans\u0113tu \u0101du bez smaguma saj\u016btas, vienlaikus pal\u012bdzot uzlabot tekst\u016bru un mirdzumu. Dabiski nov\u0113rt\u0113ta par savu vieglo konsistenci, t\u0101 veicina glud\u0101ku \u0101du, samazina nepiln\u012bbu izskatu un ar regul\u0101ru lieto\u0161anu veicina vesel\u012bgu un starojo\u0161u sejas kr\u0101su.<\/p>\n<p><strong><img decoding=\"async\" style=\"margin-right: 12px;\" src=\"https:\/\/www.oleaia.com\/wp-content\/uploads\/2026\/03\/Check.svg\" alt=\"\" width=\"18\" height=\"15\" \/>L\u0113t\u0101k\u0101 pieejam\u0101 augst\u0101k\u0101s kvalit\u0101tes v\u012bnogu kauli\u0146u e\u013c\u013ca.<\/strong> Esam l\u0113t\u0101kie tirg\u016b, vienlaikus saglab\u0101jot stingrus kvalit\u0101tes standartus, nodro\u0161inot izcilu v\u0113rt\u012bbu, nezaud\u0113jot veiktsp\u0113ju vai daudzpus\u012bbu. \u0160\u012b pieejam\u012bba padara v\u012bnogu kauli\u0146u e\u013c\u013cu ide\u0101li piem\u0113rotu ikdienas lieto\u0161anai \u0101das kop\u0161anas, matu kop\u0161anas un labsaj\u016btas rut\u012bn\u0101s.<\/p>\n<p><strong><img decoding=\"async\" style=\"margin-right: 12px;\" src=\"https:\/\/www.oleaia.com\/wp-content\/uploads\/2026\/03\/Check.svg\" alt=\"\" width=\"18\" height=\"15\" \/>\u0100tra un uzticama pieg\u0101de 24 stundas diennakt\u012b.<\/strong> M\u0113s vienm\u0113r pied\u0101v\u0101jam 24 stundu pieg\u0101di, garant\u0113jot, ka v\u012bnogu kauli\u0146u e\u013c\u013ca non\u0101k pie jums \u0101tri un efekt\u012bvi. Savlaic\u012bga pieg\u0101de nodro\u0161ina nep\u0101rtrauktu skaistumkop\u0161anas un person\u012bg\u0101s higi\u0113nas ritu\u0101lu nep\u0101rtraukt\u012bbu.<\/p>\n<p><strong><img decoding=\"async\" style=\"margin-right: 12px;\" src=\"https:\/\/www.oleaia.com\/wp-content\/uploads\/2026\/03\/Check.svg\" alt=\"\" width=\"18\" height=\"15\" \/>Naudas atmaksas garantija piln\u012bgai p\u0101rliec\u012bbai.<\/strong> M\u0113s pied\u0101v\u0101jam naudas atmaksas garantiju. Ja klients nav apmierin\u0101ts, m\u0113s vi\u0146am atmaks\u0101sim naudu. \u0160\u012b p\u0101rredzam\u0101 ap\u0146em\u0161an\u0101s atspogu\u013co p\u0101rliec\u012bbu par produkta kvalit\u0101ti un nodro\u0161ina piln\u012bgi bezriska pirkuma pieredzi.<\/p>\n<p><strong><img decoding=\"async\" style=\"margin-right: 12px;\" src=\"https:\/\/www.oleaia.com\/wp-content\/uploads\/2026\/03\/Check.svg\" alt=\"\" width=\"18\" height=\"15\" \/>Piln\u012bgi organiska, lai nodro\u0161in\u0101tu autentiski dabisku skaistumkop\u0161anu.<\/strong> M\u016bsu v\u012bnogu kauli\u0146u e\u013c\u013ca ir piln\u012bb\u0101 biolo\u0123iska, ra\u017eota, r\u016bp\u012bgi iev\u0113rojot vides atbild\u012bbu un augu integrit\u0101ti. \u0160\u012bs ap\u0146em\u0161an\u0101s nodro\u0161ina atbilst\u012bbu t\u012br\u0101s skaistumkop\u0161anas standartiem un holistisk\u0101s labsaj\u016btas principiem.<\/p>\n<p><strong><img decoding=\"async\" style=\"margin-right: 12px;\" src=\"https:\/\/www.oleaia.com\/wp-content\/uploads\/2026\/03\/Check.svg\" alt=\"\" width=\"18\" height=\"15\" \/>Veicina l\u012bdzsvarotu un att\u012br\u012btu \u0101du.<\/strong> V\u012bnogu kauli\u0146u e\u013c\u013cu pla\u0161i nov\u0113rt\u0113 par t\u0101s sp\u0113ju pal\u012bdz\u0113t uztur\u0113t \u0101das l\u012bdzsvaru, padarot to \u012bpa\u0161i piem\u0113rotu kombin\u0113tai vai taukainai \u0101dai. T\u0101 veicina \u0101das izskata k\u013c\u016b\u0161anu skaidr\u0101ku, neaizsprostojot poras.<\/p>\n<p><strong><img decoding=\"async\" style=\"margin-right: 12px;\" src=\"https:\/\/www.oleaia.com\/wp-content\/uploads\/2026\/03\/Check.svg\" alt=\"\" width=\"18\" height=\"15\" \/>Veicina glud\u0101ku tekst\u016bru un izsmalcin\u0101t\u0101ku izskatu.<\/strong> Regul\u0101ri lietojot v\u012bnogu kauli\u0146u e\u013c\u013ca pal\u012bdz uzlabot nevienm\u0113r\u012bgas \u0101das izskatu, veicinot m\u012bkst\u0101ku un glud\u0101ku virsmu.<\/p>\n<p><strong><img decoding=\"async\" style=\"margin-right: 12px;\" src=\"https:\/\/www.oleaia.com\/wp-content\/uploads\/2026\/03\/Check.svg\" alt=\"\" width=\"18\" height=\"15\" \/>Veicina uzlabotu elast\u012bbu un jaunekl\u012bgu mirdzumu.<\/strong> T\u0101 barojo\u0161\u0101s \u012bpa\u0161\u012bbas pal\u012bdz saglab\u0101t \u0101das elast\u012bbu un veicina starojo\u0161u, atdz\u012bvin\u0101tu izskatu.<\/p>\n<p><strong><img decoding=\"async\" style=\"margin-right: 12px;\" src=\"https:\/\/www.oleaia.com\/wp-content\/uploads\/2026\/03\/Check.svg\" alt=\"\" width=\"18\" height=\"15\" \/>Nostiprina matu maigumu un vieglu sp\u012bdumu.<\/strong> Uzkl\u0101ts uz matiem, v\u012bnogu kauli\u0146u e\u013c\u013ca pal\u012bdz izl\u012bdzin\u0101t matu \u0161\u0137iedras, samazin\u0101t sausuma izskatu un veicin\u0101t dabisku, sp\u012bd\u012bgu efektu bez smaguma saj\u016btas.<\/p>\n<p><strong><img decoding=\"async\" style=\"margin-right: 12px;\" src=\"https:\/\/www.oleaia.com\/wp-content\/uploads\/2026\/03\/Check.svg\" alt=\"\" width=\"18\" height=\"15\" \/>Atbalsta galvas \u0101das mitrin\u0101\u0161anu un komfortu.<\/strong> Lietojot galvas \u0101das mas\u0101\u017eas rut\u012bn\u0101, v\u012bnogu kauli\u0146u e\u013c\u013ca pal\u012bdz uztur\u0113t mitruma l\u012bdzsvaru un veicina vesel\u012bg\u0101k izskat\u012b\u0161us matus.<\/p>\n<p><strong><img decoding=\"async\" style=\"margin-right: 12px;\" src=\"https:\/\/www.oleaia.com\/wp-content\/uploads\/2026\/03\/Check.svg\" alt=\"\" width=\"18\" height=\"15\" \/>Ide\u0101li piem\u0113rots mas\u0101\u017eai un \u0101tri ies\u016bco\u0161iem \u0137erme\u0146a kop\u0161anas l\u012bdzek\u013ciem.<\/strong> T\u0101 viegl\u0101 tekst\u016bra padara to lieliski piem\u0113rotu mas\u0101\u017eai, nodro\u0161inot vieglu sl\u012bd\u0113\u0161anu un atst\u0101jot \u0101du maigu un bez taukainuma.<\/p>\n<p><strong><img decoding=\"async\" style=\"margin-right: 12px;\" src=\"https:\/\/www.oleaia.com\/wp-content\/uploads\/2026\/03\/Check.svg\" alt=\"\" width=\"18\" height=\"15\" \/>Univers\u0101ls lieto\u0161anai sejai, \u0137ermenim, matiem un kulin\u0101rij\u0101.<\/strong> V\u012bnogu kauli\u0146u e\u013c\u013ca lieliski integr\u0113jas ikdienas rut\u012bn\u0101, vai t\u0101 tiktu izmantota \u0101das kop\u0161an\u0101, matu kop\u0161an\u0101, mas\u0101\u017e\u0101 vai k\u0101 da\u013ca no sabalans\u0113ta uztura, lietojot to atbilsto\u0161i.<\/p>\n<p><strong><img decoding=\"async\" style=\"margin-right: 12px;\" src=\"https:\/\/www.oleaia.com\/wp-content\/uploads\/2026\/03\/Check.svg\" alt=\"\" width=\"18\" height=\"15\" \/>Jau bag\u0101tin\u0101ts ar barojo\u0161u e\u013c\u013cu maigai uzkl\u0101\u0161anai un optim\u0101lam komfortam.<\/strong> M\u016bsu v\u012bnogu kauli\u0146u e\u013c\u013ca jau ir bag\u0101tin\u0101ta ar barojo\u0161u e\u013c\u013cu, lai nodro\u0161in\u0101tu maigu uzkl\u0101\u0161anu, uzlabotu izl\u012bdzin\u0101\u0161anu, optim\u0101lu komfortu un vieglu lieto\u0161anu. \u0160\u012b p\u0101rdom\u0101t\u0101 formula uzlabo uzs\u016bk\u0161anos un nodro\u0161ina vienm\u0113r\u012bgu, vienm\u0113r\u012bgu p\u0101rkl\u0101jumu uz \u0101das un matiem.<\/p>\n<h2><strong>Instrukcijas<\/strong><\/h2>\n<ul>\n<li>Uzkl\u0101jiet 2 l\u012bdz 4 pilienus uz t\u012bras, sausas sejas \u0101das un viegli iemas\u0113jiet, l\u012bdz piln\u012bb\u0101 ies\u016bcas.<\/li>\n<li>Lietojiet vienu vai divas reizes dien\u0101 atkar\u012bb\u0101 no \u0101das vajadz\u012bb\u0101m.<\/li>\n<li>\u0136erme\u0146a kop\u0161anai lietojiet m\u0113renu daudzumu p\u0113c vanno\u0161an\u0101s, lai saglab\u0101tu mitrin\u0101\u0161anu un maigumu.<\/li>\n<li>Matu kop\u0161anai uzkl\u0101jiet 1 l\u012bdz 3 pilienus uz mitru vai sausu matu garumiem un galiem.<\/li>\n<li>K\u0101 galvas \u0101das kop\u0161anas l\u012bdzekli 5 l\u012bdz 8 pilienus iemas\u0113jiet galvas \u0101d\u0101 un pirms mazg\u0101\u0161anas atst\u0101jiet iedarboties 30 l\u012bdz 60 min\u016btes.<\/li>\n<li>Lietojot mas\u0101\u017eai, uzkl\u0101jiet pietiekamu daudzumu, lai nodro\u0161in\u0101tu vienm\u0113r\u012bgu sl\u012bd\u0113\u0161anu pa \u0101du.<\/li>\n<li>Kulin\u0101rijas vajadz\u012bb\u0101m 1 l\u012bdz 2 \u0113damkarotes ik dienas iestr\u0101d\u0101jiet malt\u012bt\u0113s k\u0101 da\u013cu no sabalans\u0113ta uztura.<\/li>\n<li>Nep\u0101rsniedziet ieteicamo devu bez speci\u0101lista konsult\u0101cijas.<\/li>\n<li>Pirms pirm\u0101s lok\u0101las lieto\u0161anas veiciet pl\u0101kstera testu, lai nov\u0113rt\u0113tu sader\u012bbu ar \u0101du.<\/li>\n<li>Izvair\u012bties no saskares ar ac\u012bm un jut\u012bg\u0101m g\u013cot\u0101d\u0101m.<\/li>\n<li>Uzglab\u0101t v\u0113s\u0101, saus\u0101 viet\u0101, prom no tie\u0161iem saules stariem, un p\u0113c katras lieto\u0161anas reizes pudel\u012bti cie\u0161i aizv\u0113rt.<\/li>\n<\/ul>","protected":false},"excerpt":{"rendered":"<p>Unmatched effectiveness for lightweight hydration and skin refinement. Grape seed oil is the most effective natural solution for promoting hydrated, balanced skin without heaviness while helping refine texture and enhance overall radiance. Naturally appreciated for its light consistency, it supports smoother-looking skin, minimizes the appearance of unevenness, and contributes to a fresh, healthy complexion with [&hellip;]<\/p>\n","protected":false},"featured_media":23096,"comment_status":"open","ping_status":"closed","template":"","meta":{"_uag_custom_page_level_css":"","site-sidebar-layout":"default","site-content-layout":"","ast-site-content-layout":"default","site-content-style":"default","site-sidebar-style":"default","ast-global-header-display":"","ast-banner-title-visibility":"","ast-main-header-display":"","ast-hfb-above-header-display":"","ast-hfb-below-header-display":"","ast-hfb-mobile-header-display":"","site-post-title":"","ast-breadcrumbs-content":"","ast-featured-img":"","footer-sml-layout":"","ast-disable-related-posts":"","theme-transparent-header-meta":"default","adv-header-id-meta":"","stick-header-meta":"","header-above-stick-meta":"","header-main-stick-meta":"","header-below-stick-meta":"","astra-migrate-meta-layouts":"set","ast-page-background-enabled":"default","ast-page-background-meta":{"desktop":{"background-color":"var(--ast-global-color-4)","background-image":"","background-repeat":"repeat","background-position":"center center","background-size":"auto","background-attachment":"scroll","background-type":"","background-media":"","overlay-type":"","overlay-color":"","overlay-opacity":"","overlay-gradient":""},"tablet":{"background-color":"","background-image":"","background-repeat":"repeat","background-position":"center center","background-size":"auto","background-attachment":"scroll","background-type":"","background-media":"","overlay-type":"","overlay-color":"","overlay-opacity":"","overlay-gradient":""},"mobile":{"background-color":"","background-image":"","background-repeat":"repeat","background-position":"center center","background-size":"auto","background-attachment":"scroll","background-type":"","background-media":"","overlay-type":"","overlay-color":"","overlay-opacity":"","overlay-gradient":""}},"ast-content-background-meta":{"desktop":{"background-color":"var(--ast-global-color-5)","background-image":"","background-repeat":"repeat","background-position":"center center","background-size":"auto","background-attachment":"scroll","background-type":"","background-media":"","overlay-type":"","overlay-color":"","overlay-opacity":"","overlay-gradient":""},"tablet":{"background-color":"var(--ast-global-color-5)","background-image":"","background-repeat":"repeat","background-position":"center center","background-size":"auto","background-attachment":"scroll","background-type":"","background-media":"","overlay-type":"","overlay-color":"","overlay-opacity":"","overlay-gradient":""},"mobile":{"background-color":"var(--ast-global-color-5)","background-image":"","background-repeat":"repeat","background-position":"center center","background-size":"auto","background-attachment":"scroll","background-type":"","background-media":"","overlay-type":"","overlay-color":"","overlay-opacity":"","overlay-gradient":""}}},"product_brand":[],"product_cat":[15],"product_tag":[],"class_list":{"0":"post-23095","1":"product","2":"type-product","3":"status-publish","4":"has-post-thumbnail","6":"product_cat-shop","7":"desktop-align-left","8":"tablet-align-left","9":"mobile-align-left","11":"first","12":"instock","13":"shipping-taxable","14":"purchasable","15":"product-type-simple"},"spectra_custom_meta":{"_edit_lock":["1774417770:1"],"_edit_last":["1"],"merchant-center-availability":["yes"],"merchant-center-category":["6104"],"_thumbnail_id":["23096"],"_wp_page_template":["default"],"_sku":["OLGRAPESEEDOIL"],"_global_unique_id":["5056773820777"],"_regular_price":["29.90"],"total_sales":["258"],"_tax_status":["taxable"],"_tax_class":[""],"_manage_stock":["no"],"_backorders":["no"],"_sold_individually":["no"],"_weight":["5.7"],"_virtual":["no"],"_downloadable":["no"],"_download_limit":["-1"],"_download_expiry":["-1"],"_stock":[null],"_stock_status":["instock"],"_wc_average_rating":["5.00"],"_wc_review_count":["20"],"_product_version":["10.6.1"],"_price":["29.90"],"site-sidebar-layout":["default"],"ast-site-content-layout":["default"],"site-content-style":["default"],"site-sidebar-style":["default"],"theme-transparent-header-meta":["default"],"_wc_rating_count":["a:1:{i:5;i:20;}"],"astra-migrate-meta-layouts":["set"],"_uag_css_file_name":["uag-css-23095.css"],"_elementor_page_assets":["a:0:{}"],"_uag_page_assets":["a:9:{s:3:\"css\";s:7156:\".uag-blocks-common-selector{z-index:var(--z-index-desktop) !important}@media (max-width: 976px){.uag-blocks-common-selector{z-index:var(--z-index-tablet) !important}}@media (max-width: 767px){.uag-blocks-common-selector{z-index:var(--z-index-mobile) !important}}\n.wp-block-uagb-image{display:flex}.wp-block-uagb-image__figure{position:relative;display:flex;flex-direction:column;max-width:100%;height:auto;margin:0}.wp-block-uagb-image__figure img{height:auto;display:flex;max-width:100%;transition:box-shadow 0.2s ease}.wp-block-uagb-image__figure>a{display:inline-block}.wp-block-uagb-image__figure figcaption{text-align:center;margin-top:0.5em;margin-bottom:1em}.wp-block-uagb-image .components-placeholder.block-editor-media-placeholder .components-placeholder__instructions{align-self:center}.wp-block-uagb-image--align-left{text-align:left}.wp-block-uagb-image--align-right{text-align:right}.wp-block-uagb-image--align-center{text-align:center}.wp-block-uagb-image--align-full .wp-block-uagb-image__figure{margin-left:calc(50% - 50vw);margin-right:calc(50% - 50vw);max-width:100vw;width:100vw;height:auto}.wp-block-uagb-image--align-full .wp-block-uagb-image__figure img{height:auto;width:100% !important}.wp-block-uagb-image--align-wide .wp-block-uagb-image__figure img{height:auto;width:100%}.wp-block-uagb-image--layout-overlay__color-wrapper{position:absolute;left:0;top:0;right:0;bottom:0;opacity:0.2;background:rgba(0,0,0,0.5);transition:opacity 0.35s ease-in-out}.wp-block-uagb-image--layout-overlay-link{position:absolute;left:0;right:0;bottom:0;top:0}.wp-block-uagb-image--layout-overlay .wp-block-uagb-image__figure:hover .wp-block-uagb-image--layout-overlay__color-wrapper{opacity:1}.wp-block-uagb-image--layout-overlay__inner{position:absolute;left:15px;right:15px;bottom:15px;top:15px;display:flex;align-items:center;justify-content:center;flex-direction:column;border-color:#fff;transition:0.35s ease-in-out}.wp-block-uagb-image--layout-overlay__inner.top-left,.wp-block-uagb-image--layout-overlay__inner.top-center,.wp-block-uagb-image--layout-overlay__inner.top-right{justify-content:flex-start}.wp-block-uagb-image--layout-overlay__inner.bottom-left,.wp-block-uagb-image--layout-overlay__inner.bottom-center,.wp-block-uagb-image--layout-overlay__inner.bottom-right{justify-content:flex-end}.wp-block-uagb-image--layout-overlay__inner.top-left,.wp-block-uagb-image--layout-overlay__inner.center-left,.wp-block-uagb-image--layout-overlay__inner.bottom-left{align-items:flex-start}.wp-block-uagb-image--layout-overlay__inner.top-right,.wp-block-uagb-image--layout-overlay__inner.center-right,.wp-block-uagb-image--layout-overlay__inner.bottom-right{align-items:flex-end}.wp-block-uagb-image--layout-overlay__inner .uagb-image-heading{color:#fff;transition:transform 0.35s, opacity 0.35s ease-in-out;transform:translate3d(0, 24px, 0);margin:0;line-height:1em}.wp-block-uagb-image--layout-overlay__inner .uagb-image-separator{width:30%;border-top-width:2px;border-top-color:#fff;border-top-style:solid;margin-bottom:10px;opacity:0;transition:transform 0.4s, opacity 0.4s ease-in-out;transform:translate3d(0, 30px, 0)}.wp-block-uagb-image--layout-overlay__inner .uagb-image-caption{opacity:0;overflow:visible;color:#fff;transition:transform 0.45s, opacity 0.45s ease-in-out;transform:translate3d(0, 35px, 0)}.wp-block-uagb-image--layout-overlay__inner:hover .uagb-image-heading,.wp-block-uagb-image--layout-overlay__inner:hover .uagb-image-separator,.wp-block-uagb-image--layout-overlay__inner:hover .uagb-image-caption{opacity:1;transform:translate3d(0, 0, 0)}.wp-block-uagb-image--effect-zoomin .wp-block-uagb-image__figure img,.wp-block-uagb-image--effect-zoomin .wp-block-uagb-image__figure .wp-block-uagb-image--layout-overlay__color-wrapper{transform:scale(1);transition:transform 0.35s ease-in-out}.wp-block-uagb-image--effect-zoomin .wp-block-uagb-image__figure:hover img,.wp-block-uagb-image--effect-zoomin .wp-block-uagb-image__figure:hover .wp-block-uagb-image--layout-overlay__color-wrapper{transform:scale(1.05)}.wp-block-uagb-image--effect-slide .wp-block-uagb-image__figure img,.wp-block-uagb-image--effect-slide .wp-block-uagb-image__figure .wp-block-uagb-image--layout-overlay__color-wrapper{width:calc(100% + 40px) !important;max-width:none !important;transform:translate3d(-40px, 0, 0);transition:transform 0.35s ease-in-out}.wp-block-uagb-image--effect-slide .wp-block-uagb-image__figure:hover img,.wp-block-uagb-image--effect-slide .wp-block-uagb-image__figure:hover .wp-block-uagb-image--layout-overlay__color-wrapper{transform:translate3d(0, 0, 0)}.wp-block-uagb-image--effect-grayscale img{filter:grayscale(0%);transition:0.35s ease-in-out}.wp-block-uagb-image--effect-grayscale:hover img{filter:grayscale(100%)}.wp-block-uagb-image--effect-blur img{filter:blur(0);transition:0.35s ease-in-out}.wp-block-uagb-image--effect-blur:hover img{filter:blur(3px)}\n.uagb-block-e6f939b3.wp-block-uagb-image--layout-default figure img{box-shadow: 0px 0px 0 #00000070;}.uagb-block-e6f939b3.wp-block-uagb-image .wp-block-uagb-image__figure figcaption{font-style: normal;align-self: center;}.uagb-block-e6f939b3.wp-block-uagb-image--layout-overlay figure img{box-shadow: 0px 0px 0 #00000070;}.uagb-block-e6f939b3.wp-block-uagb-image--layout-overlay .wp-block-uagb-image--layout-overlay__color-wrapper{opacity: 0.2;}.uagb-block-e6f939b3.wp-block-uagb-image--layout-overlay .wp-block-uagb-image--layout-overlay__inner{left: 15px;right: 15px;top: 15px;bottom: 15px;}.uagb-block-e6f939b3.wp-block-uagb-image--layout-overlay .wp-block-uagb-image--layout-overlay__inner .uagb-image-heading{font-style: normal;color: #fff;opacity: 1;}.uagb-block-e6f939b3.wp-block-uagb-image--layout-overlay .wp-block-uagb-image--layout-overlay__inner .uagb-image-heading a{color: #fff;}.uagb-block-e6f939b3.wp-block-uagb-image--layout-overlay .wp-block-uagb-image--layout-overlay__inner .uagb-image-caption{opacity: 0;}.uagb-block-e6f939b3.wp-block-uagb-image--layout-overlay .wp-block-uagb-image__figure:hover .wp-block-uagb-image--layout-overlay__color-wrapper{opacity: 1;}.uagb-block-e6f939b3.wp-block-uagb-image .wp-block-uagb-image--layout-overlay__inner .uagb-image-separator{width: 30%;border-top-width: 2px;border-top-color: #fff;opacity: 0;}.uagb-block-e6f939b3.wp-block-uagb-image .wp-block-uagb-image__figure img{width: px;height: auto;}.uagb-block-e6f939b3.wp-block-uagb-image .wp-block-uagb-image__figure:hover .wp-block-uagb-image--layout-overlay__inner .uagb-image-caption{opacity: 1;}.uagb-block-e6f939b3.wp-block-uagb-image .wp-block-uagb-image__figure:hover .wp-block-uagb-image--layout-overlay__inner .uagb-image-separator{opacity: 1;}.uagb-block-e6f939b3.wp-block-uagb-image--layout-default figure:hover img{box-shadow: 0px 0px 0 #00000070;}.uagb-block-e6f939b3.wp-block-uagb-image--layout-overlay figure:hover img{box-shadow: 0px 0px 0 #00000070;}@media only screen and (max-width: 976px) {.uagb-block-e6f939b3.wp-block-uagb-image .wp-block-uagb-image__figure img{width: px;height: auto;}}@media only screen and (max-width: 767px) {.uagb-block-e6f939b3.wp-block-uagb-image .wp-block-uagb-image__figure img{width: px;height: auto;}}\";s:2:\"js\";s:0:\"\";s:18:\"current_block_list\";a:13:{i:0;s:11:\"core\/search\";i:1;s:10:\"core\/group\";i:2;s:12:\"core\/heading\";i:3;s:17:\"core\/latest-posts\";i:4;s:20:\"core\/latest-comments\";i:5;s:13:\"core\/archives\";i:6;s:15:\"core\/categories\";i:7;s:14:\"core\/paragraph\";i:8;s:10:\"uagb\/image\";i:9;s:11:\"core\/spacer\";i:10;s:30:\"woocommerce\/product-categories\";i:11;s:10:\"core\/image\";i:12;s:14:\"core\/shortcode\";}s:8:\"uag_flag\";b:1;s:11:\"uag_version\";s:10:\"1776379285\";s:6:\"gfonts\";a:0:{}s:10:\"gfonts_url\";s:0:\"\";s:12:\"gfonts_files\";a:0:{}s:14:\"uag_faq_layout\";b:0;}"]},"uagb_featured_image_src":{"full":["https:\/\/www.oleaia.com\/wp-content\/uploads\/2025\/07\/Oleaia-Grape-Seed-Oil-5L.png",2560,2560,false],"thumbnail":["https:\/\/www.oleaia.com\/wp-content\/uploads\/2025\/07\/Oleaia-Grape-Seed-Oil-5L-150x150.png",150,150,true],"medium":["https:\/\/www.oleaia.com\/wp-content\/uploads\/2025\/07\/Oleaia-Grape-Seed-Oil-5L-300x300.png",300,300,true],"medium_large":["https:\/\/www.oleaia.com\/wp-content\/uploads\/2025\/07\/Oleaia-Grape-Seed-Oil-5L-768x768.png",768,768,true],"large":["https:\/\/www.oleaia.com\/wp-content\/uploads\/2025\/07\/Oleaia-Grape-Seed-Oil-5L-1024x1024.png",1024,1024,true],"1536x1536":["https:\/\/www.oleaia.com\/wp-content\/uploads\/2025\/07\/Oleaia-Grape-Seed-Oil-5L-1536x1536.png",1536,1536,true],"2048x2048":["https:\/\/www.oleaia.com\/wp-content\/uploads\/2025\/07\/Oleaia-Grape-Seed-Oil-5L-2048x2048.png",2048,2048,true],"trp-custom-language-flag":["https:\/\/www.oleaia.com\/wp-content\/uploads\/2025\/07\/Oleaia-Grape-Seed-Oil-5L-12x12.png",12,12,true],"woocommerce_thumbnail":["https:\/\/www.oleaia.com\/wp-content\/uploads\/2025\/07\/Oleaia-Grape-Seed-Oil-5L-300x300.png",300,300,true],"woocommerce_single":["https:\/\/www.oleaia.com\/wp-content\/uploads\/2025\/07\/Oleaia-Grape-Seed-Oil-5L-600x600.png",600,600,true],"woocommerce_gallery_thumbnail":["https:\/\/www.oleaia.com\/wp-content\/uploads\/2025\/07\/Oleaia-Grape-Seed-Oil-5L-100x100.png",100,100,true]},"uagb_author_info":{"display_name":"admin","author_link":"https:\/\/www.oleaia.com\/lv\/author\/"},"uagb_comment_info":20,"uagb_excerpt":"Unmatched effectiveness for lightweight hydration and skin refinement. Grape seed oil is the most effective natural solution for promoting hydrated, balanced skin without heaviness while helping refine texture and enhance overall radiance. Naturally appreciated for its light consistency, it supports smoother-looking skin, minimizes the appearance of unevenness, and contributes to a fresh, healthy complexion with&hellip;","_links":{"self":[{"href":"https:\/\/www.oleaia.com\/lv\/wp-json\/wp\/v2\/product\/23095","targetHints":{"allow":["GET"]}}],"collection":[{"href":"https:\/\/www.oleaia.com\/lv\/wp-json\/wp\/v2\/product"}],"about":[{"href":"https:\/\/www.oleaia.com\/lv\/wp-json\/wp\/v2\/types\/product"}],"replies":[{"embeddable":true,"href":"https:\/\/www.oleaia.com\/lv\/wp-json\/wp\/v2\/comments?post=23095"}],"version-history":[{"count":4,"href":"https:\/\/www.oleaia.com\/lv\/wp-json\/wp\/v2\/product\/23095\/revisions"}],"predecessor-version":[{"id":80869,"href":"https:\/\/www.oleaia.com\/lv\/wp-json\/wp\/v2\/product\/23095\/revisions\/80869"}],"wp:featuredmedia":[{"embeddable":true,"href":"https:\/\/www.oleaia.com\/lv\/wp-json\/wp\/v2\/media\/23096"}],"wp:attachment":[{"href":"https:\/\/www.oleaia.com\/lv\/wp-json\/wp\/v2\/media?parent=23095"}],"wp:term":[{"taxonomy":"product_brand","embeddable":true,"href":"https:\/\/www.oleaia.com\/lv\/wp-json\/wp\/v2\/product_brand?post=23095"},{"taxonomy":"product_cat","embeddable":true,"href":"https:\/\/www.oleaia.com\/lv\/wp-json\/wp\/v2\/product_cat?post=23095"},{"taxonomy":"product_tag","embeddable":true,"href":"https:\/\/www.oleaia.com\/lv\/wp-json\/wp\/v2\/product_tag?post=23095"}],"curies":[{"name":"wp","href":"https:\/\/api.w.org\/{rel}","templated":true}]}}