{"id":23545,"date":"2025-08-04T17:46:37","date_gmt":"2025-08-04T15:46:37","guid":{"rendered":"https:\/\/www.oleaia.com\/?post_type=product&#038;p=23545"},"modified":"2026-03-24T13:38:23","modified_gmt":"2026-03-24T12:38:23","slug":"frankincense-oil","status":"publish","type":"product","link":"https:\/\/www.oleaia.com\/lv\/products\/frankincense-oil\/","title":{"rendered":"V\u012braka e\u013c\u013ca - 1 litrs"},"content":{"rendered":"<p><strong><img decoding=\"async\" style=\"margin-right: 12px;\" src=\"https:\/\/www.oleaia.com\/wp-content\/uploads\/2026\/03\/Check.svg\" alt=\"\" width=\"18\" height=\"15\" \/>Nep\u0101rsp\u0113jama efektivit\u0101te \u0101das atjauno\u0161anai un visp\u0101r\u0113jai labsaj\u016btai.<\/strong> Smilts\u0113rk\u0161\u0137u e\u013c\u013ca ir visefekt\u012bv\u0101kais dabiskais risin\u0101jums, lai veicin\u0101tu glud\u0101ku \u0101das izskatu, uzlabotu tvirtumu un atjaunotu sejas kr\u0101su. Tradicion\u0101li cien\u012bta senaj\u0101s labsaj\u016btas praks\u0113s, t\u0101 pal\u012bdz uzlabot \u0101das tekst\u016bru, uzlabot mirdzumu un veicina l\u012bdzsvarotu un jaunekl\u012bgu izskatu, ja to lieto past\u0101v\u012bgi.<\/p>\n<p><strong><img decoding=\"async\" style=\"margin-right: 12px;\" src=\"https:\/\/www.oleaia.com\/wp-content\/uploads\/2026\/03\/Check.svg\" alt=\"\" width=\"18\" height=\"15\" \/>L\u0113t\u0101k\u0101 pieejam\u0101 premium klases v\u012braka e\u013c\u013ca.<\/strong> M\u0113s esam visl\u0113t\u0101kie tirg\u016b, vienlaikus saglab\u0101jot stingrus kvalit\u0101tes standartus, kas nodro\u0161ina izcilu v\u0113rt\u012bbu, nemazinot arom\u0101ta bag\u0101t\u012bbu un veiktsp\u0113ju. \u0160\u012b pieejam\u012bba padara v\u012braka e\u013c\u013cu pieejamu ikdienas \u0101das kop\u0161anas un labsaj\u016btas uzlabo\u0161anas proced\u016br\u0101m.<\/p>\n<p><strong><img decoding=\"async\" style=\"margin-right: 12px;\" src=\"https:\/\/www.oleaia.com\/wp-content\/uploads\/2026\/03\/Check.svg\" alt=\"\" width=\"18\" height=\"15\" \/>\u0100tra un uzticama pieg\u0101de 24 stundas diennakt\u012b.<\/strong> M\u0113s vienm\u0113r pied\u0101v\u0101jam pieg\u0101di 24 stundas diennakt\u012b, garant\u0113jot, ka v\u012braka e\u013c\u013ca tiek pieg\u0101d\u0101ta \u0101tri un efekt\u012bvi. \u0100tra pieg\u0101de nodro\u0161ina nep\u0101rtrauktu skaistumkop\u0161anas un relaks\u0101cijas prakses nep\u0101rtraukt\u012bbu.<\/p>\n<p><strong><img decoding=\"async\" style=\"margin-right: 12px;\" src=\"https:\/\/www.oleaia.com\/wp-content\/uploads\/2026\/03\/Check.svg\" alt=\"\" width=\"18\" height=\"15\" \/>Naudas atmaksas garantija piln\u012bgai p\u0101rliec\u012bbai.<\/strong> M\u0113s pied\u0101v\u0101jam naudas atmaksas garantiju. Ja klients nav apmierin\u0101ts, m\u0113s vi\u0146am atmaks\u0101sim naudu. \u0160\u012b p\u0101rredzam\u0101 ap\u0146em\u0161an\u0101s atspogu\u013co p\u0101rliec\u012bbu par produkta kvalit\u0101ti un nodro\u0161ina piln\u012bgi bezriska pirkuma pieredzi.<\/p>\n<p><strong><img decoding=\"async\" style=\"margin-right: 12px;\" src=\"https:\/\/www.oleaia.com\/wp-content\/uploads\/2026\/03\/Check.svg\" alt=\"\" width=\"18\" height=\"15\" \/>Piln\u012bgi organiska, lai nodro\u0161in\u0101tu autentisku bot\u0101nisko kop\u0161anu.<\/strong> M\u016bsu v\u012braka e\u013c\u013ca ir piln\u012bb\u0101 biolo\u0123iska, ra\u017eota, r\u016bp\u012bgi iev\u0113rojot atbild\u012bbu pret vidi un augu integrit\u0101ti. \u0160\u012b ap\u0146em\u0161an\u0101s nodro\u0161ina atbilst\u012bbu t\u012bras skaistumkop\u0161anas standartiem un holistisk\u0101s labsaj\u016btas trad\u012bcij\u0101m.<\/p>\n<p><strong><img decoding=\"async\" style=\"margin-right: 12px;\" src=\"https:\/\/www.oleaia.com\/wp-content\/uploads\/2026\/03\/Check.svg\" alt=\"\" width=\"18\" height=\"15\" \/>Veicina tvirt\u0101kas un izsmalcin\u0101t\u0101kas \u0101das izskatu.<\/strong> Smilts\u0113rk\u0161\u0137u e\u013c\u013ca pal\u012bdz saglab\u0101t elast\u012bbu un, regul\u0101ri lietojot, veicina glud\u0101ku un toniz\u0113t\u0101ku sejas toni.<\/p>\n<p><strong><img decoding=\"async\" style=\"margin-right: 12px;\" src=\"https:\/\/www.oleaia.com\/wp-content\/uploads\/2026\/03\/Check.svg\" alt=\"\" width=\"18\" height=\"15\" \/>Veicina gai\u0161\u0101ku un vienm\u0113r\u012bg\u0101ku \u0101das toni.<\/strong> Lietojot konsekventi, v\u012braka e\u013c\u013ca pal\u012bdz uzlabot nel\u012bdzenu \u0101das zonu izskatu un uzlabo kop\u0113jo \u0101das mirdzumu.<\/p>\n<p><strong><img decoding=\"async\" style=\"margin-right: 12px;\" src=\"https:\/\/www.oleaia.com\/wp-content\/uploads\/2026\/03\/Check.svg\" alt=\"\" width=\"18\" height=\"15\" \/>veicina emocion\u0101lo l\u012bdzsvaru un relaks\u0101ciju.<\/strong> Smilts\u0113rk\u0161\u0137u e\u013c\u013cas siltais, sve\u0137ainais arom\u0101ts veicina nomierino\u0161u vidi, pal\u012bdzot mazin\u0101t stresu un veicin\u0101t iek\u0161\u0113jo mieru.<\/p>\n<p><strong><img decoding=\"async\" style=\"margin-right: 12px;\" src=\"https:\/\/www.oleaia.com\/wp-content\/uploads\/2026\/03\/Check.svg\" alt=\"\" width=\"18\" height=\"15\" \/>Uzlabo medit\u0101cijas un apzin\u0101t\u012bbas praksi.<\/strong> Tradicion\u0101li gar\u012bgos ritu\u0101los izmantot\u0101 v\u012braka e\u013c\u013ca rada piezem\u0113jo\u0161u atmosf\u0113ru, kas ir ide\u0101li piem\u0113rota p\u0101rdom\u0101m, relaks\u0101cijai un koncentr\u0113\u0161an\u0101s procesam.<\/p>\n<p><strong><img decoding=\"async\" style=\"margin-right: 12px;\" src=\"https:\/\/www.oleaia.com\/wp-content\/uploads\/2026\/03\/Check.svg\" alt=\"\" width=\"18\" height=\"15\" \/>Ide\u0101li piem\u0113rots nobriedu\u0161ai \u0101dai un \u0101dai, kas pak\u013cauta vides ietekmei.<\/strong> Smilts\u0113rk\u0161\u0137u e\u013c\u013ca ir \u012bpa\u0161i piem\u0113rota \u0101dai, kas pak\u013cauta sausuma vai noveco\u0161an\u0101s faktoru iedarb\u012bbai, pal\u012bdzot atjaunot atjaunotu un komfortablu izskatu.<\/p>\n<p><strong><img decoding=\"async\" style=\"margin-right: 12px;\" src=\"https:\/\/www.oleaia.com\/wp-content\/uploads\/2026\/03\/Check.svg\" alt=\"\" width=\"18\" height=\"15\" \/>Univers\u0101ls sejai, \u0137ermenim un arom\u0101tiem.<\/strong> Smilts\u0113rk\u0161\u0137u e\u013c\u013ca nevainojami iek\u013caujas \u0101das kop\u0161anas proced\u016br\u0101s, mas\u0101\u017eas proced\u016br\u0101s un aromterapijas seansos.<\/p>\n<p><strong><img decoding=\"async\" style=\"margin-right: 12px;\" src=\"https:\/\/www.oleaia.com\/wp-content\/uploads\/2026\/03\/Check.svg\" alt=\"\" width=\"18\" height=\"15\" \/>Jau bag\u0101tin\u0101ts ar barojo\u0161u e\u013c\u013cu maigai uzkl\u0101\u0161anai un optim\u0101lam komfortam.<\/strong> M\u016bsu v\u012braka e\u013c\u013ca jau ir bag\u0101tin\u0101ta ar barojo\u0161u e\u013c\u013cu, lai nodro\u0161in\u0101tu maigu uzkl\u0101\u0161anu, uzlabotu izkliedi, optim\u0101lu komfortu un lieto\u0161anas \u0113rtumu. \u0160is p\u0101rdom\u0101tais sast\u0101vs uzlabo uzs\u016bk\u0161anos un nodro\u0161ina vienm\u0113r\u012bgu, vienm\u0113r\u012bgu kl\u0101jumu uz \u0101das.<\/p>\n<h2><strong>Instrukcijas<\/strong><\/h2>\n<ul>\n<li>Uzkl\u0101jiet 2 l\u012bdz 4 pilienus uz t\u012bras, sausas sejas \u0101das un viegli iemas\u0113jiet, l\u012bdz piln\u012bb\u0101 ies\u016bcas.<\/li>\n<li>Lietojiet vienu vai divas reizes dien\u0101 atkar\u012bb\u0101 no individu\u0101laj\u0101m \u0101das vajadz\u012bb\u0101m.<\/li>\n<li>Kakla un dekolt\u0113 zonas kop\u0161anai uzpiliniet v\u0113l 2 l\u012bdz 3 pilienus un vienm\u0113r\u012bgi iemas\u0113jiet.<\/li>\n<li>Ieteicam\u0101 maksim\u0101l\u0101 dienas deva lok\u0101lai lieto\u0161anai ir aptuveni 6 l\u012bdz 8 pilieni, kas sadal\u012bti pa lieto\u0161anas zon\u0101m.<\/li>\n<li>Arom\u0101tiskai lieto\u0161anai pievienojiet 3 l\u012bdz 5 pilienus \u016bden\u012b piepild\u012btam difuzoram un izmantojiet 15 l\u012bdz 30 min\u016btes.<\/li>\n<li>Atp\u016btai maigi ieelpojiet vai izklied\u0113jiet mier\u012bg\u0101 vid\u0113.<\/li>\n<li>Pirms pirm\u0101s lieto\u0161anas reizes veiciet pl\u0101kstera testu, lai nov\u0113rt\u0113tu sader\u012bbu ar \u0101du.<\/li>\n<li>Izvair\u012bties no saskares ar ac\u012bm un jut\u012bg\u0101m g\u013cot\u0101d\u0101m.<\/li>\n<li>Nelietojiet uz iekaisu\u0161as vai boj\u0101tas \u0101das.<\/li>\n<li>Nav ieteicams lietot gr\u016btniec\u012bbas laik\u0101 bez profesion\u0101la padoma.<\/li>\n<li>Uzglab\u0101t v\u0113s\u0101, saus\u0101 viet\u0101, prom no tie\u0161iem saules stariem, un p\u0113c katras lieto\u0161anas reizes pudel\u012bti cie\u0161i aizv\u0113rt.<\/li>\n<\/ul>","protected":false},"excerpt":{"rendered":"<p>Unmatched effectiveness for skin rejuvenation and overall wellness. Frankincense oil is the most effective natural solution for promoting smoother-looking skin, improving the appearance of firmness, and supporting a revitalized complexion. Traditionally revered in ancient wellness practices, it helps refine skin texture, enhance radiance, and contribute to a balanced and youthful appearance with consistent use. The [&hellip;]<\/p>\n","protected":false},"featured_media":23859,"comment_status":"open","ping_status":"closed","template":"","meta":{"_uag_custom_page_level_css":"","site-sidebar-layout":"default","site-content-layout":"","ast-site-content-layout":"default","site-content-style":"default","site-sidebar-style":"default","ast-global-header-display":"","ast-banner-title-visibility":"","ast-main-header-display":"","ast-hfb-above-header-display":"","ast-hfb-below-header-display":"","ast-hfb-mobile-header-display":"","site-post-title":"","ast-breadcrumbs-content":"","ast-featured-img":"","footer-sml-layout":"","ast-disable-related-posts":"","theme-transparent-header-meta":"default","adv-header-id-meta":"","stick-header-meta":"","header-above-stick-meta":"","header-main-stick-meta":"","header-below-stick-meta":"","astra-migrate-meta-layouts":"set","ast-page-background-enabled":"default","ast-page-background-meta":{"desktop":{"background-color":"var(--ast-global-color-4)","background-image":"","background-repeat":"repeat","background-position":"center center","background-size":"auto","background-attachment":"scroll","background-type":"","background-media":"","overlay-type":"","overlay-color":"","overlay-opacity":"","overlay-gradient":""},"tablet":{"background-color":"","background-image":"","background-repeat":"repeat","background-position":"center center","background-size":"auto","background-attachment":"scroll","background-type":"","background-media":"","overlay-type":"","overlay-color":"","overlay-opacity":"","overlay-gradient":""},"mobile":{"background-color":"","background-image":"","background-repeat":"repeat","background-position":"center center","background-size":"auto","background-attachment":"scroll","background-type":"","background-media":"","overlay-type":"","overlay-color":"","overlay-opacity":"","overlay-gradient":""}},"ast-content-background-meta":{"desktop":{"background-color":"var(--ast-global-color-5)","background-image":"","background-repeat":"repeat","background-position":"center center","background-size":"auto","background-attachment":"scroll","background-type":"","background-media":"","overlay-type":"","overlay-color":"","overlay-opacity":"","overlay-gradient":""},"tablet":{"background-color":"var(--ast-global-color-5)","background-image":"","background-repeat":"repeat","background-position":"center center","background-size":"auto","background-attachment":"scroll","background-type":"","background-media":"","overlay-type":"","overlay-color":"","overlay-opacity":"","overlay-gradient":""},"mobile":{"background-color":"var(--ast-global-color-5)","background-image":"","background-repeat":"repeat","background-position":"center center","background-size":"auto","background-attachment":"scroll","background-type":"","background-media":"","overlay-type":"","overlay-color":"","overlay-opacity":"","overlay-gradient":""}}},"product_brand":[],"product_cat":[15],"product_tag":[],"class_list":{"0":"post-23545","1":"product","2":"type-product","3":"status-publish","4":"has-post-thumbnail","6":"product_cat-shop","7":"desktop-align-left","8":"tablet-align-left","9":"mobile-align-left","11":"first","12":"instock","13":"shipping-taxable","14":"purchasable","15":"product-type-simple"},"spectra_custom_meta":{"_edit_lock":["1774355790:1"],"_edit_last":["1"],"merchant-center-availability":["yes"],"merchant-center-category":["6104"],"_thumbnail_id":["23859"],"_wp_page_template":["default"],"_sku":["OLFRANKINCENSEOIL"],"_global_unique_id":["5056773821798"],"_regular_price":["29.90"],"total_sales":["23"],"_tax_status":["taxable"],"_tax_class":[""],"_manage_stock":["no"],"_backorders":["no"],"_sold_individually":["no"],"_weight":["1.3"],"_virtual":["no"],"_downloadable":["no"],"_download_limit":["-1"],"_download_expiry":["-1"],"_stock":[null],"_stock_status":["instock"],"_wc_average_rating":["0"],"_wc_review_count":["0"],"_product_version":["10.6.1"],"_price":["29.90"],"site-sidebar-layout":["default"],"ast-site-content-layout":["default"],"site-content-style":["default"],"site-sidebar-style":["default"],"theme-transparent-header-meta":["default"],"astra-migrate-meta-layouts":["set"],"_uag_css_file_name":["uag-css-23545.css"],"_elementor_page_assets":["a:0:{}"],"_uag_page_assets":["a:9:{s:3:\"css\";s:7156:\".uag-blocks-common-selector{z-index:var(--z-index-desktop) !important}@media (max-width: 976px){.uag-blocks-common-selector{z-index:var(--z-index-tablet) !important}}@media (max-width: 767px){.uag-blocks-common-selector{z-index:var(--z-index-mobile) !important}}\n.wp-block-uagb-image{display:flex}.wp-block-uagb-image__figure{position:relative;display:flex;flex-direction:column;max-width:100%;height:auto;margin:0}.wp-block-uagb-image__figure img{height:auto;display:flex;max-width:100%;transition:box-shadow 0.2s ease}.wp-block-uagb-image__figure>a{display:inline-block}.wp-block-uagb-image__figure figcaption{text-align:center;margin-top:0.5em;margin-bottom:1em}.wp-block-uagb-image .components-placeholder.block-editor-media-placeholder .components-placeholder__instructions{align-self:center}.wp-block-uagb-image--align-left{text-align:left}.wp-block-uagb-image--align-right{text-align:right}.wp-block-uagb-image--align-center{text-align:center}.wp-block-uagb-image--align-full .wp-block-uagb-image__figure{margin-left:calc(50% - 50vw);margin-right:calc(50% - 50vw);max-width:100vw;width:100vw;height:auto}.wp-block-uagb-image--align-full .wp-block-uagb-image__figure img{height:auto;width:100% !important}.wp-block-uagb-image--align-wide .wp-block-uagb-image__figure img{height:auto;width:100%}.wp-block-uagb-image--layout-overlay__color-wrapper{position:absolute;left:0;top:0;right:0;bottom:0;opacity:0.2;background:rgba(0,0,0,0.5);transition:opacity 0.35s ease-in-out}.wp-block-uagb-image--layout-overlay-link{position:absolute;left:0;right:0;bottom:0;top:0}.wp-block-uagb-image--layout-overlay .wp-block-uagb-image__figure:hover .wp-block-uagb-image--layout-overlay__color-wrapper{opacity:1}.wp-block-uagb-image--layout-overlay__inner{position:absolute;left:15px;right:15px;bottom:15px;top:15px;display:flex;align-items:center;justify-content:center;flex-direction:column;border-color:#fff;transition:0.35s ease-in-out}.wp-block-uagb-image--layout-overlay__inner.top-left,.wp-block-uagb-image--layout-overlay__inner.top-center,.wp-block-uagb-image--layout-overlay__inner.top-right{justify-content:flex-start}.wp-block-uagb-image--layout-overlay__inner.bottom-left,.wp-block-uagb-image--layout-overlay__inner.bottom-center,.wp-block-uagb-image--layout-overlay__inner.bottom-right{justify-content:flex-end}.wp-block-uagb-image--layout-overlay__inner.top-left,.wp-block-uagb-image--layout-overlay__inner.center-left,.wp-block-uagb-image--layout-overlay__inner.bottom-left{align-items:flex-start}.wp-block-uagb-image--layout-overlay__inner.top-right,.wp-block-uagb-image--layout-overlay__inner.center-right,.wp-block-uagb-image--layout-overlay__inner.bottom-right{align-items:flex-end}.wp-block-uagb-image--layout-overlay__inner .uagb-image-heading{color:#fff;transition:transform 0.35s, opacity 0.35s ease-in-out;transform:translate3d(0, 24px, 0);margin:0;line-height:1em}.wp-block-uagb-image--layout-overlay__inner .uagb-image-separator{width:30%;border-top-width:2px;border-top-color:#fff;border-top-style:solid;margin-bottom:10px;opacity:0;transition:transform 0.4s, opacity 0.4s ease-in-out;transform:translate3d(0, 30px, 0)}.wp-block-uagb-image--layout-overlay__inner .uagb-image-caption{opacity:0;overflow:visible;color:#fff;transition:transform 0.45s, opacity 0.45s ease-in-out;transform:translate3d(0, 35px, 0)}.wp-block-uagb-image--layout-overlay__inner:hover .uagb-image-heading,.wp-block-uagb-image--layout-overlay__inner:hover .uagb-image-separator,.wp-block-uagb-image--layout-overlay__inner:hover .uagb-image-caption{opacity:1;transform:translate3d(0, 0, 0)}.wp-block-uagb-image--effect-zoomin .wp-block-uagb-image__figure img,.wp-block-uagb-image--effect-zoomin .wp-block-uagb-image__figure .wp-block-uagb-image--layout-overlay__color-wrapper{transform:scale(1);transition:transform 0.35s ease-in-out}.wp-block-uagb-image--effect-zoomin .wp-block-uagb-image__figure:hover img,.wp-block-uagb-image--effect-zoomin .wp-block-uagb-image__figure:hover .wp-block-uagb-image--layout-overlay__color-wrapper{transform:scale(1.05)}.wp-block-uagb-image--effect-slide .wp-block-uagb-image__figure img,.wp-block-uagb-image--effect-slide .wp-block-uagb-image__figure .wp-block-uagb-image--layout-overlay__color-wrapper{width:calc(100% + 40px) !important;max-width:none !important;transform:translate3d(-40px, 0, 0);transition:transform 0.35s ease-in-out}.wp-block-uagb-image--effect-slide .wp-block-uagb-image__figure:hover img,.wp-block-uagb-image--effect-slide .wp-block-uagb-image__figure:hover .wp-block-uagb-image--layout-overlay__color-wrapper{transform:translate3d(0, 0, 0)}.wp-block-uagb-image--effect-grayscale img{filter:grayscale(0%);transition:0.35s ease-in-out}.wp-block-uagb-image--effect-grayscale:hover img{filter:grayscale(100%)}.wp-block-uagb-image--effect-blur img{filter:blur(0);transition:0.35s ease-in-out}.wp-block-uagb-image--effect-blur:hover img{filter:blur(3px)}\n.uagb-block-e6f939b3.wp-block-uagb-image--layout-default figure img{box-shadow: 0px 0px 0 #00000070;}.uagb-block-e6f939b3.wp-block-uagb-image .wp-block-uagb-image__figure figcaption{font-style: normal;align-self: center;}.uagb-block-e6f939b3.wp-block-uagb-image--layout-overlay figure img{box-shadow: 0px 0px 0 #00000070;}.uagb-block-e6f939b3.wp-block-uagb-image--layout-overlay .wp-block-uagb-image--layout-overlay__color-wrapper{opacity: 0.2;}.uagb-block-e6f939b3.wp-block-uagb-image--layout-overlay .wp-block-uagb-image--layout-overlay__inner{left: 15px;right: 15px;top: 15px;bottom: 15px;}.uagb-block-e6f939b3.wp-block-uagb-image--layout-overlay .wp-block-uagb-image--layout-overlay__inner .uagb-image-heading{font-style: normal;color: #fff;opacity: 1;}.uagb-block-e6f939b3.wp-block-uagb-image--layout-overlay .wp-block-uagb-image--layout-overlay__inner .uagb-image-heading a{color: #fff;}.uagb-block-e6f939b3.wp-block-uagb-image--layout-overlay .wp-block-uagb-image--layout-overlay__inner .uagb-image-caption{opacity: 0;}.uagb-block-e6f939b3.wp-block-uagb-image--layout-overlay .wp-block-uagb-image__figure:hover .wp-block-uagb-image--layout-overlay__color-wrapper{opacity: 1;}.uagb-block-e6f939b3.wp-block-uagb-image .wp-block-uagb-image--layout-overlay__inner .uagb-image-separator{width: 30%;border-top-width: 2px;border-top-color: #fff;opacity: 0;}.uagb-block-e6f939b3.wp-block-uagb-image .wp-block-uagb-image__figure img{width: px;height: auto;}.uagb-block-e6f939b3.wp-block-uagb-image .wp-block-uagb-image__figure:hover .wp-block-uagb-image--layout-overlay__inner .uagb-image-caption{opacity: 1;}.uagb-block-e6f939b3.wp-block-uagb-image .wp-block-uagb-image__figure:hover .wp-block-uagb-image--layout-overlay__inner .uagb-image-separator{opacity: 1;}.uagb-block-e6f939b3.wp-block-uagb-image--layout-default figure:hover img{box-shadow: 0px 0px 0 #00000070;}.uagb-block-e6f939b3.wp-block-uagb-image--layout-overlay figure:hover img{box-shadow: 0px 0px 0 #00000070;}@media only screen and (max-width: 976px) {.uagb-block-e6f939b3.wp-block-uagb-image .wp-block-uagb-image__figure img{width: px;height: auto;}}@media only screen and (max-width: 767px) {.uagb-block-e6f939b3.wp-block-uagb-image .wp-block-uagb-image__figure img{width: px;height: auto;}}\";s:2:\"js\";s:0:\"\";s:18:\"current_block_list\";a:13:{i:0;s:11:\"core\/search\";i:1;s:10:\"core\/group\";i:2;s:12:\"core\/heading\";i:3;s:17:\"core\/latest-posts\";i:4;s:20:\"core\/latest-comments\";i:5;s:13:\"core\/archives\";i:6;s:15:\"core\/categories\";i:7;s:14:\"core\/paragraph\";i:8;s:10:\"uagb\/image\";i:9;s:11:\"core\/spacer\";i:10;s:30:\"woocommerce\/product-categories\";i:11;s:10:\"core\/image\";i:12;s:14:\"core\/shortcode\";}s:8:\"uag_flag\";b:1;s:11:\"uag_version\";s:10:\"1776382746\";s:6:\"gfonts\";a:0:{}s:10:\"gfonts_url\";s:0:\"\";s:12:\"gfonts_files\";a:0:{}s:14:\"uag_faq_layout\";b:0;}"]},"uagb_featured_image_src":{"full":["https:\/\/www.oleaia.com\/wp-content\/uploads\/2025\/08\/Oleaia-Frankincense-Oil-1L.jpg",2560,2560,false],"thumbnail":["https:\/\/www.oleaia.com\/wp-content\/uploads\/2025\/08\/Oleaia-Frankincense-Oil-1L-150x150.jpg",150,150,true],"medium":["https:\/\/www.oleaia.com\/wp-content\/uploads\/2025\/08\/Oleaia-Frankincense-Oil-1L-300x300.jpg",300,300,true],"medium_large":["https:\/\/www.oleaia.com\/wp-content\/uploads\/2025\/08\/Oleaia-Frankincense-Oil-1L-768x768.jpg",768,768,true],"large":["https:\/\/www.oleaia.com\/wp-content\/uploads\/2025\/08\/Oleaia-Frankincense-Oil-1L-1024x1024.jpg",1024,1024,true],"1536x1536":["https:\/\/www.oleaia.com\/wp-content\/uploads\/2025\/08\/Oleaia-Frankincense-Oil-1L-1536x1536.jpg",1536,1536,true],"2048x2048":["https:\/\/www.oleaia.com\/wp-content\/uploads\/2025\/08\/Oleaia-Frankincense-Oil-1L-2048x2048.jpg",2048,2048,true],"trp-custom-language-flag":["https:\/\/www.oleaia.com\/wp-content\/uploads\/2025\/08\/Oleaia-Frankincense-Oil-1L-12x12.jpg",12,12,true],"woocommerce_thumbnail":["https:\/\/www.oleaia.com\/wp-content\/uploads\/2025\/08\/Oleaia-Frankincense-Oil-1L-300x300.jpg",300,300,true],"woocommerce_single":["https:\/\/www.oleaia.com\/wp-content\/uploads\/2025\/08\/Oleaia-Frankincense-Oil-1L-600x600.jpg",600,600,true],"woocommerce_gallery_thumbnail":["https:\/\/www.oleaia.com\/wp-content\/uploads\/2025\/08\/Oleaia-Frankincense-Oil-1L-100x100.jpg",100,100,true]},"uagb_author_info":{"display_name":"admin","author_link":"https:\/\/www.oleaia.com\/lv\/author\/"},"uagb_comment_info":0,"uagb_excerpt":"Unmatched effectiveness for skin rejuvenation and overall wellness. Frankincense oil is the most effective natural solution for promoting smoother-looking skin, improving the appearance of firmness, and supporting a revitalized complexion. Traditionally revered in ancient wellness practices, it helps refine skin texture, enhance radiance, and contribute to a balanced and youthful appearance with consistent use. The&hellip;","_links":{"self":[{"href":"https:\/\/www.oleaia.com\/lv\/wp-json\/wp\/v2\/product\/23545","targetHints":{"allow":["GET"]}}],"collection":[{"href":"https:\/\/www.oleaia.com\/lv\/wp-json\/wp\/v2\/product"}],"about":[{"href":"https:\/\/www.oleaia.com\/lv\/wp-json\/wp\/v2\/types\/product"}],"replies":[{"embeddable":true,"href":"https:\/\/www.oleaia.com\/lv\/wp-json\/wp\/v2\/comments?post=23545"}],"version-history":[{"count":5,"href":"https:\/\/www.oleaia.com\/lv\/wp-json\/wp\/v2\/product\/23545\/revisions"}],"predecessor-version":[{"id":80790,"href":"https:\/\/www.oleaia.com\/lv\/wp-json\/wp\/v2\/product\/23545\/revisions\/80790"}],"wp:featuredmedia":[{"embeddable":true,"href":"https:\/\/www.oleaia.com\/lv\/wp-json\/wp\/v2\/media\/23859"}],"wp:attachment":[{"href":"https:\/\/www.oleaia.com\/lv\/wp-json\/wp\/v2\/media?parent=23545"}],"wp:term":[{"taxonomy":"product_brand","embeddable":true,"href":"https:\/\/www.oleaia.com\/lv\/wp-json\/wp\/v2\/product_brand?post=23545"},{"taxonomy":"product_cat","embeddable":true,"href":"https:\/\/www.oleaia.com\/lv\/wp-json\/wp\/v2\/product_cat?post=23545"},{"taxonomy":"product_tag","embeddable":true,"href":"https:\/\/www.oleaia.com\/lv\/wp-json\/wp\/v2\/product_tag?post=23545"}],"curies":[{"name":"wp","href":"https:\/\/api.w.org\/{rel}","templated":true}]}}